{"id":1815,"date":"2025-07-18T20:43:50","date_gmt":"2025-07-18T18:43:50","guid":{"rendered":"http:\/\/192.168.2.106\/index.php\/produkt\/nowy-toner-tn-1090-do-brother-dcp-1622we-hl-1222we-dcp-1623we-xl\/"},"modified":"2025-07-18T20:43:50","modified_gmt":"2025-07-18T18:43:50","slug":"nowy-toner-tn-1090-do-brother-dcp-1622we-hl-1222we-dcp-1623we-xl","status":"publish","type":"product","link":"https:\/\/racom.com.pl\/index.php\/produkt\/nowy-toner-tn-1090-do-brother-dcp-1622we-hl-1222we-dcp-1623we-xl\/","title":{"rendered":"NOWY Toner TN-1090 do Brother DCP-1622WE HL-1222WE DCP-1623WE XL"},"content":{"rendered":"<h2>TONER&nbsp; DO DRUKARKI BROTHER TN-1090<\/h2>\n<ul>\n<li>Kolor: Black &#8211; CZARNY<\/li>\n<li>Wersja PREMIUM XL<\/li>\n<\/ul>\n<p><b>Producent urz\u0105dze\u0144:<\/b> Brother<\/p>\n<p>Czarny: 1 500 stron przy 5% zaczernieniu strony<\/p>\n<p><b>Symbol:<\/b>&nbsp;TN1090<\/p>\n<p>BT-TN1090 BK*E(1500)<\/p>\n<p><b>Tonery zapakowane w fabryczny karton producenta widoczny na zdj\u0119ciu g\u0142\u00f3wnym.<\/b><\/p>\n<p><b>Oferowany model przeznaczony jest do urz\u0105dze\u0144:<\/b><\/p>\n<ul>\n<li>Brother DCP-1622WE<\/li>\n<li>Brother HL-1200<\/li>\n<li>Brother HL-1200E<\/li>\n<li>Brother HL-1202<\/li>\n<li>Brother HL-1202E<\/li>\n<li>Brother HL-1210W<\/li>\n<li>Brother HL-1212<\/li>\n<li>Brother HL-1212E<\/li>\n<li>Brother HL-1222WE<\/li>\n<\/ul>\n<h2>Opis produktu:<\/h2>\n<ul>\n<li>100% nowe ZAMIENNIKI &#8211; NIEREGENEROWANE<\/li>\n<li>posiadaj\u0105 najnowszy CHIP<\/li>\n<li>hermetycznie zafoliowane<\/li>\n<li>kompatybilne w 100%<\/li>\n<li>gotowe do natychmiastowego u\u017cytkowania w drukarce<\/li>\n<li>posiadaj\u0105ce certyfikat jako\u015bci ISO 9001, ISO 9002<\/li>\n<li>bardzo wysoka wydajno\u015bci pokrycia i jako\u015b\u0107&nbsp;<\/li>\n<\/ul>\n","protected":false},"excerpt":{"rendered":"<p>TONER&nbsp; DO DRUKARKI BROTHER TN-1090 Kolor: Black &#8211; CZARNY Wersja PREMIUM XL Producent urz\u0105dze\u0144: Brother Czarny: 1 500 stron przy 5% zaczernieniu strony Symbol:&nbsp;TN1090 BT-TN1090 BK*E(1500) Tonery zapakowane w fabryczny karton producenta widoczny na zdj\u0119ciu g\u0142\u00f3wnym. Oferowany model przeznaczony jest do urz\u0105dze\u0144: Brother DCP-1622WE Brother HL-1200 Brother HL-1200E Brother HL-1202 Brother HL-1202E Brother HL-1210W Brother [&hellip;]<\/p>\n","protected":false},"featured_media":1818,"comment_status":"open","ping_status":"closed","template":"","meta":[],"product_brand":[],"product_cat":[35],"product_tag":[],"class_list":{"0":"post-1815","1":"product","2":"type-product","3":"status-publish","4":"has-post-thumbnail","6":"product_cat-drukarki-i-skanery","8":"first","9":"instock","10":"taxable","11":"shipping-taxable","12":"purchasable","13":"product-type-simple"},"yoast_head":"<!-- This site is optimized with the Yoast SEO plugin v27.3 - https:\/\/yoast.com\/product\/yoast-seo-wordpress\/ -->\n<title>NOWY Toner TN-1090 do Brother DCP-1622WE HL-1222WE DCP-1623WE XL - Mix Market - Supermarket z wszystkim co potrzeba<\/title>\n<meta name=\"robots\" content=\"index, follow, max-snippet:-1, max-image-preview:large, max-video-preview:-1\" \/>\n<link rel=\"canonical\" href=\"https:\/\/racom.com.pl\/index.php\/produkt\/nowy-toner-tn-1090-do-brother-dcp-1622we-hl-1222we-dcp-1623we-xl\/\" \/>\n<meta property=\"og:locale\" content=\"pl_PL\" \/>\n<meta property=\"og:type\" content=\"article\" \/>\n<meta property=\"og:title\" content=\"NOWY Toner TN-1090 do Brother DCP-1622WE HL-1222WE DCP-1623WE XL - Mix Market - Supermarket z wszystkim co potrzeba\" \/>\n<meta property=\"og:description\" content=\"TONER&nbsp; DO DRUKARKI BROTHER TN-1090 Kolor: Black &#8211; CZARNY Wersja PREMIUM XL Producent urz\u0105dze\u0144: Brother Czarny: 1 500 stron przy 5% zaczernieniu strony Symbol:&nbsp;TN1090 BT-TN1090 BK*E(1500) Tonery zapakowane w fabryczny karton producenta widoczny na zdj\u0119ciu g\u0142\u00f3wnym. Oferowany model przeznaczony jest do urz\u0105dze\u0144: Brother DCP-1622WE Brother HL-1200 Brother HL-1200E Brother HL-1202 Brother HL-1202E Brother HL-1210W Brother [&hellip;]\" \/>\n<meta property=\"og:url\" content=\"https:\/\/racom.com.pl\/index.php\/produkt\/nowy-toner-tn-1090-do-brother-dcp-1622we-hl-1222we-dcp-1623we-xl\/\" \/>\n<meta property=\"og:site_name\" content=\"Mix Market - Supermarket z wszystkim co potrzeba\" \/>\n<meta property=\"og:image\" content=\"https:\/\/racom.com.pl\/wp-content\/uploads\/2025\/07\/allegro_687a960f805a50.63298318_eee02cdb4fb5b1eb7cf382c78c80.jpg\" \/>\n\t<meta property=\"og:image:width\" content=\"571\" \/>\n\t<meta property=\"og:image:height\" content=\"312\" \/>\n\t<meta property=\"og:image:type\" content=\"image\/jpeg\" \/>\n<meta name=\"twitter:card\" content=\"summary_large_image\" \/>\n<script type=\"application\/ld+json\" class=\"yoast-schema-graph\">{\"@context\":\"https:\\\/\\\/schema.org\",\"@graph\":[{\"@type\":\"WebPage\",\"@id\":\"https:\\\/\\\/racom.com.pl\\\/index.php\\\/produkt\\\/nowy-toner-tn-1090-do-brother-dcp-1622we-hl-1222we-dcp-1623we-xl\\\/\",\"url\":\"https:\\\/\\\/racom.com.pl\\\/index.php\\\/produkt\\\/nowy-toner-tn-1090-do-brother-dcp-1622we-hl-1222we-dcp-1623we-xl\\\/\",\"name\":\"NOWY Toner TN-1090 do Brother DCP-1622WE HL-1222WE DCP-1623WE XL - Mix Market - Supermarket z wszystkim co potrzeba\",\"isPartOf\":{\"@id\":\"https:\\\/\\\/racom.com.pl\\\/#website\"},\"primaryImageOfPage\":{\"@id\":\"https:\\\/\\\/racom.com.pl\\\/index.php\\\/produkt\\\/nowy-toner-tn-1090-do-brother-dcp-1622we-hl-1222we-dcp-1623we-xl\\\/#primaryimage\"},\"image\":{\"@id\":\"https:\\\/\\\/racom.com.pl\\\/index.php\\\/produkt\\\/nowy-toner-tn-1090-do-brother-dcp-1622we-hl-1222we-dcp-1623we-xl\\\/#primaryimage\"},\"thumbnailUrl\":\"https:\\\/\\\/racom.com.pl\\\/wp-content\\\/uploads\\\/2025\\\/07\\\/allegro_687a960f805a50.63298318_eee02cdb4fb5b1eb7cf382c78c80.jpg\",\"datePublished\":\"2025-07-18T18:43:50+00:00\",\"breadcrumb\":{\"@id\":\"https:\\\/\\\/racom.com.pl\\\/index.php\\\/produkt\\\/nowy-toner-tn-1090-do-brother-dcp-1622we-hl-1222we-dcp-1623we-xl\\\/#breadcrumb\"},\"inLanguage\":\"pl-PL\",\"potentialAction\":[{\"@type\":\"ReadAction\",\"target\":[\"https:\\\/\\\/racom.com.pl\\\/index.php\\\/produkt\\\/nowy-toner-tn-1090-do-brother-dcp-1622we-hl-1222we-dcp-1623we-xl\\\/\"]}]},{\"@type\":\"ImageObject\",\"inLanguage\":\"pl-PL\",\"@id\":\"https:\\\/\\\/racom.com.pl\\\/index.php\\\/produkt\\\/nowy-toner-tn-1090-do-brother-dcp-1622we-hl-1222we-dcp-1623we-xl\\\/#primaryimage\",\"url\":\"https:\\\/\\\/racom.com.pl\\\/wp-content\\\/uploads\\\/2025\\\/07\\\/allegro_687a960f805a50.63298318_eee02cdb4fb5b1eb7cf382c78c80.jpg\",\"contentUrl\":\"https:\\\/\\\/racom.com.pl\\\/wp-content\\\/uploads\\\/2025\\\/07\\\/allegro_687a960f805a50.63298318_eee02cdb4fb5b1eb7cf382c78c80.jpg\",\"width\":571,\"height\":312},{\"@type\":\"BreadcrumbList\",\"@id\":\"https:\\\/\\\/racom.com.pl\\\/index.php\\\/produkt\\\/nowy-toner-tn-1090-do-brother-dcp-1622we-hl-1222we-dcp-1623we-xl\\\/#breadcrumb\",\"itemListElement\":[{\"@type\":\"ListItem\",\"position\":1,\"name\":\"Strona g\u0142\u00f3wna\",\"item\":\"https:\\\/\\\/racom.com.pl\\\/\"},{\"@type\":\"ListItem\",\"position\":2,\"name\":\"Sklep\",\"item\":\"https:\\\/\\\/racom.com.pl\\\/\"},{\"@type\":\"ListItem\",\"position\":3,\"name\":\"NOWY Toner TN-1090 do Brother DCP-1622WE HL-1222WE DCP-1623WE XL\"}]},{\"@type\":\"WebSite\",\"@id\":\"https:\\\/\\\/racom.com.pl\\\/#website\",\"url\":\"https:\\\/\\\/racom.com.pl\\\/\",\"name\":\"Mix Market - Supermarket z wszystkim co potrzeba do domu i nie tylko\",\"description\":\"\",\"publisher\":{\"@id\":\"https:\\\/\\\/racom.com.pl\\\/#organization\"},\"potentialAction\":[{\"@type\":\"SearchAction\",\"target\":{\"@type\":\"EntryPoint\",\"urlTemplate\":\"https:\\\/\\\/racom.com.pl\\\/?s={search_term_string}\"},\"query-input\":{\"@type\":\"PropertyValueSpecification\",\"valueRequired\":true,\"valueName\":\"search_term_string\"}}],\"inLanguage\":\"pl-PL\"},{\"@type\":\"Organization\",\"@id\":\"https:\\\/\\\/racom.com.pl\\\/#organization\",\"name\":\"Mix Market - Supermarket z wszystkim co potrzeba do domu i nie tylko\",\"url\":\"https:\\\/\\\/racom.com.pl\\\/\",\"logo\":{\"@type\":\"ImageObject\",\"inLanguage\":\"pl-PL\",\"@id\":\"https:\\\/\\\/racom.com.pl\\\/#\\\/schema\\\/logo\\\/image\\\/\",\"url\":\"https:\\\/\\\/racom.com.pl\\\/wp-content\\\/uploads\\\/2025\\\/07\\\/mixmarket_logo.png\",\"contentUrl\":\"https:\\\/\\\/racom.com.pl\\\/wp-content\\\/uploads\\\/2025\\\/07\\\/mixmarket_logo.png\",\"width\":1024,\"height\":1024,\"caption\":\"Mix Market - Supermarket z wszystkim co potrzeba do domu i nie tylko\"},\"image\":{\"@id\":\"https:\\\/\\\/racom.com.pl\\\/#\\\/schema\\\/logo\\\/image\\\/\"}}]}<\/script>\n<!-- \/ Yoast SEO plugin. -->","yoast_head_json":{"title":"NOWY Toner TN-1090 do Brother DCP-1622WE HL-1222WE DCP-1623WE XL - Mix Market - Supermarket z wszystkim co potrzeba","robots":{"index":"index","follow":"follow","max-snippet":"max-snippet:-1","max-image-preview":"max-image-preview:large","max-video-preview":"max-video-preview:-1"},"canonical":"https:\/\/racom.com.pl\/index.php\/produkt\/nowy-toner-tn-1090-do-brother-dcp-1622we-hl-1222we-dcp-1623we-xl\/","og_locale":"pl_PL","og_type":"article","og_title":"NOWY Toner TN-1090 do Brother DCP-1622WE HL-1222WE DCP-1623WE XL - Mix Market - Supermarket z wszystkim co potrzeba","og_description":"TONER&nbsp; DO DRUKARKI BROTHER TN-1090 Kolor: Black &#8211; CZARNY Wersja PREMIUM XL Producent urz\u0105dze\u0144: Brother Czarny: 1 500 stron przy 5% zaczernieniu strony Symbol:&nbsp;TN1090 BT-TN1090 BK*E(1500) Tonery zapakowane w fabryczny karton producenta widoczny na zdj\u0119ciu g\u0142\u00f3wnym. Oferowany model przeznaczony jest do urz\u0105dze\u0144: Brother DCP-1622WE Brother HL-1200 Brother HL-1200E Brother HL-1202 Brother HL-1202E Brother HL-1210W Brother [&hellip;]","og_url":"https:\/\/racom.com.pl\/index.php\/produkt\/nowy-toner-tn-1090-do-brother-dcp-1622we-hl-1222we-dcp-1623we-xl\/","og_site_name":"Mix Market - Supermarket z wszystkim co potrzeba","og_image":[{"width":571,"height":312,"url":"https:\/\/racom.com.pl\/wp-content\/uploads\/2025\/07\/allegro_687a960f805a50.63298318_eee02cdb4fb5b1eb7cf382c78c80.jpg","type":"image\/jpeg"}],"twitter_card":"summary_large_image","schema":{"@context":"https:\/\/schema.org","@graph":[{"@type":"WebPage","@id":"https:\/\/racom.com.pl\/index.php\/produkt\/nowy-toner-tn-1090-do-brother-dcp-1622we-hl-1222we-dcp-1623we-xl\/","url":"https:\/\/racom.com.pl\/index.php\/produkt\/nowy-toner-tn-1090-do-brother-dcp-1622we-hl-1222we-dcp-1623we-xl\/","name":"NOWY Toner TN-1090 do Brother DCP-1622WE HL-1222WE DCP-1623WE XL - Mix Market - Supermarket z wszystkim co potrzeba","isPartOf":{"@id":"https:\/\/racom.com.pl\/#website"},"primaryImageOfPage":{"@id":"https:\/\/racom.com.pl\/index.php\/produkt\/nowy-toner-tn-1090-do-brother-dcp-1622we-hl-1222we-dcp-1623we-xl\/#primaryimage"},"image":{"@id":"https:\/\/racom.com.pl\/index.php\/produkt\/nowy-toner-tn-1090-do-brother-dcp-1622we-hl-1222we-dcp-1623we-xl\/#primaryimage"},"thumbnailUrl":"https:\/\/racom.com.pl\/wp-content\/uploads\/2025\/07\/allegro_687a960f805a50.63298318_eee02cdb4fb5b1eb7cf382c78c80.jpg","datePublished":"2025-07-18T18:43:50+00:00","breadcrumb":{"@id":"https:\/\/racom.com.pl\/index.php\/produkt\/nowy-toner-tn-1090-do-brother-dcp-1622we-hl-1222we-dcp-1623we-xl\/#breadcrumb"},"inLanguage":"pl-PL","potentialAction":[{"@type":"ReadAction","target":["https:\/\/racom.com.pl\/index.php\/produkt\/nowy-toner-tn-1090-do-brother-dcp-1622we-hl-1222we-dcp-1623we-xl\/"]}]},{"@type":"ImageObject","inLanguage":"pl-PL","@id":"https:\/\/racom.com.pl\/index.php\/produkt\/nowy-toner-tn-1090-do-brother-dcp-1622we-hl-1222we-dcp-1623we-xl\/#primaryimage","url":"https:\/\/racom.com.pl\/wp-content\/uploads\/2025\/07\/allegro_687a960f805a50.63298318_eee02cdb4fb5b1eb7cf382c78c80.jpg","contentUrl":"https:\/\/racom.com.pl\/wp-content\/uploads\/2025\/07\/allegro_687a960f805a50.63298318_eee02cdb4fb5b1eb7cf382c78c80.jpg","width":571,"height":312},{"@type":"BreadcrumbList","@id":"https:\/\/racom.com.pl\/index.php\/produkt\/nowy-toner-tn-1090-do-brother-dcp-1622we-hl-1222we-dcp-1623we-xl\/#breadcrumb","itemListElement":[{"@type":"ListItem","position":1,"name":"Strona g\u0142\u00f3wna","item":"https:\/\/racom.com.pl\/"},{"@type":"ListItem","position":2,"name":"Sklep","item":"https:\/\/racom.com.pl\/"},{"@type":"ListItem","position":3,"name":"NOWY Toner TN-1090 do Brother DCP-1622WE HL-1222WE DCP-1623WE XL"}]},{"@type":"WebSite","@id":"https:\/\/racom.com.pl\/#website","url":"https:\/\/racom.com.pl\/","name":"Mix Market - Supermarket z wszystkim co potrzeba do domu i nie tylko","description":"","publisher":{"@id":"https:\/\/racom.com.pl\/#organization"},"potentialAction":[{"@type":"SearchAction","target":{"@type":"EntryPoint","urlTemplate":"https:\/\/racom.com.pl\/?s={search_term_string}"},"query-input":{"@type":"PropertyValueSpecification","valueRequired":true,"valueName":"search_term_string"}}],"inLanguage":"pl-PL"},{"@type":"Organization","@id":"https:\/\/racom.com.pl\/#organization","name":"Mix Market - Supermarket z wszystkim co potrzeba do domu i nie tylko","url":"https:\/\/racom.com.pl\/","logo":{"@type":"ImageObject","inLanguage":"pl-PL","@id":"https:\/\/racom.com.pl\/#\/schema\/logo\/image\/","url":"https:\/\/racom.com.pl\/wp-content\/uploads\/2025\/07\/mixmarket_logo.png","contentUrl":"https:\/\/racom.com.pl\/wp-content\/uploads\/2025\/07\/mixmarket_logo.png","width":1024,"height":1024,"caption":"Mix Market - Supermarket z wszystkim co potrzeba do domu i nie tylko"},"image":{"@id":"https:\/\/racom.com.pl\/#\/schema\/logo\/image\/"}}]}},"_links":{"self":[{"href":"https:\/\/racom.com.pl\/index.php\/wp-json\/wp\/v2\/product\/1815","targetHints":{"allow":["GET"]}}],"collection":[{"href":"https:\/\/racom.com.pl\/index.php\/wp-json\/wp\/v2\/product"}],"about":[{"href":"https:\/\/racom.com.pl\/index.php\/wp-json\/wp\/v2\/types\/product"}],"replies":[{"embeddable":true,"href":"https:\/\/racom.com.pl\/index.php\/wp-json\/wp\/v2\/comments?post=1815"}],"wp:featuredmedia":[{"embeddable":true,"href":"https:\/\/racom.com.pl\/index.php\/wp-json\/wp\/v2\/media\/1818"}],"wp:attachment":[{"href":"https:\/\/racom.com.pl\/index.php\/wp-json\/wp\/v2\/media?parent=1815"}],"wp:term":[{"taxonomy":"product_brand","embeddable":true,"href":"https:\/\/racom.com.pl\/index.php\/wp-json\/wp\/v2\/product_brand?post=1815"},{"taxonomy":"product_cat","embeddable":true,"href":"https:\/\/racom.com.pl\/index.php\/wp-json\/wp\/v2\/product_cat?post=1815"},{"taxonomy":"product_tag","embeddable":true,"href":"https:\/\/racom.com.pl\/index.php\/wp-json\/wp\/v2\/product_tag?post=1815"}],"curies":[{"name":"wp","href":"https:\/\/api.w.org\/{rel}","templated":true}]}}