{"id":1819,"date":"2025-07-18T20:44:41","date_gmt":"2025-07-18T18:44:41","guid":{"rendered":"http:\/\/192.168.2.106\/index.php\/produkt\/drukarka-wielofunkcyjna-atramentowa-kolor-canon-pixma-mg2551s-bez-tuszy\/"},"modified":"2025-07-18T20:44:41","modified_gmt":"2025-07-18T18:44:41","slug":"drukarka-wielofunkcyjna-atramentowa-kolor-canon-pixma-mg2551s-bez-tuszy","status":"publish","type":"product","link":"https:\/\/racom.com.pl\/index.php\/produkt\/drukarka-wielofunkcyjna-atramentowa-kolor-canon-pixma-mg2551s-bez-tuszy\/","title":{"rendered":"Drukarka wielofunkcyjna atramentowa (kolor) Canon PIXMA MG2551S Bez Tuszy"},"content":{"rendered":"<h2>Drukarka Canon PIXMA MG2551S wielofunkcyjna atramentowa kolorowa<\/h2>\n<p>Drukarka nie posiada tuszy w zestawie. Nale\u017cy dokupi\u0107 osobno.<\/p>\n<ul>\n<li><b>Producent:<\/b> Canon<\/li>\n<li><b>Typ:<\/b> urz\u0105dzenie wielofunkcyjne<\/li>\n<li><b>Zasilanie:<\/b> sieciowe<\/li>\n<li><b>Funkcje:<\/b> drukowanie, kopiowanie, skanowanie<\/li>\n<li><b>technologia druku:<\/b> atramentowa<\/li>\n<li><b>Rodzaj:<\/b> kolorowa<\/li>\n<li><b>Rozmiar no\u015bnika:<\/b> A4<\/li>\n<li><b>rozdzielczo\u015b\u0107 druku w czerni:<\/b> 4800 x 600 dpi<\/li>\n<li><b>rozdzielczo\u015b\u0107 druku w kolorze:<\/b> 4800 x 600 dpi<\/li>\n<li><b>maks. szybko\u015b\u0107 druku mono:<\/b> 8 str.\/min.<\/li>\n<li><b>maks. szybko\u015b\u0107 druku kolor:<\/b> 4 str.\/min.<\/li>\n<li><b>typ skanera:<\/b> CIS (p\u0142aski | kolorowy)<\/li>\n<li><b>rozdzielczo\u015b\u0107 skanera:<\/b> 600 x 1200 dpi<\/li>\n<li><b>Maks. format skanu:<\/b> A4<\/li>\n<li><b>obszar skanowania:<\/b> 216 x 297 mm<\/li>\n<li><b>szybko\u015b\u0107 skanowania arkuszy A4:<\/b> 14 s<\/li>\n<li><b>maksymalne wielokrotne kopiowanie:<\/b> 21 kopii<\/li>\n<li><b>gramatura papieru:<\/b> papier zwyk\u0142y: 64\u2013105 g\/m2 | papier fotograficzny: maks. 275 g\/m2<\/li>\n<li><b>interfejs:<\/b> USB 2.0<\/li>\n<li><b>szeroko\u015b\u0107:<\/b> 426 mm<\/li>\n<li><b>g\u0142\u0119boko\u015b\u0107:<\/b> 306 mm<\/li>\n<li><b>wysoko\u015b\u0107:<\/b> 145 mm<\/li>\n<li><b>waga:<\/b> 3.5 kg<\/li>\n<li><b>Przew\u00f3d do po\u0142\u0105czenia z komputerem w zestawie:<\/b> brak<\/li>\n<li><b>Nazwa produktu:<\/b> Canon PIXMA MG2551S<\/li>\n<\/ul>\n","protected":false},"excerpt":{"rendered":"<p>Drukarka Canon PIXMA MG2551S wielofunkcyjna atramentowa kolorowa Drukarka nie posiada tuszy w zestawie. Nale\u017cy dokupi\u0107 osobno. Producent: Canon Typ: urz\u0105dzenie wielofunkcyjne Zasilanie: sieciowe Funkcje: drukowanie, kopiowanie, skanowanie technologia druku: atramentowa Rodzaj: kolorowa Rozmiar no\u015bnika: A4 rozdzielczo\u015b\u0107 druku w czerni: 4800 x 600 dpi rozdzielczo\u015b\u0107 druku w kolorze: 4800 x 600 dpi maks. szybko\u015b\u0107 druku mono: [&hellip;]<\/p>\n","protected":false},"featured_media":1822,"comment_status":"open","ping_status":"closed","template":"","meta":[],"product_brand":[105],"product_cat":[35],"product_tag":[],"class_list":{"0":"post-1819","1":"product","2":"type-product","3":"status-publish","4":"has-post-thumbnail","6":"product_brand-canon","7":"product_cat-drukarki-i-skanery","9":"first","10":"instock","11":"taxable","12":"shipping-taxable","13":"purchasable","14":"product-type-simple"},"yoast_head":"<!-- This site is optimized with the Yoast SEO plugin v27.3 - https:\/\/yoast.com\/product\/yoast-seo-wordpress\/ -->\n<title>Drukarka wielofunkcyjna atramentowa (kolor) Canon PIXMA MG2551S Bez Tuszy - Mix Market - Supermarket z wszystkim co potrzeba<\/title>\n<meta name=\"robots\" content=\"index, follow, max-snippet:-1, max-image-preview:large, max-video-preview:-1\" \/>\n<link rel=\"canonical\" href=\"https:\/\/racom.com.pl\/index.php\/produkt\/drukarka-wielofunkcyjna-atramentowa-kolor-canon-pixma-mg2551s-bez-tuszy\/\" \/>\n<meta property=\"og:locale\" content=\"pl_PL\" \/>\n<meta property=\"og:type\" content=\"article\" \/>\n<meta property=\"og:title\" content=\"Drukarka wielofunkcyjna atramentowa (kolor) Canon PIXMA MG2551S Bez Tuszy - Mix Market - Supermarket z wszystkim co potrzeba\" \/>\n<meta property=\"og:description\" content=\"Drukarka Canon PIXMA MG2551S wielofunkcyjna atramentowa kolorowa Drukarka nie posiada tuszy w zestawie. Nale\u017cy dokupi\u0107 osobno. Producent: Canon Typ: urz\u0105dzenie wielofunkcyjne Zasilanie: sieciowe Funkcje: drukowanie, kopiowanie, skanowanie technologia druku: atramentowa Rodzaj: kolorowa Rozmiar no\u015bnika: A4 rozdzielczo\u015b\u0107 druku w czerni: 4800 x 600 dpi rozdzielczo\u015b\u0107 druku w kolorze: 4800 x 600 dpi maks. szybko\u015b\u0107 druku mono: [&hellip;]\" \/>\n<meta property=\"og:url\" content=\"https:\/\/racom.com.pl\/index.php\/produkt\/drukarka-wielofunkcyjna-atramentowa-kolor-canon-pixma-mg2551s-bez-tuszy\/\" \/>\n<meta property=\"og:site_name\" content=\"Mix Market - Supermarket z wszystkim co potrzeba\" \/>\n<meta property=\"og:image\" content=\"https:\/\/racom.com.pl\/wp-content\/uploads\/2025\/07\/allegro_687a9639734a51.16018811_25af1a8844a9902d7a04e3d9908f.jpg\" \/>\n\t<meta property=\"og:image:width\" content=\"644\" \/>\n\t<meta property=\"og:image:height\" content=\"418\" \/>\n\t<meta property=\"og:image:type\" content=\"image\/jpeg\" \/>\n<meta name=\"twitter:card\" content=\"summary_large_image\" \/>\n<meta name=\"twitter:label1\" content=\"Szacowany czas czytania\" \/>\n\t<meta name=\"twitter:data1\" content=\"1 minuta\" \/>\n<script type=\"application\/ld+json\" class=\"yoast-schema-graph\">{\"@context\":\"https:\\\/\\\/schema.org\",\"@graph\":[{\"@type\":\"WebPage\",\"@id\":\"https:\\\/\\\/racom.com.pl\\\/index.php\\\/produkt\\\/drukarka-wielofunkcyjna-atramentowa-kolor-canon-pixma-mg2551s-bez-tuszy\\\/\",\"url\":\"https:\\\/\\\/racom.com.pl\\\/index.php\\\/produkt\\\/drukarka-wielofunkcyjna-atramentowa-kolor-canon-pixma-mg2551s-bez-tuszy\\\/\",\"name\":\"Drukarka wielofunkcyjna atramentowa (kolor) Canon PIXMA MG2551S Bez Tuszy - Mix Market - Supermarket z wszystkim co potrzeba\",\"isPartOf\":{\"@id\":\"https:\\\/\\\/racom.com.pl\\\/#website\"},\"primaryImageOfPage\":{\"@id\":\"https:\\\/\\\/racom.com.pl\\\/index.php\\\/produkt\\\/drukarka-wielofunkcyjna-atramentowa-kolor-canon-pixma-mg2551s-bez-tuszy\\\/#primaryimage\"},\"image\":{\"@id\":\"https:\\\/\\\/racom.com.pl\\\/index.php\\\/produkt\\\/drukarka-wielofunkcyjna-atramentowa-kolor-canon-pixma-mg2551s-bez-tuszy\\\/#primaryimage\"},\"thumbnailUrl\":\"https:\\\/\\\/racom.com.pl\\\/wp-content\\\/uploads\\\/2025\\\/07\\\/allegro_687a9639734a51.16018811_25af1a8844a9902d7a04e3d9908f.jpg\",\"datePublished\":\"2025-07-18T18:44:41+00:00\",\"breadcrumb\":{\"@id\":\"https:\\\/\\\/racom.com.pl\\\/index.php\\\/produkt\\\/drukarka-wielofunkcyjna-atramentowa-kolor-canon-pixma-mg2551s-bez-tuszy\\\/#breadcrumb\"},\"inLanguage\":\"pl-PL\",\"potentialAction\":[{\"@type\":\"ReadAction\",\"target\":[\"https:\\\/\\\/racom.com.pl\\\/index.php\\\/produkt\\\/drukarka-wielofunkcyjna-atramentowa-kolor-canon-pixma-mg2551s-bez-tuszy\\\/\"]}]},{\"@type\":\"ImageObject\",\"inLanguage\":\"pl-PL\",\"@id\":\"https:\\\/\\\/racom.com.pl\\\/index.php\\\/produkt\\\/drukarka-wielofunkcyjna-atramentowa-kolor-canon-pixma-mg2551s-bez-tuszy\\\/#primaryimage\",\"url\":\"https:\\\/\\\/racom.com.pl\\\/wp-content\\\/uploads\\\/2025\\\/07\\\/allegro_687a9639734a51.16018811_25af1a8844a9902d7a04e3d9908f.jpg\",\"contentUrl\":\"https:\\\/\\\/racom.com.pl\\\/wp-content\\\/uploads\\\/2025\\\/07\\\/allegro_687a9639734a51.16018811_25af1a8844a9902d7a04e3d9908f.jpg\",\"width\":644,\"height\":418},{\"@type\":\"BreadcrumbList\",\"@id\":\"https:\\\/\\\/racom.com.pl\\\/index.php\\\/produkt\\\/drukarka-wielofunkcyjna-atramentowa-kolor-canon-pixma-mg2551s-bez-tuszy\\\/#breadcrumb\",\"itemListElement\":[{\"@type\":\"ListItem\",\"position\":1,\"name\":\"Strona g\u0142\u00f3wna\",\"item\":\"https:\\\/\\\/racom.com.pl\\\/\"},{\"@type\":\"ListItem\",\"position\":2,\"name\":\"Sklep\",\"item\":\"https:\\\/\\\/racom.com.pl\\\/\"},{\"@type\":\"ListItem\",\"position\":3,\"name\":\"Drukarka wielofunkcyjna atramentowa (kolor) Canon PIXMA MG2551S Bez Tuszy\"}]},{\"@type\":\"WebSite\",\"@id\":\"https:\\\/\\\/racom.com.pl\\\/#website\",\"url\":\"https:\\\/\\\/racom.com.pl\\\/\",\"name\":\"Mix Market - Supermarket z wszystkim co potrzeba do domu i nie tylko\",\"description\":\"\",\"publisher\":{\"@id\":\"https:\\\/\\\/racom.com.pl\\\/#organization\"},\"potentialAction\":[{\"@type\":\"SearchAction\",\"target\":{\"@type\":\"EntryPoint\",\"urlTemplate\":\"https:\\\/\\\/racom.com.pl\\\/?s={search_term_string}\"},\"query-input\":{\"@type\":\"PropertyValueSpecification\",\"valueRequired\":true,\"valueName\":\"search_term_string\"}}],\"inLanguage\":\"pl-PL\"},{\"@type\":\"Organization\",\"@id\":\"https:\\\/\\\/racom.com.pl\\\/#organization\",\"name\":\"Mix Market - Supermarket z wszystkim co potrzeba do domu i nie tylko\",\"url\":\"https:\\\/\\\/racom.com.pl\\\/\",\"logo\":{\"@type\":\"ImageObject\",\"inLanguage\":\"pl-PL\",\"@id\":\"https:\\\/\\\/racom.com.pl\\\/#\\\/schema\\\/logo\\\/image\\\/\",\"url\":\"https:\\\/\\\/racom.com.pl\\\/wp-content\\\/uploads\\\/2025\\\/07\\\/mixmarket_logo.png\",\"contentUrl\":\"https:\\\/\\\/racom.com.pl\\\/wp-content\\\/uploads\\\/2025\\\/07\\\/mixmarket_logo.png\",\"width\":1024,\"height\":1024,\"caption\":\"Mix Market - Supermarket z wszystkim co potrzeba do domu i nie tylko\"},\"image\":{\"@id\":\"https:\\\/\\\/racom.com.pl\\\/#\\\/schema\\\/logo\\\/image\\\/\"}}]}<\/script>\n<!-- \/ Yoast SEO plugin. -->","yoast_head_json":{"title":"Drukarka wielofunkcyjna atramentowa (kolor) Canon PIXMA MG2551S Bez Tuszy - Mix Market - Supermarket z wszystkim co potrzeba","robots":{"index":"index","follow":"follow","max-snippet":"max-snippet:-1","max-image-preview":"max-image-preview:large","max-video-preview":"max-video-preview:-1"},"canonical":"https:\/\/racom.com.pl\/index.php\/produkt\/drukarka-wielofunkcyjna-atramentowa-kolor-canon-pixma-mg2551s-bez-tuszy\/","og_locale":"pl_PL","og_type":"article","og_title":"Drukarka wielofunkcyjna atramentowa (kolor) Canon PIXMA MG2551S Bez Tuszy - Mix Market - Supermarket z wszystkim co potrzeba","og_description":"Drukarka Canon PIXMA MG2551S wielofunkcyjna atramentowa kolorowa Drukarka nie posiada tuszy w zestawie. Nale\u017cy dokupi\u0107 osobno. Producent: Canon Typ: urz\u0105dzenie wielofunkcyjne Zasilanie: sieciowe Funkcje: drukowanie, kopiowanie, skanowanie technologia druku: atramentowa Rodzaj: kolorowa Rozmiar no\u015bnika: A4 rozdzielczo\u015b\u0107 druku w czerni: 4800 x 600 dpi rozdzielczo\u015b\u0107 druku w kolorze: 4800 x 600 dpi maks. szybko\u015b\u0107 druku mono: [&hellip;]","og_url":"https:\/\/racom.com.pl\/index.php\/produkt\/drukarka-wielofunkcyjna-atramentowa-kolor-canon-pixma-mg2551s-bez-tuszy\/","og_site_name":"Mix Market - Supermarket z wszystkim co potrzeba","og_image":[{"width":644,"height":418,"url":"https:\/\/racom.com.pl\/wp-content\/uploads\/2025\/07\/allegro_687a9639734a51.16018811_25af1a8844a9902d7a04e3d9908f.jpg","type":"image\/jpeg"}],"twitter_card":"summary_large_image","twitter_misc":{"Szacowany czas czytania":"1 minuta"},"schema":{"@context":"https:\/\/schema.org","@graph":[{"@type":"WebPage","@id":"https:\/\/racom.com.pl\/index.php\/produkt\/drukarka-wielofunkcyjna-atramentowa-kolor-canon-pixma-mg2551s-bez-tuszy\/","url":"https:\/\/racom.com.pl\/index.php\/produkt\/drukarka-wielofunkcyjna-atramentowa-kolor-canon-pixma-mg2551s-bez-tuszy\/","name":"Drukarka wielofunkcyjna atramentowa (kolor) Canon PIXMA MG2551S Bez Tuszy - Mix Market - Supermarket z wszystkim co potrzeba","isPartOf":{"@id":"https:\/\/racom.com.pl\/#website"},"primaryImageOfPage":{"@id":"https:\/\/racom.com.pl\/index.php\/produkt\/drukarka-wielofunkcyjna-atramentowa-kolor-canon-pixma-mg2551s-bez-tuszy\/#primaryimage"},"image":{"@id":"https:\/\/racom.com.pl\/index.php\/produkt\/drukarka-wielofunkcyjna-atramentowa-kolor-canon-pixma-mg2551s-bez-tuszy\/#primaryimage"},"thumbnailUrl":"https:\/\/racom.com.pl\/wp-content\/uploads\/2025\/07\/allegro_687a9639734a51.16018811_25af1a8844a9902d7a04e3d9908f.jpg","datePublished":"2025-07-18T18:44:41+00:00","breadcrumb":{"@id":"https:\/\/racom.com.pl\/index.php\/produkt\/drukarka-wielofunkcyjna-atramentowa-kolor-canon-pixma-mg2551s-bez-tuszy\/#breadcrumb"},"inLanguage":"pl-PL","potentialAction":[{"@type":"ReadAction","target":["https:\/\/racom.com.pl\/index.php\/produkt\/drukarka-wielofunkcyjna-atramentowa-kolor-canon-pixma-mg2551s-bez-tuszy\/"]}]},{"@type":"ImageObject","inLanguage":"pl-PL","@id":"https:\/\/racom.com.pl\/index.php\/produkt\/drukarka-wielofunkcyjna-atramentowa-kolor-canon-pixma-mg2551s-bez-tuszy\/#primaryimage","url":"https:\/\/racom.com.pl\/wp-content\/uploads\/2025\/07\/allegro_687a9639734a51.16018811_25af1a8844a9902d7a04e3d9908f.jpg","contentUrl":"https:\/\/racom.com.pl\/wp-content\/uploads\/2025\/07\/allegro_687a9639734a51.16018811_25af1a8844a9902d7a04e3d9908f.jpg","width":644,"height":418},{"@type":"BreadcrumbList","@id":"https:\/\/racom.com.pl\/index.php\/produkt\/drukarka-wielofunkcyjna-atramentowa-kolor-canon-pixma-mg2551s-bez-tuszy\/#breadcrumb","itemListElement":[{"@type":"ListItem","position":1,"name":"Strona g\u0142\u00f3wna","item":"https:\/\/racom.com.pl\/"},{"@type":"ListItem","position":2,"name":"Sklep","item":"https:\/\/racom.com.pl\/"},{"@type":"ListItem","position":3,"name":"Drukarka wielofunkcyjna atramentowa (kolor) Canon PIXMA MG2551S Bez Tuszy"}]},{"@type":"WebSite","@id":"https:\/\/racom.com.pl\/#website","url":"https:\/\/racom.com.pl\/","name":"Mix Market - Supermarket z wszystkim co potrzeba do domu i nie tylko","description":"","publisher":{"@id":"https:\/\/racom.com.pl\/#organization"},"potentialAction":[{"@type":"SearchAction","target":{"@type":"EntryPoint","urlTemplate":"https:\/\/racom.com.pl\/?s={search_term_string}"},"query-input":{"@type":"PropertyValueSpecification","valueRequired":true,"valueName":"search_term_string"}}],"inLanguage":"pl-PL"},{"@type":"Organization","@id":"https:\/\/racom.com.pl\/#organization","name":"Mix Market - Supermarket z wszystkim co potrzeba do domu i nie tylko","url":"https:\/\/racom.com.pl\/","logo":{"@type":"ImageObject","inLanguage":"pl-PL","@id":"https:\/\/racom.com.pl\/#\/schema\/logo\/image\/","url":"https:\/\/racom.com.pl\/wp-content\/uploads\/2025\/07\/mixmarket_logo.png","contentUrl":"https:\/\/racom.com.pl\/wp-content\/uploads\/2025\/07\/mixmarket_logo.png","width":1024,"height":1024,"caption":"Mix Market - Supermarket z wszystkim co potrzeba do domu i nie tylko"},"image":{"@id":"https:\/\/racom.com.pl\/#\/schema\/logo\/image\/"}}]}},"_links":{"self":[{"href":"https:\/\/racom.com.pl\/index.php\/wp-json\/wp\/v2\/product\/1819","targetHints":{"allow":["GET"]}}],"collection":[{"href":"https:\/\/racom.com.pl\/index.php\/wp-json\/wp\/v2\/product"}],"about":[{"href":"https:\/\/racom.com.pl\/index.php\/wp-json\/wp\/v2\/types\/product"}],"replies":[{"embeddable":true,"href":"https:\/\/racom.com.pl\/index.php\/wp-json\/wp\/v2\/comments?post=1819"}],"wp:featuredmedia":[{"embeddable":true,"href":"https:\/\/racom.com.pl\/index.php\/wp-json\/wp\/v2\/media\/1822"}],"wp:attachment":[{"href":"https:\/\/racom.com.pl\/index.php\/wp-json\/wp\/v2\/media?parent=1819"}],"wp:term":[{"taxonomy":"product_brand","embeddable":true,"href":"https:\/\/racom.com.pl\/index.php\/wp-json\/wp\/v2\/product_brand?post=1819"},{"taxonomy":"product_cat","embeddable":true,"href":"https:\/\/racom.com.pl\/index.php\/wp-json\/wp\/v2\/product_cat?post=1819"},{"taxonomy":"product_tag","embeddable":true,"href":"https:\/\/racom.com.pl\/index.php\/wp-json\/wp\/v2\/product_tag?post=1819"}],"curies":[{"name":"wp","href":"https:\/\/api.w.org\/{rel}","templated":true}]}}