{"id":1823,"date":"2025-07-18T20:45:28","date_gmt":"2025-07-18T18:45:28","guid":{"rendered":"http:\/\/192.168.2.106\/index.php\/produkt\/soocas-h5-suszarka-do-wlosow-z-jonizacja-cieply-zimny-4-tryby-1800w-2\/"},"modified":"2025-07-18T20:45:28","modified_gmt":"2025-07-18T18:45:28","slug":"soocas-h5-suszarka-do-wlosow-z-jonizacja-cieply-zimny-4-tryby-1800w-2","status":"publish","type":"product","link":"https:\/\/racom.com.pl\/index.php\/produkt\/soocas-h5-suszarka-do-wlosow-z-jonizacja-cieply-zimny-4-tryby-1800w-2\/","title":{"rendered":"Soocas H5 Suszarka do w\u0142os\u00f3w z JONIZACJ\u0104 Ciep\u0142y-Zimny 4-TRYBY 1800W"},"content":{"rendered":"<h2>Soocas H5 Suszarka do w\u0142os\u00f3w z JONIZACJ\u0104 Ciep\u0142y-Zimny 4-TRYBY 1800W<\/h2>\n<p><b>Suszarka do w\u0142os\u00f3w Soocas H5 (czerwona)<\/b><\/p>\n<p><b>Produkt ca\u0142kowicie nowy, nieu\u017cywany, lekko zniszczone opakowanie producenta. St\u0105d ni\u017csza cena.<\/b><\/p>\n<p>Anionowa suszarka SOOCAS H5 wyr\u00f3\u017cnia si\u0119 eleganckim designem, pot\u0119\u017cnym silnikiem o pr\u0119dko\u015bci 20 000 rpm, wysokim, a\u017c 30-milionowym st\u0119\u017ceniem jon\u00f3w ujemnych i wieloma mo\u017cliwo\u015bciami zastosowania \u2013 do\u0142\u0105czone do zestawu akcesoria pozwol\u0105 Ci r\u00f3wnie\u017c na wygodn\u0105 stylizacj\u0119 w\u0142os\u00f3w. Sprawd\u017a, co mo\u017cesz zyska\u0107!<\/p>\n<ul>\n<li><b>Producent:<\/b> Soocas<\/li>\n<li><b>Model:<\/b> H5<\/li>\n<li><b>Kolor:<\/b> Czerwony<\/li>\n<li><b>Moc:<\/b> 1800 W<\/li>\n<li><b>Maksymalna ilo\u015b\u0107 obrot\u00f3w:<\/b> 20000 rpm<\/li>\n<li><b>Funkcje:<\/b> Ciep\u0142y nawiew \/ Zimny nawiew \/ Jonizacja<\/li>\n<li><b>D\u0142ugo\u015b\u0107 kabla:<\/b> 1.7 metra<\/li>\n<\/ul>\n<p><b>Kompleksowa piel\u0119gnacja<\/b><\/p>\n<p>Twoje w\u0142osy mog\u0105 by\u0107 zdrowsze i bardziej l\u015bni\u0105ce, ni\u017c kiedykolwiek przedtem. SOOCAS H5 delikatnie je wysuszy, zapewniaj\u0105c im gi\u0119tko\u015b\u0107 i elastyczno\u015b\u0107, poprawiaj\u0105c ich elektrostatyczno\u015b\u0107, a tak\u017ce zapobiegaj\u0105c rozdwajaniu si\u0119 ko\u0144c\u00f3wek i puszeniu. Po\u017cegnaj ko\u0142tuny, problemy z elektryzowaniem i matowy, ma\u0142o atrakcyjny kolor \u2013 z H5 Twoje w\u0142osy nabior\u0105 po\u0142ysku, stan\u0105 si\u0119 g\u0142adkie i b\u0119d\u0105 wygl\u0105da\u0107 wspaniale!<\/p>\n<p><b>4 tryby pracy<\/b><\/p>\n<p>Suszarka SOOCAS umo\u017cliwia prac\u0119 w 4 trybach. Z jej pomoc\u0105 wysuszysz w\u0142osy szybkim lub wolnym strumieniem ciep\u0142ego powietrza. Mo\u017cesz te\u017c wybra\u0107 opcj\u0119 naturalnego podmuchu wiatru. Tryb cyrkulacji sprawia, \u017ce urz\u0105dzenie przez 5 sekund suszy na ciep\u0142o, a nast\u0119pnie przez 3 sekundy na zimno, co zapewnia szybki efekt dobrze wysuszonych, a zarazem od\u015bwie\u017conych w\u0142os\u00f3w, kt\u00f3rych obj\u0119to\u015b\u0107 Ci\u0119 zachwyci. Swobodnie prze\u0142\u0105czaj mi\u0119dzy trybami i dostosowuj prac\u0119 suszarki do swoich potrzeb \u2013 ju\u017c wkr\u00f3tce mo\u017cesz cieszy\u0107 si\u0119 zdrowymi, g\u0142adkimi w\u0142osami.<\/p>\n<p><b>Szybka, wydajna, praktyczna<\/b><\/p>\n<p>Pot\u0119\u017cny silnik, 6 \u0142opatek wentylatora\u00a0i spiralna konstrukcja wylotu powietrza przyczyniaj\u0105 si\u0119 do wydajnej pracy suszarki. Oferuje ona tak\u017ce moc si\u0119gaj\u0105c\u0105 1800 W. Po wykonaniu szeregu bada\u0144 przez laboratorium Soocas odkryto, \u017ce warto\u015b\u0107 ta zapewnia szybkie, efektywne i r\u00f3wnomierne suszenie bez efektu puszenia. Urz\u0105dzenia pracuj\u0105ce z moc\u0105 1000 W nie gwarantuj\u0105 skutecznego suszenia. Z kolei te oferuj\u0105ce moc na poziomie 2200 W sprawiaj\u0105, \u017ce w\u0142osy staj\u0105 si\u0119 przesuszone. Soocas zapewnia zatem sprawdzone rozwi\u0105zania, gwarantuj\u0105ce najlepsze efekty. Zapomnij o konieczno\u015bci wystawiania w\u0142os\u00f3w na wp\u0142yw szkodliwego, niszcz\u0105cego \u0142uski w\u0142os\u00f3w, gor\u0105cego powietrza. Dzi\u0119ki H5 Twoje w\u0142osy zawsze b\u0119d\u0105 w znakomitej kondycji.<\/p>\n<p><b>Pot\u0119ga anion\u00f3w<\/b><\/p>\n<p>Pozw\u00f3l milionom jon\u00f3w ujemnych zaj\u0105\u0107 si\u0119 Twoim wygl\u0105dem. Dzi\u0119ki wysokiej koncentracji anion\u00f3w Twoje w\u0142osy stan\u0105 si\u0119 g\u0142adkie, l\u015bni\u0105ce i nawil\u017cone. Z SOOCAS H5 zapomnisz te\u017c o rozdwojonych ko\u0144c\u00f3wkach. Wykorzystaj niezwyk\u0142\u0105 moc ujemnych jon\u00f3w i ciesz si\u0119 pi\u0119kn\u0105 fryzur\u0105.<\/p>\n<p><b>Przydatne akcesoria<\/b><\/p>\n<p>Suszarka H5 zosta\u0142a wyposa\u017cona w praktyczne akcesoria, kt\u00f3re u\u0142atwi\u0105 Ci korzystanie z urz\u0105dzenia i umo\u017cliwi\u0105 efektown\u0105 stylizacj\u0119 w\u0142os\u00f3w. Koncentrator z mo\u017cliwo\u015bci\u0105 regulacji w zakresie 360\u00b0 pozwoli Ci wygodnie stylizowa\u0107 w\u0142osy tak, jak chcesz.<\/p>\n<p><b>Pe\u0142na ochrona<\/b><\/p>\n<p>SOOCAS zapewni Ci bezpiecze\u0144stwo. Podw\u00f3jna siatka oddziela Twoje w\u0142osy od wentylatora i minimalizuje ryzyko ich zapl\u0105tania. Dwuwarstwowa izolacja koncentratora sprawia, \u017ce nie grozi Ci poparzenie. Temperatura powietrza ro\u015bnie w spos\u00f3b jednolity, aby zmniejszy\u0107 zagro\u017cenie uszkodzenia w\u0142os\u00f3w, a w przypadku ewentualnego przegrzania urz\u0105dzenie wy\u0142\u0105czy si\u0119 automatycznie. Nie musisz wi\u0119c obawia\u0107 si\u0119 niczego \u2013 z SOOCAS mo\u017cesz liczy\u0107 na komfortow\u0105, bezpieczn\u0105 piel\u0119gnacj\u0119 w\u0142os\u00f3w.<\/p>\n<p><b>Wygoda u\u017cytkowania<\/b><\/p>\n<p>H5 wyposa\u017cona zosta\u0142a w d\u0142ugi, 1,7-metrowy kabel. Nie musisz ju\u017c suszy\u0107 w\u0142os\u00f3w w jednej, niewygodnej pozycji &#8211; zbyt kr\u00f3tki przew\u00f3d nie b\u0119dzie Ci\u0119 ogranicza\u0142. Wygodnie u\u017cywaj suszarki tak, jak chcesz. Urz\u0105dzenie jest te\u017c bardzo proste w obs\u0142udze. W\u0142\u0105czysz je jednym przyciskiem, a drugim ustawisz szybko\u015b\u0107. Umieszczone na obudowie diody dostarcz\u0105 Ci informacji dotycz\u0105cych aktualnego trybu pracy. Wszystko to sprawia, \u017ce suszark\u0119 H5 obs\u0142u\u017cysz \u0142atwo i wygodnie.<\/p>\n<p><b>Zachwycaj\u0105cy design<\/b><\/p>\n<p>Suszarka doskonale le\u017cy w d\u0142oni, jest niezwykle por\u0119czna i lekka \u2013 wa\u017cy zaledwie 510 g, czyli tyle, co zwyk\u0142a butelka wody. Zapomnij o ci\u0119\u017ckich urz\u0105dzeniach, przez kt\u00f3re suszenie w\u0142os\u00f3w staje si\u0119 trudnym i m\u0119cz\u0105cym wyzwaniem. H5 wyr\u00f3\u017cnia si\u0119 tak\u017ce stylowym, futurystycznym designem, kt\u00f3ry zosta\u0142 doceniony nagrod\u0105 iF Design Award w Niemczech w 2018 roku. Model dost\u0119pny jest w 2 wersjach kolorystycznych \u2013 klasycznej, srebrnej oraz nieco bardziej odwa\u017cnej, czerwonej. Wybierz idealn\u0105 suszark\u0119 dla siebie i ciesz si\u0119 funkcjonalnym, a zarazem eleganckim urz\u0105dzeniem, kt\u00f3re zadba o Twoje w\u0142osy.<\/p>\n","protected":false},"excerpt":{"rendered":"<p>Soocas H5 Suszarka do w\u0142os\u00f3w z JONIZACJ\u0104 Ciep\u0142y-Zimny 4-TRYBY 1800W Suszarka do w\u0142os\u00f3w Soocas H5 (czerwona) Produkt ca\u0142kowicie nowy, nieu\u017cywany, lekko zniszczone opakowanie producenta. St\u0105d ni\u017csza cena. Anionowa suszarka SOOCAS H5 wyr\u00f3\u017cnia si\u0119 eleganckim designem, pot\u0119\u017cnym silnikiem o pr\u0119dko\u015bci 20 000 rpm, wysokim, a\u017c 30-milionowym st\u0119\u017ceniem jon\u00f3w ujemnych i wieloma mo\u017cliwo\u015bciami zastosowania \u2013 do\u0142\u0105czone do [&hellip;]<\/p>\n","protected":false},"featured_media":1794,"comment_status":"open","ping_status":"closed","template":"","meta":[],"product_brand":[101],"product_cat":[32],"product_tag":[],"class_list":{"0":"post-1823","1":"product","2":"type-product","3":"status-publish","4":"has-post-thumbnail","6":"product_brand-soocas","7":"product_cat-agd-drobne","9":"first","10":"instock","11":"taxable","12":"shipping-taxable","13":"purchasable","14":"product-type-simple"},"yoast_head":"<!-- This site is optimized with the Yoast SEO plugin v27.3 - https:\/\/yoast.com\/product\/yoast-seo-wordpress\/ -->\n<title>Soocas H5 Suszarka do w\u0142os\u00f3w z JONIZACJ\u0104 Ciep\u0142y-Zimny 4-TRYBY 1800W - Mix Market - Supermarket z wszystkim co potrzeba<\/title>\n<meta name=\"robots\" content=\"index, follow, max-snippet:-1, max-image-preview:large, max-video-preview:-1\" \/>\n<link rel=\"canonical\" href=\"https:\/\/racom.com.pl\/index.php\/produkt\/soocas-h5-suszarka-do-wlosow-z-jonizacja-cieply-zimny-4-tryby-1800w-2\/\" \/>\n<meta property=\"og:locale\" content=\"pl_PL\" \/>\n<meta property=\"og:type\" content=\"article\" \/>\n<meta property=\"og:title\" content=\"Soocas H5 Suszarka do w\u0142os\u00f3w z JONIZACJ\u0104 Ciep\u0142y-Zimny 4-TRYBY 1800W - Mix Market - Supermarket z wszystkim co potrzeba\" \/>\n<meta property=\"og:description\" content=\"Soocas H5 Suszarka do w\u0142os\u00f3w z JONIZACJ\u0104 Ciep\u0142y-Zimny 4-TRYBY 1800W Suszarka do w\u0142os\u00f3w Soocas H5 (czerwona) Produkt ca\u0142kowicie nowy, nieu\u017cywany, lekko zniszczone opakowanie producenta. St\u0105d ni\u017csza cena. Anionowa suszarka SOOCAS H5 wyr\u00f3\u017cnia si\u0119 eleganckim designem, pot\u0119\u017cnym silnikiem o pr\u0119dko\u015bci 20 000 rpm, wysokim, a\u017c 30-milionowym st\u0119\u017ceniem jon\u00f3w ujemnych i wieloma mo\u017cliwo\u015bciami zastosowania \u2013 do\u0142\u0105czone do [&hellip;]\" \/>\n<meta property=\"og:url\" content=\"https:\/\/racom.com.pl\/index.php\/produkt\/soocas-h5-suszarka-do-wlosow-z-jonizacja-cieply-zimny-4-tryby-1800w-2\/\" \/>\n<meta property=\"og:site_name\" content=\"Mix Market - Supermarket z wszystkim co potrzeba\" \/>\n<meta property=\"og:image\" content=\"https:\/\/racom.com.pl\/wp-content\/uploads\/2025\/07\/allegro_687a95290be9c7.05531308_e5e4c93f49ea8af46bd2b50514c4.jpg\" \/>\n\t<meta property=\"og:image:width\" content=\"1000\" \/>\n\t<meta property=\"og:image:height\" content=\"637\" \/>\n\t<meta property=\"og:image:type\" content=\"image\/jpeg\" \/>\n<meta name=\"twitter:card\" content=\"summary_large_image\" \/>\n<meta name=\"twitter:label1\" content=\"Szacowany czas czytania\" \/>\n\t<meta name=\"twitter:data1\" content=\"4 minuty\" \/>\n<script type=\"application\/ld+json\" class=\"yoast-schema-graph\">{\"@context\":\"https:\\\/\\\/schema.org\",\"@graph\":[{\"@type\":\"WebPage\",\"@id\":\"https:\\\/\\\/racom.com.pl\\\/index.php\\\/produkt\\\/soocas-h5-suszarka-do-wlosow-z-jonizacja-cieply-zimny-4-tryby-1800w-2\\\/\",\"url\":\"https:\\\/\\\/racom.com.pl\\\/index.php\\\/produkt\\\/soocas-h5-suszarka-do-wlosow-z-jonizacja-cieply-zimny-4-tryby-1800w-2\\\/\",\"name\":\"Soocas H5 Suszarka do w\u0142os\u00f3w z JONIZACJ\u0104 Ciep\u0142y-Zimny 4-TRYBY 1800W - Mix Market - Supermarket z wszystkim co potrzeba\",\"isPartOf\":{\"@id\":\"https:\\\/\\\/racom.com.pl\\\/#website\"},\"primaryImageOfPage\":{\"@id\":\"https:\\\/\\\/racom.com.pl\\\/index.php\\\/produkt\\\/soocas-h5-suszarka-do-wlosow-z-jonizacja-cieply-zimny-4-tryby-1800w-2\\\/#primaryimage\"},\"image\":{\"@id\":\"https:\\\/\\\/racom.com.pl\\\/index.php\\\/produkt\\\/soocas-h5-suszarka-do-wlosow-z-jonizacja-cieply-zimny-4-tryby-1800w-2\\\/#primaryimage\"},\"thumbnailUrl\":\"https:\\\/\\\/racom.com.pl\\\/wp-content\\\/uploads\\\/2025\\\/07\\\/allegro_687a95290be9c7.05531308_e5e4c93f49ea8af46bd2b50514c4.jpg\",\"datePublished\":\"2025-07-18T18:45:28+00:00\",\"breadcrumb\":{\"@id\":\"https:\\\/\\\/racom.com.pl\\\/index.php\\\/produkt\\\/soocas-h5-suszarka-do-wlosow-z-jonizacja-cieply-zimny-4-tryby-1800w-2\\\/#breadcrumb\"},\"inLanguage\":\"pl-PL\",\"potentialAction\":[{\"@type\":\"ReadAction\",\"target\":[\"https:\\\/\\\/racom.com.pl\\\/index.php\\\/produkt\\\/soocas-h5-suszarka-do-wlosow-z-jonizacja-cieply-zimny-4-tryby-1800w-2\\\/\"]}]},{\"@type\":\"ImageObject\",\"inLanguage\":\"pl-PL\",\"@id\":\"https:\\\/\\\/racom.com.pl\\\/index.php\\\/produkt\\\/soocas-h5-suszarka-do-wlosow-z-jonizacja-cieply-zimny-4-tryby-1800w-2\\\/#primaryimage\",\"url\":\"https:\\\/\\\/racom.com.pl\\\/wp-content\\\/uploads\\\/2025\\\/07\\\/allegro_687a95290be9c7.05531308_e5e4c93f49ea8af46bd2b50514c4.jpg\",\"contentUrl\":\"https:\\\/\\\/racom.com.pl\\\/wp-content\\\/uploads\\\/2025\\\/07\\\/allegro_687a95290be9c7.05531308_e5e4c93f49ea8af46bd2b50514c4.jpg\",\"width\":1000,\"height\":637},{\"@type\":\"BreadcrumbList\",\"@id\":\"https:\\\/\\\/racom.com.pl\\\/index.php\\\/produkt\\\/soocas-h5-suszarka-do-wlosow-z-jonizacja-cieply-zimny-4-tryby-1800w-2\\\/#breadcrumb\",\"itemListElement\":[{\"@type\":\"ListItem\",\"position\":1,\"name\":\"Strona g\u0142\u00f3wna\",\"item\":\"https:\\\/\\\/racom.com.pl\\\/\"},{\"@type\":\"ListItem\",\"position\":2,\"name\":\"Sklep\",\"item\":\"https:\\\/\\\/racom.com.pl\\\/\"},{\"@type\":\"ListItem\",\"position\":3,\"name\":\"Soocas H5 Suszarka do w\u0142os\u00f3w z JONIZACJ\u0104 Ciep\u0142y-Zimny 4-TRYBY 1800W\"}]},{\"@type\":\"WebSite\",\"@id\":\"https:\\\/\\\/racom.com.pl\\\/#website\",\"url\":\"https:\\\/\\\/racom.com.pl\\\/\",\"name\":\"Mix Market - Supermarket z wszystkim co potrzeba do domu i nie tylko\",\"description\":\"\",\"publisher\":{\"@id\":\"https:\\\/\\\/racom.com.pl\\\/#organization\"},\"potentialAction\":[{\"@type\":\"SearchAction\",\"target\":{\"@type\":\"EntryPoint\",\"urlTemplate\":\"https:\\\/\\\/racom.com.pl\\\/?s={search_term_string}\"},\"query-input\":{\"@type\":\"PropertyValueSpecification\",\"valueRequired\":true,\"valueName\":\"search_term_string\"}}],\"inLanguage\":\"pl-PL\"},{\"@type\":\"Organization\",\"@id\":\"https:\\\/\\\/racom.com.pl\\\/#organization\",\"name\":\"Mix Market - Supermarket z wszystkim co potrzeba do domu i nie tylko\",\"url\":\"https:\\\/\\\/racom.com.pl\\\/\",\"logo\":{\"@type\":\"ImageObject\",\"inLanguage\":\"pl-PL\",\"@id\":\"https:\\\/\\\/racom.com.pl\\\/#\\\/schema\\\/logo\\\/image\\\/\",\"url\":\"https:\\\/\\\/racom.com.pl\\\/wp-content\\\/uploads\\\/2025\\\/07\\\/mixmarket_logo.png\",\"contentUrl\":\"https:\\\/\\\/racom.com.pl\\\/wp-content\\\/uploads\\\/2025\\\/07\\\/mixmarket_logo.png\",\"width\":1024,\"height\":1024,\"caption\":\"Mix Market - Supermarket z wszystkim co potrzeba do domu i nie tylko\"},\"image\":{\"@id\":\"https:\\\/\\\/racom.com.pl\\\/#\\\/schema\\\/logo\\\/image\\\/\"}}]}<\/script>\n<!-- \/ Yoast SEO plugin. -->","yoast_head_json":{"title":"Soocas H5 Suszarka do w\u0142os\u00f3w z JONIZACJ\u0104 Ciep\u0142y-Zimny 4-TRYBY 1800W - Mix Market - Supermarket z wszystkim co potrzeba","robots":{"index":"index","follow":"follow","max-snippet":"max-snippet:-1","max-image-preview":"max-image-preview:large","max-video-preview":"max-video-preview:-1"},"canonical":"https:\/\/racom.com.pl\/index.php\/produkt\/soocas-h5-suszarka-do-wlosow-z-jonizacja-cieply-zimny-4-tryby-1800w-2\/","og_locale":"pl_PL","og_type":"article","og_title":"Soocas H5 Suszarka do w\u0142os\u00f3w z JONIZACJ\u0104 Ciep\u0142y-Zimny 4-TRYBY 1800W - Mix Market - Supermarket z wszystkim co potrzeba","og_description":"Soocas H5 Suszarka do w\u0142os\u00f3w z JONIZACJ\u0104 Ciep\u0142y-Zimny 4-TRYBY 1800W Suszarka do w\u0142os\u00f3w Soocas H5 (czerwona) Produkt ca\u0142kowicie nowy, nieu\u017cywany, lekko zniszczone opakowanie producenta. St\u0105d ni\u017csza cena. Anionowa suszarka SOOCAS H5 wyr\u00f3\u017cnia si\u0119 eleganckim designem, pot\u0119\u017cnym silnikiem o pr\u0119dko\u015bci 20 000 rpm, wysokim, a\u017c 30-milionowym st\u0119\u017ceniem jon\u00f3w ujemnych i wieloma mo\u017cliwo\u015bciami zastosowania \u2013 do\u0142\u0105czone do [&hellip;]","og_url":"https:\/\/racom.com.pl\/index.php\/produkt\/soocas-h5-suszarka-do-wlosow-z-jonizacja-cieply-zimny-4-tryby-1800w-2\/","og_site_name":"Mix Market - Supermarket z wszystkim co potrzeba","og_image":[{"width":1000,"height":637,"url":"https:\/\/racom.com.pl\/wp-content\/uploads\/2025\/07\/allegro_687a95290be9c7.05531308_e5e4c93f49ea8af46bd2b50514c4.jpg","type":"image\/jpeg"}],"twitter_card":"summary_large_image","twitter_misc":{"Szacowany czas czytania":"4 minuty"},"schema":{"@context":"https:\/\/schema.org","@graph":[{"@type":"WebPage","@id":"https:\/\/racom.com.pl\/index.php\/produkt\/soocas-h5-suszarka-do-wlosow-z-jonizacja-cieply-zimny-4-tryby-1800w-2\/","url":"https:\/\/racom.com.pl\/index.php\/produkt\/soocas-h5-suszarka-do-wlosow-z-jonizacja-cieply-zimny-4-tryby-1800w-2\/","name":"Soocas H5 Suszarka do w\u0142os\u00f3w z JONIZACJ\u0104 Ciep\u0142y-Zimny 4-TRYBY 1800W - Mix Market - Supermarket z wszystkim co potrzeba","isPartOf":{"@id":"https:\/\/racom.com.pl\/#website"},"primaryImageOfPage":{"@id":"https:\/\/racom.com.pl\/index.php\/produkt\/soocas-h5-suszarka-do-wlosow-z-jonizacja-cieply-zimny-4-tryby-1800w-2\/#primaryimage"},"image":{"@id":"https:\/\/racom.com.pl\/index.php\/produkt\/soocas-h5-suszarka-do-wlosow-z-jonizacja-cieply-zimny-4-tryby-1800w-2\/#primaryimage"},"thumbnailUrl":"https:\/\/racom.com.pl\/wp-content\/uploads\/2025\/07\/allegro_687a95290be9c7.05531308_e5e4c93f49ea8af46bd2b50514c4.jpg","datePublished":"2025-07-18T18:45:28+00:00","breadcrumb":{"@id":"https:\/\/racom.com.pl\/index.php\/produkt\/soocas-h5-suszarka-do-wlosow-z-jonizacja-cieply-zimny-4-tryby-1800w-2\/#breadcrumb"},"inLanguage":"pl-PL","potentialAction":[{"@type":"ReadAction","target":["https:\/\/racom.com.pl\/index.php\/produkt\/soocas-h5-suszarka-do-wlosow-z-jonizacja-cieply-zimny-4-tryby-1800w-2\/"]}]},{"@type":"ImageObject","inLanguage":"pl-PL","@id":"https:\/\/racom.com.pl\/index.php\/produkt\/soocas-h5-suszarka-do-wlosow-z-jonizacja-cieply-zimny-4-tryby-1800w-2\/#primaryimage","url":"https:\/\/racom.com.pl\/wp-content\/uploads\/2025\/07\/allegro_687a95290be9c7.05531308_e5e4c93f49ea8af46bd2b50514c4.jpg","contentUrl":"https:\/\/racom.com.pl\/wp-content\/uploads\/2025\/07\/allegro_687a95290be9c7.05531308_e5e4c93f49ea8af46bd2b50514c4.jpg","width":1000,"height":637},{"@type":"BreadcrumbList","@id":"https:\/\/racom.com.pl\/index.php\/produkt\/soocas-h5-suszarka-do-wlosow-z-jonizacja-cieply-zimny-4-tryby-1800w-2\/#breadcrumb","itemListElement":[{"@type":"ListItem","position":1,"name":"Strona g\u0142\u00f3wna","item":"https:\/\/racom.com.pl\/"},{"@type":"ListItem","position":2,"name":"Sklep","item":"https:\/\/racom.com.pl\/"},{"@type":"ListItem","position":3,"name":"Soocas H5 Suszarka do w\u0142os\u00f3w z JONIZACJ\u0104 Ciep\u0142y-Zimny 4-TRYBY 1800W"}]},{"@type":"WebSite","@id":"https:\/\/racom.com.pl\/#website","url":"https:\/\/racom.com.pl\/","name":"Mix Market - Supermarket z wszystkim co potrzeba do domu i nie tylko","description":"","publisher":{"@id":"https:\/\/racom.com.pl\/#organization"},"potentialAction":[{"@type":"SearchAction","target":{"@type":"EntryPoint","urlTemplate":"https:\/\/racom.com.pl\/?s={search_term_string}"},"query-input":{"@type":"PropertyValueSpecification","valueRequired":true,"valueName":"search_term_string"}}],"inLanguage":"pl-PL"},{"@type":"Organization","@id":"https:\/\/racom.com.pl\/#organization","name":"Mix Market - Supermarket z wszystkim co potrzeba do domu i nie tylko","url":"https:\/\/racom.com.pl\/","logo":{"@type":"ImageObject","inLanguage":"pl-PL","@id":"https:\/\/racom.com.pl\/#\/schema\/logo\/image\/","url":"https:\/\/racom.com.pl\/wp-content\/uploads\/2025\/07\/mixmarket_logo.png","contentUrl":"https:\/\/racom.com.pl\/wp-content\/uploads\/2025\/07\/mixmarket_logo.png","width":1024,"height":1024,"caption":"Mix Market - Supermarket z wszystkim co potrzeba do domu i nie tylko"},"image":{"@id":"https:\/\/racom.com.pl\/#\/schema\/logo\/image\/"}}]}},"_links":{"self":[{"href":"https:\/\/racom.com.pl\/index.php\/wp-json\/wp\/v2\/product\/1823","targetHints":{"allow":["GET"]}}],"collection":[{"href":"https:\/\/racom.com.pl\/index.php\/wp-json\/wp\/v2\/product"}],"about":[{"href":"https:\/\/racom.com.pl\/index.php\/wp-json\/wp\/v2\/types\/product"}],"replies":[{"embeddable":true,"href":"https:\/\/racom.com.pl\/index.php\/wp-json\/wp\/v2\/comments?post=1823"}],"wp:featuredmedia":[{"embeddable":true,"href":"https:\/\/racom.com.pl\/index.php\/wp-json\/wp\/v2\/media\/1794"}],"wp:attachment":[{"href":"https:\/\/racom.com.pl\/index.php\/wp-json\/wp\/v2\/media?parent=1823"}],"wp:term":[{"taxonomy":"product_brand","embeddable":true,"href":"https:\/\/racom.com.pl\/index.php\/wp-json\/wp\/v2\/product_brand?post=1823"},{"taxonomy":"product_cat","embeddable":true,"href":"https:\/\/racom.com.pl\/index.php\/wp-json\/wp\/v2\/product_cat?post=1823"},{"taxonomy":"product_tag","embeddable":true,"href":"https:\/\/racom.com.pl\/index.php\/wp-json\/wp\/v2\/product_tag?post=1823"}],"curies":[{"name":"wp","href":"https:\/\/api.w.org\/{rel}","templated":true}]}}