{"id":1832,"date":"2025-07-18T20:47:16","date_gmt":"2025-07-18T18:47:16","guid":{"rendered":"http:\/\/192.168.2.106\/index.php\/produkt\/toner-do-hp-139a-w1390a-pro-3002dn-3002dw-mfp-3102fdw-3102fdn-nowy\/"},"modified":"2025-07-18T20:47:16","modified_gmt":"2025-07-18T18:47:16","slug":"toner-do-hp-139a-w1390a-pro-3002dn-3002dw-mfp-3102fdw-3102fdn-nowy","status":"publish","type":"product","link":"https:\/\/racom.com.pl\/index.php\/produkt\/toner-do-hp-139a-w1390a-pro-3002dn-3002dw-mfp-3102fdw-3102fdn-nowy\/","title":{"rendered":"Toner Do HP 139A W1390A Pro 3002dn 3002dw MFP 3102fdw 3102fdn NOWY"},"content":{"rendered":"<h2>Toner Do HP 139A W1390A Pro 3002dn 3002dw MFP 3102fdw 3102fdn<\/h2>\n<h2>Nowy Zamienny Toner<\/h2>\n<h2>do HP o symbolu W1390a<\/h2>\n<ul>\n<li>Wydajno\u015b\u0107: <b>1500 stron przy 5% pokryciu strony,<\/b><\/li>\n<li>Kolor: <b>Czarny,<\/b><\/li>\n<li>Rodzaj: <b>Zamiennik,<\/b><\/li>\n<li>Do drukarek laserowych: <b>HP,<\/b><\/li>\n<li>Toner w wersji <b>bez chipa,<\/b> nale\u017cy prze\u0142o\u017cy\u0107 chip ze starego tonera,<\/li>\n<li>Wysoka jako\u015b\u0107 druku.<\/li>\n<\/ul>\n<p><b>Toner jest bez Chipa,<\/b><b>nale\u017cy prze\u0142o\u017cy\u0107 z poprzedniego tonera.<\/b><\/p>\n<h2>Kompatybilny z:<\/h2>\n<ul>\n<li><b>HP LaserJet Pro 3102fdn MFP,<\/b><\/li>\n<li><b>HP LaserJet Pro 3102fdw MFP.<\/b><\/li>\n<li><b>HP LaserJet Pro 3002dn,<\/b><\/li>\n<li><b>HP LaserJet Pro 3002dw,<\/b><\/li>\n<\/ul>\n<p>oraz innymi urz\u0105dzeniami obs\u0142uguj\u0105cymi ten model tonera.<\/p>\n<p>Nie s\u0105 one nasz\u0105 w\u0142asno\u015bci\u0105.<\/p>\n","protected":false},"excerpt":{"rendered":"<p>Toner Do HP 139A W1390A Pro 3002dn 3002dw MFP 3102fdw 3102fdn Nowy Zamienny Toner do HP o symbolu W1390a Wydajno\u015b\u0107: 1500 stron przy 5% pokryciu strony, Kolor: Czarny, Rodzaj: Zamiennik, Do drukarek laserowych: HP, Toner w wersji bez chipa, nale\u017cy prze\u0142o\u017cy\u0107 chip ze starego tonera, Wysoka jako\u015b\u0107 druku. Toner jest bez Chipa,nale\u017cy prze\u0142o\u017cy\u0107 z poprzedniego [&hellip;]<\/p>\n","protected":false},"featured_media":1836,"comment_status":"open","ping_status":"closed","template":"","meta":[],"product_brand":[],"product_cat":[35],"product_tag":[],"class_list":{"0":"post-1832","1":"product","2":"type-product","3":"status-publish","4":"has-post-thumbnail","6":"product_cat-drukarki-i-skanery","8":"first","9":"instock","10":"taxable","11":"shipping-taxable","12":"purchasable","13":"product-type-simple"},"yoast_head":"<!-- This site is optimized with the Yoast SEO plugin v27.3 - https:\/\/yoast.com\/product\/yoast-seo-wordpress\/ -->\n<title>Toner Do HP 139A W1390A Pro 3002dn 3002dw MFP 3102fdw 3102fdn NOWY - Mix Market - Supermarket z wszystkim co potrzeba<\/title>\n<meta name=\"robots\" content=\"index, follow, max-snippet:-1, max-image-preview:large, max-video-preview:-1\" \/>\n<link rel=\"canonical\" href=\"https:\/\/racom.com.pl\/index.php\/produkt\/toner-do-hp-139a-w1390a-pro-3002dn-3002dw-mfp-3102fdw-3102fdn-nowy\/\" \/>\n<meta property=\"og:locale\" content=\"pl_PL\" \/>\n<meta property=\"og:type\" content=\"article\" \/>\n<meta property=\"og:title\" content=\"Toner Do HP 139A W1390A Pro 3002dn 3002dw MFP 3102fdw 3102fdn NOWY - Mix Market - Supermarket z wszystkim co potrzeba\" \/>\n<meta property=\"og:description\" content=\"Toner Do HP 139A W1390A Pro 3002dn 3002dw MFP 3102fdw 3102fdn Nowy Zamienny Toner do HP o symbolu W1390a Wydajno\u015b\u0107: 1500 stron przy 5% pokryciu strony, Kolor: Czarny, Rodzaj: Zamiennik, Do drukarek laserowych: HP, Toner w wersji bez chipa, nale\u017cy prze\u0142o\u017cy\u0107 chip ze starego tonera, Wysoka jako\u015b\u0107 druku. Toner jest bez Chipa,nale\u017cy prze\u0142o\u017cy\u0107 z poprzedniego [&hellip;]\" \/>\n<meta property=\"og:url\" content=\"https:\/\/racom.com.pl\/index.php\/produkt\/toner-do-hp-139a-w1390a-pro-3002dn-3002dw-mfp-3102fdw-3102fdn-nowy\/\" \/>\n<meta property=\"og:site_name\" content=\"Mix Market - Supermarket z wszystkim co potrzeba\" \/>\n<meta property=\"og:image\" content=\"https:\/\/racom.com.pl\/wp-content\/uploads\/2025\/07\/allegro_687a96e0a91981.11340665_c2acb09e473a9e495c2543442804.jpg\" \/>\n\t<meta property=\"og:image:width\" content=\"500\" \/>\n\t<meta property=\"og:image:height\" content=\"146\" \/>\n\t<meta property=\"og:image:type\" content=\"image\/jpeg\" \/>\n<meta name=\"twitter:card\" content=\"summary_large_image\" \/>\n<meta name=\"twitter:label1\" content=\"Szacowany czas czytania\" \/>\n\t<meta name=\"twitter:data1\" content=\"1 minuta\" \/>\n<script type=\"application\/ld+json\" class=\"yoast-schema-graph\">{\"@context\":\"https:\\\/\\\/schema.org\",\"@graph\":[{\"@type\":\"WebPage\",\"@id\":\"https:\\\/\\\/racom.com.pl\\\/index.php\\\/produkt\\\/toner-do-hp-139a-w1390a-pro-3002dn-3002dw-mfp-3102fdw-3102fdn-nowy\\\/\",\"url\":\"https:\\\/\\\/racom.com.pl\\\/index.php\\\/produkt\\\/toner-do-hp-139a-w1390a-pro-3002dn-3002dw-mfp-3102fdw-3102fdn-nowy\\\/\",\"name\":\"Toner Do HP 139A W1390A Pro 3002dn 3002dw MFP 3102fdw 3102fdn NOWY - Mix Market - Supermarket z wszystkim co potrzeba\",\"isPartOf\":{\"@id\":\"https:\\\/\\\/racom.com.pl\\\/#website\"},\"primaryImageOfPage\":{\"@id\":\"https:\\\/\\\/racom.com.pl\\\/index.php\\\/produkt\\\/toner-do-hp-139a-w1390a-pro-3002dn-3002dw-mfp-3102fdw-3102fdn-nowy\\\/#primaryimage\"},\"image\":{\"@id\":\"https:\\\/\\\/racom.com.pl\\\/index.php\\\/produkt\\\/toner-do-hp-139a-w1390a-pro-3002dn-3002dw-mfp-3102fdw-3102fdn-nowy\\\/#primaryimage\"},\"thumbnailUrl\":\"https:\\\/\\\/racom.com.pl\\\/wp-content\\\/uploads\\\/2025\\\/07\\\/allegro_687a96e0a91981.11340665_c2acb09e473a9e495c2543442804.jpg\",\"datePublished\":\"2025-07-18T18:47:16+00:00\",\"breadcrumb\":{\"@id\":\"https:\\\/\\\/racom.com.pl\\\/index.php\\\/produkt\\\/toner-do-hp-139a-w1390a-pro-3002dn-3002dw-mfp-3102fdw-3102fdn-nowy\\\/#breadcrumb\"},\"inLanguage\":\"pl-PL\",\"potentialAction\":[{\"@type\":\"ReadAction\",\"target\":[\"https:\\\/\\\/racom.com.pl\\\/index.php\\\/produkt\\\/toner-do-hp-139a-w1390a-pro-3002dn-3002dw-mfp-3102fdw-3102fdn-nowy\\\/\"]}]},{\"@type\":\"ImageObject\",\"inLanguage\":\"pl-PL\",\"@id\":\"https:\\\/\\\/racom.com.pl\\\/index.php\\\/produkt\\\/toner-do-hp-139a-w1390a-pro-3002dn-3002dw-mfp-3102fdw-3102fdn-nowy\\\/#primaryimage\",\"url\":\"https:\\\/\\\/racom.com.pl\\\/wp-content\\\/uploads\\\/2025\\\/07\\\/allegro_687a96e0a91981.11340665_c2acb09e473a9e495c2543442804.jpg\",\"contentUrl\":\"https:\\\/\\\/racom.com.pl\\\/wp-content\\\/uploads\\\/2025\\\/07\\\/allegro_687a96e0a91981.11340665_c2acb09e473a9e495c2543442804.jpg\",\"width\":500,\"height\":146},{\"@type\":\"BreadcrumbList\",\"@id\":\"https:\\\/\\\/racom.com.pl\\\/index.php\\\/produkt\\\/toner-do-hp-139a-w1390a-pro-3002dn-3002dw-mfp-3102fdw-3102fdn-nowy\\\/#breadcrumb\",\"itemListElement\":[{\"@type\":\"ListItem\",\"position\":1,\"name\":\"Strona g\u0142\u00f3wna\",\"item\":\"https:\\\/\\\/racom.com.pl\\\/\"},{\"@type\":\"ListItem\",\"position\":2,\"name\":\"Sklep\",\"item\":\"https:\\\/\\\/racom.com.pl\\\/\"},{\"@type\":\"ListItem\",\"position\":3,\"name\":\"Toner Do HP 139A W1390A Pro 3002dn 3002dw MFP 3102fdw 3102fdn NOWY\"}]},{\"@type\":\"WebSite\",\"@id\":\"https:\\\/\\\/racom.com.pl\\\/#website\",\"url\":\"https:\\\/\\\/racom.com.pl\\\/\",\"name\":\"Mix Market - Supermarket z wszystkim co potrzeba do domu i nie tylko\",\"description\":\"\",\"publisher\":{\"@id\":\"https:\\\/\\\/racom.com.pl\\\/#organization\"},\"potentialAction\":[{\"@type\":\"SearchAction\",\"target\":{\"@type\":\"EntryPoint\",\"urlTemplate\":\"https:\\\/\\\/racom.com.pl\\\/?s={search_term_string}\"},\"query-input\":{\"@type\":\"PropertyValueSpecification\",\"valueRequired\":true,\"valueName\":\"search_term_string\"}}],\"inLanguage\":\"pl-PL\"},{\"@type\":\"Organization\",\"@id\":\"https:\\\/\\\/racom.com.pl\\\/#organization\",\"name\":\"Mix Market - Supermarket z wszystkim co potrzeba do domu i nie tylko\",\"url\":\"https:\\\/\\\/racom.com.pl\\\/\",\"logo\":{\"@type\":\"ImageObject\",\"inLanguage\":\"pl-PL\",\"@id\":\"https:\\\/\\\/racom.com.pl\\\/#\\\/schema\\\/logo\\\/image\\\/\",\"url\":\"https:\\\/\\\/racom.com.pl\\\/wp-content\\\/uploads\\\/2025\\\/07\\\/mixmarket_logo.png\",\"contentUrl\":\"https:\\\/\\\/racom.com.pl\\\/wp-content\\\/uploads\\\/2025\\\/07\\\/mixmarket_logo.png\",\"width\":1024,\"height\":1024,\"caption\":\"Mix Market - Supermarket z wszystkim co potrzeba do domu i nie tylko\"},\"image\":{\"@id\":\"https:\\\/\\\/racom.com.pl\\\/#\\\/schema\\\/logo\\\/image\\\/\"}}]}<\/script>\n<!-- \/ Yoast SEO plugin. -->","yoast_head_json":{"title":"Toner Do HP 139A W1390A Pro 3002dn 3002dw MFP 3102fdw 3102fdn NOWY - Mix Market - Supermarket z wszystkim co potrzeba","robots":{"index":"index","follow":"follow","max-snippet":"max-snippet:-1","max-image-preview":"max-image-preview:large","max-video-preview":"max-video-preview:-1"},"canonical":"https:\/\/racom.com.pl\/index.php\/produkt\/toner-do-hp-139a-w1390a-pro-3002dn-3002dw-mfp-3102fdw-3102fdn-nowy\/","og_locale":"pl_PL","og_type":"article","og_title":"Toner Do HP 139A W1390A Pro 3002dn 3002dw MFP 3102fdw 3102fdn NOWY - Mix Market - Supermarket z wszystkim co potrzeba","og_description":"Toner Do HP 139A W1390A Pro 3002dn 3002dw MFP 3102fdw 3102fdn Nowy Zamienny Toner do HP o symbolu W1390a Wydajno\u015b\u0107: 1500 stron przy 5% pokryciu strony, Kolor: Czarny, Rodzaj: Zamiennik, Do drukarek laserowych: HP, Toner w wersji bez chipa, nale\u017cy prze\u0142o\u017cy\u0107 chip ze starego tonera, Wysoka jako\u015b\u0107 druku. Toner jest bez Chipa,nale\u017cy prze\u0142o\u017cy\u0107 z poprzedniego [&hellip;]","og_url":"https:\/\/racom.com.pl\/index.php\/produkt\/toner-do-hp-139a-w1390a-pro-3002dn-3002dw-mfp-3102fdw-3102fdn-nowy\/","og_site_name":"Mix Market - Supermarket z wszystkim co potrzeba","og_image":[{"width":500,"height":146,"url":"https:\/\/racom.com.pl\/wp-content\/uploads\/2025\/07\/allegro_687a96e0a91981.11340665_c2acb09e473a9e495c2543442804.jpg","type":"image\/jpeg"}],"twitter_card":"summary_large_image","twitter_misc":{"Szacowany czas czytania":"1 minuta"},"schema":{"@context":"https:\/\/schema.org","@graph":[{"@type":"WebPage","@id":"https:\/\/racom.com.pl\/index.php\/produkt\/toner-do-hp-139a-w1390a-pro-3002dn-3002dw-mfp-3102fdw-3102fdn-nowy\/","url":"https:\/\/racom.com.pl\/index.php\/produkt\/toner-do-hp-139a-w1390a-pro-3002dn-3002dw-mfp-3102fdw-3102fdn-nowy\/","name":"Toner Do HP 139A W1390A Pro 3002dn 3002dw MFP 3102fdw 3102fdn NOWY - Mix Market - Supermarket z wszystkim co potrzeba","isPartOf":{"@id":"https:\/\/racom.com.pl\/#website"},"primaryImageOfPage":{"@id":"https:\/\/racom.com.pl\/index.php\/produkt\/toner-do-hp-139a-w1390a-pro-3002dn-3002dw-mfp-3102fdw-3102fdn-nowy\/#primaryimage"},"image":{"@id":"https:\/\/racom.com.pl\/index.php\/produkt\/toner-do-hp-139a-w1390a-pro-3002dn-3002dw-mfp-3102fdw-3102fdn-nowy\/#primaryimage"},"thumbnailUrl":"https:\/\/racom.com.pl\/wp-content\/uploads\/2025\/07\/allegro_687a96e0a91981.11340665_c2acb09e473a9e495c2543442804.jpg","datePublished":"2025-07-18T18:47:16+00:00","breadcrumb":{"@id":"https:\/\/racom.com.pl\/index.php\/produkt\/toner-do-hp-139a-w1390a-pro-3002dn-3002dw-mfp-3102fdw-3102fdn-nowy\/#breadcrumb"},"inLanguage":"pl-PL","potentialAction":[{"@type":"ReadAction","target":["https:\/\/racom.com.pl\/index.php\/produkt\/toner-do-hp-139a-w1390a-pro-3002dn-3002dw-mfp-3102fdw-3102fdn-nowy\/"]}]},{"@type":"ImageObject","inLanguage":"pl-PL","@id":"https:\/\/racom.com.pl\/index.php\/produkt\/toner-do-hp-139a-w1390a-pro-3002dn-3002dw-mfp-3102fdw-3102fdn-nowy\/#primaryimage","url":"https:\/\/racom.com.pl\/wp-content\/uploads\/2025\/07\/allegro_687a96e0a91981.11340665_c2acb09e473a9e495c2543442804.jpg","contentUrl":"https:\/\/racom.com.pl\/wp-content\/uploads\/2025\/07\/allegro_687a96e0a91981.11340665_c2acb09e473a9e495c2543442804.jpg","width":500,"height":146},{"@type":"BreadcrumbList","@id":"https:\/\/racom.com.pl\/index.php\/produkt\/toner-do-hp-139a-w1390a-pro-3002dn-3002dw-mfp-3102fdw-3102fdn-nowy\/#breadcrumb","itemListElement":[{"@type":"ListItem","position":1,"name":"Strona g\u0142\u00f3wna","item":"https:\/\/racom.com.pl\/"},{"@type":"ListItem","position":2,"name":"Sklep","item":"https:\/\/racom.com.pl\/"},{"@type":"ListItem","position":3,"name":"Toner Do HP 139A W1390A Pro 3002dn 3002dw MFP 3102fdw 3102fdn NOWY"}]},{"@type":"WebSite","@id":"https:\/\/racom.com.pl\/#website","url":"https:\/\/racom.com.pl\/","name":"Mix Market - Supermarket z wszystkim co potrzeba do domu i nie tylko","description":"","publisher":{"@id":"https:\/\/racom.com.pl\/#organization"},"potentialAction":[{"@type":"SearchAction","target":{"@type":"EntryPoint","urlTemplate":"https:\/\/racom.com.pl\/?s={search_term_string}"},"query-input":{"@type":"PropertyValueSpecification","valueRequired":true,"valueName":"search_term_string"}}],"inLanguage":"pl-PL"},{"@type":"Organization","@id":"https:\/\/racom.com.pl\/#organization","name":"Mix Market - Supermarket z wszystkim co potrzeba do domu i nie tylko","url":"https:\/\/racom.com.pl\/","logo":{"@type":"ImageObject","inLanguage":"pl-PL","@id":"https:\/\/racom.com.pl\/#\/schema\/logo\/image\/","url":"https:\/\/racom.com.pl\/wp-content\/uploads\/2025\/07\/mixmarket_logo.png","contentUrl":"https:\/\/racom.com.pl\/wp-content\/uploads\/2025\/07\/mixmarket_logo.png","width":1024,"height":1024,"caption":"Mix Market - Supermarket z wszystkim co potrzeba do domu i nie tylko"},"image":{"@id":"https:\/\/racom.com.pl\/#\/schema\/logo\/image\/"}}]}},"_links":{"self":[{"href":"https:\/\/racom.com.pl\/index.php\/wp-json\/wp\/v2\/product\/1832","targetHints":{"allow":["GET"]}}],"collection":[{"href":"https:\/\/racom.com.pl\/index.php\/wp-json\/wp\/v2\/product"}],"about":[{"href":"https:\/\/racom.com.pl\/index.php\/wp-json\/wp\/v2\/types\/product"}],"replies":[{"embeddable":true,"href":"https:\/\/racom.com.pl\/index.php\/wp-json\/wp\/v2\/comments?post=1832"}],"wp:featuredmedia":[{"embeddable":true,"href":"https:\/\/racom.com.pl\/index.php\/wp-json\/wp\/v2\/media\/1836"}],"wp:attachment":[{"href":"https:\/\/racom.com.pl\/index.php\/wp-json\/wp\/v2\/media?parent=1832"}],"wp:term":[{"taxonomy":"product_brand","embeddable":true,"href":"https:\/\/racom.com.pl\/index.php\/wp-json\/wp\/v2\/product_brand?post=1832"},{"taxonomy":"product_cat","embeddable":true,"href":"https:\/\/racom.com.pl\/index.php\/wp-json\/wp\/v2\/product_cat?post=1832"},{"taxonomy":"product_tag","embeddable":true,"href":"https:\/\/racom.com.pl\/index.php\/wp-json\/wp\/v2\/product_tag?post=1832"}],"curies":[{"name":"wp","href":"https:\/\/api.w.org\/{rel}","templated":true}]}}