{"id":1837,"date":"2025-07-18T20:48:07","date_gmt":"2025-07-18T18:48:07","guid":{"rendered":"http:\/\/192.168.2.106\/index.php\/produkt\/nowy-toner-do-brother-tn2590-xl-z-chip-hl-l2402-2442-2447-dcp-l2600-2622\/"},"modified":"2025-07-18T20:48:07","modified_gmt":"2025-07-18T18:48:07","slug":"nowy-toner-do-brother-tn2590-xl-z-chip-hl-l2402-2442-2447-dcp-l2600-2622","status":"publish","type":"product","link":"https:\/\/racom.com.pl\/index.php\/produkt\/nowy-toner-do-brother-tn2590-xl-z-chip-hl-l2402-2442-2447-dcp-l2600-2622\/","title":{"rendered":"Nowy TONER do Brother TN2590 XL z CHIP HL-L2402 2442 2447 DCP-L2600 2622"},"content":{"rendered":"<h2>Nowy Zamienny toner<\/h2>\n<h2>do Brother o symbolu TN2590XL<\/h2>\n<ul>\n<li><b>Wydajno\u015b\u0107:<\/b> 3000 stron przy 5% pokryciu zadruku,<\/li>\n<li><b>Kolor:<\/b> Black &#8211; Czarny,<\/li>\n<li><b>Rodzaj<\/b>: Zamiennik,<\/li>\n<li><b>Do drukarek laserowych:<\/b> Brother,<\/li>\n<li>Toner kompletny, <b>gotowy do drukowania (w wersji z chipem)<\/b>, wk\u0142adamy do urz\u0105dzenia i drukujemy.<\/li>\n<\/ul>\n<p>Kompatybilny z:<\/p>\n<ul>\n<li><b>Brother MFC-L2922DW<\/b><\/li>\n<li><b>Brother MFC-L2862DW<\/b><\/li>\n<li><b>Brother MFC-L2802DN<\/b><\/li>\n<li><b>Brother MFC-L2802DW<\/b><\/li>\n<\/ul>\n<ul>\n<li><b>Brother DCP-L2640DN<\/b><\/li>\n<li><b>Brother DCP-L2622DW<\/b><\/li>\n<li><b>Brother DCP-L2600D<\/b><\/li>\n<\/ul>\n<ul>\n<li><b>Brother HL-L2460DN<\/b><\/li>\n<li><b>Brother HL-L2442DW<\/b><\/li>\n<li><b>Brother HL-L2402D<\/b><\/li>\n<\/ul>\n<ul>\n<li><b>Brother MFC-L2827DW<\/b><\/li>\n<\/ul>\n<p>oraz innymi urz\u0105dzeniami obs\u0142uguj\u0105cymi ten model tuszu.<\/p>\n","protected":false},"excerpt":{"rendered":"<p>Nowy Zamienny toner do Brother o symbolu TN2590XL Wydajno\u015b\u0107: 3000 stron przy 5% pokryciu zadruku, Kolor: Black &#8211; Czarny, Rodzaj: Zamiennik, Do drukarek laserowych: Brother, Toner kompletny, gotowy do drukowania (w wersji z chipem), wk\u0142adamy do urz\u0105dzenia i drukujemy. Kompatybilny z: Brother MFC-L2922DW Brother MFC-L2862DW Brother MFC-L2802DN Brother MFC-L2802DW Brother DCP-L2640DN Brother DCP-L2622DW Brother DCP-L2600D [&hellip;]<\/p>\n","protected":false},"featured_media":1839,"comment_status":"open","ping_status":"closed","template":"","meta":[],"product_brand":[],"product_cat":[35],"product_tag":[],"class_list":{"0":"post-1837","1":"product","2":"type-product","3":"status-publish","4":"has-post-thumbnail","6":"product_cat-drukarki-i-skanery","8":"first","9":"instock","10":"taxable","11":"shipping-taxable","12":"purchasable","13":"product-type-simple"},"yoast_head":"<!-- This site is optimized with the Yoast SEO plugin v27.3 - https:\/\/yoast.com\/product\/yoast-seo-wordpress\/ -->\n<title>Nowy TONER do Brother TN2590 XL z CHIP HL-L2402 2442 2447 DCP-L2600 2622 - Mix Market - Supermarket z wszystkim co potrzeba<\/title>\n<meta name=\"robots\" content=\"index, follow, max-snippet:-1, max-image-preview:large, max-video-preview:-1\" \/>\n<link rel=\"canonical\" href=\"https:\/\/racom.com.pl\/index.php\/produkt\/nowy-toner-do-brother-tn2590-xl-z-chip-hl-l2402-2442-2447-dcp-l2600-2622\/\" \/>\n<meta property=\"og:locale\" content=\"pl_PL\" \/>\n<meta property=\"og:type\" content=\"article\" \/>\n<meta property=\"og:title\" content=\"Nowy TONER do Brother TN2590 XL z CHIP HL-L2402 2442 2447 DCP-L2600 2622 - Mix Market - Supermarket z wszystkim co potrzeba\" \/>\n<meta property=\"og:description\" content=\"Nowy Zamienny toner do Brother o symbolu TN2590XL Wydajno\u015b\u0107: 3000 stron przy 5% pokryciu zadruku, Kolor: Black &#8211; Czarny, Rodzaj: Zamiennik, Do drukarek laserowych: Brother, Toner kompletny, gotowy do drukowania (w wersji z chipem), wk\u0142adamy do urz\u0105dzenia i drukujemy. Kompatybilny z: Brother MFC-L2922DW Brother MFC-L2862DW Brother MFC-L2802DN Brother MFC-L2802DW Brother DCP-L2640DN Brother DCP-L2622DW Brother DCP-L2600D [&hellip;]\" \/>\n<meta property=\"og:url\" content=\"https:\/\/racom.com.pl\/index.php\/produkt\/nowy-toner-do-brother-tn2590-xl-z-chip-hl-l2402-2442-2447-dcp-l2600-2622\/\" \/>\n<meta property=\"og:site_name\" content=\"Mix Market - Supermarket z wszystkim co potrzeba\" \/>\n<meta property=\"og:image\" content=\"https:\/\/racom.com.pl\/wp-content\/uploads\/2025\/07\/allegro_687a9708ab9594.21764019_7b784b714ef78b0add1c7d2a899a.jpg\" \/>\n\t<meta property=\"og:image:width\" content=\"800\" \/>\n\t<meta property=\"og:image:height\" content=\"800\" \/>\n\t<meta property=\"og:image:type\" content=\"image\/jpeg\" \/>\n<meta name=\"twitter:card\" content=\"summary_large_image\" \/>\n<script type=\"application\/ld+json\" class=\"yoast-schema-graph\">{\"@context\":\"https:\\\/\\\/schema.org\",\"@graph\":[{\"@type\":\"WebPage\",\"@id\":\"https:\\\/\\\/racom.com.pl\\\/index.php\\\/produkt\\\/nowy-toner-do-brother-tn2590-xl-z-chip-hl-l2402-2442-2447-dcp-l2600-2622\\\/\",\"url\":\"https:\\\/\\\/racom.com.pl\\\/index.php\\\/produkt\\\/nowy-toner-do-brother-tn2590-xl-z-chip-hl-l2402-2442-2447-dcp-l2600-2622\\\/\",\"name\":\"Nowy TONER do Brother TN2590 XL z CHIP HL-L2402 2442 2447 DCP-L2600 2622 - Mix Market - Supermarket z wszystkim co potrzeba\",\"isPartOf\":{\"@id\":\"https:\\\/\\\/racom.com.pl\\\/#website\"},\"primaryImageOfPage\":{\"@id\":\"https:\\\/\\\/racom.com.pl\\\/index.php\\\/produkt\\\/nowy-toner-do-brother-tn2590-xl-z-chip-hl-l2402-2442-2447-dcp-l2600-2622\\\/#primaryimage\"},\"image\":{\"@id\":\"https:\\\/\\\/racom.com.pl\\\/index.php\\\/produkt\\\/nowy-toner-do-brother-tn2590-xl-z-chip-hl-l2402-2442-2447-dcp-l2600-2622\\\/#primaryimage\"},\"thumbnailUrl\":\"https:\\\/\\\/racom.com.pl\\\/wp-content\\\/uploads\\\/2025\\\/07\\\/allegro_687a9708ab9594.21764019_7b784b714ef78b0add1c7d2a899a.jpg\",\"datePublished\":\"2025-07-18T18:48:07+00:00\",\"breadcrumb\":{\"@id\":\"https:\\\/\\\/racom.com.pl\\\/index.php\\\/produkt\\\/nowy-toner-do-brother-tn2590-xl-z-chip-hl-l2402-2442-2447-dcp-l2600-2622\\\/#breadcrumb\"},\"inLanguage\":\"pl-PL\",\"potentialAction\":[{\"@type\":\"ReadAction\",\"target\":[\"https:\\\/\\\/racom.com.pl\\\/index.php\\\/produkt\\\/nowy-toner-do-brother-tn2590-xl-z-chip-hl-l2402-2442-2447-dcp-l2600-2622\\\/\"]}]},{\"@type\":\"ImageObject\",\"inLanguage\":\"pl-PL\",\"@id\":\"https:\\\/\\\/racom.com.pl\\\/index.php\\\/produkt\\\/nowy-toner-do-brother-tn2590-xl-z-chip-hl-l2402-2442-2447-dcp-l2600-2622\\\/#primaryimage\",\"url\":\"https:\\\/\\\/racom.com.pl\\\/wp-content\\\/uploads\\\/2025\\\/07\\\/allegro_687a9708ab9594.21764019_7b784b714ef78b0add1c7d2a899a.jpg\",\"contentUrl\":\"https:\\\/\\\/racom.com.pl\\\/wp-content\\\/uploads\\\/2025\\\/07\\\/allegro_687a9708ab9594.21764019_7b784b714ef78b0add1c7d2a899a.jpg\",\"width\":800,\"height\":800},{\"@type\":\"BreadcrumbList\",\"@id\":\"https:\\\/\\\/racom.com.pl\\\/index.php\\\/produkt\\\/nowy-toner-do-brother-tn2590-xl-z-chip-hl-l2402-2442-2447-dcp-l2600-2622\\\/#breadcrumb\",\"itemListElement\":[{\"@type\":\"ListItem\",\"position\":1,\"name\":\"Strona g\u0142\u00f3wna\",\"item\":\"https:\\\/\\\/racom.com.pl\\\/\"},{\"@type\":\"ListItem\",\"position\":2,\"name\":\"Sklep\",\"item\":\"https:\\\/\\\/racom.com.pl\\\/\"},{\"@type\":\"ListItem\",\"position\":3,\"name\":\"Nowy TONER do Brother TN2590 XL z CHIP HL-L2402 2442 2447 DCP-L2600 2622\"}]},{\"@type\":\"WebSite\",\"@id\":\"https:\\\/\\\/racom.com.pl\\\/#website\",\"url\":\"https:\\\/\\\/racom.com.pl\\\/\",\"name\":\"Mix Market - Supermarket z wszystkim co potrzeba do domu i nie tylko\",\"description\":\"\",\"publisher\":{\"@id\":\"https:\\\/\\\/racom.com.pl\\\/#organization\"},\"potentialAction\":[{\"@type\":\"SearchAction\",\"target\":{\"@type\":\"EntryPoint\",\"urlTemplate\":\"https:\\\/\\\/racom.com.pl\\\/?s={search_term_string}\"},\"query-input\":{\"@type\":\"PropertyValueSpecification\",\"valueRequired\":true,\"valueName\":\"search_term_string\"}}],\"inLanguage\":\"pl-PL\"},{\"@type\":\"Organization\",\"@id\":\"https:\\\/\\\/racom.com.pl\\\/#organization\",\"name\":\"Mix Market - Supermarket z wszystkim co potrzeba do domu i nie tylko\",\"url\":\"https:\\\/\\\/racom.com.pl\\\/\",\"logo\":{\"@type\":\"ImageObject\",\"inLanguage\":\"pl-PL\",\"@id\":\"https:\\\/\\\/racom.com.pl\\\/#\\\/schema\\\/logo\\\/image\\\/\",\"url\":\"https:\\\/\\\/racom.com.pl\\\/wp-content\\\/uploads\\\/2025\\\/07\\\/mixmarket_logo.png\",\"contentUrl\":\"https:\\\/\\\/racom.com.pl\\\/wp-content\\\/uploads\\\/2025\\\/07\\\/mixmarket_logo.png\",\"width\":1024,\"height\":1024,\"caption\":\"Mix Market - Supermarket z wszystkim co potrzeba do domu i nie tylko\"},\"image\":{\"@id\":\"https:\\\/\\\/racom.com.pl\\\/#\\\/schema\\\/logo\\\/image\\\/\"}}]}<\/script>\n<!-- \/ Yoast SEO plugin. -->","yoast_head_json":{"title":"Nowy TONER do Brother TN2590 XL z CHIP HL-L2402 2442 2447 DCP-L2600 2622 - Mix Market - Supermarket z wszystkim co potrzeba","robots":{"index":"index","follow":"follow","max-snippet":"max-snippet:-1","max-image-preview":"max-image-preview:large","max-video-preview":"max-video-preview:-1"},"canonical":"https:\/\/racom.com.pl\/index.php\/produkt\/nowy-toner-do-brother-tn2590-xl-z-chip-hl-l2402-2442-2447-dcp-l2600-2622\/","og_locale":"pl_PL","og_type":"article","og_title":"Nowy TONER do Brother TN2590 XL z CHIP HL-L2402 2442 2447 DCP-L2600 2622 - Mix Market - Supermarket z wszystkim co potrzeba","og_description":"Nowy Zamienny toner do Brother o symbolu TN2590XL Wydajno\u015b\u0107: 3000 stron przy 5% pokryciu zadruku, Kolor: Black &#8211; Czarny, Rodzaj: Zamiennik, Do drukarek laserowych: Brother, Toner kompletny, gotowy do drukowania (w wersji z chipem), wk\u0142adamy do urz\u0105dzenia i drukujemy. Kompatybilny z: Brother MFC-L2922DW Brother MFC-L2862DW Brother MFC-L2802DN Brother MFC-L2802DW Brother DCP-L2640DN Brother DCP-L2622DW Brother DCP-L2600D [&hellip;]","og_url":"https:\/\/racom.com.pl\/index.php\/produkt\/nowy-toner-do-brother-tn2590-xl-z-chip-hl-l2402-2442-2447-dcp-l2600-2622\/","og_site_name":"Mix Market - Supermarket z wszystkim co potrzeba","og_image":[{"width":800,"height":800,"url":"https:\/\/racom.com.pl\/wp-content\/uploads\/2025\/07\/allegro_687a9708ab9594.21764019_7b784b714ef78b0add1c7d2a899a.jpg","type":"image\/jpeg"}],"twitter_card":"summary_large_image","schema":{"@context":"https:\/\/schema.org","@graph":[{"@type":"WebPage","@id":"https:\/\/racom.com.pl\/index.php\/produkt\/nowy-toner-do-brother-tn2590-xl-z-chip-hl-l2402-2442-2447-dcp-l2600-2622\/","url":"https:\/\/racom.com.pl\/index.php\/produkt\/nowy-toner-do-brother-tn2590-xl-z-chip-hl-l2402-2442-2447-dcp-l2600-2622\/","name":"Nowy TONER do Brother TN2590 XL z CHIP HL-L2402 2442 2447 DCP-L2600 2622 - Mix Market - Supermarket z wszystkim co potrzeba","isPartOf":{"@id":"https:\/\/racom.com.pl\/#website"},"primaryImageOfPage":{"@id":"https:\/\/racom.com.pl\/index.php\/produkt\/nowy-toner-do-brother-tn2590-xl-z-chip-hl-l2402-2442-2447-dcp-l2600-2622\/#primaryimage"},"image":{"@id":"https:\/\/racom.com.pl\/index.php\/produkt\/nowy-toner-do-brother-tn2590-xl-z-chip-hl-l2402-2442-2447-dcp-l2600-2622\/#primaryimage"},"thumbnailUrl":"https:\/\/racom.com.pl\/wp-content\/uploads\/2025\/07\/allegro_687a9708ab9594.21764019_7b784b714ef78b0add1c7d2a899a.jpg","datePublished":"2025-07-18T18:48:07+00:00","breadcrumb":{"@id":"https:\/\/racom.com.pl\/index.php\/produkt\/nowy-toner-do-brother-tn2590-xl-z-chip-hl-l2402-2442-2447-dcp-l2600-2622\/#breadcrumb"},"inLanguage":"pl-PL","potentialAction":[{"@type":"ReadAction","target":["https:\/\/racom.com.pl\/index.php\/produkt\/nowy-toner-do-brother-tn2590-xl-z-chip-hl-l2402-2442-2447-dcp-l2600-2622\/"]}]},{"@type":"ImageObject","inLanguage":"pl-PL","@id":"https:\/\/racom.com.pl\/index.php\/produkt\/nowy-toner-do-brother-tn2590-xl-z-chip-hl-l2402-2442-2447-dcp-l2600-2622\/#primaryimage","url":"https:\/\/racom.com.pl\/wp-content\/uploads\/2025\/07\/allegro_687a9708ab9594.21764019_7b784b714ef78b0add1c7d2a899a.jpg","contentUrl":"https:\/\/racom.com.pl\/wp-content\/uploads\/2025\/07\/allegro_687a9708ab9594.21764019_7b784b714ef78b0add1c7d2a899a.jpg","width":800,"height":800},{"@type":"BreadcrumbList","@id":"https:\/\/racom.com.pl\/index.php\/produkt\/nowy-toner-do-brother-tn2590-xl-z-chip-hl-l2402-2442-2447-dcp-l2600-2622\/#breadcrumb","itemListElement":[{"@type":"ListItem","position":1,"name":"Strona g\u0142\u00f3wna","item":"https:\/\/racom.com.pl\/"},{"@type":"ListItem","position":2,"name":"Sklep","item":"https:\/\/racom.com.pl\/"},{"@type":"ListItem","position":3,"name":"Nowy TONER do Brother TN2590 XL z CHIP HL-L2402 2442 2447 DCP-L2600 2622"}]},{"@type":"WebSite","@id":"https:\/\/racom.com.pl\/#website","url":"https:\/\/racom.com.pl\/","name":"Mix Market - Supermarket z wszystkim co potrzeba do domu i nie tylko","description":"","publisher":{"@id":"https:\/\/racom.com.pl\/#organization"},"potentialAction":[{"@type":"SearchAction","target":{"@type":"EntryPoint","urlTemplate":"https:\/\/racom.com.pl\/?s={search_term_string}"},"query-input":{"@type":"PropertyValueSpecification","valueRequired":true,"valueName":"search_term_string"}}],"inLanguage":"pl-PL"},{"@type":"Organization","@id":"https:\/\/racom.com.pl\/#organization","name":"Mix Market - Supermarket z wszystkim co potrzeba do domu i nie tylko","url":"https:\/\/racom.com.pl\/","logo":{"@type":"ImageObject","inLanguage":"pl-PL","@id":"https:\/\/racom.com.pl\/#\/schema\/logo\/image\/","url":"https:\/\/racom.com.pl\/wp-content\/uploads\/2025\/07\/mixmarket_logo.png","contentUrl":"https:\/\/racom.com.pl\/wp-content\/uploads\/2025\/07\/mixmarket_logo.png","width":1024,"height":1024,"caption":"Mix Market - Supermarket z wszystkim co potrzeba do domu i nie tylko"},"image":{"@id":"https:\/\/racom.com.pl\/#\/schema\/logo\/image\/"}}]}},"_links":{"self":[{"href":"https:\/\/racom.com.pl\/index.php\/wp-json\/wp\/v2\/product\/1837","targetHints":{"allow":["GET"]}}],"collection":[{"href":"https:\/\/racom.com.pl\/index.php\/wp-json\/wp\/v2\/product"}],"about":[{"href":"https:\/\/racom.com.pl\/index.php\/wp-json\/wp\/v2\/types\/product"}],"replies":[{"embeddable":true,"href":"https:\/\/racom.com.pl\/index.php\/wp-json\/wp\/v2\/comments?post=1837"}],"wp:featuredmedia":[{"embeddable":true,"href":"https:\/\/racom.com.pl\/index.php\/wp-json\/wp\/v2\/media\/1839"}],"wp:attachment":[{"href":"https:\/\/racom.com.pl\/index.php\/wp-json\/wp\/v2\/media?parent=1837"}],"wp:term":[{"taxonomy":"product_brand","embeddable":true,"href":"https:\/\/racom.com.pl\/index.php\/wp-json\/wp\/v2\/product_brand?post=1837"},{"taxonomy":"product_cat","embeddable":true,"href":"https:\/\/racom.com.pl\/index.php\/wp-json\/wp\/v2\/product_cat?post=1837"},{"taxonomy":"product_tag","embeddable":true,"href":"https:\/\/racom.com.pl\/index.php\/wp-json\/wp\/v2\/product_tag?post=1837"}],"curies":[{"name":"wp","href":"https:\/\/api.w.org\/{rel}","templated":true}]}}