{"id":1873,"date":"2025-07-18T20:53:56","date_gmt":"2025-07-18T18:53:56","guid":{"rendered":"http:\/\/192.168.2.106\/index.php\/produkt\/gniazdo-zasilania-tablet-jack-2-5-0-7mm-5pin-smd\/"},"modified":"2025-07-18T20:53:56","modified_gmt":"2025-07-18T18:53:56","slug":"gniazdo-zasilania-tablet-jack-2-5-0-7mm-5pin-smd","status":"publish","type":"product","link":"https:\/\/racom.com.pl\/index.php\/produkt\/gniazdo-zasilania-tablet-jack-2-5-0-7mm-5pin-smd\/","title":{"rendered":"GNIAZDO ZASILANIA TABLET jack 2.5\/0.7mm 5pin SMD"},"content":{"rendered":"<h2>Gniazdo zasilania do tabletu 2.5\/0.7 mm<\/h2>\n<p>Gniazdo zasilania do tablet\u00f3w, cz\u0119\u015b\u0107 fabrycznie nowa.<\/p>\n<ul>\n<li><b>Kod produktu:<\/b> A227<\/li>\n<\/ul>\n","protected":false},"excerpt":{"rendered":"<p>Gniazdo zasilania do tabletu 2.5\/0.7 mm Gniazdo zasilania do tablet\u00f3w, cz\u0119\u015b\u0107 fabrycznie nowa. Kod produktu: A227<\/p>\n","protected":false},"featured_media":1876,"comment_status":"open","ping_status":"closed","template":"","meta":[],"product_brand":[],"product_cat":[47],"product_tag":[],"class_list":{"0":"post-1873","1":"product","2":"type-product","3":"status-publish","4":"has-post-thumbnail","6":"product_cat-tablety","8":"first","9":"instock","10":"taxable","11":"shipping-taxable","12":"purchasable","13":"product-type-simple"},"yoast_head":"<!-- This site is optimized with the Yoast SEO plugin v27.3 - https:\/\/yoast.com\/product\/yoast-seo-wordpress\/ -->\n<title>GNIAZDO ZASILANIA TABLET jack 2.5\/0.7mm 5pin SMD - Mix Market - Supermarket z wszystkim co potrzeba<\/title>\n<meta name=\"robots\" content=\"index, follow, max-snippet:-1, max-image-preview:large, max-video-preview:-1\" \/>\n<link rel=\"canonical\" href=\"https:\/\/racom.com.pl\/index.php\/produkt\/gniazdo-zasilania-tablet-jack-2-5-0-7mm-5pin-smd\/\" \/>\n<meta property=\"og:locale\" content=\"pl_PL\" \/>\n<meta property=\"og:type\" content=\"article\" \/>\n<meta property=\"og:title\" content=\"GNIAZDO ZASILANIA TABLET jack 2.5\/0.7mm 5pin SMD - Mix Market - Supermarket z wszystkim co potrzeba\" \/>\n<meta property=\"og:description\" content=\"Gniazdo zasilania do tabletu 2.5\/0.7 mm Gniazdo zasilania do tablet\u00f3w, cz\u0119\u015b\u0107 fabrycznie nowa. Kod produktu: A227\" \/>\n<meta property=\"og:url\" content=\"https:\/\/racom.com.pl\/index.php\/produkt\/gniazdo-zasilania-tablet-jack-2-5-0-7mm-5pin-smd\/\" \/>\n<meta property=\"og:site_name\" content=\"Mix Market - Supermarket z wszystkim co potrzeba\" \/>\n<meta property=\"og:image\" content=\"https:\/\/racom.com.pl\/wp-content\/uploads\/2025\/07\/allegro_687a9872ab9948.97751486_836aace044c4bac6c6a16ea99843.jpg\" \/>\n\t<meta property=\"og:image:width\" content=\"705\" \/>\n\t<meta property=\"og:image:height\" content=\"1122\" \/>\n\t<meta property=\"og:image:type\" content=\"image\/jpeg\" \/>\n<meta name=\"twitter:card\" content=\"summary_large_image\" \/>\n<script type=\"application\/ld+json\" class=\"yoast-schema-graph\">{\"@context\":\"https:\\\/\\\/schema.org\",\"@graph\":[{\"@type\":\"WebPage\",\"@id\":\"https:\\\/\\\/racom.com.pl\\\/index.php\\\/produkt\\\/gniazdo-zasilania-tablet-jack-2-5-0-7mm-5pin-smd\\\/\",\"url\":\"https:\\\/\\\/racom.com.pl\\\/index.php\\\/produkt\\\/gniazdo-zasilania-tablet-jack-2-5-0-7mm-5pin-smd\\\/\",\"name\":\"GNIAZDO ZASILANIA TABLET jack 2.5\\\/0.7mm 5pin SMD - Mix Market - Supermarket z wszystkim co potrzeba\",\"isPartOf\":{\"@id\":\"https:\\\/\\\/racom.com.pl\\\/#website\"},\"primaryImageOfPage\":{\"@id\":\"https:\\\/\\\/racom.com.pl\\\/index.php\\\/produkt\\\/gniazdo-zasilania-tablet-jack-2-5-0-7mm-5pin-smd\\\/#primaryimage\"},\"image\":{\"@id\":\"https:\\\/\\\/racom.com.pl\\\/index.php\\\/produkt\\\/gniazdo-zasilania-tablet-jack-2-5-0-7mm-5pin-smd\\\/#primaryimage\"},\"thumbnailUrl\":\"https:\\\/\\\/racom.com.pl\\\/wp-content\\\/uploads\\\/2025\\\/07\\\/allegro_687a9872ab9948.97751486_836aace044c4bac6c6a16ea99843.jpg\",\"datePublished\":\"2025-07-18T18:53:56+00:00\",\"breadcrumb\":{\"@id\":\"https:\\\/\\\/racom.com.pl\\\/index.php\\\/produkt\\\/gniazdo-zasilania-tablet-jack-2-5-0-7mm-5pin-smd\\\/#breadcrumb\"},\"inLanguage\":\"pl-PL\",\"potentialAction\":[{\"@type\":\"ReadAction\",\"target\":[\"https:\\\/\\\/racom.com.pl\\\/index.php\\\/produkt\\\/gniazdo-zasilania-tablet-jack-2-5-0-7mm-5pin-smd\\\/\"]}]},{\"@type\":\"ImageObject\",\"inLanguage\":\"pl-PL\",\"@id\":\"https:\\\/\\\/racom.com.pl\\\/index.php\\\/produkt\\\/gniazdo-zasilania-tablet-jack-2-5-0-7mm-5pin-smd\\\/#primaryimage\",\"url\":\"https:\\\/\\\/racom.com.pl\\\/wp-content\\\/uploads\\\/2025\\\/07\\\/allegro_687a9872ab9948.97751486_836aace044c4bac6c6a16ea99843.jpg\",\"contentUrl\":\"https:\\\/\\\/racom.com.pl\\\/wp-content\\\/uploads\\\/2025\\\/07\\\/allegro_687a9872ab9948.97751486_836aace044c4bac6c6a16ea99843.jpg\",\"width\":705,\"height\":1122},{\"@type\":\"BreadcrumbList\",\"@id\":\"https:\\\/\\\/racom.com.pl\\\/index.php\\\/produkt\\\/gniazdo-zasilania-tablet-jack-2-5-0-7mm-5pin-smd\\\/#breadcrumb\",\"itemListElement\":[{\"@type\":\"ListItem\",\"position\":1,\"name\":\"Strona g\u0142\u00f3wna\",\"item\":\"https:\\\/\\\/racom.com.pl\\\/\"},{\"@type\":\"ListItem\",\"position\":2,\"name\":\"Sklep\",\"item\":\"https:\\\/\\\/racom.com.pl\\\/\"},{\"@type\":\"ListItem\",\"position\":3,\"name\":\"GNIAZDO ZASILANIA TABLET jack 2.5\\\/0.7mm 5pin SMD\"}]},{\"@type\":\"WebSite\",\"@id\":\"https:\\\/\\\/racom.com.pl\\\/#website\",\"url\":\"https:\\\/\\\/racom.com.pl\\\/\",\"name\":\"Mix Market - Supermarket z wszystkim co potrzeba do domu i nie tylko\",\"description\":\"\",\"publisher\":{\"@id\":\"https:\\\/\\\/racom.com.pl\\\/#organization\"},\"potentialAction\":[{\"@type\":\"SearchAction\",\"target\":{\"@type\":\"EntryPoint\",\"urlTemplate\":\"https:\\\/\\\/racom.com.pl\\\/?s={search_term_string}\"},\"query-input\":{\"@type\":\"PropertyValueSpecification\",\"valueRequired\":true,\"valueName\":\"search_term_string\"}}],\"inLanguage\":\"pl-PL\"},{\"@type\":\"Organization\",\"@id\":\"https:\\\/\\\/racom.com.pl\\\/#organization\",\"name\":\"Mix Market - Supermarket z wszystkim co potrzeba do domu i nie tylko\",\"url\":\"https:\\\/\\\/racom.com.pl\\\/\",\"logo\":{\"@type\":\"ImageObject\",\"inLanguage\":\"pl-PL\",\"@id\":\"https:\\\/\\\/racom.com.pl\\\/#\\\/schema\\\/logo\\\/image\\\/\",\"url\":\"https:\\\/\\\/racom.com.pl\\\/wp-content\\\/uploads\\\/2025\\\/07\\\/mixmarket_logo.png\",\"contentUrl\":\"https:\\\/\\\/racom.com.pl\\\/wp-content\\\/uploads\\\/2025\\\/07\\\/mixmarket_logo.png\",\"width\":1024,\"height\":1024,\"caption\":\"Mix Market - Supermarket z wszystkim co potrzeba do domu i nie tylko\"},\"image\":{\"@id\":\"https:\\\/\\\/racom.com.pl\\\/#\\\/schema\\\/logo\\\/image\\\/\"}}]}<\/script>\n<!-- \/ Yoast SEO plugin. -->","yoast_head_json":{"title":"GNIAZDO ZASILANIA TABLET jack 2.5\/0.7mm 5pin SMD - Mix Market - Supermarket z wszystkim co potrzeba","robots":{"index":"index","follow":"follow","max-snippet":"max-snippet:-1","max-image-preview":"max-image-preview:large","max-video-preview":"max-video-preview:-1"},"canonical":"https:\/\/racom.com.pl\/index.php\/produkt\/gniazdo-zasilania-tablet-jack-2-5-0-7mm-5pin-smd\/","og_locale":"pl_PL","og_type":"article","og_title":"GNIAZDO ZASILANIA TABLET jack 2.5\/0.7mm 5pin SMD - Mix Market - Supermarket z wszystkim co potrzeba","og_description":"Gniazdo zasilania do tabletu 2.5\/0.7 mm Gniazdo zasilania do tablet\u00f3w, cz\u0119\u015b\u0107 fabrycznie nowa. Kod produktu: A227","og_url":"https:\/\/racom.com.pl\/index.php\/produkt\/gniazdo-zasilania-tablet-jack-2-5-0-7mm-5pin-smd\/","og_site_name":"Mix Market - Supermarket z wszystkim co potrzeba","og_image":[{"width":705,"height":1122,"url":"https:\/\/racom.com.pl\/wp-content\/uploads\/2025\/07\/allegro_687a9872ab9948.97751486_836aace044c4bac6c6a16ea99843.jpg","type":"image\/jpeg"}],"twitter_card":"summary_large_image","schema":{"@context":"https:\/\/schema.org","@graph":[{"@type":"WebPage","@id":"https:\/\/racom.com.pl\/index.php\/produkt\/gniazdo-zasilania-tablet-jack-2-5-0-7mm-5pin-smd\/","url":"https:\/\/racom.com.pl\/index.php\/produkt\/gniazdo-zasilania-tablet-jack-2-5-0-7mm-5pin-smd\/","name":"GNIAZDO ZASILANIA TABLET jack 2.5\/0.7mm 5pin SMD - Mix Market - Supermarket z wszystkim co potrzeba","isPartOf":{"@id":"https:\/\/racom.com.pl\/#website"},"primaryImageOfPage":{"@id":"https:\/\/racom.com.pl\/index.php\/produkt\/gniazdo-zasilania-tablet-jack-2-5-0-7mm-5pin-smd\/#primaryimage"},"image":{"@id":"https:\/\/racom.com.pl\/index.php\/produkt\/gniazdo-zasilania-tablet-jack-2-5-0-7mm-5pin-smd\/#primaryimage"},"thumbnailUrl":"https:\/\/racom.com.pl\/wp-content\/uploads\/2025\/07\/allegro_687a9872ab9948.97751486_836aace044c4bac6c6a16ea99843.jpg","datePublished":"2025-07-18T18:53:56+00:00","breadcrumb":{"@id":"https:\/\/racom.com.pl\/index.php\/produkt\/gniazdo-zasilania-tablet-jack-2-5-0-7mm-5pin-smd\/#breadcrumb"},"inLanguage":"pl-PL","potentialAction":[{"@type":"ReadAction","target":["https:\/\/racom.com.pl\/index.php\/produkt\/gniazdo-zasilania-tablet-jack-2-5-0-7mm-5pin-smd\/"]}]},{"@type":"ImageObject","inLanguage":"pl-PL","@id":"https:\/\/racom.com.pl\/index.php\/produkt\/gniazdo-zasilania-tablet-jack-2-5-0-7mm-5pin-smd\/#primaryimage","url":"https:\/\/racom.com.pl\/wp-content\/uploads\/2025\/07\/allegro_687a9872ab9948.97751486_836aace044c4bac6c6a16ea99843.jpg","contentUrl":"https:\/\/racom.com.pl\/wp-content\/uploads\/2025\/07\/allegro_687a9872ab9948.97751486_836aace044c4bac6c6a16ea99843.jpg","width":705,"height":1122},{"@type":"BreadcrumbList","@id":"https:\/\/racom.com.pl\/index.php\/produkt\/gniazdo-zasilania-tablet-jack-2-5-0-7mm-5pin-smd\/#breadcrumb","itemListElement":[{"@type":"ListItem","position":1,"name":"Strona g\u0142\u00f3wna","item":"https:\/\/racom.com.pl\/"},{"@type":"ListItem","position":2,"name":"Sklep","item":"https:\/\/racom.com.pl\/"},{"@type":"ListItem","position":3,"name":"GNIAZDO ZASILANIA TABLET jack 2.5\/0.7mm 5pin SMD"}]},{"@type":"WebSite","@id":"https:\/\/racom.com.pl\/#website","url":"https:\/\/racom.com.pl\/","name":"Mix Market - Supermarket z wszystkim co potrzeba do domu i nie tylko","description":"","publisher":{"@id":"https:\/\/racom.com.pl\/#organization"},"potentialAction":[{"@type":"SearchAction","target":{"@type":"EntryPoint","urlTemplate":"https:\/\/racom.com.pl\/?s={search_term_string}"},"query-input":{"@type":"PropertyValueSpecification","valueRequired":true,"valueName":"search_term_string"}}],"inLanguage":"pl-PL"},{"@type":"Organization","@id":"https:\/\/racom.com.pl\/#organization","name":"Mix Market - Supermarket z wszystkim co potrzeba do domu i nie tylko","url":"https:\/\/racom.com.pl\/","logo":{"@type":"ImageObject","inLanguage":"pl-PL","@id":"https:\/\/racom.com.pl\/#\/schema\/logo\/image\/","url":"https:\/\/racom.com.pl\/wp-content\/uploads\/2025\/07\/mixmarket_logo.png","contentUrl":"https:\/\/racom.com.pl\/wp-content\/uploads\/2025\/07\/mixmarket_logo.png","width":1024,"height":1024,"caption":"Mix Market - Supermarket z wszystkim co potrzeba do domu i nie tylko"},"image":{"@id":"https:\/\/racom.com.pl\/#\/schema\/logo\/image\/"}}]}},"_links":{"self":[{"href":"https:\/\/racom.com.pl\/index.php\/wp-json\/wp\/v2\/product\/1873","targetHints":{"allow":["GET"]}}],"collection":[{"href":"https:\/\/racom.com.pl\/index.php\/wp-json\/wp\/v2\/product"}],"about":[{"href":"https:\/\/racom.com.pl\/index.php\/wp-json\/wp\/v2\/types\/product"}],"replies":[{"embeddable":true,"href":"https:\/\/racom.com.pl\/index.php\/wp-json\/wp\/v2\/comments?post=1873"}],"wp:featuredmedia":[{"embeddable":true,"href":"https:\/\/racom.com.pl\/index.php\/wp-json\/wp\/v2\/media\/1876"}],"wp:attachment":[{"href":"https:\/\/racom.com.pl\/index.php\/wp-json\/wp\/v2\/media?parent=1873"}],"wp:term":[{"taxonomy":"product_brand","embeddable":true,"href":"https:\/\/racom.com.pl\/index.php\/wp-json\/wp\/v2\/product_brand?post=1873"},{"taxonomy":"product_cat","embeddable":true,"href":"https:\/\/racom.com.pl\/index.php\/wp-json\/wp\/v2\/product_cat?post=1873"},{"taxonomy":"product_tag","embeddable":true,"href":"https:\/\/racom.com.pl\/index.php\/wp-json\/wp\/v2\/product_tag?post=1873"}],"curies":[{"name":"wp","href":"https:\/\/api.w.org\/{rel}","templated":true}]}}