{"id":1901,"date":"2025-07-18T20:58:31","date_gmt":"2025-07-18T18:58:31","guid":{"rendered":"http:\/\/192.168.2.106\/index.php\/produkt\/separator-szczypce-przyssawka-do-lcd-ekran-dotyk\/"},"modified":"2025-07-18T20:58:31","modified_gmt":"2025-07-18T18:58:31","slug":"separator-szczypce-przyssawka-do-lcd-ekran-dotyk","status":"publish","type":"product","link":"https:\/\/racom.com.pl\/index.php\/produkt\/separator-szczypce-przyssawka-do-lcd-ekran-dotyk\/","title":{"rendered":"SEPARATOR SZCZYPCE PRZYSSAWKA DO LCD EKRAN DOTYK"},"content":{"rendered":"<h2>SZCZYPCE SEPARUJ\u0104CE DO EKRAN\u00d3W LCD<\/h2>\n<p>Szczypce wyposa\u017cone w dwie przyssawki (g\u00f3ra i d\u00f3\u0142) do odseparowania ekranu dotykowego lub ca\u0142ego setu od obudowy smartfona, nawigacji czy tabletu. R\u0119koje\u015b\u0107 posiada naniesion\u0105 gumow\u0105 pow\u0142ok\u0119, co zapewnia pewny chwyt.<\/p>\n<p>Spos\u00f3b u\u017cycia:<\/p>\n<p>1. Przyklei\u0107 jedn\u0105 przyssawk\u0119 do digitizera<\/p>\n<p>2. Przyklei\u0107 drug\u0105 przyssawk\u0119 do ty\u0142u obudowy urz\u0105dzenia (powierzchnia musi by\u0107 g\u0142adka)<\/p>\n<p>3. Uciskaj\u0105c r\u0119koje\u015b\u0107 (po \u00f3wczesnym podgrzaniu dotyku i rozpuszczeniu kleju je\u017celi takowy zosta\u0142 stosowany) unie\u015b\u0107 delikatnie ekran ku g\u00f3rze.<\/p>\n<p><b>Kod produktu: <\/b>A763<\/p>\n","protected":false},"excerpt":{"rendered":"<p>SZCZYPCE SEPARUJ\u0104CE DO EKRAN\u00d3W LCD Szczypce wyposa\u017cone w dwie przyssawki (g\u00f3ra i d\u00f3\u0142) do odseparowania ekranu dotykowego lub ca\u0142ego setu od obudowy smartfona, nawigacji czy tabletu. R\u0119koje\u015b\u0107 posiada naniesion\u0105 gumow\u0105 pow\u0142ok\u0119, co zapewnia pewny chwyt. Spos\u00f3b u\u017cycia: 1. Przyklei\u0107 jedn\u0105 przyssawk\u0119 do digitizera 2. Przyklei\u0107 drug\u0105 przyssawk\u0119 do ty\u0142u obudowy urz\u0105dzenia (powierzchnia musi by\u0107 g\u0142adka) [&hellip;]<\/p>\n","protected":false},"featured_media":1904,"comment_status":"open","ping_status":"closed","template":"","meta":[],"product_brand":[],"product_cat":[26],"product_tag":[],"class_list":{"0":"post-1901","1":"product","2":"type-product","3":"status-publish","4":"has-post-thumbnail","6":"product_cat-akcesoria-gsm","8":"first","9":"instock","10":"taxable","11":"shipping-taxable","12":"purchasable","13":"product-type-simple"},"yoast_head":"<!-- This site is optimized with the Yoast SEO plugin v27.3 - https:\/\/yoast.com\/product\/yoast-seo-wordpress\/ -->\n<title>SEPARATOR SZCZYPCE PRZYSSAWKA DO LCD EKRAN DOTYK - Mix Market - Supermarket z wszystkim co potrzeba<\/title>\n<meta name=\"robots\" content=\"index, follow, max-snippet:-1, max-image-preview:large, max-video-preview:-1\" \/>\n<link rel=\"canonical\" href=\"https:\/\/racom.com.pl\/index.php\/produkt\/separator-szczypce-przyssawka-do-lcd-ekran-dotyk\/\" \/>\n<meta property=\"og:locale\" content=\"pl_PL\" \/>\n<meta property=\"og:type\" content=\"article\" \/>\n<meta property=\"og:title\" content=\"SEPARATOR SZCZYPCE PRZYSSAWKA DO LCD EKRAN DOTYK - Mix Market - Supermarket z wszystkim co potrzeba\" \/>\n<meta property=\"og:description\" content=\"SZCZYPCE SEPARUJ\u0104CE DO EKRAN\u00d3W LCD Szczypce wyposa\u017cone w dwie przyssawki (g\u00f3ra i d\u00f3\u0142) do odseparowania ekranu dotykowego lub ca\u0142ego setu od obudowy smartfona, nawigacji czy tabletu. R\u0119koje\u015b\u0107 posiada naniesion\u0105 gumow\u0105 pow\u0142ok\u0119, co zapewnia pewny chwyt. Spos\u00f3b u\u017cycia: 1. Przyklei\u0107 jedn\u0105 przyssawk\u0119 do digitizera 2. Przyklei\u0107 drug\u0105 przyssawk\u0119 do ty\u0142u obudowy urz\u0105dzenia (powierzchnia musi by\u0107 g\u0142adka) [&hellip;]\" \/>\n<meta property=\"og:url\" content=\"https:\/\/racom.com.pl\/index.php\/produkt\/separator-szczypce-przyssawka-do-lcd-ekran-dotyk\/\" \/>\n<meta property=\"og:site_name\" content=\"Mix Market - Supermarket z wszystkim co potrzeba\" \/>\n<meta property=\"og:image\" content=\"https:\/\/racom.com.pl\/wp-content\/uploads\/2025\/07\/allegro_687a9969d7fff9.93168061_105f8b944f709856135c4cae08ea.jpg\" \/>\n\t<meta property=\"og:image:width\" content=\"1130\" \/>\n\t<meta property=\"og:image:height\" content=\"1142\" \/>\n\t<meta property=\"og:image:type\" content=\"image\/jpeg\" \/>\n<meta name=\"twitter:card\" content=\"summary_large_image\" \/>\n<script type=\"application\/ld+json\" class=\"yoast-schema-graph\">{\"@context\":\"https:\\\/\\\/schema.org\",\"@graph\":[{\"@type\":\"WebPage\",\"@id\":\"https:\\\/\\\/racom.com.pl\\\/index.php\\\/produkt\\\/separator-szczypce-przyssawka-do-lcd-ekran-dotyk\\\/\",\"url\":\"https:\\\/\\\/racom.com.pl\\\/index.php\\\/produkt\\\/separator-szczypce-przyssawka-do-lcd-ekran-dotyk\\\/\",\"name\":\"SEPARATOR SZCZYPCE PRZYSSAWKA DO LCD EKRAN DOTYK - Mix Market - Supermarket z wszystkim co potrzeba\",\"isPartOf\":{\"@id\":\"https:\\\/\\\/racom.com.pl\\\/#website\"},\"primaryImageOfPage\":{\"@id\":\"https:\\\/\\\/racom.com.pl\\\/index.php\\\/produkt\\\/separator-szczypce-przyssawka-do-lcd-ekran-dotyk\\\/#primaryimage\"},\"image\":{\"@id\":\"https:\\\/\\\/racom.com.pl\\\/index.php\\\/produkt\\\/separator-szczypce-przyssawka-do-lcd-ekran-dotyk\\\/#primaryimage\"},\"thumbnailUrl\":\"https:\\\/\\\/racom.com.pl\\\/wp-content\\\/uploads\\\/2025\\\/07\\\/allegro_687a9969d7fff9.93168061_105f8b944f709856135c4cae08ea.jpg\",\"datePublished\":\"2025-07-18T18:58:31+00:00\",\"breadcrumb\":{\"@id\":\"https:\\\/\\\/racom.com.pl\\\/index.php\\\/produkt\\\/separator-szczypce-przyssawka-do-lcd-ekran-dotyk\\\/#breadcrumb\"},\"inLanguage\":\"pl-PL\",\"potentialAction\":[{\"@type\":\"ReadAction\",\"target\":[\"https:\\\/\\\/racom.com.pl\\\/index.php\\\/produkt\\\/separator-szczypce-przyssawka-do-lcd-ekran-dotyk\\\/\"]}]},{\"@type\":\"ImageObject\",\"inLanguage\":\"pl-PL\",\"@id\":\"https:\\\/\\\/racom.com.pl\\\/index.php\\\/produkt\\\/separator-szczypce-przyssawka-do-lcd-ekran-dotyk\\\/#primaryimage\",\"url\":\"https:\\\/\\\/racom.com.pl\\\/wp-content\\\/uploads\\\/2025\\\/07\\\/allegro_687a9969d7fff9.93168061_105f8b944f709856135c4cae08ea.jpg\",\"contentUrl\":\"https:\\\/\\\/racom.com.pl\\\/wp-content\\\/uploads\\\/2025\\\/07\\\/allegro_687a9969d7fff9.93168061_105f8b944f709856135c4cae08ea.jpg\",\"width\":1130,\"height\":1142},{\"@type\":\"BreadcrumbList\",\"@id\":\"https:\\\/\\\/racom.com.pl\\\/index.php\\\/produkt\\\/separator-szczypce-przyssawka-do-lcd-ekran-dotyk\\\/#breadcrumb\",\"itemListElement\":[{\"@type\":\"ListItem\",\"position\":1,\"name\":\"Strona g\u0142\u00f3wna\",\"item\":\"https:\\\/\\\/racom.com.pl\\\/\"},{\"@type\":\"ListItem\",\"position\":2,\"name\":\"Sklep\",\"item\":\"https:\\\/\\\/racom.com.pl\\\/\"},{\"@type\":\"ListItem\",\"position\":3,\"name\":\"SEPARATOR SZCZYPCE PRZYSSAWKA DO LCD EKRAN DOTYK\"}]},{\"@type\":\"WebSite\",\"@id\":\"https:\\\/\\\/racom.com.pl\\\/#website\",\"url\":\"https:\\\/\\\/racom.com.pl\\\/\",\"name\":\"Mix Market - Supermarket z wszystkim co potrzeba do domu i nie tylko\",\"description\":\"\",\"publisher\":{\"@id\":\"https:\\\/\\\/racom.com.pl\\\/#organization\"},\"potentialAction\":[{\"@type\":\"SearchAction\",\"target\":{\"@type\":\"EntryPoint\",\"urlTemplate\":\"https:\\\/\\\/racom.com.pl\\\/?s={search_term_string}\"},\"query-input\":{\"@type\":\"PropertyValueSpecification\",\"valueRequired\":true,\"valueName\":\"search_term_string\"}}],\"inLanguage\":\"pl-PL\"},{\"@type\":\"Organization\",\"@id\":\"https:\\\/\\\/racom.com.pl\\\/#organization\",\"name\":\"Mix Market - Supermarket z wszystkim co potrzeba do domu i nie tylko\",\"url\":\"https:\\\/\\\/racom.com.pl\\\/\",\"logo\":{\"@type\":\"ImageObject\",\"inLanguage\":\"pl-PL\",\"@id\":\"https:\\\/\\\/racom.com.pl\\\/#\\\/schema\\\/logo\\\/image\\\/\",\"url\":\"https:\\\/\\\/racom.com.pl\\\/wp-content\\\/uploads\\\/2025\\\/07\\\/mixmarket_logo.png\",\"contentUrl\":\"https:\\\/\\\/racom.com.pl\\\/wp-content\\\/uploads\\\/2025\\\/07\\\/mixmarket_logo.png\",\"width\":1024,\"height\":1024,\"caption\":\"Mix Market - Supermarket z wszystkim co potrzeba do domu i nie tylko\"},\"image\":{\"@id\":\"https:\\\/\\\/racom.com.pl\\\/#\\\/schema\\\/logo\\\/image\\\/\"}}]}<\/script>\n<!-- \/ Yoast SEO plugin. -->","yoast_head_json":{"title":"SEPARATOR SZCZYPCE PRZYSSAWKA DO LCD EKRAN DOTYK - Mix Market - Supermarket z wszystkim co potrzeba","robots":{"index":"index","follow":"follow","max-snippet":"max-snippet:-1","max-image-preview":"max-image-preview:large","max-video-preview":"max-video-preview:-1"},"canonical":"https:\/\/racom.com.pl\/index.php\/produkt\/separator-szczypce-przyssawka-do-lcd-ekran-dotyk\/","og_locale":"pl_PL","og_type":"article","og_title":"SEPARATOR SZCZYPCE PRZYSSAWKA DO LCD EKRAN DOTYK - Mix Market - Supermarket z wszystkim co potrzeba","og_description":"SZCZYPCE SEPARUJ\u0104CE DO EKRAN\u00d3W LCD Szczypce wyposa\u017cone w dwie przyssawki (g\u00f3ra i d\u00f3\u0142) do odseparowania ekranu dotykowego lub ca\u0142ego setu od obudowy smartfona, nawigacji czy tabletu. R\u0119koje\u015b\u0107 posiada naniesion\u0105 gumow\u0105 pow\u0142ok\u0119, co zapewnia pewny chwyt. Spos\u00f3b u\u017cycia: 1. Przyklei\u0107 jedn\u0105 przyssawk\u0119 do digitizera 2. Przyklei\u0107 drug\u0105 przyssawk\u0119 do ty\u0142u obudowy urz\u0105dzenia (powierzchnia musi by\u0107 g\u0142adka) [&hellip;]","og_url":"https:\/\/racom.com.pl\/index.php\/produkt\/separator-szczypce-przyssawka-do-lcd-ekran-dotyk\/","og_site_name":"Mix Market - Supermarket z wszystkim co potrzeba","og_image":[{"width":1130,"height":1142,"url":"https:\/\/racom.com.pl\/wp-content\/uploads\/2025\/07\/allegro_687a9969d7fff9.93168061_105f8b944f709856135c4cae08ea.jpg","type":"image\/jpeg"}],"twitter_card":"summary_large_image","schema":{"@context":"https:\/\/schema.org","@graph":[{"@type":"WebPage","@id":"https:\/\/racom.com.pl\/index.php\/produkt\/separator-szczypce-przyssawka-do-lcd-ekran-dotyk\/","url":"https:\/\/racom.com.pl\/index.php\/produkt\/separator-szczypce-przyssawka-do-lcd-ekran-dotyk\/","name":"SEPARATOR SZCZYPCE PRZYSSAWKA DO LCD EKRAN DOTYK - Mix Market - Supermarket z wszystkim co potrzeba","isPartOf":{"@id":"https:\/\/racom.com.pl\/#website"},"primaryImageOfPage":{"@id":"https:\/\/racom.com.pl\/index.php\/produkt\/separator-szczypce-przyssawka-do-lcd-ekran-dotyk\/#primaryimage"},"image":{"@id":"https:\/\/racom.com.pl\/index.php\/produkt\/separator-szczypce-przyssawka-do-lcd-ekran-dotyk\/#primaryimage"},"thumbnailUrl":"https:\/\/racom.com.pl\/wp-content\/uploads\/2025\/07\/allegro_687a9969d7fff9.93168061_105f8b944f709856135c4cae08ea.jpg","datePublished":"2025-07-18T18:58:31+00:00","breadcrumb":{"@id":"https:\/\/racom.com.pl\/index.php\/produkt\/separator-szczypce-przyssawka-do-lcd-ekran-dotyk\/#breadcrumb"},"inLanguage":"pl-PL","potentialAction":[{"@type":"ReadAction","target":["https:\/\/racom.com.pl\/index.php\/produkt\/separator-szczypce-przyssawka-do-lcd-ekran-dotyk\/"]}]},{"@type":"ImageObject","inLanguage":"pl-PL","@id":"https:\/\/racom.com.pl\/index.php\/produkt\/separator-szczypce-przyssawka-do-lcd-ekran-dotyk\/#primaryimage","url":"https:\/\/racom.com.pl\/wp-content\/uploads\/2025\/07\/allegro_687a9969d7fff9.93168061_105f8b944f709856135c4cae08ea.jpg","contentUrl":"https:\/\/racom.com.pl\/wp-content\/uploads\/2025\/07\/allegro_687a9969d7fff9.93168061_105f8b944f709856135c4cae08ea.jpg","width":1130,"height":1142},{"@type":"BreadcrumbList","@id":"https:\/\/racom.com.pl\/index.php\/produkt\/separator-szczypce-przyssawka-do-lcd-ekran-dotyk\/#breadcrumb","itemListElement":[{"@type":"ListItem","position":1,"name":"Strona g\u0142\u00f3wna","item":"https:\/\/racom.com.pl\/"},{"@type":"ListItem","position":2,"name":"Sklep","item":"https:\/\/racom.com.pl\/"},{"@type":"ListItem","position":3,"name":"SEPARATOR SZCZYPCE PRZYSSAWKA DO LCD EKRAN DOTYK"}]},{"@type":"WebSite","@id":"https:\/\/racom.com.pl\/#website","url":"https:\/\/racom.com.pl\/","name":"Mix Market - Supermarket z wszystkim co potrzeba do domu i nie tylko","description":"","publisher":{"@id":"https:\/\/racom.com.pl\/#organization"},"potentialAction":[{"@type":"SearchAction","target":{"@type":"EntryPoint","urlTemplate":"https:\/\/racom.com.pl\/?s={search_term_string}"},"query-input":{"@type":"PropertyValueSpecification","valueRequired":true,"valueName":"search_term_string"}}],"inLanguage":"pl-PL"},{"@type":"Organization","@id":"https:\/\/racom.com.pl\/#organization","name":"Mix Market - Supermarket z wszystkim co potrzeba do domu i nie tylko","url":"https:\/\/racom.com.pl\/","logo":{"@type":"ImageObject","inLanguage":"pl-PL","@id":"https:\/\/racom.com.pl\/#\/schema\/logo\/image\/","url":"https:\/\/racom.com.pl\/wp-content\/uploads\/2025\/07\/mixmarket_logo.png","contentUrl":"https:\/\/racom.com.pl\/wp-content\/uploads\/2025\/07\/mixmarket_logo.png","width":1024,"height":1024,"caption":"Mix Market - Supermarket z wszystkim co potrzeba do domu i nie tylko"},"image":{"@id":"https:\/\/racom.com.pl\/#\/schema\/logo\/image\/"}}]}},"_links":{"self":[{"href":"https:\/\/racom.com.pl\/index.php\/wp-json\/wp\/v2\/product\/1901","targetHints":{"allow":["GET"]}}],"collection":[{"href":"https:\/\/racom.com.pl\/index.php\/wp-json\/wp\/v2\/product"}],"about":[{"href":"https:\/\/racom.com.pl\/index.php\/wp-json\/wp\/v2\/types\/product"}],"replies":[{"embeddable":true,"href":"https:\/\/racom.com.pl\/index.php\/wp-json\/wp\/v2\/comments?post=1901"}],"wp:featuredmedia":[{"embeddable":true,"href":"https:\/\/racom.com.pl\/index.php\/wp-json\/wp\/v2\/media\/1904"}],"wp:attachment":[{"href":"https:\/\/racom.com.pl\/index.php\/wp-json\/wp\/v2\/media?parent=1901"}],"wp:term":[{"taxonomy":"product_brand","embeddable":true,"href":"https:\/\/racom.com.pl\/index.php\/wp-json\/wp\/v2\/product_brand?post=1901"},{"taxonomy":"product_cat","embeddable":true,"href":"https:\/\/racom.com.pl\/index.php\/wp-json\/wp\/v2\/product_cat?post=1901"},{"taxonomy":"product_tag","embeddable":true,"href":"https:\/\/racom.com.pl\/index.php\/wp-json\/wp\/v2\/product_tag?post=1901"}],"curies":[{"name":"wp","href":"https:\/\/api.w.org\/{rel}","templated":true}]}}