{"id":1918,"date":"2025-07-18T21:01:38","date_gmt":"2025-07-18T19:01:38","guid":{"rendered":"http:\/\/192.168.2.106\/index.php\/produkt\/noosy-adaptery-do-karty-sim-micro-nano-adapter\/"},"modified":"2025-07-18T21:01:38","modified_gmt":"2025-07-18T19:01:38","slug":"noosy-adaptery-do-karty-sim-micro-nano-adapter","status":"publish","type":"product","link":"https:\/\/racom.com.pl\/index.php\/produkt\/noosy-adaptery-do-karty-sim-micro-nano-adapter\/","title":{"rendered":"NOOSY ADAPTERY DO KARTY SIM MICRO NANO ADAPTER"},"content":{"rendered":"<p><b>NOOSY ADAPTERY DO KART SIM<\/b><\/p>\n<p>W zestawie znajduj\u0105 si\u0119 3 adaptery i jeden kluczyk do szufladki.<\/p>\n<p>Uniwersalny zestaw adapter\u00f3w umo\u017cliwiaj\u0105cy korzystanie z kart nanoSIM i microSIM w telefonach na standardowe karty SIM lub microSIM.<\/p>\n<p>W zestawie:<\/p>\n<p>&#8211; przej\u015bci\u00f3wka z karty micro SIM na pe\u0142nowymiarow\u0105 kart\u0119 SIM<\/p>\n<p>&#8211; przej\u015bci\u00f3wka z karty nano SIM na pe\u0142nowymiarow\u0105 kart\u0119 SIM<\/p>\n<p>&#8211; przej\u015bci\u00f3wka z karty nano SIM na kart\u0119 microSIM<\/p>\n<p>Kolor adapter\u00f3w: czarny<\/p>\n<p>Zestaw przej\u015bci\u00f3wek mo\u017cna wykorzystywa\u0107 we wszystkich telefonach i tabletach tego wymagaj\u0105cych.<\/p>\n<p>Kod produktu: B200<\/p>\n","protected":false},"excerpt":{"rendered":"<p>NOOSY ADAPTERY DO KART SIM W zestawie znajduj\u0105 si\u0119 3 adaptery i jeden kluczyk do szufladki. Uniwersalny zestaw adapter\u00f3w umo\u017cliwiaj\u0105cy korzystanie z kart nanoSIM i microSIM w telefonach na standardowe karty SIM lub microSIM. W zestawie: &#8211; przej\u015bci\u00f3wka z karty micro SIM na pe\u0142nowymiarow\u0105 kart\u0119 SIM &#8211; przej\u015bci\u00f3wka z karty nano SIM na pe\u0142nowymiarow\u0105 kart\u0119 [&hellip;]<\/p>\n","protected":false},"featured_media":1922,"comment_status":"open","ping_status":"closed","template":"","meta":[],"product_brand":[],"product_cat":[26],"product_tag":[],"class_list":{"0":"post-1918","1":"product","2":"type-product","3":"status-publish","4":"has-post-thumbnail","6":"product_cat-akcesoria-gsm","8":"first","9":"instock","10":"taxable","11":"shipping-taxable","12":"purchasable","13":"product-type-simple"},"yoast_head":"<!-- This site is optimized with the Yoast SEO plugin v27.3 - https:\/\/yoast.com\/product\/yoast-seo-wordpress\/ -->\n<title>NOOSY ADAPTERY DO KARTY SIM MICRO NANO ADAPTER - Mix Market - Supermarket z wszystkim co potrzeba<\/title>\n<meta name=\"robots\" content=\"index, follow, max-snippet:-1, max-image-preview:large, max-video-preview:-1\" \/>\n<link rel=\"canonical\" href=\"https:\/\/racom.com.pl\/index.php\/produkt\/noosy-adaptery-do-karty-sim-micro-nano-adapter\/\" \/>\n<meta property=\"og:locale\" content=\"pl_PL\" \/>\n<meta property=\"og:type\" content=\"article\" \/>\n<meta property=\"og:title\" content=\"NOOSY ADAPTERY DO KARTY SIM MICRO NANO ADAPTER - Mix Market - Supermarket z wszystkim co potrzeba\" \/>\n<meta property=\"og:description\" content=\"NOOSY ADAPTERY DO KART SIM W zestawie znajduj\u0105 si\u0119 3 adaptery i jeden kluczyk do szufladki. Uniwersalny zestaw adapter\u00f3w umo\u017cliwiaj\u0105cy korzystanie z kart nanoSIM i microSIM w telefonach na standardowe karty SIM lub microSIM. W zestawie: &#8211; przej\u015bci\u00f3wka z karty micro SIM na pe\u0142nowymiarow\u0105 kart\u0119 SIM &#8211; przej\u015bci\u00f3wka z karty nano SIM na pe\u0142nowymiarow\u0105 kart\u0119 [&hellip;]\" \/>\n<meta property=\"og:url\" content=\"https:\/\/racom.com.pl\/index.php\/produkt\/noosy-adaptery-do-karty-sim-micro-nano-adapter\/\" \/>\n<meta property=\"og:site_name\" content=\"Mix Market - Supermarket z wszystkim co potrzeba\" \/>\n<meta property=\"og:image\" content=\"https:\/\/racom.com.pl\/wp-content\/uploads\/2025\/07\/allegro_687a9a3eeba6b3.20789988_b219c2494e359324041f495eac93.jpg\" \/>\n\t<meta property=\"og:image:width\" content=\"1100\" \/>\n\t<meta property=\"og:image:height\" content=\"1362\" \/>\n\t<meta property=\"og:image:type\" content=\"image\/jpeg\" \/>\n<meta name=\"twitter:card\" content=\"summary_large_image\" \/>\n<script type=\"application\/ld+json\" class=\"yoast-schema-graph\">{\"@context\":\"https:\\\/\\\/schema.org\",\"@graph\":[{\"@type\":\"WebPage\",\"@id\":\"https:\\\/\\\/racom.com.pl\\\/index.php\\\/produkt\\\/noosy-adaptery-do-karty-sim-micro-nano-adapter\\\/\",\"url\":\"https:\\\/\\\/racom.com.pl\\\/index.php\\\/produkt\\\/noosy-adaptery-do-karty-sim-micro-nano-adapter\\\/\",\"name\":\"NOOSY ADAPTERY DO KARTY SIM MICRO NANO ADAPTER - Mix Market - Supermarket z wszystkim co potrzeba\",\"isPartOf\":{\"@id\":\"https:\\\/\\\/racom.com.pl\\\/#website\"},\"primaryImageOfPage\":{\"@id\":\"https:\\\/\\\/racom.com.pl\\\/index.php\\\/produkt\\\/noosy-adaptery-do-karty-sim-micro-nano-adapter\\\/#primaryimage\"},\"image\":{\"@id\":\"https:\\\/\\\/racom.com.pl\\\/index.php\\\/produkt\\\/noosy-adaptery-do-karty-sim-micro-nano-adapter\\\/#primaryimage\"},\"thumbnailUrl\":\"https:\\\/\\\/racom.com.pl\\\/wp-content\\\/uploads\\\/2025\\\/07\\\/allegro_687a9a3eeba6b3.20789988_b219c2494e359324041f495eac93.jpg\",\"datePublished\":\"2025-07-18T19:01:38+00:00\",\"breadcrumb\":{\"@id\":\"https:\\\/\\\/racom.com.pl\\\/index.php\\\/produkt\\\/noosy-adaptery-do-karty-sim-micro-nano-adapter\\\/#breadcrumb\"},\"inLanguage\":\"pl-PL\",\"potentialAction\":[{\"@type\":\"ReadAction\",\"target\":[\"https:\\\/\\\/racom.com.pl\\\/index.php\\\/produkt\\\/noosy-adaptery-do-karty-sim-micro-nano-adapter\\\/\"]}]},{\"@type\":\"ImageObject\",\"inLanguage\":\"pl-PL\",\"@id\":\"https:\\\/\\\/racom.com.pl\\\/index.php\\\/produkt\\\/noosy-adaptery-do-karty-sim-micro-nano-adapter\\\/#primaryimage\",\"url\":\"https:\\\/\\\/racom.com.pl\\\/wp-content\\\/uploads\\\/2025\\\/07\\\/allegro_687a9a3eeba6b3.20789988_b219c2494e359324041f495eac93.jpg\",\"contentUrl\":\"https:\\\/\\\/racom.com.pl\\\/wp-content\\\/uploads\\\/2025\\\/07\\\/allegro_687a9a3eeba6b3.20789988_b219c2494e359324041f495eac93.jpg\",\"width\":1100,\"height\":1362},{\"@type\":\"BreadcrumbList\",\"@id\":\"https:\\\/\\\/racom.com.pl\\\/index.php\\\/produkt\\\/noosy-adaptery-do-karty-sim-micro-nano-adapter\\\/#breadcrumb\",\"itemListElement\":[{\"@type\":\"ListItem\",\"position\":1,\"name\":\"Strona g\u0142\u00f3wna\",\"item\":\"https:\\\/\\\/racom.com.pl\\\/\"},{\"@type\":\"ListItem\",\"position\":2,\"name\":\"Sklep\",\"item\":\"https:\\\/\\\/racom.com.pl\\\/\"},{\"@type\":\"ListItem\",\"position\":3,\"name\":\"NOOSY ADAPTERY DO KARTY SIM MICRO NANO ADAPTER\"}]},{\"@type\":\"WebSite\",\"@id\":\"https:\\\/\\\/racom.com.pl\\\/#website\",\"url\":\"https:\\\/\\\/racom.com.pl\\\/\",\"name\":\"Mix Market - Supermarket z wszystkim co potrzeba do domu i nie tylko\",\"description\":\"\",\"publisher\":{\"@id\":\"https:\\\/\\\/racom.com.pl\\\/#organization\"},\"potentialAction\":[{\"@type\":\"SearchAction\",\"target\":{\"@type\":\"EntryPoint\",\"urlTemplate\":\"https:\\\/\\\/racom.com.pl\\\/?s={search_term_string}\"},\"query-input\":{\"@type\":\"PropertyValueSpecification\",\"valueRequired\":true,\"valueName\":\"search_term_string\"}}],\"inLanguage\":\"pl-PL\"},{\"@type\":\"Organization\",\"@id\":\"https:\\\/\\\/racom.com.pl\\\/#organization\",\"name\":\"Mix Market - Supermarket z wszystkim co potrzeba do domu i nie tylko\",\"url\":\"https:\\\/\\\/racom.com.pl\\\/\",\"logo\":{\"@type\":\"ImageObject\",\"inLanguage\":\"pl-PL\",\"@id\":\"https:\\\/\\\/racom.com.pl\\\/#\\\/schema\\\/logo\\\/image\\\/\",\"url\":\"https:\\\/\\\/racom.com.pl\\\/wp-content\\\/uploads\\\/2025\\\/07\\\/mixmarket_logo.png\",\"contentUrl\":\"https:\\\/\\\/racom.com.pl\\\/wp-content\\\/uploads\\\/2025\\\/07\\\/mixmarket_logo.png\",\"width\":1024,\"height\":1024,\"caption\":\"Mix Market - Supermarket z wszystkim co potrzeba do domu i nie tylko\"},\"image\":{\"@id\":\"https:\\\/\\\/racom.com.pl\\\/#\\\/schema\\\/logo\\\/image\\\/\"}}]}<\/script>\n<!-- \/ Yoast SEO plugin. -->","yoast_head_json":{"title":"NOOSY ADAPTERY DO KARTY SIM MICRO NANO ADAPTER - Mix Market - Supermarket z wszystkim co potrzeba","robots":{"index":"index","follow":"follow","max-snippet":"max-snippet:-1","max-image-preview":"max-image-preview:large","max-video-preview":"max-video-preview:-1"},"canonical":"https:\/\/racom.com.pl\/index.php\/produkt\/noosy-adaptery-do-karty-sim-micro-nano-adapter\/","og_locale":"pl_PL","og_type":"article","og_title":"NOOSY ADAPTERY DO KARTY SIM MICRO NANO ADAPTER - Mix Market - Supermarket z wszystkim co potrzeba","og_description":"NOOSY ADAPTERY DO KART SIM W zestawie znajduj\u0105 si\u0119 3 adaptery i jeden kluczyk do szufladki. Uniwersalny zestaw adapter\u00f3w umo\u017cliwiaj\u0105cy korzystanie z kart nanoSIM i microSIM w telefonach na standardowe karty SIM lub microSIM. W zestawie: &#8211; przej\u015bci\u00f3wka z karty micro SIM na pe\u0142nowymiarow\u0105 kart\u0119 SIM &#8211; przej\u015bci\u00f3wka z karty nano SIM na pe\u0142nowymiarow\u0105 kart\u0119 [&hellip;]","og_url":"https:\/\/racom.com.pl\/index.php\/produkt\/noosy-adaptery-do-karty-sim-micro-nano-adapter\/","og_site_name":"Mix Market - Supermarket z wszystkim co potrzeba","og_image":[{"width":1100,"height":1362,"url":"https:\/\/racom.com.pl\/wp-content\/uploads\/2025\/07\/allegro_687a9a3eeba6b3.20789988_b219c2494e359324041f495eac93.jpg","type":"image\/jpeg"}],"twitter_card":"summary_large_image","schema":{"@context":"https:\/\/schema.org","@graph":[{"@type":"WebPage","@id":"https:\/\/racom.com.pl\/index.php\/produkt\/noosy-adaptery-do-karty-sim-micro-nano-adapter\/","url":"https:\/\/racom.com.pl\/index.php\/produkt\/noosy-adaptery-do-karty-sim-micro-nano-adapter\/","name":"NOOSY ADAPTERY DO KARTY SIM MICRO NANO ADAPTER - Mix Market - Supermarket z wszystkim co potrzeba","isPartOf":{"@id":"https:\/\/racom.com.pl\/#website"},"primaryImageOfPage":{"@id":"https:\/\/racom.com.pl\/index.php\/produkt\/noosy-adaptery-do-karty-sim-micro-nano-adapter\/#primaryimage"},"image":{"@id":"https:\/\/racom.com.pl\/index.php\/produkt\/noosy-adaptery-do-karty-sim-micro-nano-adapter\/#primaryimage"},"thumbnailUrl":"https:\/\/racom.com.pl\/wp-content\/uploads\/2025\/07\/allegro_687a9a3eeba6b3.20789988_b219c2494e359324041f495eac93.jpg","datePublished":"2025-07-18T19:01:38+00:00","breadcrumb":{"@id":"https:\/\/racom.com.pl\/index.php\/produkt\/noosy-adaptery-do-karty-sim-micro-nano-adapter\/#breadcrumb"},"inLanguage":"pl-PL","potentialAction":[{"@type":"ReadAction","target":["https:\/\/racom.com.pl\/index.php\/produkt\/noosy-adaptery-do-karty-sim-micro-nano-adapter\/"]}]},{"@type":"ImageObject","inLanguage":"pl-PL","@id":"https:\/\/racom.com.pl\/index.php\/produkt\/noosy-adaptery-do-karty-sim-micro-nano-adapter\/#primaryimage","url":"https:\/\/racom.com.pl\/wp-content\/uploads\/2025\/07\/allegro_687a9a3eeba6b3.20789988_b219c2494e359324041f495eac93.jpg","contentUrl":"https:\/\/racom.com.pl\/wp-content\/uploads\/2025\/07\/allegro_687a9a3eeba6b3.20789988_b219c2494e359324041f495eac93.jpg","width":1100,"height":1362},{"@type":"BreadcrumbList","@id":"https:\/\/racom.com.pl\/index.php\/produkt\/noosy-adaptery-do-karty-sim-micro-nano-adapter\/#breadcrumb","itemListElement":[{"@type":"ListItem","position":1,"name":"Strona g\u0142\u00f3wna","item":"https:\/\/racom.com.pl\/"},{"@type":"ListItem","position":2,"name":"Sklep","item":"https:\/\/racom.com.pl\/"},{"@type":"ListItem","position":3,"name":"NOOSY ADAPTERY DO KARTY SIM MICRO NANO ADAPTER"}]},{"@type":"WebSite","@id":"https:\/\/racom.com.pl\/#website","url":"https:\/\/racom.com.pl\/","name":"Mix Market - Supermarket z wszystkim co potrzeba do domu i nie tylko","description":"","publisher":{"@id":"https:\/\/racom.com.pl\/#organization"},"potentialAction":[{"@type":"SearchAction","target":{"@type":"EntryPoint","urlTemplate":"https:\/\/racom.com.pl\/?s={search_term_string}"},"query-input":{"@type":"PropertyValueSpecification","valueRequired":true,"valueName":"search_term_string"}}],"inLanguage":"pl-PL"},{"@type":"Organization","@id":"https:\/\/racom.com.pl\/#organization","name":"Mix Market - Supermarket z wszystkim co potrzeba do domu i nie tylko","url":"https:\/\/racom.com.pl\/","logo":{"@type":"ImageObject","inLanguage":"pl-PL","@id":"https:\/\/racom.com.pl\/#\/schema\/logo\/image\/","url":"https:\/\/racom.com.pl\/wp-content\/uploads\/2025\/07\/mixmarket_logo.png","contentUrl":"https:\/\/racom.com.pl\/wp-content\/uploads\/2025\/07\/mixmarket_logo.png","width":1024,"height":1024,"caption":"Mix Market - Supermarket z wszystkim co potrzeba do domu i nie tylko"},"image":{"@id":"https:\/\/racom.com.pl\/#\/schema\/logo\/image\/"}}]}},"_links":{"self":[{"href":"https:\/\/racom.com.pl\/index.php\/wp-json\/wp\/v2\/product\/1918","targetHints":{"allow":["GET"]}}],"collection":[{"href":"https:\/\/racom.com.pl\/index.php\/wp-json\/wp\/v2\/product"}],"about":[{"href":"https:\/\/racom.com.pl\/index.php\/wp-json\/wp\/v2\/types\/product"}],"replies":[{"embeddable":true,"href":"https:\/\/racom.com.pl\/index.php\/wp-json\/wp\/v2\/comments?post=1918"}],"wp:featuredmedia":[{"embeddable":true,"href":"https:\/\/racom.com.pl\/index.php\/wp-json\/wp\/v2\/media\/1922"}],"wp:attachment":[{"href":"https:\/\/racom.com.pl\/index.php\/wp-json\/wp\/v2\/media?parent=1918"}],"wp:term":[{"taxonomy":"product_brand","embeddable":true,"href":"https:\/\/racom.com.pl\/index.php\/wp-json\/wp\/v2\/product_brand?post=1918"},{"taxonomy":"product_cat","embeddable":true,"href":"https:\/\/racom.com.pl\/index.php\/wp-json\/wp\/v2\/product_cat?post=1918"},{"taxonomy":"product_tag","embeddable":true,"href":"https:\/\/racom.com.pl\/index.php\/wp-json\/wp\/v2\/product_tag?post=1918"}],"curies":[{"name":"wp","href":"https:\/\/api.w.org\/{rel}","templated":true}]}}