{"id":1926,"date":"2025-07-18T21:03:15","date_gmt":"2025-07-18T19:03:15","guid":{"rendered":"http:\/\/192.168.2.106\/index.php\/produkt\/adapter-przejsciowka-micro-usb-do-usb-typ-c-3-1\/"},"modified":"2025-07-18T21:03:15","modified_gmt":"2025-07-18T19:03:15","slug":"adapter-przejsciowka-micro-usb-do-usb-typ-c-3-1","status":"publish","type":"product","link":"https:\/\/racom.com.pl\/index.php\/produkt\/adapter-przejsciowka-micro-usb-do-usb-typ-c-3-1\/","title":{"rendered":"ADAPTER PRZEJ\u015aCI\u00d3WKA MICRO USB DO USB TYP C 3.1"},"content":{"rendered":"<h2>PRZEJ\u015aCI\u00d3WKA ADAPTER MICRO USB do USB-C 3.1 TYP C<\/h2>\n<h2>Specyfikacja:<\/h2>\n<ul>\n<li>Kolor &#8211; Bia\u0142y<\/li>\n<li>Najnowszy rodzaj z\u0142\u0105cza USB<\/li>\n<li>Minimalny rozmiar<\/li>\n<li>Z\u0142\u0105cze USB Typ-C m\u0119skie (wtyk) 24-pin<\/li>\n<li>Z\u0142\u0105cze USB Typ-B micro 2.0 \u017ce\u0144skie (gniazdo)<\/li>\n<li>Dwustronny wtyk<\/li>\n<li>Funkcja synchronizacji danych<\/li>\n<li>Funkcja \u0142adowania<\/li>\n<li>Produkt fabrycznie nowy<\/li>\n<\/ul>\n<p>Kod produktu: B242<\/p>\n","protected":false},"excerpt":{"rendered":"<p>PRZEJ\u015aCI\u00d3WKA ADAPTER MICRO USB do USB-C 3.1 TYP C Specyfikacja: Kolor &#8211; Bia\u0142y Najnowszy rodzaj z\u0142\u0105cza USB Minimalny rozmiar Z\u0142\u0105cze USB Typ-C m\u0119skie (wtyk) 24-pin Z\u0142\u0105cze USB Typ-B micro 2.0 \u017ce\u0144skie (gniazdo) Dwustronny wtyk Funkcja synchronizacji danych Funkcja \u0142adowania Produkt fabrycznie nowy Kod produktu: B242<\/p>\n","protected":false},"featured_media":1929,"comment_status":"open","ping_status":"closed","template":"","meta":[],"product_brand":[],"product_cat":[26],"product_tag":[],"class_list":{"0":"post-1926","1":"product","2":"type-product","3":"status-publish","4":"has-post-thumbnail","6":"product_cat-akcesoria-gsm","8":"first","9":"instock","10":"taxable","11":"shipping-taxable","12":"purchasable","13":"product-type-simple"},"yoast_head":"<!-- This site is optimized with the Yoast SEO plugin v27.3 - https:\/\/yoast.com\/product\/yoast-seo-wordpress\/ -->\n<title>ADAPTER PRZEJ\u015aCI\u00d3WKA MICRO USB DO USB TYP C 3.1 - Mix Market - Supermarket z wszystkim co potrzeba<\/title>\n<meta name=\"robots\" content=\"index, follow, max-snippet:-1, max-image-preview:large, max-video-preview:-1\" \/>\n<link rel=\"canonical\" href=\"https:\/\/racom.com.pl\/index.php\/produkt\/adapter-przejsciowka-micro-usb-do-usb-typ-c-3-1\/\" \/>\n<meta property=\"og:locale\" content=\"pl_PL\" \/>\n<meta property=\"og:type\" content=\"article\" \/>\n<meta property=\"og:title\" content=\"ADAPTER PRZEJ\u015aCI\u00d3WKA MICRO USB DO USB TYP C 3.1 - Mix Market - Supermarket z wszystkim co potrzeba\" \/>\n<meta property=\"og:description\" content=\"PRZEJ\u015aCI\u00d3WKA ADAPTER MICRO USB do USB-C 3.1 TYP C Specyfikacja: Kolor &#8211; Bia\u0142y Najnowszy rodzaj z\u0142\u0105cza USB Minimalny rozmiar Z\u0142\u0105cze USB Typ-C m\u0119skie (wtyk) 24-pin Z\u0142\u0105cze USB Typ-B micro 2.0 \u017ce\u0144skie (gniazdo) Dwustronny wtyk Funkcja synchronizacji danych Funkcja \u0142adowania Produkt fabrycznie nowy Kod produktu: B242\" \/>\n<meta property=\"og:url\" content=\"https:\/\/racom.com.pl\/index.php\/produkt\/adapter-przejsciowka-micro-usb-do-usb-typ-c-3-1\/\" \/>\n<meta property=\"og:site_name\" content=\"Mix Market - Supermarket z wszystkim co potrzeba\" \/>\n<meta property=\"og:image\" content=\"https:\/\/racom.com.pl\/wp-content\/uploads\/2025\/07\/allegro_687a9a9067c622.68478772_6544bc5c45a6a419578594dfffeb.jpg\" \/>\n\t<meta property=\"og:image:width\" content=\"730\" \/>\n\t<meta property=\"og:image:height\" content=\"2560\" \/>\n\t<meta property=\"og:image:type\" content=\"image\/jpeg\" \/>\n<meta name=\"twitter:card\" content=\"summary_large_image\" \/>\n<script type=\"application\/ld+json\" class=\"yoast-schema-graph\">{\"@context\":\"https:\\\/\\\/schema.org\",\"@graph\":[{\"@type\":\"WebPage\",\"@id\":\"https:\\\/\\\/racom.com.pl\\\/index.php\\\/produkt\\\/adapter-przejsciowka-micro-usb-do-usb-typ-c-3-1\\\/\",\"url\":\"https:\\\/\\\/racom.com.pl\\\/index.php\\\/produkt\\\/adapter-przejsciowka-micro-usb-do-usb-typ-c-3-1\\\/\",\"name\":\"ADAPTER PRZEJ\u015aCI\u00d3WKA MICRO USB DO USB TYP C 3.1 - Mix Market - Supermarket z wszystkim co potrzeba\",\"isPartOf\":{\"@id\":\"https:\\\/\\\/racom.com.pl\\\/#website\"},\"primaryImageOfPage\":{\"@id\":\"https:\\\/\\\/racom.com.pl\\\/index.php\\\/produkt\\\/adapter-przejsciowka-micro-usb-do-usb-typ-c-3-1\\\/#primaryimage\"},\"image\":{\"@id\":\"https:\\\/\\\/racom.com.pl\\\/index.php\\\/produkt\\\/adapter-przejsciowka-micro-usb-do-usb-typ-c-3-1\\\/#primaryimage\"},\"thumbnailUrl\":\"https:\\\/\\\/racom.com.pl\\\/wp-content\\\/uploads\\\/2025\\\/07\\\/allegro_687a9a9067c622.68478772_6544bc5c45a6a419578594dfffeb.jpg\",\"datePublished\":\"2025-07-18T19:03:15+00:00\",\"breadcrumb\":{\"@id\":\"https:\\\/\\\/racom.com.pl\\\/index.php\\\/produkt\\\/adapter-przejsciowka-micro-usb-do-usb-typ-c-3-1\\\/#breadcrumb\"},\"inLanguage\":\"pl-PL\",\"potentialAction\":[{\"@type\":\"ReadAction\",\"target\":[\"https:\\\/\\\/racom.com.pl\\\/index.php\\\/produkt\\\/adapter-przejsciowka-micro-usb-do-usb-typ-c-3-1\\\/\"]}]},{\"@type\":\"ImageObject\",\"inLanguage\":\"pl-PL\",\"@id\":\"https:\\\/\\\/racom.com.pl\\\/index.php\\\/produkt\\\/adapter-przejsciowka-micro-usb-do-usb-typ-c-3-1\\\/#primaryimage\",\"url\":\"https:\\\/\\\/racom.com.pl\\\/wp-content\\\/uploads\\\/2025\\\/07\\\/allegro_687a9a9067c622.68478772_6544bc5c45a6a419578594dfffeb.jpg\",\"contentUrl\":\"https:\\\/\\\/racom.com.pl\\\/wp-content\\\/uploads\\\/2025\\\/07\\\/allegro_687a9a9067c622.68478772_6544bc5c45a6a419578594dfffeb.jpg\",\"width\":730,\"height\":2560},{\"@type\":\"BreadcrumbList\",\"@id\":\"https:\\\/\\\/racom.com.pl\\\/index.php\\\/produkt\\\/adapter-przejsciowka-micro-usb-do-usb-typ-c-3-1\\\/#breadcrumb\",\"itemListElement\":[{\"@type\":\"ListItem\",\"position\":1,\"name\":\"Strona g\u0142\u00f3wna\",\"item\":\"https:\\\/\\\/racom.com.pl\\\/\"},{\"@type\":\"ListItem\",\"position\":2,\"name\":\"Sklep\",\"item\":\"https:\\\/\\\/racom.com.pl\\\/\"},{\"@type\":\"ListItem\",\"position\":3,\"name\":\"ADAPTER PRZEJ\u015aCI\u00d3WKA MICRO USB DO USB TYP C 3.1\"}]},{\"@type\":\"WebSite\",\"@id\":\"https:\\\/\\\/racom.com.pl\\\/#website\",\"url\":\"https:\\\/\\\/racom.com.pl\\\/\",\"name\":\"Mix Market - Supermarket z wszystkim co potrzeba do domu i nie tylko\",\"description\":\"\",\"publisher\":{\"@id\":\"https:\\\/\\\/racom.com.pl\\\/#organization\"},\"potentialAction\":[{\"@type\":\"SearchAction\",\"target\":{\"@type\":\"EntryPoint\",\"urlTemplate\":\"https:\\\/\\\/racom.com.pl\\\/?s={search_term_string}\"},\"query-input\":{\"@type\":\"PropertyValueSpecification\",\"valueRequired\":true,\"valueName\":\"search_term_string\"}}],\"inLanguage\":\"pl-PL\"},{\"@type\":\"Organization\",\"@id\":\"https:\\\/\\\/racom.com.pl\\\/#organization\",\"name\":\"Mix Market - Supermarket z wszystkim co potrzeba do domu i nie tylko\",\"url\":\"https:\\\/\\\/racom.com.pl\\\/\",\"logo\":{\"@type\":\"ImageObject\",\"inLanguage\":\"pl-PL\",\"@id\":\"https:\\\/\\\/racom.com.pl\\\/#\\\/schema\\\/logo\\\/image\\\/\",\"url\":\"https:\\\/\\\/racom.com.pl\\\/wp-content\\\/uploads\\\/2025\\\/07\\\/mixmarket_logo.png\",\"contentUrl\":\"https:\\\/\\\/racom.com.pl\\\/wp-content\\\/uploads\\\/2025\\\/07\\\/mixmarket_logo.png\",\"width\":1024,\"height\":1024,\"caption\":\"Mix Market - Supermarket z wszystkim co potrzeba do domu i nie tylko\"},\"image\":{\"@id\":\"https:\\\/\\\/racom.com.pl\\\/#\\\/schema\\\/logo\\\/image\\\/\"}}]}<\/script>\n<!-- \/ Yoast SEO plugin. -->","yoast_head_json":{"title":"ADAPTER PRZEJ\u015aCI\u00d3WKA MICRO USB DO USB TYP C 3.1 - Mix Market - Supermarket z wszystkim co potrzeba","robots":{"index":"index","follow":"follow","max-snippet":"max-snippet:-1","max-image-preview":"max-image-preview:large","max-video-preview":"max-video-preview:-1"},"canonical":"https:\/\/racom.com.pl\/index.php\/produkt\/adapter-przejsciowka-micro-usb-do-usb-typ-c-3-1\/","og_locale":"pl_PL","og_type":"article","og_title":"ADAPTER PRZEJ\u015aCI\u00d3WKA MICRO USB DO USB TYP C 3.1 - Mix Market - Supermarket z wszystkim co potrzeba","og_description":"PRZEJ\u015aCI\u00d3WKA ADAPTER MICRO USB do USB-C 3.1 TYP C Specyfikacja: Kolor &#8211; Bia\u0142y Najnowszy rodzaj z\u0142\u0105cza USB Minimalny rozmiar Z\u0142\u0105cze USB Typ-C m\u0119skie (wtyk) 24-pin Z\u0142\u0105cze USB Typ-B micro 2.0 \u017ce\u0144skie (gniazdo) Dwustronny wtyk Funkcja synchronizacji danych Funkcja \u0142adowania Produkt fabrycznie nowy Kod produktu: B242","og_url":"https:\/\/racom.com.pl\/index.php\/produkt\/adapter-przejsciowka-micro-usb-do-usb-typ-c-3-1\/","og_site_name":"Mix Market - Supermarket z wszystkim co potrzeba","og_image":[{"width":730,"height":2560,"url":"https:\/\/racom.com.pl\/wp-content\/uploads\/2025\/07\/allegro_687a9a9067c622.68478772_6544bc5c45a6a419578594dfffeb.jpg","type":"image\/jpeg"}],"twitter_card":"summary_large_image","schema":{"@context":"https:\/\/schema.org","@graph":[{"@type":"WebPage","@id":"https:\/\/racom.com.pl\/index.php\/produkt\/adapter-przejsciowka-micro-usb-do-usb-typ-c-3-1\/","url":"https:\/\/racom.com.pl\/index.php\/produkt\/adapter-przejsciowka-micro-usb-do-usb-typ-c-3-1\/","name":"ADAPTER PRZEJ\u015aCI\u00d3WKA MICRO USB DO USB TYP C 3.1 - Mix Market - Supermarket z wszystkim co potrzeba","isPartOf":{"@id":"https:\/\/racom.com.pl\/#website"},"primaryImageOfPage":{"@id":"https:\/\/racom.com.pl\/index.php\/produkt\/adapter-przejsciowka-micro-usb-do-usb-typ-c-3-1\/#primaryimage"},"image":{"@id":"https:\/\/racom.com.pl\/index.php\/produkt\/adapter-przejsciowka-micro-usb-do-usb-typ-c-3-1\/#primaryimage"},"thumbnailUrl":"https:\/\/racom.com.pl\/wp-content\/uploads\/2025\/07\/allegro_687a9a9067c622.68478772_6544bc5c45a6a419578594dfffeb.jpg","datePublished":"2025-07-18T19:03:15+00:00","breadcrumb":{"@id":"https:\/\/racom.com.pl\/index.php\/produkt\/adapter-przejsciowka-micro-usb-do-usb-typ-c-3-1\/#breadcrumb"},"inLanguage":"pl-PL","potentialAction":[{"@type":"ReadAction","target":["https:\/\/racom.com.pl\/index.php\/produkt\/adapter-przejsciowka-micro-usb-do-usb-typ-c-3-1\/"]}]},{"@type":"ImageObject","inLanguage":"pl-PL","@id":"https:\/\/racom.com.pl\/index.php\/produkt\/adapter-przejsciowka-micro-usb-do-usb-typ-c-3-1\/#primaryimage","url":"https:\/\/racom.com.pl\/wp-content\/uploads\/2025\/07\/allegro_687a9a9067c622.68478772_6544bc5c45a6a419578594dfffeb.jpg","contentUrl":"https:\/\/racom.com.pl\/wp-content\/uploads\/2025\/07\/allegro_687a9a9067c622.68478772_6544bc5c45a6a419578594dfffeb.jpg","width":730,"height":2560},{"@type":"BreadcrumbList","@id":"https:\/\/racom.com.pl\/index.php\/produkt\/adapter-przejsciowka-micro-usb-do-usb-typ-c-3-1\/#breadcrumb","itemListElement":[{"@type":"ListItem","position":1,"name":"Strona g\u0142\u00f3wna","item":"https:\/\/racom.com.pl\/"},{"@type":"ListItem","position":2,"name":"Sklep","item":"https:\/\/racom.com.pl\/"},{"@type":"ListItem","position":3,"name":"ADAPTER PRZEJ\u015aCI\u00d3WKA MICRO USB DO USB TYP C 3.1"}]},{"@type":"WebSite","@id":"https:\/\/racom.com.pl\/#website","url":"https:\/\/racom.com.pl\/","name":"Mix Market - Supermarket z wszystkim co potrzeba do domu i nie tylko","description":"","publisher":{"@id":"https:\/\/racom.com.pl\/#organization"},"potentialAction":[{"@type":"SearchAction","target":{"@type":"EntryPoint","urlTemplate":"https:\/\/racom.com.pl\/?s={search_term_string}"},"query-input":{"@type":"PropertyValueSpecification","valueRequired":true,"valueName":"search_term_string"}}],"inLanguage":"pl-PL"},{"@type":"Organization","@id":"https:\/\/racom.com.pl\/#organization","name":"Mix Market - Supermarket z wszystkim co potrzeba do domu i nie tylko","url":"https:\/\/racom.com.pl\/","logo":{"@type":"ImageObject","inLanguage":"pl-PL","@id":"https:\/\/racom.com.pl\/#\/schema\/logo\/image\/","url":"https:\/\/racom.com.pl\/wp-content\/uploads\/2025\/07\/mixmarket_logo.png","contentUrl":"https:\/\/racom.com.pl\/wp-content\/uploads\/2025\/07\/mixmarket_logo.png","width":1024,"height":1024,"caption":"Mix Market - Supermarket z wszystkim co potrzeba do domu i nie tylko"},"image":{"@id":"https:\/\/racom.com.pl\/#\/schema\/logo\/image\/"}}]}},"_links":{"self":[{"href":"https:\/\/racom.com.pl\/index.php\/wp-json\/wp\/v2\/product\/1926","targetHints":{"allow":["GET"]}}],"collection":[{"href":"https:\/\/racom.com.pl\/index.php\/wp-json\/wp\/v2\/product"}],"about":[{"href":"https:\/\/racom.com.pl\/index.php\/wp-json\/wp\/v2\/types\/product"}],"replies":[{"embeddable":true,"href":"https:\/\/racom.com.pl\/index.php\/wp-json\/wp\/v2\/comments?post=1926"}],"wp:featuredmedia":[{"embeddable":true,"href":"https:\/\/racom.com.pl\/index.php\/wp-json\/wp\/v2\/media\/1929"}],"wp:attachment":[{"href":"https:\/\/racom.com.pl\/index.php\/wp-json\/wp\/v2\/media?parent=1926"}],"wp:term":[{"taxonomy":"product_brand","embeddable":true,"href":"https:\/\/racom.com.pl\/index.php\/wp-json\/wp\/v2\/product_brand?post=1926"},{"taxonomy":"product_cat","embeddable":true,"href":"https:\/\/racom.com.pl\/index.php\/wp-json\/wp\/v2\/product_cat?post=1926"},{"taxonomy":"product_tag","embeddable":true,"href":"https:\/\/racom.com.pl\/index.php\/wp-json\/wp\/v2\/product_tag?post=1926"}],"curies":[{"name":"wp","href":"https:\/\/api.w.org\/{rel}","templated":true}]}}