{"id":1941,"date":"2025-07-18T21:09:47","date_gmt":"2025-07-18T19:09:47","guid":{"rendered":"http:\/\/192.168.2.106\/index.php\/produkt\/4x-nozki-stopki-macbook-pro-a1278-a1286-a1297\/"},"modified":"2025-07-18T21:09:47","modified_gmt":"2025-07-18T19:09:47","slug":"4x-nozki-stopki-macbook-pro-a1278-a1286-a1297","status":"publish","type":"product","link":"https:\/\/racom.com.pl\/index.php\/produkt\/4x-nozki-stopki-macbook-pro-a1278-a1286-a1297\/","title":{"rendered":"4x N\u00d3\u017bKI ST\u00d3PKI MACBOOK PRO A1278 A1286 A1297"},"content":{"rendered":"<p><b>4szt. (komplet) n\u00f3\u017cek obudowy do Apple Macbook PRO<\/b><\/p>\n<p>N\u00f3\u017cki posiadaj\u0105 na\u0142o\u017con\u0105 warstw\u0119 klej\u0105c\u0105.<\/p>\n<p>Powierzchnia gumowana zapobiega po\u015blizgowi.<\/p>\n<p>Pasuje do:<\/p>\n<p>APPLE MacBooka A1278 A1286 A1297<\/p>\n<p>Przed monta\u017cem nale\u017cy oczy\u015bci\u0107 i odt\u0142u\u015bci\u0107 otwory w obudowie.<\/p>\n<p>Kod produktu: B275<\/p>\n<p>Lista kompatybilno\u015bci:<\/p>\n<p>p\u00f3\u017ano 2008 20081014 MB 13,3 A1278 (EMC 2254) MB466xx \/ A \u201eRdze\u0144 2 Duo\u201d 2,0 13\u2033 (unibody) 2,0 GHz Rdze\u0144 2 Duo (P7350)<\/p>\n<p>p\u00f3\u017ano 2008 20081014 MB 13,3 A1278 (EMC 2254) MB467xx \/ A \u201eRdze\u0144 2 Duo\u201d 2,4 13\u2033 (unibody) 2,4 GHz Rdze\u0144 2 Duo (P8600)<\/p>\n<p>Mid-2009 20090608 MB Pro 13,3 A1278 (EMC 2326) MB990xx \/ A \u201eCore 2 Duo\u201d 2,26 13\u2033 (SD \/ FW) 2,26 GHz Core 2 Duo (P8400)<\/p>\n<p>Mid-2009 20090608 MB Pro 13,3 A1278 (EMC 2326) MB991xx \/ A \u201eRdze\u0144 2 Duo\u201d 2,53 13\u2033 (DD \/ FW) 2,53 GHz Rdze\u0144 2 Duo (P8700)<\/p>\n<p>Mid-2010 20100413 MB Pro 13,3 A1278 (EMC 2351) MC374xx \/ A \u201eRdze\u0144 2 Duo\u201d 2,4 13\u2033 2,4 GHz Rdze\u0144 2 Duo (P8600)<\/p>\n<p>Mid-2010 20100413 MB Pro 13,3 A1278 (EMC 2351) MC375xx \/ A \u201eRdze\u0144 2 Duo\u201d 2,66 13\u2033 2,66 GHz Rdze\u0144 2 Duo (P8800)<\/p>\n<p>Wczesne 2011 20110224 MB Pro 13,3 A1278 (EMC 2419) MC700xx \/ A \u201eCore i5\u2033 2,3 13\u201d Core i5 2,3 GHz (I5-2415M)<\/p>\n<p>Wczesne 2011 20110224 MB Pro 13,3 A1278 (EMC 2419) MC724xx \/ A \u201eRdze\u0144 i7\u2033 2,7 13\u201d Core i7 2,7 GHz (I7-2620M)<\/p>\n<p>p\u00f3\u017ano 2011 20111024 MB Pro 13,3 A1278 (EMC 2555) MD313xx \/ A \u201eRdze\u0144 I5\u2033 2,4 13\u201d Core i5 2.4 GHz (I5-2435M)<\/p>\n<p>p\u00f3\u017ano 2011 20111024 MB Pro 13,3 A1278 (EMC 2555) MD314xx \/ A \u201eRdze\u0144 i7\u2033 2,8 13\u201d Core i7 2,8 GHz (I7-2640M)<\/p>\n<p>Mid-2012 20120611 MB Pro 13,3 A1278 (EMC 2554) MD101xx \/ A \u201eRdze\u0144 I5\u2033 2,5 13\u201d Core i5 2.5 GHz (I5-3210M)<\/p>\n<p>Mid-2012 20120611 MB Pro 13,3 A1278 (EMC 2554) MD102xx \/ A \u201eRdze\u0144 i7\u2033 2,9 13\u201d Core i7 2,9 GHz (I7-3520M)<\/p>\n<p>p\u00f3\u017ano 2008 20081014 MB Pro 15,4 A1286 (EMC 2255) MB470xx \/ A \u201eRdze\u0144 2 Duo\u201d 2,4 15\u2033 (unibody) 2,4 GHz Rdze\u0144 2 Duo (P8600)<\/p>\n<p>p\u00f3\u017ano 2008 20081014 MB Pro 15,4 A1286 (EMC 2255) MB471xx \/ A \u201eRdze\u0144 2 Duo\u201d 2,53 15\u2033 (unibody) 2,53 GHz Rdze\u0144 2 Duo (T9400)<\/p>\n<p>p\u00f3\u017ano 2008 20081014 MB Pro 15,4 A1286 (EMC 2255) BTO \/ CTO \u201eRdze\u0144 2 Duo\u201d 2,8 15\u2033 (unibody) 2,8 GHz Rdze\u0144 2 Duo (T9600)<\/p>\n<p>Wczesne 2009 20090303 MB Pro 15,4 A1286 (EMC 2255) MC026xx \/ A \u201eRdze\u0144 2 Duo\u201d 2,66 15\u2033 (unibody) 2,66 GHz Rdze\u0144 2 Duo (T9550)<\/p>\n<p>Wczesne 2009 20090303 MB Pro 15,4 A1286 (EMC 2255) BTO \/ CTO \u201eRdze\u0144 2 Duo\u201d 2,93 15\u2033 (unibody) 2,93 GHz Rdze\u0144 2 Duo (T9800)<\/p>\n<p>Mid-2009 20090608 MB Pro 15,4 A1286 (EMC 2324) MC118xx \/ A \u201eRdze\u0144 2 Duo\u201d 2,53 15\u2033 (DD), 2,53 GHz Rdze\u0144 2 Duo (P8700)<\/p>\n<p>Mid-2009 20090608 MB Pro 15,4 A1286 (EMC 2325) MB985xx \/ A \u201eCore 2 Duo\u201d 2,66 15\u2033 (SD) 2,66 GHz Core 2 Duo (P8800)<\/p>\n<p>Mid-2009 20090608 MB Pro 15,4 A1286 (EMC 2325) MB986xx \/ A \u201eRdze\u0144 2 Duo\u201d 2,8 15\u2033 (SD) 2,8 GHz Rdze\u0144 2 Duo (T9600)<\/p>\n<p>Mid-2009 20090608 MB Pro 15,4 A1286 (EMC 2325) BTO \/ CTO \u201eCore 2 Duo\u201d 3,06 15\u2033 (SD) 3,06 GHz Core 2 Duo (T9900)<\/p>\n<p>Mid-2010 20100413 MB Pro 15,4 A1286 (EMC 2353) MC371xx \/ A \u201eRdze\u0144 I5\u2033 2,4 15\u201d Core i5 2.4 GHz (i5-520M)<\/p>\n<p>Mid-2010 20100413 MB Pro 15,4 A1286 (EMC 2353) MC372xx \/ A \u201eRdze\u0144 I5\u2033 2,53 15\u201d Core i5 2,53 GHz (I5-540M)<\/p>\n<p>Mid-2010 20100413 MB Pro 15,4 A1286 (EMC 2353) MC373xx \/ A \u201eCore i7\u2033 2,66 15\u201d Core i7 2,66 GHz (I7-620M)<\/p>\n<p>Mid-2010 20101020 MB Pro 15,4 A1286 (EMC 2353) BTO \/ CTO \u201eRdze\u0144 i7\u2033 2,8 15\u201d Core i7 2,8 GHz (I7-640M)<\/p>\n<p>Wczesne 2011 20110224 MB Pro 15,4 A1286 (EMC 2353-1) MC721xx \/ A \u201eCore i7\u2033 2,0 15\u201d Core i7 2,0 GHz (I7-2635QM)<\/p>\n<p>Wczesne 2011 20110224 MB Pro 15,4 A1286 (EMC 2353-1) MC723xx \/ A \u201eCore i7\u2033 2,2 15\u201d Core i7 2,2 GHz (I7-2720QM)<\/p>\n<p>Wczesne 2011 20110224 MB Pro 15,4 A1286 (EMC 2353-1) BTO \/ CTO \u201eCore i7\u2033 2,3 15\u201d Core i7 2,3 GHz (I7-2820QM)<\/p>\n<p>p\u00f3\u017ano 2011 20111024 MB Pro 15,4 A1286 (EMC 2563) MD318xx \/ A \u201eCore i7\u2033 2,2 15\u201d Core i7 2,2 GHz (I7-2675QM)<\/p>\n<p>p\u00f3\u017ano 2011 20111024 MB Pro 15,4 A1286 (EMC 2563) MD322xx \/ A \u201eRdze\u0144 i7\u2033 2,4 15\u201d Core i7 2,4 GHz (I7-2760QM)<\/p>\n<p>p\u00f3\u017ano 2011 20111024 MB Pro 15,4 A1286 (EMC 2563) BTO \/ CTO \u201eRdze\u0144 i7\u2033 2,5 15\u201d Core i7 2,5 GHz (I7-2860QM)<\/p>\n<p>Mid-2012 20120611 MB Pro 15,4 A1286 (EMC 2556) MD103xx \/ A \u201eCore i7\u2033 2,3 15\u201d Core i7 2,3 GHz (I7-3615QM)<\/p>\n<p>Mid-2012 20120611 MB Pro 15,4 A1286 (EMC 2556) MD104xx \/ A \u201eRdze\u0144 i7\u2033 2,6 15\u201d Core i7 2,6 GHz (I7-3720QM)<\/p>\n<p>Mid-2012 20120611 MB Pro 15,4 A1286 (EMC 2556) BTO \/ CTO \u201eRdze\u0144 i7\u2033 2,7 15\u201d Core i7 2,7 GHz (I7-3820QM)<\/p>\n<p>Wczesne 2009 20090106 MB Pro 17 A1297 (EMC 2272) MB604xx \/ A \u201eRdze\u0144 2 Duo\u201d 2,66 17\u2033 (unibody) 2,66 GHz Rdze\u0144 2 Duo (T9550)<\/p>\n<p>Wczesne 2009 20090106 MB Pro 17 A1297 (EMC 2272) BTO \/ CTO \u201eRdze\u0144 2 Duo\u201d 2,93 17\u2033 (unibody) 2,93 GHz Rdze\u0144 2 Duo (T9800)<\/p>\n<p>Mid-2009 20090608 MB Pro 17 A1297 (EMC 2329) MC226xx \/ A \u201eRdze\u0144 2 Duo\u201d 2,8 17\u2033 2,8 GHz Rdze\u0144 2 Duo (T9600)<\/p>\n<p>Mid-2009 20090608 MB Pro 17 A1297 (EMC 2329) BTO \/ CTO \u201eRdze\u0144 2 Duo\u201d 3,06 17\u2033 3,06 GHz Rdze\u0144 2 Duo (T9900)<\/p>\n<p>Mid-2010 20100413 MB Pro 17 A1297 (EMC 2352) MC024xx \/ A \u201eRdze\u0144 I5\u2033 2,53 17\u201d Core i5 2,53 GHz (I5-540M)<\/p>\n<p>Mid-2010 20100413 MB Pro 17 A1297 (EMC 2352) BTO \/ CTO \u201eCore i7\u2033 2,66 17\u201d Core i7 2,66 GHz (I7-620M)<\/p>\n<p>Mid-2010 20101020 MB Pro 17 A1297 (EMC 2352) BTO \/ CTO \u201eRdze\u0144 i7\u2033 2,8 17\u201d Core i7 2,8 GHz (I7-640M)<\/p>\n<p>Wczesne 2011 20110224 MB Pro 17 A1297 (EMC 2352-1) MC725xx \/ A \u201eCore i7\u2033 2,2 17\u201d Core i7 2,2 GHz (I7-2720QM)<\/p>\n<p>Wczesne 2011 20110224 MB Pro 17 A1297 (EMC 2352-1) BTO \/ CTO \u201eCore i7\u2033 2,3 17\u201d Core i7 2,3 GHz (I7-2820QM)<\/p>\n<p>p\u00f3\u017ano 2011 20111024 MB Pro 17 A1297 (EMC 2564) MD311xx \/ A \u201eRdze\u0144 i7\u2033 2,4 17\u201d Core i7 2,4 GHz (I7-2760QM)<\/p>\n<p>p\u00f3\u017ano 2011 20111024 MB Pro 17 A1297 (EMC 2564) BTO \/ CTO \u201eRdze\u0144 i7\u2033 2,5 17\u201d Core i7 2,5 GHz (I7-2860QM)<\/p>\n","protected":false},"excerpt":{"rendered":"<p>4szt. (komplet) n\u00f3\u017cek obudowy do Apple Macbook PRO N\u00f3\u017cki posiadaj\u0105 na\u0142o\u017con\u0105 warstw\u0119 klej\u0105c\u0105. Powierzchnia gumowana zapobiega po\u015blizgowi. Pasuje do: APPLE MacBooka A1278 A1286 A1297 Przed monta\u017cem nale\u017cy oczy\u015bci\u0107 i odt\u0142u\u015bci\u0107 otwory w obudowie. Kod produktu: B275 Lista kompatybilno\u015bci: p\u00f3\u017ano 2008 20081014 MB 13,3 A1278 (EMC 2254) MB466xx \/ A \u201eRdze\u0144 2 Duo\u201d 2,0 13\u2033 (unibody) [&hellip;]<\/p>\n","protected":false},"featured_media":1944,"comment_status":"open","ping_status":"closed","template":"","meta":[],"product_brand":[],"product_cat":[38],"product_tag":[],"class_list":{"0":"post-1941","1":"product","2":"type-product","3":"status-publish","4":"has-post-thumbnail","6":"product_cat-czesci-do-laptopow","8":"first","9":"instock","10":"taxable","11":"shipping-taxable","12":"purchasable","13":"product-type-simple"},"yoast_head":"<!-- This site is optimized with the Yoast SEO plugin v27.3 - https:\/\/yoast.com\/product\/yoast-seo-wordpress\/ -->\n<title>4x N\u00d3\u017bKI ST\u00d3PKI MACBOOK PRO A1278 A1286 A1297 - Mix Market - Supermarket z wszystkim co potrzeba<\/title>\n<meta name=\"robots\" content=\"index, follow, max-snippet:-1, max-image-preview:large, max-video-preview:-1\" \/>\n<link rel=\"canonical\" href=\"https:\/\/racom.com.pl\/index.php\/produkt\/4x-nozki-stopki-macbook-pro-a1278-a1286-a1297\/\" \/>\n<meta property=\"og:locale\" content=\"pl_PL\" \/>\n<meta property=\"og:type\" content=\"article\" \/>\n<meta property=\"og:title\" content=\"4x N\u00d3\u017bKI ST\u00d3PKI MACBOOK PRO A1278 A1286 A1297 - Mix Market - Supermarket z wszystkim co potrzeba\" \/>\n<meta property=\"og:description\" content=\"4szt. (komplet) n\u00f3\u017cek obudowy do Apple Macbook PRO N\u00f3\u017cki posiadaj\u0105 na\u0142o\u017con\u0105 warstw\u0119 klej\u0105c\u0105. Powierzchnia gumowana zapobiega po\u015blizgowi. Pasuje do: APPLE MacBooka A1278 A1286 A1297 Przed monta\u017cem nale\u017cy oczy\u015bci\u0107 i odt\u0142u\u015bci\u0107 otwory w obudowie. Kod produktu: B275 Lista kompatybilno\u015bci: p\u00f3\u017ano 2008 20081014 MB 13,3 A1278 (EMC 2254) MB466xx \/ A \u201eRdze\u0144 2 Duo\u201d 2,0 13\u2033 (unibody) [&hellip;]\" \/>\n<meta property=\"og:url\" content=\"https:\/\/racom.com.pl\/index.php\/produkt\/4x-nozki-stopki-macbook-pro-a1278-a1286-a1297\/\" \/>\n<meta property=\"og:site_name\" content=\"Mix Market - Supermarket z wszystkim co potrzeba\" \/>\n<meta property=\"og:image\" content=\"https:\/\/racom.com.pl\/wp-content\/uploads\/2025\/07\/allegro_687a9c04c2fd43.56327940_294e2e874e7d810cd09b860e65f0.jpg\" \/>\n\t<meta property=\"og:image:width\" content=\"1280\" \/>\n\t<meta property=\"og:image:height\" content=\"1014\" \/>\n\t<meta property=\"og:image:type\" content=\"image\/jpeg\" \/>\n<meta name=\"twitter:card\" content=\"summary_large_image\" \/>\n<meta name=\"twitter:label1\" content=\"Szacowany czas czytania\" \/>\n\t<meta name=\"twitter:data1\" content=\"4 minuty\" \/>\n<script type=\"application\/ld+json\" class=\"yoast-schema-graph\">{\"@context\":\"https:\\\/\\\/schema.org\",\"@graph\":[{\"@type\":\"WebPage\",\"@id\":\"https:\\\/\\\/racom.com.pl\\\/index.php\\\/produkt\\\/4x-nozki-stopki-macbook-pro-a1278-a1286-a1297\\\/\",\"url\":\"https:\\\/\\\/racom.com.pl\\\/index.php\\\/produkt\\\/4x-nozki-stopki-macbook-pro-a1278-a1286-a1297\\\/\",\"name\":\"4x N\u00d3\u017bKI ST\u00d3PKI MACBOOK PRO A1278 A1286 A1297 - Mix Market - Supermarket z wszystkim co potrzeba\",\"isPartOf\":{\"@id\":\"https:\\\/\\\/racom.com.pl\\\/#website\"},\"primaryImageOfPage\":{\"@id\":\"https:\\\/\\\/racom.com.pl\\\/index.php\\\/produkt\\\/4x-nozki-stopki-macbook-pro-a1278-a1286-a1297\\\/#primaryimage\"},\"image\":{\"@id\":\"https:\\\/\\\/racom.com.pl\\\/index.php\\\/produkt\\\/4x-nozki-stopki-macbook-pro-a1278-a1286-a1297\\\/#primaryimage\"},\"thumbnailUrl\":\"https:\\\/\\\/racom.com.pl\\\/wp-content\\\/uploads\\\/2025\\\/07\\\/allegro_687a9c04c2fd43.56327940_294e2e874e7d810cd09b860e65f0.jpg\",\"datePublished\":\"2025-07-18T19:09:47+00:00\",\"breadcrumb\":{\"@id\":\"https:\\\/\\\/racom.com.pl\\\/index.php\\\/produkt\\\/4x-nozki-stopki-macbook-pro-a1278-a1286-a1297\\\/#breadcrumb\"},\"inLanguage\":\"pl-PL\",\"potentialAction\":[{\"@type\":\"ReadAction\",\"target\":[\"https:\\\/\\\/racom.com.pl\\\/index.php\\\/produkt\\\/4x-nozki-stopki-macbook-pro-a1278-a1286-a1297\\\/\"]}]},{\"@type\":\"ImageObject\",\"inLanguage\":\"pl-PL\",\"@id\":\"https:\\\/\\\/racom.com.pl\\\/index.php\\\/produkt\\\/4x-nozki-stopki-macbook-pro-a1278-a1286-a1297\\\/#primaryimage\",\"url\":\"https:\\\/\\\/racom.com.pl\\\/wp-content\\\/uploads\\\/2025\\\/07\\\/allegro_687a9c04c2fd43.56327940_294e2e874e7d810cd09b860e65f0.jpg\",\"contentUrl\":\"https:\\\/\\\/racom.com.pl\\\/wp-content\\\/uploads\\\/2025\\\/07\\\/allegro_687a9c04c2fd43.56327940_294e2e874e7d810cd09b860e65f0.jpg\",\"width\":1280,\"height\":1014},{\"@type\":\"BreadcrumbList\",\"@id\":\"https:\\\/\\\/racom.com.pl\\\/index.php\\\/produkt\\\/4x-nozki-stopki-macbook-pro-a1278-a1286-a1297\\\/#breadcrumb\",\"itemListElement\":[{\"@type\":\"ListItem\",\"position\":1,\"name\":\"Strona g\u0142\u00f3wna\",\"item\":\"https:\\\/\\\/racom.com.pl\\\/\"},{\"@type\":\"ListItem\",\"position\":2,\"name\":\"Sklep\",\"item\":\"https:\\\/\\\/racom.com.pl\\\/\"},{\"@type\":\"ListItem\",\"position\":3,\"name\":\"4x N\u00d3\u017bKI ST\u00d3PKI MACBOOK PRO A1278 A1286 A1297\"}]},{\"@type\":\"WebSite\",\"@id\":\"https:\\\/\\\/racom.com.pl\\\/#website\",\"url\":\"https:\\\/\\\/racom.com.pl\\\/\",\"name\":\"Mix Market - Supermarket z wszystkim co potrzeba do domu i nie tylko\",\"description\":\"\",\"publisher\":{\"@id\":\"https:\\\/\\\/racom.com.pl\\\/#organization\"},\"potentialAction\":[{\"@type\":\"SearchAction\",\"target\":{\"@type\":\"EntryPoint\",\"urlTemplate\":\"https:\\\/\\\/racom.com.pl\\\/?s={search_term_string}\"},\"query-input\":{\"@type\":\"PropertyValueSpecification\",\"valueRequired\":true,\"valueName\":\"search_term_string\"}}],\"inLanguage\":\"pl-PL\"},{\"@type\":\"Organization\",\"@id\":\"https:\\\/\\\/racom.com.pl\\\/#organization\",\"name\":\"Mix Market - Supermarket z wszystkim co potrzeba do domu i nie tylko\",\"url\":\"https:\\\/\\\/racom.com.pl\\\/\",\"logo\":{\"@type\":\"ImageObject\",\"inLanguage\":\"pl-PL\",\"@id\":\"https:\\\/\\\/racom.com.pl\\\/#\\\/schema\\\/logo\\\/image\\\/\",\"url\":\"https:\\\/\\\/racom.com.pl\\\/wp-content\\\/uploads\\\/2025\\\/07\\\/mixmarket_logo.png\",\"contentUrl\":\"https:\\\/\\\/racom.com.pl\\\/wp-content\\\/uploads\\\/2025\\\/07\\\/mixmarket_logo.png\",\"width\":1024,\"height\":1024,\"caption\":\"Mix Market - Supermarket z wszystkim co potrzeba do domu i nie tylko\"},\"image\":{\"@id\":\"https:\\\/\\\/racom.com.pl\\\/#\\\/schema\\\/logo\\\/image\\\/\"}}]}<\/script>\n<!-- \/ Yoast SEO plugin. -->","yoast_head_json":{"title":"4x N\u00d3\u017bKI ST\u00d3PKI MACBOOK PRO A1278 A1286 A1297 - Mix Market - Supermarket z wszystkim co potrzeba","robots":{"index":"index","follow":"follow","max-snippet":"max-snippet:-1","max-image-preview":"max-image-preview:large","max-video-preview":"max-video-preview:-1"},"canonical":"https:\/\/racom.com.pl\/index.php\/produkt\/4x-nozki-stopki-macbook-pro-a1278-a1286-a1297\/","og_locale":"pl_PL","og_type":"article","og_title":"4x N\u00d3\u017bKI ST\u00d3PKI MACBOOK PRO A1278 A1286 A1297 - Mix Market - Supermarket z wszystkim co potrzeba","og_description":"4szt. (komplet) n\u00f3\u017cek obudowy do Apple Macbook PRO N\u00f3\u017cki posiadaj\u0105 na\u0142o\u017con\u0105 warstw\u0119 klej\u0105c\u0105. Powierzchnia gumowana zapobiega po\u015blizgowi. Pasuje do: APPLE MacBooka A1278 A1286 A1297 Przed monta\u017cem nale\u017cy oczy\u015bci\u0107 i odt\u0142u\u015bci\u0107 otwory w obudowie. Kod produktu: B275 Lista kompatybilno\u015bci: p\u00f3\u017ano 2008 20081014 MB 13,3 A1278 (EMC 2254) MB466xx \/ A \u201eRdze\u0144 2 Duo\u201d 2,0 13\u2033 (unibody) [&hellip;]","og_url":"https:\/\/racom.com.pl\/index.php\/produkt\/4x-nozki-stopki-macbook-pro-a1278-a1286-a1297\/","og_site_name":"Mix Market - Supermarket z wszystkim co potrzeba","og_image":[{"width":1280,"height":1014,"url":"https:\/\/racom.com.pl\/wp-content\/uploads\/2025\/07\/allegro_687a9c04c2fd43.56327940_294e2e874e7d810cd09b860e65f0.jpg","type":"image\/jpeg"}],"twitter_card":"summary_large_image","twitter_misc":{"Szacowany czas czytania":"4 minuty"},"schema":{"@context":"https:\/\/schema.org","@graph":[{"@type":"WebPage","@id":"https:\/\/racom.com.pl\/index.php\/produkt\/4x-nozki-stopki-macbook-pro-a1278-a1286-a1297\/","url":"https:\/\/racom.com.pl\/index.php\/produkt\/4x-nozki-stopki-macbook-pro-a1278-a1286-a1297\/","name":"4x N\u00d3\u017bKI ST\u00d3PKI MACBOOK PRO A1278 A1286 A1297 - Mix Market - Supermarket z wszystkim co potrzeba","isPartOf":{"@id":"https:\/\/racom.com.pl\/#website"},"primaryImageOfPage":{"@id":"https:\/\/racom.com.pl\/index.php\/produkt\/4x-nozki-stopki-macbook-pro-a1278-a1286-a1297\/#primaryimage"},"image":{"@id":"https:\/\/racom.com.pl\/index.php\/produkt\/4x-nozki-stopki-macbook-pro-a1278-a1286-a1297\/#primaryimage"},"thumbnailUrl":"https:\/\/racom.com.pl\/wp-content\/uploads\/2025\/07\/allegro_687a9c04c2fd43.56327940_294e2e874e7d810cd09b860e65f0.jpg","datePublished":"2025-07-18T19:09:47+00:00","breadcrumb":{"@id":"https:\/\/racom.com.pl\/index.php\/produkt\/4x-nozki-stopki-macbook-pro-a1278-a1286-a1297\/#breadcrumb"},"inLanguage":"pl-PL","potentialAction":[{"@type":"ReadAction","target":["https:\/\/racom.com.pl\/index.php\/produkt\/4x-nozki-stopki-macbook-pro-a1278-a1286-a1297\/"]}]},{"@type":"ImageObject","inLanguage":"pl-PL","@id":"https:\/\/racom.com.pl\/index.php\/produkt\/4x-nozki-stopki-macbook-pro-a1278-a1286-a1297\/#primaryimage","url":"https:\/\/racom.com.pl\/wp-content\/uploads\/2025\/07\/allegro_687a9c04c2fd43.56327940_294e2e874e7d810cd09b860e65f0.jpg","contentUrl":"https:\/\/racom.com.pl\/wp-content\/uploads\/2025\/07\/allegro_687a9c04c2fd43.56327940_294e2e874e7d810cd09b860e65f0.jpg","width":1280,"height":1014},{"@type":"BreadcrumbList","@id":"https:\/\/racom.com.pl\/index.php\/produkt\/4x-nozki-stopki-macbook-pro-a1278-a1286-a1297\/#breadcrumb","itemListElement":[{"@type":"ListItem","position":1,"name":"Strona g\u0142\u00f3wna","item":"https:\/\/racom.com.pl\/"},{"@type":"ListItem","position":2,"name":"Sklep","item":"https:\/\/racom.com.pl\/"},{"@type":"ListItem","position":3,"name":"4x N\u00d3\u017bKI ST\u00d3PKI MACBOOK PRO A1278 A1286 A1297"}]},{"@type":"WebSite","@id":"https:\/\/racom.com.pl\/#website","url":"https:\/\/racom.com.pl\/","name":"Mix Market - Supermarket z wszystkim co potrzeba do domu i nie tylko","description":"","publisher":{"@id":"https:\/\/racom.com.pl\/#organization"},"potentialAction":[{"@type":"SearchAction","target":{"@type":"EntryPoint","urlTemplate":"https:\/\/racom.com.pl\/?s={search_term_string}"},"query-input":{"@type":"PropertyValueSpecification","valueRequired":true,"valueName":"search_term_string"}}],"inLanguage":"pl-PL"},{"@type":"Organization","@id":"https:\/\/racom.com.pl\/#organization","name":"Mix Market - Supermarket z wszystkim co potrzeba do domu i nie tylko","url":"https:\/\/racom.com.pl\/","logo":{"@type":"ImageObject","inLanguage":"pl-PL","@id":"https:\/\/racom.com.pl\/#\/schema\/logo\/image\/","url":"https:\/\/racom.com.pl\/wp-content\/uploads\/2025\/07\/mixmarket_logo.png","contentUrl":"https:\/\/racom.com.pl\/wp-content\/uploads\/2025\/07\/mixmarket_logo.png","width":1024,"height":1024,"caption":"Mix Market - Supermarket z wszystkim co potrzeba do domu i nie tylko"},"image":{"@id":"https:\/\/racom.com.pl\/#\/schema\/logo\/image\/"}}]}},"_links":{"self":[{"href":"https:\/\/racom.com.pl\/index.php\/wp-json\/wp\/v2\/product\/1941","targetHints":{"allow":["GET"]}}],"collection":[{"href":"https:\/\/racom.com.pl\/index.php\/wp-json\/wp\/v2\/product"}],"about":[{"href":"https:\/\/racom.com.pl\/index.php\/wp-json\/wp\/v2\/types\/product"}],"replies":[{"embeddable":true,"href":"https:\/\/racom.com.pl\/index.php\/wp-json\/wp\/v2\/comments?post=1941"}],"wp:featuredmedia":[{"embeddable":true,"href":"https:\/\/racom.com.pl\/index.php\/wp-json\/wp\/v2\/media\/1944"}],"wp:attachment":[{"href":"https:\/\/racom.com.pl\/index.php\/wp-json\/wp\/v2\/media?parent=1941"}],"wp:term":[{"taxonomy":"product_brand","embeddable":true,"href":"https:\/\/racom.com.pl\/index.php\/wp-json\/wp\/v2\/product_brand?post=1941"},{"taxonomy":"product_cat","embeddable":true,"href":"https:\/\/racom.com.pl\/index.php\/wp-json\/wp\/v2\/product_cat?post=1941"},{"taxonomy":"product_tag","embeddable":true,"href":"https:\/\/racom.com.pl\/index.php\/wp-json\/wp\/v2\/product_tag?post=1941"}],"curies":[{"name":"wp","href":"https:\/\/api.w.org\/{rel}","templated":true}]}}