{"id":1954,"date":"2025-07-18T21:10:57","date_gmt":"2025-07-18T19:10:57","guid":{"rendered":"http:\/\/192.168.2.106\/index.php\/produkt\/hoco-iphone-8-szklo-hartowane-ochronne-9h\/"},"modified":"2025-07-18T21:10:57","modified_gmt":"2025-07-18T19:10:57","slug":"hoco-iphone-8-szklo-hartowane-ochronne-9h","status":"publish","type":"product","link":"https:\/\/racom.com.pl\/index.php\/produkt\/hoco-iphone-8-szklo-hartowane-ochronne-9h\/","title":{"rendered":"HOCO IPHONE 8 SZK\u0141O HARTOWANE OCHRONNE 9H"},"content":{"rendered":"<h2>hoco.<\/h2>\n<h2>SZK\u0141O HARTOWANE IPHONE 8<\/h2>\n<p>Szk\u0142o hartowane 9H do iPhone 8 (4,7&#8243;)<\/p>\n<p>Firma Hoco specjalizuje si\u0119 na produkowaniu r\u00f3\u017cnego rodzaju akcesori\u00f3w do telefon\u00f3w. G\u0142\u00f3wna siedziba w Longhua New District, Shenzhen, Chiny. Firma posiada biura klasy 5A oraz system magazynowania i logistyki. Rozwin\u0119\u0142a swoich agent\u00f3w w ponad 50 krajach na \u015bwiecie, a jej asortyment rozszerzy\u0142 si\u0119 z tradycyjnej ochrony smartfon\u00f3w, takiej jak, szk\u0142a hartowane do \u0142adowarek, powerbank\u00f3w, urz\u0105dze\u0144 audio, wideo , urz\u0105dze\u0144 montowane w pojazdach, produkt\u00f3w inteligentnego domu, sportowych oraz innych. Firma k\u0142adzie nacisk przede wszystkim na jako\u015b\u0107, prostot\u0119 oraz stylowy wygl\u0105d.<\/p>\n<ul>\n<li><b>Kod produktu: @6957531066040<\/b><\/li>\n<\/ul>\n","protected":false},"excerpt":{"rendered":"<p>hoco. SZK\u0141O HARTOWANE IPHONE 8 Szk\u0142o hartowane 9H do iPhone 8 (4,7&#8243;) Firma Hoco specjalizuje si\u0119 na produkowaniu r\u00f3\u017cnego rodzaju akcesori\u00f3w do telefon\u00f3w. G\u0142\u00f3wna siedziba w Longhua New District, Shenzhen, Chiny. Firma posiada biura klasy 5A oraz system magazynowania i logistyki. Rozwin\u0119\u0142a swoich agent\u00f3w w ponad 50 krajach na \u015bwiecie, a jej asortyment rozszerzy\u0142 si\u0119 [&hellip;]<\/p>\n","protected":false},"featured_media":233,"comment_status":"open","ping_status":"closed","template":"","meta":[],"product_brand":[],"product_cat":[26],"product_tag":[],"class_list":{"0":"post-1954","1":"product","2":"type-product","3":"status-publish","4":"has-post-thumbnail","6":"product_cat-akcesoria-gsm","8":"first","9":"instock","10":"taxable","11":"shipping-taxable","12":"purchasable","13":"product-type-simple"},"yoast_head":"<!-- This site is optimized with the Yoast SEO plugin v27.3 - https:\/\/yoast.com\/product\/yoast-seo-wordpress\/ -->\n<title>HOCO IPHONE 8 SZK\u0141O HARTOWANE OCHRONNE 9H - Mix Market - Supermarket z wszystkim co potrzeba<\/title>\n<meta name=\"robots\" content=\"index, follow, max-snippet:-1, max-image-preview:large, max-video-preview:-1\" \/>\n<link rel=\"canonical\" href=\"https:\/\/racom.com.pl\/index.php\/produkt\/hoco-iphone-8-szklo-hartowane-ochronne-9h\/\" \/>\n<meta property=\"og:locale\" content=\"pl_PL\" \/>\n<meta property=\"og:type\" content=\"article\" \/>\n<meta property=\"og:title\" content=\"HOCO IPHONE 8 SZK\u0141O HARTOWANE OCHRONNE 9H - Mix Market - Supermarket z wszystkim co potrzeba\" \/>\n<meta property=\"og:description\" content=\"hoco. SZK\u0141O HARTOWANE IPHONE 8 Szk\u0142o hartowane 9H do iPhone 8 (4,7&#8243;) Firma Hoco specjalizuje si\u0119 na produkowaniu r\u00f3\u017cnego rodzaju akcesori\u00f3w do telefon\u00f3w. G\u0142\u00f3wna siedziba w Longhua New District, Shenzhen, Chiny. Firma posiada biura klasy 5A oraz system magazynowania i logistyki. Rozwin\u0119\u0142a swoich agent\u00f3w w ponad 50 krajach na \u015bwiecie, a jej asortyment rozszerzy\u0142 si\u0119 [&hellip;]\" \/>\n<meta property=\"og:url\" content=\"https:\/\/racom.com.pl\/index.php\/produkt\/hoco-iphone-8-szklo-hartowane-ochronne-9h\/\" \/>\n<meta property=\"og:site_name\" content=\"Mix Market - Supermarket z wszystkim co potrzeba\" \/>\n<meta property=\"og:image\" content=\"https:\/\/racom.com.pl\/wp-content\/uploads\/2025\/07\/allegro_687a65dc1d8895.17688094_6fae7e44447888e9933e2b40355c.jpg\" \/>\n\t<meta property=\"og:image:width\" content=\"1600\" \/>\n\t<meta property=\"og:image:height\" content=\"1710\" \/>\n\t<meta property=\"og:image:type\" content=\"image\/jpeg\" \/>\n<meta name=\"twitter:card\" content=\"summary_large_image\" \/>\n<meta name=\"twitter:label1\" content=\"Szacowany czas czytania\" \/>\n\t<meta name=\"twitter:data1\" content=\"1 minuta\" \/>\n<script type=\"application\/ld+json\" class=\"yoast-schema-graph\">{\"@context\":\"https:\\\/\\\/schema.org\",\"@graph\":[{\"@type\":\"WebPage\",\"@id\":\"https:\\\/\\\/racom.com.pl\\\/index.php\\\/produkt\\\/hoco-iphone-8-szklo-hartowane-ochronne-9h\\\/\",\"url\":\"https:\\\/\\\/racom.com.pl\\\/index.php\\\/produkt\\\/hoco-iphone-8-szklo-hartowane-ochronne-9h\\\/\",\"name\":\"HOCO IPHONE 8 SZK\u0141O HARTOWANE OCHRONNE 9H - Mix Market - Supermarket z wszystkim co potrzeba\",\"isPartOf\":{\"@id\":\"https:\\\/\\\/racom.com.pl\\\/#website\"},\"primaryImageOfPage\":{\"@id\":\"https:\\\/\\\/racom.com.pl\\\/index.php\\\/produkt\\\/hoco-iphone-8-szklo-hartowane-ochronne-9h\\\/#primaryimage\"},\"image\":{\"@id\":\"https:\\\/\\\/racom.com.pl\\\/index.php\\\/produkt\\\/hoco-iphone-8-szklo-hartowane-ochronne-9h\\\/#primaryimage\"},\"thumbnailUrl\":\"https:\\\/\\\/racom.com.pl\\\/wp-content\\\/uploads\\\/2025\\\/07\\\/allegro_687a65dc1d8895.17688094_6fae7e44447888e9933e2b40355c.jpg\",\"datePublished\":\"2025-07-18T19:10:57+00:00\",\"breadcrumb\":{\"@id\":\"https:\\\/\\\/racom.com.pl\\\/index.php\\\/produkt\\\/hoco-iphone-8-szklo-hartowane-ochronne-9h\\\/#breadcrumb\"},\"inLanguage\":\"pl-PL\",\"potentialAction\":[{\"@type\":\"ReadAction\",\"target\":[\"https:\\\/\\\/racom.com.pl\\\/index.php\\\/produkt\\\/hoco-iphone-8-szklo-hartowane-ochronne-9h\\\/\"]}]},{\"@type\":\"ImageObject\",\"inLanguage\":\"pl-PL\",\"@id\":\"https:\\\/\\\/racom.com.pl\\\/index.php\\\/produkt\\\/hoco-iphone-8-szklo-hartowane-ochronne-9h\\\/#primaryimage\",\"url\":\"https:\\\/\\\/racom.com.pl\\\/wp-content\\\/uploads\\\/2025\\\/07\\\/allegro_687a65dc1d8895.17688094_6fae7e44447888e9933e2b40355c.jpg\",\"contentUrl\":\"https:\\\/\\\/racom.com.pl\\\/wp-content\\\/uploads\\\/2025\\\/07\\\/allegro_687a65dc1d8895.17688094_6fae7e44447888e9933e2b40355c.jpg\",\"width\":1600,\"height\":1710},{\"@type\":\"BreadcrumbList\",\"@id\":\"https:\\\/\\\/racom.com.pl\\\/index.php\\\/produkt\\\/hoco-iphone-8-szklo-hartowane-ochronne-9h\\\/#breadcrumb\",\"itemListElement\":[{\"@type\":\"ListItem\",\"position\":1,\"name\":\"Strona g\u0142\u00f3wna\",\"item\":\"https:\\\/\\\/racom.com.pl\\\/\"},{\"@type\":\"ListItem\",\"position\":2,\"name\":\"Sklep\",\"item\":\"https:\\\/\\\/racom.com.pl\\\/\"},{\"@type\":\"ListItem\",\"position\":3,\"name\":\"HOCO IPHONE 8 SZK\u0141O HARTOWANE OCHRONNE 9H\"}]},{\"@type\":\"WebSite\",\"@id\":\"https:\\\/\\\/racom.com.pl\\\/#website\",\"url\":\"https:\\\/\\\/racom.com.pl\\\/\",\"name\":\"Mix Market - Supermarket z wszystkim co potrzeba do domu i nie tylko\",\"description\":\"\",\"publisher\":{\"@id\":\"https:\\\/\\\/racom.com.pl\\\/#organization\"},\"potentialAction\":[{\"@type\":\"SearchAction\",\"target\":{\"@type\":\"EntryPoint\",\"urlTemplate\":\"https:\\\/\\\/racom.com.pl\\\/?s={search_term_string}\"},\"query-input\":{\"@type\":\"PropertyValueSpecification\",\"valueRequired\":true,\"valueName\":\"search_term_string\"}}],\"inLanguage\":\"pl-PL\"},{\"@type\":\"Organization\",\"@id\":\"https:\\\/\\\/racom.com.pl\\\/#organization\",\"name\":\"Mix Market - Supermarket z wszystkim co potrzeba do domu i nie tylko\",\"url\":\"https:\\\/\\\/racom.com.pl\\\/\",\"logo\":{\"@type\":\"ImageObject\",\"inLanguage\":\"pl-PL\",\"@id\":\"https:\\\/\\\/racom.com.pl\\\/#\\\/schema\\\/logo\\\/image\\\/\",\"url\":\"https:\\\/\\\/racom.com.pl\\\/wp-content\\\/uploads\\\/2025\\\/07\\\/mixmarket_logo.png\",\"contentUrl\":\"https:\\\/\\\/racom.com.pl\\\/wp-content\\\/uploads\\\/2025\\\/07\\\/mixmarket_logo.png\",\"width\":1024,\"height\":1024,\"caption\":\"Mix Market - Supermarket z wszystkim co potrzeba do domu i nie tylko\"},\"image\":{\"@id\":\"https:\\\/\\\/racom.com.pl\\\/#\\\/schema\\\/logo\\\/image\\\/\"}}]}<\/script>\n<!-- \/ Yoast SEO plugin. -->","yoast_head_json":{"title":"HOCO IPHONE 8 SZK\u0141O HARTOWANE OCHRONNE 9H - Mix Market - Supermarket z wszystkim co potrzeba","robots":{"index":"index","follow":"follow","max-snippet":"max-snippet:-1","max-image-preview":"max-image-preview:large","max-video-preview":"max-video-preview:-1"},"canonical":"https:\/\/racom.com.pl\/index.php\/produkt\/hoco-iphone-8-szklo-hartowane-ochronne-9h\/","og_locale":"pl_PL","og_type":"article","og_title":"HOCO IPHONE 8 SZK\u0141O HARTOWANE OCHRONNE 9H - Mix Market - Supermarket z wszystkim co potrzeba","og_description":"hoco. SZK\u0141O HARTOWANE IPHONE 8 Szk\u0142o hartowane 9H do iPhone 8 (4,7&#8243;) Firma Hoco specjalizuje si\u0119 na produkowaniu r\u00f3\u017cnego rodzaju akcesori\u00f3w do telefon\u00f3w. G\u0142\u00f3wna siedziba w Longhua New District, Shenzhen, Chiny. Firma posiada biura klasy 5A oraz system magazynowania i logistyki. Rozwin\u0119\u0142a swoich agent\u00f3w w ponad 50 krajach na \u015bwiecie, a jej asortyment rozszerzy\u0142 si\u0119 [&hellip;]","og_url":"https:\/\/racom.com.pl\/index.php\/produkt\/hoco-iphone-8-szklo-hartowane-ochronne-9h\/","og_site_name":"Mix Market - Supermarket z wszystkim co potrzeba","og_image":[{"width":1600,"height":1710,"url":"https:\/\/racom.com.pl\/wp-content\/uploads\/2025\/07\/allegro_687a65dc1d8895.17688094_6fae7e44447888e9933e2b40355c.jpg","type":"image\/jpeg"}],"twitter_card":"summary_large_image","twitter_misc":{"Szacowany czas czytania":"1 minuta"},"schema":{"@context":"https:\/\/schema.org","@graph":[{"@type":"WebPage","@id":"https:\/\/racom.com.pl\/index.php\/produkt\/hoco-iphone-8-szklo-hartowane-ochronne-9h\/","url":"https:\/\/racom.com.pl\/index.php\/produkt\/hoco-iphone-8-szklo-hartowane-ochronne-9h\/","name":"HOCO IPHONE 8 SZK\u0141O HARTOWANE OCHRONNE 9H - Mix Market - Supermarket z wszystkim co potrzeba","isPartOf":{"@id":"https:\/\/racom.com.pl\/#website"},"primaryImageOfPage":{"@id":"https:\/\/racom.com.pl\/index.php\/produkt\/hoco-iphone-8-szklo-hartowane-ochronne-9h\/#primaryimage"},"image":{"@id":"https:\/\/racom.com.pl\/index.php\/produkt\/hoco-iphone-8-szklo-hartowane-ochronne-9h\/#primaryimage"},"thumbnailUrl":"https:\/\/racom.com.pl\/wp-content\/uploads\/2025\/07\/allegro_687a65dc1d8895.17688094_6fae7e44447888e9933e2b40355c.jpg","datePublished":"2025-07-18T19:10:57+00:00","breadcrumb":{"@id":"https:\/\/racom.com.pl\/index.php\/produkt\/hoco-iphone-8-szklo-hartowane-ochronne-9h\/#breadcrumb"},"inLanguage":"pl-PL","potentialAction":[{"@type":"ReadAction","target":["https:\/\/racom.com.pl\/index.php\/produkt\/hoco-iphone-8-szklo-hartowane-ochronne-9h\/"]}]},{"@type":"ImageObject","inLanguage":"pl-PL","@id":"https:\/\/racom.com.pl\/index.php\/produkt\/hoco-iphone-8-szklo-hartowane-ochronne-9h\/#primaryimage","url":"https:\/\/racom.com.pl\/wp-content\/uploads\/2025\/07\/allegro_687a65dc1d8895.17688094_6fae7e44447888e9933e2b40355c.jpg","contentUrl":"https:\/\/racom.com.pl\/wp-content\/uploads\/2025\/07\/allegro_687a65dc1d8895.17688094_6fae7e44447888e9933e2b40355c.jpg","width":1600,"height":1710},{"@type":"BreadcrumbList","@id":"https:\/\/racom.com.pl\/index.php\/produkt\/hoco-iphone-8-szklo-hartowane-ochronne-9h\/#breadcrumb","itemListElement":[{"@type":"ListItem","position":1,"name":"Strona g\u0142\u00f3wna","item":"https:\/\/racom.com.pl\/"},{"@type":"ListItem","position":2,"name":"Sklep","item":"https:\/\/racom.com.pl\/"},{"@type":"ListItem","position":3,"name":"HOCO IPHONE 8 SZK\u0141O HARTOWANE OCHRONNE 9H"}]},{"@type":"WebSite","@id":"https:\/\/racom.com.pl\/#website","url":"https:\/\/racom.com.pl\/","name":"Mix Market - Supermarket z wszystkim co potrzeba do domu i nie tylko","description":"","publisher":{"@id":"https:\/\/racom.com.pl\/#organization"},"potentialAction":[{"@type":"SearchAction","target":{"@type":"EntryPoint","urlTemplate":"https:\/\/racom.com.pl\/?s={search_term_string}"},"query-input":{"@type":"PropertyValueSpecification","valueRequired":true,"valueName":"search_term_string"}}],"inLanguage":"pl-PL"},{"@type":"Organization","@id":"https:\/\/racom.com.pl\/#organization","name":"Mix Market - Supermarket z wszystkim co potrzeba do domu i nie tylko","url":"https:\/\/racom.com.pl\/","logo":{"@type":"ImageObject","inLanguage":"pl-PL","@id":"https:\/\/racom.com.pl\/#\/schema\/logo\/image\/","url":"https:\/\/racom.com.pl\/wp-content\/uploads\/2025\/07\/mixmarket_logo.png","contentUrl":"https:\/\/racom.com.pl\/wp-content\/uploads\/2025\/07\/mixmarket_logo.png","width":1024,"height":1024,"caption":"Mix Market - Supermarket z wszystkim co potrzeba do domu i nie tylko"},"image":{"@id":"https:\/\/racom.com.pl\/#\/schema\/logo\/image\/"}}]}},"_links":{"self":[{"href":"https:\/\/racom.com.pl\/index.php\/wp-json\/wp\/v2\/product\/1954","targetHints":{"allow":["GET"]}}],"collection":[{"href":"https:\/\/racom.com.pl\/index.php\/wp-json\/wp\/v2\/product"}],"about":[{"href":"https:\/\/racom.com.pl\/index.php\/wp-json\/wp\/v2\/types\/product"}],"replies":[{"embeddable":true,"href":"https:\/\/racom.com.pl\/index.php\/wp-json\/wp\/v2\/comments?post=1954"}],"wp:featuredmedia":[{"embeddable":true,"href":"https:\/\/racom.com.pl\/index.php\/wp-json\/wp\/v2\/media\/233"}],"wp:attachment":[{"href":"https:\/\/racom.com.pl\/index.php\/wp-json\/wp\/v2\/media?parent=1954"}],"wp:term":[{"taxonomy":"product_brand","embeddable":true,"href":"https:\/\/racom.com.pl\/index.php\/wp-json\/wp\/v2\/product_brand?post=1954"},{"taxonomy":"product_cat","embeddable":true,"href":"https:\/\/racom.com.pl\/index.php\/wp-json\/wp\/v2\/product_cat?post=1954"},{"taxonomy":"product_tag","embeddable":true,"href":"https:\/\/racom.com.pl\/index.php\/wp-json\/wp\/v2\/product_tag?post=1954"}],"curies":[{"name":"wp","href":"https:\/\/api.w.org\/{rel}","templated":true}]}}