{"id":1970,"date":"2025-07-18T21:12:57","date_gmt":"2025-07-18T19:12:57","guid":{"rendered":"http:\/\/192.168.2.106\/index.php\/produkt\/fanex-53-sos-majonezowy-o-smaku-serowym-majonez-serowy-3-kg\/"},"modified":"2025-07-18T21:12:57","modified_gmt":"2025-07-18T19:12:57","slug":"fanex-53-sos-majonezowy-o-smaku-serowym-majonez-serowy-3-kg","status":"publish","type":"product","link":"https:\/\/racom.com.pl\/index.php\/produkt\/fanex-53-sos-majonezowy-o-smaku-serowym-majonez-serowy-3-kg\/","title":{"rendered":"FANEX 53 Sos majonezowy o smaku serowym MAJONEZ SEROWY 3 kg"},"content":{"rendered":"<h2>FANEX 53 Sos majonezowy o smaku serowym MAJONEZ SEROWY 3 kg<\/h2>\n<p><b>FANEX SOS MAJONEZOWO-SEROWY<\/b><\/p>\n<p><b>SK\u0141ADNIKI<\/b>:<\/p>\n<ul>\n<li>olej rzepakowy, woda, stabilizator (sorbitol), maltodekstryna, ocet spirytusowy, fruktoza, suszony hydrolizat bia\u0142kowy o smaku sera 2% (hydrolizowane bia\u0142ka sojowe, s\u00f3l, aromat sera, maltodekstryna, wzmacniacz smaku E621, zawiera mleko), skrobia modyfikowana, s\u00f3l, przyprawy, substancje zag\u0119szczaj\u0105ce (alginian propylenowo-glikolowy, guma ksantanowa, zawiera \u017c\u00f3\u0142tko jaja), cukier, substancje konserwuj\u0105ce (benzoesan sodu, sorbinian potasu), wzmacniacz smaku (glutaminian monosodowy), aromat naturalny (zawiera gorczyc\u0119), przeciwutleniacz (s\u00f3l wapniowo-disodowa EDTA)<\/li>\n<\/ul>\n<p><b>WARTO\u015a\u0106 OD\u017bYWCZA W 100 g:<\/b><\/p>\n<p>warto\u015b\u0107 energetyczna \u2013 1669 kJ\/ 405 kcal,<\/p>\n<p>t\u0142uszcz \u2013 40 g,<\/p>\n<p>w tym kwasy nasycone \u2013 2,9 g,<\/p>\n<p>w\u0119glowodany \u2013 12 g,<\/p>\n<p>w tym cukry \u2013 0,8 g,<\/p>\n<p>bia\u0142ko \u2013 0,4 g,<\/p>\n<p>s\u00f3l \u2013 1,9 g<\/p>\n","protected":false},"excerpt":{"rendered":"<p>FANEX 53 Sos majonezowy o smaku serowym MAJONEZ SEROWY 3 kg FANEX SOS MAJONEZOWO-SEROWY SK\u0141ADNIKI: olej rzepakowy, woda, stabilizator (sorbitol), maltodekstryna, ocet spirytusowy, fruktoza, suszony hydrolizat bia\u0142kowy o smaku sera 2% (hydrolizowane bia\u0142ka sojowe, s\u00f3l, aromat sera, maltodekstryna, wzmacniacz smaku E621, zawiera mleko), skrobia modyfikowana, s\u00f3l, przyprawy, substancje zag\u0119szczaj\u0105ce (alginian propylenowo-glikolowy, guma ksantanowa, zawiera \u017c\u00f3\u0142tko [&hellip;]<\/p>\n","protected":false},"featured_media":1973,"comment_status":"open","ping_status":"closed","template":"","meta":[],"product_brand":[110],"product_cat":[109],"product_tag":[],"class_list":{"0":"post-1970","1":"product","2":"type-product","3":"status-publish","4":"has-post-thumbnail","6":"product_brand-fanex","7":"product_cat-sosy-kanapkowe-i-dressingi","9":"first","10":"instock","11":"taxable","12":"shipping-taxable","13":"purchasable","14":"product-type-simple"},"yoast_head":"<!-- This site is optimized with the Yoast SEO plugin v27.3 - https:\/\/yoast.com\/product\/yoast-seo-wordpress\/ -->\n<title>FANEX 53 Sos majonezowy o smaku serowym MAJONEZ SEROWY 3 kg - Mix Market - Supermarket z wszystkim co potrzeba<\/title>\n<meta name=\"robots\" content=\"index, follow, max-snippet:-1, max-image-preview:large, max-video-preview:-1\" \/>\n<link rel=\"canonical\" href=\"https:\/\/racom.com.pl\/index.php\/produkt\/fanex-53-sos-majonezowy-o-smaku-serowym-majonez-serowy-3-kg\/\" \/>\n<meta property=\"og:locale\" content=\"pl_PL\" \/>\n<meta property=\"og:type\" content=\"article\" \/>\n<meta property=\"og:title\" content=\"FANEX 53 Sos majonezowy o smaku serowym MAJONEZ SEROWY 3 kg - Mix Market - Supermarket z wszystkim co potrzeba\" \/>\n<meta property=\"og:description\" content=\"FANEX 53 Sos majonezowy o smaku serowym MAJONEZ SEROWY 3 kg FANEX SOS MAJONEZOWO-SEROWY SK\u0141ADNIKI: olej rzepakowy, woda, stabilizator (sorbitol), maltodekstryna, ocet spirytusowy, fruktoza, suszony hydrolizat bia\u0142kowy o smaku sera 2% (hydrolizowane bia\u0142ka sojowe, s\u00f3l, aromat sera, maltodekstryna, wzmacniacz smaku E621, zawiera mleko), skrobia modyfikowana, s\u00f3l, przyprawy, substancje zag\u0119szczaj\u0105ce (alginian propylenowo-glikolowy, guma ksantanowa, zawiera \u017c\u00f3\u0142tko [&hellip;]\" \/>\n<meta property=\"og:url\" content=\"https:\/\/racom.com.pl\/index.php\/produkt\/fanex-53-sos-majonezowy-o-smaku-serowym-majonez-serowy-3-kg\/\" \/>\n<meta property=\"og:site_name\" content=\"Mix Market - Supermarket z wszystkim co potrzeba\" \/>\n<meta property=\"og:image\" content=\"https:\/\/racom.com.pl\/wp-content\/uploads\/2025\/07\/allegro_687a9ce5457b21.69576061_4554999f4e46b2bfdb7569906445.jpg\" \/>\n\t<meta property=\"og:image:width\" content=\"1000\" \/>\n\t<meta property=\"og:image:height\" content=\"1000\" \/>\n\t<meta property=\"og:image:type\" content=\"image\/jpeg\" \/>\n<meta name=\"twitter:card\" content=\"summary_large_image\" \/>\n<meta name=\"twitter:label1\" content=\"Szacowany czas czytania\" \/>\n\t<meta name=\"twitter:data1\" content=\"1 minuta\" \/>\n<script type=\"application\/ld+json\" class=\"yoast-schema-graph\">{\"@context\":\"https:\\\/\\\/schema.org\",\"@graph\":[{\"@type\":\"WebPage\",\"@id\":\"https:\\\/\\\/racom.com.pl\\\/index.php\\\/produkt\\\/fanex-53-sos-majonezowy-o-smaku-serowym-majonez-serowy-3-kg\\\/\",\"url\":\"https:\\\/\\\/racom.com.pl\\\/index.php\\\/produkt\\\/fanex-53-sos-majonezowy-o-smaku-serowym-majonez-serowy-3-kg\\\/\",\"name\":\"FANEX 53 Sos majonezowy o smaku serowym MAJONEZ SEROWY 3 kg - Mix Market - Supermarket z wszystkim co potrzeba\",\"isPartOf\":{\"@id\":\"https:\\\/\\\/racom.com.pl\\\/#website\"},\"primaryImageOfPage\":{\"@id\":\"https:\\\/\\\/racom.com.pl\\\/index.php\\\/produkt\\\/fanex-53-sos-majonezowy-o-smaku-serowym-majonez-serowy-3-kg\\\/#primaryimage\"},\"image\":{\"@id\":\"https:\\\/\\\/racom.com.pl\\\/index.php\\\/produkt\\\/fanex-53-sos-majonezowy-o-smaku-serowym-majonez-serowy-3-kg\\\/#primaryimage\"},\"thumbnailUrl\":\"https:\\\/\\\/racom.com.pl\\\/wp-content\\\/uploads\\\/2025\\\/07\\\/allegro_687a9ce5457b21.69576061_4554999f4e46b2bfdb7569906445.jpg\",\"datePublished\":\"2025-07-18T19:12:57+00:00\",\"breadcrumb\":{\"@id\":\"https:\\\/\\\/racom.com.pl\\\/index.php\\\/produkt\\\/fanex-53-sos-majonezowy-o-smaku-serowym-majonez-serowy-3-kg\\\/#breadcrumb\"},\"inLanguage\":\"pl-PL\",\"potentialAction\":[{\"@type\":\"ReadAction\",\"target\":[\"https:\\\/\\\/racom.com.pl\\\/index.php\\\/produkt\\\/fanex-53-sos-majonezowy-o-smaku-serowym-majonez-serowy-3-kg\\\/\"]}]},{\"@type\":\"ImageObject\",\"inLanguage\":\"pl-PL\",\"@id\":\"https:\\\/\\\/racom.com.pl\\\/index.php\\\/produkt\\\/fanex-53-sos-majonezowy-o-smaku-serowym-majonez-serowy-3-kg\\\/#primaryimage\",\"url\":\"https:\\\/\\\/racom.com.pl\\\/wp-content\\\/uploads\\\/2025\\\/07\\\/allegro_687a9ce5457b21.69576061_4554999f4e46b2bfdb7569906445.jpg\",\"contentUrl\":\"https:\\\/\\\/racom.com.pl\\\/wp-content\\\/uploads\\\/2025\\\/07\\\/allegro_687a9ce5457b21.69576061_4554999f4e46b2bfdb7569906445.jpg\",\"width\":1000,\"height\":1000},{\"@type\":\"BreadcrumbList\",\"@id\":\"https:\\\/\\\/racom.com.pl\\\/index.php\\\/produkt\\\/fanex-53-sos-majonezowy-o-smaku-serowym-majonez-serowy-3-kg\\\/#breadcrumb\",\"itemListElement\":[{\"@type\":\"ListItem\",\"position\":1,\"name\":\"Strona g\u0142\u00f3wna\",\"item\":\"https:\\\/\\\/racom.com.pl\\\/\"},{\"@type\":\"ListItem\",\"position\":2,\"name\":\"Sklep\",\"item\":\"https:\\\/\\\/racom.com.pl\\\/\"},{\"@type\":\"ListItem\",\"position\":3,\"name\":\"FANEX 53 Sos majonezowy o smaku serowym MAJONEZ SEROWY 3 kg\"}]},{\"@type\":\"WebSite\",\"@id\":\"https:\\\/\\\/racom.com.pl\\\/#website\",\"url\":\"https:\\\/\\\/racom.com.pl\\\/\",\"name\":\"Mix Market - Supermarket z wszystkim co potrzeba do domu i nie tylko\",\"description\":\"\",\"publisher\":{\"@id\":\"https:\\\/\\\/racom.com.pl\\\/#organization\"},\"potentialAction\":[{\"@type\":\"SearchAction\",\"target\":{\"@type\":\"EntryPoint\",\"urlTemplate\":\"https:\\\/\\\/racom.com.pl\\\/?s={search_term_string}\"},\"query-input\":{\"@type\":\"PropertyValueSpecification\",\"valueRequired\":true,\"valueName\":\"search_term_string\"}}],\"inLanguage\":\"pl-PL\"},{\"@type\":\"Organization\",\"@id\":\"https:\\\/\\\/racom.com.pl\\\/#organization\",\"name\":\"Mix Market - Supermarket z wszystkim co potrzeba do domu i nie tylko\",\"url\":\"https:\\\/\\\/racom.com.pl\\\/\",\"logo\":{\"@type\":\"ImageObject\",\"inLanguage\":\"pl-PL\",\"@id\":\"https:\\\/\\\/racom.com.pl\\\/#\\\/schema\\\/logo\\\/image\\\/\",\"url\":\"https:\\\/\\\/racom.com.pl\\\/wp-content\\\/uploads\\\/2025\\\/07\\\/mixmarket_logo.png\",\"contentUrl\":\"https:\\\/\\\/racom.com.pl\\\/wp-content\\\/uploads\\\/2025\\\/07\\\/mixmarket_logo.png\",\"width\":1024,\"height\":1024,\"caption\":\"Mix Market - Supermarket z wszystkim co potrzeba do domu i nie tylko\"},\"image\":{\"@id\":\"https:\\\/\\\/racom.com.pl\\\/#\\\/schema\\\/logo\\\/image\\\/\"}}]}<\/script>\n<!-- \/ Yoast SEO plugin. -->","yoast_head_json":{"title":"FANEX 53 Sos majonezowy o smaku serowym MAJONEZ SEROWY 3 kg - Mix Market - Supermarket z wszystkim co potrzeba","robots":{"index":"index","follow":"follow","max-snippet":"max-snippet:-1","max-image-preview":"max-image-preview:large","max-video-preview":"max-video-preview:-1"},"canonical":"https:\/\/racom.com.pl\/index.php\/produkt\/fanex-53-sos-majonezowy-o-smaku-serowym-majonez-serowy-3-kg\/","og_locale":"pl_PL","og_type":"article","og_title":"FANEX 53 Sos majonezowy o smaku serowym MAJONEZ SEROWY 3 kg - Mix Market - Supermarket z wszystkim co potrzeba","og_description":"FANEX 53 Sos majonezowy o smaku serowym MAJONEZ SEROWY 3 kg FANEX SOS MAJONEZOWO-SEROWY SK\u0141ADNIKI: olej rzepakowy, woda, stabilizator (sorbitol), maltodekstryna, ocet spirytusowy, fruktoza, suszony hydrolizat bia\u0142kowy o smaku sera 2% (hydrolizowane bia\u0142ka sojowe, s\u00f3l, aromat sera, maltodekstryna, wzmacniacz smaku E621, zawiera mleko), skrobia modyfikowana, s\u00f3l, przyprawy, substancje zag\u0119szczaj\u0105ce (alginian propylenowo-glikolowy, guma ksantanowa, zawiera \u017c\u00f3\u0142tko [&hellip;]","og_url":"https:\/\/racom.com.pl\/index.php\/produkt\/fanex-53-sos-majonezowy-o-smaku-serowym-majonez-serowy-3-kg\/","og_site_name":"Mix Market - Supermarket z wszystkim co potrzeba","og_image":[{"width":1000,"height":1000,"url":"https:\/\/racom.com.pl\/wp-content\/uploads\/2025\/07\/allegro_687a9ce5457b21.69576061_4554999f4e46b2bfdb7569906445.jpg","type":"image\/jpeg"}],"twitter_card":"summary_large_image","twitter_misc":{"Szacowany czas czytania":"1 minuta"},"schema":{"@context":"https:\/\/schema.org","@graph":[{"@type":"WebPage","@id":"https:\/\/racom.com.pl\/index.php\/produkt\/fanex-53-sos-majonezowy-o-smaku-serowym-majonez-serowy-3-kg\/","url":"https:\/\/racom.com.pl\/index.php\/produkt\/fanex-53-sos-majonezowy-o-smaku-serowym-majonez-serowy-3-kg\/","name":"FANEX 53 Sos majonezowy o smaku serowym MAJONEZ SEROWY 3 kg - Mix Market - Supermarket z wszystkim co potrzeba","isPartOf":{"@id":"https:\/\/racom.com.pl\/#website"},"primaryImageOfPage":{"@id":"https:\/\/racom.com.pl\/index.php\/produkt\/fanex-53-sos-majonezowy-o-smaku-serowym-majonez-serowy-3-kg\/#primaryimage"},"image":{"@id":"https:\/\/racom.com.pl\/index.php\/produkt\/fanex-53-sos-majonezowy-o-smaku-serowym-majonez-serowy-3-kg\/#primaryimage"},"thumbnailUrl":"https:\/\/racom.com.pl\/wp-content\/uploads\/2025\/07\/allegro_687a9ce5457b21.69576061_4554999f4e46b2bfdb7569906445.jpg","datePublished":"2025-07-18T19:12:57+00:00","breadcrumb":{"@id":"https:\/\/racom.com.pl\/index.php\/produkt\/fanex-53-sos-majonezowy-o-smaku-serowym-majonez-serowy-3-kg\/#breadcrumb"},"inLanguage":"pl-PL","potentialAction":[{"@type":"ReadAction","target":["https:\/\/racom.com.pl\/index.php\/produkt\/fanex-53-sos-majonezowy-o-smaku-serowym-majonez-serowy-3-kg\/"]}]},{"@type":"ImageObject","inLanguage":"pl-PL","@id":"https:\/\/racom.com.pl\/index.php\/produkt\/fanex-53-sos-majonezowy-o-smaku-serowym-majonez-serowy-3-kg\/#primaryimage","url":"https:\/\/racom.com.pl\/wp-content\/uploads\/2025\/07\/allegro_687a9ce5457b21.69576061_4554999f4e46b2bfdb7569906445.jpg","contentUrl":"https:\/\/racom.com.pl\/wp-content\/uploads\/2025\/07\/allegro_687a9ce5457b21.69576061_4554999f4e46b2bfdb7569906445.jpg","width":1000,"height":1000},{"@type":"BreadcrumbList","@id":"https:\/\/racom.com.pl\/index.php\/produkt\/fanex-53-sos-majonezowy-o-smaku-serowym-majonez-serowy-3-kg\/#breadcrumb","itemListElement":[{"@type":"ListItem","position":1,"name":"Strona g\u0142\u00f3wna","item":"https:\/\/racom.com.pl\/"},{"@type":"ListItem","position":2,"name":"Sklep","item":"https:\/\/racom.com.pl\/"},{"@type":"ListItem","position":3,"name":"FANEX 53 Sos majonezowy o smaku serowym MAJONEZ SEROWY 3 kg"}]},{"@type":"WebSite","@id":"https:\/\/racom.com.pl\/#website","url":"https:\/\/racom.com.pl\/","name":"Mix Market - Supermarket z wszystkim co potrzeba do domu i nie tylko","description":"","publisher":{"@id":"https:\/\/racom.com.pl\/#organization"},"potentialAction":[{"@type":"SearchAction","target":{"@type":"EntryPoint","urlTemplate":"https:\/\/racom.com.pl\/?s={search_term_string}"},"query-input":{"@type":"PropertyValueSpecification","valueRequired":true,"valueName":"search_term_string"}}],"inLanguage":"pl-PL"},{"@type":"Organization","@id":"https:\/\/racom.com.pl\/#organization","name":"Mix Market - Supermarket z wszystkim co potrzeba do domu i nie tylko","url":"https:\/\/racom.com.pl\/","logo":{"@type":"ImageObject","inLanguage":"pl-PL","@id":"https:\/\/racom.com.pl\/#\/schema\/logo\/image\/","url":"https:\/\/racom.com.pl\/wp-content\/uploads\/2025\/07\/mixmarket_logo.png","contentUrl":"https:\/\/racom.com.pl\/wp-content\/uploads\/2025\/07\/mixmarket_logo.png","width":1024,"height":1024,"caption":"Mix Market - Supermarket z wszystkim co potrzeba do domu i nie tylko"},"image":{"@id":"https:\/\/racom.com.pl\/#\/schema\/logo\/image\/"}}]}},"_links":{"self":[{"href":"https:\/\/racom.com.pl\/index.php\/wp-json\/wp\/v2\/product\/1970","targetHints":{"allow":["GET"]}}],"collection":[{"href":"https:\/\/racom.com.pl\/index.php\/wp-json\/wp\/v2\/product"}],"about":[{"href":"https:\/\/racom.com.pl\/index.php\/wp-json\/wp\/v2\/types\/product"}],"replies":[{"embeddable":true,"href":"https:\/\/racom.com.pl\/index.php\/wp-json\/wp\/v2\/comments?post=1970"}],"wp:featuredmedia":[{"embeddable":true,"href":"https:\/\/racom.com.pl\/index.php\/wp-json\/wp\/v2\/media\/1973"}],"wp:attachment":[{"href":"https:\/\/racom.com.pl\/index.php\/wp-json\/wp\/v2\/media?parent=1970"}],"wp:term":[{"taxonomy":"product_brand","embeddable":true,"href":"https:\/\/racom.com.pl\/index.php\/wp-json\/wp\/v2\/product_brand?post=1970"},{"taxonomy":"product_cat","embeddable":true,"href":"https:\/\/racom.com.pl\/index.php\/wp-json\/wp\/v2\/product_cat?post=1970"},{"taxonomy":"product_tag","embeddable":true,"href":"https:\/\/racom.com.pl\/index.php\/wp-json\/wp\/v2\/product_tag?post=1970"}],"curies":[{"name":"wp","href":"https:\/\/api.w.org\/{rel}","templated":true}]}}