{"id":1978,"date":"2025-07-18T21:14:53","date_gmt":"2025-07-18T19:14:53","guid":{"rendered":"http:\/\/192.168.2.106\/index.php\/produkt\/sos-amerykanski-ostry-do-kebaba-hot-dogow-fanex-duza-butelka-nr-09-950g\/"},"modified":"2025-07-18T21:14:53","modified_gmt":"2025-07-18T19:14:53","slug":"sos-amerykanski-ostry-do-kebaba-hot-dogow-fanex-duza-butelka-nr-09-950g","status":"publish","type":"product","link":"https:\/\/racom.com.pl\/index.php\/produkt\/sos-amerykanski-ostry-do-kebaba-hot-dogow-fanex-duza-butelka-nr-09-950g\/","title":{"rendered":"Sos Ameryka\u0144ski OSTRY do KEBABA Hot-Dog\u00f3w FANEX Du\u017ca Butelka nr.09 950g"},"content":{"rendered":"<h2>Sos Ameryka\u0144ski ostry FANEX Du\u017ca Butelka nr.09 950g<\/h2>\n<p>Wyj\u0105tkowy <b>sos ameryka\u0144ski Fanex<\/b> jest po\u0142\u0105czeniem pikanterii przypraw, charakterystycznego smaku m\u0142odej cebulki oraz wybrzmiewaj\u0105cej w tle kompozycji nutki musztardy. Ten wielowymiarowy smak zachwyci ka\u017cdego fana <b>burger\u00f3w, hot-dog\u00f3w, tortilli i nachos\u00f3w<\/b>, z kt\u00f3rymi sos komponuje si\u0119 najlepiej. Sos ameryka\u0144ski, dzi\u0119ki <b>dodatkowi cebulki<\/b>, b\u0119dzie r\u00f3wnie\u017c doskona\u0142ym uzupe\u0142nieniem <b>da\u0144 z ryb oraz pieczonych ziemniak\u00f3w<\/b>.<\/p>\n<p><b>SK\u0141ADNIKI:<\/b><\/p>\n<ul>\n<li>woda,<\/li>\n<li>olej rzepakowy,<\/li>\n<li>musztarda (woda, ocet spirytusowy, gorczyca, cukier, s\u00f3l),<\/li>\n<li><b>suszona cebula<\/b> (4%),<\/li>\n<li>skrobia modyfikowana,<\/li>\n<li>cukier,<\/li>\n<li>ocet spirytusowy,<\/li>\n<li>przyprawy,<\/li>\n<li>bia\u0142ka mleka,<\/li>\n<li>s\u00f3l,<\/li>\n<li>substancje zag\u0119szczaj\u0105ce (guma guar, guma ksantanowa),<\/li>\n<li>aromat,<\/li>\n<li>substancje konserwuj\u0105ce (sorbinian potasu, benzoesan sodu),<\/li>\n<li>regulator kwasowo\u015bci (kwas mlekowy),<\/li>\n<li>barwnik (ekstrakt z papryki),<\/li>\n<li>przeciwutleniacz (s\u00f3l wapniowo\u2013disodowa EDTA)<\/li>\n<\/ul>\n<p><b>WARTO\u015a\u0106 OD\u017bYWCZA W 100 g:<\/b><\/p>\n<ul>\n<li>warto\u015b\u0107 energetyczna &#8211; 1134 kJ\/ <b>275 kcal<\/b>,<\/li>\n<li>t\u0142uszcz &#8211; 24,8 g,<\/li>\n<li>w tym kwasy nasycone &#8211; 1,7 g,<\/li>\n<li>w\u0119glowodany &#8211; 11,7 g,<\/li>\n<li>w tym cukry &#8211; 3,3 g,<\/li>\n<li>b\u0142onnik &#8211; 0,0 g,<\/li>\n<li>bia\u0142ko &#8211; 1,2 g,<\/li>\n<li>s\u00f3l &#8211; 1,0 g<\/li>\n<\/ul>\n","protected":false},"excerpt":{"rendered":"<p>Sos Ameryka\u0144ski ostry FANEX Du\u017ca Butelka nr.09 950g Wyj\u0105tkowy sos ameryka\u0144ski Fanex jest po\u0142\u0105czeniem pikanterii przypraw, charakterystycznego smaku m\u0142odej cebulki oraz wybrzmiewaj\u0105cej w tle kompozycji nutki musztardy. Ten wielowymiarowy smak zachwyci ka\u017cdego fana burger\u00f3w, hot-dog\u00f3w, tortilli i nachos\u00f3w, z kt\u00f3rymi sos komponuje si\u0119 najlepiej. Sos ameryka\u0144ski, dzi\u0119ki dodatkowi cebulki, b\u0119dzie r\u00f3wnie\u017c doskona\u0142ym uzupe\u0142nieniem da\u0144 z [&hellip;]<\/p>\n","protected":false},"featured_media":1981,"comment_status":"open","ping_status":"closed","template":"","meta":[],"product_brand":[110],"product_cat":[109],"product_tag":[],"class_list":{"0":"post-1978","1":"product","2":"type-product","3":"status-publish","4":"has-post-thumbnail","6":"product_brand-fanex","7":"product_cat-sosy-kanapkowe-i-dressingi","9":"first","10":"instock","11":"taxable","12":"shipping-taxable","13":"purchasable","14":"product-type-simple"},"yoast_head":"<!-- This site is optimized with the Yoast SEO plugin v27.3 - https:\/\/yoast.com\/product\/yoast-seo-wordpress\/ -->\n<title>Sos Ameryka\u0144ski OSTRY do KEBABA Hot-Dog\u00f3w FANEX Du\u017ca Butelka nr.09 950g - Mix Market - Supermarket z wszystkim co potrzeba<\/title>\n<meta name=\"robots\" content=\"index, follow, max-snippet:-1, max-image-preview:large, max-video-preview:-1\" \/>\n<link rel=\"canonical\" href=\"https:\/\/racom.com.pl\/index.php\/produkt\/sos-amerykanski-ostry-do-kebaba-hot-dogow-fanex-duza-butelka-nr-09-950g\/\" \/>\n<meta property=\"og:locale\" content=\"pl_PL\" \/>\n<meta property=\"og:type\" content=\"article\" \/>\n<meta property=\"og:title\" content=\"Sos Ameryka\u0144ski OSTRY do KEBABA Hot-Dog\u00f3w FANEX Du\u017ca Butelka nr.09 950g - Mix Market - Supermarket z wszystkim co potrzeba\" \/>\n<meta property=\"og:description\" content=\"Sos Ameryka\u0144ski ostry FANEX Du\u017ca Butelka nr.09 950g Wyj\u0105tkowy sos ameryka\u0144ski Fanex jest po\u0142\u0105czeniem pikanterii przypraw, charakterystycznego smaku m\u0142odej cebulki oraz wybrzmiewaj\u0105cej w tle kompozycji nutki musztardy. Ten wielowymiarowy smak zachwyci ka\u017cdego fana burger\u00f3w, hot-dog\u00f3w, tortilli i nachos\u00f3w, z kt\u00f3rymi sos komponuje si\u0119 najlepiej. Sos ameryka\u0144ski, dzi\u0119ki dodatkowi cebulki, b\u0119dzie r\u00f3wnie\u017c doskona\u0142ym uzupe\u0142nieniem da\u0144 z [&hellip;]\" \/>\n<meta property=\"og:url\" content=\"https:\/\/racom.com.pl\/index.php\/produkt\/sos-amerykanski-ostry-do-kebaba-hot-dogow-fanex-duza-butelka-nr-09-950g\/\" \/>\n<meta property=\"og:site_name\" content=\"Mix Market - Supermarket z wszystkim co potrzeba\" \/>\n<meta property=\"og:image\" content=\"https:\/\/racom.com.pl\/wp-content\/uploads\/2025\/07\/allegro_687a9d730d8aa0.26583796_396beb314949902f8c159197b79e.jpg\" \/>\n\t<meta property=\"og:image:width\" content=\"552\" \/>\n\t<meta property=\"og:image:height\" content=\"512\" \/>\n\t<meta property=\"og:image:type\" content=\"image\/jpeg\" \/>\n<meta name=\"twitter:card\" content=\"summary_large_image\" \/>\n<meta name=\"twitter:label1\" content=\"Szacowany czas czytania\" \/>\n\t<meta name=\"twitter:data1\" content=\"1 minuta\" \/>\n<script type=\"application\/ld+json\" class=\"yoast-schema-graph\">{\"@context\":\"https:\\\/\\\/schema.org\",\"@graph\":[{\"@type\":\"WebPage\",\"@id\":\"https:\\\/\\\/racom.com.pl\\\/index.php\\\/produkt\\\/sos-amerykanski-ostry-do-kebaba-hot-dogow-fanex-duza-butelka-nr-09-950g\\\/\",\"url\":\"https:\\\/\\\/racom.com.pl\\\/index.php\\\/produkt\\\/sos-amerykanski-ostry-do-kebaba-hot-dogow-fanex-duza-butelka-nr-09-950g\\\/\",\"name\":\"Sos Ameryka\u0144ski OSTRY do KEBABA Hot-Dog\u00f3w FANEX Du\u017ca Butelka nr.09 950g - Mix Market - Supermarket z wszystkim co potrzeba\",\"isPartOf\":{\"@id\":\"https:\\\/\\\/racom.com.pl\\\/#website\"},\"primaryImageOfPage\":{\"@id\":\"https:\\\/\\\/racom.com.pl\\\/index.php\\\/produkt\\\/sos-amerykanski-ostry-do-kebaba-hot-dogow-fanex-duza-butelka-nr-09-950g\\\/#primaryimage\"},\"image\":{\"@id\":\"https:\\\/\\\/racom.com.pl\\\/index.php\\\/produkt\\\/sos-amerykanski-ostry-do-kebaba-hot-dogow-fanex-duza-butelka-nr-09-950g\\\/#primaryimage\"},\"thumbnailUrl\":\"https:\\\/\\\/racom.com.pl\\\/wp-content\\\/uploads\\\/2025\\\/07\\\/allegro_687a9d730d8aa0.26583796_396beb314949902f8c159197b79e.jpg\",\"datePublished\":\"2025-07-18T19:14:53+00:00\",\"breadcrumb\":{\"@id\":\"https:\\\/\\\/racom.com.pl\\\/index.php\\\/produkt\\\/sos-amerykanski-ostry-do-kebaba-hot-dogow-fanex-duza-butelka-nr-09-950g\\\/#breadcrumb\"},\"inLanguage\":\"pl-PL\",\"potentialAction\":[{\"@type\":\"ReadAction\",\"target\":[\"https:\\\/\\\/racom.com.pl\\\/index.php\\\/produkt\\\/sos-amerykanski-ostry-do-kebaba-hot-dogow-fanex-duza-butelka-nr-09-950g\\\/\"]}]},{\"@type\":\"ImageObject\",\"inLanguage\":\"pl-PL\",\"@id\":\"https:\\\/\\\/racom.com.pl\\\/index.php\\\/produkt\\\/sos-amerykanski-ostry-do-kebaba-hot-dogow-fanex-duza-butelka-nr-09-950g\\\/#primaryimage\",\"url\":\"https:\\\/\\\/racom.com.pl\\\/wp-content\\\/uploads\\\/2025\\\/07\\\/allegro_687a9d730d8aa0.26583796_396beb314949902f8c159197b79e.jpg\",\"contentUrl\":\"https:\\\/\\\/racom.com.pl\\\/wp-content\\\/uploads\\\/2025\\\/07\\\/allegro_687a9d730d8aa0.26583796_396beb314949902f8c159197b79e.jpg\",\"width\":552,\"height\":512},{\"@type\":\"BreadcrumbList\",\"@id\":\"https:\\\/\\\/racom.com.pl\\\/index.php\\\/produkt\\\/sos-amerykanski-ostry-do-kebaba-hot-dogow-fanex-duza-butelka-nr-09-950g\\\/#breadcrumb\",\"itemListElement\":[{\"@type\":\"ListItem\",\"position\":1,\"name\":\"Strona g\u0142\u00f3wna\",\"item\":\"https:\\\/\\\/racom.com.pl\\\/\"},{\"@type\":\"ListItem\",\"position\":2,\"name\":\"Sklep\",\"item\":\"https:\\\/\\\/racom.com.pl\\\/\"},{\"@type\":\"ListItem\",\"position\":3,\"name\":\"Sos Ameryka\u0144ski OSTRY do KEBABA Hot-Dog\u00f3w FANEX Du\u017ca Butelka nr.09 950g\"}]},{\"@type\":\"WebSite\",\"@id\":\"https:\\\/\\\/racom.com.pl\\\/#website\",\"url\":\"https:\\\/\\\/racom.com.pl\\\/\",\"name\":\"Mix Market - Supermarket z wszystkim co potrzeba do domu i nie tylko\",\"description\":\"\",\"publisher\":{\"@id\":\"https:\\\/\\\/racom.com.pl\\\/#organization\"},\"potentialAction\":[{\"@type\":\"SearchAction\",\"target\":{\"@type\":\"EntryPoint\",\"urlTemplate\":\"https:\\\/\\\/racom.com.pl\\\/?s={search_term_string}\"},\"query-input\":{\"@type\":\"PropertyValueSpecification\",\"valueRequired\":true,\"valueName\":\"search_term_string\"}}],\"inLanguage\":\"pl-PL\"},{\"@type\":\"Organization\",\"@id\":\"https:\\\/\\\/racom.com.pl\\\/#organization\",\"name\":\"Mix Market - Supermarket z wszystkim co potrzeba do domu i nie tylko\",\"url\":\"https:\\\/\\\/racom.com.pl\\\/\",\"logo\":{\"@type\":\"ImageObject\",\"inLanguage\":\"pl-PL\",\"@id\":\"https:\\\/\\\/racom.com.pl\\\/#\\\/schema\\\/logo\\\/image\\\/\",\"url\":\"https:\\\/\\\/racom.com.pl\\\/wp-content\\\/uploads\\\/2025\\\/07\\\/mixmarket_logo.png\",\"contentUrl\":\"https:\\\/\\\/racom.com.pl\\\/wp-content\\\/uploads\\\/2025\\\/07\\\/mixmarket_logo.png\",\"width\":1024,\"height\":1024,\"caption\":\"Mix Market - Supermarket z wszystkim co potrzeba do domu i nie tylko\"},\"image\":{\"@id\":\"https:\\\/\\\/racom.com.pl\\\/#\\\/schema\\\/logo\\\/image\\\/\"}}]}<\/script>\n<!-- \/ Yoast SEO plugin. -->","yoast_head_json":{"title":"Sos Ameryka\u0144ski OSTRY do KEBABA Hot-Dog\u00f3w FANEX Du\u017ca Butelka nr.09 950g - Mix Market - Supermarket z wszystkim co potrzeba","robots":{"index":"index","follow":"follow","max-snippet":"max-snippet:-1","max-image-preview":"max-image-preview:large","max-video-preview":"max-video-preview:-1"},"canonical":"https:\/\/racom.com.pl\/index.php\/produkt\/sos-amerykanski-ostry-do-kebaba-hot-dogow-fanex-duza-butelka-nr-09-950g\/","og_locale":"pl_PL","og_type":"article","og_title":"Sos Ameryka\u0144ski OSTRY do KEBABA Hot-Dog\u00f3w FANEX Du\u017ca Butelka nr.09 950g - Mix Market - Supermarket z wszystkim co potrzeba","og_description":"Sos Ameryka\u0144ski ostry FANEX Du\u017ca Butelka nr.09 950g Wyj\u0105tkowy sos ameryka\u0144ski Fanex jest po\u0142\u0105czeniem pikanterii przypraw, charakterystycznego smaku m\u0142odej cebulki oraz wybrzmiewaj\u0105cej w tle kompozycji nutki musztardy. Ten wielowymiarowy smak zachwyci ka\u017cdego fana burger\u00f3w, hot-dog\u00f3w, tortilli i nachos\u00f3w, z kt\u00f3rymi sos komponuje si\u0119 najlepiej. Sos ameryka\u0144ski, dzi\u0119ki dodatkowi cebulki, b\u0119dzie r\u00f3wnie\u017c doskona\u0142ym uzupe\u0142nieniem da\u0144 z [&hellip;]","og_url":"https:\/\/racom.com.pl\/index.php\/produkt\/sos-amerykanski-ostry-do-kebaba-hot-dogow-fanex-duza-butelka-nr-09-950g\/","og_site_name":"Mix Market - Supermarket z wszystkim co potrzeba","og_image":[{"width":552,"height":512,"url":"https:\/\/racom.com.pl\/wp-content\/uploads\/2025\/07\/allegro_687a9d730d8aa0.26583796_396beb314949902f8c159197b79e.jpg","type":"image\/jpeg"}],"twitter_card":"summary_large_image","twitter_misc":{"Szacowany czas czytania":"1 minuta"},"schema":{"@context":"https:\/\/schema.org","@graph":[{"@type":"WebPage","@id":"https:\/\/racom.com.pl\/index.php\/produkt\/sos-amerykanski-ostry-do-kebaba-hot-dogow-fanex-duza-butelka-nr-09-950g\/","url":"https:\/\/racom.com.pl\/index.php\/produkt\/sos-amerykanski-ostry-do-kebaba-hot-dogow-fanex-duza-butelka-nr-09-950g\/","name":"Sos Ameryka\u0144ski OSTRY do KEBABA Hot-Dog\u00f3w FANEX Du\u017ca Butelka nr.09 950g - Mix Market - Supermarket z wszystkim co potrzeba","isPartOf":{"@id":"https:\/\/racom.com.pl\/#website"},"primaryImageOfPage":{"@id":"https:\/\/racom.com.pl\/index.php\/produkt\/sos-amerykanski-ostry-do-kebaba-hot-dogow-fanex-duza-butelka-nr-09-950g\/#primaryimage"},"image":{"@id":"https:\/\/racom.com.pl\/index.php\/produkt\/sos-amerykanski-ostry-do-kebaba-hot-dogow-fanex-duza-butelka-nr-09-950g\/#primaryimage"},"thumbnailUrl":"https:\/\/racom.com.pl\/wp-content\/uploads\/2025\/07\/allegro_687a9d730d8aa0.26583796_396beb314949902f8c159197b79e.jpg","datePublished":"2025-07-18T19:14:53+00:00","breadcrumb":{"@id":"https:\/\/racom.com.pl\/index.php\/produkt\/sos-amerykanski-ostry-do-kebaba-hot-dogow-fanex-duza-butelka-nr-09-950g\/#breadcrumb"},"inLanguage":"pl-PL","potentialAction":[{"@type":"ReadAction","target":["https:\/\/racom.com.pl\/index.php\/produkt\/sos-amerykanski-ostry-do-kebaba-hot-dogow-fanex-duza-butelka-nr-09-950g\/"]}]},{"@type":"ImageObject","inLanguage":"pl-PL","@id":"https:\/\/racom.com.pl\/index.php\/produkt\/sos-amerykanski-ostry-do-kebaba-hot-dogow-fanex-duza-butelka-nr-09-950g\/#primaryimage","url":"https:\/\/racom.com.pl\/wp-content\/uploads\/2025\/07\/allegro_687a9d730d8aa0.26583796_396beb314949902f8c159197b79e.jpg","contentUrl":"https:\/\/racom.com.pl\/wp-content\/uploads\/2025\/07\/allegro_687a9d730d8aa0.26583796_396beb314949902f8c159197b79e.jpg","width":552,"height":512},{"@type":"BreadcrumbList","@id":"https:\/\/racom.com.pl\/index.php\/produkt\/sos-amerykanski-ostry-do-kebaba-hot-dogow-fanex-duza-butelka-nr-09-950g\/#breadcrumb","itemListElement":[{"@type":"ListItem","position":1,"name":"Strona g\u0142\u00f3wna","item":"https:\/\/racom.com.pl\/"},{"@type":"ListItem","position":2,"name":"Sklep","item":"https:\/\/racom.com.pl\/"},{"@type":"ListItem","position":3,"name":"Sos Ameryka\u0144ski OSTRY do KEBABA Hot-Dog\u00f3w FANEX Du\u017ca Butelka nr.09 950g"}]},{"@type":"WebSite","@id":"https:\/\/racom.com.pl\/#website","url":"https:\/\/racom.com.pl\/","name":"Mix Market - Supermarket z wszystkim co potrzeba do domu i nie tylko","description":"","publisher":{"@id":"https:\/\/racom.com.pl\/#organization"},"potentialAction":[{"@type":"SearchAction","target":{"@type":"EntryPoint","urlTemplate":"https:\/\/racom.com.pl\/?s={search_term_string}"},"query-input":{"@type":"PropertyValueSpecification","valueRequired":true,"valueName":"search_term_string"}}],"inLanguage":"pl-PL"},{"@type":"Organization","@id":"https:\/\/racom.com.pl\/#organization","name":"Mix Market - Supermarket z wszystkim co potrzeba do domu i nie tylko","url":"https:\/\/racom.com.pl\/","logo":{"@type":"ImageObject","inLanguage":"pl-PL","@id":"https:\/\/racom.com.pl\/#\/schema\/logo\/image\/","url":"https:\/\/racom.com.pl\/wp-content\/uploads\/2025\/07\/mixmarket_logo.png","contentUrl":"https:\/\/racom.com.pl\/wp-content\/uploads\/2025\/07\/mixmarket_logo.png","width":1024,"height":1024,"caption":"Mix Market - Supermarket z wszystkim co potrzeba do domu i nie tylko"},"image":{"@id":"https:\/\/racom.com.pl\/#\/schema\/logo\/image\/"}}]}},"_links":{"self":[{"href":"https:\/\/racom.com.pl\/index.php\/wp-json\/wp\/v2\/product\/1978","targetHints":{"allow":["GET"]}}],"collection":[{"href":"https:\/\/racom.com.pl\/index.php\/wp-json\/wp\/v2\/product"}],"about":[{"href":"https:\/\/racom.com.pl\/index.php\/wp-json\/wp\/v2\/types\/product"}],"replies":[{"embeddable":true,"href":"https:\/\/racom.com.pl\/index.php\/wp-json\/wp\/v2\/comments?post=1978"}],"wp:featuredmedia":[{"embeddable":true,"href":"https:\/\/racom.com.pl\/index.php\/wp-json\/wp\/v2\/media\/1981"}],"wp:attachment":[{"href":"https:\/\/racom.com.pl\/index.php\/wp-json\/wp\/v2\/media?parent=1978"}],"wp:term":[{"taxonomy":"product_brand","embeddable":true,"href":"https:\/\/racom.com.pl\/index.php\/wp-json\/wp\/v2\/product_brand?post=1978"},{"taxonomy":"product_cat","embeddable":true,"href":"https:\/\/racom.com.pl\/index.php\/wp-json\/wp\/v2\/product_cat?post=1978"},{"taxonomy":"product_tag","embeddable":true,"href":"https:\/\/racom.com.pl\/index.php\/wp-json\/wp\/v2\/product_tag?post=1978"}],"curies":[{"name":"wp","href":"https:\/\/api.w.org\/{rel}","templated":true}]}}