{"id":1982,"date":"2025-07-18T21:16:23","date_gmt":"2025-07-18T19:16:23","guid":{"rendered":"http:\/\/192.168.2.106\/index.php\/produkt\/sos-paprykowy-carolina-hot-bardzo-ostry-fanex-duza-butelka-nr-66-1kg-1000g\/"},"modified":"2025-07-18T21:16:23","modified_gmt":"2025-07-18T19:16:23","slug":"sos-paprykowy-carolina-hot-bardzo-ostry-fanex-duza-butelka-nr-66-1kg-1000g","status":"publish","type":"product","link":"https:\/\/racom.com.pl\/index.php\/produkt\/sos-paprykowy-carolina-hot-bardzo-ostry-fanex-duza-butelka-nr-66-1kg-1000g\/","title":{"rendered":"Sos paprykowy Carolina HOT bardzo ostry FANEX du\u017ca butelka nr. 66 1kg 1000g"},"content":{"rendered":"<h2>Sos paprykowy Carolina Fanex 1000 g<\/h2>\n<p>Uwaga na kubki smakowe! Sos paprykowy Carolina to zdecydowanie nie jest propozycja dla mi\u0142o\u015bnik\u00f3w delikatniejszych sos\u00f3w. Z my\u015bl\u0105 o tych, kt\u00f3rzy chrupi\u0105 ostre papryczki pomi\u0119dzy kolejn\u0105 porcj\u0105 wasabi stworzyli\u015bmy&nbsp;<b>bardzo ostry sos paprykowy o ostro\u015bci co najmniej 720000 SHU<\/b>&nbsp;(dla por\u00f3wnania: sos tabasco to ok. 8000 SHU). Ostrzegamy: sos paprykowy Carolina sprawi, \u017ce poczujesz prawdziwy ogie\u0144!<\/p>\n<p><b>Kremowa konsystencja<\/b>&nbsp;sosu prze\u0142amana zosta\u0142a&nbsp;<b>chrupi\u0105cymi kawa\u0142kami papryki<\/b>. Bardzo ostry sos doskonale pasuje do wyrazistych potraw, takich jak pieczone mi\u0119sa czy dania z grilla, ale nie tylko. \u015awietnie komponuje si\u0119 z burgerami, zapiekankami, sma\u017conym ry\u017cem, b\u0119dzie tak\u017ce idealnym uzupe\u0142nieniem sa\u0142atki, kt\u00f3rej chcesz nada\u0107 odrobiny pikantno\u015bci. Wszystkim pocz\u0105tkuj\u0105cym degustatorom ostrych sos\u00f3w zalecamy ostro\u017cno\u015b\u0107 i ustawienie szklanki mleka w pobli\u017cu \u2013 sos paprykowy Carolina potrafi zaskoczy\u0107 poziomem ostro\u015bci.<\/p>\n<h2>Bardzo ostry sos Carolina \u2013 pikantny i wyrazisty<\/h2>\n<p><b>Sk\u0142ad:<\/b> Woda, koncentrat pomidorowy, cukier, sos chili Sriracha (chili 61%, cukier, woda, s\u00f3l, czosnek, wzmacniacz smaku E621, substancja zag\u0119szczaj\u0105ca E415, kwas: E620, E330, substancja konserwuj\u0105ca: E202), papryka czerwona granulowana 2,8%, ocet spirytusowy, skrobia modyfikowana, s\u00f3l, ekstrakt chili, koncentrat soku z cytryny, papryka chili Carolina Reaper mielona 0,3%, ekstrakt czosnku, przyprawy, substancje konserwuj\u0105ce (benzoesan sodu, sorbinian potasu)<\/p>\n<p><b>Warto\u015bci od\u017cywcze produktu w 100g:<\/b><\/p>\n<ul>\n<li>Warto\u015b\u0107 energetyczna: 415 kJ \/ 98 kcal<\/li>\n<li>T\u0142uszcze: &lt;0,5 g<\/li>\n<li>w tym kwasy t\u0142uszczowe nasycone: &lt;0,1 g<\/li>\n<li>W\u0119glowodany: 22,0 g<\/li>\n<li>w tym cukry: 15,0 g<\/li>\n<li>Bia\u0142ko: 1,5 g<\/li>\n<li>S\u00f3l: 2,6 g<\/li>\n<\/ul>\n","protected":false},"excerpt":{"rendered":"<p>Sos paprykowy Carolina Fanex 1000 g Uwaga na kubki smakowe! Sos paprykowy Carolina to zdecydowanie nie jest propozycja dla mi\u0142o\u015bnik\u00f3w delikatniejszych sos\u00f3w. Z my\u015bl\u0105 o tych, kt\u00f3rzy chrupi\u0105 ostre papryczki pomi\u0119dzy kolejn\u0105 porcj\u0105 wasabi stworzyli\u015bmy&nbsp;bardzo ostry sos paprykowy o ostro\u015bci co najmniej 720000 SHU&nbsp;(dla por\u00f3wnania: sos tabasco to ok. 8000 SHU). Ostrzegamy: sos paprykowy Carolina [&hellip;]<\/p>\n","protected":false},"featured_media":1988,"comment_status":"open","ping_status":"closed","template":"","meta":[],"product_brand":[110],"product_cat":[109],"product_tag":[],"class_list":{"0":"post-1982","1":"product","2":"type-product","3":"status-publish","4":"has-post-thumbnail","6":"product_brand-fanex","7":"product_cat-sosy-kanapkowe-i-dressingi","9":"first","10":"instock","11":"taxable","12":"shipping-taxable","13":"purchasable","14":"product-type-simple"},"yoast_head":"<!-- This site is optimized with the Yoast SEO plugin v27.3 - https:\/\/yoast.com\/product\/yoast-seo-wordpress\/ -->\n<title>Sos paprykowy Carolina HOT bardzo ostry FANEX du\u017ca butelka nr. 66 1kg 1000g - Mix Market - Supermarket z wszystkim co potrzeba<\/title>\n<meta name=\"robots\" content=\"index, follow, max-snippet:-1, max-image-preview:large, max-video-preview:-1\" \/>\n<link rel=\"canonical\" href=\"https:\/\/racom.com.pl\/index.php\/produkt\/sos-paprykowy-carolina-hot-bardzo-ostry-fanex-duza-butelka-nr-66-1kg-1000g\/\" \/>\n<meta property=\"og:locale\" content=\"pl_PL\" \/>\n<meta property=\"og:type\" content=\"article\" \/>\n<meta property=\"og:title\" content=\"Sos paprykowy Carolina HOT bardzo ostry FANEX du\u017ca butelka nr. 66 1kg 1000g - Mix Market - Supermarket z wszystkim co potrzeba\" \/>\n<meta property=\"og:description\" content=\"Sos paprykowy Carolina Fanex 1000 g Uwaga na kubki smakowe! Sos paprykowy Carolina to zdecydowanie nie jest propozycja dla mi\u0142o\u015bnik\u00f3w delikatniejszych sos\u00f3w. Z my\u015bl\u0105 o tych, kt\u00f3rzy chrupi\u0105 ostre papryczki pomi\u0119dzy kolejn\u0105 porcj\u0105 wasabi stworzyli\u015bmy&nbsp;bardzo ostry sos paprykowy o ostro\u015bci co najmniej 720000 SHU&nbsp;(dla por\u00f3wnania: sos tabasco to ok. 8000 SHU). Ostrzegamy: sos paprykowy Carolina [&hellip;]\" \/>\n<meta property=\"og:url\" content=\"https:\/\/racom.com.pl\/index.php\/produkt\/sos-paprykowy-carolina-hot-bardzo-ostry-fanex-duza-butelka-nr-66-1kg-1000g\/\" \/>\n<meta property=\"og:site_name\" content=\"Mix Market - Supermarket z wszystkim co potrzeba\" \/>\n<meta property=\"og:image\" content=\"https:\/\/racom.com.pl\/wp-content\/uploads\/2025\/07\/allegro_687a9dcc9e1976.97819728_459f2ea545df869ec49a563996d0.jpg\" \/>\n\t<meta property=\"og:image:width\" content=\"1500\" \/>\n\t<meta property=\"og:image:height\" content=\"1500\" \/>\n\t<meta property=\"og:image:type\" content=\"image\/jpeg\" \/>\n<meta name=\"twitter:card\" content=\"summary_large_image\" \/>\n<meta name=\"twitter:label1\" content=\"Szacowany czas czytania\" \/>\n\t<meta name=\"twitter:data1\" content=\"1 minuta\" \/>\n<script type=\"application\/ld+json\" class=\"yoast-schema-graph\">{\"@context\":\"https:\\\/\\\/schema.org\",\"@graph\":[{\"@type\":\"WebPage\",\"@id\":\"https:\\\/\\\/racom.com.pl\\\/index.php\\\/produkt\\\/sos-paprykowy-carolina-hot-bardzo-ostry-fanex-duza-butelka-nr-66-1kg-1000g\\\/\",\"url\":\"https:\\\/\\\/racom.com.pl\\\/index.php\\\/produkt\\\/sos-paprykowy-carolina-hot-bardzo-ostry-fanex-duza-butelka-nr-66-1kg-1000g\\\/\",\"name\":\"Sos paprykowy Carolina HOT bardzo ostry FANEX du\u017ca butelka nr. 66 1kg 1000g - Mix Market - Supermarket z wszystkim co potrzeba\",\"isPartOf\":{\"@id\":\"https:\\\/\\\/racom.com.pl\\\/#website\"},\"primaryImageOfPage\":{\"@id\":\"https:\\\/\\\/racom.com.pl\\\/index.php\\\/produkt\\\/sos-paprykowy-carolina-hot-bardzo-ostry-fanex-duza-butelka-nr-66-1kg-1000g\\\/#primaryimage\"},\"image\":{\"@id\":\"https:\\\/\\\/racom.com.pl\\\/index.php\\\/produkt\\\/sos-paprykowy-carolina-hot-bardzo-ostry-fanex-duza-butelka-nr-66-1kg-1000g\\\/#primaryimage\"},\"thumbnailUrl\":\"https:\\\/\\\/racom.com.pl\\\/wp-content\\\/uploads\\\/2025\\\/07\\\/allegro_687a9dcc9e1976.97819728_459f2ea545df869ec49a563996d0.jpg\",\"datePublished\":\"2025-07-18T19:16:23+00:00\",\"breadcrumb\":{\"@id\":\"https:\\\/\\\/racom.com.pl\\\/index.php\\\/produkt\\\/sos-paprykowy-carolina-hot-bardzo-ostry-fanex-duza-butelka-nr-66-1kg-1000g\\\/#breadcrumb\"},\"inLanguage\":\"pl-PL\",\"potentialAction\":[{\"@type\":\"ReadAction\",\"target\":[\"https:\\\/\\\/racom.com.pl\\\/index.php\\\/produkt\\\/sos-paprykowy-carolina-hot-bardzo-ostry-fanex-duza-butelka-nr-66-1kg-1000g\\\/\"]}]},{\"@type\":\"ImageObject\",\"inLanguage\":\"pl-PL\",\"@id\":\"https:\\\/\\\/racom.com.pl\\\/index.php\\\/produkt\\\/sos-paprykowy-carolina-hot-bardzo-ostry-fanex-duza-butelka-nr-66-1kg-1000g\\\/#primaryimage\",\"url\":\"https:\\\/\\\/racom.com.pl\\\/wp-content\\\/uploads\\\/2025\\\/07\\\/allegro_687a9dcc9e1976.97819728_459f2ea545df869ec49a563996d0.jpg\",\"contentUrl\":\"https:\\\/\\\/racom.com.pl\\\/wp-content\\\/uploads\\\/2025\\\/07\\\/allegro_687a9dcc9e1976.97819728_459f2ea545df869ec49a563996d0.jpg\",\"width\":1500,\"height\":1500},{\"@type\":\"BreadcrumbList\",\"@id\":\"https:\\\/\\\/racom.com.pl\\\/index.php\\\/produkt\\\/sos-paprykowy-carolina-hot-bardzo-ostry-fanex-duza-butelka-nr-66-1kg-1000g\\\/#breadcrumb\",\"itemListElement\":[{\"@type\":\"ListItem\",\"position\":1,\"name\":\"Strona g\u0142\u00f3wna\",\"item\":\"https:\\\/\\\/racom.com.pl\\\/\"},{\"@type\":\"ListItem\",\"position\":2,\"name\":\"Sklep\",\"item\":\"https:\\\/\\\/racom.com.pl\\\/\"},{\"@type\":\"ListItem\",\"position\":3,\"name\":\"Sos paprykowy Carolina HOT bardzo ostry FANEX du\u017ca butelka nr. 66 1kg 1000g\"}]},{\"@type\":\"WebSite\",\"@id\":\"https:\\\/\\\/racom.com.pl\\\/#website\",\"url\":\"https:\\\/\\\/racom.com.pl\\\/\",\"name\":\"Mix Market - Supermarket z wszystkim co potrzeba do domu i nie tylko\",\"description\":\"\",\"publisher\":{\"@id\":\"https:\\\/\\\/racom.com.pl\\\/#organization\"},\"potentialAction\":[{\"@type\":\"SearchAction\",\"target\":{\"@type\":\"EntryPoint\",\"urlTemplate\":\"https:\\\/\\\/racom.com.pl\\\/?s={search_term_string}\"},\"query-input\":{\"@type\":\"PropertyValueSpecification\",\"valueRequired\":true,\"valueName\":\"search_term_string\"}}],\"inLanguage\":\"pl-PL\"},{\"@type\":\"Organization\",\"@id\":\"https:\\\/\\\/racom.com.pl\\\/#organization\",\"name\":\"Mix Market - Supermarket z wszystkim co potrzeba do domu i nie tylko\",\"url\":\"https:\\\/\\\/racom.com.pl\\\/\",\"logo\":{\"@type\":\"ImageObject\",\"inLanguage\":\"pl-PL\",\"@id\":\"https:\\\/\\\/racom.com.pl\\\/#\\\/schema\\\/logo\\\/image\\\/\",\"url\":\"https:\\\/\\\/racom.com.pl\\\/wp-content\\\/uploads\\\/2025\\\/07\\\/mixmarket_logo.png\",\"contentUrl\":\"https:\\\/\\\/racom.com.pl\\\/wp-content\\\/uploads\\\/2025\\\/07\\\/mixmarket_logo.png\",\"width\":1024,\"height\":1024,\"caption\":\"Mix Market - Supermarket z wszystkim co potrzeba do domu i nie tylko\"},\"image\":{\"@id\":\"https:\\\/\\\/racom.com.pl\\\/#\\\/schema\\\/logo\\\/image\\\/\"}}]}<\/script>\n<!-- \/ Yoast SEO plugin. -->","yoast_head_json":{"title":"Sos paprykowy Carolina HOT bardzo ostry FANEX du\u017ca butelka nr. 66 1kg 1000g - Mix Market - Supermarket z wszystkim co potrzeba","robots":{"index":"index","follow":"follow","max-snippet":"max-snippet:-1","max-image-preview":"max-image-preview:large","max-video-preview":"max-video-preview:-1"},"canonical":"https:\/\/racom.com.pl\/index.php\/produkt\/sos-paprykowy-carolina-hot-bardzo-ostry-fanex-duza-butelka-nr-66-1kg-1000g\/","og_locale":"pl_PL","og_type":"article","og_title":"Sos paprykowy Carolina HOT bardzo ostry FANEX du\u017ca butelka nr. 66 1kg 1000g - Mix Market - Supermarket z wszystkim co potrzeba","og_description":"Sos paprykowy Carolina Fanex 1000 g Uwaga na kubki smakowe! Sos paprykowy Carolina to zdecydowanie nie jest propozycja dla mi\u0142o\u015bnik\u00f3w delikatniejszych sos\u00f3w. Z my\u015bl\u0105 o tych, kt\u00f3rzy chrupi\u0105 ostre papryczki pomi\u0119dzy kolejn\u0105 porcj\u0105 wasabi stworzyli\u015bmy&nbsp;bardzo ostry sos paprykowy o ostro\u015bci co najmniej 720000 SHU&nbsp;(dla por\u00f3wnania: sos tabasco to ok. 8000 SHU). Ostrzegamy: sos paprykowy Carolina [&hellip;]","og_url":"https:\/\/racom.com.pl\/index.php\/produkt\/sos-paprykowy-carolina-hot-bardzo-ostry-fanex-duza-butelka-nr-66-1kg-1000g\/","og_site_name":"Mix Market - Supermarket z wszystkim co potrzeba","og_image":[{"width":1500,"height":1500,"url":"https:\/\/racom.com.pl\/wp-content\/uploads\/2025\/07\/allegro_687a9dcc9e1976.97819728_459f2ea545df869ec49a563996d0.jpg","type":"image\/jpeg"}],"twitter_card":"summary_large_image","twitter_misc":{"Szacowany czas czytania":"1 minuta"},"schema":{"@context":"https:\/\/schema.org","@graph":[{"@type":"WebPage","@id":"https:\/\/racom.com.pl\/index.php\/produkt\/sos-paprykowy-carolina-hot-bardzo-ostry-fanex-duza-butelka-nr-66-1kg-1000g\/","url":"https:\/\/racom.com.pl\/index.php\/produkt\/sos-paprykowy-carolina-hot-bardzo-ostry-fanex-duza-butelka-nr-66-1kg-1000g\/","name":"Sos paprykowy Carolina HOT bardzo ostry FANEX du\u017ca butelka nr. 66 1kg 1000g - Mix Market - Supermarket z wszystkim co potrzeba","isPartOf":{"@id":"https:\/\/racom.com.pl\/#website"},"primaryImageOfPage":{"@id":"https:\/\/racom.com.pl\/index.php\/produkt\/sos-paprykowy-carolina-hot-bardzo-ostry-fanex-duza-butelka-nr-66-1kg-1000g\/#primaryimage"},"image":{"@id":"https:\/\/racom.com.pl\/index.php\/produkt\/sos-paprykowy-carolina-hot-bardzo-ostry-fanex-duza-butelka-nr-66-1kg-1000g\/#primaryimage"},"thumbnailUrl":"https:\/\/racom.com.pl\/wp-content\/uploads\/2025\/07\/allegro_687a9dcc9e1976.97819728_459f2ea545df869ec49a563996d0.jpg","datePublished":"2025-07-18T19:16:23+00:00","breadcrumb":{"@id":"https:\/\/racom.com.pl\/index.php\/produkt\/sos-paprykowy-carolina-hot-bardzo-ostry-fanex-duza-butelka-nr-66-1kg-1000g\/#breadcrumb"},"inLanguage":"pl-PL","potentialAction":[{"@type":"ReadAction","target":["https:\/\/racom.com.pl\/index.php\/produkt\/sos-paprykowy-carolina-hot-bardzo-ostry-fanex-duza-butelka-nr-66-1kg-1000g\/"]}]},{"@type":"ImageObject","inLanguage":"pl-PL","@id":"https:\/\/racom.com.pl\/index.php\/produkt\/sos-paprykowy-carolina-hot-bardzo-ostry-fanex-duza-butelka-nr-66-1kg-1000g\/#primaryimage","url":"https:\/\/racom.com.pl\/wp-content\/uploads\/2025\/07\/allegro_687a9dcc9e1976.97819728_459f2ea545df869ec49a563996d0.jpg","contentUrl":"https:\/\/racom.com.pl\/wp-content\/uploads\/2025\/07\/allegro_687a9dcc9e1976.97819728_459f2ea545df869ec49a563996d0.jpg","width":1500,"height":1500},{"@type":"BreadcrumbList","@id":"https:\/\/racom.com.pl\/index.php\/produkt\/sos-paprykowy-carolina-hot-bardzo-ostry-fanex-duza-butelka-nr-66-1kg-1000g\/#breadcrumb","itemListElement":[{"@type":"ListItem","position":1,"name":"Strona g\u0142\u00f3wna","item":"https:\/\/racom.com.pl\/"},{"@type":"ListItem","position":2,"name":"Sklep","item":"https:\/\/racom.com.pl\/"},{"@type":"ListItem","position":3,"name":"Sos paprykowy Carolina HOT bardzo ostry FANEX du\u017ca butelka nr. 66 1kg 1000g"}]},{"@type":"WebSite","@id":"https:\/\/racom.com.pl\/#website","url":"https:\/\/racom.com.pl\/","name":"Mix Market - Supermarket z wszystkim co potrzeba do domu i nie tylko","description":"","publisher":{"@id":"https:\/\/racom.com.pl\/#organization"},"potentialAction":[{"@type":"SearchAction","target":{"@type":"EntryPoint","urlTemplate":"https:\/\/racom.com.pl\/?s={search_term_string}"},"query-input":{"@type":"PropertyValueSpecification","valueRequired":true,"valueName":"search_term_string"}}],"inLanguage":"pl-PL"},{"@type":"Organization","@id":"https:\/\/racom.com.pl\/#organization","name":"Mix Market - Supermarket z wszystkim co potrzeba do domu i nie tylko","url":"https:\/\/racom.com.pl\/","logo":{"@type":"ImageObject","inLanguage":"pl-PL","@id":"https:\/\/racom.com.pl\/#\/schema\/logo\/image\/","url":"https:\/\/racom.com.pl\/wp-content\/uploads\/2025\/07\/mixmarket_logo.png","contentUrl":"https:\/\/racom.com.pl\/wp-content\/uploads\/2025\/07\/mixmarket_logo.png","width":1024,"height":1024,"caption":"Mix Market - Supermarket z wszystkim co potrzeba do domu i nie tylko"},"image":{"@id":"https:\/\/racom.com.pl\/#\/schema\/logo\/image\/"}}]}},"_links":{"self":[{"href":"https:\/\/racom.com.pl\/index.php\/wp-json\/wp\/v2\/product\/1982","targetHints":{"allow":["GET"]}}],"collection":[{"href":"https:\/\/racom.com.pl\/index.php\/wp-json\/wp\/v2\/product"}],"about":[{"href":"https:\/\/racom.com.pl\/index.php\/wp-json\/wp\/v2\/types\/product"}],"replies":[{"embeddable":true,"href":"https:\/\/racom.com.pl\/index.php\/wp-json\/wp\/v2\/comments?post=1982"}],"wp:featuredmedia":[{"embeddable":true,"href":"https:\/\/racom.com.pl\/index.php\/wp-json\/wp\/v2\/media\/1988"}],"wp:attachment":[{"href":"https:\/\/racom.com.pl\/index.php\/wp-json\/wp\/v2\/media?parent=1982"}],"wp:term":[{"taxonomy":"product_brand","embeddable":true,"href":"https:\/\/racom.com.pl\/index.php\/wp-json\/wp\/v2\/product_brand?post=1982"},{"taxonomy":"product_cat","embeddable":true,"href":"https:\/\/racom.com.pl\/index.php\/wp-json\/wp\/v2\/product_cat?post=1982"},{"taxonomy":"product_tag","embeddable":true,"href":"https:\/\/racom.com.pl\/index.php\/wp-json\/wp\/v2\/product_tag?post=1982"}],"curies":[{"name":"wp","href":"https:\/\/api.w.org\/{rel}","templated":true}]}}