{"id":1989,"date":"2025-07-18T21:17:45","date_gmt":"2025-07-18T19:17:45","guid":{"rendered":"http:\/\/192.168.2.106\/index.php\/produkt\/sos-salatkowy-ogrodowy-knorr-duze-opakowanie-700-g\/"},"modified":"2025-07-18T21:17:45","modified_gmt":"2025-07-18T19:17:45","slug":"sos-salatkowy-ogrodowy-knorr-duze-opakowanie-700-g","status":"publish","type":"product","link":"https:\/\/racom.com.pl\/index.php\/produkt\/sos-salatkowy-ogrodowy-knorr-duze-opakowanie-700-g\/","title":{"rendered":"Sos sa\u0142atkowy ogrodowy Knorr du\u017ce opakowanie 700 g"},"content":{"rendered":"<h2>SOS SA\u0141ATKOWY OGRODOWY 700G Knorr<\/h2>\n<p><b>Apetyczna sa\u0142atka zas\u0142uguje na wy\u015bmienity vinaigrette.<\/b><\/p>\n<p>Orze\u017awiaj\u0105cy, zio\u0142owo-cytrynowy smak. Udoskonalona konsystencja. Nie rozwarstwia si\u0119 &#8211; zachowuje apetyczny wygl\u0105d i nie trzeba go miesza\u0107 w bufecie. Nie zawiera konserwant\u00f3w ani barwnik\u00f3w.<\/p>\n<p>Sk\u0142adniki: s\u00f3l, cukier, skrobia modyfikowana, maltodekstryna, wzmacniacz smaku (glutaminian monosodowy), natka pietruszki (6%), regulator kwasowo\u015bci (octany sodu), kwas (kwas cytrynowy (5,6%)), GORCZYCA mielona (3,9%), cebula suszona (3%), LAKTOZA, szczypiorek suszony (2,6%), t\u0142uszcz palmowy, substancja zag\u0119szczaj\u0105ca (guma ksantanowa), ekstrakt dro\u017cd\u017cowy, pieprz czarny mielony (0,9%), kurkuma (0,7%), czosnek suszony (0,3%). Mo\u017ce zawiera\u0107 gluten, jaja i seler.<\/p>\n<p>Warto\u015b\u0107 od\u017cywcza w 100g:<\/p>\n<ul>\n<li><b>Energia kJ:<\/b> 1,193.00 kJ<\/li>\n<li><b>Energia:<\/b> 285.13<\/li>\n<li><b>T\u0142uszcz:<\/b> 3.60 g<\/li>\n<li><b>w tym kwasy t\u0142uszczowe:<\/b> 0.800 g<\/li>\n<li><b>W\u0119glowodany:<\/b> 44.00 g<\/li>\n<li><b>w tym cukry:<\/b> 21.00 g<\/li>\n<li><b>B\u0142onnik:<\/b> 4.6 g<\/li>\n<li><b>Bia\u0142ko:<\/b> 8.90 g<\/li>\n<li><b>S\u00f3l:<\/b> 23.80 g<\/li>\n<\/ul>\n","protected":false},"excerpt":{"rendered":"<p>SOS SA\u0141ATKOWY OGRODOWY 700G Knorr Apetyczna sa\u0142atka zas\u0142uguje na wy\u015bmienity vinaigrette. Orze\u017awiaj\u0105cy, zio\u0142owo-cytrynowy smak. Udoskonalona konsystencja. Nie rozwarstwia si\u0119 &#8211; zachowuje apetyczny wygl\u0105d i nie trzeba go miesza\u0107 w bufecie. Nie zawiera konserwant\u00f3w ani barwnik\u00f3w. Sk\u0142adniki: s\u00f3l, cukier, skrobia modyfikowana, maltodekstryna, wzmacniacz smaku (glutaminian monosodowy), natka pietruszki (6%), regulator kwasowo\u015bci (octany sodu), kwas (kwas cytrynowy [&hellip;]<\/p>\n","protected":false},"featured_media":1993,"comment_status":"open","ping_status":"closed","template":"","meta":[],"product_brand":[112],"product_cat":[109],"product_tag":[],"class_list":{"0":"post-1989","1":"product","2":"type-product","3":"status-publish","4":"has-post-thumbnail","6":"product_brand-knorr","7":"product_cat-sosy-kanapkowe-i-dressingi","9":"first","10":"instock","11":"taxable","12":"shipping-taxable","13":"purchasable","14":"product-type-simple"},"yoast_head":"<!-- This site is optimized with the Yoast SEO plugin v27.3 - https:\/\/yoast.com\/product\/yoast-seo-wordpress\/ -->\n<title>Sos sa\u0142atkowy ogrodowy Knorr du\u017ce opakowanie 700 g - Mix Market - Supermarket z wszystkim co potrzeba<\/title>\n<meta name=\"robots\" content=\"index, follow, max-snippet:-1, max-image-preview:large, max-video-preview:-1\" \/>\n<link rel=\"canonical\" href=\"https:\/\/racom.com.pl\/index.php\/produkt\/sos-salatkowy-ogrodowy-knorr-duze-opakowanie-700-g\/\" \/>\n<meta property=\"og:locale\" content=\"pl_PL\" \/>\n<meta property=\"og:type\" content=\"article\" \/>\n<meta property=\"og:title\" content=\"Sos sa\u0142atkowy ogrodowy Knorr du\u017ce opakowanie 700 g - Mix Market - Supermarket z wszystkim co potrzeba\" \/>\n<meta property=\"og:description\" content=\"SOS SA\u0141ATKOWY OGRODOWY 700G Knorr Apetyczna sa\u0142atka zas\u0142uguje na wy\u015bmienity vinaigrette. Orze\u017awiaj\u0105cy, zio\u0142owo-cytrynowy smak. Udoskonalona konsystencja. Nie rozwarstwia si\u0119 &#8211; zachowuje apetyczny wygl\u0105d i nie trzeba go miesza\u0107 w bufecie. Nie zawiera konserwant\u00f3w ani barwnik\u00f3w. Sk\u0142adniki: s\u00f3l, cukier, skrobia modyfikowana, maltodekstryna, wzmacniacz smaku (glutaminian monosodowy), natka pietruszki (6%), regulator kwasowo\u015bci (octany sodu), kwas (kwas cytrynowy [&hellip;]\" \/>\n<meta property=\"og:url\" content=\"https:\/\/racom.com.pl\/index.php\/produkt\/sos-salatkowy-ogrodowy-knorr-duze-opakowanie-700-g\/\" \/>\n<meta property=\"og:site_name\" content=\"Mix Market - Supermarket z wszystkim co potrzeba\" \/>\n<meta property=\"og:image\" content=\"https:\/\/racom.com.pl\/wp-content\/uploads\/2025\/07\/allegro_687a9e08153fe2.44183658_9106d6c3406cac8bb0b7eda7bdf8.jpg\" \/>\n\t<meta property=\"og:image:width\" content=\"2560\" \/>\n\t<meta property=\"og:image:height\" content=\"2560\" \/>\n\t<meta property=\"og:image:type\" content=\"image\/jpeg\" \/>\n<meta name=\"twitter:card\" content=\"summary_large_image\" \/>\n<meta name=\"twitter:label1\" content=\"Szacowany czas czytania\" \/>\n\t<meta name=\"twitter:data1\" content=\"1 minuta\" \/>\n<script type=\"application\/ld+json\" class=\"yoast-schema-graph\">{\"@context\":\"https:\\\/\\\/schema.org\",\"@graph\":[{\"@type\":\"WebPage\",\"@id\":\"https:\\\/\\\/racom.com.pl\\\/index.php\\\/produkt\\\/sos-salatkowy-ogrodowy-knorr-duze-opakowanie-700-g\\\/\",\"url\":\"https:\\\/\\\/racom.com.pl\\\/index.php\\\/produkt\\\/sos-salatkowy-ogrodowy-knorr-duze-opakowanie-700-g\\\/\",\"name\":\"Sos sa\u0142atkowy ogrodowy Knorr du\u017ce opakowanie 700 g - Mix Market - Supermarket z wszystkim co potrzeba\",\"isPartOf\":{\"@id\":\"https:\\\/\\\/racom.com.pl\\\/#website\"},\"primaryImageOfPage\":{\"@id\":\"https:\\\/\\\/racom.com.pl\\\/index.php\\\/produkt\\\/sos-salatkowy-ogrodowy-knorr-duze-opakowanie-700-g\\\/#primaryimage\"},\"image\":{\"@id\":\"https:\\\/\\\/racom.com.pl\\\/index.php\\\/produkt\\\/sos-salatkowy-ogrodowy-knorr-duze-opakowanie-700-g\\\/#primaryimage\"},\"thumbnailUrl\":\"https:\\\/\\\/racom.com.pl\\\/wp-content\\\/uploads\\\/2025\\\/07\\\/allegro_687a9e08153fe2.44183658_9106d6c3406cac8bb0b7eda7bdf8.jpg\",\"datePublished\":\"2025-07-18T19:17:45+00:00\",\"breadcrumb\":{\"@id\":\"https:\\\/\\\/racom.com.pl\\\/index.php\\\/produkt\\\/sos-salatkowy-ogrodowy-knorr-duze-opakowanie-700-g\\\/#breadcrumb\"},\"inLanguage\":\"pl-PL\",\"potentialAction\":[{\"@type\":\"ReadAction\",\"target\":[\"https:\\\/\\\/racom.com.pl\\\/index.php\\\/produkt\\\/sos-salatkowy-ogrodowy-knorr-duze-opakowanie-700-g\\\/\"]}]},{\"@type\":\"ImageObject\",\"inLanguage\":\"pl-PL\",\"@id\":\"https:\\\/\\\/racom.com.pl\\\/index.php\\\/produkt\\\/sos-salatkowy-ogrodowy-knorr-duze-opakowanie-700-g\\\/#primaryimage\",\"url\":\"https:\\\/\\\/racom.com.pl\\\/wp-content\\\/uploads\\\/2025\\\/07\\\/allegro_687a9e08153fe2.44183658_9106d6c3406cac8bb0b7eda7bdf8.jpg\",\"contentUrl\":\"https:\\\/\\\/racom.com.pl\\\/wp-content\\\/uploads\\\/2025\\\/07\\\/allegro_687a9e08153fe2.44183658_9106d6c3406cac8bb0b7eda7bdf8.jpg\",\"width\":2560,\"height\":2560},{\"@type\":\"BreadcrumbList\",\"@id\":\"https:\\\/\\\/racom.com.pl\\\/index.php\\\/produkt\\\/sos-salatkowy-ogrodowy-knorr-duze-opakowanie-700-g\\\/#breadcrumb\",\"itemListElement\":[{\"@type\":\"ListItem\",\"position\":1,\"name\":\"Strona g\u0142\u00f3wna\",\"item\":\"https:\\\/\\\/racom.com.pl\\\/\"},{\"@type\":\"ListItem\",\"position\":2,\"name\":\"Sklep\",\"item\":\"https:\\\/\\\/racom.com.pl\\\/\"},{\"@type\":\"ListItem\",\"position\":3,\"name\":\"Sos sa\u0142atkowy ogrodowy Knorr du\u017ce opakowanie 700 g\"}]},{\"@type\":\"WebSite\",\"@id\":\"https:\\\/\\\/racom.com.pl\\\/#website\",\"url\":\"https:\\\/\\\/racom.com.pl\\\/\",\"name\":\"Mix Market - Supermarket z wszystkim co potrzeba do domu i nie tylko\",\"description\":\"\",\"publisher\":{\"@id\":\"https:\\\/\\\/racom.com.pl\\\/#organization\"},\"potentialAction\":[{\"@type\":\"SearchAction\",\"target\":{\"@type\":\"EntryPoint\",\"urlTemplate\":\"https:\\\/\\\/racom.com.pl\\\/?s={search_term_string}\"},\"query-input\":{\"@type\":\"PropertyValueSpecification\",\"valueRequired\":true,\"valueName\":\"search_term_string\"}}],\"inLanguage\":\"pl-PL\"},{\"@type\":\"Organization\",\"@id\":\"https:\\\/\\\/racom.com.pl\\\/#organization\",\"name\":\"Mix Market - Supermarket z wszystkim co potrzeba do domu i nie tylko\",\"url\":\"https:\\\/\\\/racom.com.pl\\\/\",\"logo\":{\"@type\":\"ImageObject\",\"inLanguage\":\"pl-PL\",\"@id\":\"https:\\\/\\\/racom.com.pl\\\/#\\\/schema\\\/logo\\\/image\\\/\",\"url\":\"https:\\\/\\\/racom.com.pl\\\/wp-content\\\/uploads\\\/2025\\\/07\\\/mixmarket_logo.png\",\"contentUrl\":\"https:\\\/\\\/racom.com.pl\\\/wp-content\\\/uploads\\\/2025\\\/07\\\/mixmarket_logo.png\",\"width\":1024,\"height\":1024,\"caption\":\"Mix Market - Supermarket z wszystkim co potrzeba do domu i nie tylko\"},\"image\":{\"@id\":\"https:\\\/\\\/racom.com.pl\\\/#\\\/schema\\\/logo\\\/image\\\/\"}}]}<\/script>\n<!-- \/ Yoast SEO plugin. -->","yoast_head_json":{"title":"Sos sa\u0142atkowy ogrodowy Knorr du\u017ce opakowanie 700 g - Mix Market - Supermarket z wszystkim co potrzeba","robots":{"index":"index","follow":"follow","max-snippet":"max-snippet:-1","max-image-preview":"max-image-preview:large","max-video-preview":"max-video-preview:-1"},"canonical":"https:\/\/racom.com.pl\/index.php\/produkt\/sos-salatkowy-ogrodowy-knorr-duze-opakowanie-700-g\/","og_locale":"pl_PL","og_type":"article","og_title":"Sos sa\u0142atkowy ogrodowy Knorr du\u017ce opakowanie 700 g - Mix Market - Supermarket z wszystkim co potrzeba","og_description":"SOS SA\u0141ATKOWY OGRODOWY 700G Knorr Apetyczna sa\u0142atka zas\u0142uguje na wy\u015bmienity vinaigrette. Orze\u017awiaj\u0105cy, zio\u0142owo-cytrynowy smak. Udoskonalona konsystencja. Nie rozwarstwia si\u0119 &#8211; zachowuje apetyczny wygl\u0105d i nie trzeba go miesza\u0107 w bufecie. Nie zawiera konserwant\u00f3w ani barwnik\u00f3w. Sk\u0142adniki: s\u00f3l, cukier, skrobia modyfikowana, maltodekstryna, wzmacniacz smaku (glutaminian monosodowy), natka pietruszki (6%), regulator kwasowo\u015bci (octany sodu), kwas (kwas cytrynowy [&hellip;]","og_url":"https:\/\/racom.com.pl\/index.php\/produkt\/sos-salatkowy-ogrodowy-knorr-duze-opakowanie-700-g\/","og_site_name":"Mix Market - Supermarket z wszystkim co potrzeba","og_image":[{"width":2560,"height":2560,"url":"https:\/\/racom.com.pl\/wp-content\/uploads\/2025\/07\/allegro_687a9e08153fe2.44183658_9106d6c3406cac8bb0b7eda7bdf8.jpg","type":"image\/jpeg"}],"twitter_card":"summary_large_image","twitter_misc":{"Szacowany czas czytania":"1 minuta"},"schema":{"@context":"https:\/\/schema.org","@graph":[{"@type":"WebPage","@id":"https:\/\/racom.com.pl\/index.php\/produkt\/sos-salatkowy-ogrodowy-knorr-duze-opakowanie-700-g\/","url":"https:\/\/racom.com.pl\/index.php\/produkt\/sos-salatkowy-ogrodowy-knorr-duze-opakowanie-700-g\/","name":"Sos sa\u0142atkowy ogrodowy Knorr du\u017ce opakowanie 700 g - Mix Market - Supermarket z wszystkim co potrzeba","isPartOf":{"@id":"https:\/\/racom.com.pl\/#website"},"primaryImageOfPage":{"@id":"https:\/\/racom.com.pl\/index.php\/produkt\/sos-salatkowy-ogrodowy-knorr-duze-opakowanie-700-g\/#primaryimage"},"image":{"@id":"https:\/\/racom.com.pl\/index.php\/produkt\/sos-salatkowy-ogrodowy-knorr-duze-opakowanie-700-g\/#primaryimage"},"thumbnailUrl":"https:\/\/racom.com.pl\/wp-content\/uploads\/2025\/07\/allegro_687a9e08153fe2.44183658_9106d6c3406cac8bb0b7eda7bdf8.jpg","datePublished":"2025-07-18T19:17:45+00:00","breadcrumb":{"@id":"https:\/\/racom.com.pl\/index.php\/produkt\/sos-salatkowy-ogrodowy-knorr-duze-opakowanie-700-g\/#breadcrumb"},"inLanguage":"pl-PL","potentialAction":[{"@type":"ReadAction","target":["https:\/\/racom.com.pl\/index.php\/produkt\/sos-salatkowy-ogrodowy-knorr-duze-opakowanie-700-g\/"]}]},{"@type":"ImageObject","inLanguage":"pl-PL","@id":"https:\/\/racom.com.pl\/index.php\/produkt\/sos-salatkowy-ogrodowy-knorr-duze-opakowanie-700-g\/#primaryimage","url":"https:\/\/racom.com.pl\/wp-content\/uploads\/2025\/07\/allegro_687a9e08153fe2.44183658_9106d6c3406cac8bb0b7eda7bdf8.jpg","contentUrl":"https:\/\/racom.com.pl\/wp-content\/uploads\/2025\/07\/allegro_687a9e08153fe2.44183658_9106d6c3406cac8bb0b7eda7bdf8.jpg","width":2560,"height":2560},{"@type":"BreadcrumbList","@id":"https:\/\/racom.com.pl\/index.php\/produkt\/sos-salatkowy-ogrodowy-knorr-duze-opakowanie-700-g\/#breadcrumb","itemListElement":[{"@type":"ListItem","position":1,"name":"Strona g\u0142\u00f3wna","item":"https:\/\/racom.com.pl\/"},{"@type":"ListItem","position":2,"name":"Sklep","item":"https:\/\/racom.com.pl\/"},{"@type":"ListItem","position":3,"name":"Sos sa\u0142atkowy ogrodowy Knorr du\u017ce opakowanie 700 g"}]},{"@type":"WebSite","@id":"https:\/\/racom.com.pl\/#website","url":"https:\/\/racom.com.pl\/","name":"Mix Market - Supermarket z wszystkim co potrzeba do domu i nie tylko","description":"","publisher":{"@id":"https:\/\/racom.com.pl\/#organization"},"potentialAction":[{"@type":"SearchAction","target":{"@type":"EntryPoint","urlTemplate":"https:\/\/racom.com.pl\/?s={search_term_string}"},"query-input":{"@type":"PropertyValueSpecification","valueRequired":true,"valueName":"search_term_string"}}],"inLanguage":"pl-PL"},{"@type":"Organization","@id":"https:\/\/racom.com.pl\/#organization","name":"Mix Market - Supermarket z wszystkim co potrzeba do domu i nie tylko","url":"https:\/\/racom.com.pl\/","logo":{"@type":"ImageObject","inLanguage":"pl-PL","@id":"https:\/\/racom.com.pl\/#\/schema\/logo\/image\/","url":"https:\/\/racom.com.pl\/wp-content\/uploads\/2025\/07\/mixmarket_logo.png","contentUrl":"https:\/\/racom.com.pl\/wp-content\/uploads\/2025\/07\/mixmarket_logo.png","width":1024,"height":1024,"caption":"Mix Market - Supermarket z wszystkim co potrzeba do domu i nie tylko"},"image":{"@id":"https:\/\/racom.com.pl\/#\/schema\/logo\/image\/"}}]}},"_links":{"self":[{"href":"https:\/\/racom.com.pl\/index.php\/wp-json\/wp\/v2\/product\/1989","targetHints":{"allow":["GET"]}}],"collection":[{"href":"https:\/\/racom.com.pl\/index.php\/wp-json\/wp\/v2\/product"}],"about":[{"href":"https:\/\/racom.com.pl\/index.php\/wp-json\/wp\/v2\/types\/product"}],"replies":[{"embeddable":true,"href":"https:\/\/racom.com.pl\/index.php\/wp-json\/wp\/v2\/comments?post=1989"}],"wp:featuredmedia":[{"embeddable":true,"href":"https:\/\/racom.com.pl\/index.php\/wp-json\/wp\/v2\/media\/1993"}],"wp:attachment":[{"href":"https:\/\/racom.com.pl\/index.php\/wp-json\/wp\/v2\/media?parent=1989"}],"wp:term":[{"taxonomy":"product_brand","embeddable":true,"href":"https:\/\/racom.com.pl\/index.php\/wp-json\/wp\/v2\/product_brand?post=1989"},{"taxonomy":"product_cat","embeddable":true,"href":"https:\/\/racom.com.pl\/index.php\/wp-json\/wp\/v2\/product_cat?post=1989"},{"taxonomy":"product_tag","embeddable":true,"href":"https:\/\/racom.com.pl\/index.php\/wp-json\/wp\/v2\/product_tag?post=1989"}],"curies":[{"name":"wp","href":"https:\/\/api.w.org\/{rel}","templated":true}]}}