{"id":2002,"date":"2025-07-18T21:20:56","date_gmt":"2025-07-18T19:20:56","guid":{"rendered":"http:\/\/192.168.2.106\/index.php\/produkt\/goccia-doro-oliwa-z-wytloczyn-oliwek-sansa-1l-puszka\/"},"modified":"2025-07-18T21:20:56","modified_gmt":"2025-07-18T19:20:56","slug":"goccia-doro-oliwa-z-wytloczyn-oliwek-sansa-1l-puszka","status":"publish","type":"product","link":"https:\/\/racom.com.pl\/index.php\/produkt\/goccia-doro-oliwa-z-wytloczyn-oliwek-sansa-1l-puszka\/","title":{"rendered":"GOCCIA D&#8217;ORO OLIWA &#8211; Z WYT\u0141OCZYN OLiWEK SANSA 1L PUSZKA"},"content":{"rendered":"<h2>GOCCIA D&#8217;ORO OLIWA Z WYT\u0141OK\u00d3W Z OLIWEK 1 L<\/h2>\n<p>Je\u015bli szukasz oliwy z najwy\u017cszej p\u00f3\u0142ki, kt\u00f3ra zadowoli nawet najbardziej wymagaj\u0105ce podniebienia, to <b>GOCCIA D&#8217;ORO OLIWA Z WYT\u0141OK\u00d3W Z OLIWEK 1 L<\/b> jest dla Ciebie. Ta wyj\u0105tkowa oliwa z oliwek pochodzi z w\u0142oskiej Toskanii, gdzie od wiek\u00f3w uprawia si\u0119 najlepsze oliwki na \u015bwiecie. Dzi\u0119ki starannie dobranej mieszance oliwek i specjalnej technologii produkcji, GOCCIA D&#8217;ORO OLIWA Z WYT\u0141OK\u00d3W Z OLIWEK 1 L zachwyca swoim bogatym smakiem i aromatem.<\/p>\n<p><b>Oliwa z oliwek<\/b> to nie tylko pyszny dodatek do potraw, ale tak\u017ce \u017ar\u00f3d\u0142o wielu cennych sk\u0142adnik\u00f3w od\u017cywczych. GOCCIA D&#8217;ORO OLIWA Z WYT\u0141OK\u00d3W Z OLIWEK 1 L jest bogata w nienasycone kwasy t\u0142uszczowe, witaminy E i K oraz przeciwutleniacze, kt\u00f3re pomagaj\u0105 w walce z wolnymi rodnikami i zapobiegaj\u0105 chorobom serca.<\/p>\n<p><b>Sk\u0142ad:<\/b>&#8211; oliwa z oliwek z pierwszego t\u0142oczenia z wyt\u0142ok\u00f3w oliwek<\/p>\n<p>GOCCIA D&#8217;ORO OLIWA Z WYT\u0141OK\u00d3W Z OLIWEK 1 L to oliwa z oliwek, kt\u00f3ra powinna znale\u017a\u0107 si\u0119 w Twojej kuchni. Jej wyj\u0105tkowy smak i aromat sprawi\u0105, \u017ce Twoje potrawy b\u0119d\u0105 jeszcze smaczniejsze, a Ty poczujesz si\u0119 jak prawdziwy w\u0142oski szef kuchni.<\/p>\n","protected":false},"excerpt":{"rendered":"<p>GOCCIA D&#8217;ORO OLIWA Z WYT\u0141OK\u00d3W Z OLIWEK 1 L Je\u015bli szukasz oliwy z najwy\u017cszej p\u00f3\u0142ki, kt\u00f3ra zadowoli nawet najbardziej wymagaj\u0105ce podniebienia, to GOCCIA D&#8217;ORO OLIWA Z WYT\u0141OK\u00d3W Z OLIWEK 1 L jest dla Ciebie. Ta wyj\u0105tkowa oliwa z oliwek pochodzi z w\u0142oskiej Toskanii, gdzie od wiek\u00f3w uprawia si\u0119 najlepsze oliwki na \u015bwiecie. Dzi\u0119ki starannie dobranej [&hellip;]<\/p>\n","protected":false},"featured_media":2005,"comment_status":"open","ping_status":"closed","template":"","meta":[],"product_brand":[118],"product_cat":[114],"product_tag":[],"class_list":{"0":"post-2002","1":"product","2":"type-product","3":"status-publish","4":"has-post-thumbnail","6":"product_brand-goccia-doro","7":"product_cat-oliwa-olej-ocet","9":"first","10":"instock","11":"taxable","12":"shipping-taxable","13":"purchasable","14":"product-type-simple"},"yoast_head":"<!-- This site is optimized with the Yoast SEO plugin v27.3 - https:\/\/yoast.com\/product\/yoast-seo-wordpress\/ -->\n<title>GOCCIA D&#039;ORO OLIWA - Z WYT\u0141OCZYN OLiWEK SANSA 1L PUSZKA - Mix Market - Supermarket z wszystkim co potrzeba<\/title>\n<meta name=\"robots\" content=\"index, follow, max-snippet:-1, max-image-preview:large, max-video-preview:-1\" \/>\n<link rel=\"canonical\" href=\"https:\/\/racom.com.pl\/index.php\/produkt\/goccia-doro-oliwa-z-wytloczyn-oliwek-sansa-1l-puszka\/\" \/>\n<meta property=\"og:locale\" content=\"pl_PL\" \/>\n<meta property=\"og:type\" content=\"article\" \/>\n<meta property=\"og:title\" content=\"GOCCIA D&#039;ORO OLIWA - Z WYT\u0141OCZYN OLiWEK SANSA 1L PUSZKA - Mix Market - Supermarket z wszystkim co potrzeba\" \/>\n<meta property=\"og:description\" content=\"GOCCIA D&#8217;ORO OLIWA Z WYT\u0141OK\u00d3W Z OLIWEK 1 L Je\u015bli szukasz oliwy z najwy\u017cszej p\u00f3\u0142ki, kt\u00f3ra zadowoli nawet najbardziej wymagaj\u0105ce podniebienia, to GOCCIA D&#8217;ORO OLIWA Z WYT\u0141OK\u00d3W Z OLIWEK 1 L jest dla Ciebie. Ta wyj\u0105tkowa oliwa z oliwek pochodzi z w\u0142oskiej Toskanii, gdzie od wiek\u00f3w uprawia si\u0119 najlepsze oliwki na \u015bwiecie. Dzi\u0119ki starannie dobranej [&hellip;]\" \/>\n<meta property=\"og:url\" content=\"https:\/\/racom.com.pl\/index.php\/produkt\/goccia-doro-oliwa-z-wytloczyn-oliwek-sansa-1l-puszka\/\" \/>\n<meta property=\"og:site_name\" content=\"Mix Market - Supermarket z wszystkim co potrzeba\" \/>\n<meta property=\"og:image\" content=\"https:\/\/racom.com.pl\/wp-content\/uploads\/2025\/07\/allegro_687a9eb5e61036.22559399_05455deb4f7493ec374ca046d16b.jpg\" \/>\n\t<meta property=\"og:image:width\" content=\"1140\" \/>\n\t<meta property=\"og:image:height\" content=\"1710\" \/>\n\t<meta property=\"og:image:type\" content=\"image\/jpeg\" \/>\n<meta name=\"twitter:card\" content=\"summary_large_image\" \/>\n<meta name=\"twitter:label1\" content=\"Szacowany czas czytania\" \/>\n\t<meta name=\"twitter:data1\" content=\"1 minuta\" \/>\n<script type=\"application\/ld+json\" class=\"yoast-schema-graph\">{\"@context\":\"https:\\\/\\\/schema.org\",\"@graph\":[{\"@type\":\"WebPage\",\"@id\":\"https:\\\/\\\/racom.com.pl\\\/index.php\\\/produkt\\\/goccia-doro-oliwa-z-wytloczyn-oliwek-sansa-1l-puszka\\\/\",\"url\":\"https:\\\/\\\/racom.com.pl\\\/index.php\\\/produkt\\\/goccia-doro-oliwa-z-wytloczyn-oliwek-sansa-1l-puszka\\\/\",\"name\":\"GOCCIA D'ORO OLIWA - Z WYT\u0141OCZYN OLiWEK SANSA 1L PUSZKA - Mix Market - Supermarket z wszystkim co potrzeba\",\"isPartOf\":{\"@id\":\"https:\\\/\\\/racom.com.pl\\\/#website\"},\"primaryImageOfPage\":{\"@id\":\"https:\\\/\\\/racom.com.pl\\\/index.php\\\/produkt\\\/goccia-doro-oliwa-z-wytloczyn-oliwek-sansa-1l-puszka\\\/#primaryimage\"},\"image\":{\"@id\":\"https:\\\/\\\/racom.com.pl\\\/index.php\\\/produkt\\\/goccia-doro-oliwa-z-wytloczyn-oliwek-sansa-1l-puszka\\\/#primaryimage\"},\"thumbnailUrl\":\"https:\\\/\\\/racom.com.pl\\\/wp-content\\\/uploads\\\/2025\\\/07\\\/allegro_687a9eb5e61036.22559399_05455deb4f7493ec374ca046d16b.jpg\",\"datePublished\":\"2025-07-18T19:20:56+00:00\",\"breadcrumb\":{\"@id\":\"https:\\\/\\\/racom.com.pl\\\/index.php\\\/produkt\\\/goccia-doro-oliwa-z-wytloczyn-oliwek-sansa-1l-puszka\\\/#breadcrumb\"},\"inLanguage\":\"pl-PL\",\"potentialAction\":[{\"@type\":\"ReadAction\",\"target\":[\"https:\\\/\\\/racom.com.pl\\\/index.php\\\/produkt\\\/goccia-doro-oliwa-z-wytloczyn-oliwek-sansa-1l-puszka\\\/\"]}]},{\"@type\":\"ImageObject\",\"inLanguage\":\"pl-PL\",\"@id\":\"https:\\\/\\\/racom.com.pl\\\/index.php\\\/produkt\\\/goccia-doro-oliwa-z-wytloczyn-oliwek-sansa-1l-puszka\\\/#primaryimage\",\"url\":\"https:\\\/\\\/racom.com.pl\\\/wp-content\\\/uploads\\\/2025\\\/07\\\/allegro_687a9eb5e61036.22559399_05455deb4f7493ec374ca046d16b.jpg\",\"contentUrl\":\"https:\\\/\\\/racom.com.pl\\\/wp-content\\\/uploads\\\/2025\\\/07\\\/allegro_687a9eb5e61036.22559399_05455deb4f7493ec374ca046d16b.jpg\",\"width\":1140,\"height\":1710},{\"@type\":\"BreadcrumbList\",\"@id\":\"https:\\\/\\\/racom.com.pl\\\/index.php\\\/produkt\\\/goccia-doro-oliwa-z-wytloczyn-oliwek-sansa-1l-puszka\\\/#breadcrumb\",\"itemListElement\":[{\"@type\":\"ListItem\",\"position\":1,\"name\":\"Strona g\u0142\u00f3wna\",\"item\":\"https:\\\/\\\/racom.com.pl\\\/\"},{\"@type\":\"ListItem\",\"position\":2,\"name\":\"Sklep\",\"item\":\"https:\\\/\\\/racom.com.pl\\\/\"},{\"@type\":\"ListItem\",\"position\":3,\"name\":\"GOCCIA D&#8217;ORO OLIWA &#8211; Z WYT\u0141OCZYN OLiWEK SANSA 1L PUSZKA\"}]},{\"@type\":\"WebSite\",\"@id\":\"https:\\\/\\\/racom.com.pl\\\/#website\",\"url\":\"https:\\\/\\\/racom.com.pl\\\/\",\"name\":\"Mix Market - Supermarket z wszystkim co potrzeba do domu i nie tylko\",\"description\":\"\",\"publisher\":{\"@id\":\"https:\\\/\\\/racom.com.pl\\\/#organization\"},\"potentialAction\":[{\"@type\":\"SearchAction\",\"target\":{\"@type\":\"EntryPoint\",\"urlTemplate\":\"https:\\\/\\\/racom.com.pl\\\/?s={search_term_string}\"},\"query-input\":{\"@type\":\"PropertyValueSpecification\",\"valueRequired\":true,\"valueName\":\"search_term_string\"}}],\"inLanguage\":\"pl-PL\"},{\"@type\":\"Organization\",\"@id\":\"https:\\\/\\\/racom.com.pl\\\/#organization\",\"name\":\"Mix Market - Supermarket z wszystkim co potrzeba do domu i nie tylko\",\"url\":\"https:\\\/\\\/racom.com.pl\\\/\",\"logo\":{\"@type\":\"ImageObject\",\"inLanguage\":\"pl-PL\",\"@id\":\"https:\\\/\\\/racom.com.pl\\\/#\\\/schema\\\/logo\\\/image\\\/\",\"url\":\"https:\\\/\\\/racom.com.pl\\\/wp-content\\\/uploads\\\/2025\\\/07\\\/mixmarket_logo.png\",\"contentUrl\":\"https:\\\/\\\/racom.com.pl\\\/wp-content\\\/uploads\\\/2025\\\/07\\\/mixmarket_logo.png\",\"width\":1024,\"height\":1024,\"caption\":\"Mix Market - Supermarket z wszystkim co potrzeba do domu i nie tylko\"},\"image\":{\"@id\":\"https:\\\/\\\/racom.com.pl\\\/#\\\/schema\\\/logo\\\/image\\\/\"}}]}<\/script>\n<!-- \/ Yoast SEO plugin. -->","yoast_head_json":{"title":"GOCCIA D'ORO OLIWA - Z WYT\u0141OCZYN OLiWEK SANSA 1L PUSZKA - Mix Market - Supermarket z wszystkim co potrzeba","robots":{"index":"index","follow":"follow","max-snippet":"max-snippet:-1","max-image-preview":"max-image-preview:large","max-video-preview":"max-video-preview:-1"},"canonical":"https:\/\/racom.com.pl\/index.php\/produkt\/goccia-doro-oliwa-z-wytloczyn-oliwek-sansa-1l-puszka\/","og_locale":"pl_PL","og_type":"article","og_title":"GOCCIA D'ORO OLIWA - Z WYT\u0141OCZYN OLiWEK SANSA 1L PUSZKA - Mix Market - Supermarket z wszystkim co potrzeba","og_description":"GOCCIA D&#8217;ORO OLIWA Z WYT\u0141OK\u00d3W Z OLIWEK 1 L Je\u015bli szukasz oliwy z najwy\u017cszej p\u00f3\u0142ki, kt\u00f3ra zadowoli nawet najbardziej wymagaj\u0105ce podniebienia, to GOCCIA D&#8217;ORO OLIWA Z WYT\u0141OK\u00d3W Z OLIWEK 1 L jest dla Ciebie. Ta wyj\u0105tkowa oliwa z oliwek pochodzi z w\u0142oskiej Toskanii, gdzie od wiek\u00f3w uprawia si\u0119 najlepsze oliwki na \u015bwiecie. Dzi\u0119ki starannie dobranej [&hellip;]","og_url":"https:\/\/racom.com.pl\/index.php\/produkt\/goccia-doro-oliwa-z-wytloczyn-oliwek-sansa-1l-puszka\/","og_site_name":"Mix Market - Supermarket z wszystkim co potrzeba","og_image":[{"width":1140,"height":1710,"url":"https:\/\/racom.com.pl\/wp-content\/uploads\/2025\/07\/allegro_687a9eb5e61036.22559399_05455deb4f7493ec374ca046d16b.jpg","type":"image\/jpeg"}],"twitter_card":"summary_large_image","twitter_misc":{"Szacowany czas czytania":"1 minuta"},"schema":{"@context":"https:\/\/schema.org","@graph":[{"@type":"WebPage","@id":"https:\/\/racom.com.pl\/index.php\/produkt\/goccia-doro-oliwa-z-wytloczyn-oliwek-sansa-1l-puszka\/","url":"https:\/\/racom.com.pl\/index.php\/produkt\/goccia-doro-oliwa-z-wytloczyn-oliwek-sansa-1l-puszka\/","name":"GOCCIA D'ORO OLIWA - Z WYT\u0141OCZYN OLiWEK SANSA 1L PUSZKA - Mix Market - Supermarket z wszystkim co potrzeba","isPartOf":{"@id":"https:\/\/racom.com.pl\/#website"},"primaryImageOfPage":{"@id":"https:\/\/racom.com.pl\/index.php\/produkt\/goccia-doro-oliwa-z-wytloczyn-oliwek-sansa-1l-puszka\/#primaryimage"},"image":{"@id":"https:\/\/racom.com.pl\/index.php\/produkt\/goccia-doro-oliwa-z-wytloczyn-oliwek-sansa-1l-puszka\/#primaryimage"},"thumbnailUrl":"https:\/\/racom.com.pl\/wp-content\/uploads\/2025\/07\/allegro_687a9eb5e61036.22559399_05455deb4f7493ec374ca046d16b.jpg","datePublished":"2025-07-18T19:20:56+00:00","breadcrumb":{"@id":"https:\/\/racom.com.pl\/index.php\/produkt\/goccia-doro-oliwa-z-wytloczyn-oliwek-sansa-1l-puszka\/#breadcrumb"},"inLanguage":"pl-PL","potentialAction":[{"@type":"ReadAction","target":["https:\/\/racom.com.pl\/index.php\/produkt\/goccia-doro-oliwa-z-wytloczyn-oliwek-sansa-1l-puszka\/"]}]},{"@type":"ImageObject","inLanguage":"pl-PL","@id":"https:\/\/racom.com.pl\/index.php\/produkt\/goccia-doro-oliwa-z-wytloczyn-oliwek-sansa-1l-puszka\/#primaryimage","url":"https:\/\/racom.com.pl\/wp-content\/uploads\/2025\/07\/allegro_687a9eb5e61036.22559399_05455deb4f7493ec374ca046d16b.jpg","contentUrl":"https:\/\/racom.com.pl\/wp-content\/uploads\/2025\/07\/allegro_687a9eb5e61036.22559399_05455deb4f7493ec374ca046d16b.jpg","width":1140,"height":1710},{"@type":"BreadcrumbList","@id":"https:\/\/racom.com.pl\/index.php\/produkt\/goccia-doro-oliwa-z-wytloczyn-oliwek-sansa-1l-puszka\/#breadcrumb","itemListElement":[{"@type":"ListItem","position":1,"name":"Strona g\u0142\u00f3wna","item":"https:\/\/racom.com.pl\/"},{"@type":"ListItem","position":2,"name":"Sklep","item":"https:\/\/racom.com.pl\/"},{"@type":"ListItem","position":3,"name":"GOCCIA D&#8217;ORO OLIWA &#8211; Z WYT\u0141OCZYN OLiWEK SANSA 1L PUSZKA"}]},{"@type":"WebSite","@id":"https:\/\/racom.com.pl\/#website","url":"https:\/\/racom.com.pl\/","name":"Mix Market - Supermarket z wszystkim co potrzeba do domu i nie tylko","description":"","publisher":{"@id":"https:\/\/racom.com.pl\/#organization"},"potentialAction":[{"@type":"SearchAction","target":{"@type":"EntryPoint","urlTemplate":"https:\/\/racom.com.pl\/?s={search_term_string}"},"query-input":{"@type":"PropertyValueSpecification","valueRequired":true,"valueName":"search_term_string"}}],"inLanguage":"pl-PL"},{"@type":"Organization","@id":"https:\/\/racom.com.pl\/#organization","name":"Mix Market - Supermarket z wszystkim co potrzeba do domu i nie tylko","url":"https:\/\/racom.com.pl\/","logo":{"@type":"ImageObject","inLanguage":"pl-PL","@id":"https:\/\/racom.com.pl\/#\/schema\/logo\/image\/","url":"https:\/\/racom.com.pl\/wp-content\/uploads\/2025\/07\/mixmarket_logo.png","contentUrl":"https:\/\/racom.com.pl\/wp-content\/uploads\/2025\/07\/mixmarket_logo.png","width":1024,"height":1024,"caption":"Mix Market - Supermarket z wszystkim co potrzeba do domu i nie tylko"},"image":{"@id":"https:\/\/racom.com.pl\/#\/schema\/logo\/image\/"}}]}},"_links":{"self":[{"href":"https:\/\/racom.com.pl\/index.php\/wp-json\/wp\/v2\/product\/2002","targetHints":{"allow":["GET"]}}],"collection":[{"href":"https:\/\/racom.com.pl\/index.php\/wp-json\/wp\/v2\/product"}],"about":[{"href":"https:\/\/racom.com.pl\/index.php\/wp-json\/wp\/v2\/types\/product"}],"replies":[{"embeddable":true,"href":"https:\/\/racom.com.pl\/index.php\/wp-json\/wp\/v2\/comments?post=2002"}],"wp:featuredmedia":[{"embeddable":true,"href":"https:\/\/racom.com.pl\/index.php\/wp-json\/wp\/v2\/media\/2005"}],"wp:attachment":[{"href":"https:\/\/racom.com.pl\/index.php\/wp-json\/wp\/v2\/media?parent=2002"}],"wp:term":[{"taxonomy":"product_brand","embeddable":true,"href":"https:\/\/racom.com.pl\/index.php\/wp-json\/wp\/v2\/product_brand?post=2002"},{"taxonomy":"product_cat","embeddable":true,"href":"https:\/\/racom.com.pl\/index.php\/wp-json\/wp\/v2\/product_cat?post=2002"},{"taxonomy":"product_tag","embeddable":true,"href":"https:\/\/racom.com.pl\/index.php\/wp-json\/wp\/v2\/product_tag?post=2002"}],"curies":[{"name":"wp","href":"https:\/\/api.w.org\/{rel}","templated":true}]}}