{"id":2006,"date":"2025-07-18T21:21:32","date_gmt":"2025-07-18T19:21:32","guid":{"rendered":"http:\/\/192.168.2.106\/index.php\/produkt\/sos-fanex-salsa-mexicana-duza-butelka-1kg-1000-g\/"},"modified":"2025-07-18T21:21:32","modified_gmt":"2025-07-18T19:21:32","slug":"sos-fanex-salsa-mexicana-duza-butelka-1kg-1000-g","status":"publish","type":"product","link":"https:\/\/racom.com.pl\/index.php\/produkt\/sos-fanex-salsa-mexicana-duza-butelka-1kg-1000-g\/","title":{"rendered":"Sos FANEX Salsa Mexicana du\u017ca butelka 1kg \/ 1000 g"},"content":{"rendered":"<h2>Fanex Salsa Mexicana 1kg<\/h2>\n<p>Sos Salsa meksyka\u0144ska&nbsp;od marki Fanex to idealny spos\u00f3b na nud\u0119 w kuchni! Wyczuwalne kawa\u0142ki papryki oraz warzyw wzbogacone ca\u0142\u0105 feeri\u0105 przypraw, zamkni\u0119te w wyj\u0105tkowej konsystencji s\u0105 prawdziw\u0105 uczt\u0105 dla podniebienia i kulinarn\u0105 niespodziank\u0105 dla wielu smakoszy kuchni meksyka\u0144skiej.&nbsp;<b>Salsa meksyka\u0144ska<\/b>&nbsp;od Fanex dost\u0119pny jest teraz w du\u017cej butelce o pojemno\u015bci 1000 gram\u00f3w, wi\u0119c mo\u017cesz mie\u0107 pewno\u015b\u0107, \u017ce nie zabraknie go w Twojej kuchni!<\/p>\n<p>Sos Salsa meksyka\u0144ska&nbsp;pasuje oczywi\u015bcie do da\u0144 kuchni tex-mex, jednak sprawdzi si\u0119 r\u00f3wnie\u017c jako dodatek do ry\u017cu b\u0105d\u017a pieczonych warzyw, a tak\u017ce w formie marynaty do mi\u0119s na grilla. Mo\u017cna wzbogaca\u0107 ni\u0105 sosy sa\u0142atkowe, a tak\u017ce zwyk\u0142e kanapki \u2013 spr\u00f3buj!<\/p>\n<h2>Salsa Mexicana \u2013 meksyka\u0144ska burza ekspresji w Twojej kuchni!<\/h2>\n<p><b>WARTO\u015a\u0106 OD\u017bYWCZA W 100 G<\/b><\/p>\n<ul>\n<li><b>Warto\u015b\u0107 energetyczna:<\/b> 382 kJ | 90 kcal<\/li>\n<li><b>T\u0142uszcze:<\/b> 0,3 g<\/li>\n<li><b>w tym Kwasy t\u0142uszczowe nasycone:<\/b> &lt;0,1 g<\/li>\n<li><b>W\u0119glowodany:<\/b> 20 g<\/li>\n<li><b>w tym Cukry:<\/b> 17 g<\/li>\n<li><b>Bia\u0142ko:<\/b> 1,3 g<\/li>\n<li><b>S\u00f3l:<\/b> 1,9 g<\/li>\n<\/ul>\n","protected":false},"excerpt":{"rendered":"<p>Fanex Salsa Mexicana 1kg Sos Salsa meksyka\u0144ska&nbsp;od marki Fanex to idealny spos\u00f3b na nud\u0119 w kuchni! Wyczuwalne kawa\u0142ki papryki oraz warzyw wzbogacone ca\u0142\u0105 feeri\u0105 przypraw, zamkni\u0119te w wyj\u0105tkowej konsystencji s\u0105 prawdziw\u0105 uczt\u0105 dla podniebienia i kulinarn\u0105 niespodziank\u0105 dla wielu smakoszy kuchni meksyka\u0144skiej.&nbsp;Salsa meksyka\u0144ska&nbsp;od Fanex dost\u0119pny jest teraz w du\u017cej butelce o pojemno\u015bci 1000 gram\u00f3w, wi\u0119c [&hellip;]<\/p>\n","protected":false},"featured_media":2009,"comment_status":"open","ping_status":"closed","template":"","meta":[],"product_brand":[110],"product_cat":[109],"product_tag":[],"class_list":{"0":"post-2006","1":"product","2":"type-product","3":"status-publish","4":"has-post-thumbnail","6":"product_brand-fanex","7":"product_cat-sosy-kanapkowe-i-dressingi","9":"first","10":"instock","11":"taxable","12":"shipping-taxable","13":"purchasable","14":"product-type-simple"},"yoast_head":"<!-- This site is optimized with the Yoast SEO plugin v27.3 - https:\/\/yoast.com\/product\/yoast-seo-wordpress\/ -->\n<title>Sos FANEX Salsa Mexicana du\u017ca butelka 1kg \/ 1000 g - Mix Market - Supermarket z wszystkim co potrzeba<\/title>\n<meta name=\"robots\" content=\"index, follow, max-snippet:-1, max-image-preview:large, max-video-preview:-1\" \/>\n<link rel=\"canonical\" href=\"https:\/\/racom.com.pl\/index.php\/produkt\/sos-fanex-salsa-mexicana-duza-butelka-1kg-1000-g\/\" \/>\n<meta property=\"og:locale\" content=\"pl_PL\" \/>\n<meta property=\"og:type\" content=\"article\" \/>\n<meta property=\"og:title\" content=\"Sos FANEX Salsa Mexicana du\u017ca butelka 1kg \/ 1000 g - Mix Market - Supermarket z wszystkim co potrzeba\" \/>\n<meta property=\"og:description\" content=\"Fanex Salsa Mexicana 1kg Sos Salsa meksyka\u0144ska&nbsp;od marki Fanex to idealny spos\u00f3b na nud\u0119 w kuchni! Wyczuwalne kawa\u0142ki papryki oraz warzyw wzbogacone ca\u0142\u0105 feeri\u0105 przypraw, zamkni\u0119te w wyj\u0105tkowej konsystencji s\u0105 prawdziw\u0105 uczt\u0105 dla podniebienia i kulinarn\u0105 niespodziank\u0105 dla wielu smakoszy kuchni meksyka\u0144skiej.&nbsp;Salsa meksyka\u0144ska&nbsp;od Fanex dost\u0119pny jest teraz w du\u017cej butelce o pojemno\u015bci 1000 gram\u00f3w, wi\u0119c [&hellip;]\" \/>\n<meta property=\"og:url\" content=\"https:\/\/racom.com.pl\/index.php\/produkt\/sos-fanex-salsa-mexicana-duza-butelka-1kg-1000-g\/\" \/>\n<meta property=\"og:site_name\" content=\"Mix Market - Supermarket z wszystkim co potrzeba\" \/>\n<meta property=\"og:image\" content=\"https:\/\/racom.com.pl\/wp-content\/uploads\/2025\/07\/allegro_687a9ed8343cb5.70826456_d720df9540f28d703bb9974682b7.jpg\" \/>\n\t<meta property=\"og:image:width\" content=\"1576\" \/>\n\t<meta property=\"og:image:height\" content=\"1500\" \/>\n\t<meta property=\"og:image:type\" content=\"image\/jpeg\" \/>\n<meta name=\"twitter:card\" content=\"summary_large_image\" \/>\n<meta name=\"twitter:label1\" content=\"Szacowany czas czytania\" \/>\n\t<meta name=\"twitter:data1\" content=\"1 minuta\" \/>\n<script type=\"application\/ld+json\" class=\"yoast-schema-graph\">{\"@context\":\"https:\\\/\\\/schema.org\",\"@graph\":[{\"@type\":\"WebPage\",\"@id\":\"https:\\\/\\\/racom.com.pl\\\/index.php\\\/produkt\\\/sos-fanex-salsa-mexicana-duza-butelka-1kg-1000-g\\\/\",\"url\":\"https:\\\/\\\/racom.com.pl\\\/index.php\\\/produkt\\\/sos-fanex-salsa-mexicana-duza-butelka-1kg-1000-g\\\/\",\"name\":\"Sos FANEX Salsa Mexicana du\u017ca butelka 1kg \\\/ 1000 g - Mix Market - Supermarket z wszystkim co potrzeba\",\"isPartOf\":{\"@id\":\"https:\\\/\\\/racom.com.pl\\\/#website\"},\"primaryImageOfPage\":{\"@id\":\"https:\\\/\\\/racom.com.pl\\\/index.php\\\/produkt\\\/sos-fanex-salsa-mexicana-duza-butelka-1kg-1000-g\\\/#primaryimage\"},\"image\":{\"@id\":\"https:\\\/\\\/racom.com.pl\\\/index.php\\\/produkt\\\/sos-fanex-salsa-mexicana-duza-butelka-1kg-1000-g\\\/#primaryimage\"},\"thumbnailUrl\":\"https:\\\/\\\/racom.com.pl\\\/wp-content\\\/uploads\\\/2025\\\/07\\\/allegro_687a9ed8343cb5.70826456_d720df9540f28d703bb9974682b7.jpg\",\"datePublished\":\"2025-07-18T19:21:32+00:00\",\"breadcrumb\":{\"@id\":\"https:\\\/\\\/racom.com.pl\\\/index.php\\\/produkt\\\/sos-fanex-salsa-mexicana-duza-butelka-1kg-1000-g\\\/#breadcrumb\"},\"inLanguage\":\"pl-PL\",\"potentialAction\":[{\"@type\":\"ReadAction\",\"target\":[\"https:\\\/\\\/racom.com.pl\\\/index.php\\\/produkt\\\/sos-fanex-salsa-mexicana-duza-butelka-1kg-1000-g\\\/\"]}]},{\"@type\":\"ImageObject\",\"inLanguage\":\"pl-PL\",\"@id\":\"https:\\\/\\\/racom.com.pl\\\/index.php\\\/produkt\\\/sos-fanex-salsa-mexicana-duza-butelka-1kg-1000-g\\\/#primaryimage\",\"url\":\"https:\\\/\\\/racom.com.pl\\\/wp-content\\\/uploads\\\/2025\\\/07\\\/allegro_687a9ed8343cb5.70826456_d720df9540f28d703bb9974682b7.jpg\",\"contentUrl\":\"https:\\\/\\\/racom.com.pl\\\/wp-content\\\/uploads\\\/2025\\\/07\\\/allegro_687a9ed8343cb5.70826456_d720df9540f28d703bb9974682b7.jpg\",\"width\":1576,\"height\":1500},{\"@type\":\"BreadcrumbList\",\"@id\":\"https:\\\/\\\/racom.com.pl\\\/index.php\\\/produkt\\\/sos-fanex-salsa-mexicana-duza-butelka-1kg-1000-g\\\/#breadcrumb\",\"itemListElement\":[{\"@type\":\"ListItem\",\"position\":1,\"name\":\"Strona g\u0142\u00f3wna\",\"item\":\"https:\\\/\\\/racom.com.pl\\\/\"},{\"@type\":\"ListItem\",\"position\":2,\"name\":\"Sklep\",\"item\":\"https:\\\/\\\/racom.com.pl\\\/\"},{\"@type\":\"ListItem\",\"position\":3,\"name\":\"Sos FANEX Salsa Mexicana du\u017ca butelka 1kg \\\/ 1000 g\"}]},{\"@type\":\"WebSite\",\"@id\":\"https:\\\/\\\/racom.com.pl\\\/#website\",\"url\":\"https:\\\/\\\/racom.com.pl\\\/\",\"name\":\"Mix Market - Supermarket z wszystkim co potrzeba do domu i nie tylko\",\"description\":\"\",\"publisher\":{\"@id\":\"https:\\\/\\\/racom.com.pl\\\/#organization\"},\"potentialAction\":[{\"@type\":\"SearchAction\",\"target\":{\"@type\":\"EntryPoint\",\"urlTemplate\":\"https:\\\/\\\/racom.com.pl\\\/?s={search_term_string}\"},\"query-input\":{\"@type\":\"PropertyValueSpecification\",\"valueRequired\":true,\"valueName\":\"search_term_string\"}}],\"inLanguage\":\"pl-PL\"},{\"@type\":\"Organization\",\"@id\":\"https:\\\/\\\/racom.com.pl\\\/#organization\",\"name\":\"Mix Market - Supermarket z wszystkim co potrzeba do domu i nie tylko\",\"url\":\"https:\\\/\\\/racom.com.pl\\\/\",\"logo\":{\"@type\":\"ImageObject\",\"inLanguage\":\"pl-PL\",\"@id\":\"https:\\\/\\\/racom.com.pl\\\/#\\\/schema\\\/logo\\\/image\\\/\",\"url\":\"https:\\\/\\\/racom.com.pl\\\/wp-content\\\/uploads\\\/2025\\\/07\\\/mixmarket_logo.png\",\"contentUrl\":\"https:\\\/\\\/racom.com.pl\\\/wp-content\\\/uploads\\\/2025\\\/07\\\/mixmarket_logo.png\",\"width\":1024,\"height\":1024,\"caption\":\"Mix Market - Supermarket z wszystkim co potrzeba do domu i nie tylko\"},\"image\":{\"@id\":\"https:\\\/\\\/racom.com.pl\\\/#\\\/schema\\\/logo\\\/image\\\/\"}}]}<\/script>\n<!-- \/ Yoast SEO plugin. -->","yoast_head_json":{"title":"Sos FANEX Salsa Mexicana du\u017ca butelka 1kg \/ 1000 g - Mix Market - Supermarket z wszystkim co potrzeba","robots":{"index":"index","follow":"follow","max-snippet":"max-snippet:-1","max-image-preview":"max-image-preview:large","max-video-preview":"max-video-preview:-1"},"canonical":"https:\/\/racom.com.pl\/index.php\/produkt\/sos-fanex-salsa-mexicana-duza-butelka-1kg-1000-g\/","og_locale":"pl_PL","og_type":"article","og_title":"Sos FANEX Salsa Mexicana du\u017ca butelka 1kg \/ 1000 g - Mix Market - Supermarket z wszystkim co potrzeba","og_description":"Fanex Salsa Mexicana 1kg Sos Salsa meksyka\u0144ska&nbsp;od marki Fanex to idealny spos\u00f3b na nud\u0119 w kuchni! Wyczuwalne kawa\u0142ki papryki oraz warzyw wzbogacone ca\u0142\u0105 feeri\u0105 przypraw, zamkni\u0119te w wyj\u0105tkowej konsystencji s\u0105 prawdziw\u0105 uczt\u0105 dla podniebienia i kulinarn\u0105 niespodziank\u0105 dla wielu smakoszy kuchni meksyka\u0144skiej.&nbsp;Salsa meksyka\u0144ska&nbsp;od Fanex dost\u0119pny jest teraz w du\u017cej butelce o pojemno\u015bci 1000 gram\u00f3w, wi\u0119c [&hellip;]","og_url":"https:\/\/racom.com.pl\/index.php\/produkt\/sos-fanex-salsa-mexicana-duza-butelka-1kg-1000-g\/","og_site_name":"Mix Market - Supermarket z wszystkim co potrzeba","og_image":[{"width":1576,"height":1500,"url":"https:\/\/racom.com.pl\/wp-content\/uploads\/2025\/07\/allegro_687a9ed8343cb5.70826456_d720df9540f28d703bb9974682b7.jpg","type":"image\/jpeg"}],"twitter_card":"summary_large_image","twitter_misc":{"Szacowany czas czytania":"1 minuta"},"schema":{"@context":"https:\/\/schema.org","@graph":[{"@type":"WebPage","@id":"https:\/\/racom.com.pl\/index.php\/produkt\/sos-fanex-salsa-mexicana-duza-butelka-1kg-1000-g\/","url":"https:\/\/racom.com.pl\/index.php\/produkt\/sos-fanex-salsa-mexicana-duza-butelka-1kg-1000-g\/","name":"Sos FANEX Salsa Mexicana du\u017ca butelka 1kg \/ 1000 g - Mix Market - Supermarket z wszystkim co potrzeba","isPartOf":{"@id":"https:\/\/racom.com.pl\/#website"},"primaryImageOfPage":{"@id":"https:\/\/racom.com.pl\/index.php\/produkt\/sos-fanex-salsa-mexicana-duza-butelka-1kg-1000-g\/#primaryimage"},"image":{"@id":"https:\/\/racom.com.pl\/index.php\/produkt\/sos-fanex-salsa-mexicana-duza-butelka-1kg-1000-g\/#primaryimage"},"thumbnailUrl":"https:\/\/racom.com.pl\/wp-content\/uploads\/2025\/07\/allegro_687a9ed8343cb5.70826456_d720df9540f28d703bb9974682b7.jpg","datePublished":"2025-07-18T19:21:32+00:00","breadcrumb":{"@id":"https:\/\/racom.com.pl\/index.php\/produkt\/sos-fanex-salsa-mexicana-duza-butelka-1kg-1000-g\/#breadcrumb"},"inLanguage":"pl-PL","potentialAction":[{"@type":"ReadAction","target":["https:\/\/racom.com.pl\/index.php\/produkt\/sos-fanex-salsa-mexicana-duza-butelka-1kg-1000-g\/"]}]},{"@type":"ImageObject","inLanguage":"pl-PL","@id":"https:\/\/racom.com.pl\/index.php\/produkt\/sos-fanex-salsa-mexicana-duza-butelka-1kg-1000-g\/#primaryimage","url":"https:\/\/racom.com.pl\/wp-content\/uploads\/2025\/07\/allegro_687a9ed8343cb5.70826456_d720df9540f28d703bb9974682b7.jpg","contentUrl":"https:\/\/racom.com.pl\/wp-content\/uploads\/2025\/07\/allegro_687a9ed8343cb5.70826456_d720df9540f28d703bb9974682b7.jpg","width":1576,"height":1500},{"@type":"BreadcrumbList","@id":"https:\/\/racom.com.pl\/index.php\/produkt\/sos-fanex-salsa-mexicana-duza-butelka-1kg-1000-g\/#breadcrumb","itemListElement":[{"@type":"ListItem","position":1,"name":"Strona g\u0142\u00f3wna","item":"https:\/\/racom.com.pl\/"},{"@type":"ListItem","position":2,"name":"Sklep","item":"https:\/\/racom.com.pl\/"},{"@type":"ListItem","position":3,"name":"Sos FANEX Salsa Mexicana du\u017ca butelka 1kg \/ 1000 g"}]},{"@type":"WebSite","@id":"https:\/\/racom.com.pl\/#website","url":"https:\/\/racom.com.pl\/","name":"Mix Market - Supermarket z wszystkim co potrzeba do domu i nie tylko","description":"","publisher":{"@id":"https:\/\/racom.com.pl\/#organization"},"potentialAction":[{"@type":"SearchAction","target":{"@type":"EntryPoint","urlTemplate":"https:\/\/racom.com.pl\/?s={search_term_string}"},"query-input":{"@type":"PropertyValueSpecification","valueRequired":true,"valueName":"search_term_string"}}],"inLanguage":"pl-PL"},{"@type":"Organization","@id":"https:\/\/racom.com.pl\/#organization","name":"Mix Market - Supermarket z wszystkim co potrzeba do domu i nie tylko","url":"https:\/\/racom.com.pl\/","logo":{"@type":"ImageObject","inLanguage":"pl-PL","@id":"https:\/\/racom.com.pl\/#\/schema\/logo\/image\/","url":"https:\/\/racom.com.pl\/wp-content\/uploads\/2025\/07\/mixmarket_logo.png","contentUrl":"https:\/\/racom.com.pl\/wp-content\/uploads\/2025\/07\/mixmarket_logo.png","width":1024,"height":1024,"caption":"Mix Market - Supermarket z wszystkim co potrzeba do domu i nie tylko"},"image":{"@id":"https:\/\/racom.com.pl\/#\/schema\/logo\/image\/"}}]}},"_links":{"self":[{"href":"https:\/\/racom.com.pl\/index.php\/wp-json\/wp\/v2\/product\/2006","targetHints":{"allow":["GET"]}}],"collection":[{"href":"https:\/\/racom.com.pl\/index.php\/wp-json\/wp\/v2\/product"}],"about":[{"href":"https:\/\/racom.com.pl\/index.php\/wp-json\/wp\/v2\/types\/product"}],"replies":[{"embeddable":true,"href":"https:\/\/racom.com.pl\/index.php\/wp-json\/wp\/v2\/comments?post=2006"}],"wp:featuredmedia":[{"embeddable":true,"href":"https:\/\/racom.com.pl\/index.php\/wp-json\/wp\/v2\/media\/2009"}],"wp:attachment":[{"href":"https:\/\/racom.com.pl\/index.php\/wp-json\/wp\/v2\/media?parent=2006"}],"wp:term":[{"taxonomy":"product_brand","embeddable":true,"href":"https:\/\/racom.com.pl\/index.php\/wp-json\/wp\/v2\/product_brand?post=2006"},{"taxonomy":"product_cat","embeddable":true,"href":"https:\/\/racom.com.pl\/index.php\/wp-json\/wp\/v2\/product_cat?post=2006"},{"taxonomy":"product_tag","embeddable":true,"href":"https:\/\/racom.com.pl\/index.php\/wp-json\/wp\/v2\/product_tag?post=2006"}],"curies":[{"name":"wp","href":"https:\/\/api.w.org\/{rel}","templated":true}]}}