{"id":2010,"date":"2025-07-18T21:22:12","date_gmt":"2025-07-18T19:22:12","guid":{"rendered":"http:\/\/192.168.2.106\/index.php\/produkt\/sok-z-limonki-100-owocow-sok-limonka-bez-dodatkow-rioba-750-ml\/"},"modified":"2025-07-18T21:22:12","modified_gmt":"2025-07-18T19:22:12","slug":"sok-z-limonki-100-owocow-sok-limonka-bez-dodatkow-rioba-750-ml","status":"publish","type":"product","link":"https:\/\/racom.com.pl\/index.php\/produkt\/sok-z-limonki-100-owocow-sok-limonka-bez-dodatkow-rioba-750-ml\/","title":{"rendered":"SOK z LIMONKI 100% owoc\u00f3w SOK LIMONKA bez dodatk\u00f3w RIOBA 750 ml"},"content":{"rendered":"<h2>Sok z Limonki Rioba 750 ml<\/h2>\n<p>Marka Rioba zosta\u0142a stworzona z my\u015bl\u0105 o profesjonalnych kawiarniach, restauracjach oraz barach, dlatego jej produkty s\u0105 jedynie wysokiej klasy. Dost\u0119pne soki to idealny sk\u0142adnik dla ka\u017cdego rodzaju drink\u00f3w i koktajli, nawet tych najbardziej wyszukanych. Stanowi\u0105 r\u00f3wnie\u017c wy\u015bmienity dodatek ciep\u0142ych napoj\u00f3w<\/p>\n<p>Zamiast m\u0119czy\u0107 si\u0119 z wyciskaniem, mamy gotowy czy sok w szklanej butelce, kt\u00f3ry wystarczy tylko wla\u0107.<\/p>\n<p><b>Wstrz\u0105sn\u0105\u0107 przed otwarciem.<\/b><\/p>\n","protected":false},"excerpt":{"rendered":"<p>Sok z Limonki Rioba 750 ml Marka Rioba zosta\u0142a stworzona z my\u015bl\u0105 o profesjonalnych kawiarniach, restauracjach oraz barach, dlatego jej produkty s\u0105 jedynie wysokiej klasy. Dost\u0119pne soki to idealny sk\u0142adnik dla ka\u017cdego rodzaju drink\u00f3w i koktajli, nawet tych najbardziej wyszukanych. Stanowi\u0105 r\u00f3wnie\u017c wy\u015bmienity dodatek ciep\u0142ych napoj\u00f3w Zamiast m\u0119czy\u0107 si\u0119 z wyciskaniem, mamy gotowy czy sok [&hellip;]<\/p>\n","protected":false},"featured_media":2013,"comment_status":"open","ping_status":"closed","template":"","meta":[],"product_brand":[117],"product_cat":[116],"product_tag":[],"class_list":{"0":"post-2010","1":"product","2":"type-product","3":"status-publish","4":"has-post-thumbnail","6":"product_brand-rioba","7":"product_cat-napoje-i-akcesoria","9":"first","10":"instock","11":"taxable","12":"shipping-taxable","13":"purchasable","14":"product-type-simple"},"yoast_head":"<!-- This site is optimized with the Yoast SEO plugin v27.3 - https:\/\/yoast.com\/product\/yoast-seo-wordpress\/ -->\n<title>SOK z LIMONKI 100% owoc\u00f3w SOK LIMONKA bez dodatk\u00f3w RIOBA 750 ml - Mix Market - Supermarket z wszystkim co potrzeba<\/title>\n<meta name=\"robots\" content=\"index, follow, max-snippet:-1, max-image-preview:large, max-video-preview:-1\" \/>\n<link rel=\"canonical\" href=\"https:\/\/racom.com.pl\/index.php\/produkt\/sok-z-limonki-100-owocow-sok-limonka-bez-dodatkow-rioba-750-ml\/\" \/>\n<meta property=\"og:locale\" content=\"pl_PL\" \/>\n<meta property=\"og:type\" content=\"article\" \/>\n<meta property=\"og:title\" content=\"SOK z LIMONKI 100% owoc\u00f3w SOK LIMONKA bez dodatk\u00f3w RIOBA 750 ml - Mix Market - Supermarket z wszystkim co potrzeba\" \/>\n<meta property=\"og:description\" content=\"Sok z Limonki Rioba 750 ml Marka Rioba zosta\u0142a stworzona z my\u015bl\u0105 o profesjonalnych kawiarniach, restauracjach oraz barach, dlatego jej produkty s\u0105 jedynie wysokiej klasy. Dost\u0119pne soki to idealny sk\u0142adnik dla ka\u017cdego rodzaju drink\u00f3w i koktajli, nawet tych najbardziej wyszukanych. Stanowi\u0105 r\u00f3wnie\u017c wy\u015bmienity dodatek ciep\u0142ych napoj\u00f3w Zamiast m\u0119czy\u0107 si\u0119 z wyciskaniem, mamy gotowy czy sok [&hellip;]\" \/>\n<meta property=\"og:url\" content=\"https:\/\/racom.com.pl\/index.php\/produkt\/sok-z-limonki-100-owocow-sok-limonka-bez-dodatkow-rioba-750-ml\/\" \/>\n<meta property=\"og:site_name\" content=\"Mix Market - Supermarket z wszystkim co potrzeba\" \/>\n<meta property=\"og:image\" content=\"https:\/\/racom.com.pl\/wp-content\/uploads\/2025\/07\/allegro_687a9efe0c67e0.48429282_bae9ac784ecd8b2f455b57d035bf.jpg\" \/>\n\t<meta property=\"og:image:width\" content=\"2560\" \/>\n\t<meta property=\"og:image:height\" content=\"2560\" \/>\n\t<meta property=\"og:image:type\" content=\"image\/jpeg\" \/>\n<meta name=\"twitter:card\" content=\"summary_large_image\" \/>\n<script type=\"application\/ld+json\" class=\"yoast-schema-graph\">{\"@context\":\"https:\\\/\\\/schema.org\",\"@graph\":[{\"@type\":\"WebPage\",\"@id\":\"https:\\\/\\\/racom.com.pl\\\/index.php\\\/produkt\\\/sok-z-limonki-100-owocow-sok-limonka-bez-dodatkow-rioba-750-ml\\\/\",\"url\":\"https:\\\/\\\/racom.com.pl\\\/index.php\\\/produkt\\\/sok-z-limonki-100-owocow-sok-limonka-bez-dodatkow-rioba-750-ml\\\/\",\"name\":\"SOK z LIMONKI 100% owoc\u00f3w SOK LIMONKA bez dodatk\u00f3w RIOBA 750 ml - Mix Market - Supermarket z wszystkim co potrzeba\",\"isPartOf\":{\"@id\":\"https:\\\/\\\/racom.com.pl\\\/#website\"},\"primaryImageOfPage\":{\"@id\":\"https:\\\/\\\/racom.com.pl\\\/index.php\\\/produkt\\\/sok-z-limonki-100-owocow-sok-limonka-bez-dodatkow-rioba-750-ml\\\/#primaryimage\"},\"image\":{\"@id\":\"https:\\\/\\\/racom.com.pl\\\/index.php\\\/produkt\\\/sok-z-limonki-100-owocow-sok-limonka-bez-dodatkow-rioba-750-ml\\\/#primaryimage\"},\"thumbnailUrl\":\"https:\\\/\\\/racom.com.pl\\\/wp-content\\\/uploads\\\/2025\\\/07\\\/allegro_687a9efe0c67e0.48429282_bae9ac784ecd8b2f455b57d035bf.jpg\",\"datePublished\":\"2025-07-18T19:22:12+00:00\",\"breadcrumb\":{\"@id\":\"https:\\\/\\\/racom.com.pl\\\/index.php\\\/produkt\\\/sok-z-limonki-100-owocow-sok-limonka-bez-dodatkow-rioba-750-ml\\\/#breadcrumb\"},\"inLanguage\":\"pl-PL\",\"potentialAction\":[{\"@type\":\"ReadAction\",\"target\":[\"https:\\\/\\\/racom.com.pl\\\/index.php\\\/produkt\\\/sok-z-limonki-100-owocow-sok-limonka-bez-dodatkow-rioba-750-ml\\\/\"]}]},{\"@type\":\"ImageObject\",\"inLanguage\":\"pl-PL\",\"@id\":\"https:\\\/\\\/racom.com.pl\\\/index.php\\\/produkt\\\/sok-z-limonki-100-owocow-sok-limonka-bez-dodatkow-rioba-750-ml\\\/#primaryimage\",\"url\":\"https:\\\/\\\/racom.com.pl\\\/wp-content\\\/uploads\\\/2025\\\/07\\\/allegro_687a9efe0c67e0.48429282_bae9ac784ecd8b2f455b57d035bf.jpg\",\"contentUrl\":\"https:\\\/\\\/racom.com.pl\\\/wp-content\\\/uploads\\\/2025\\\/07\\\/allegro_687a9efe0c67e0.48429282_bae9ac784ecd8b2f455b57d035bf.jpg\",\"width\":2560,\"height\":2560},{\"@type\":\"BreadcrumbList\",\"@id\":\"https:\\\/\\\/racom.com.pl\\\/index.php\\\/produkt\\\/sok-z-limonki-100-owocow-sok-limonka-bez-dodatkow-rioba-750-ml\\\/#breadcrumb\",\"itemListElement\":[{\"@type\":\"ListItem\",\"position\":1,\"name\":\"Strona g\u0142\u00f3wna\",\"item\":\"https:\\\/\\\/racom.com.pl\\\/\"},{\"@type\":\"ListItem\",\"position\":2,\"name\":\"Sklep\",\"item\":\"https:\\\/\\\/racom.com.pl\\\/\"},{\"@type\":\"ListItem\",\"position\":3,\"name\":\"SOK z LIMONKI 100% owoc\u00f3w SOK LIMONKA bez dodatk\u00f3w RIOBA 750 ml\"}]},{\"@type\":\"WebSite\",\"@id\":\"https:\\\/\\\/racom.com.pl\\\/#website\",\"url\":\"https:\\\/\\\/racom.com.pl\\\/\",\"name\":\"Mix Market - Supermarket z wszystkim co potrzeba do domu i nie tylko\",\"description\":\"\",\"publisher\":{\"@id\":\"https:\\\/\\\/racom.com.pl\\\/#organization\"},\"potentialAction\":[{\"@type\":\"SearchAction\",\"target\":{\"@type\":\"EntryPoint\",\"urlTemplate\":\"https:\\\/\\\/racom.com.pl\\\/?s={search_term_string}\"},\"query-input\":{\"@type\":\"PropertyValueSpecification\",\"valueRequired\":true,\"valueName\":\"search_term_string\"}}],\"inLanguage\":\"pl-PL\"},{\"@type\":\"Organization\",\"@id\":\"https:\\\/\\\/racom.com.pl\\\/#organization\",\"name\":\"Mix Market - Supermarket z wszystkim co potrzeba do domu i nie tylko\",\"url\":\"https:\\\/\\\/racom.com.pl\\\/\",\"logo\":{\"@type\":\"ImageObject\",\"inLanguage\":\"pl-PL\",\"@id\":\"https:\\\/\\\/racom.com.pl\\\/#\\\/schema\\\/logo\\\/image\\\/\",\"url\":\"https:\\\/\\\/racom.com.pl\\\/wp-content\\\/uploads\\\/2025\\\/07\\\/mixmarket_logo.png\",\"contentUrl\":\"https:\\\/\\\/racom.com.pl\\\/wp-content\\\/uploads\\\/2025\\\/07\\\/mixmarket_logo.png\",\"width\":1024,\"height\":1024,\"caption\":\"Mix Market - Supermarket z wszystkim co potrzeba do domu i nie tylko\"},\"image\":{\"@id\":\"https:\\\/\\\/racom.com.pl\\\/#\\\/schema\\\/logo\\\/image\\\/\"}}]}<\/script>\n<!-- \/ Yoast SEO plugin. -->","yoast_head_json":{"title":"SOK z LIMONKI 100% owoc\u00f3w SOK LIMONKA bez dodatk\u00f3w RIOBA 750 ml - Mix Market - Supermarket z wszystkim co potrzeba","robots":{"index":"index","follow":"follow","max-snippet":"max-snippet:-1","max-image-preview":"max-image-preview:large","max-video-preview":"max-video-preview:-1"},"canonical":"https:\/\/racom.com.pl\/index.php\/produkt\/sok-z-limonki-100-owocow-sok-limonka-bez-dodatkow-rioba-750-ml\/","og_locale":"pl_PL","og_type":"article","og_title":"SOK z LIMONKI 100% owoc\u00f3w SOK LIMONKA bez dodatk\u00f3w RIOBA 750 ml - Mix Market - Supermarket z wszystkim co potrzeba","og_description":"Sok z Limonki Rioba 750 ml Marka Rioba zosta\u0142a stworzona z my\u015bl\u0105 o profesjonalnych kawiarniach, restauracjach oraz barach, dlatego jej produkty s\u0105 jedynie wysokiej klasy. Dost\u0119pne soki to idealny sk\u0142adnik dla ka\u017cdego rodzaju drink\u00f3w i koktajli, nawet tych najbardziej wyszukanych. Stanowi\u0105 r\u00f3wnie\u017c wy\u015bmienity dodatek ciep\u0142ych napoj\u00f3w Zamiast m\u0119czy\u0107 si\u0119 z wyciskaniem, mamy gotowy czy sok [&hellip;]","og_url":"https:\/\/racom.com.pl\/index.php\/produkt\/sok-z-limonki-100-owocow-sok-limonka-bez-dodatkow-rioba-750-ml\/","og_site_name":"Mix Market - Supermarket z wszystkim co potrzeba","og_image":[{"width":2560,"height":2560,"url":"https:\/\/racom.com.pl\/wp-content\/uploads\/2025\/07\/allegro_687a9efe0c67e0.48429282_bae9ac784ecd8b2f455b57d035bf.jpg","type":"image\/jpeg"}],"twitter_card":"summary_large_image","schema":{"@context":"https:\/\/schema.org","@graph":[{"@type":"WebPage","@id":"https:\/\/racom.com.pl\/index.php\/produkt\/sok-z-limonki-100-owocow-sok-limonka-bez-dodatkow-rioba-750-ml\/","url":"https:\/\/racom.com.pl\/index.php\/produkt\/sok-z-limonki-100-owocow-sok-limonka-bez-dodatkow-rioba-750-ml\/","name":"SOK z LIMONKI 100% owoc\u00f3w SOK LIMONKA bez dodatk\u00f3w RIOBA 750 ml - Mix Market - Supermarket z wszystkim co potrzeba","isPartOf":{"@id":"https:\/\/racom.com.pl\/#website"},"primaryImageOfPage":{"@id":"https:\/\/racom.com.pl\/index.php\/produkt\/sok-z-limonki-100-owocow-sok-limonka-bez-dodatkow-rioba-750-ml\/#primaryimage"},"image":{"@id":"https:\/\/racom.com.pl\/index.php\/produkt\/sok-z-limonki-100-owocow-sok-limonka-bez-dodatkow-rioba-750-ml\/#primaryimage"},"thumbnailUrl":"https:\/\/racom.com.pl\/wp-content\/uploads\/2025\/07\/allegro_687a9efe0c67e0.48429282_bae9ac784ecd8b2f455b57d035bf.jpg","datePublished":"2025-07-18T19:22:12+00:00","breadcrumb":{"@id":"https:\/\/racom.com.pl\/index.php\/produkt\/sok-z-limonki-100-owocow-sok-limonka-bez-dodatkow-rioba-750-ml\/#breadcrumb"},"inLanguage":"pl-PL","potentialAction":[{"@type":"ReadAction","target":["https:\/\/racom.com.pl\/index.php\/produkt\/sok-z-limonki-100-owocow-sok-limonka-bez-dodatkow-rioba-750-ml\/"]}]},{"@type":"ImageObject","inLanguage":"pl-PL","@id":"https:\/\/racom.com.pl\/index.php\/produkt\/sok-z-limonki-100-owocow-sok-limonka-bez-dodatkow-rioba-750-ml\/#primaryimage","url":"https:\/\/racom.com.pl\/wp-content\/uploads\/2025\/07\/allegro_687a9efe0c67e0.48429282_bae9ac784ecd8b2f455b57d035bf.jpg","contentUrl":"https:\/\/racom.com.pl\/wp-content\/uploads\/2025\/07\/allegro_687a9efe0c67e0.48429282_bae9ac784ecd8b2f455b57d035bf.jpg","width":2560,"height":2560},{"@type":"BreadcrumbList","@id":"https:\/\/racom.com.pl\/index.php\/produkt\/sok-z-limonki-100-owocow-sok-limonka-bez-dodatkow-rioba-750-ml\/#breadcrumb","itemListElement":[{"@type":"ListItem","position":1,"name":"Strona g\u0142\u00f3wna","item":"https:\/\/racom.com.pl\/"},{"@type":"ListItem","position":2,"name":"Sklep","item":"https:\/\/racom.com.pl\/"},{"@type":"ListItem","position":3,"name":"SOK z LIMONKI 100% owoc\u00f3w SOK LIMONKA bez dodatk\u00f3w RIOBA 750 ml"}]},{"@type":"WebSite","@id":"https:\/\/racom.com.pl\/#website","url":"https:\/\/racom.com.pl\/","name":"Mix Market - Supermarket z wszystkim co potrzeba do domu i nie tylko","description":"","publisher":{"@id":"https:\/\/racom.com.pl\/#organization"},"potentialAction":[{"@type":"SearchAction","target":{"@type":"EntryPoint","urlTemplate":"https:\/\/racom.com.pl\/?s={search_term_string}"},"query-input":{"@type":"PropertyValueSpecification","valueRequired":true,"valueName":"search_term_string"}}],"inLanguage":"pl-PL"},{"@type":"Organization","@id":"https:\/\/racom.com.pl\/#organization","name":"Mix Market - Supermarket z wszystkim co potrzeba do domu i nie tylko","url":"https:\/\/racom.com.pl\/","logo":{"@type":"ImageObject","inLanguage":"pl-PL","@id":"https:\/\/racom.com.pl\/#\/schema\/logo\/image\/","url":"https:\/\/racom.com.pl\/wp-content\/uploads\/2025\/07\/mixmarket_logo.png","contentUrl":"https:\/\/racom.com.pl\/wp-content\/uploads\/2025\/07\/mixmarket_logo.png","width":1024,"height":1024,"caption":"Mix Market - Supermarket z wszystkim co potrzeba do domu i nie tylko"},"image":{"@id":"https:\/\/racom.com.pl\/#\/schema\/logo\/image\/"}}]}},"_links":{"self":[{"href":"https:\/\/racom.com.pl\/index.php\/wp-json\/wp\/v2\/product\/2010","targetHints":{"allow":["GET"]}}],"collection":[{"href":"https:\/\/racom.com.pl\/index.php\/wp-json\/wp\/v2\/product"}],"about":[{"href":"https:\/\/racom.com.pl\/index.php\/wp-json\/wp\/v2\/types\/product"}],"replies":[{"embeddable":true,"href":"https:\/\/racom.com.pl\/index.php\/wp-json\/wp\/v2\/comments?post=2010"}],"wp:featuredmedia":[{"embeddable":true,"href":"https:\/\/racom.com.pl\/index.php\/wp-json\/wp\/v2\/media\/2013"}],"wp:attachment":[{"href":"https:\/\/racom.com.pl\/index.php\/wp-json\/wp\/v2\/media?parent=2010"}],"wp:term":[{"taxonomy":"product_brand","embeddable":true,"href":"https:\/\/racom.com.pl\/index.php\/wp-json\/wp\/v2\/product_brand?post=2010"},{"taxonomy":"product_cat","embeddable":true,"href":"https:\/\/racom.com.pl\/index.php\/wp-json\/wp\/v2\/product_cat?post=2010"},{"taxonomy":"product_tag","embeddable":true,"href":"https:\/\/racom.com.pl\/index.php\/wp-json\/wp\/v2\/product_tag?post=2010"}],"curies":[{"name":"wp","href":"https:\/\/api.w.org\/{rel}","templated":true}]}}