{"id":2020,"date":"2025-07-18T21:23:31","date_gmt":"2025-07-18T19:23:31","guid":{"rendered":"http:\/\/192.168.2.106\/index.php\/produkt\/ketchup-premium-vii-nr-7-fanex-lagodny-pomidorowy-duza-butelka-1100g\/"},"modified":"2025-07-18T21:23:31","modified_gmt":"2025-07-18T19:23:31","slug":"ketchup-premium-vii-nr-7-fanex-lagodny-pomidorowy-duza-butelka-1100g","status":"publish","type":"product","link":"https:\/\/racom.com.pl\/index.php\/produkt\/ketchup-premium-vii-nr-7-fanex-lagodny-pomidorowy-duza-butelka-1100g\/","title":{"rendered":"Ketchup PREMIUM VII nr.7 FANEX \u0141agodny Pomidorowy du\u017ca butelka 1100g"},"content":{"rendered":"<h2>Fanex Ketchup VII Premium 1,1kg<\/h2>\n<h2>Najbardziej rozpoznawalny produkt marki Fanex<\/h2>\n<p><b>Ketchup<\/b>&nbsp;<b>nr VII<\/b>&nbsp;\u2013 to gwarancja wyj\u0105tkowego, niepowtarzalnego smaku. Starannie wyselekcjonowane pomidory i przyprawy sprawiaj\u0105, \u017ce ka\u017cda potrawa z jego dodatkiem nabiera indywidualnego charakteru.&nbsp;<b>Ketchup Fanex<\/b>&nbsp;b\u0119dzie idealnym dope\u0142nieniem smaku nie tylko zapiekanek, kanapek czy pizzy, ale r\u00f3wnie\u017c sos\u00f3w do makaronu czy grillowanych i pieczonych mi\u0119s.<\/p>\n<p>Receptura naszego najs\u0142ynniejszego produktu nie zmienia si\u0119 od lat, a produkcja ketchupu&nbsp;przebiega zgodnie z wy\u015brubowanymi standardami, dostosowanymi do najnowszych przepis\u00f3w i norm. Spr\u00f3buj&nbsp;<b>Ketchupu nr VII<\/b>&nbsp;od Fanexu i poczuj smak, kt\u00f3ry doceniaj\u0105 szefowie kuchni.<\/p>\n<p><b>Ketchup nr VII Fanex &#8211; legenda na Twoim stole<\/b><\/p>\n<p><b>WARTO\u015a\u0106 OD\u017bYWCZA W 100 G<\/b><\/p>\n<ul>\n<li><b>Warto\u015b\u0107 energetyczna:<\/b> 626 kJ | 147 kcal<\/li>\n<li><b>T\u0142uszcze:<\/b> 0,10 g<\/li>\n<li><b>w tym Kwasy t\u0142uszczowe nasycone:<\/b> &lt;0,10 g<\/li>\n<li><b>W\u0119glowodany:<\/b> 34,70 g<\/li>\n<li><b>w tym Cukry:<\/b> 34,70 g<\/li>\n<li><b>Bia\u0142ko:<\/b> 1,90 g<\/li>\n<li><b>S\u00f3l:<\/b> 2,35 g<\/li>\n<\/ul>\n<p><b>\u2705 Sk\u0142adniki<\/b><\/p>\n<p>Koncentrat pomidorowy (78%), woda, cukier, ocet spirytusowy, s\u00f3l, skrobia modyfikowana, mieszanka przypraw, substancje zag\u0119szczaj\u0105ce (guma guar, guma ksantanowa), regulator kwasowo\u015bci (kwas cytrynowy), aromat.<\/p>\n","protected":false},"excerpt":{"rendered":"<p>Fanex Ketchup VII Premium 1,1kg Najbardziej rozpoznawalny produkt marki Fanex Ketchup&nbsp;nr VII&nbsp;\u2013 to gwarancja wyj\u0105tkowego, niepowtarzalnego smaku. Starannie wyselekcjonowane pomidory i przyprawy sprawiaj\u0105, \u017ce ka\u017cda potrawa z jego dodatkiem nabiera indywidualnego charakteru.&nbsp;Ketchup Fanex&nbsp;b\u0119dzie idealnym dope\u0142nieniem smaku nie tylko zapiekanek, kanapek czy pizzy, ale r\u00f3wnie\u017c sos\u00f3w do makaronu czy grillowanych i pieczonych mi\u0119s. Receptura naszego najs\u0142ynniejszego [&hellip;]<\/p>\n","protected":false},"featured_media":2023,"comment_status":"open","ping_status":"closed","template":"","meta":[],"product_brand":[110],"product_cat":[109],"product_tag":[],"class_list":{"0":"post-2020","1":"product","2":"type-product","3":"status-publish","4":"has-post-thumbnail","6":"product_brand-fanex","7":"product_cat-sosy-kanapkowe-i-dressingi","9":"first","10":"instock","11":"taxable","12":"shipping-taxable","13":"purchasable","14":"product-type-simple"},"yoast_head":"<!-- This site is optimized with the Yoast SEO plugin v27.3 - https:\/\/yoast.com\/product\/yoast-seo-wordpress\/ -->\n<title>Ketchup PREMIUM VII nr.7 FANEX \u0141agodny Pomidorowy du\u017ca butelka 1100g - Mix Market - Supermarket z wszystkim co potrzeba<\/title>\n<meta name=\"robots\" content=\"index, follow, max-snippet:-1, max-image-preview:large, max-video-preview:-1\" \/>\n<link rel=\"canonical\" href=\"https:\/\/racom.com.pl\/index.php\/produkt\/ketchup-premium-vii-nr-7-fanex-lagodny-pomidorowy-duza-butelka-1100g\/\" \/>\n<meta property=\"og:locale\" content=\"pl_PL\" \/>\n<meta property=\"og:type\" content=\"article\" \/>\n<meta property=\"og:title\" content=\"Ketchup PREMIUM VII nr.7 FANEX \u0141agodny Pomidorowy du\u017ca butelka 1100g - Mix Market - Supermarket z wszystkim co potrzeba\" \/>\n<meta property=\"og:description\" content=\"Fanex Ketchup VII Premium 1,1kg Najbardziej rozpoznawalny produkt marki Fanex Ketchup&nbsp;nr VII&nbsp;\u2013 to gwarancja wyj\u0105tkowego, niepowtarzalnego smaku. Starannie wyselekcjonowane pomidory i przyprawy sprawiaj\u0105, \u017ce ka\u017cda potrawa z jego dodatkiem nabiera indywidualnego charakteru.&nbsp;Ketchup Fanex&nbsp;b\u0119dzie idealnym dope\u0142nieniem smaku nie tylko zapiekanek, kanapek czy pizzy, ale r\u00f3wnie\u017c sos\u00f3w do makaronu czy grillowanych i pieczonych mi\u0119s. Receptura naszego najs\u0142ynniejszego [&hellip;]\" \/>\n<meta property=\"og:url\" content=\"https:\/\/racom.com.pl\/index.php\/produkt\/ketchup-premium-vii-nr-7-fanex-lagodny-pomidorowy-duza-butelka-1100g\/\" \/>\n<meta property=\"og:site_name\" content=\"Mix Market - Supermarket z wszystkim co potrzeba\" \/>\n<meta property=\"og:image\" content=\"https:\/\/racom.com.pl\/wp-content\/uploads\/2025\/07\/allegro_687a9f4cceafb5.94447829_c941e94a490dade0a114f55c860e.jpg\" \/>\n\t<meta property=\"og:image:width\" content=\"2365\" \/>\n\t<meta property=\"og:image:height\" content=\"2365\" \/>\n\t<meta property=\"og:image:type\" content=\"image\/jpeg\" \/>\n<meta name=\"twitter:card\" content=\"summary_large_image\" \/>\n<meta name=\"twitter:label1\" content=\"Szacowany czas czytania\" \/>\n\t<meta name=\"twitter:data1\" content=\"1 minuta\" \/>\n<script type=\"application\/ld+json\" class=\"yoast-schema-graph\">{\"@context\":\"https:\\\/\\\/schema.org\",\"@graph\":[{\"@type\":\"WebPage\",\"@id\":\"https:\\\/\\\/racom.com.pl\\\/index.php\\\/produkt\\\/ketchup-premium-vii-nr-7-fanex-lagodny-pomidorowy-duza-butelka-1100g\\\/\",\"url\":\"https:\\\/\\\/racom.com.pl\\\/index.php\\\/produkt\\\/ketchup-premium-vii-nr-7-fanex-lagodny-pomidorowy-duza-butelka-1100g\\\/\",\"name\":\"Ketchup PREMIUM VII nr.7 FANEX \u0141agodny Pomidorowy du\u017ca butelka 1100g - Mix Market - Supermarket z wszystkim co potrzeba\",\"isPartOf\":{\"@id\":\"https:\\\/\\\/racom.com.pl\\\/#website\"},\"primaryImageOfPage\":{\"@id\":\"https:\\\/\\\/racom.com.pl\\\/index.php\\\/produkt\\\/ketchup-premium-vii-nr-7-fanex-lagodny-pomidorowy-duza-butelka-1100g\\\/#primaryimage\"},\"image\":{\"@id\":\"https:\\\/\\\/racom.com.pl\\\/index.php\\\/produkt\\\/ketchup-premium-vii-nr-7-fanex-lagodny-pomidorowy-duza-butelka-1100g\\\/#primaryimage\"},\"thumbnailUrl\":\"https:\\\/\\\/racom.com.pl\\\/wp-content\\\/uploads\\\/2025\\\/07\\\/allegro_687a9f4cceafb5.94447829_c941e94a490dade0a114f55c860e.jpg\",\"datePublished\":\"2025-07-18T19:23:31+00:00\",\"breadcrumb\":{\"@id\":\"https:\\\/\\\/racom.com.pl\\\/index.php\\\/produkt\\\/ketchup-premium-vii-nr-7-fanex-lagodny-pomidorowy-duza-butelka-1100g\\\/#breadcrumb\"},\"inLanguage\":\"pl-PL\",\"potentialAction\":[{\"@type\":\"ReadAction\",\"target\":[\"https:\\\/\\\/racom.com.pl\\\/index.php\\\/produkt\\\/ketchup-premium-vii-nr-7-fanex-lagodny-pomidorowy-duza-butelka-1100g\\\/\"]}]},{\"@type\":\"ImageObject\",\"inLanguage\":\"pl-PL\",\"@id\":\"https:\\\/\\\/racom.com.pl\\\/index.php\\\/produkt\\\/ketchup-premium-vii-nr-7-fanex-lagodny-pomidorowy-duza-butelka-1100g\\\/#primaryimage\",\"url\":\"https:\\\/\\\/racom.com.pl\\\/wp-content\\\/uploads\\\/2025\\\/07\\\/allegro_687a9f4cceafb5.94447829_c941e94a490dade0a114f55c860e.jpg\",\"contentUrl\":\"https:\\\/\\\/racom.com.pl\\\/wp-content\\\/uploads\\\/2025\\\/07\\\/allegro_687a9f4cceafb5.94447829_c941e94a490dade0a114f55c860e.jpg\",\"width\":2365,\"height\":2365},{\"@type\":\"BreadcrumbList\",\"@id\":\"https:\\\/\\\/racom.com.pl\\\/index.php\\\/produkt\\\/ketchup-premium-vii-nr-7-fanex-lagodny-pomidorowy-duza-butelka-1100g\\\/#breadcrumb\",\"itemListElement\":[{\"@type\":\"ListItem\",\"position\":1,\"name\":\"Strona g\u0142\u00f3wna\",\"item\":\"https:\\\/\\\/racom.com.pl\\\/\"},{\"@type\":\"ListItem\",\"position\":2,\"name\":\"Sklep\",\"item\":\"https:\\\/\\\/racom.com.pl\\\/\"},{\"@type\":\"ListItem\",\"position\":3,\"name\":\"Ketchup PREMIUM VII nr.7 FANEX \u0141agodny Pomidorowy du\u017ca butelka 1100g\"}]},{\"@type\":\"WebSite\",\"@id\":\"https:\\\/\\\/racom.com.pl\\\/#website\",\"url\":\"https:\\\/\\\/racom.com.pl\\\/\",\"name\":\"Mix Market - Supermarket z wszystkim co potrzeba do domu i nie tylko\",\"description\":\"\",\"publisher\":{\"@id\":\"https:\\\/\\\/racom.com.pl\\\/#organization\"},\"potentialAction\":[{\"@type\":\"SearchAction\",\"target\":{\"@type\":\"EntryPoint\",\"urlTemplate\":\"https:\\\/\\\/racom.com.pl\\\/?s={search_term_string}\"},\"query-input\":{\"@type\":\"PropertyValueSpecification\",\"valueRequired\":true,\"valueName\":\"search_term_string\"}}],\"inLanguage\":\"pl-PL\"},{\"@type\":\"Organization\",\"@id\":\"https:\\\/\\\/racom.com.pl\\\/#organization\",\"name\":\"Mix Market - Supermarket z wszystkim co potrzeba do domu i nie tylko\",\"url\":\"https:\\\/\\\/racom.com.pl\\\/\",\"logo\":{\"@type\":\"ImageObject\",\"inLanguage\":\"pl-PL\",\"@id\":\"https:\\\/\\\/racom.com.pl\\\/#\\\/schema\\\/logo\\\/image\\\/\",\"url\":\"https:\\\/\\\/racom.com.pl\\\/wp-content\\\/uploads\\\/2025\\\/07\\\/mixmarket_logo.png\",\"contentUrl\":\"https:\\\/\\\/racom.com.pl\\\/wp-content\\\/uploads\\\/2025\\\/07\\\/mixmarket_logo.png\",\"width\":1024,\"height\":1024,\"caption\":\"Mix Market - Supermarket z wszystkim co potrzeba do domu i nie tylko\"},\"image\":{\"@id\":\"https:\\\/\\\/racom.com.pl\\\/#\\\/schema\\\/logo\\\/image\\\/\"}}]}<\/script>\n<!-- \/ Yoast SEO plugin. -->","yoast_head_json":{"title":"Ketchup PREMIUM VII nr.7 FANEX \u0141agodny Pomidorowy du\u017ca butelka 1100g - Mix Market - Supermarket z wszystkim co potrzeba","robots":{"index":"index","follow":"follow","max-snippet":"max-snippet:-1","max-image-preview":"max-image-preview:large","max-video-preview":"max-video-preview:-1"},"canonical":"https:\/\/racom.com.pl\/index.php\/produkt\/ketchup-premium-vii-nr-7-fanex-lagodny-pomidorowy-duza-butelka-1100g\/","og_locale":"pl_PL","og_type":"article","og_title":"Ketchup PREMIUM VII nr.7 FANEX \u0141agodny Pomidorowy du\u017ca butelka 1100g - Mix Market - Supermarket z wszystkim co potrzeba","og_description":"Fanex Ketchup VII Premium 1,1kg Najbardziej rozpoznawalny produkt marki Fanex Ketchup&nbsp;nr VII&nbsp;\u2013 to gwarancja wyj\u0105tkowego, niepowtarzalnego smaku. Starannie wyselekcjonowane pomidory i przyprawy sprawiaj\u0105, \u017ce ka\u017cda potrawa z jego dodatkiem nabiera indywidualnego charakteru.&nbsp;Ketchup Fanex&nbsp;b\u0119dzie idealnym dope\u0142nieniem smaku nie tylko zapiekanek, kanapek czy pizzy, ale r\u00f3wnie\u017c sos\u00f3w do makaronu czy grillowanych i pieczonych mi\u0119s. Receptura naszego najs\u0142ynniejszego [&hellip;]","og_url":"https:\/\/racom.com.pl\/index.php\/produkt\/ketchup-premium-vii-nr-7-fanex-lagodny-pomidorowy-duza-butelka-1100g\/","og_site_name":"Mix Market - Supermarket z wszystkim co potrzeba","og_image":[{"width":2365,"height":2365,"url":"https:\/\/racom.com.pl\/wp-content\/uploads\/2025\/07\/allegro_687a9f4cceafb5.94447829_c941e94a490dade0a114f55c860e.jpg","type":"image\/jpeg"}],"twitter_card":"summary_large_image","twitter_misc":{"Szacowany czas czytania":"1 minuta"},"schema":{"@context":"https:\/\/schema.org","@graph":[{"@type":"WebPage","@id":"https:\/\/racom.com.pl\/index.php\/produkt\/ketchup-premium-vii-nr-7-fanex-lagodny-pomidorowy-duza-butelka-1100g\/","url":"https:\/\/racom.com.pl\/index.php\/produkt\/ketchup-premium-vii-nr-7-fanex-lagodny-pomidorowy-duza-butelka-1100g\/","name":"Ketchup PREMIUM VII nr.7 FANEX \u0141agodny Pomidorowy du\u017ca butelka 1100g - Mix Market - Supermarket z wszystkim co potrzeba","isPartOf":{"@id":"https:\/\/racom.com.pl\/#website"},"primaryImageOfPage":{"@id":"https:\/\/racom.com.pl\/index.php\/produkt\/ketchup-premium-vii-nr-7-fanex-lagodny-pomidorowy-duza-butelka-1100g\/#primaryimage"},"image":{"@id":"https:\/\/racom.com.pl\/index.php\/produkt\/ketchup-premium-vii-nr-7-fanex-lagodny-pomidorowy-duza-butelka-1100g\/#primaryimage"},"thumbnailUrl":"https:\/\/racom.com.pl\/wp-content\/uploads\/2025\/07\/allegro_687a9f4cceafb5.94447829_c941e94a490dade0a114f55c860e.jpg","datePublished":"2025-07-18T19:23:31+00:00","breadcrumb":{"@id":"https:\/\/racom.com.pl\/index.php\/produkt\/ketchup-premium-vii-nr-7-fanex-lagodny-pomidorowy-duza-butelka-1100g\/#breadcrumb"},"inLanguage":"pl-PL","potentialAction":[{"@type":"ReadAction","target":["https:\/\/racom.com.pl\/index.php\/produkt\/ketchup-premium-vii-nr-7-fanex-lagodny-pomidorowy-duza-butelka-1100g\/"]}]},{"@type":"ImageObject","inLanguage":"pl-PL","@id":"https:\/\/racom.com.pl\/index.php\/produkt\/ketchup-premium-vii-nr-7-fanex-lagodny-pomidorowy-duza-butelka-1100g\/#primaryimage","url":"https:\/\/racom.com.pl\/wp-content\/uploads\/2025\/07\/allegro_687a9f4cceafb5.94447829_c941e94a490dade0a114f55c860e.jpg","contentUrl":"https:\/\/racom.com.pl\/wp-content\/uploads\/2025\/07\/allegro_687a9f4cceafb5.94447829_c941e94a490dade0a114f55c860e.jpg","width":2365,"height":2365},{"@type":"BreadcrumbList","@id":"https:\/\/racom.com.pl\/index.php\/produkt\/ketchup-premium-vii-nr-7-fanex-lagodny-pomidorowy-duza-butelka-1100g\/#breadcrumb","itemListElement":[{"@type":"ListItem","position":1,"name":"Strona g\u0142\u00f3wna","item":"https:\/\/racom.com.pl\/"},{"@type":"ListItem","position":2,"name":"Sklep","item":"https:\/\/racom.com.pl\/"},{"@type":"ListItem","position":3,"name":"Ketchup PREMIUM VII nr.7 FANEX \u0141agodny Pomidorowy du\u017ca butelka 1100g"}]},{"@type":"WebSite","@id":"https:\/\/racom.com.pl\/#website","url":"https:\/\/racom.com.pl\/","name":"Mix Market - Supermarket z wszystkim co potrzeba do domu i nie tylko","description":"","publisher":{"@id":"https:\/\/racom.com.pl\/#organization"},"potentialAction":[{"@type":"SearchAction","target":{"@type":"EntryPoint","urlTemplate":"https:\/\/racom.com.pl\/?s={search_term_string}"},"query-input":{"@type":"PropertyValueSpecification","valueRequired":true,"valueName":"search_term_string"}}],"inLanguage":"pl-PL"},{"@type":"Organization","@id":"https:\/\/racom.com.pl\/#organization","name":"Mix Market - Supermarket z wszystkim co potrzeba do domu i nie tylko","url":"https:\/\/racom.com.pl\/","logo":{"@type":"ImageObject","inLanguage":"pl-PL","@id":"https:\/\/racom.com.pl\/#\/schema\/logo\/image\/","url":"https:\/\/racom.com.pl\/wp-content\/uploads\/2025\/07\/mixmarket_logo.png","contentUrl":"https:\/\/racom.com.pl\/wp-content\/uploads\/2025\/07\/mixmarket_logo.png","width":1024,"height":1024,"caption":"Mix Market - Supermarket z wszystkim co potrzeba do domu i nie tylko"},"image":{"@id":"https:\/\/racom.com.pl\/#\/schema\/logo\/image\/"}}]}},"_links":{"self":[{"href":"https:\/\/racom.com.pl\/index.php\/wp-json\/wp\/v2\/product\/2020","targetHints":{"allow":["GET"]}}],"collection":[{"href":"https:\/\/racom.com.pl\/index.php\/wp-json\/wp\/v2\/product"}],"about":[{"href":"https:\/\/racom.com.pl\/index.php\/wp-json\/wp\/v2\/types\/product"}],"replies":[{"embeddable":true,"href":"https:\/\/racom.com.pl\/index.php\/wp-json\/wp\/v2\/comments?post=2020"}],"wp:featuredmedia":[{"embeddable":true,"href":"https:\/\/racom.com.pl\/index.php\/wp-json\/wp\/v2\/media\/2023"}],"wp:attachment":[{"href":"https:\/\/racom.com.pl\/index.php\/wp-json\/wp\/v2\/media?parent=2020"}],"wp:term":[{"taxonomy":"product_brand","embeddable":true,"href":"https:\/\/racom.com.pl\/index.php\/wp-json\/wp\/v2\/product_brand?post=2020"},{"taxonomy":"product_cat","embeddable":true,"href":"https:\/\/racom.com.pl\/index.php\/wp-json\/wp\/v2\/product_cat?post=2020"},{"taxonomy":"product_tag","embeddable":true,"href":"https:\/\/racom.com.pl\/index.php\/wp-json\/wp\/v2\/product_tag?post=2020"}],"curies":[{"name":"wp","href":"https:\/\/api.w.org\/{rel}","templated":true}]}}