{"id":2024,"date":"2025-07-18T21:24:10","date_gmt":"2025-07-18T19:24:10","guid":{"rendered":"http:\/\/192.168.2.106\/index.php\/produkt\/tabasco-habanero-sauce-sos-z-papryki-habanero-60-ml\/"},"modified":"2025-07-18T21:24:10","modified_gmt":"2025-07-18T19:24:10","slug":"tabasco-habanero-sauce-sos-z-papryki-habanero-60-ml","status":"publish","type":"product","link":"https:\/\/racom.com.pl\/index.php\/produkt\/tabasco-habanero-sauce-sos-z-papryki-habanero-60-ml\/","title":{"rendered":"Tabasco Habanero Sauce Sos z papryki Habanero 60 ml"},"content":{"rendered":"<h2>SOS TABASCO HABANERO 60ML BARDZO OSTRY<\/h2>\n<p><b>TABASCO\u00ae Brand Pepper Sauce<\/b> &#8211; najostrzejszy z serii sos\u00f3w Tabasco, bazuj\u0105cy na papryce Habanero, uznawanej za najbardziej pikantna odmian\u0119 <b>papryczek chilli<\/b>. Jego ostro\u015b\u0107 jest subtelnie \u0142agodzona wyci\u0105gami z egoztycznych owoc\u00f3w takich jak mango, papaja, banan. Wspaniale wzmacnia i poprawia smak wielu potraw. Nadaje najprostszym daniom niepowtarzalnego charakteru. Idealny dodatek do pizzy, drink\u00f3w, makaron\u00f3w i potraw mi\u0119snych.<\/p>\n<p>Tylko naturalne sk\u0142adniki, <b>bez dodatku konserwant\u00f3w<\/b>. Mo\u017cna pokropi\u0107 nim dos\u0142ownie wszystko \u2013 <b>meksyka\u0144skie i w\u0142oskie dania, owoce morza, kanapki, jajka, a nawet doda\u0107 do drink\u00f3w. \u015awietnie sprawdzi si\u0119 jako dodatek do marynat.<\/b><\/p>\n<p><b>Sk\u0142ad:<\/b> Ocet winny destylowany, <b>papryka Habanero<\/b> 28,4%, cukier trzcinowy, <b>sos Tabasco original<\/b> (ocet destylowany, czerwona papryka, s\u00f3l), s\u00f3l, przecier mango, suszona cebula, przecier bananowy, pasta pomidorowa, przecier tamaryndu, przecier papai, przyprawy, czosnek, pulpa papryki, Tabasco (papryka, s\u00f3l).<\/p>\n<ul>\n<li><b>Pojemno\u015b\u0107:<\/b> 60ml<\/li>\n<\/ul>\n<p><b>Warto\u015bci od\u017cywcze:<\/b><\/p>\n<p>W 100g produktu:<\/p>\n<ul>\n<li>Energia: 419 kJ \/ 100 kcal<\/li>\n<li>T\u0142uszcz: 0 g<\/li>\n<li>w tym kwasy nasycone: 0,1 g<\/li>\n<li>W\u0119glowodany: 23 g<\/li>\n<li>w tym cukry: 21 g<\/li>\n<li>Bia\u0142ko: 1,5 g<\/li>\n<li>S\u00f3l: 6 g<\/li>\n<li>B\u0142onnik: 2,4 g<\/li>\n<\/ul>\n","protected":false},"excerpt":{"rendered":"<p>SOS TABASCO HABANERO 60ML BARDZO OSTRY TABASCO\u00ae Brand Pepper Sauce &#8211; najostrzejszy z serii sos\u00f3w Tabasco, bazuj\u0105cy na papryce Habanero, uznawanej za najbardziej pikantna odmian\u0119 papryczek chilli. Jego ostro\u015b\u0107 jest subtelnie \u0142agodzona wyci\u0105gami z egoztycznych owoc\u00f3w takich jak mango, papaja, banan. Wspaniale wzmacnia i poprawia smak wielu potraw. Nadaje najprostszym daniom niepowtarzalnego charakteru. Idealny dodatek [&hellip;]<\/p>\n","protected":false},"featured_media":2028,"comment_status":"open","ping_status":"closed","template":"","meta":[],"product_brand":[111],"product_cat":[109],"product_tag":[],"class_list":{"0":"post-2024","1":"product","2":"type-product","3":"status-publish","4":"has-post-thumbnail","6":"product_brand-tabasco","7":"product_cat-sosy-kanapkowe-i-dressingi","9":"first","10":"instock","11":"taxable","12":"shipping-taxable","13":"purchasable","14":"product-type-simple"},"yoast_head":"<!-- This site is optimized with the Yoast SEO plugin v27.3 - https:\/\/yoast.com\/product\/yoast-seo-wordpress\/ -->\n<title>Tabasco Habanero Sauce Sos z papryki Habanero 60 ml - Mix Market - Supermarket z wszystkim co potrzeba<\/title>\n<meta name=\"robots\" content=\"index, follow, max-snippet:-1, max-image-preview:large, max-video-preview:-1\" \/>\n<link rel=\"canonical\" href=\"https:\/\/racom.com.pl\/index.php\/produkt\/tabasco-habanero-sauce-sos-z-papryki-habanero-60-ml\/\" \/>\n<meta property=\"og:locale\" content=\"pl_PL\" \/>\n<meta property=\"og:type\" content=\"article\" \/>\n<meta property=\"og:title\" content=\"Tabasco Habanero Sauce Sos z papryki Habanero 60 ml - Mix Market - Supermarket z wszystkim co potrzeba\" \/>\n<meta property=\"og:description\" content=\"SOS TABASCO HABANERO 60ML BARDZO OSTRY TABASCO\u00ae Brand Pepper Sauce &#8211; najostrzejszy z serii sos\u00f3w Tabasco, bazuj\u0105cy na papryce Habanero, uznawanej za najbardziej pikantna odmian\u0119 papryczek chilli. Jego ostro\u015b\u0107 jest subtelnie \u0142agodzona wyci\u0105gami z egoztycznych owoc\u00f3w takich jak mango, papaja, banan. Wspaniale wzmacnia i poprawia smak wielu potraw. Nadaje najprostszym daniom niepowtarzalnego charakteru. Idealny dodatek [&hellip;]\" \/>\n<meta property=\"og:url\" content=\"https:\/\/racom.com.pl\/index.php\/produkt\/tabasco-habanero-sauce-sos-z-papryki-habanero-60-ml\/\" \/>\n<meta property=\"og:site_name\" content=\"Mix Market - Supermarket z wszystkim co potrzeba\" \/>\n<meta property=\"og:image\" content=\"https:\/\/racom.com.pl\/wp-content\/uploads\/2025\/07\/allegro_687a9f7e3f6684.99979983_c36ac0dc482e8d30b3efbc77724d.jpg\" \/>\n\t<meta property=\"og:image:width\" content=\"2365\" \/>\n\t<meta property=\"og:image:height\" content=\"2365\" \/>\n\t<meta property=\"og:image:type\" content=\"image\/jpeg\" \/>\n<meta name=\"twitter:card\" content=\"summary_large_image\" \/>\n<meta name=\"twitter:label1\" content=\"Szacowany czas czytania\" \/>\n\t<meta name=\"twitter:data1\" content=\"1 minuta\" \/>\n<script type=\"application\/ld+json\" class=\"yoast-schema-graph\">{\"@context\":\"https:\\\/\\\/schema.org\",\"@graph\":[{\"@type\":\"WebPage\",\"@id\":\"https:\\\/\\\/racom.com.pl\\\/index.php\\\/produkt\\\/tabasco-habanero-sauce-sos-z-papryki-habanero-60-ml\\\/\",\"url\":\"https:\\\/\\\/racom.com.pl\\\/index.php\\\/produkt\\\/tabasco-habanero-sauce-sos-z-papryki-habanero-60-ml\\\/\",\"name\":\"Tabasco Habanero Sauce Sos z papryki Habanero 60 ml - Mix Market - Supermarket z wszystkim co potrzeba\",\"isPartOf\":{\"@id\":\"https:\\\/\\\/racom.com.pl\\\/#website\"},\"primaryImageOfPage\":{\"@id\":\"https:\\\/\\\/racom.com.pl\\\/index.php\\\/produkt\\\/tabasco-habanero-sauce-sos-z-papryki-habanero-60-ml\\\/#primaryimage\"},\"image\":{\"@id\":\"https:\\\/\\\/racom.com.pl\\\/index.php\\\/produkt\\\/tabasco-habanero-sauce-sos-z-papryki-habanero-60-ml\\\/#primaryimage\"},\"thumbnailUrl\":\"https:\\\/\\\/racom.com.pl\\\/wp-content\\\/uploads\\\/2025\\\/07\\\/allegro_687a9f7e3f6684.99979983_c36ac0dc482e8d30b3efbc77724d.jpg\",\"datePublished\":\"2025-07-18T19:24:10+00:00\",\"breadcrumb\":{\"@id\":\"https:\\\/\\\/racom.com.pl\\\/index.php\\\/produkt\\\/tabasco-habanero-sauce-sos-z-papryki-habanero-60-ml\\\/#breadcrumb\"},\"inLanguage\":\"pl-PL\",\"potentialAction\":[{\"@type\":\"ReadAction\",\"target\":[\"https:\\\/\\\/racom.com.pl\\\/index.php\\\/produkt\\\/tabasco-habanero-sauce-sos-z-papryki-habanero-60-ml\\\/\"]}]},{\"@type\":\"ImageObject\",\"inLanguage\":\"pl-PL\",\"@id\":\"https:\\\/\\\/racom.com.pl\\\/index.php\\\/produkt\\\/tabasco-habanero-sauce-sos-z-papryki-habanero-60-ml\\\/#primaryimage\",\"url\":\"https:\\\/\\\/racom.com.pl\\\/wp-content\\\/uploads\\\/2025\\\/07\\\/allegro_687a9f7e3f6684.99979983_c36ac0dc482e8d30b3efbc77724d.jpg\",\"contentUrl\":\"https:\\\/\\\/racom.com.pl\\\/wp-content\\\/uploads\\\/2025\\\/07\\\/allegro_687a9f7e3f6684.99979983_c36ac0dc482e8d30b3efbc77724d.jpg\",\"width\":2365,\"height\":2365},{\"@type\":\"BreadcrumbList\",\"@id\":\"https:\\\/\\\/racom.com.pl\\\/index.php\\\/produkt\\\/tabasco-habanero-sauce-sos-z-papryki-habanero-60-ml\\\/#breadcrumb\",\"itemListElement\":[{\"@type\":\"ListItem\",\"position\":1,\"name\":\"Strona g\u0142\u00f3wna\",\"item\":\"https:\\\/\\\/racom.com.pl\\\/\"},{\"@type\":\"ListItem\",\"position\":2,\"name\":\"Sklep\",\"item\":\"https:\\\/\\\/racom.com.pl\\\/\"},{\"@type\":\"ListItem\",\"position\":3,\"name\":\"Tabasco Habanero Sauce Sos z papryki Habanero 60 ml\"}]},{\"@type\":\"WebSite\",\"@id\":\"https:\\\/\\\/racom.com.pl\\\/#website\",\"url\":\"https:\\\/\\\/racom.com.pl\\\/\",\"name\":\"Mix Market - Supermarket z wszystkim co potrzeba do domu i nie tylko\",\"description\":\"\",\"publisher\":{\"@id\":\"https:\\\/\\\/racom.com.pl\\\/#organization\"},\"potentialAction\":[{\"@type\":\"SearchAction\",\"target\":{\"@type\":\"EntryPoint\",\"urlTemplate\":\"https:\\\/\\\/racom.com.pl\\\/?s={search_term_string}\"},\"query-input\":{\"@type\":\"PropertyValueSpecification\",\"valueRequired\":true,\"valueName\":\"search_term_string\"}}],\"inLanguage\":\"pl-PL\"},{\"@type\":\"Organization\",\"@id\":\"https:\\\/\\\/racom.com.pl\\\/#organization\",\"name\":\"Mix Market - Supermarket z wszystkim co potrzeba do domu i nie tylko\",\"url\":\"https:\\\/\\\/racom.com.pl\\\/\",\"logo\":{\"@type\":\"ImageObject\",\"inLanguage\":\"pl-PL\",\"@id\":\"https:\\\/\\\/racom.com.pl\\\/#\\\/schema\\\/logo\\\/image\\\/\",\"url\":\"https:\\\/\\\/racom.com.pl\\\/wp-content\\\/uploads\\\/2025\\\/07\\\/mixmarket_logo.png\",\"contentUrl\":\"https:\\\/\\\/racom.com.pl\\\/wp-content\\\/uploads\\\/2025\\\/07\\\/mixmarket_logo.png\",\"width\":1024,\"height\":1024,\"caption\":\"Mix Market - Supermarket z wszystkim co potrzeba do domu i nie tylko\"},\"image\":{\"@id\":\"https:\\\/\\\/racom.com.pl\\\/#\\\/schema\\\/logo\\\/image\\\/\"}}]}<\/script>\n<!-- \/ Yoast SEO plugin. -->","yoast_head_json":{"title":"Tabasco Habanero Sauce Sos z papryki Habanero 60 ml - Mix Market - Supermarket z wszystkim co potrzeba","robots":{"index":"index","follow":"follow","max-snippet":"max-snippet:-1","max-image-preview":"max-image-preview:large","max-video-preview":"max-video-preview:-1"},"canonical":"https:\/\/racom.com.pl\/index.php\/produkt\/tabasco-habanero-sauce-sos-z-papryki-habanero-60-ml\/","og_locale":"pl_PL","og_type":"article","og_title":"Tabasco Habanero Sauce Sos z papryki Habanero 60 ml - Mix Market - Supermarket z wszystkim co potrzeba","og_description":"SOS TABASCO HABANERO 60ML BARDZO OSTRY TABASCO\u00ae Brand Pepper Sauce &#8211; najostrzejszy z serii sos\u00f3w Tabasco, bazuj\u0105cy na papryce Habanero, uznawanej za najbardziej pikantna odmian\u0119 papryczek chilli. Jego ostro\u015b\u0107 jest subtelnie \u0142agodzona wyci\u0105gami z egoztycznych owoc\u00f3w takich jak mango, papaja, banan. Wspaniale wzmacnia i poprawia smak wielu potraw. Nadaje najprostszym daniom niepowtarzalnego charakteru. Idealny dodatek [&hellip;]","og_url":"https:\/\/racom.com.pl\/index.php\/produkt\/tabasco-habanero-sauce-sos-z-papryki-habanero-60-ml\/","og_site_name":"Mix Market - Supermarket z wszystkim co potrzeba","og_image":[{"width":2365,"height":2365,"url":"https:\/\/racom.com.pl\/wp-content\/uploads\/2025\/07\/allegro_687a9f7e3f6684.99979983_c36ac0dc482e8d30b3efbc77724d.jpg","type":"image\/jpeg"}],"twitter_card":"summary_large_image","twitter_misc":{"Szacowany czas czytania":"1 minuta"},"schema":{"@context":"https:\/\/schema.org","@graph":[{"@type":"WebPage","@id":"https:\/\/racom.com.pl\/index.php\/produkt\/tabasco-habanero-sauce-sos-z-papryki-habanero-60-ml\/","url":"https:\/\/racom.com.pl\/index.php\/produkt\/tabasco-habanero-sauce-sos-z-papryki-habanero-60-ml\/","name":"Tabasco Habanero Sauce Sos z papryki Habanero 60 ml - Mix Market - Supermarket z wszystkim co potrzeba","isPartOf":{"@id":"https:\/\/racom.com.pl\/#website"},"primaryImageOfPage":{"@id":"https:\/\/racom.com.pl\/index.php\/produkt\/tabasco-habanero-sauce-sos-z-papryki-habanero-60-ml\/#primaryimage"},"image":{"@id":"https:\/\/racom.com.pl\/index.php\/produkt\/tabasco-habanero-sauce-sos-z-papryki-habanero-60-ml\/#primaryimage"},"thumbnailUrl":"https:\/\/racom.com.pl\/wp-content\/uploads\/2025\/07\/allegro_687a9f7e3f6684.99979983_c36ac0dc482e8d30b3efbc77724d.jpg","datePublished":"2025-07-18T19:24:10+00:00","breadcrumb":{"@id":"https:\/\/racom.com.pl\/index.php\/produkt\/tabasco-habanero-sauce-sos-z-papryki-habanero-60-ml\/#breadcrumb"},"inLanguage":"pl-PL","potentialAction":[{"@type":"ReadAction","target":["https:\/\/racom.com.pl\/index.php\/produkt\/tabasco-habanero-sauce-sos-z-papryki-habanero-60-ml\/"]}]},{"@type":"ImageObject","inLanguage":"pl-PL","@id":"https:\/\/racom.com.pl\/index.php\/produkt\/tabasco-habanero-sauce-sos-z-papryki-habanero-60-ml\/#primaryimage","url":"https:\/\/racom.com.pl\/wp-content\/uploads\/2025\/07\/allegro_687a9f7e3f6684.99979983_c36ac0dc482e8d30b3efbc77724d.jpg","contentUrl":"https:\/\/racom.com.pl\/wp-content\/uploads\/2025\/07\/allegro_687a9f7e3f6684.99979983_c36ac0dc482e8d30b3efbc77724d.jpg","width":2365,"height":2365},{"@type":"BreadcrumbList","@id":"https:\/\/racom.com.pl\/index.php\/produkt\/tabasco-habanero-sauce-sos-z-papryki-habanero-60-ml\/#breadcrumb","itemListElement":[{"@type":"ListItem","position":1,"name":"Strona g\u0142\u00f3wna","item":"https:\/\/racom.com.pl\/"},{"@type":"ListItem","position":2,"name":"Sklep","item":"https:\/\/racom.com.pl\/"},{"@type":"ListItem","position":3,"name":"Tabasco Habanero Sauce Sos z papryki Habanero 60 ml"}]},{"@type":"WebSite","@id":"https:\/\/racom.com.pl\/#website","url":"https:\/\/racom.com.pl\/","name":"Mix Market - Supermarket z wszystkim co potrzeba do domu i nie tylko","description":"","publisher":{"@id":"https:\/\/racom.com.pl\/#organization"},"potentialAction":[{"@type":"SearchAction","target":{"@type":"EntryPoint","urlTemplate":"https:\/\/racom.com.pl\/?s={search_term_string}"},"query-input":{"@type":"PropertyValueSpecification","valueRequired":true,"valueName":"search_term_string"}}],"inLanguage":"pl-PL"},{"@type":"Organization","@id":"https:\/\/racom.com.pl\/#organization","name":"Mix Market - Supermarket z wszystkim co potrzeba do domu i nie tylko","url":"https:\/\/racom.com.pl\/","logo":{"@type":"ImageObject","inLanguage":"pl-PL","@id":"https:\/\/racom.com.pl\/#\/schema\/logo\/image\/","url":"https:\/\/racom.com.pl\/wp-content\/uploads\/2025\/07\/mixmarket_logo.png","contentUrl":"https:\/\/racom.com.pl\/wp-content\/uploads\/2025\/07\/mixmarket_logo.png","width":1024,"height":1024,"caption":"Mix Market - Supermarket z wszystkim co potrzeba do domu i nie tylko"},"image":{"@id":"https:\/\/racom.com.pl\/#\/schema\/logo\/image\/"}}]}},"_links":{"self":[{"href":"https:\/\/racom.com.pl\/index.php\/wp-json\/wp\/v2\/product\/2024","targetHints":{"allow":["GET"]}}],"collection":[{"href":"https:\/\/racom.com.pl\/index.php\/wp-json\/wp\/v2\/product"}],"about":[{"href":"https:\/\/racom.com.pl\/index.php\/wp-json\/wp\/v2\/types\/product"}],"replies":[{"embeddable":true,"href":"https:\/\/racom.com.pl\/index.php\/wp-json\/wp\/v2\/comments?post=2024"}],"wp:featuredmedia":[{"embeddable":true,"href":"https:\/\/racom.com.pl\/index.php\/wp-json\/wp\/v2\/media\/2028"}],"wp:attachment":[{"href":"https:\/\/racom.com.pl\/index.php\/wp-json\/wp\/v2\/media?parent=2024"}],"wp:term":[{"taxonomy":"product_brand","embeddable":true,"href":"https:\/\/racom.com.pl\/index.php\/wp-json\/wp\/v2\/product_brand?post=2024"},{"taxonomy":"product_cat","embeddable":true,"href":"https:\/\/racom.com.pl\/index.php\/wp-json\/wp\/v2\/product_cat?post=2024"},{"taxonomy":"product_tag","embeddable":true,"href":"https:\/\/racom.com.pl\/index.php\/wp-json\/wp\/v2\/product_tag?post=2024"}],"curies":[{"name":"wp","href":"https:\/\/api.w.org\/{rel}","templated":true}]}}