{"id":203,"date":"2025-07-18T17:17:13","date_gmt":"2025-07-18T15:17:13","guid":{"rendered":"http:\/\/192.168.2.106\/index.php\/produkt\/fds6690as-mosfet-uklad-smd-hp-dv5-30v-soic\/"},"modified":"2025-07-18T17:17:13","modified_gmt":"2025-07-18T15:17:13","slug":"fds6690as-mosfet-uklad-smd-hp-dv5-30v-soic","status":"publish","type":"product","link":"https:\/\/racom.com.pl\/index.php\/produkt\/fds6690as-mosfet-uklad-smd-hp-dv5-30v-soic\/","title":{"rendered":"FDS6690AS MOSFET UK\u0141AD SMD HP DV5 30V SOIC"},"content":{"rendered":"<p><b>MOSFET FDS6690AS<\/b><\/p>\n<p>Nowy mosfet stosowany m.in. w laptopach HP DV5 i og\u00f3lnej elektronice.<\/p>\n<ul>\n<li><b>Typ kana\u0142u:<\/b> N<\/li>\n<li><b>Maksymalny ci\u0105g\u0142y pr\u0105d drenu:<\/b> 10 A<\/li>\n<li><b>Maksymalne napi\u0119cie dren-\u017ar\u00f3d\u0142o:<\/b> 30 V<\/li>\n<li><b>Maksymalna rezystancja dren-\u017ar\u00f3d\u0142o:<\/b> 12 m\u03a9<\/li>\n<li><b>Minimalne napi\u0119cie progowe VGS:<\/b> 1V<\/li>\n<li><b>Maksymalne napi\u0119cie bramka-\u017ar\u00f3d\u0142o:<\/b> -20 V, +20 V<\/li>\n<li><b>Typ opakowania:<\/b> SOIC<\/li>\n<li><b>Typ monta\u017cu:<\/b> Monta\u017c powierzchniowy<\/li>\n<li><b>Konfiguracja tranzystora:<\/b> Pojedynczy<\/li>\n<li><b>Liczba styk\u00f3w:<\/b> 8<\/li>\n<li><b>Tryb kana\u0142owy:<\/b> Rozszerzenie<\/li>\n<li><b>Kategoria:<\/b> MOSFET zasilania<\/li>\n<li><b>Maksymalna strata mocy:<\/b> 2,5 W<\/li>\n<li><b>Typowy \u0142adunek bramki przy okre\u015blonym napi\u0119ciu Vgs:<\/b> 16 nC przy 10 V<\/li>\n<li><b>Typowy czas op\u00f3\u017anienia w\u0142\u0105czenia:<\/b> 8 ns<\/li>\n<li><b>Szeroko\u015b\u0107:<\/b> 4mm<\/li>\n<li><b>Liczba element\u00f3w na uk\u0142ad:<\/b> 1<\/li>\n<li><b>Minimalna temperatura robocza:<\/b> -55\u00b0C<\/li>\n<li><b>Wysoko\u015b\u0107:<\/b> 1.5mm<\/li>\n<li><b>Seria:<\/b> PowerTrench, SyncFET<\/li>\n<li><b>Typowa reaktancja pojemno\u015bciowa na wej\u015bciu przy okre\u015blonym napi\u0119ciu Vds:<\/b> 910 pF przy 15 V<\/li>\n<li><b>Maksymalna temperatura robocza:<\/b> +150\u00b0C<\/li>\n<li><b>D\u0142ugo\u015b\u0107:<\/b> 5mm<\/li>\n<li><b>Wymiary:<\/b> 5 x 4 x 1.5mm<\/li>\n<li><b>Typowy czas op\u00f3\u017anienia wy\u0142\u0105czenia:<\/b> 25 ns<\/li>\n<li><b>Materia\u0142 tranzystora:<\/b> Si<\/li>\n<\/ul>\n<p>kod produktu: A037<\/p>\n","protected":false},"excerpt":{"rendered":"<p>MOSFET FDS6690AS Nowy mosfet stosowany m.in. w laptopach HP DV5 i og\u00f3lnej elektronice. Typ kana\u0142u: N Maksymalny ci\u0105g\u0142y pr\u0105d drenu: 10 A Maksymalne napi\u0119cie dren-\u017ar\u00f3d\u0142o: 30 V Maksymalna rezystancja dren-\u017ar\u00f3d\u0142o: 12 m\u03a9 Minimalne napi\u0119cie progowe VGS: 1V Maksymalne napi\u0119cie bramka-\u017ar\u00f3d\u0142o: -20 V, +20 V Typ opakowania: SOIC Typ monta\u017cu: Monta\u017c powierzchniowy Konfiguracja tranzystora: Pojedynczy Liczba [&hellip;]<\/p>\n","protected":false},"featured_media":205,"comment_status":"open","ping_status":"closed","template":"","meta":[],"product_brand":[],"product_cat":[38],"product_tag":[],"class_list":{"0":"post-203","1":"product","2":"type-product","3":"status-publish","4":"has-post-thumbnail","6":"product_cat-czesci-do-laptopow","8":"first","9":"instock","10":"taxable","11":"shipping-taxable","12":"purchasable","13":"product-type-simple"},"yoast_head":"<!-- This site is optimized with the Yoast SEO plugin v27.3 - https:\/\/yoast.com\/product\/yoast-seo-wordpress\/ -->\n<title>FDS6690AS MOSFET UK\u0141AD SMD HP DV5 30V SOIC - Mix Market - Supermarket z wszystkim co potrzeba<\/title>\n<meta name=\"robots\" content=\"index, follow, max-snippet:-1, max-image-preview:large, max-video-preview:-1\" \/>\n<link rel=\"canonical\" href=\"https:\/\/racom.com.pl\/index.php\/produkt\/fds6690as-mosfet-uklad-smd-hp-dv5-30v-soic\/\" \/>\n<meta property=\"og:locale\" content=\"pl_PL\" \/>\n<meta property=\"og:type\" content=\"article\" \/>\n<meta property=\"og:title\" content=\"FDS6690AS MOSFET UK\u0141AD SMD HP DV5 30V SOIC - Mix Market - Supermarket z wszystkim co potrzeba\" \/>\n<meta property=\"og:description\" content=\"MOSFET FDS6690AS Nowy mosfet stosowany m.in. w laptopach HP DV5 i og\u00f3lnej elektronice. Typ kana\u0142u: N Maksymalny ci\u0105g\u0142y pr\u0105d drenu: 10 A Maksymalne napi\u0119cie dren-\u017ar\u00f3d\u0142o: 30 V Maksymalna rezystancja dren-\u017ar\u00f3d\u0142o: 12 m\u03a9 Minimalne napi\u0119cie progowe VGS: 1V Maksymalne napi\u0119cie bramka-\u017ar\u00f3d\u0142o: -20 V, +20 V Typ opakowania: SOIC Typ monta\u017cu: Monta\u017c powierzchniowy Konfiguracja tranzystora: Pojedynczy Liczba [&hellip;]\" \/>\n<meta property=\"og:url\" content=\"https:\/\/racom.com.pl\/index.php\/produkt\/fds6690as-mosfet-uklad-smd-hp-dv5-30v-soic\/\" \/>\n<meta property=\"og:site_name\" content=\"Mix Market - Supermarket z wszystkim co potrzeba\" \/>\n<meta property=\"og:image\" content=\"https:\/\/racom.com.pl\/wp-content\/uploads\/2025\/07\/allegro_687a6580886650.92716814_15b797554773aa2b17390e912d7e.jpg\" \/>\n\t<meta property=\"og:image:width\" content=\"1000\" \/>\n\t<meta property=\"og:image:height\" content=\"1000\" \/>\n\t<meta property=\"og:image:type\" content=\"image\/jpeg\" \/>\n<meta name=\"twitter:card\" content=\"summary_large_image\" \/>\n<meta name=\"twitter:label1\" content=\"Szacowany czas czytania\" \/>\n\t<meta name=\"twitter:data1\" content=\"1 minuta\" \/>\n<script type=\"application\/ld+json\" class=\"yoast-schema-graph\">{\"@context\":\"https:\\\/\\\/schema.org\",\"@graph\":[{\"@type\":\"WebPage\",\"@id\":\"https:\\\/\\\/racom.com.pl\\\/index.php\\\/produkt\\\/fds6690as-mosfet-uklad-smd-hp-dv5-30v-soic\\\/\",\"url\":\"https:\\\/\\\/racom.com.pl\\\/index.php\\\/produkt\\\/fds6690as-mosfet-uklad-smd-hp-dv5-30v-soic\\\/\",\"name\":\"FDS6690AS MOSFET UK\u0141AD SMD HP DV5 30V SOIC - Mix Market - Supermarket z wszystkim co potrzeba\",\"isPartOf\":{\"@id\":\"https:\\\/\\\/racom.com.pl\\\/#website\"},\"primaryImageOfPage\":{\"@id\":\"https:\\\/\\\/racom.com.pl\\\/index.php\\\/produkt\\\/fds6690as-mosfet-uklad-smd-hp-dv5-30v-soic\\\/#primaryimage\"},\"image\":{\"@id\":\"https:\\\/\\\/racom.com.pl\\\/index.php\\\/produkt\\\/fds6690as-mosfet-uklad-smd-hp-dv5-30v-soic\\\/#primaryimage\"},\"thumbnailUrl\":\"https:\\\/\\\/racom.com.pl\\\/wp-content\\\/uploads\\\/2025\\\/07\\\/allegro_687a6580886650.92716814_15b797554773aa2b17390e912d7e.jpg\",\"datePublished\":\"2025-07-18T15:17:13+00:00\",\"breadcrumb\":{\"@id\":\"https:\\\/\\\/racom.com.pl\\\/index.php\\\/produkt\\\/fds6690as-mosfet-uklad-smd-hp-dv5-30v-soic\\\/#breadcrumb\"},\"inLanguage\":\"pl-PL\",\"potentialAction\":[{\"@type\":\"ReadAction\",\"target\":[\"https:\\\/\\\/racom.com.pl\\\/index.php\\\/produkt\\\/fds6690as-mosfet-uklad-smd-hp-dv5-30v-soic\\\/\"]}]},{\"@type\":\"ImageObject\",\"inLanguage\":\"pl-PL\",\"@id\":\"https:\\\/\\\/racom.com.pl\\\/index.php\\\/produkt\\\/fds6690as-mosfet-uklad-smd-hp-dv5-30v-soic\\\/#primaryimage\",\"url\":\"https:\\\/\\\/racom.com.pl\\\/wp-content\\\/uploads\\\/2025\\\/07\\\/allegro_687a6580886650.92716814_15b797554773aa2b17390e912d7e.jpg\",\"contentUrl\":\"https:\\\/\\\/racom.com.pl\\\/wp-content\\\/uploads\\\/2025\\\/07\\\/allegro_687a6580886650.92716814_15b797554773aa2b17390e912d7e.jpg\",\"width\":1000,\"height\":1000},{\"@type\":\"BreadcrumbList\",\"@id\":\"https:\\\/\\\/racom.com.pl\\\/index.php\\\/produkt\\\/fds6690as-mosfet-uklad-smd-hp-dv5-30v-soic\\\/#breadcrumb\",\"itemListElement\":[{\"@type\":\"ListItem\",\"position\":1,\"name\":\"Strona g\u0142\u00f3wna\",\"item\":\"https:\\\/\\\/racom.com.pl\\\/\"},{\"@type\":\"ListItem\",\"position\":2,\"name\":\"Sklep\",\"item\":\"https:\\\/\\\/racom.com.pl\\\/\"},{\"@type\":\"ListItem\",\"position\":3,\"name\":\"FDS6690AS MOSFET UK\u0141AD SMD HP DV5 30V SOIC\"}]},{\"@type\":\"WebSite\",\"@id\":\"https:\\\/\\\/racom.com.pl\\\/#website\",\"url\":\"https:\\\/\\\/racom.com.pl\\\/\",\"name\":\"Mix Market - Supermarket z wszystkim co potrzeba do domu i nie tylko\",\"description\":\"\",\"publisher\":{\"@id\":\"https:\\\/\\\/racom.com.pl\\\/#organization\"},\"potentialAction\":[{\"@type\":\"SearchAction\",\"target\":{\"@type\":\"EntryPoint\",\"urlTemplate\":\"https:\\\/\\\/racom.com.pl\\\/?s={search_term_string}\"},\"query-input\":{\"@type\":\"PropertyValueSpecification\",\"valueRequired\":true,\"valueName\":\"search_term_string\"}}],\"inLanguage\":\"pl-PL\"},{\"@type\":\"Organization\",\"@id\":\"https:\\\/\\\/racom.com.pl\\\/#organization\",\"name\":\"Mix Market - Supermarket z wszystkim co potrzeba do domu i nie tylko\",\"url\":\"https:\\\/\\\/racom.com.pl\\\/\",\"logo\":{\"@type\":\"ImageObject\",\"inLanguage\":\"pl-PL\",\"@id\":\"https:\\\/\\\/racom.com.pl\\\/#\\\/schema\\\/logo\\\/image\\\/\",\"url\":\"https:\\\/\\\/racom.com.pl\\\/wp-content\\\/uploads\\\/2025\\\/07\\\/mixmarket_logo.png\",\"contentUrl\":\"https:\\\/\\\/racom.com.pl\\\/wp-content\\\/uploads\\\/2025\\\/07\\\/mixmarket_logo.png\",\"width\":1024,\"height\":1024,\"caption\":\"Mix Market - Supermarket z wszystkim co potrzeba do domu i nie tylko\"},\"image\":{\"@id\":\"https:\\\/\\\/racom.com.pl\\\/#\\\/schema\\\/logo\\\/image\\\/\"}}]}<\/script>\n<!-- \/ Yoast SEO plugin. -->","yoast_head_json":{"title":"FDS6690AS MOSFET UK\u0141AD SMD HP DV5 30V SOIC - Mix Market - Supermarket z wszystkim co potrzeba","robots":{"index":"index","follow":"follow","max-snippet":"max-snippet:-1","max-image-preview":"max-image-preview:large","max-video-preview":"max-video-preview:-1"},"canonical":"https:\/\/racom.com.pl\/index.php\/produkt\/fds6690as-mosfet-uklad-smd-hp-dv5-30v-soic\/","og_locale":"pl_PL","og_type":"article","og_title":"FDS6690AS MOSFET UK\u0141AD SMD HP DV5 30V SOIC - Mix Market - Supermarket z wszystkim co potrzeba","og_description":"MOSFET FDS6690AS Nowy mosfet stosowany m.in. w laptopach HP DV5 i og\u00f3lnej elektronice. Typ kana\u0142u: N Maksymalny ci\u0105g\u0142y pr\u0105d drenu: 10 A Maksymalne napi\u0119cie dren-\u017ar\u00f3d\u0142o: 30 V Maksymalna rezystancja dren-\u017ar\u00f3d\u0142o: 12 m\u03a9 Minimalne napi\u0119cie progowe VGS: 1V Maksymalne napi\u0119cie bramka-\u017ar\u00f3d\u0142o: -20 V, +20 V Typ opakowania: SOIC Typ monta\u017cu: Monta\u017c powierzchniowy Konfiguracja tranzystora: Pojedynczy Liczba [&hellip;]","og_url":"https:\/\/racom.com.pl\/index.php\/produkt\/fds6690as-mosfet-uklad-smd-hp-dv5-30v-soic\/","og_site_name":"Mix Market - Supermarket z wszystkim co potrzeba","og_image":[{"width":1000,"height":1000,"url":"https:\/\/racom.com.pl\/wp-content\/uploads\/2025\/07\/allegro_687a6580886650.92716814_15b797554773aa2b17390e912d7e.jpg","type":"image\/jpeg"}],"twitter_card":"summary_large_image","twitter_misc":{"Szacowany czas czytania":"1 minuta"},"schema":{"@context":"https:\/\/schema.org","@graph":[{"@type":"WebPage","@id":"https:\/\/racom.com.pl\/index.php\/produkt\/fds6690as-mosfet-uklad-smd-hp-dv5-30v-soic\/","url":"https:\/\/racom.com.pl\/index.php\/produkt\/fds6690as-mosfet-uklad-smd-hp-dv5-30v-soic\/","name":"FDS6690AS MOSFET UK\u0141AD SMD HP DV5 30V SOIC - Mix Market - Supermarket z wszystkim co potrzeba","isPartOf":{"@id":"https:\/\/racom.com.pl\/#website"},"primaryImageOfPage":{"@id":"https:\/\/racom.com.pl\/index.php\/produkt\/fds6690as-mosfet-uklad-smd-hp-dv5-30v-soic\/#primaryimage"},"image":{"@id":"https:\/\/racom.com.pl\/index.php\/produkt\/fds6690as-mosfet-uklad-smd-hp-dv5-30v-soic\/#primaryimage"},"thumbnailUrl":"https:\/\/racom.com.pl\/wp-content\/uploads\/2025\/07\/allegro_687a6580886650.92716814_15b797554773aa2b17390e912d7e.jpg","datePublished":"2025-07-18T15:17:13+00:00","breadcrumb":{"@id":"https:\/\/racom.com.pl\/index.php\/produkt\/fds6690as-mosfet-uklad-smd-hp-dv5-30v-soic\/#breadcrumb"},"inLanguage":"pl-PL","potentialAction":[{"@type":"ReadAction","target":["https:\/\/racom.com.pl\/index.php\/produkt\/fds6690as-mosfet-uklad-smd-hp-dv5-30v-soic\/"]}]},{"@type":"ImageObject","inLanguage":"pl-PL","@id":"https:\/\/racom.com.pl\/index.php\/produkt\/fds6690as-mosfet-uklad-smd-hp-dv5-30v-soic\/#primaryimage","url":"https:\/\/racom.com.pl\/wp-content\/uploads\/2025\/07\/allegro_687a6580886650.92716814_15b797554773aa2b17390e912d7e.jpg","contentUrl":"https:\/\/racom.com.pl\/wp-content\/uploads\/2025\/07\/allegro_687a6580886650.92716814_15b797554773aa2b17390e912d7e.jpg","width":1000,"height":1000},{"@type":"BreadcrumbList","@id":"https:\/\/racom.com.pl\/index.php\/produkt\/fds6690as-mosfet-uklad-smd-hp-dv5-30v-soic\/#breadcrumb","itemListElement":[{"@type":"ListItem","position":1,"name":"Strona g\u0142\u00f3wna","item":"https:\/\/racom.com.pl\/"},{"@type":"ListItem","position":2,"name":"Sklep","item":"https:\/\/racom.com.pl\/"},{"@type":"ListItem","position":3,"name":"FDS6690AS MOSFET UK\u0141AD SMD HP DV5 30V SOIC"}]},{"@type":"WebSite","@id":"https:\/\/racom.com.pl\/#website","url":"https:\/\/racom.com.pl\/","name":"Mix Market - Supermarket z wszystkim co potrzeba do domu i nie tylko","description":"","publisher":{"@id":"https:\/\/racom.com.pl\/#organization"},"potentialAction":[{"@type":"SearchAction","target":{"@type":"EntryPoint","urlTemplate":"https:\/\/racom.com.pl\/?s={search_term_string}"},"query-input":{"@type":"PropertyValueSpecification","valueRequired":true,"valueName":"search_term_string"}}],"inLanguage":"pl-PL"},{"@type":"Organization","@id":"https:\/\/racom.com.pl\/#organization","name":"Mix Market - Supermarket z wszystkim co potrzeba do domu i nie tylko","url":"https:\/\/racom.com.pl\/","logo":{"@type":"ImageObject","inLanguage":"pl-PL","@id":"https:\/\/racom.com.pl\/#\/schema\/logo\/image\/","url":"https:\/\/racom.com.pl\/wp-content\/uploads\/2025\/07\/mixmarket_logo.png","contentUrl":"https:\/\/racom.com.pl\/wp-content\/uploads\/2025\/07\/mixmarket_logo.png","width":1024,"height":1024,"caption":"Mix Market - Supermarket z wszystkim co potrzeba do domu i nie tylko"},"image":{"@id":"https:\/\/racom.com.pl\/#\/schema\/logo\/image\/"}}]}},"_links":{"self":[{"href":"https:\/\/racom.com.pl\/index.php\/wp-json\/wp\/v2\/product\/203","targetHints":{"allow":["GET"]}}],"collection":[{"href":"https:\/\/racom.com.pl\/index.php\/wp-json\/wp\/v2\/product"}],"about":[{"href":"https:\/\/racom.com.pl\/index.php\/wp-json\/wp\/v2\/types\/product"}],"replies":[{"embeddable":true,"href":"https:\/\/racom.com.pl\/index.php\/wp-json\/wp\/v2\/comments?post=203"}],"wp:featuredmedia":[{"embeddable":true,"href":"https:\/\/racom.com.pl\/index.php\/wp-json\/wp\/v2\/media\/205"}],"wp:attachment":[{"href":"https:\/\/racom.com.pl\/index.php\/wp-json\/wp\/v2\/media?parent=203"}],"wp:term":[{"taxonomy":"product_brand","embeddable":true,"href":"https:\/\/racom.com.pl\/index.php\/wp-json\/wp\/v2\/product_brand?post=203"},{"taxonomy":"product_cat","embeddable":true,"href":"https:\/\/racom.com.pl\/index.php\/wp-json\/wp\/v2\/product_cat?post=203"},{"taxonomy":"product_tag","embeddable":true,"href":"https:\/\/racom.com.pl\/index.php\/wp-json\/wp\/v2\/product_tag?post=203"}],"curies":[{"name":"wp","href":"https:\/\/api.w.org\/{rel}","templated":true}]}}