{"id":2036,"date":"2025-07-18T21:26:29","date_gmt":"2025-07-18T19:26:29","guid":{"rendered":"http:\/\/192.168.2.106\/index.php\/produkt\/sos-arabski-ostry-pikantny-fanex-do-kebaba-zapiekanki-burgera-950g\/"},"modified":"2025-07-18T21:26:29","modified_gmt":"2025-07-18T19:26:29","slug":"sos-arabski-ostry-pikantny-fanex-do-kebaba-zapiekanki-burgera-950g","status":"publish","type":"product","link":"https:\/\/racom.com.pl\/index.php\/produkt\/sos-arabski-ostry-pikantny-fanex-do-kebaba-zapiekanki-burgera-950g\/","title":{"rendered":"Sos Arabski ostry pikantny FANEX do KEBABA ZAPIEKANKI BURGERA 950g"},"content":{"rendered":"<h2>FANEX Sos arabski ostry 950 g<\/h2>\n<h2>Pikantny sos arabski &#8211; doskona\u0142y do kebaba!<\/h2>\n<p>Sos arabski ostry&nbsp;od marki Fanex to idealne uzupe\u0142nienie smaku potraw \u2013 zw\u0142aszcza dla fan\u00f3w pikantnych dodatk\u00f3w! Po\u0142\u0105czenie ostrych papryczek i starannie wyselekcjonowanego bukietu przypraw sprawia, \u017ce wyrazisty smak&nbsp;sosu arabskiego&nbsp;zadowoli nawet najbardziej wybrednych, domowych kucharzy.<\/p>\n<p>Sos arabski ostry&nbsp;pasuje wielu da\u0144 kuchni wschodniej \u2013 \u015bwietnie sprawdzi si\u0119 jako dodatek do pieczonej ciecierzycy czy duszonych mi\u0119s. Opr\u00f3cz tego podkre\u015bli smak zwyk\u0142ych sa\u0142atek czy kanapek, a tak\u017ce hot-dog\u00f3w, hamburger\u00f3w, kebaba czy nawet pizzy przygotowanej na spos\u00f3b orientalny. Daj si\u0119 porwa\u0107 nucie ostro\u015bci zamkni\u0119tej w kremowej formule sosu arabskiego&nbsp;Fanex!<\/p>\n<p><b>SK\u0141AD:<\/b><\/p>\n<p>Woda, olej rzepakowy, cukier, ocet spirytusowy, musztarda (woda, ocet, gorczyca, s\u00f3l, cukier), skrobia modyfikowana, przyprawy, s\u00f3l, koncentrat pomidorowy, bia\u0142ka mleka, substancje zag\u0119szczaj\u0105ce (guma guar, guma ksantanowa), substancje konserwuj\u0105ce (benzoesan sodu, sorbinian potasu), aromat, barwnik (ekstrakt z papryki).<\/p>\n<h2>WARTO\u015a\u0106 OD\u017bYWCZA W 100 G<\/h2>\n<ul>\n<li><b>Warto\u015b\u0107 energetyczna:<\/b> 1216 kJ | 295 kcal<\/li>\n<li><b>T\u0142uszcze:<\/b> 27,6 g<\/li>\n<li><b>w tym Kwasy t\u0142uszczowe nasycone:<\/b> 1,9 g<\/li>\n<li><b>W\u0119glowodany:<\/b> 10,3 g<\/li>\n<li><b>w tym Cukry:<\/b> 6,8 g<\/li>\n<li><b>Bia\u0142ko:<\/b> 0,9 g<\/li>\n<li><b>S\u00f3l:<\/b> 1,7 g<\/li>\n<\/ul>\n","protected":false},"excerpt":{"rendered":"<p>FANEX Sos arabski ostry 950 g Pikantny sos arabski &#8211; doskona\u0142y do kebaba! Sos arabski ostry&nbsp;od marki Fanex to idealne uzupe\u0142nienie smaku potraw \u2013 zw\u0142aszcza dla fan\u00f3w pikantnych dodatk\u00f3w! Po\u0142\u0105czenie ostrych papryczek i starannie wyselekcjonowanego bukietu przypraw sprawia, \u017ce wyrazisty smak&nbsp;sosu arabskiego&nbsp;zadowoli nawet najbardziej wybrednych, domowych kucharzy. Sos arabski ostry&nbsp;pasuje wielu da\u0144 kuchni wschodniej \u2013 [&hellip;]<\/p>\n","protected":false},"featured_media":2039,"comment_status":"open","ping_status":"closed","template":"","meta":[],"product_brand":[110],"product_cat":[109],"product_tag":[],"class_list":{"0":"post-2036","1":"product","2":"type-product","3":"status-publish","4":"has-post-thumbnail","6":"product_brand-fanex","7":"product_cat-sosy-kanapkowe-i-dressingi","9":"first","10":"instock","11":"taxable","12":"shipping-taxable","13":"purchasable","14":"product-type-simple"},"yoast_head":"<!-- This site is optimized with the Yoast SEO plugin v27.4 - https:\/\/yoast.com\/product\/yoast-seo-wordpress\/ -->\n<title>Sos Arabski ostry pikantny FANEX do KEBABA ZAPIEKANKI BURGERA 950g - Mix Market - Supermarket z wszystkim co potrzeba<\/title>\n<meta name=\"robots\" content=\"index, follow, max-snippet:-1, max-image-preview:large, max-video-preview:-1\" \/>\n<link rel=\"canonical\" href=\"https:\/\/racom.com.pl\/index.php\/produkt\/sos-arabski-ostry-pikantny-fanex-do-kebaba-zapiekanki-burgera-950g\/\" \/>\n<meta property=\"og:locale\" content=\"pl_PL\" \/>\n<meta property=\"og:type\" content=\"article\" \/>\n<meta property=\"og:title\" content=\"Sos Arabski ostry pikantny FANEX do KEBABA ZAPIEKANKI BURGERA 950g - Mix Market - Supermarket z wszystkim co potrzeba\" \/>\n<meta property=\"og:description\" content=\"FANEX Sos arabski ostry 950 g Pikantny sos arabski &#8211; doskona\u0142y do kebaba! Sos arabski ostry&nbsp;od marki Fanex to idealne uzupe\u0142nienie smaku potraw \u2013 zw\u0142aszcza dla fan\u00f3w pikantnych dodatk\u00f3w! Po\u0142\u0105czenie ostrych papryczek i starannie wyselekcjonowanego bukietu przypraw sprawia, \u017ce wyrazisty smak&nbsp;sosu arabskiego&nbsp;zadowoli nawet najbardziej wybrednych, domowych kucharzy. Sos arabski ostry&nbsp;pasuje wielu da\u0144 kuchni wschodniej \u2013 [&hellip;]\" \/>\n<meta property=\"og:url\" content=\"https:\/\/racom.com.pl\/index.php\/produkt\/sos-arabski-ostry-pikantny-fanex-do-kebaba-zapiekanki-burgera-950g\/\" \/>\n<meta property=\"og:site_name\" content=\"Mix Market - Supermarket z wszystkim co potrzeba\" \/>\n<meta property=\"og:image\" content=\"https:\/\/racom.com.pl\/wp-content\/uploads\/2025\/07\/allegro_687aa00be2e0b2.70735412_655c782d48688c3252c8f76a0b2e.jpg\" \/>\n\t<meta property=\"og:image:width\" content=\"755\" \/>\n\t<meta property=\"og:image:height\" content=\"2560\" \/>\n\t<meta property=\"og:image:type\" content=\"image\/jpeg\" \/>\n<meta name=\"twitter:card\" content=\"summary_large_image\" \/>\n<meta name=\"twitter:label1\" content=\"Szacowany czas czytania\" \/>\n\t<meta name=\"twitter:data1\" content=\"1 minuta\" \/>\n<script type=\"application\/ld+json\" class=\"yoast-schema-graph\">{\"@context\":\"https:\\\/\\\/schema.org\",\"@graph\":[{\"@type\":\"WebPage\",\"@id\":\"https:\\\/\\\/racom.com.pl\\\/index.php\\\/produkt\\\/sos-arabski-ostry-pikantny-fanex-do-kebaba-zapiekanki-burgera-950g\\\/\",\"url\":\"https:\\\/\\\/racom.com.pl\\\/index.php\\\/produkt\\\/sos-arabski-ostry-pikantny-fanex-do-kebaba-zapiekanki-burgera-950g\\\/\",\"name\":\"Sos Arabski ostry pikantny FANEX do KEBABA ZAPIEKANKI BURGERA 950g - Mix Market - Supermarket z wszystkim co potrzeba\",\"isPartOf\":{\"@id\":\"https:\\\/\\\/racom.com.pl\\\/#website\"},\"primaryImageOfPage\":{\"@id\":\"https:\\\/\\\/racom.com.pl\\\/index.php\\\/produkt\\\/sos-arabski-ostry-pikantny-fanex-do-kebaba-zapiekanki-burgera-950g\\\/#primaryimage\"},\"image\":{\"@id\":\"https:\\\/\\\/racom.com.pl\\\/index.php\\\/produkt\\\/sos-arabski-ostry-pikantny-fanex-do-kebaba-zapiekanki-burgera-950g\\\/#primaryimage\"},\"thumbnailUrl\":\"https:\\\/\\\/racom.com.pl\\\/wp-content\\\/uploads\\\/2025\\\/07\\\/allegro_687aa00be2e0b2.70735412_655c782d48688c3252c8f76a0b2e.jpg\",\"datePublished\":\"2025-07-18T19:26:29+00:00\",\"breadcrumb\":{\"@id\":\"https:\\\/\\\/racom.com.pl\\\/index.php\\\/produkt\\\/sos-arabski-ostry-pikantny-fanex-do-kebaba-zapiekanki-burgera-950g\\\/#breadcrumb\"},\"inLanguage\":\"pl-PL\",\"potentialAction\":[{\"@type\":\"ReadAction\",\"target\":[\"https:\\\/\\\/racom.com.pl\\\/index.php\\\/produkt\\\/sos-arabski-ostry-pikantny-fanex-do-kebaba-zapiekanki-burgera-950g\\\/\"]}]},{\"@type\":\"ImageObject\",\"inLanguage\":\"pl-PL\",\"@id\":\"https:\\\/\\\/racom.com.pl\\\/index.php\\\/produkt\\\/sos-arabski-ostry-pikantny-fanex-do-kebaba-zapiekanki-burgera-950g\\\/#primaryimage\",\"url\":\"https:\\\/\\\/racom.com.pl\\\/wp-content\\\/uploads\\\/2025\\\/07\\\/allegro_687aa00be2e0b2.70735412_655c782d48688c3252c8f76a0b2e.jpg\",\"contentUrl\":\"https:\\\/\\\/racom.com.pl\\\/wp-content\\\/uploads\\\/2025\\\/07\\\/allegro_687aa00be2e0b2.70735412_655c782d48688c3252c8f76a0b2e.jpg\",\"width\":755,\"height\":2560},{\"@type\":\"BreadcrumbList\",\"@id\":\"https:\\\/\\\/racom.com.pl\\\/index.php\\\/produkt\\\/sos-arabski-ostry-pikantny-fanex-do-kebaba-zapiekanki-burgera-950g\\\/#breadcrumb\",\"itemListElement\":[{\"@type\":\"ListItem\",\"position\":1,\"name\":\"Strona g\u0142\u00f3wna\",\"item\":\"https:\\\/\\\/racom.com.pl\\\/\"},{\"@type\":\"ListItem\",\"position\":2,\"name\":\"Sklep\",\"item\":\"https:\\\/\\\/racom.com.pl\\\/\"},{\"@type\":\"ListItem\",\"position\":3,\"name\":\"Sos Arabski ostry pikantny FANEX do KEBABA ZAPIEKANKI BURGERA 950g\"}]},{\"@type\":\"WebSite\",\"@id\":\"https:\\\/\\\/racom.com.pl\\\/#website\",\"url\":\"https:\\\/\\\/racom.com.pl\\\/\",\"name\":\"Mix Market - Supermarket z wszystkim co potrzeba do domu i nie tylko\",\"description\":\"\",\"publisher\":{\"@id\":\"https:\\\/\\\/racom.com.pl\\\/#organization\"},\"potentialAction\":[{\"@type\":\"SearchAction\",\"target\":{\"@type\":\"EntryPoint\",\"urlTemplate\":\"https:\\\/\\\/racom.com.pl\\\/?s={search_term_string}\"},\"query-input\":{\"@type\":\"PropertyValueSpecification\",\"valueRequired\":true,\"valueName\":\"search_term_string\"}}],\"inLanguage\":\"pl-PL\"},{\"@type\":\"Organization\",\"@id\":\"https:\\\/\\\/racom.com.pl\\\/#organization\",\"name\":\"Mix Market - Supermarket z wszystkim co potrzeba do domu i nie tylko\",\"url\":\"https:\\\/\\\/racom.com.pl\\\/\",\"logo\":{\"@type\":\"ImageObject\",\"inLanguage\":\"pl-PL\",\"@id\":\"https:\\\/\\\/racom.com.pl\\\/#\\\/schema\\\/logo\\\/image\\\/\",\"url\":\"https:\\\/\\\/racom.com.pl\\\/wp-content\\\/uploads\\\/2025\\\/07\\\/mixmarket_logo.png\",\"contentUrl\":\"https:\\\/\\\/racom.com.pl\\\/wp-content\\\/uploads\\\/2025\\\/07\\\/mixmarket_logo.png\",\"width\":1024,\"height\":1024,\"caption\":\"Mix Market - Supermarket z wszystkim co potrzeba do domu i nie tylko\"},\"image\":{\"@id\":\"https:\\\/\\\/racom.com.pl\\\/#\\\/schema\\\/logo\\\/image\\\/\"}}]}<\/script>\n<!-- \/ Yoast SEO plugin. -->","yoast_head_json":{"title":"Sos Arabski ostry pikantny FANEX do KEBABA ZAPIEKANKI BURGERA 950g - Mix Market - Supermarket z wszystkim co potrzeba","robots":{"index":"index","follow":"follow","max-snippet":"max-snippet:-1","max-image-preview":"max-image-preview:large","max-video-preview":"max-video-preview:-1"},"canonical":"https:\/\/racom.com.pl\/index.php\/produkt\/sos-arabski-ostry-pikantny-fanex-do-kebaba-zapiekanki-burgera-950g\/","og_locale":"pl_PL","og_type":"article","og_title":"Sos Arabski ostry pikantny FANEX do KEBABA ZAPIEKANKI BURGERA 950g - Mix Market - Supermarket z wszystkim co potrzeba","og_description":"FANEX Sos arabski ostry 950 g Pikantny sos arabski &#8211; doskona\u0142y do kebaba! Sos arabski ostry&nbsp;od marki Fanex to idealne uzupe\u0142nienie smaku potraw \u2013 zw\u0142aszcza dla fan\u00f3w pikantnych dodatk\u00f3w! Po\u0142\u0105czenie ostrych papryczek i starannie wyselekcjonowanego bukietu przypraw sprawia, \u017ce wyrazisty smak&nbsp;sosu arabskiego&nbsp;zadowoli nawet najbardziej wybrednych, domowych kucharzy. Sos arabski ostry&nbsp;pasuje wielu da\u0144 kuchni wschodniej \u2013 [&hellip;]","og_url":"https:\/\/racom.com.pl\/index.php\/produkt\/sos-arabski-ostry-pikantny-fanex-do-kebaba-zapiekanki-burgera-950g\/","og_site_name":"Mix Market - Supermarket z wszystkim co potrzeba","og_image":[{"width":755,"height":2560,"url":"https:\/\/racom.com.pl\/wp-content\/uploads\/2025\/07\/allegro_687aa00be2e0b2.70735412_655c782d48688c3252c8f76a0b2e.jpg","type":"image\/jpeg"}],"twitter_card":"summary_large_image","twitter_misc":{"Szacowany czas czytania":"1 minuta"},"schema":{"@context":"https:\/\/schema.org","@graph":[{"@type":"WebPage","@id":"https:\/\/racom.com.pl\/index.php\/produkt\/sos-arabski-ostry-pikantny-fanex-do-kebaba-zapiekanki-burgera-950g\/","url":"https:\/\/racom.com.pl\/index.php\/produkt\/sos-arabski-ostry-pikantny-fanex-do-kebaba-zapiekanki-burgera-950g\/","name":"Sos Arabski ostry pikantny FANEX do KEBABA ZAPIEKANKI BURGERA 950g - Mix Market - Supermarket z wszystkim co potrzeba","isPartOf":{"@id":"https:\/\/racom.com.pl\/#website"},"primaryImageOfPage":{"@id":"https:\/\/racom.com.pl\/index.php\/produkt\/sos-arabski-ostry-pikantny-fanex-do-kebaba-zapiekanki-burgera-950g\/#primaryimage"},"image":{"@id":"https:\/\/racom.com.pl\/index.php\/produkt\/sos-arabski-ostry-pikantny-fanex-do-kebaba-zapiekanki-burgera-950g\/#primaryimage"},"thumbnailUrl":"https:\/\/racom.com.pl\/wp-content\/uploads\/2025\/07\/allegro_687aa00be2e0b2.70735412_655c782d48688c3252c8f76a0b2e.jpg","datePublished":"2025-07-18T19:26:29+00:00","breadcrumb":{"@id":"https:\/\/racom.com.pl\/index.php\/produkt\/sos-arabski-ostry-pikantny-fanex-do-kebaba-zapiekanki-burgera-950g\/#breadcrumb"},"inLanguage":"pl-PL","potentialAction":[{"@type":"ReadAction","target":["https:\/\/racom.com.pl\/index.php\/produkt\/sos-arabski-ostry-pikantny-fanex-do-kebaba-zapiekanki-burgera-950g\/"]}]},{"@type":"ImageObject","inLanguage":"pl-PL","@id":"https:\/\/racom.com.pl\/index.php\/produkt\/sos-arabski-ostry-pikantny-fanex-do-kebaba-zapiekanki-burgera-950g\/#primaryimage","url":"https:\/\/racom.com.pl\/wp-content\/uploads\/2025\/07\/allegro_687aa00be2e0b2.70735412_655c782d48688c3252c8f76a0b2e.jpg","contentUrl":"https:\/\/racom.com.pl\/wp-content\/uploads\/2025\/07\/allegro_687aa00be2e0b2.70735412_655c782d48688c3252c8f76a0b2e.jpg","width":755,"height":2560},{"@type":"BreadcrumbList","@id":"https:\/\/racom.com.pl\/index.php\/produkt\/sos-arabski-ostry-pikantny-fanex-do-kebaba-zapiekanki-burgera-950g\/#breadcrumb","itemListElement":[{"@type":"ListItem","position":1,"name":"Strona g\u0142\u00f3wna","item":"https:\/\/racom.com.pl\/"},{"@type":"ListItem","position":2,"name":"Sklep","item":"https:\/\/racom.com.pl\/"},{"@type":"ListItem","position":3,"name":"Sos Arabski ostry pikantny FANEX do KEBABA ZAPIEKANKI BURGERA 950g"}]},{"@type":"WebSite","@id":"https:\/\/racom.com.pl\/#website","url":"https:\/\/racom.com.pl\/","name":"Mix Market - Supermarket z wszystkim co potrzeba do domu i nie tylko","description":"","publisher":{"@id":"https:\/\/racom.com.pl\/#organization"},"potentialAction":[{"@type":"SearchAction","target":{"@type":"EntryPoint","urlTemplate":"https:\/\/racom.com.pl\/?s={search_term_string}"},"query-input":{"@type":"PropertyValueSpecification","valueRequired":true,"valueName":"search_term_string"}}],"inLanguage":"pl-PL"},{"@type":"Organization","@id":"https:\/\/racom.com.pl\/#organization","name":"Mix Market - Supermarket z wszystkim co potrzeba do domu i nie tylko","url":"https:\/\/racom.com.pl\/","logo":{"@type":"ImageObject","inLanguage":"pl-PL","@id":"https:\/\/racom.com.pl\/#\/schema\/logo\/image\/","url":"https:\/\/racom.com.pl\/wp-content\/uploads\/2025\/07\/mixmarket_logo.png","contentUrl":"https:\/\/racom.com.pl\/wp-content\/uploads\/2025\/07\/mixmarket_logo.png","width":1024,"height":1024,"caption":"Mix Market - Supermarket z wszystkim co potrzeba do domu i nie tylko"},"image":{"@id":"https:\/\/racom.com.pl\/#\/schema\/logo\/image\/"}}]}},"_links":{"self":[{"href":"https:\/\/racom.com.pl\/index.php\/wp-json\/wp\/v2\/product\/2036","targetHints":{"allow":["GET"]}}],"collection":[{"href":"https:\/\/racom.com.pl\/index.php\/wp-json\/wp\/v2\/product"}],"about":[{"href":"https:\/\/racom.com.pl\/index.php\/wp-json\/wp\/v2\/types\/product"}],"replies":[{"embeddable":true,"href":"https:\/\/racom.com.pl\/index.php\/wp-json\/wp\/v2\/comments?post=2036"}],"wp:featuredmedia":[{"embeddable":true,"href":"https:\/\/racom.com.pl\/index.php\/wp-json\/wp\/v2\/media\/2039"}],"wp:attachment":[{"href":"https:\/\/racom.com.pl\/index.php\/wp-json\/wp\/v2\/media?parent=2036"}],"wp:term":[{"taxonomy":"product_brand","embeddable":true,"href":"https:\/\/racom.com.pl\/index.php\/wp-json\/wp\/v2\/product_brand?post=2036"},{"taxonomy":"product_cat","embeddable":true,"href":"https:\/\/racom.com.pl\/index.php\/wp-json\/wp\/v2\/product_cat?post=2036"},{"taxonomy":"product_tag","embeddable":true,"href":"https:\/\/racom.com.pl\/index.php\/wp-json\/wp\/v2\/product_tag?post=2036"}],"curies":[{"name":"wp","href":"https:\/\/api.w.org\/{rel}","templated":true}]}}