{"id":2040,"date":"2025-07-18T21:27:21","date_gmt":"2025-07-18T19:27:21","guid":{"rendered":"http:\/\/192.168.2.106\/index.php\/produkt\/kawa-ziarnista-rioba-espresso-gold-arabica-robusta-80-20-1kg\/"},"modified":"2025-07-18T21:27:21","modified_gmt":"2025-07-18T19:27:21","slug":"kawa-ziarnista-rioba-espresso-gold-arabica-robusta-80-20-1kg","status":"publish","type":"product","link":"https:\/\/racom.com.pl\/index.php\/produkt\/kawa-ziarnista-rioba-espresso-gold-arabica-robusta-80-20-1kg\/","title":{"rendered":"Kawa ziarnista Rioba Espresso Gold Arabica\/Robusta 80\/20 1kg"},"content":{"rendered":"<h2>Kawa ziarnista Rioba GOLD &#8211; 80% Arabica 20% Robusta w najlepszym wydaniu.<\/h2>\n<p><b>Jej aromat b\u0142yskawicznie pobudza zmys\u0142y i sprawia, \u017ce ka\u017cdemu \u0142ykowi towarzyszy chwila odpr\u0119\u017cenia.<\/b><\/p>\n<p>Mieszanka intensywnego aromatu, kombinacja kwasowo\u015bci najbardziej cenionych odmian ziaren <b>Arabica<\/b> i charakterystyczny smak kawy z Centralnej Ameryki, po\u0142\u0105czone z pe\u0142nym bogactwem indyjskiej kawy <b>Robusta.<\/b> Mniej ni\u017c 1,9% kofeiny Smak: Mieszanka intensywnego aromatu, kombinacja kwasowo\u015bci najbardziej cenionych odmian ziaren Arabica i charakterystyczny smak kawy z Centralnej Ameryki, po\u0142\u0105czone z pe\u0142nym bogactwem indyjskiej kawy <b>Robusta. Sk\u0142ad: 80% kawa Arabica, 20%<\/b> kawa Robusta Pochodzenie: <b>Brazylia, Ameryka Centralna i Indie<\/b><\/p>\n<p>Opakowanie zawiera <b>1&nbsp;KG<\/b> palonej ziarnistej kawy.<\/p>\n","protected":false},"excerpt":{"rendered":"<p>Kawa ziarnista Rioba GOLD &#8211; 80% Arabica 20% Robusta w najlepszym wydaniu. Jej aromat b\u0142yskawicznie pobudza zmys\u0142y i sprawia, \u017ce ka\u017cdemu \u0142ykowi towarzyszy chwila odpr\u0119\u017cenia. Mieszanka intensywnego aromatu, kombinacja kwasowo\u015bci najbardziej cenionych odmian ziaren Arabica i charakterystyczny smak kawy z Centralnej Ameryki, po\u0142\u0105czone z pe\u0142nym bogactwem indyjskiej kawy Robusta. Mniej ni\u017c 1,9% kofeiny Smak: Mieszanka [&hellip;]<\/p>\n","protected":false},"featured_media":2043,"comment_status":"open","ping_status":"closed","template":"","meta":[],"product_brand":[117],"product_cat":[119],"product_tag":[],"class_list":{"0":"post-2040","1":"product","2":"type-product","3":"status-publish","4":"has-post-thumbnail","6":"product_brand-rioba","7":"product_cat-kawa","9":"first","10":"instock","11":"taxable","12":"shipping-taxable","13":"purchasable","14":"product-type-simple"},"yoast_head":"<!-- This site is optimized with the Yoast SEO plugin v27.3 - https:\/\/yoast.com\/product\/yoast-seo-wordpress\/ -->\n<title>Kawa ziarnista Rioba Espresso Gold Arabica\/Robusta 80\/20 1kg - Mix Market - Supermarket z wszystkim co potrzeba<\/title>\n<meta name=\"robots\" content=\"index, follow, max-snippet:-1, max-image-preview:large, max-video-preview:-1\" \/>\n<link rel=\"canonical\" href=\"https:\/\/racom.com.pl\/index.php\/produkt\/kawa-ziarnista-rioba-espresso-gold-arabica-robusta-80-20-1kg\/\" \/>\n<meta property=\"og:locale\" content=\"pl_PL\" \/>\n<meta property=\"og:type\" content=\"article\" \/>\n<meta property=\"og:title\" content=\"Kawa ziarnista Rioba Espresso Gold Arabica\/Robusta 80\/20 1kg - Mix Market - Supermarket z wszystkim co potrzeba\" \/>\n<meta property=\"og:description\" content=\"Kawa ziarnista Rioba GOLD &#8211; 80% Arabica 20% Robusta w najlepszym wydaniu. Jej aromat b\u0142yskawicznie pobudza zmys\u0142y i sprawia, \u017ce ka\u017cdemu \u0142ykowi towarzyszy chwila odpr\u0119\u017cenia. Mieszanka intensywnego aromatu, kombinacja kwasowo\u015bci najbardziej cenionych odmian ziaren Arabica i charakterystyczny smak kawy z Centralnej Ameryki, po\u0142\u0105czone z pe\u0142nym bogactwem indyjskiej kawy Robusta. Mniej ni\u017c 1,9% kofeiny Smak: Mieszanka [&hellip;]\" \/>\n<meta property=\"og:url\" content=\"https:\/\/racom.com.pl\/index.php\/produkt\/kawa-ziarnista-rioba-espresso-gold-arabica-robusta-80-20-1kg\/\" \/>\n<meta property=\"og:site_name\" content=\"Mix Market - Supermarket z wszystkim co potrzeba\" \/>\n<meta property=\"og:image\" content=\"https:\/\/racom.com.pl\/wp-content\/uploads\/2025\/07\/allegro_687aa03a44c117.03044095_970e8d52493389370935db97326e.jpg\" \/>\n\t<meta property=\"og:image:width\" content=\"440\" \/>\n\t<meta property=\"og:image:height\" content=\"440\" \/>\n\t<meta property=\"og:image:type\" content=\"image\/jpeg\" \/>\n<meta name=\"twitter:card\" content=\"summary_large_image\" \/>\n<meta name=\"twitter:label1\" content=\"Szacowany czas czytania\" \/>\n\t<meta name=\"twitter:data1\" content=\"1 minuta\" \/>\n<script type=\"application\/ld+json\" class=\"yoast-schema-graph\">{\"@context\":\"https:\\\/\\\/schema.org\",\"@graph\":[{\"@type\":\"WebPage\",\"@id\":\"https:\\\/\\\/racom.com.pl\\\/index.php\\\/produkt\\\/kawa-ziarnista-rioba-espresso-gold-arabica-robusta-80-20-1kg\\\/\",\"url\":\"https:\\\/\\\/racom.com.pl\\\/index.php\\\/produkt\\\/kawa-ziarnista-rioba-espresso-gold-arabica-robusta-80-20-1kg\\\/\",\"name\":\"Kawa ziarnista Rioba Espresso Gold Arabica\\\/Robusta 80\\\/20 1kg - Mix Market - Supermarket z wszystkim co potrzeba\",\"isPartOf\":{\"@id\":\"https:\\\/\\\/racom.com.pl\\\/#website\"},\"primaryImageOfPage\":{\"@id\":\"https:\\\/\\\/racom.com.pl\\\/index.php\\\/produkt\\\/kawa-ziarnista-rioba-espresso-gold-arabica-robusta-80-20-1kg\\\/#primaryimage\"},\"image\":{\"@id\":\"https:\\\/\\\/racom.com.pl\\\/index.php\\\/produkt\\\/kawa-ziarnista-rioba-espresso-gold-arabica-robusta-80-20-1kg\\\/#primaryimage\"},\"thumbnailUrl\":\"https:\\\/\\\/racom.com.pl\\\/wp-content\\\/uploads\\\/2025\\\/07\\\/allegro_687aa03a44c117.03044095_970e8d52493389370935db97326e.jpg\",\"datePublished\":\"2025-07-18T19:27:21+00:00\",\"breadcrumb\":{\"@id\":\"https:\\\/\\\/racom.com.pl\\\/index.php\\\/produkt\\\/kawa-ziarnista-rioba-espresso-gold-arabica-robusta-80-20-1kg\\\/#breadcrumb\"},\"inLanguage\":\"pl-PL\",\"potentialAction\":[{\"@type\":\"ReadAction\",\"target\":[\"https:\\\/\\\/racom.com.pl\\\/index.php\\\/produkt\\\/kawa-ziarnista-rioba-espresso-gold-arabica-robusta-80-20-1kg\\\/\"]}]},{\"@type\":\"ImageObject\",\"inLanguage\":\"pl-PL\",\"@id\":\"https:\\\/\\\/racom.com.pl\\\/index.php\\\/produkt\\\/kawa-ziarnista-rioba-espresso-gold-arabica-robusta-80-20-1kg\\\/#primaryimage\",\"url\":\"https:\\\/\\\/racom.com.pl\\\/wp-content\\\/uploads\\\/2025\\\/07\\\/allegro_687aa03a44c117.03044095_970e8d52493389370935db97326e.jpg\",\"contentUrl\":\"https:\\\/\\\/racom.com.pl\\\/wp-content\\\/uploads\\\/2025\\\/07\\\/allegro_687aa03a44c117.03044095_970e8d52493389370935db97326e.jpg\",\"width\":440,\"height\":440},{\"@type\":\"BreadcrumbList\",\"@id\":\"https:\\\/\\\/racom.com.pl\\\/index.php\\\/produkt\\\/kawa-ziarnista-rioba-espresso-gold-arabica-robusta-80-20-1kg\\\/#breadcrumb\",\"itemListElement\":[{\"@type\":\"ListItem\",\"position\":1,\"name\":\"Strona g\u0142\u00f3wna\",\"item\":\"https:\\\/\\\/racom.com.pl\\\/\"},{\"@type\":\"ListItem\",\"position\":2,\"name\":\"Sklep\",\"item\":\"https:\\\/\\\/racom.com.pl\\\/\"},{\"@type\":\"ListItem\",\"position\":3,\"name\":\"Kawa ziarnista Rioba Espresso Gold Arabica\\\/Robusta 80\\\/20 1kg\"}]},{\"@type\":\"WebSite\",\"@id\":\"https:\\\/\\\/racom.com.pl\\\/#website\",\"url\":\"https:\\\/\\\/racom.com.pl\\\/\",\"name\":\"Mix Market - Supermarket z wszystkim co potrzeba do domu i nie tylko\",\"description\":\"\",\"publisher\":{\"@id\":\"https:\\\/\\\/racom.com.pl\\\/#organization\"},\"potentialAction\":[{\"@type\":\"SearchAction\",\"target\":{\"@type\":\"EntryPoint\",\"urlTemplate\":\"https:\\\/\\\/racom.com.pl\\\/?s={search_term_string}\"},\"query-input\":{\"@type\":\"PropertyValueSpecification\",\"valueRequired\":true,\"valueName\":\"search_term_string\"}}],\"inLanguage\":\"pl-PL\"},{\"@type\":\"Organization\",\"@id\":\"https:\\\/\\\/racom.com.pl\\\/#organization\",\"name\":\"Mix Market - Supermarket z wszystkim co potrzeba do domu i nie tylko\",\"url\":\"https:\\\/\\\/racom.com.pl\\\/\",\"logo\":{\"@type\":\"ImageObject\",\"inLanguage\":\"pl-PL\",\"@id\":\"https:\\\/\\\/racom.com.pl\\\/#\\\/schema\\\/logo\\\/image\\\/\",\"url\":\"https:\\\/\\\/racom.com.pl\\\/wp-content\\\/uploads\\\/2025\\\/07\\\/mixmarket_logo.png\",\"contentUrl\":\"https:\\\/\\\/racom.com.pl\\\/wp-content\\\/uploads\\\/2025\\\/07\\\/mixmarket_logo.png\",\"width\":1024,\"height\":1024,\"caption\":\"Mix Market - Supermarket z wszystkim co potrzeba do domu i nie tylko\"},\"image\":{\"@id\":\"https:\\\/\\\/racom.com.pl\\\/#\\\/schema\\\/logo\\\/image\\\/\"}}]}<\/script>\n<!-- \/ Yoast SEO plugin. -->","yoast_head_json":{"title":"Kawa ziarnista Rioba Espresso Gold Arabica\/Robusta 80\/20 1kg - Mix Market - Supermarket z wszystkim co potrzeba","robots":{"index":"index","follow":"follow","max-snippet":"max-snippet:-1","max-image-preview":"max-image-preview:large","max-video-preview":"max-video-preview:-1"},"canonical":"https:\/\/racom.com.pl\/index.php\/produkt\/kawa-ziarnista-rioba-espresso-gold-arabica-robusta-80-20-1kg\/","og_locale":"pl_PL","og_type":"article","og_title":"Kawa ziarnista Rioba Espresso Gold Arabica\/Robusta 80\/20 1kg - Mix Market - Supermarket z wszystkim co potrzeba","og_description":"Kawa ziarnista Rioba GOLD &#8211; 80% Arabica 20% Robusta w najlepszym wydaniu. Jej aromat b\u0142yskawicznie pobudza zmys\u0142y i sprawia, \u017ce ka\u017cdemu \u0142ykowi towarzyszy chwila odpr\u0119\u017cenia. Mieszanka intensywnego aromatu, kombinacja kwasowo\u015bci najbardziej cenionych odmian ziaren Arabica i charakterystyczny smak kawy z Centralnej Ameryki, po\u0142\u0105czone z pe\u0142nym bogactwem indyjskiej kawy Robusta. Mniej ni\u017c 1,9% kofeiny Smak: Mieszanka [&hellip;]","og_url":"https:\/\/racom.com.pl\/index.php\/produkt\/kawa-ziarnista-rioba-espresso-gold-arabica-robusta-80-20-1kg\/","og_site_name":"Mix Market - Supermarket z wszystkim co potrzeba","og_image":[{"width":440,"height":440,"url":"https:\/\/racom.com.pl\/wp-content\/uploads\/2025\/07\/allegro_687aa03a44c117.03044095_970e8d52493389370935db97326e.jpg","type":"image\/jpeg"}],"twitter_card":"summary_large_image","twitter_misc":{"Szacowany czas czytania":"1 minuta"},"schema":{"@context":"https:\/\/schema.org","@graph":[{"@type":"WebPage","@id":"https:\/\/racom.com.pl\/index.php\/produkt\/kawa-ziarnista-rioba-espresso-gold-arabica-robusta-80-20-1kg\/","url":"https:\/\/racom.com.pl\/index.php\/produkt\/kawa-ziarnista-rioba-espresso-gold-arabica-robusta-80-20-1kg\/","name":"Kawa ziarnista Rioba Espresso Gold Arabica\/Robusta 80\/20 1kg - Mix Market - Supermarket z wszystkim co potrzeba","isPartOf":{"@id":"https:\/\/racom.com.pl\/#website"},"primaryImageOfPage":{"@id":"https:\/\/racom.com.pl\/index.php\/produkt\/kawa-ziarnista-rioba-espresso-gold-arabica-robusta-80-20-1kg\/#primaryimage"},"image":{"@id":"https:\/\/racom.com.pl\/index.php\/produkt\/kawa-ziarnista-rioba-espresso-gold-arabica-robusta-80-20-1kg\/#primaryimage"},"thumbnailUrl":"https:\/\/racom.com.pl\/wp-content\/uploads\/2025\/07\/allegro_687aa03a44c117.03044095_970e8d52493389370935db97326e.jpg","datePublished":"2025-07-18T19:27:21+00:00","breadcrumb":{"@id":"https:\/\/racom.com.pl\/index.php\/produkt\/kawa-ziarnista-rioba-espresso-gold-arabica-robusta-80-20-1kg\/#breadcrumb"},"inLanguage":"pl-PL","potentialAction":[{"@type":"ReadAction","target":["https:\/\/racom.com.pl\/index.php\/produkt\/kawa-ziarnista-rioba-espresso-gold-arabica-robusta-80-20-1kg\/"]}]},{"@type":"ImageObject","inLanguage":"pl-PL","@id":"https:\/\/racom.com.pl\/index.php\/produkt\/kawa-ziarnista-rioba-espresso-gold-arabica-robusta-80-20-1kg\/#primaryimage","url":"https:\/\/racom.com.pl\/wp-content\/uploads\/2025\/07\/allegro_687aa03a44c117.03044095_970e8d52493389370935db97326e.jpg","contentUrl":"https:\/\/racom.com.pl\/wp-content\/uploads\/2025\/07\/allegro_687aa03a44c117.03044095_970e8d52493389370935db97326e.jpg","width":440,"height":440},{"@type":"BreadcrumbList","@id":"https:\/\/racom.com.pl\/index.php\/produkt\/kawa-ziarnista-rioba-espresso-gold-arabica-robusta-80-20-1kg\/#breadcrumb","itemListElement":[{"@type":"ListItem","position":1,"name":"Strona g\u0142\u00f3wna","item":"https:\/\/racom.com.pl\/"},{"@type":"ListItem","position":2,"name":"Sklep","item":"https:\/\/racom.com.pl\/"},{"@type":"ListItem","position":3,"name":"Kawa ziarnista Rioba Espresso Gold Arabica\/Robusta 80\/20 1kg"}]},{"@type":"WebSite","@id":"https:\/\/racom.com.pl\/#website","url":"https:\/\/racom.com.pl\/","name":"Mix Market - Supermarket z wszystkim co potrzeba do domu i nie tylko","description":"","publisher":{"@id":"https:\/\/racom.com.pl\/#organization"},"potentialAction":[{"@type":"SearchAction","target":{"@type":"EntryPoint","urlTemplate":"https:\/\/racom.com.pl\/?s={search_term_string}"},"query-input":{"@type":"PropertyValueSpecification","valueRequired":true,"valueName":"search_term_string"}}],"inLanguage":"pl-PL"},{"@type":"Organization","@id":"https:\/\/racom.com.pl\/#organization","name":"Mix Market - Supermarket z wszystkim co potrzeba do domu i nie tylko","url":"https:\/\/racom.com.pl\/","logo":{"@type":"ImageObject","inLanguage":"pl-PL","@id":"https:\/\/racom.com.pl\/#\/schema\/logo\/image\/","url":"https:\/\/racom.com.pl\/wp-content\/uploads\/2025\/07\/mixmarket_logo.png","contentUrl":"https:\/\/racom.com.pl\/wp-content\/uploads\/2025\/07\/mixmarket_logo.png","width":1024,"height":1024,"caption":"Mix Market - Supermarket z wszystkim co potrzeba do domu i nie tylko"},"image":{"@id":"https:\/\/racom.com.pl\/#\/schema\/logo\/image\/"}}]}},"_links":{"self":[{"href":"https:\/\/racom.com.pl\/index.php\/wp-json\/wp\/v2\/product\/2040","targetHints":{"allow":["GET"]}}],"collection":[{"href":"https:\/\/racom.com.pl\/index.php\/wp-json\/wp\/v2\/product"}],"about":[{"href":"https:\/\/racom.com.pl\/index.php\/wp-json\/wp\/v2\/types\/product"}],"replies":[{"embeddable":true,"href":"https:\/\/racom.com.pl\/index.php\/wp-json\/wp\/v2\/comments?post=2040"}],"wp:featuredmedia":[{"embeddable":true,"href":"https:\/\/racom.com.pl\/index.php\/wp-json\/wp\/v2\/media\/2043"}],"wp:attachment":[{"href":"https:\/\/racom.com.pl\/index.php\/wp-json\/wp\/v2\/media?parent=2040"}],"wp:term":[{"taxonomy":"product_brand","embeddable":true,"href":"https:\/\/racom.com.pl\/index.php\/wp-json\/wp\/v2\/product_brand?post=2040"},{"taxonomy":"product_cat","embeddable":true,"href":"https:\/\/racom.com.pl\/index.php\/wp-json\/wp\/v2\/product_cat?post=2040"},{"taxonomy":"product_tag","embeddable":true,"href":"https:\/\/racom.com.pl\/index.php\/wp-json\/wp\/v2\/product_tag?post=2040"}],"curies":[{"name":"wp","href":"https:\/\/api.w.org\/{rel}","templated":true}]}}