{"id":2052,"date":"2025-07-18T21:30:06","date_gmt":"2025-07-18T19:30:06","guid":{"rendered":"http:\/\/192.168.2.106\/index.php\/produkt\/rioba-miod-w-saszetkach-50szt-x-15g-naturalny-pszczeli-750g\/"},"modified":"2025-07-18T21:30:06","modified_gmt":"2025-07-18T19:30:06","slug":"rioba-miod-w-saszetkach-50szt-x-15g-naturalny-pszczeli-750g","status":"publish","type":"product","link":"https:\/\/racom.com.pl\/index.php\/produkt\/rioba-miod-w-saszetkach-50szt-x-15g-naturalny-pszczeli-750g\/","title":{"rendered":"RIOBA Mi\u00f3d w saszetkach 50szt x 15g Naturalny pszczeli 750g"},"content":{"rendered":"<h2>Mi\u00f3d RIOBA saszetki wielokwiatowy op.50 x 15g.<\/h2>\n<p>Zestaw zawiera 50szt. saszetek po 15g ka\u017cda. Pakowane w fabryczny karton jak na zdj\u0119ciu z wygdodnym podajnikiem.<\/p>\n<p>Mi\u00f3d jest w postaci p\u0142ynnej. \u015awietnie nadaje si\u0119 do napoj\u00f3w jako s\u0142odzik<\/p>\n<p>Przechowywa\u0107 w suchym i zaciemnionym miejscu.<\/p>\n<p>\u0141\u0105czna waga 750g<\/p>\n","protected":false},"excerpt":{"rendered":"<p>Mi\u00f3d RIOBA saszetki wielokwiatowy op.50 x 15g. Zestaw zawiera 50szt. saszetek po 15g ka\u017cda. Pakowane w fabryczny karton jak na zdj\u0119ciu z wygdodnym podajnikiem. Mi\u00f3d jest w postaci p\u0142ynnej. \u015awietnie nadaje si\u0119 do napoj\u00f3w jako s\u0142odzik Przechowywa\u0107 w suchym i zaciemnionym miejscu. \u0141\u0105czna waga 750g<\/p>\n","protected":false},"featured_media":2055,"comment_status":"open","ping_status":"closed","template":"","meta":[],"product_brand":[117],"product_cat":[121],"product_tag":[],"class_list":{"0":"post-2052","1":"product","2":"type-product","3":"status-publish","4":"has-post-thumbnail","6":"product_brand-rioba","7":"product_cat-miod-i-produkty-pszczele","9":"first","10":"instock","11":"taxable","12":"shipping-taxable","13":"purchasable","14":"product-type-simple"},"yoast_head":"<!-- This site is optimized with the Yoast SEO plugin v27.3 - https:\/\/yoast.com\/product\/yoast-seo-wordpress\/ -->\n<title>RIOBA Mi\u00f3d w saszetkach 50szt x 15g Naturalny pszczeli 750g - Mix Market - Supermarket z wszystkim co potrzeba<\/title>\n<meta name=\"robots\" content=\"index, follow, max-snippet:-1, max-image-preview:large, max-video-preview:-1\" \/>\n<link rel=\"canonical\" href=\"https:\/\/racom.com.pl\/index.php\/produkt\/rioba-miod-w-saszetkach-50szt-x-15g-naturalny-pszczeli-750g\/\" \/>\n<meta property=\"og:locale\" content=\"pl_PL\" \/>\n<meta property=\"og:type\" content=\"article\" \/>\n<meta property=\"og:title\" content=\"RIOBA Mi\u00f3d w saszetkach 50szt x 15g Naturalny pszczeli 750g - Mix Market - Supermarket z wszystkim co potrzeba\" \/>\n<meta property=\"og:description\" content=\"Mi\u00f3d RIOBA saszetki wielokwiatowy op.50 x 15g. Zestaw zawiera 50szt. saszetek po 15g ka\u017cda. Pakowane w fabryczny karton jak na zdj\u0119ciu z wygdodnym podajnikiem. Mi\u00f3d jest w postaci p\u0142ynnej. \u015awietnie nadaje si\u0119 do napoj\u00f3w jako s\u0142odzik Przechowywa\u0107 w suchym i zaciemnionym miejscu. \u0141\u0105czna waga 750g\" \/>\n<meta property=\"og:url\" content=\"https:\/\/racom.com.pl\/index.php\/produkt\/rioba-miod-w-saszetkach-50szt-x-15g-naturalny-pszczeli-750g\/\" \/>\n<meta property=\"og:site_name\" content=\"Mix Market - Supermarket z wszystkim co potrzeba\" \/>\n<meta property=\"og:image\" content=\"https:\/\/racom.com.pl\/wp-content\/uploads\/2025\/07\/allegro_687aa0f6ac2bc7.02532262_d0f08f514f7da96a725ba3be6480.jpg\" \/>\n\t<meta property=\"og:image:width\" content=\"400\" \/>\n\t<meta property=\"og:image:height\" content=\"400\" \/>\n\t<meta property=\"og:image:type\" content=\"image\/jpeg\" \/>\n<meta name=\"twitter:card\" content=\"summary_large_image\" \/>\n<script type=\"application\/ld+json\" class=\"yoast-schema-graph\">{\"@context\":\"https:\\\/\\\/schema.org\",\"@graph\":[{\"@type\":\"WebPage\",\"@id\":\"https:\\\/\\\/racom.com.pl\\\/index.php\\\/produkt\\\/rioba-miod-w-saszetkach-50szt-x-15g-naturalny-pszczeli-750g\\\/\",\"url\":\"https:\\\/\\\/racom.com.pl\\\/index.php\\\/produkt\\\/rioba-miod-w-saszetkach-50szt-x-15g-naturalny-pszczeli-750g\\\/\",\"name\":\"RIOBA Mi\u00f3d w saszetkach 50szt x 15g Naturalny pszczeli 750g - Mix Market - Supermarket z wszystkim co potrzeba\",\"isPartOf\":{\"@id\":\"https:\\\/\\\/racom.com.pl\\\/#website\"},\"primaryImageOfPage\":{\"@id\":\"https:\\\/\\\/racom.com.pl\\\/index.php\\\/produkt\\\/rioba-miod-w-saszetkach-50szt-x-15g-naturalny-pszczeli-750g\\\/#primaryimage\"},\"image\":{\"@id\":\"https:\\\/\\\/racom.com.pl\\\/index.php\\\/produkt\\\/rioba-miod-w-saszetkach-50szt-x-15g-naturalny-pszczeli-750g\\\/#primaryimage\"},\"thumbnailUrl\":\"https:\\\/\\\/racom.com.pl\\\/wp-content\\\/uploads\\\/2025\\\/07\\\/allegro_687aa0f6ac2bc7.02532262_d0f08f514f7da96a725ba3be6480.jpg\",\"datePublished\":\"2025-07-18T19:30:06+00:00\",\"breadcrumb\":{\"@id\":\"https:\\\/\\\/racom.com.pl\\\/index.php\\\/produkt\\\/rioba-miod-w-saszetkach-50szt-x-15g-naturalny-pszczeli-750g\\\/#breadcrumb\"},\"inLanguage\":\"pl-PL\",\"potentialAction\":[{\"@type\":\"ReadAction\",\"target\":[\"https:\\\/\\\/racom.com.pl\\\/index.php\\\/produkt\\\/rioba-miod-w-saszetkach-50szt-x-15g-naturalny-pszczeli-750g\\\/\"]}]},{\"@type\":\"ImageObject\",\"inLanguage\":\"pl-PL\",\"@id\":\"https:\\\/\\\/racom.com.pl\\\/index.php\\\/produkt\\\/rioba-miod-w-saszetkach-50szt-x-15g-naturalny-pszczeli-750g\\\/#primaryimage\",\"url\":\"https:\\\/\\\/racom.com.pl\\\/wp-content\\\/uploads\\\/2025\\\/07\\\/allegro_687aa0f6ac2bc7.02532262_d0f08f514f7da96a725ba3be6480.jpg\",\"contentUrl\":\"https:\\\/\\\/racom.com.pl\\\/wp-content\\\/uploads\\\/2025\\\/07\\\/allegro_687aa0f6ac2bc7.02532262_d0f08f514f7da96a725ba3be6480.jpg\",\"width\":400,\"height\":400},{\"@type\":\"BreadcrumbList\",\"@id\":\"https:\\\/\\\/racom.com.pl\\\/index.php\\\/produkt\\\/rioba-miod-w-saszetkach-50szt-x-15g-naturalny-pszczeli-750g\\\/#breadcrumb\",\"itemListElement\":[{\"@type\":\"ListItem\",\"position\":1,\"name\":\"Strona g\u0142\u00f3wna\",\"item\":\"https:\\\/\\\/racom.com.pl\\\/\"},{\"@type\":\"ListItem\",\"position\":2,\"name\":\"Sklep\",\"item\":\"https:\\\/\\\/racom.com.pl\\\/\"},{\"@type\":\"ListItem\",\"position\":3,\"name\":\"RIOBA Mi\u00f3d w saszetkach 50szt x 15g Naturalny pszczeli 750g\"}]},{\"@type\":\"WebSite\",\"@id\":\"https:\\\/\\\/racom.com.pl\\\/#website\",\"url\":\"https:\\\/\\\/racom.com.pl\\\/\",\"name\":\"Mix Market - Supermarket z wszystkim co potrzeba do domu i nie tylko\",\"description\":\"\",\"publisher\":{\"@id\":\"https:\\\/\\\/racom.com.pl\\\/#organization\"},\"potentialAction\":[{\"@type\":\"SearchAction\",\"target\":{\"@type\":\"EntryPoint\",\"urlTemplate\":\"https:\\\/\\\/racom.com.pl\\\/?s={search_term_string}\"},\"query-input\":{\"@type\":\"PropertyValueSpecification\",\"valueRequired\":true,\"valueName\":\"search_term_string\"}}],\"inLanguage\":\"pl-PL\"},{\"@type\":\"Organization\",\"@id\":\"https:\\\/\\\/racom.com.pl\\\/#organization\",\"name\":\"Mix Market - Supermarket z wszystkim co potrzeba do domu i nie tylko\",\"url\":\"https:\\\/\\\/racom.com.pl\\\/\",\"logo\":{\"@type\":\"ImageObject\",\"inLanguage\":\"pl-PL\",\"@id\":\"https:\\\/\\\/racom.com.pl\\\/#\\\/schema\\\/logo\\\/image\\\/\",\"url\":\"https:\\\/\\\/racom.com.pl\\\/wp-content\\\/uploads\\\/2025\\\/07\\\/mixmarket_logo.png\",\"contentUrl\":\"https:\\\/\\\/racom.com.pl\\\/wp-content\\\/uploads\\\/2025\\\/07\\\/mixmarket_logo.png\",\"width\":1024,\"height\":1024,\"caption\":\"Mix Market - Supermarket z wszystkim co potrzeba do domu i nie tylko\"},\"image\":{\"@id\":\"https:\\\/\\\/racom.com.pl\\\/#\\\/schema\\\/logo\\\/image\\\/\"}}]}<\/script>\n<!-- \/ Yoast SEO plugin. -->","yoast_head_json":{"title":"RIOBA Mi\u00f3d w saszetkach 50szt x 15g Naturalny pszczeli 750g - Mix Market - Supermarket z wszystkim co potrzeba","robots":{"index":"index","follow":"follow","max-snippet":"max-snippet:-1","max-image-preview":"max-image-preview:large","max-video-preview":"max-video-preview:-1"},"canonical":"https:\/\/racom.com.pl\/index.php\/produkt\/rioba-miod-w-saszetkach-50szt-x-15g-naturalny-pszczeli-750g\/","og_locale":"pl_PL","og_type":"article","og_title":"RIOBA Mi\u00f3d w saszetkach 50szt x 15g Naturalny pszczeli 750g - Mix Market - Supermarket z wszystkim co potrzeba","og_description":"Mi\u00f3d RIOBA saszetki wielokwiatowy op.50 x 15g. Zestaw zawiera 50szt. saszetek po 15g ka\u017cda. Pakowane w fabryczny karton jak na zdj\u0119ciu z wygdodnym podajnikiem. Mi\u00f3d jest w postaci p\u0142ynnej. \u015awietnie nadaje si\u0119 do napoj\u00f3w jako s\u0142odzik Przechowywa\u0107 w suchym i zaciemnionym miejscu. \u0141\u0105czna waga 750g","og_url":"https:\/\/racom.com.pl\/index.php\/produkt\/rioba-miod-w-saszetkach-50szt-x-15g-naturalny-pszczeli-750g\/","og_site_name":"Mix Market - Supermarket z wszystkim co potrzeba","og_image":[{"width":400,"height":400,"url":"https:\/\/racom.com.pl\/wp-content\/uploads\/2025\/07\/allegro_687aa0f6ac2bc7.02532262_d0f08f514f7da96a725ba3be6480.jpg","type":"image\/jpeg"}],"twitter_card":"summary_large_image","schema":{"@context":"https:\/\/schema.org","@graph":[{"@type":"WebPage","@id":"https:\/\/racom.com.pl\/index.php\/produkt\/rioba-miod-w-saszetkach-50szt-x-15g-naturalny-pszczeli-750g\/","url":"https:\/\/racom.com.pl\/index.php\/produkt\/rioba-miod-w-saszetkach-50szt-x-15g-naturalny-pszczeli-750g\/","name":"RIOBA Mi\u00f3d w saszetkach 50szt x 15g Naturalny pszczeli 750g - Mix Market - Supermarket z wszystkim co potrzeba","isPartOf":{"@id":"https:\/\/racom.com.pl\/#website"},"primaryImageOfPage":{"@id":"https:\/\/racom.com.pl\/index.php\/produkt\/rioba-miod-w-saszetkach-50szt-x-15g-naturalny-pszczeli-750g\/#primaryimage"},"image":{"@id":"https:\/\/racom.com.pl\/index.php\/produkt\/rioba-miod-w-saszetkach-50szt-x-15g-naturalny-pszczeli-750g\/#primaryimage"},"thumbnailUrl":"https:\/\/racom.com.pl\/wp-content\/uploads\/2025\/07\/allegro_687aa0f6ac2bc7.02532262_d0f08f514f7da96a725ba3be6480.jpg","datePublished":"2025-07-18T19:30:06+00:00","breadcrumb":{"@id":"https:\/\/racom.com.pl\/index.php\/produkt\/rioba-miod-w-saszetkach-50szt-x-15g-naturalny-pszczeli-750g\/#breadcrumb"},"inLanguage":"pl-PL","potentialAction":[{"@type":"ReadAction","target":["https:\/\/racom.com.pl\/index.php\/produkt\/rioba-miod-w-saszetkach-50szt-x-15g-naturalny-pszczeli-750g\/"]}]},{"@type":"ImageObject","inLanguage":"pl-PL","@id":"https:\/\/racom.com.pl\/index.php\/produkt\/rioba-miod-w-saszetkach-50szt-x-15g-naturalny-pszczeli-750g\/#primaryimage","url":"https:\/\/racom.com.pl\/wp-content\/uploads\/2025\/07\/allegro_687aa0f6ac2bc7.02532262_d0f08f514f7da96a725ba3be6480.jpg","contentUrl":"https:\/\/racom.com.pl\/wp-content\/uploads\/2025\/07\/allegro_687aa0f6ac2bc7.02532262_d0f08f514f7da96a725ba3be6480.jpg","width":400,"height":400},{"@type":"BreadcrumbList","@id":"https:\/\/racom.com.pl\/index.php\/produkt\/rioba-miod-w-saszetkach-50szt-x-15g-naturalny-pszczeli-750g\/#breadcrumb","itemListElement":[{"@type":"ListItem","position":1,"name":"Strona g\u0142\u00f3wna","item":"https:\/\/racom.com.pl\/"},{"@type":"ListItem","position":2,"name":"Sklep","item":"https:\/\/racom.com.pl\/"},{"@type":"ListItem","position":3,"name":"RIOBA Mi\u00f3d w saszetkach 50szt x 15g Naturalny pszczeli 750g"}]},{"@type":"WebSite","@id":"https:\/\/racom.com.pl\/#website","url":"https:\/\/racom.com.pl\/","name":"Mix Market - Supermarket z wszystkim co potrzeba do domu i nie tylko","description":"","publisher":{"@id":"https:\/\/racom.com.pl\/#organization"},"potentialAction":[{"@type":"SearchAction","target":{"@type":"EntryPoint","urlTemplate":"https:\/\/racom.com.pl\/?s={search_term_string}"},"query-input":{"@type":"PropertyValueSpecification","valueRequired":true,"valueName":"search_term_string"}}],"inLanguage":"pl-PL"},{"@type":"Organization","@id":"https:\/\/racom.com.pl\/#organization","name":"Mix Market - Supermarket z wszystkim co potrzeba do domu i nie tylko","url":"https:\/\/racom.com.pl\/","logo":{"@type":"ImageObject","inLanguage":"pl-PL","@id":"https:\/\/racom.com.pl\/#\/schema\/logo\/image\/","url":"https:\/\/racom.com.pl\/wp-content\/uploads\/2025\/07\/mixmarket_logo.png","contentUrl":"https:\/\/racom.com.pl\/wp-content\/uploads\/2025\/07\/mixmarket_logo.png","width":1024,"height":1024,"caption":"Mix Market - Supermarket z wszystkim co potrzeba do domu i nie tylko"},"image":{"@id":"https:\/\/racom.com.pl\/#\/schema\/logo\/image\/"}}]}},"_links":{"self":[{"href":"https:\/\/racom.com.pl\/index.php\/wp-json\/wp\/v2\/product\/2052","targetHints":{"allow":["GET"]}}],"collection":[{"href":"https:\/\/racom.com.pl\/index.php\/wp-json\/wp\/v2\/product"}],"about":[{"href":"https:\/\/racom.com.pl\/index.php\/wp-json\/wp\/v2\/types\/product"}],"replies":[{"embeddable":true,"href":"https:\/\/racom.com.pl\/index.php\/wp-json\/wp\/v2\/comments?post=2052"}],"wp:featuredmedia":[{"embeddable":true,"href":"https:\/\/racom.com.pl\/index.php\/wp-json\/wp\/v2\/media\/2055"}],"wp:attachment":[{"href":"https:\/\/racom.com.pl\/index.php\/wp-json\/wp\/v2\/media?parent=2052"}],"wp:term":[{"taxonomy":"product_brand","embeddable":true,"href":"https:\/\/racom.com.pl\/index.php\/wp-json\/wp\/v2\/product_brand?post=2052"},{"taxonomy":"product_cat","embeddable":true,"href":"https:\/\/racom.com.pl\/index.php\/wp-json\/wp\/v2\/product_cat?post=2052"},{"taxonomy":"product_tag","embeddable":true,"href":"https:\/\/racom.com.pl\/index.php\/wp-json\/wp\/v2\/product_tag?post=2052"}],"curies":[{"name":"wp","href":"https:\/\/api.w.org\/{rel}","templated":true}]}}