{"id":206,"date":"2025-07-18T17:17:24","date_gmt":"2025-07-18T15:17:24","guid":{"rendered":"http:\/\/192.168.2.106\/index.php\/produkt\/switch-myszki-kailh-boczny-razer-deathader-mamba\/"},"modified":"2025-07-18T17:17:24","modified_gmt":"2025-07-18T15:17:24","slug":"switch-myszki-kailh-boczny-razer-deathader-mamba","status":"publish","type":"product","link":"https:\/\/racom.com.pl\/index.php\/produkt\/switch-myszki-kailh-boczny-razer-deathader-mamba\/","title":{"rendered":"SWITCH MYSZKI KAILH BOCZNY RAZER DEATHADER MAMBA"},"content":{"rendered":"<p>NOWY ORYGINALNY SWITCH PRZYCISK DO MYSZEK KAILH<\/p>\n<p>Fabrycznie nowy przycisk\/switch do wi\u0119kszo\u015bci myszek dla graczy i nie tylko.<\/p>\n<p>Jest to boczny 90* przycisk (prz\u00f3d &#8211; ty\u0142) stosowany w myszkach Razer i innych.<\/p>\n<p>Taki sam switch by\u0142 stosowany miedzy innymi w Razer Deathadder 2013, Razer Mamba itp.<\/p>\n<p>Gdy przycisk w Twojej ulubionej myszce zaczyna szwankowa\u0107, pojawia si\u0119 tzw. &#8222;dwuklik&#8221; czyli powszechna usterka klawiszy, z \u0142atwo\u015bci\u0105 mo\u017cesz j\u0105 przywr\u00f3ci\u0107 do stanu u\u017cyteczno\u015bci.<\/p>\n<p>Wystarczy uszkodzony switch zast\u0105pi\u0107 nowym.<\/p>\n<p>Na tej aukcji zakupisz 1 sztuk\u0119 takiego switch&#8217;a.<\/p>\n<p>\u017bywotno\u015b\u0107 switcha si\u0119ga 5 000 000 klikni\u0119\u0107 wg. producenta.<\/p>\n<p>Kod produktu: A119<\/p>\n<p>Dane techniczne:<\/p>\n<p>D\u0142ugo\u015b\u0107: 12,7mm<\/p>\n<p>Szerokos\u0107: 5,7mm<\/p>\n<p>Wysoko\u015b\u0107:6,5mm<\/p>\n<p>Wysoko\u015b\u0107 z pinami: 8,8mm<\/p>\n<p>D\u0142ugo\u015b\u0107 pin\u00f3w (od zagi\u0119cia 90*) : 13,6mm<\/p>\n<p>Ilo\u015b\u0107 pin\u00f3w: 3<\/p>\n","protected":false},"excerpt":{"rendered":"<p>NOWY ORYGINALNY SWITCH PRZYCISK DO MYSZEK KAILH Fabrycznie nowy przycisk\/switch do wi\u0119kszo\u015bci myszek dla graczy i nie tylko. Jest to boczny 90* przycisk (prz\u00f3d &#8211; ty\u0142) stosowany w myszkach Razer i innych. Taki sam switch by\u0142 stosowany miedzy innymi w Razer Deathadder 2013, Razer Mamba itp. Gdy przycisk w Twojej ulubionej myszce zaczyna szwankowa\u0107, pojawia [&hellip;]<\/p>\n","protected":false},"featured_media":209,"comment_status":"open","ping_status":"closed","template":"","meta":[],"product_brand":[],"product_cat":[21],"product_tag":[],"class_list":{"0":"post-206","1":"product","2":"type-product","3":"status-publish","4":"has-post-thumbnail","6":"product_cat-urzadzenia-wskazujace","8":"first","9":"instock","10":"taxable","11":"shipping-taxable","12":"purchasable","13":"product-type-simple"},"yoast_head":"<!-- This site is optimized with the Yoast SEO plugin v27.3 - https:\/\/yoast.com\/product\/yoast-seo-wordpress\/ -->\n<title>SWITCH MYSZKI KAILH BOCZNY RAZER DEATHADER MAMBA - Mix Market - Supermarket z wszystkim co potrzeba<\/title>\n<meta name=\"robots\" content=\"index, follow, max-snippet:-1, max-image-preview:large, max-video-preview:-1\" \/>\n<link rel=\"canonical\" href=\"https:\/\/racom.com.pl\/index.php\/produkt\/switch-myszki-kailh-boczny-razer-deathader-mamba\/\" \/>\n<meta property=\"og:locale\" content=\"pl_PL\" \/>\n<meta property=\"og:type\" content=\"article\" \/>\n<meta property=\"og:title\" content=\"SWITCH MYSZKI KAILH BOCZNY RAZER DEATHADER MAMBA - Mix Market - Supermarket z wszystkim co potrzeba\" \/>\n<meta property=\"og:description\" content=\"NOWY ORYGINALNY SWITCH PRZYCISK DO MYSZEK KAILH Fabrycznie nowy przycisk\/switch do wi\u0119kszo\u015bci myszek dla graczy i nie tylko. Jest to boczny 90* przycisk (prz\u00f3d &#8211; ty\u0142) stosowany w myszkach Razer i innych. Taki sam switch by\u0142 stosowany miedzy innymi w Razer Deathadder 2013, Razer Mamba itp. Gdy przycisk w Twojej ulubionej myszce zaczyna szwankowa\u0107, pojawia [&hellip;]\" \/>\n<meta property=\"og:url\" content=\"https:\/\/racom.com.pl\/index.php\/produkt\/switch-myszki-kailh-boczny-razer-deathader-mamba\/\" \/>\n<meta property=\"og:site_name\" content=\"Mix Market - Supermarket z wszystkim co potrzeba\" \/>\n<meta property=\"og:image\" content=\"https:\/\/racom.com.pl\/wp-content\/uploads\/2025\/07\/allegro_687a658c903791.06629154_725d0282462086e2c2a07d3974cf.jpg\" \/>\n\t<meta property=\"og:image:width\" content=\"566\" \/>\n\t<meta property=\"og:image:height\" content=\"1260\" \/>\n\t<meta property=\"og:image:type\" content=\"image\/jpeg\" \/>\n<meta name=\"twitter:card\" content=\"summary_large_image\" \/>\n<meta name=\"twitter:label1\" content=\"Szacowany czas czytania\" \/>\n\t<meta name=\"twitter:data1\" content=\"1 minuta\" \/>\n<script type=\"application\/ld+json\" class=\"yoast-schema-graph\">{\"@context\":\"https:\\\/\\\/schema.org\",\"@graph\":[{\"@type\":\"WebPage\",\"@id\":\"https:\\\/\\\/racom.com.pl\\\/index.php\\\/produkt\\\/switch-myszki-kailh-boczny-razer-deathader-mamba\\\/\",\"url\":\"https:\\\/\\\/racom.com.pl\\\/index.php\\\/produkt\\\/switch-myszki-kailh-boczny-razer-deathader-mamba\\\/\",\"name\":\"SWITCH MYSZKI KAILH BOCZNY RAZER DEATHADER MAMBA - Mix Market - Supermarket z wszystkim co potrzeba\",\"isPartOf\":{\"@id\":\"https:\\\/\\\/racom.com.pl\\\/#website\"},\"primaryImageOfPage\":{\"@id\":\"https:\\\/\\\/racom.com.pl\\\/index.php\\\/produkt\\\/switch-myszki-kailh-boczny-razer-deathader-mamba\\\/#primaryimage\"},\"image\":{\"@id\":\"https:\\\/\\\/racom.com.pl\\\/index.php\\\/produkt\\\/switch-myszki-kailh-boczny-razer-deathader-mamba\\\/#primaryimage\"},\"thumbnailUrl\":\"https:\\\/\\\/racom.com.pl\\\/wp-content\\\/uploads\\\/2025\\\/07\\\/allegro_687a658c903791.06629154_725d0282462086e2c2a07d3974cf.jpg\",\"datePublished\":\"2025-07-18T15:17:24+00:00\",\"breadcrumb\":{\"@id\":\"https:\\\/\\\/racom.com.pl\\\/index.php\\\/produkt\\\/switch-myszki-kailh-boczny-razer-deathader-mamba\\\/#breadcrumb\"},\"inLanguage\":\"pl-PL\",\"potentialAction\":[{\"@type\":\"ReadAction\",\"target\":[\"https:\\\/\\\/racom.com.pl\\\/index.php\\\/produkt\\\/switch-myszki-kailh-boczny-razer-deathader-mamba\\\/\"]}]},{\"@type\":\"ImageObject\",\"inLanguage\":\"pl-PL\",\"@id\":\"https:\\\/\\\/racom.com.pl\\\/index.php\\\/produkt\\\/switch-myszki-kailh-boczny-razer-deathader-mamba\\\/#primaryimage\",\"url\":\"https:\\\/\\\/racom.com.pl\\\/wp-content\\\/uploads\\\/2025\\\/07\\\/allegro_687a658c903791.06629154_725d0282462086e2c2a07d3974cf.jpg\",\"contentUrl\":\"https:\\\/\\\/racom.com.pl\\\/wp-content\\\/uploads\\\/2025\\\/07\\\/allegro_687a658c903791.06629154_725d0282462086e2c2a07d3974cf.jpg\",\"width\":566,\"height\":1260},{\"@type\":\"BreadcrumbList\",\"@id\":\"https:\\\/\\\/racom.com.pl\\\/index.php\\\/produkt\\\/switch-myszki-kailh-boczny-razer-deathader-mamba\\\/#breadcrumb\",\"itemListElement\":[{\"@type\":\"ListItem\",\"position\":1,\"name\":\"Strona g\u0142\u00f3wna\",\"item\":\"https:\\\/\\\/racom.com.pl\\\/\"},{\"@type\":\"ListItem\",\"position\":2,\"name\":\"Sklep\",\"item\":\"https:\\\/\\\/racom.com.pl\\\/\"},{\"@type\":\"ListItem\",\"position\":3,\"name\":\"SWITCH MYSZKI KAILH BOCZNY RAZER DEATHADER MAMBA\"}]},{\"@type\":\"WebSite\",\"@id\":\"https:\\\/\\\/racom.com.pl\\\/#website\",\"url\":\"https:\\\/\\\/racom.com.pl\\\/\",\"name\":\"Mix Market - Supermarket z wszystkim co potrzeba do domu i nie tylko\",\"description\":\"\",\"publisher\":{\"@id\":\"https:\\\/\\\/racom.com.pl\\\/#organization\"},\"potentialAction\":[{\"@type\":\"SearchAction\",\"target\":{\"@type\":\"EntryPoint\",\"urlTemplate\":\"https:\\\/\\\/racom.com.pl\\\/?s={search_term_string}\"},\"query-input\":{\"@type\":\"PropertyValueSpecification\",\"valueRequired\":true,\"valueName\":\"search_term_string\"}}],\"inLanguage\":\"pl-PL\"},{\"@type\":\"Organization\",\"@id\":\"https:\\\/\\\/racom.com.pl\\\/#organization\",\"name\":\"Mix Market - Supermarket z wszystkim co potrzeba do domu i nie tylko\",\"url\":\"https:\\\/\\\/racom.com.pl\\\/\",\"logo\":{\"@type\":\"ImageObject\",\"inLanguage\":\"pl-PL\",\"@id\":\"https:\\\/\\\/racom.com.pl\\\/#\\\/schema\\\/logo\\\/image\\\/\",\"url\":\"https:\\\/\\\/racom.com.pl\\\/wp-content\\\/uploads\\\/2025\\\/07\\\/mixmarket_logo.png\",\"contentUrl\":\"https:\\\/\\\/racom.com.pl\\\/wp-content\\\/uploads\\\/2025\\\/07\\\/mixmarket_logo.png\",\"width\":1024,\"height\":1024,\"caption\":\"Mix Market - Supermarket z wszystkim co potrzeba do domu i nie tylko\"},\"image\":{\"@id\":\"https:\\\/\\\/racom.com.pl\\\/#\\\/schema\\\/logo\\\/image\\\/\"}}]}<\/script>\n<!-- \/ Yoast SEO plugin. -->","yoast_head_json":{"title":"SWITCH MYSZKI KAILH BOCZNY RAZER DEATHADER MAMBA - Mix Market - Supermarket z wszystkim co potrzeba","robots":{"index":"index","follow":"follow","max-snippet":"max-snippet:-1","max-image-preview":"max-image-preview:large","max-video-preview":"max-video-preview:-1"},"canonical":"https:\/\/racom.com.pl\/index.php\/produkt\/switch-myszki-kailh-boczny-razer-deathader-mamba\/","og_locale":"pl_PL","og_type":"article","og_title":"SWITCH MYSZKI KAILH BOCZNY RAZER DEATHADER MAMBA - Mix Market - Supermarket z wszystkim co potrzeba","og_description":"NOWY ORYGINALNY SWITCH PRZYCISK DO MYSZEK KAILH Fabrycznie nowy przycisk\/switch do wi\u0119kszo\u015bci myszek dla graczy i nie tylko. Jest to boczny 90* przycisk (prz\u00f3d &#8211; ty\u0142) stosowany w myszkach Razer i innych. Taki sam switch by\u0142 stosowany miedzy innymi w Razer Deathadder 2013, Razer Mamba itp. Gdy przycisk w Twojej ulubionej myszce zaczyna szwankowa\u0107, pojawia [&hellip;]","og_url":"https:\/\/racom.com.pl\/index.php\/produkt\/switch-myszki-kailh-boczny-razer-deathader-mamba\/","og_site_name":"Mix Market - Supermarket z wszystkim co potrzeba","og_image":[{"width":566,"height":1260,"url":"https:\/\/racom.com.pl\/wp-content\/uploads\/2025\/07\/allegro_687a658c903791.06629154_725d0282462086e2c2a07d3974cf.jpg","type":"image\/jpeg"}],"twitter_card":"summary_large_image","twitter_misc":{"Szacowany czas czytania":"1 minuta"},"schema":{"@context":"https:\/\/schema.org","@graph":[{"@type":"WebPage","@id":"https:\/\/racom.com.pl\/index.php\/produkt\/switch-myszki-kailh-boczny-razer-deathader-mamba\/","url":"https:\/\/racom.com.pl\/index.php\/produkt\/switch-myszki-kailh-boczny-razer-deathader-mamba\/","name":"SWITCH MYSZKI KAILH BOCZNY RAZER DEATHADER MAMBA - Mix Market - Supermarket z wszystkim co potrzeba","isPartOf":{"@id":"https:\/\/racom.com.pl\/#website"},"primaryImageOfPage":{"@id":"https:\/\/racom.com.pl\/index.php\/produkt\/switch-myszki-kailh-boczny-razer-deathader-mamba\/#primaryimage"},"image":{"@id":"https:\/\/racom.com.pl\/index.php\/produkt\/switch-myszki-kailh-boczny-razer-deathader-mamba\/#primaryimage"},"thumbnailUrl":"https:\/\/racom.com.pl\/wp-content\/uploads\/2025\/07\/allegro_687a658c903791.06629154_725d0282462086e2c2a07d3974cf.jpg","datePublished":"2025-07-18T15:17:24+00:00","breadcrumb":{"@id":"https:\/\/racom.com.pl\/index.php\/produkt\/switch-myszki-kailh-boczny-razer-deathader-mamba\/#breadcrumb"},"inLanguage":"pl-PL","potentialAction":[{"@type":"ReadAction","target":["https:\/\/racom.com.pl\/index.php\/produkt\/switch-myszki-kailh-boczny-razer-deathader-mamba\/"]}]},{"@type":"ImageObject","inLanguage":"pl-PL","@id":"https:\/\/racom.com.pl\/index.php\/produkt\/switch-myszki-kailh-boczny-razer-deathader-mamba\/#primaryimage","url":"https:\/\/racom.com.pl\/wp-content\/uploads\/2025\/07\/allegro_687a658c903791.06629154_725d0282462086e2c2a07d3974cf.jpg","contentUrl":"https:\/\/racom.com.pl\/wp-content\/uploads\/2025\/07\/allegro_687a658c903791.06629154_725d0282462086e2c2a07d3974cf.jpg","width":566,"height":1260},{"@type":"BreadcrumbList","@id":"https:\/\/racom.com.pl\/index.php\/produkt\/switch-myszki-kailh-boczny-razer-deathader-mamba\/#breadcrumb","itemListElement":[{"@type":"ListItem","position":1,"name":"Strona g\u0142\u00f3wna","item":"https:\/\/racom.com.pl\/"},{"@type":"ListItem","position":2,"name":"Sklep","item":"https:\/\/racom.com.pl\/"},{"@type":"ListItem","position":3,"name":"SWITCH MYSZKI KAILH BOCZNY RAZER DEATHADER MAMBA"}]},{"@type":"WebSite","@id":"https:\/\/racom.com.pl\/#website","url":"https:\/\/racom.com.pl\/","name":"Mix Market - Supermarket z wszystkim co potrzeba do domu i nie tylko","description":"","publisher":{"@id":"https:\/\/racom.com.pl\/#organization"},"potentialAction":[{"@type":"SearchAction","target":{"@type":"EntryPoint","urlTemplate":"https:\/\/racom.com.pl\/?s={search_term_string}"},"query-input":{"@type":"PropertyValueSpecification","valueRequired":true,"valueName":"search_term_string"}}],"inLanguage":"pl-PL"},{"@type":"Organization","@id":"https:\/\/racom.com.pl\/#organization","name":"Mix Market - Supermarket z wszystkim co potrzeba do domu i nie tylko","url":"https:\/\/racom.com.pl\/","logo":{"@type":"ImageObject","inLanguage":"pl-PL","@id":"https:\/\/racom.com.pl\/#\/schema\/logo\/image\/","url":"https:\/\/racom.com.pl\/wp-content\/uploads\/2025\/07\/mixmarket_logo.png","contentUrl":"https:\/\/racom.com.pl\/wp-content\/uploads\/2025\/07\/mixmarket_logo.png","width":1024,"height":1024,"caption":"Mix Market - Supermarket z wszystkim co potrzeba do domu i nie tylko"},"image":{"@id":"https:\/\/racom.com.pl\/#\/schema\/logo\/image\/"}}]}},"_links":{"self":[{"href":"https:\/\/racom.com.pl\/index.php\/wp-json\/wp\/v2\/product\/206","targetHints":{"allow":["GET"]}}],"collection":[{"href":"https:\/\/racom.com.pl\/index.php\/wp-json\/wp\/v2\/product"}],"about":[{"href":"https:\/\/racom.com.pl\/index.php\/wp-json\/wp\/v2\/types\/product"}],"replies":[{"embeddable":true,"href":"https:\/\/racom.com.pl\/index.php\/wp-json\/wp\/v2\/comments?post=206"}],"wp:featuredmedia":[{"embeddable":true,"href":"https:\/\/racom.com.pl\/index.php\/wp-json\/wp\/v2\/media\/209"}],"wp:attachment":[{"href":"https:\/\/racom.com.pl\/index.php\/wp-json\/wp\/v2\/media?parent=206"}],"wp:term":[{"taxonomy":"product_brand","embeddable":true,"href":"https:\/\/racom.com.pl\/index.php\/wp-json\/wp\/v2\/product_brand?post=206"},{"taxonomy":"product_cat","embeddable":true,"href":"https:\/\/racom.com.pl\/index.php\/wp-json\/wp\/v2\/product_cat?post=206"},{"taxonomy":"product_tag","embeddable":true,"href":"https:\/\/racom.com.pl\/index.php\/wp-json\/wp\/v2\/product_tag?post=206"}],"curies":[{"name":"wp","href":"https:\/\/api.w.org\/{rel}","templated":true}]}}