{"id":2097,"date":"2025-07-18T21:41:25","date_gmt":"2025-07-18T19:41:25","guid":{"rendered":"http:\/\/192.168.2.106\/index.php\/produkt\/pasta-truflowa-re-tartu-aromatyczna-do-makaronow-i-dan-80-g\/"},"modified":"2025-07-18T21:41:25","modified_gmt":"2025-07-18T19:41:25","slug":"pasta-truflowa-re-tartu-aromatyczna-do-makaronow-i-dan-80-g","status":"publish","type":"product","link":"https:\/\/racom.com.pl\/index.php\/produkt\/pasta-truflowa-re-tartu-aromatyczna-do-makaronow-i-dan-80-g\/","title":{"rendered":"Pasta truflowa Re Tart\u00fa Aromatyczna do Makaron\u00f3w i da\u0144 80 g"},"content":{"rendered":"<h2>Pasta Truflowy Salsa Tartufata RETARTU 80g<\/h2>\n<p><b>SALSA TRUFLOWA<\/b> wytwarzana z wysokiej jako\u015bci w\u0142oskich produkt\u00f3w Doskona\u0142a do potraw makaronowych, ravioli lub ciasta francuskiego. Wzbogacona oliw\u0105 z oliwek dla <b>pozyskania lepszego smaku<\/b>, aromatu i konsystencji.<\/p>\n<p><b>Cechy produktu:<\/b><\/p>\n<ul>\n<li>Idealna propozycja do da\u0144<\/li>\n<li><b>Produkt wysokiej jako\u015bci<\/b><\/li>\n<li>Idealny smak z aromatem zi\u00f3\u0142<\/li>\n<\/ul>\n<p>Sos truflowy Salsa Tartufata D&#8217;Amico 600g.&nbsp;Osza\u0142amiaj\u0105ca mieszanka czarnych letnich trufli, grzyb\u00f3w, oliwy z oliwek z <b>pierwszego t\u0142oczenia<\/b>, aromatycznych zi\u00f3\u0142 i przypraw.<\/p>\n<p><b>Informacje:<\/b><\/p>\n<ul>\n<li>Waga: 80g<\/li>\n<li><b>Sk\u0142ad:<\/b> grzyby hodowlane (agaricus bisporus), woda, oliwa z oliwek extra virgin, olej s\u0142onecznikowy, oliwki czarne, trufle letnie (tuber aestivum Vitt.), s\u00f3l, aromaty.<\/li>\n<\/ul>\n<p>Do przyrz\u0105dzenia na wiele sposob\u00f3w jako przyprawa do kanapek i przek\u0105sek oraz wype\u0142nienie dla pierwszych i drugich da\u0144.<\/p>\n","protected":false},"excerpt":{"rendered":"<p>Pasta Truflowy Salsa Tartufata RETARTU 80g SALSA TRUFLOWA wytwarzana z wysokiej jako\u015bci w\u0142oskich produkt\u00f3w Doskona\u0142a do potraw makaronowych, ravioli lub ciasta francuskiego. Wzbogacona oliw\u0105 z oliwek dla pozyskania lepszego smaku, aromatu i konsystencji. Cechy produktu: Idealna propozycja do da\u0144 Produkt wysokiej jako\u015bci Idealny smak z aromatem zi\u00f3\u0142 Sos truflowy Salsa Tartufata D&#8217;Amico 600g.&nbsp;Osza\u0142amiaj\u0105ca mieszanka czarnych [&hellip;]<\/p>\n","protected":false},"featured_media":2104,"comment_status":"open","ping_status":"closed","template":"","meta":[],"product_brand":[126],"product_cat":[125],"product_tag":[],"class_list":{"0":"post-2097","1":"product","2":"type-product","3":"status-publish","4":"has-post-thumbnail","6":"product_brand-re-tartu","7":"product_cat-przyprawy-i-ziola","9":"first","10":"instock","11":"taxable","12":"shipping-taxable","13":"purchasable","14":"product-type-simple"},"yoast_head":"<!-- This site is optimized with the Yoast SEO plugin v27.4 - https:\/\/yoast.com\/product\/yoast-seo-wordpress\/ -->\n<title>Pasta truflowa Re Tart\u00fa Aromatyczna do Makaron\u00f3w i da\u0144 80 g - Mix Market - Supermarket z wszystkim co potrzeba<\/title>\n<meta name=\"robots\" content=\"index, follow, max-snippet:-1, max-image-preview:large, max-video-preview:-1\" \/>\n<link rel=\"canonical\" href=\"https:\/\/racom.com.pl\/index.php\/produkt\/pasta-truflowa-re-tartu-aromatyczna-do-makaronow-i-dan-80-g\/\" \/>\n<meta property=\"og:locale\" content=\"pl_PL\" \/>\n<meta property=\"og:type\" content=\"article\" \/>\n<meta property=\"og:title\" content=\"Pasta truflowa Re Tart\u00fa Aromatyczna do Makaron\u00f3w i da\u0144 80 g - Mix Market - Supermarket z wszystkim co potrzeba\" \/>\n<meta property=\"og:description\" content=\"Pasta Truflowy Salsa Tartufata RETARTU 80g SALSA TRUFLOWA wytwarzana z wysokiej jako\u015bci w\u0142oskich produkt\u00f3w Doskona\u0142a do potraw makaronowych, ravioli lub ciasta francuskiego. Wzbogacona oliw\u0105 z oliwek dla pozyskania lepszego smaku, aromatu i konsystencji. Cechy produktu: Idealna propozycja do da\u0144 Produkt wysokiej jako\u015bci Idealny smak z aromatem zi\u00f3\u0142 Sos truflowy Salsa Tartufata D&#8217;Amico 600g.&nbsp;Osza\u0142amiaj\u0105ca mieszanka czarnych [&hellip;]\" \/>\n<meta property=\"og:url\" content=\"https:\/\/racom.com.pl\/index.php\/produkt\/pasta-truflowa-re-tartu-aromatyczna-do-makaronow-i-dan-80-g\/\" \/>\n<meta property=\"og:site_name\" content=\"Mix Market - Supermarket z wszystkim co potrzeba\" \/>\n<meta property=\"og:image\" content=\"https:\/\/racom.com.pl\/wp-content\/uploads\/2025\/07\/allegro_687aa3c2762fd6.27780042_f37533e94c99a4bd8d3918d40086.jpg\" \/>\n\t<meta property=\"og:image:width\" content=\"750\" \/>\n\t<meta property=\"og:image:height\" content=\"499\" \/>\n\t<meta property=\"og:image:type\" content=\"image\/jpeg\" \/>\n<meta name=\"twitter:card\" content=\"summary_large_image\" \/>\n<meta name=\"twitter:label1\" content=\"Szacowany czas czytania\" \/>\n\t<meta name=\"twitter:data1\" content=\"1 minuta\" \/>\n<script type=\"application\/ld+json\" class=\"yoast-schema-graph\">{\"@context\":\"https:\\\/\\\/schema.org\",\"@graph\":[{\"@type\":\"WebPage\",\"@id\":\"https:\\\/\\\/racom.com.pl\\\/index.php\\\/produkt\\\/pasta-truflowa-re-tartu-aromatyczna-do-makaronow-i-dan-80-g\\\/\",\"url\":\"https:\\\/\\\/racom.com.pl\\\/index.php\\\/produkt\\\/pasta-truflowa-re-tartu-aromatyczna-do-makaronow-i-dan-80-g\\\/\",\"name\":\"Pasta truflowa Re Tart\u00fa Aromatyczna do Makaron\u00f3w i da\u0144 80 g - Mix Market - Supermarket z wszystkim co potrzeba\",\"isPartOf\":{\"@id\":\"https:\\\/\\\/racom.com.pl\\\/#website\"},\"primaryImageOfPage\":{\"@id\":\"https:\\\/\\\/racom.com.pl\\\/index.php\\\/produkt\\\/pasta-truflowa-re-tartu-aromatyczna-do-makaronow-i-dan-80-g\\\/#primaryimage\"},\"image\":{\"@id\":\"https:\\\/\\\/racom.com.pl\\\/index.php\\\/produkt\\\/pasta-truflowa-re-tartu-aromatyczna-do-makaronow-i-dan-80-g\\\/#primaryimage\"},\"thumbnailUrl\":\"https:\\\/\\\/racom.com.pl\\\/wp-content\\\/uploads\\\/2025\\\/07\\\/allegro_687aa3c2762fd6.27780042_f37533e94c99a4bd8d3918d40086.jpg\",\"datePublished\":\"2025-07-18T19:41:25+00:00\",\"breadcrumb\":{\"@id\":\"https:\\\/\\\/racom.com.pl\\\/index.php\\\/produkt\\\/pasta-truflowa-re-tartu-aromatyczna-do-makaronow-i-dan-80-g\\\/#breadcrumb\"},\"inLanguage\":\"pl-PL\",\"potentialAction\":[{\"@type\":\"ReadAction\",\"target\":[\"https:\\\/\\\/racom.com.pl\\\/index.php\\\/produkt\\\/pasta-truflowa-re-tartu-aromatyczna-do-makaronow-i-dan-80-g\\\/\"]}]},{\"@type\":\"ImageObject\",\"inLanguage\":\"pl-PL\",\"@id\":\"https:\\\/\\\/racom.com.pl\\\/index.php\\\/produkt\\\/pasta-truflowa-re-tartu-aromatyczna-do-makaronow-i-dan-80-g\\\/#primaryimage\",\"url\":\"https:\\\/\\\/racom.com.pl\\\/wp-content\\\/uploads\\\/2025\\\/07\\\/allegro_687aa3c2762fd6.27780042_f37533e94c99a4bd8d3918d40086.jpg\",\"contentUrl\":\"https:\\\/\\\/racom.com.pl\\\/wp-content\\\/uploads\\\/2025\\\/07\\\/allegro_687aa3c2762fd6.27780042_f37533e94c99a4bd8d3918d40086.jpg\",\"width\":750,\"height\":499},{\"@type\":\"BreadcrumbList\",\"@id\":\"https:\\\/\\\/racom.com.pl\\\/index.php\\\/produkt\\\/pasta-truflowa-re-tartu-aromatyczna-do-makaronow-i-dan-80-g\\\/#breadcrumb\",\"itemListElement\":[{\"@type\":\"ListItem\",\"position\":1,\"name\":\"Strona g\u0142\u00f3wna\",\"item\":\"https:\\\/\\\/racom.com.pl\\\/\"},{\"@type\":\"ListItem\",\"position\":2,\"name\":\"Sklep\",\"item\":\"https:\\\/\\\/racom.com.pl\\\/\"},{\"@type\":\"ListItem\",\"position\":3,\"name\":\"Pasta truflowa Re Tart\u00fa Aromatyczna do Makaron\u00f3w i da\u0144 80 g\"}]},{\"@type\":\"WebSite\",\"@id\":\"https:\\\/\\\/racom.com.pl\\\/#website\",\"url\":\"https:\\\/\\\/racom.com.pl\\\/\",\"name\":\"Mix Market - Supermarket z wszystkim co potrzeba do domu i nie tylko\",\"description\":\"\",\"publisher\":{\"@id\":\"https:\\\/\\\/racom.com.pl\\\/#organization\"},\"potentialAction\":[{\"@type\":\"SearchAction\",\"target\":{\"@type\":\"EntryPoint\",\"urlTemplate\":\"https:\\\/\\\/racom.com.pl\\\/?s={search_term_string}\"},\"query-input\":{\"@type\":\"PropertyValueSpecification\",\"valueRequired\":true,\"valueName\":\"search_term_string\"}}],\"inLanguage\":\"pl-PL\"},{\"@type\":\"Organization\",\"@id\":\"https:\\\/\\\/racom.com.pl\\\/#organization\",\"name\":\"Mix Market - Supermarket z wszystkim co potrzeba do domu i nie tylko\",\"url\":\"https:\\\/\\\/racom.com.pl\\\/\",\"logo\":{\"@type\":\"ImageObject\",\"inLanguage\":\"pl-PL\",\"@id\":\"https:\\\/\\\/racom.com.pl\\\/#\\\/schema\\\/logo\\\/image\\\/\",\"url\":\"https:\\\/\\\/racom.com.pl\\\/wp-content\\\/uploads\\\/2025\\\/07\\\/mixmarket_logo.png\",\"contentUrl\":\"https:\\\/\\\/racom.com.pl\\\/wp-content\\\/uploads\\\/2025\\\/07\\\/mixmarket_logo.png\",\"width\":1024,\"height\":1024,\"caption\":\"Mix Market - Supermarket z wszystkim co potrzeba do domu i nie tylko\"},\"image\":{\"@id\":\"https:\\\/\\\/racom.com.pl\\\/#\\\/schema\\\/logo\\\/image\\\/\"}}]}<\/script>\n<!-- \/ Yoast SEO plugin. -->","yoast_head_json":{"title":"Pasta truflowa Re Tart\u00fa Aromatyczna do Makaron\u00f3w i da\u0144 80 g - Mix Market - Supermarket z wszystkim co potrzeba","robots":{"index":"index","follow":"follow","max-snippet":"max-snippet:-1","max-image-preview":"max-image-preview:large","max-video-preview":"max-video-preview:-1"},"canonical":"https:\/\/racom.com.pl\/index.php\/produkt\/pasta-truflowa-re-tartu-aromatyczna-do-makaronow-i-dan-80-g\/","og_locale":"pl_PL","og_type":"article","og_title":"Pasta truflowa Re Tart\u00fa Aromatyczna do Makaron\u00f3w i da\u0144 80 g - Mix Market - Supermarket z wszystkim co potrzeba","og_description":"Pasta Truflowy Salsa Tartufata RETARTU 80g SALSA TRUFLOWA wytwarzana z wysokiej jako\u015bci w\u0142oskich produkt\u00f3w Doskona\u0142a do potraw makaronowych, ravioli lub ciasta francuskiego. Wzbogacona oliw\u0105 z oliwek dla pozyskania lepszego smaku, aromatu i konsystencji. Cechy produktu: Idealna propozycja do da\u0144 Produkt wysokiej jako\u015bci Idealny smak z aromatem zi\u00f3\u0142 Sos truflowy Salsa Tartufata D&#8217;Amico 600g.&nbsp;Osza\u0142amiaj\u0105ca mieszanka czarnych [&hellip;]","og_url":"https:\/\/racom.com.pl\/index.php\/produkt\/pasta-truflowa-re-tartu-aromatyczna-do-makaronow-i-dan-80-g\/","og_site_name":"Mix Market - Supermarket z wszystkim co potrzeba","og_image":[{"width":750,"height":499,"url":"https:\/\/racom.com.pl\/wp-content\/uploads\/2025\/07\/allegro_687aa3c2762fd6.27780042_f37533e94c99a4bd8d3918d40086.jpg","type":"image\/jpeg"}],"twitter_card":"summary_large_image","twitter_misc":{"Szacowany czas czytania":"1 minuta"},"schema":{"@context":"https:\/\/schema.org","@graph":[{"@type":"WebPage","@id":"https:\/\/racom.com.pl\/index.php\/produkt\/pasta-truflowa-re-tartu-aromatyczna-do-makaronow-i-dan-80-g\/","url":"https:\/\/racom.com.pl\/index.php\/produkt\/pasta-truflowa-re-tartu-aromatyczna-do-makaronow-i-dan-80-g\/","name":"Pasta truflowa Re Tart\u00fa Aromatyczna do Makaron\u00f3w i da\u0144 80 g - Mix Market - Supermarket z wszystkim co potrzeba","isPartOf":{"@id":"https:\/\/racom.com.pl\/#website"},"primaryImageOfPage":{"@id":"https:\/\/racom.com.pl\/index.php\/produkt\/pasta-truflowa-re-tartu-aromatyczna-do-makaronow-i-dan-80-g\/#primaryimage"},"image":{"@id":"https:\/\/racom.com.pl\/index.php\/produkt\/pasta-truflowa-re-tartu-aromatyczna-do-makaronow-i-dan-80-g\/#primaryimage"},"thumbnailUrl":"https:\/\/racom.com.pl\/wp-content\/uploads\/2025\/07\/allegro_687aa3c2762fd6.27780042_f37533e94c99a4bd8d3918d40086.jpg","datePublished":"2025-07-18T19:41:25+00:00","breadcrumb":{"@id":"https:\/\/racom.com.pl\/index.php\/produkt\/pasta-truflowa-re-tartu-aromatyczna-do-makaronow-i-dan-80-g\/#breadcrumb"},"inLanguage":"pl-PL","potentialAction":[{"@type":"ReadAction","target":["https:\/\/racom.com.pl\/index.php\/produkt\/pasta-truflowa-re-tartu-aromatyczna-do-makaronow-i-dan-80-g\/"]}]},{"@type":"ImageObject","inLanguage":"pl-PL","@id":"https:\/\/racom.com.pl\/index.php\/produkt\/pasta-truflowa-re-tartu-aromatyczna-do-makaronow-i-dan-80-g\/#primaryimage","url":"https:\/\/racom.com.pl\/wp-content\/uploads\/2025\/07\/allegro_687aa3c2762fd6.27780042_f37533e94c99a4bd8d3918d40086.jpg","contentUrl":"https:\/\/racom.com.pl\/wp-content\/uploads\/2025\/07\/allegro_687aa3c2762fd6.27780042_f37533e94c99a4bd8d3918d40086.jpg","width":750,"height":499},{"@type":"BreadcrumbList","@id":"https:\/\/racom.com.pl\/index.php\/produkt\/pasta-truflowa-re-tartu-aromatyczna-do-makaronow-i-dan-80-g\/#breadcrumb","itemListElement":[{"@type":"ListItem","position":1,"name":"Strona g\u0142\u00f3wna","item":"https:\/\/racom.com.pl\/"},{"@type":"ListItem","position":2,"name":"Sklep","item":"https:\/\/racom.com.pl\/"},{"@type":"ListItem","position":3,"name":"Pasta truflowa Re Tart\u00fa Aromatyczna do Makaron\u00f3w i da\u0144 80 g"}]},{"@type":"WebSite","@id":"https:\/\/racom.com.pl\/#website","url":"https:\/\/racom.com.pl\/","name":"Mix Market - Supermarket z wszystkim co potrzeba do domu i nie tylko","description":"","publisher":{"@id":"https:\/\/racom.com.pl\/#organization"},"potentialAction":[{"@type":"SearchAction","target":{"@type":"EntryPoint","urlTemplate":"https:\/\/racom.com.pl\/?s={search_term_string}"},"query-input":{"@type":"PropertyValueSpecification","valueRequired":true,"valueName":"search_term_string"}}],"inLanguage":"pl-PL"},{"@type":"Organization","@id":"https:\/\/racom.com.pl\/#organization","name":"Mix Market - Supermarket z wszystkim co potrzeba do domu i nie tylko","url":"https:\/\/racom.com.pl\/","logo":{"@type":"ImageObject","inLanguage":"pl-PL","@id":"https:\/\/racom.com.pl\/#\/schema\/logo\/image\/","url":"https:\/\/racom.com.pl\/wp-content\/uploads\/2025\/07\/mixmarket_logo.png","contentUrl":"https:\/\/racom.com.pl\/wp-content\/uploads\/2025\/07\/mixmarket_logo.png","width":1024,"height":1024,"caption":"Mix Market - Supermarket z wszystkim co potrzeba do domu i nie tylko"},"image":{"@id":"https:\/\/racom.com.pl\/#\/schema\/logo\/image\/"}}]}},"_links":{"self":[{"href":"https:\/\/racom.com.pl\/index.php\/wp-json\/wp\/v2\/product\/2097","targetHints":{"allow":["GET"]}}],"collection":[{"href":"https:\/\/racom.com.pl\/index.php\/wp-json\/wp\/v2\/product"}],"about":[{"href":"https:\/\/racom.com.pl\/index.php\/wp-json\/wp\/v2\/types\/product"}],"replies":[{"embeddable":true,"href":"https:\/\/racom.com.pl\/index.php\/wp-json\/wp\/v2\/comments?post=2097"}],"wp:featuredmedia":[{"embeddable":true,"href":"https:\/\/racom.com.pl\/index.php\/wp-json\/wp\/v2\/media\/2104"}],"wp:attachment":[{"href":"https:\/\/racom.com.pl\/index.php\/wp-json\/wp\/v2\/media?parent=2097"}],"wp:term":[{"taxonomy":"product_brand","embeddable":true,"href":"https:\/\/racom.com.pl\/index.php\/wp-json\/wp\/v2\/product_brand?post=2097"},{"taxonomy":"product_cat","embeddable":true,"href":"https:\/\/racom.com.pl\/index.php\/wp-json\/wp\/v2\/product_cat?post=2097"},{"taxonomy":"product_tag","embeddable":true,"href":"https:\/\/racom.com.pl\/index.php\/wp-json\/wp\/v2\/product_tag?post=2097"}],"curies":[{"name":"wp","href":"https:\/\/api.w.org\/{rel}","templated":true}]}}