{"id":2109,"date":"2025-07-18T21:44:17","date_gmt":"2025-07-18T19:44:17","guid":{"rendered":"http:\/\/192.168.2.106\/index.php\/produkt\/knorr-zasmazka-ciemna-do-zageszczania-zup-i-sosow-duze-opakowanie-1-kg\/"},"modified":"2025-07-18T21:44:17","modified_gmt":"2025-07-18T19:44:17","slug":"knorr-zasmazka-ciemna-do-zageszczania-zup-i-sosow-duze-opakowanie-1-kg","status":"publish","type":"product","link":"https:\/\/racom.com.pl\/index.php\/produkt\/knorr-zasmazka-ciemna-do-zageszczania-zup-i-sosow-duze-opakowanie-1-kg\/","title":{"rendered":"Knorr Zasma\u017cka Ciemna do zag\u0119szczania Zup i Sos\u00f3w du\u017ce opakowanie 1 kg"},"content":{"rendered":"<h2>Knorr Zasma\u017cka ciemna 1 kg<\/h2>\n<p><b>Wyprodukowano z my\u015bl\u0105 o bran\u017cy gastronomicznej<\/b><\/p>\n<p>Zasma\u017cka ciemna Knorr jest znakomita do zag\u0119szczania zup i sos\u00f3w. Zag\u0119szcza potraw\u0119 bez zbryle\u0144. Posiada ca\u0142kowicie neutralny smak, zatem mo\u017cna dodawa\u0107 j\u0105 do wielu potraw, kt\u00f3rym nadaje g\u0142adk\u0105, zawiesist\u0105 konsystencj\u0119.<\/p>\n<p><b>Sk\u0142adniki:<\/b><\/p>\n<p>m\u0105ka PSZENNA, t\u0142uszcz palmowy, barwnik (karmel amoniakalny).<\/p>\n<p><b>Dodatki:<\/b><\/p>\n<ul>\n<li>Bez dodatku glutaminianu sodu<\/li>\n<li>Bez dodatku konserwant\u00f3w<\/li>\n<\/ul>\n<p><b>Alergeny:<\/b><\/p>\n<p>Bez laktozy<\/p>\n<p><b>Informacje dietetyczne:<\/b><\/p>\n<ul>\n<li>Odpowiedni dla wegan<\/li>\n<li>Odpowiedni dla wegetarian<\/li>\n<\/ul>\n<h2>Spos\u00f3b przygotowania:<\/h2>\n<p>Odmierzy\u0107 i zagotowa\u0107 odpowiedni\u0105 ilo\u015b\u0107 p\u0142ynu, jak: bulion, ciemna zupa lub sos. Doda\u0107 do niego zasma\u017ck\u0119 ciemn\u0105 i przy pomocy trzepaczki dobrze wymiesza\u0107. Gotowa\u0107 5 minut, mieszaj\u0105c od czasu do czasu. Doprawi\u0107 do smaku.<\/p>\n<p>Dozowanie:<\/p>\n<ul>\n<li>70 g\/1 L zupy<\/li>\n<li>100 g\/1 L sosu<\/li>\n<li>Dozowanie (zupa):<\/li>\n<li>Produkt 70 g \/ Zupa 1 L<\/li>\n<li>Produkt 1000 g\/ Zupa 14,3 L<\/li>\n<li>Dozowanie (sos):<\/li>\n<li>Produkt 100 g \/ Sos 1 L<\/li>\n<li>Produkt 1000 g \/ Sos 10 L<\/li>\n<\/ul>\n","protected":false},"excerpt":{"rendered":"<p>Knorr Zasma\u017cka ciemna 1 kg Wyprodukowano z my\u015bl\u0105 o bran\u017cy gastronomicznej Zasma\u017cka ciemna Knorr jest znakomita do zag\u0119szczania zup i sos\u00f3w. Zag\u0119szcza potraw\u0119 bez zbryle\u0144. Posiada ca\u0142kowicie neutralny smak, zatem mo\u017cna dodawa\u0107 j\u0105 do wielu potraw, kt\u00f3rym nadaje g\u0142adk\u0105, zawiesist\u0105 konsystencj\u0119. Sk\u0142adniki: m\u0105ka PSZENNA, t\u0142uszcz palmowy, barwnik (karmel amoniakalny). Dodatki: Bez dodatku glutaminianu sodu Bez [&hellip;]<\/p>\n","protected":false},"featured_media":2111,"comment_status":"open","ping_status":"closed","template":"","meta":[],"product_brand":[112],"product_cat":[128],"product_tag":[],"class_list":{"0":"post-2109","1":"product","2":"type-product","3":"status-publish","4":"has-post-thumbnail","6":"product_brand-knorr","7":"product_cat-dania-gotowe","9":"first","10":"instock","11":"taxable","12":"shipping-taxable","13":"purchasable","14":"product-type-simple"},"yoast_head":"<!-- This site is optimized with the Yoast SEO plugin v27.3 - https:\/\/yoast.com\/product\/yoast-seo-wordpress\/ -->\n<title>Knorr Zasma\u017cka Ciemna do zag\u0119szczania Zup i Sos\u00f3w du\u017ce opakowanie 1 kg - Mix Market - Supermarket z wszystkim co potrzeba<\/title>\n<meta name=\"robots\" content=\"index, follow, max-snippet:-1, max-image-preview:large, max-video-preview:-1\" \/>\n<link rel=\"canonical\" href=\"https:\/\/racom.com.pl\/index.php\/produkt\/knorr-zasmazka-ciemna-do-zageszczania-zup-i-sosow-duze-opakowanie-1-kg\/\" \/>\n<meta property=\"og:locale\" content=\"pl_PL\" \/>\n<meta property=\"og:type\" content=\"article\" \/>\n<meta property=\"og:title\" content=\"Knorr Zasma\u017cka Ciemna do zag\u0119szczania Zup i Sos\u00f3w du\u017ce opakowanie 1 kg - Mix Market - Supermarket z wszystkim co potrzeba\" \/>\n<meta property=\"og:description\" content=\"Knorr Zasma\u017cka ciemna 1 kg Wyprodukowano z my\u015bl\u0105 o bran\u017cy gastronomicznej Zasma\u017cka ciemna Knorr jest znakomita do zag\u0119szczania zup i sos\u00f3w. Zag\u0119szcza potraw\u0119 bez zbryle\u0144. Posiada ca\u0142kowicie neutralny smak, zatem mo\u017cna dodawa\u0107 j\u0105 do wielu potraw, kt\u00f3rym nadaje g\u0142adk\u0105, zawiesist\u0105 konsystencj\u0119. Sk\u0142adniki: m\u0105ka PSZENNA, t\u0142uszcz palmowy, barwnik (karmel amoniakalny). Dodatki: Bez dodatku glutaminianu sodu Bez [&hellip;]\" \/>\n<meta property=\"og:url\" content=\"https:\/\/racom.com.pl\/index.php\/produkt\/knorr-zasmazka-ciemna-do-zageszczania-zup-i-sosow-duze-opakowanie-1-kg\/\" \/>\n<meta property=\"og:site_name\" content=\"Mix Market - Supermarket z wszystkim co potrzeba\" \/>\n<meta property=\"og:image\" content=\"https:\/\/racom.com.pl\/wp-content\/uploads\/2025\/07\/allegro_687aa42f4a55e3.60388334_b7097e9e4fd892a23c0403e5aa7a.jpg\" \/>\n\t<meta property=\"og:image:width\" content=\"1230\" \/>\n\t<meta property=\"og:image:height\" content=\"1232\" \/>\n\t<meta property=\"og:image:type\" content=\"image\/jpeg\" \/>\n<meta name=\"twitter:card\" content=\"summary_large_image\" \/>\n<meta name=\"twitter:label1\" content=\"Szacowany czas czytania\" \/>\n\t<meta name=\"twitter:data1\" content=\"1 minuta\" \/>\n<script type=\"application\/ld+json\" class=\"yoast-schema-graph\">{\"@context\":\"https:\\\/\\\/schema.org\",\"@graph\":[{\"@type\":\"WebPage\",\"@id\":\"https:\\\/\\\/racom.com.pl\\\/index.php\\\/produkt\\\/knorr-zasmazka-ciemna-do-zageszczania-zup-i-sosow-duze-opakowanie-1-kg\\\/\",\"url\":\"https:\\\/\\\/racom.com.pl\\\/index.php\\\/produkt\\\/knorr-zasmazka-ciemna-do-zageszczania-zup-i-sosow-duze-opakowanie-1-kg\\\/\",\"name\":\"Knorr Zasma\u017cka Ciemna do zag\u0119szczania Zup i Sos\u00f3w du\u017ce opakowanie 1 kg - Mix Market - Supermarket z wszystkim co potrzeba\",\"isPartOf\":{\"@id\":\"https:\\\/\\\/racom.com.pl\\\/#website\"},\"primaryImageOfPage\":{\"@id\":\"https:\\\/\\\/racom.com.pl\\\/index.php\\\/produkt\\\/knorr-zasmazka-ciemna-do-zageszczania-zup-i-sosow-duze-opakowanie-1-kg\\\/#primaryimage\"},\"image\":{\"@id\":\"https:\\\/\\\/racom.com.pl\\\/index.php\\\/produkt\\\/knorr-zasmazka-ciemna-do-zageszczania-zup-i-sosow-duze-opakowanie-1-kg\\\/#primaryimage\"},\"thumbnailUrl\":\"https:\\\/\\\/racom.com.pl\\\/wp-content\\\/uploads\\\/2025\\\/07\\\/allegro_687aa42f4a55e3.60388334_b7097e9e4fd892a23c0403e5aa7a.jpg\",\"datePublished\":\"2025-07-18T19:44:17+00:00\",\"breadcrumb\":{\"@id\":\"https:\\\/\\\/racom.com.pl\\\/index.php\\\/produkt\\\/knorr-zasmazka-ciemna-do-zageszczania-zup-i-sosow-duze-opakowanie-1-kg\\\/#breadcrumb\"},\"inLanguage\":\"pl-PL\",\"potentialAction\":[{\"@type\":\"ReadAction\",\"target\":[\"https:\\\/\\\/racom.com.pl\\\/index.php\\\/produkt\\\/knorr-zasmazka-ciemna-do-zageszczania-zup-i-sosow-duze-opakowanie-1-kg\\\/\"]}]},{\"@type\":\"ImageObject\",\"inLanguage\":\"pl-PL\",\"@id\":\"https:\\\/\\\/racom.com.pl\\\/index.php\\\/produkt\\\/knorr-zasmazka-ciemna-do-zageszczania-zup-i-sosow-duze-opakowanie-1-kg\\\/#primaryimage\",\"url\":\"https:\\\/\\\/racom.com.pl\\\/wp-content\\\/uploads\\\/2025\\\/07\\\/allegro_687aa42f4a55e3.60388334_b7097e9e4fd892a23c0403e5aa7a.jpg\",\"contentUrl\":\"https:\\\/\\\/racom.com.pl\\\/wp-content\\\/uploads\\\/2025\\\/07\\\/allegro_687aa42f4a55e3.60388334_b7097e9e4fd892a23c0403e5aa7a.jpg\",\"width\":1230,\"height\":1232},{\"@type\":\"BreadcrumbList\",\"@id\":\"https:\\\/\\\/racom.com.pl\\\/index.php\\\/produkt\\\/knorr-zasmazka-ciemna-do-zageszczania-zup-i-sosow-duze-opakowanie-1-kg\\\/#breadcrumb\",\"itemListElement\":[{\"@type\":\"ListItem\",\"position\":1,\"name\":\"Strona g\u0142\u00f3wna\",\"item\":\"https:\\\/\\\/racom.com.pl\\\/\"},{\"@type\":\"ListItem\",\"position\":2,\"name\":\"Sklep\",\"item\":\"https:\\\/\\\/racom.com.pl\\\/\"},{\"@type\":\"ListItem\",\"position\":3,\"name\":\"Knorr Zasma\u017cka Ciemna do zag\u0119szczania Zup i Sos\u00f3w du\u017ce opakowanie 1 kg\"}]},{\"@type\":\"WebSite\",\"@id\":\"https:\\\/\\\/racom.com.pl\\\/#website\",\"url\":\"https:\\\/\\\/racom.com.pl\\\/\",\"name\":\"Mix Market - Supermarket z wszystkim co potrzeba do domu i nie tylko\",\"description\":\"\",\"publisher\":{\"@id\":\"https:\\\/\\\/racom.com.pl\\\/#organization\"},\"potentialAction\":[{\"@type\":\"SearchAction\",\"target\":{\"@type\":\"EntryPoint\",\"urlTemplate\":\"https:\\\/\\\/racom.com.pl\\\/?s={search_term_string}\"},\"query-input\":{\"@type\":\"PropertyValueSpecification\",\"valueRequired\":true,\"valueName\":\"search_term_string\"}}],\"inLanguage\":\"pl-PL\"},{\"@type\":\"Organization\",\"@id\":\"https:\\\/\\\/racom.com.pl\\\/#organization\",\"name\":\"Mix Market - Supermarket z wszystkim co potrzeba do domu i nie tylko\",\"url\":\"https:\\\/\\\/racom.com.pl\\\/\",\"logo\":{\"@type\":\"ImageObject\",\"inLanguage\":\"pl-PL\",\"@id\":\"https:\\\/\\\/racom.com.pl\\\/#\\\/schema\\\/logo\\\/image\\\/\",\"url\":\"https:\\\/\\\/racom.com.pl\\\/wp-content\\\/uploads\\\/2025\\\/07\\\/mixmarket_logo.png\",\"contentUrl\":\"https:\\\/\\\/racom.com.pl\\\/wp-content\\\/uploads\\\/2025\\\/07\\\/mixmarket_logo.png\",\"width\":1024,\"height\":1024,\"caption\":\"Mix Market - Supermarket z wszystkim co potrzeba do domu i nie tylko\"},\"image\":{\"@id\":\"https:\\\/\\\/racom.com.pl\\\/#\\\/schema\\\/logo\\\/image\\\/\"}}]}<\/script>\n<!-- \/ Yoast SEO plugin. -->","yoast_head_json":{"title":"Knorr Zasma\u017cka Ciemna do zag\u0119szczania Zup i Sos\u00f3w du\u017ce opakowanie 1 kg - Mix Market - Supermarket z wszystkim co potrzeba","robots":{"index":"index","follow":"follow","max-snippet":"max-snippet:-1","max-image-preview":"max-image-preview:large","max-video-preview":"max-video-preview:-1"},"canonical":"https:\/\/racom.com.pl\/index.php\/produkt\/knorr-zasmazka-ciemna-do-zageszczania-zup-i-sosow-duze-opakowanie-1-kg\/","og_locale":"pl_PL","og_type":"article","og_title":"Knorr Zasma\u017cka Ciemna do zag\u0119szczania Zup i Sos\u00f3w du\u017ce opakowanie 1 kg - Mix Market - Supermarket z wszystkim co potrzeba","og_description":"Knorr Zasma\u017cka ciemna 1 kg Wyprodukowano z my\u015bl\u0105 o bran\u017cy gastronomicznej Zasma\u017cka ciemna Knorr jest znakomita do zag\u0119szczania zup i sos\u00f3w. Zag\u0119szcza potraw\u0119 bez zbryle\u0144. Posiada ca\u0142kowicie neutralny smak, zatem mo\u017cna dodawa\u0107 j\u0105 do wielu potraw, kt\u00f3rym nadaje g\u0142adk\u0105, zawiesist\u0105 konsystencj\u0119. Sk\u0142adniki: m\u0105ka PSZENNA, t\u0142uszcz palmowy, barwnik (karmel amoniakalny). Dodatki: Bez dodatku glutaminianu sodu Bez [&hellip;]","og_url":"https:\/\/racom.com.pl\/index.php\/produkt\/knorr-zasmazka-ciemna-do-zageszczania-zup-i-sosow-duze-opakowanie-1-kg\/","og_site_name":"Mix Market - Supermarket z wszystkim co potrzeba","og_image":[{"width":1230,"height":1232,"url":"https:\/\/racom.com.pl\/wp-content\/uploads\/2025\/07\/allegro_687aa42f4a55e3.60388334_b7097e9e4fd892a23c0403e5aa7a.jpg","type":"image\/jpeg"}],"twitter_card":"summary_large_image","twitter_misc":{"Szacowany czas czytania":"1 minuta"},"schema":{"@context":"https:\/\/schema.org","@graph":[{"@type":"WebPage","@id":"https:\/\/racom.com.pl\/index.php\/produkt\/knorr-zasmazka-ciemna-do-zageszczania-zup-i-sosow-duze-opakowanie-1-kg\/","url":"https:\/\/racom.com.pl\/index.php\/produkt\/knorr-zasmazka-ciemna-do-zageszczania-zup-i-sosow-duze-opakowanie-1-kg\/","name":"Knorr Zasma\u017cka Ciemna do zag\u0119szczania Zup i Sos\u00f3w du\u017ce opakowanie 1 kg - Mix Market - Supermarket z wszystkim co potrzeba","isPartOf":{"@id":"https:\/\/racom.com.pl\/#website"},"primaryImageOfPage":{"@id":"https:\/\/racom.com.pl\/index.php\/produkt\/knorr-zasmazka-ciemna-do-zageszczania-zup-i-sosow-duze-opakowanie-1-kg\/#primaryimage"},"image":{"@id":"https:\/\/racom.com.pl\/index.php\/produkt\/knorr-zasmazka-ciemna-do-zageszczania-zup-i-sosow-duze-opakowanie-1-kg\/#primaryimage"},"thumbnailUrl":"https:\/\/racom.com.pl\/wp-content\/uploads\/2025\/07\/allegro_687aa42f4a55e3.60388334_b7097e9e4fd892a23c0403e5aa7a.jpg","datePublished":"2025-07-18T19:44:17+00:00","breadcrumb":{"@id":"https:\/\/racom.com.pl\/index.php\/produkt\/knorr-zasmazka-ciemna-do-zageszczania-zup-i-sosow-duze-opakowanie-1-kg\/#breadcrumb"},"inLanguage":"pl-PL","potentialAction":[{"@type":"ReadAction","target":["https:\/\/racom.com.pl\/index.php\/produkt\/knorr-zasmazka-ciemna-do-zageszczania-zup-i-sosow-duze-opakowanie-1-kg\/"]}]},{"@type":"ImageObject","inLanguage":"pl-PL","@id":"https:\/\/racom.com.pl\/index.php\/produkt\/knorr-zasmazka-ciemna-do-zageszczania-zup-i-sosow-duze-opakowanie-1-kg\/#primaryimage","url":"https:\/\/racom.com.pl\/wp-content\/uploads\/2025\/07\/allegro_687aa42f4a55e3.60388334_b7097e9e4fd892a23c0403e5aa7a.jpg","contentUrl":"https:\/\/racom.com.pl\/wp-content\/uploads\/2025\/07\/allegro_687aa42f4a55e3.60388334_b7097e9e4fd892a23c0403e5aa7a.jpg","width":1230,"height":1232},{"@type":"BreadcrumbList","@id":"https:\/\/racom.com.pl\/index.php\/produkt\/knorr-zasmazka-ciemna-do-zageszczania-zup-i-sosow-duze-opakowanie-1-kg\/#breadcrumb","itemListElement":[{"@type":"ListItem","position":1,"name":"Strona g\u0142\u00f3wna","item":"https:\/\/racom.com.pl\/"},{"@type":"ListItem","position":2,"name":"Sklep","item":"https:\/\/racom.com.pl\/"},{"@type":"ListItem","position":3,"name":"Knorr Zasma\u017cka Ciemna do zag\u0119szczania Zup i Sos\u00f3w du\u017ce opakowanie 1 kg"}]},{"@type":"WebSite","@id":"https:\/\/racom.com.pl\/#website","url":"https:\/\/racom.com.pl\/","name":"Mix Market - Supermarket z wszystkim co potrzeba do domu i nie tylko","description":"","publisher":{"@id":"https:\/\/racom.com.pl\/#organization"},"potentialAction":[{"@type":"SearchAction","target":{"@type":"EntryPoint","urlTemplate":"https:\/\/racom.com.pl\/?s={search_term_string}"},"query-input":{"@type":"PropertyValueSpecification","valueRequired":true,"valueName":"search_term_string"}}],"inLanguage":"pl-PL"},{"@type":"Organization","@id":"https:\/\/racom.com.pl\/#organization","name":"Mix Market - Supermarket z wszystkim co potrzeba do domu i nie tylko","url":"https:\/\/racom.com.pl\/","logo":{"@type":"ImageObject","inLanguage":"pl-PL","@id":"https:\/\/racom.com.pl\/#\/schema\/logo\/image\/","url":"https:\/\/racom.com.pl\/wp-content\/uploads\/2025\/07\/mixmarket_logo.png","contentUrl":"https:\/\/racom.com.pl\/wp-content\/uploads\/2025\/07\/mixmarket_logo.png","width":1024,"height":1024,"caption":"Mix Market - Supermarket z wszystkim co potrzeba do domu i nie tylko"},"image":{"@id":"https:\/\/racom.com.pl\/#\/schema\/logo\/image\/"}}]}},"_links":{"self":[{"href":"https:\/\/racom.com.pl\/index.php\/wp-json\/wp\/v2\/product\/2109","targetHints":{"allow":["GET"]}}],"collection":[{"href":"https:\/\/racom.com.pl\/index.php\/wp-json\/wp\/v2\/product"}],"about":[{"href":"https:\/\/racom.com.pl\/index.php\/wp-json\/wp\/v2\/types\/product"}],"replies":[{"embeddable":true,"href":"https:\/\/racom.com.pl\/index.php\/wp-json\/wp\/v2\/comments?post=2109"}],"wp:featuredmedia":[{"embeddable":true,"href":"https:\/\/racom.com.pl\/index.php\/wp-json\/wp\/v2\/media\/2111"}],"wp:attachment":[{"href":"https:\/\/racom.com.pl\/index.php\/wp-json\/wp\/v2\/media?parent=2109"}],"wp:term":[{"taxonomy":"product_brand","embeddable":true,"href":"https:\/\/racom.com.pl\/index.php\/wp-json\/wp\/v2\/product_brand?post=2109"},{"taxonomy":"product_cat","embeddable":true,"href":"https:\/\/racom.com.pl\/index.php\/wp-json\/wp\/v2\/product_cat?post=2109"},{"taxonomy":"product_tag","embeddable":true,"href":"https:\/\/racom.com.pl\/index.php\/wp-json\/wp\/v2\/product_tag?post=2109"}],"curies":[{"name":"wp","href":"https:\/\/api.w.org\/{rel}","templated":true}]}}