{"id":2112,"date":"2025-07-18T21:44:59","date_gmt":"2025-07-18T19:44:59","guid":{"rendered":"http:\/\/192.168.2.106\/index.php\/produkt\/knorr-zasmazka-jasna-do-zageszczania-zup-i-sosow-duze-opakowanie-1-kg\/"},"modified":"2025-07-18T21:44:59","modified_gmt":"2025-07-18T19:44:59","slug":"knorr-zasmazka-jasna-do-zageszczania-zup-i-sosow-duze-opakowanie-1-kg","status":"publish","type":"product","link":"https:\/\/racom.com.pl\/index.php\/produkt\/knorr-zasmazka-jasna-do-zageszczania-zup-i-sosow-duze-opakowanie-1-kg\/","title":{"rendered":"Knorr Zasma\u017cka Jasna do zag\u0119szczania Zup i Sos\u00f3w du\u017ce opakowanie 1 kg"},"content":{"rendered":"<h2>Knorr &#8211; Zasma\u017cka jasna &#8211; 1kg<\/h2>\n<p>Zasma\u017cka jasna, znakomita do zag\u0119szczania zup i sos\u00f3w.<\/p>\n<p><b>Spos\u00f3b przygotowania: &nbsp;<\/b>Odmierzy\u0107 i zagotowa\u0107 odpowiedni\u0105 ilo\u015b\u0107 p\u0142ynu, jak: bulion, mleko, sos powsta\u0142y po sma\u017ceniu mi\u0119sa, ryb lub drobiu. Doda\u0107 do niego zasma\u017ck\u0119 jasn\u0105 i przy pomocy trzepaczki dobrze wymiesza\u0107. Gotowa\u0107 5 minut, mieszaj\u0105c od czasu do czasu. Doprawi\u0107 do smaku.<\/p>\n<p><b>Dozowanie (zupa):<\/b><\/p>\n<ul>\n<li>Produkt 70g \/ Zupa 1 litr<\/li>\n<li>Produkt 1000g \/ Zupa 14,3 litra<\/li>\n<\/ul>\n<p><b>Dozowanie (sos):<\/b><\/p>\n<ul>\n<li>Produkt 100g \/ Sos 1 litr<\/li>\n<li>Produkt 1000g \/ Sos 10 litr\u00f3w<\/li>\n<\/ul>\n<p><b>Sk\u0142adniki<\/b>: m\u0105ka PSZENNA, t\u0142uszcz palmowy.<\/p>\n<p>Zawiera pszenic\u0119.<\/p>\n<p><b>Przechowywanie:<\/b> 18 miesi\u0119cy od daty produkcji. Przechowywa\u0107 w suchym, ch\u0142odnym i zaciemnionym miejscu.<\/p>\n<ul>\n<li>Marka: Knorr<\/li>\n<li>Producent: Unilever Food Solutions<\/li>\n<li>Opakowanie: wiaderko<\/li>\n<li>Waga: 1000 g<\/li>\n<li>Waga z opakowaniem: 1.2 kg<\/li>\n<\/ul>\n","protected":false},"excerpt":{"rendered":"<p>Knorr &#8211; Zasma\u017cka jasna &#8211; 1kg Zasma\u017cka jasna, znakomita do zag\u0119szczania zup i sos\u00f3w. Spos\u00f3b przygotowania: &nbsp;Odmierzy\u0107 i zagotowa\u0107 odpowiedni\u0105 ilo\u015b\u0107 p\u0142ynu, jak: bulion, mleko, sos powsta\u0142y po sma\u017ceniu mi\u0119sa, ryb lub drobiu. Doda\u0107 do niego zasma\u017ck\u0119 jasn\u0105 i przy pomocy trzepaczki dobrze wymiesza\u0107. Gotowa\u0107 5 minut, mieszaj\u0105c od czasu do czasu. Doprawi\u0107 do smaku. [&hellip;]<\/p>\n","protected":false},"featured_media":2114,"comment_status":"open","ping_status":"closed","template":"","meta":[],"product_brand":[112],"product_cat":[128],"product_tag":[],"class_list":{"0":"post-2112","1":"product","2":"type-product","3":"status-publish","4":"has-post-thumbnail","6":"product_brand-knorr","7":"product_cat-dania-gotowe","9":"first","10":"instock","11":"taxable","12":"shipping-taxable","13":"purchasable","14":"product-type-simple"},"yoast_head":"<!-- This site is optimized with the Yoast SEO plugin v27.3 - https:\/\/yoast.com\/product\/yoast-seo-wordpress\/ -->\n<title>Knorr Zasma\u017cka Jasna do zag\u0119szczania Zup i Sos\u00f3w du\u017ce opakowanie 1 kg - Mix Market - Supermarket z wszystkim co potrzeba<\/title>\n<meta name=\"robots\" content=\"index, follow, max-snippet:-1, max-image-preview:large, max-video-preview:-1\" \/>\n<link rel=\"canonical\" href=\"https:\/\/racom.com.pl\/index.php\/produkt\/knorr-zasmazka-jasna-do-zageszczania-zup-i-sosow-duze-opakowanie-1-kg\/\" \/>\n<meta property=\"og:locale\" content=\"pl_PL\" \/>\n<meta property=\"og:type\" content=\"article\" \/>\n<meta property=\"og:title\" content=\"Knorr Zasma\u017cka Jasna do zag\u0119szczania Zup i Sos\u00f3w du\u017ce opakowanie 1 kg - Mix Market - Supermarket z wszystkim co potrzeba\" \/>\n<meta property=\"og:description\" content=\"Knorr &#8211; Zasma\u017cka jasna &#8211; 1kg Zasma\u017cka jasna, znakomita do zag\u0119szczania zup i sos\u00f3w. Spos\u00f3b przygotowania: &nbsp;Odmierzy\u0107 i zagotowa\u0107 odpowiedni\u0105 ilo\u015b\u0107 p\u0142ynu, jak: bulion, mleko, sos powsta\u0142y po sma\u017ceniu mi\u0119sa, ryb lub drobiu. Doda\u0107 do niego zasma\u017ck\u0119 jasn\u0105 i przy pomocy trzepaczki dobrze wymiesza\u0107. Gotowa\u0107 5 minut, mieszaj\u0105c od czasu do czasu. Doprawi\u0107 do smaku. [&hellip;]\" \/>\n<meta property=\"og:url\" content=\"https:\/\/racom.com.pl\/index.php\/produkt\/knorr-zasmazka-jasna-do-zageszczania-zup-i-sosow-duze-opakowanie-1-kg\/\" \/>\n<meta property=\"og:site_name\" content=\"Mix Market - Supermarket z wszystkim co potrzeba\" \/>\n<meta property=\"og:image\" content=\"https:\/\/racom.com.pl\/wp-content\/uploads\/2025\/07\/allegro_687aa471b90667.59417720_8331b38a4d71b9616371f9c8fd5d.jpg\" \/>\n\t<meta property=\"og:image:width\" content=\"2365\" \/>\n\t<meta property=\"og:image:height\" content=\"2365\" \/>\n\t<meta property=\"og:image:type\" content=\"image\/jpeg\" \/>\n<meta name=\"twitter:card\" content=\"summary_large_image\" \/>\n<meta name=\"twitter:label1\" content=\"Szacowany czas czytania\" \/>\n\t<meta name=\"twitter:data1\" content=\"1 minuta\" \/>\n<script type=\"application\/ld+json\" class=\"yoast-schema-graph\">{\"@context\":\"https:\\\/\\\/schema.org\",\"@graph\":[{\"@type\":\"WebPage\",\"@id\":\"https:\\\/\\\/racom.com.pl\\\/index.php\\\/produkt\\\/knorr-zasmazka-jasna-do-zageszczania-zup-i-sosow-duze-opakowanie-1-kg\\\/\",\"url\":\"https:\\\/\\\/racom.com.pl\\\/index.php\\\/produkt\\\/knorr-zasmazka-jasna-do-zageszczania-zup-i-sosow-duze-opakowanie-1-kg\\\/\",\"name\":\"Knorr Zasma\u017cka Jasna do zag\u0119szczania Zup i Sos\u00f3w du\u017ce opakowanie 1 kg - Mix Market - Supermarket z wszystkim co potrzeba\",\"isPartOf\":{\"@id\":\"https:\\\/\\\/racom.com.pl\\\/#website\"},\"primaryImageOfPage\":{\"@id\":\"https:\\\/\\\/racom.com.pl\\\/index.php\\\/produkt\\\/knorr-zasmazka-jasna-do-zageszczania-zup-i-sosow-duze-opakowanie-1-kg\\\/#primaryimage\"},\"image\":{\"@id\":\"https:\\\/\\\/racom.com.pl\\\/index.php\\\/produkt\\\/knorr-zasmazka-jasna-do-zageszczania-zup-i-sosow-duze-opakowanie-1-kg\\\/#primaryimage\"},\"thumbnailUrl\":\"https:\\\/\\\/racom.com.pl\\\/wp-content\\\/uploads\\\/2025\\\/07\\\/allegro_687aa471b90667.59417720_8331b38a4d71b9616371f9c8fd5d.jpg\",\"datePublished\":\"2025-07-18T19:44:59+00:00\",\"breadcrumb\":{\"@id\":\"https:\\\/\\\/racom.com.pl\\\/index.php\\\/produkt\\\/knorr-zasmazka-jasna-do-zageszczania-zup-i-sosow-duze-opakowanie-1-kg\\\/#breadcrumb\"},\"inLanguage\":\"pl-PL\",\"potentialAction\":[{\"@type\":\"ReadAction\",\"target\":[\"https:\\\/\\\/racom.com.pl\\\/index.php\\\/produkt\\\/knorr-zasmazka-jasna-do-zageszczania-zup-i-sosow-duze-opakowanie-1-kg\\\/\"]}]},{\"@type\":\"ImageObject\",\"inLanguage\":\"pl-PL\",\"@id\":\"https:\\\/\\\/racom.com.pl\\\/index.php\\\/produkt\\\/knorr-zasmazka-jasna-do-zageszczania-zup-i-sosow-duze-opakowanie-1-kg\\\/#primaryimage\",\"url\":\"https:\\\/\\\/racom.com.pl\\\/wp-content\\\/uploads\\\/2025\\\/07\\\/allegro_687aa471b90667.59417720_8331b38a4d71b9616371f9c8fd5d.jpg\",\"contentUrl\":\"https:\\\/\\\/racom.com.pl\\\/wp-content\\\/uploads\\\/2025\\\/07\\\/allegro_687aa471b90667.59417720_8331b38a4d71b9616371f9c8fd5d.jpg\",\"width\":2365,\"height\":2365},{\"@type\":\"BreadcrumbList\",\"@id\":\"https:\\\/\\\/racom.com.pl\\\/index.php\\\/produkt\\\/knorr-zasmazka-jasna-do-zageszczania-zup-i-sosow-duze-opakowanie-1-kg\\\/#breadcrumb\",\"itemListElement\":[{\"@type\":\"ListItem\",\"position\":1,\"name\":\"Strona g\u0142\u00f3wna\",\"item\":\"https:\\\/\\\/racom.com.pl\\\/\"},{\"@type\":\"ListItem\",\"position\":2,\"name\":\"Sklep\",\"item\":\"https:\\\/\\\/racom.com.pl\\\/\"},{\"@type\":\"ListItem\",\"position\":3,\"name\":\"Knorr Zasma\u017cka Jasna do zag\u0119szczania Zup i Sos\u00f3w du\u017ce opakowanie 1 kg\"}]},{\"@type\":\"WebSite\",\"@id\":\"https:\\\/\\\/racom.com.pl\\\/#website\",\"url\":\"https:\\\/\\\/racom.com.pl\\\/\",\"name\":\"Mix Market - Supermarket z wszystkim co potrzeba do domu i nie tylko\",\"description\":\"\",\"publisher\":{\"@id\":\"https:\\\/\\\/racom.com.pl\\\/#organization\"},\"potentialAction\":[{\"@type\":\"SearchAction\",\"target\":{\"@type\":\"EntryPoint\",\"urlTemplate\":\"https:\\\/\\\/racom.com.pl\\\/?s={search_term_string}\"},\"query-input\":{\"@type\":\"PropertyValueSpecification\",\"valueRequired\":true,\"valueName\":\"search_term_string\"}}],\"inLanguage\":\"pl-PL\"},{\"@type\":\"Organization\",\"@id\":\"https:\\\/\\\/racom.com.pl\\\/#organization\",\"name\":\"Mix Market - Supermarket z wszystkim co potrzeba do domu i nie tylko\",\"url\":\"https:\\\/\\\/racom.com.pl\\\/\",\"logo\":{\"@type\":\"ImageObject\",\"inLanguage\":\"pl-PL\",\"@id\":\"https:\\\/\\\/racom.com.pl\\\/#\\\/schema\\\/logo\\\/image\\\/\",\"url\":\"https:\\\/\\\/racom.com.pl\\\/wp-content\\\/uploads\\\/2025\\\/07\\\/mixmarket_logo.png\",\"contentUrl\":\"https:\\\/\\\/racom.com.pl\\\/wp-content\\\/uploads\\\/2025\\\/07\\\/mixmarket_logo.png\",\"width\":1024,\"height\":1024,\"caption\":\"Mix Market - Supermarket z wszystkim co potrzeba do domu i nie tylko\"},\"image\":{\"@id\":\"https:\\\/\\\/racom.com.pl\\\/#\\\/schema\\\/logo\\\/image\\\/\"}}]}<\/script>\n<!-- \/ Yoast SEO plugin. -->","yoast_head_json":{"title":"Knorr Zasma\u017cka Jasna do zag\u0119szczania Zup i Sos\u00f3w du\u017ce opakowanie 1 kg - Mix Market - Supermarket z wszystkim co potrzeba","robots":{"index":"index","follow":"follow","max-snippet":"max-snippet:-1","max-image-preview":"max-image-preview:large","max-video-preview":"max-video-preview:-1"},"canonical":"https:\/\/racom.com.pl\/index.php\/produkt\/knorr-zasmazka-jasna-do-zageszczania-zup-i-sosow-duze-opakowanie-1-kg\/","og_locale":"pl_PL","og_type":"article","og_title":"Knorr Zasma\u017cka Jasna do zag\u0119szczania Zup i Sos\u00f3w du\u017ce opakowanie 1 kg - Mix Market - Supermarket z wszystkim co potrzeba","og_description":"Knorr &#8211; Zasma\u017cka jasna &#8211; 1kg Zasma\u017cka jasna, znakomita do zag\u0119szczania zup i sos\u00f3w. Spos\u00f3b przygotowania: &nbsp;Odmierzy\u0107 i zagotowa\u0107 odpowiedni\u0105 ilo\u015b\u0107 p\u0142ynu, jak: bulion, mleko, sos powsta\u0142y po sma\u017ceniu mi\u0119sa, ryb lub drobiu. Doda\u0107 do niego zasma\u017ck\u0119 jasn\u0105 i przy pomocy trzepaczki dobrze wymiesza\u0107. Gotowa\u0107 5 minut, mieszaj\u0105c od czasu do czasu. Doprawi\u0107 do smaku. [&hellip;]","og_url":"https:\/\/racom.com.pl\/index.php\/produkt\/knorr-zasmazka-jasna-do-zageszczania-zup-i-sosow-duze-opakowanie-1-kg\/","og_site_name":"Mix Market - Supermarket z wszystkim co potrzeba","og_image":[{"width":2365,"height":2365,"url":"https:\/\/racom.com.pl\/wp-content\/uploads\/2025\/07\/allegro_687aa471b90667.59417720_8331b38a4d71b9616371f9c8fd5d.jpg","type":"image\/jpeg"}],"twitter_card":"summary_large_image","twitter_misc":{"Szacowany czas czytania":"1 minuta"},"schema":{"@context":"https:\/\/schema.org","@graph":[{"@type":"WebPage","@id":"https:\/\/racom.com.pl\/index.php\/produkt\/knorr-zasmazka-jasna-do-zageszczania-zup-i-sosow-duze-opakowanie-1-kg\/","url":"https:\/\/racom.com.pl\/index.php\/produkt\/knorr-zasmazka-jasna-do-zageszczania-zup-i-sosow-duze-opakowanie-1-kg\/","name":"Knorr Zasma\u017cka Jasna do zag\u0119szczania Zup i Sos\u00f3w du\u017ce opakowanie 1 kg - Mix Market - Supermarket z wszystkim co potrzeba","isPartOf":{"@id":"https:\/\/racom.com.pl\/#website"},"primaryImageOfPage":{"@id":"https:\/\/racom.com.pl\/index.php\/produkt\/knorr-zasmazka-jasna-do-zageszczania-zup-i-sosow-duze-opakowanie-1-kg\/#primaryimage"},"image":{"@id":"https:\/\/racom.com.pl\/index.php\/produkt\/knorr-zasmazka-jasna-do-zageszczania-zup-i-sosow-duze-opakowanie-1-kg\/#primaryimage"},"thumbnailUrl":"https:\/\/racom.com.pl\/wp-content\/uploads\/2025\/07\/allegro_687aa471b90667.59417720_8331b38a4d71b9616371f9c8fd5d.jpg","datePublished":"2025-07-18T19:44:59+00:00","breadcrumb":{"@id":"https:\/\/racom.com.pl\/index.php\/produkt\/knorr-zasmazka-jasna-do-zageszczania-zup-i-sosow-duze-opakowanie-1-kg\/#breadcrumb"},"inLanguage":"pl-PL","potentialAction":[{"@type":"ReadAction","target":["https:\/\/racom.com.pl\/index.php\/produkt\/knorr-zasmazka-jasna-do-zageszczania-zup-i-sosow-duze-opakowanie-1-kg\/"]}]},{"@type":"ImageObject","inLanguage":"pl-PL","@id":"https:\/\/racom.com.pl\/index.php\/produkt\/knorr-zasmazka-jasna-do-zageszczania-zup-i-sosow-duze-opakowanie-1-kg\/#primaryimage","url":"https:\/\/racom.com.pl\/wp-content\/uploads\/2025\/07\/allegro_687aa471b90667.59417720_8331b38a4d71b9616371f9c8fd5d.jpg","contentUrl":"https:\/\/racom.com.pl\/wp-content\/uploads\/2025\/07\/allegro_687aa471b90667.59417720_8331b38a4d71b9616371f9c8fd5d.jpg","width":2365,"height":2365},{"@type":"BreadcrumbList","@id":"https:\/\/racom.com.pl\/index.php\/produkt\/knorr-zasmazka-jasna-do-zageszczania-zup-i-sosow-duze-opakowanie-1-kg\/#breadcrumb","itemListElement":[{"@type":"ListItem","position":1,"name":"Strona g\u0142\u00f3wna","item":"https:\/\/racom.com.pl\/"},{"@type":"ListItem","position":2,"name":"Sklep","item":"https:\/\/racom.com.pl\/"},{"@type":"ListItem","position":3,"name":"Knorr Zasma\u017cka Jasna do zag\u0119szczania Zup i Sos\u00f3w du\u017ce opakowanie 1 kg"}]},{"@type":"WebSite","@id":"https:\/\/racom.com.pl\/#website","url":"https:\/\/racom.com.pl\/","name":"Mix Market - Supermarket z wszystkim co potrzeba do domu i nie tylko","description":"","publisher":{"@id":"https:\/\/racom.com.pl\/#organization"},"potentialAction":[{"@type":"SearchAction","target":{"@type":"EntryPoint","urlTemplate":"https:\/\/racom.com.pl\/?s={search_term_string}"},"query-input":{"@type":"PropertyValueSpecification","valueRequired":true,"valueName":"search_term_string"}}],"inLanguage":"pl-PL"},{"@type":"Organization","@id":"https:\/\/racom.com.pl\/#organization","name":"Mix Market - Supermarket z wszystkim co potrzeba do domu i nie tylko","url":"https:\/\/racom.com.pl\/","logo":{"@type":"ImageObject","inLanguage":"pl-PL","@id":"https:\/\/racom.com.pl\/#\/schema\/logo\/image\/","url":"https:\/\/racom.com.pl\/wp-content\/uploads\/2025\/07\/mixmarket_logo.png","contentUrl":"https:\/\/racom.com.pl\/wp-content\/uploads\/2025\/07\/mixmarket_logo.png","width":1024,"height":1024,"caption":"Mix Market - Supermarket z wszystkim co potrzeba do domu i nie tylko"},"image":{"@id":"https:\/\/racom.com.pl\/#\/schema\/logo\/image\/"}}]}},"_links":{"self":[{"href":"https:\/\/racom.com.pl\/index.php\/wp-json\/wp\/v2\/product\/2112","targetHints":{"allow":["GET"]}}],"collection":[{"href":"https:\/\/racom.com.pl\/index.php\/wp-json\/wp\/v2\/product"}],"about":[{"href":"https:\/\/racom.com.pl\/index.php\/wp-json\/wp\/v2\/types\/product"}],"replies":[{"embeddable":true,"href":"https:\/\/racom.com.pl\/index.php\/wp-json\/wp\/v2\/comments?post=2112"}],"wp:featuredmedia":[{"embeddable":true,"href":"https:\/\/racom.com.pl\/index.php\/wp-json\/wp\/v2\/media\/2114"}],"wp:attachment":[{"href":"https:\/\/racom.com.pl\/index.php\/wp-json\/wp\/v2\/media?parent=2112"}],"wp:term":[{"taxonomy":"product_brand","embeddable":true,"href":"https:\/\/racom.com.pl\/index.php\/wp-json\/wp\/v2\/product_brand?post=2112"},{"taxonomy":"product_cat","embeddable":true,"href":"https:\/\/racom.com.pl\/index.php\/wp-json\/wp\/v2\/product_cat?post=2112"},{"taxonomy":"product_tag","embeddable":true,"href":"https:\/\/racom.com.pl\/index.php\/wp-json\/wp\/v2\/product_tag?post=2112"}],"curies":[{"name":"wp","href":"https:\/\/api.w.org\/{rel}","templated":true}]}}