{"id":2115,"date":"2025-07-18T21:46:14","date_gmt":"2025-07-18T19:46:14","guid":{"rendered":"http:\/\/192.168.2.106\/index.php\/produkt\/knorr-placki-ziemniaczane-w-proszku-15-kg\/"},"modified":"2025-07-18T21:46:14","modified_gmt":"2025-07-18T19:46:14","slug":"knorr-placki-ziemniaczane-w-proszku-15-kg","status":"publish","type":"product","link":"https:\/\/racom.com.pl\/index.php\/produkt\/knorr-placki-ziemniaczane-w-proszku-15-kg\/","title":{"rendered":"Knorr Placki Ziemniaczane w proszku 1,5 kg"},"content":{"rendered":"<h2>Knorr Placki ziemniaczane 1,5 kg<\/h2>\n<p><b>Wyprodukowano z my\u015bl\u0105 o bran\u017cy gastronomicznej<\/b><\/p>\n<p>Placki ziemniaczane Knorr zast\u0119puj\u0105 potrawy z ziemniak\u00f3w oraz s\u0105 znakomitym uzupe\u0142nieniem da\u0144 mi\u0119snych oraz wegetaria\u0144skich. Zawieraj\u0105 liofilizowane kawa\u0142ki ziemniak\u00f3w, nie czerniej\u0105. Mo\u017cna je podawa\u0107: na s\u0142odko: z cukrem, ubit\u0105 Ram\u0105 Cremefine 33%, konfiturami, d\u017cemami; na s\u0142ono: z sosem my\u015bliwskim, cyga\u0144skim lub w\u0119gierskim lub na ostro: w postaci placka zb\u00f3jnickiego z nadzieniem gulaszowym.<\/p>\n<p><b>Sk\u0142adniki:<\/b><\/p>\n<p>ziemniaki (61%), skrobia, s\u00f3l, cebula suszona (2,2%), t\u0142uszcz palmowy, substancja przeciwzbrylaj\u0105ca (dwutlenek krzemu), kwas (kwas askorbinowy), przeciwutleniacz (PIROSIARCZYN sodu).<\/p>\n<p><b>Informacje o alergenach:<\/b><\/p>\n<p>przeciwutleniacz (PIROSIARCZYN SODU). Mo\u017ce zawiera\u0107 gluten, mleko, jaja i seler.<\/p>\n<p><b>Dodatki:<\/b><\/p>\n<ul>\n<li>Bez dodatku barwnik\u00f3w<\/li>\n<li>Bez dodatku glutaminianu sodu<\/li>\n<li>Bez dodatku konserwant\u00f3w<\/li>\n<\/ul>\n<p><b>Informacje dietetyczne:<\/b><\/p>\n<ul>\n<li>Odpowiedni dla wegan<\/li>\n<li>Odpowiedni dla wegetarian<\/li>\n<\/ul>\n<p>Instrukcje dotycz\u0105ce przyrz\u0105dzenia:<\/p>\n<ol>\n<li>&#8211; Zawarto\u015b\u0107 opakowania dok\u0142adnie wymieszaj z 4 litrami zimnej wody.<\/li>\n<li>&#8211; Dodaj 2 jajka i wymieszaj intensywnie.<\/li>\n<li>&#8211; Odstaw na 10 minut w celu nap\u0119cznienia.<\/li>\n<li>&#8211; W przypadku zbyt g\u0119stej konsystencji ciasta dodaj troch\u0119 zimnej wody.<\/li>\n<li>&#8211; Na rozgrzany na patelni t\u0142uszcz nak\u0142adaj ciasto \u0142y\u017ck\u0105.<\/li>\n<li>&#8211; Placki obsma\u017caj z dw\u00f3ch stron na z\u0142otawo-br\u0105zowy kolor.<\/li>\n<\/ol>\n","protected":false},"excerpt":{"rendered":"<p>Knorr Placki ziemniaczane 1,5 kg Wyprodukowano z my\u015bl\u0105 o bran\u017cy gastronomicznej Placki ziemniaczane Knorr zast\u0119puj\u0105 potrawy z ziemniak\u00f3w oraz s\u0105 znakomitym uzupe\u0142nieniem da\u0144 mi\u0119snych oraz wegetaria\u0144skich. Zawieraj\u0105 liofilizowane kawa\u0142ki ziemniak\u00f3w, nie czerniej\u0105. Mo\u017cna je podawa\u0107: na s\u0142odko: z cukrem, ubit\u0105 Ram\u0105 Cremefine 33%, konfiturami, d\u017cemami; na s\u0142ono: z sosem my\u015bliwskim, cyga\u0144skim lub w\u0119gierskim lub na [&hellip;]<\/p>\n","protected":false},"featured_media":2117,"comment_status":"open","ping_status":"closed","template":"","meta":[],"product_brand":[112],"product_cat":[128],"product_tag":[],"class_list":{"0":"post-2115","1":"product","2":"type-product","3":"status-publish","4":"has-post-thumbnail","6":"product_brand-knorr","7":"product_cat-dania-gotowe","9":"first","10":"instock","11":"taxable","12":"shipping-taxable","13":"purchasable","14":"product-type-simple"},"yoast_head":"<!-- This site is optimized with the Yoast SEO plugin v27.3 - https:\/\/yoast.com\/product\/yoast-seo-wordpress\/ -->\n<title>Knorr Placki Ziemniaczane w proszku 1,5 kg - Mix Market - Supermarket z wszystkim co potrzeba<\/title>\n<meta name=\"robots\" content=\"index, follow, max-snippet:-1, max-image-preview:large, max-video-preview:-1\" \/>\n<link rel=\"canonical\" href=\"https:\/\/racom.com.pl\/index.php\/produkt\/knorr-placki-ziemniaczane-w-proszku-15-kg\/\" \/>\n<meta property=\"og:locale\" content=\"pl_PL\" \/>\n<meta property=\"og:type\" content=\"article\" \/>\n<meta property=\"og:title\" content=\"Knorr Placki Ziemniaczane w proszku 1,5 kg - Mix Market - Supermarket z wszystkim co potrzeba\" \/>\n<meta property=\"og:description\" content=\"Knorr Placki ziemniaczane 1,5 kg Wyprodukowano z my\u015bl\u0105 o bran\u017cy gastronomicznej Placki ziemniaczane Knorr zast\u0119puj\u0105 potrawy z ziemniak\u00f3w oraz s\u0105 znakomitym uzupe\u0142nieniem da\u0144 mi\u0119snych oraz wegetaria\u0144skich. Zawieraj\u0105 liofilizowane kawa\u0142ki ziemniak\u00f3w, nie czerniej\u0105. Mo\u017cna je podawa\u0107: na s\u0142odko: z cukrem, ubit\u0105 Ram\u0105 Cremefine 33%, konfiturami, d\u017cemami; na s\u0142ono: z sosem my\u015bliwskim, cyga\u0144skim lub w\u0119gierskim lub na [&hellip;]\" \/>\n<meta property=\"og:url\" content=\"https:\/\/racom.com.pl\/index.php\/produkt\/knorr-placki-ziemniaczane-w-proszku-15-kg\/\" \/>\n<meta property=\"og:site_name\" content=\"Mix Market - Supermarket z wszystkim co potrzeba\" \/>\n<meta property=\"og:image\" content=\"https:\/\/racom.com.pl\/wp-content\/uploads\/2025\/07\/allegro_687aa4bac7a669.57846870_ffa36067405a88471eb8bd379fb5.jpg\" \/>\n\t<meta property=\"og:image:width\" content=\"1186\" \/>\n\t<meta property=\"og:image:height\" content=\"1500\" \/>\n\t<meta property=\"og:image:type\" content=\"image\/jpeg\" \/>\n<meta name=\"twitter:card\" content=\"summary_large_image\" \/>\n<meta name=\"twitter:label1\" content=\"Szacowany czas czytania\" \/>\n\t<meta name=\"twitter:data1\" content=\"1 minuta\" \/>\n<script type=\"application\/ld+json\" class=\"yoast-schema-graph\">{\"@context\":\"https:\\\/\\\/schema.org\",\"@graph\":[{\"@type\":\"WebPage\",\"@id\":\"https:\\\/\\\/racom.com.pl\\\/index.php\\\/produkt\\\/knorr-placki-ziemniaczane-w-proszku-15-kg\\\/\",\"url\":\"https:\\\/\\\/racom.com.pl\\\/index.php\\\/produkt\\\/knorr-placki-ziemniaczane-w-proszku-15-kg\\\/\",\"name\":\"Knorr Placki Ziemniaczane w proszku 1,5 kg - Mix Market - Supermarket z wszystkim co potrzeba\",\"isPartOf\":{\"@id\":\"https:\\\/\\\/racom.com.pl\\\/#website\"},\"primaryImageOfPage\":{\"@id\":\"https:\\\/\\\/racom.com.pl\\\/index.php\\\/produkt\\\/knorr-placki-ziemniaczane-w-proszku-15-kg\\\/#primaryimage\"},\"image\":{\"@id\":\"https:\\\/\\\/racom.com.pl\\\/index.php\\\/produkt\\\/knorr-placki-ziemniaczane-w-proszku-15-kg\\\/#primaryimage\"},\"thumbnailUrl\":\"https:\\\/\\\/racom.com.pl\\\/wp-content\\\/uploads\\\/2025\\\/07\\\/allegro_687aa4bac7a669.57846870_ffa36067405a88471eb8bd379fb5.jpg\",\"datePublished\":\"2025-07-18T19:46:14+00:00\",\"breadcrumb\":{\"@id\":\"https:\\\/\\\/racom.com.pl\\\/index.php\\\/produkt\\\/knorr-placki-ziemniaczane-w-proszku-15-kg\\\/#breadcrumb\"},\"inLanguage\":\"pl-PL\",\"potentialAction\":[{\"@type\":\"ReadAction\",\"target\":[\"https:\\\/\\\/racom.com.pl\\\/index.php\\\/produkt\\\/knorr-placki-ziemniaczane-w-proszku-15-kg\\\/\"]}]},{\"@type\":\"ImageObject\",\"inLanguage\":\"pl-PL\",\"@id\":\"https:\\\/\\\/racom.com.pl\\\/index.php\\\/produkt\\\/knorr-placki-ziemniaczane-w-proszku-15-kg\\\/#primaryimage\",\"url\":\"https:\\\/\\\/racom.com.pl\\\/wp-content\\\/uploads\\\/2025\\\/07\\\/allegro_687aa4bac7a669.57846870_ffa36067405a88471eb8bd379fb5.jpg\",\"contentUrl\":\"https:\\\/\\\/racom.com.pl\\\/wp-content\\\/uploads\\\/2025\\\/07\\\/allegro_687aa4bac7a669.57846870_ffa36067405a88471eb8bd379fb5.jpg\",\"width\":1186,\"height\":1500},{\"@type\":\"BreadcrumbList\",\"@id\":\"https:\\\/\\\/racom.com.pl\\\/index.php\\\/produkt\\\/knorr-placki-ziemniaczane-w-proszku-15-kg\\\/#breadcrumb\",\"itemListElement\":[{\"@type\":\"ListItem\",\"position\":1,\"name\":\"Strona g\u0142\u00f3wna\",\"item\":\"https:\\\/\\\/racom.com.pl\\\/\"},{\"@type\":\"ListItem\",\"position\":2,\"name\":\"Sklep\",\"item\":\"https:\\\/\\\/racom.com.pl\\\/\"},{\"@type\":\"ListItem\",\"position\":3,\"name\":\"Knorr Placki Ziemniaczane w proszku 1,5 kg\"}]},{\"@type\":\"WebSite\",\"@id\":\"https:\\\/\\\/racom.com.pl\\\/#website\",\"url\":\"https:\\\/\\\/racom.com.pl\\\/\",\"name\":\"Mix Market - Supermarket z wszystkim co potrzeba do domu i nie tylko\",\"description\":\"\",\"publisher\":{\"@id\":\"https:\\\/\\\/racom.com.pl\\\/#organization\"},\"potentialAction\":[{\"@type\":\"SearchAction\",\"target\":{\"@type\":\"EntryPoint\",\"urlTemplate\":\"https:\\\/\\\/racom.com.pl\\\/?s={search_term_string}\"},\"query-input\":{\"@type\":\"PropertyValueSpecification\",\"valueRequired\":true,\"valueName\":\"search_term_string\"}}],\"inLanguage\":\"pl-PL\"},{\"@type\":\"Organization\",\"@id\":\"https:\\\/\\\/racom.com.pl\\\/#organization\",\"name\":\"Mix Market - Supermarket z wszystkim co potrzeba do domu i nie tylko\",\"url\":\"https:\\\/\\\/racom.com.pl\\\/\",\"logo\":{\"@type\":\"ImageObject\",\"inLanguage\":\"pl-PL\",\"@id\":\"https:\\\/\\\/racom.com.pl\\\/#\\\/schema\\\/logo\\\/image\\\/\",\"url\":\"https:\\\/\\\/racom.com.pl\\\/wp-content\\\/uploads\\\/2025\\\/07\\\/mixmarket_logo.png\",\"contentUrl\":\"https:\\\/\\\/racom.com.pl\\\/wp-content\\\/uploads\\\/2025\\\/07\\\/mixmarket_logo.png\",\"width\":1024,\"height\":1024,\"caption\":\"Mix Market - Supermarket z wszystkim co potrzeba do domu i nie tylko\"},\"image\":{\"@id\":\"https:\\\/\\\/racom.com.pl\\\/#\\\/schema\\\/logo\\\/image\\\/\"}}]}<\/script>\n<!-- \/ Yoast SEO plugin. -->","yoast_head_json":{"title":"Knorr Placki Ziemniaczane w proszku 1,5 kg - Mix Market - Supermarket z wszystkim co potrzeba","robots":{"index":"index","follow":"follow","max-snippet":"max-snippet:-1","max-image-preview":"max-image-preview:large","max-video-preview":"max-video-preview:-1"},"canonical":"https:\/\/racom.com.pl\/index.php\/produkt\/knorr-placki-ziemniaczane-w-proszku-15-kg\/","og_locale":"pl_PL","og_type":"article","og_title":"Knorr Placki Ziemniaczane w proszku 1,5 kg - Mix Market - Supermarket z wszystkim co potrzeba","og_description":"Knorr Placki ziemniaczane 1,5 kg Wyprodukowano z my\u015bl\u0105 o bran\u017cy gastronomicznej Placki ziemniaczane Knorr zast\u0119puj\u0105 potrawy z ziemniak\u00f3w oraz s\u0105 znakomitym uzupe\u0142nieniem da\u0144 mi\u0119snych oraz wegetaria\u0144skich. Zawieraj\u0105 liofilizowane kawa\u0142ki ziemniak\u00f3w, nie czerniej\u0105. Mo\u017cna je podawa\u0107: na s\u0142odko: z cukrem, ubit\u0105 Ram\u0105 Cremefine 33%, konfiturami, d\u017cemami; na s\u0142ono: z sosem my\u015bliwskim, cyga\u0144skim lub w\u0119gierskim lub na [&hellip;]","og_url":"https:\/\/racom.com.pl\/index.php\/produkt\/knorr-placki-ziemniaczane-w-proszku-15-kg\/","og_site_name":"Mix Market - Supermarket z wszystkim co potrzeba","og_image":[{"width":1186,"height":1500,"url":"https:\/\/racom.com.pl\/wp-content\/uploads\/2025\/07\/allegro_687aa4bac7a669.57846870_ffa36067405a88471eb8bd379fb5.jpg","type":"image\/jpeg"}],"twitter_card":"summary_large_image","twitter_misc":{"Szacowany czas czytania":"1 minuta"},"schema":{"@context":"https:\/\/schema.org","@graph":[{"@type":"WebPage","@id":"https:\/\/racom.com.pl\/index.php\/produkt\/knorr-placki-ziemniaczane-w-proszku-15-kg\/","url":"https:\/\/racom.com.pl\/index.php\/produkt\/knorr-placki-ziemniaczane-w-proszku-15-kg\/","name":"Knorr Placki Ziemniaczane w proszku 1,5 kg - Mix Market - Supermarket z wszystkim co potrzeba","isPartOf":{"@id":"https:\/\/racom.com.pl\/#website"},"primaryImageOfPage":{"@id":"https:\/\/racom.com.pl\/index.php\/produkt\/knorr-placki-ziemniaczane-w-proszku-15-kg\/#primaryimage"},"image":{"@id":"https:\/\/racom.com.pl\/index.php\/produkt\/knorr-placki-ziemniaczane-w-proszku-15-kg\/#primaryimage"},"thumbnailUrl":"https:\/\/racom.com.pl\/wp-content\/uploads\/2025\/07\/allegro_687aa4bac7a669.57846870_ffa36067405a88471eb8bd379fb5.jpg","datePublished":"2025-07-18T19:46:14+00:00","breadcrumb":{"@id":"https:\/\/racom.com.pl\/index.php\/produkt\/knorr-placki-ziemniaczane-w-proszku-15-kg\/#breadcrumb"},"inLanguage":"pl-PL","potentialAction":[{"@type":"ReadAction","target":["https:\/\/racom.com.pl\/index.php\/produkt\/knorr-placki-ziemniaczane-w-proszku-15-kg\/"]}]},{"@type":"ImageObject","inLanguage":"pl-PL","@id":"https:\/\/racom.com.pl\/index.php\/produkt\/knorr-placki-ziemniaczane-w-proszku-15-kg\/#primaryimage","url":"https:\/\/racom.com.pl\/wp-content\/uploads\/2025\/07\/allegro_687aa4bac7a669.57846870_ffa36067405a88471eb8bd379fb5.jpg","contentUrl":"https:\/\/racom.com.pl\/wp-content\/uploads\/2025\/07\/allegro_687aa4bac7a669.57846870_ffa36067405a88471eb8bd379fb5.jpg","width":1186,"height":1500},{"@type":"BreadcrumbList","@id":"https:\/\/racom.com.pl\/index.php\/produkt\/knorr-placki-ziemniaczane-w-proszku-15-kg\/#breadcrumb","itemListElement":[{"@type":"ListItem","position":1,"name":"Strona g\u0142\u00f3wna","item":"https:\/\/racom.com.pl\/"},{"@type":"ListItem","position":2,"name":"Sklep","item":"https:\/\/racom.com.pl\/"},{"@type":"ListItem","position":3,"name":"Knorr Placki Ziemniaczane w proszku 1,5 kg"}]},{"@type":"WebSite","@id":"https:\/\/racom.com.pl\/#website","url":"https:\/\/racom.com.pl\/","name":"Mix Market - Supermarket z wszystkim co potrzeba do domu i nie tylko","description":"","publisher":{"@id":"https:\/\/racom.com.pl\/#organization"},"potentialAction":[{"@type":"SearchAction","target":{"@type":"EntryPoint","urlTemplate":"https:\/\/racom.com.pl\/?s={search_term_string}"},"query-input":{"@type":"PropertyValueSpecification","valueRequired":true,"valueName":"search_term_string"}}],"inLanguage":"pl-PL"},{"@type":"Organization","@id":"https:\/\/racom.com.pl\/#organization","name":"Mix Market - Supermarket z wszystkim co potrzeba do domu i nie tylko","url":"https:\/\/racom.com.pl\/","logo":{"@type":"ImageObject","inLanguage":"pl-PL","@id":"https:\/\/racom.com.pl\/#\/schema\/logo\/image\/","url":"https:\/\/racom.com.pl\/wp-content\/uploads\/2025\/07\/mixmarket_logo.png","contentUrl":"https:\/\/racom.com.pl\/wp-content\/uploads\/2025\/07\/mixmarket_logo.png","width":1024,"height":1024,"caption":"Mix Market - Supermarket z wszystkim co potrzeba do domu i nie tylko"},"image":{"@id":"https:\/\/racom.com.pl\/#\/schema\/logo\/image\/"}}]}},"_links":{"self":[{"href":"https:\/\/racom.com.pl\/index.php\/wp-json\/wp\/v2\/product\/2115","targetHints":{"allow":["GET"]}}],"collection":[{"href":"https:\/\/racom.com.pl\/index.php\/wp-json\/wp\/v2\/product"}],"about":[{"href":"https:\/\/racom.com.pl\/index.php\/wp-json\/wp\/v2\/types\/product"}],"replies":[{"embeddable":true,"href":"https:\/\/racom.com.pl\/index.php\/wp-json\/wp\/v2\/comments?post=2115"}],"wp:featuredmedia":[{"embeddable":true,"href":"https:\/\/racom.com.pl\/index.php\/wp-json\/wp\/v2\/media\/2117"}],"wp:attachment":[{"href":"https:\/\/racom.com.pl\/index.php\/wp-json\/wp\/v2\/media?parent=2115"}],"wp:term":[{"taxonomy":"product_brand","embeddable":true,"href":"https:\/\/racom.com.pl\/index.php\/wp-json\/wp\/v2\/product_brand?post=2115"},{"taxonomy":"product_cat","embeddable":true,"href":"https:\/\/racom.com.pl\/index.php\/wp-json\/wp\/v2\/product_cat?post=2115"},{"taxonomy":"product_tag","embeddable":true,"href":"https:\/\/racom.com.pl\/index.php\/wp-json\/wp\/v2\/product_tag?post=2115"}],"curies":[{"name":"wp","href":"https:\/\/api.w.org\/{rel}","templated":true}]}}