{"id":2118,"date":"2025-07-18T21:47:10","date_gmt":"2025-07-18T19:47:10","guid":{"rendered":"http:\/\/192.168.2.106\/index.php\/produkt\/goccia-doro-oliwa-z-oliwek-rafinowana-1000ml-1l\/"},"modified":"2025-07-18T21:47:10","modified_gmt":"2025-07-18T19:47:10","slug":"goccia-doro-oliwa-z-oliwek-rafinowana-1000ml-1l","status":"publish","type":"product","link":"https:\/\/racom.com.pl\/index.php\/produkt\/goccia-doro-oliwa-z-oliwek-rafinowana-1000ml-1l\/","title":{"rendered":"Goccia d&#8217;oro Oliwa z Oliwek Rafinowana 1000ml \/ 1L"},"content":{"rendered":"<h2>Oliwa z oliwek 1 l Goccia D&#8217;oro<\/h2>\n<p>Oliwa o delikatnym smaku i aromacie. Bardzo dobrze znosi wysok\u0105 temperatur\u0119, w zwi\u0105zku z czym zalecana jest do sma\u017cenia, gotowania i opiekania. Idealna do wekowania warzyw, marynowania mi\u0119s, przyprawiania sa\u0142atek i sur\u00f3wek, do przygotowywania sos\u00f3w i dip\u00f3w, do potraw z ry\u017cu i makaronu oraz do przygotowywania produkt\u00f3w cukierniczych i piekarniczych.<\/p>\n<p>Oliwa z oliwek Goccia sk\u0142ada si\u0119 z rafinowanej oliwy z oliwek oraz oliwy z oliwek z pierwszego t\u0142oczenia. Takie po\u0142\u0105czenie \u015bwietnie sprawdza si\u0119 nawet w wysokich temperaturach, na przyk\u0142ad do sma\u017cenia i opiekania.&nbsp;Oliwa z oliwek Goccia&nbsp;ma zastosowanie r\u00f3wnie\u017c jako marynata oraz dodatek do sos\u00f3w, dip\u00f3w, sa\u0142atek, sur\u00f3wek, a nawet wypiek\u00f3w, wzbogaci te\u017c walory potraw z makaronem i ry\u017cem oraz innych da\u0144, nie tylko kuchni w\u0142oskiej.<\/p>\n<p><b>PARAMETRY PRODUKTU:<\/b><\/p>\n<ul>\n<li>Rodzaj produktu: Oliwa rafinowana (rafined olive oil, pure)<\/li>\n<li>Metoda t\u0142oczenia: Na zimno<\/li>\n<li>Pojemno\u015b\u0107: 1000 ml<\/li>\n<li>Kraj pochodzenia\/Wyprodukowano w: W\u0142ochy<\/li>\n<li>Zastosowanie: Do gotowania, Do majonez\u00f3w, Do pieczenia, Do sa\u0142atek, Do sma\u017cenia<\/li>\n<li>Sk\u0142adniki: Oliwa z oliwek sk\u0142adaj\u0105ca si\u0119 z rafinowanej oliwy z oliwek i oliwy z oliwek z pierwszego t\u0142oczenia.<\/li>\n<li>Temperatura przechowywania min &#8211; max: 0 &#8211; 20 \u00b0C<\/li>\n<li>Waga jednostkowa brutto: 1,26 kg<\/li>\n<\/ul>\n<p><b>WARTO\u015a\u0106 OD\u017bYWCZA:<\/b><\/p>\n<ul>\n<li>Jednostka b\u0119d\u0105ca podstaw\u0105 przelicze\u0144: g\/100 ml<\/li>\n<li>Wielko\u015b\u0107 porcji: 100 ml<\/li>\n<li>Zawarto\u015b\u0107 t\u0142uszcz\u00f3w (kwasy t\u0142uszczowe jednonienasycone) w zadeklarowanej jednostce (g): 69 g<\/li>\n<\/ul>\n<p>.<\/p>\n","protected":false},"excerpt":{"rendered":"<p>Oliwa z oliwek 1 l Goccia D&#8217;oro Oliwa o delikatnym smaku i aromacie. Bardzo dobrze znosi wysok\u0105 temperatur\u0119, w zwi\u0105zku z czym zalecana jest do sma\u017cenia, gotowania i opiekania. Idealna do wekowania warzyw, marynowania mi\u0119s, przyprawiania sa\u0142atek i sur\u00f3wek, do przygotowywania sos\u00f3w i dip\u00f3w, do potraw z ry\u017cu i makaronu oraz do przygotowywania produkt\u00f3w cukierniczych [&hellip;]<\/p>\n","protected":false},"featured_media":2121,"comment_status":"open","ping_status":"closed","template":"","meta":[],"product_brand":[118],"product_cat":[114],"product_tag":[],"class_list":{"0":"post-2118","1":"product","2":"type-product","3":"status-publish","4":"has-post-thumbnail","6":"product_brand-goccia-doro","7":"product_cat-oliwa-olej-ocet","9":"first","10":"instock","11":"taxable","12":"shipping-taxable","13":"purchasable","14":"product-type-simple"},"yoast_head":"<!-- This site is optimized with the Yoast SEO plugin v27.4 - https:\/\/yoast.com\/product\/yoast-seo-wordpress\/ -->\n<title>Goccia d&#039;oro Oliwa z Oliwek Rafinowana 1000ml \/ 1L - Mix Market - Supermarket z wszystkim co potrzeba<\/title>\n<meta name=\"robots\" content=\"index, follow, max-snippet:-1, max-image-preview:large, max-video-preview:-1\" \/>\n<link rel=\"canonical\" href=\"https:\/\/racom.com.pl\/index.php\/produkt\/goccia-doro-oliwa-z-oliwek-rafinowana-1000ml-1l\/\" \/>\n<meta property=\"og:locale\" content=\"pl_PL\" \/>\n<meta property=\"og:type\" content=\"article\" \/>\n<meta property=\"og:title\" content=\"Goccia d&#039;oro Oliwa z Oliwek Rafinowana 1000ml \/ 1L - Mix Market - Supermarket z wszystkim co potrzeba\" \/>\n<meta property=\"og:description\" content=\"Oliwa z oliwek 1 l Goccia D&#8217;oro Oliwa o delikatnym smaku i aromacie. Bardzo dobrze znosi wysok\u0105 temperatur\u0119, w zwi\u0105zku z czym zalecana jest do sma\u017cenia, gotowania i opiekania. Idealna do wekowania warzyw, marynowania mi\u0119s, przyprawiania sa\u0142atek i sur\u00f3wek, do przygotowywania sos\u00f3w i dip\u00f3w, do potraw z ry\u017cu i makaronu oraz do przygotowywania produkt\u00f3w cukierniczych [&hellip;]\" \/>\n<meta property=\"og:url\" content=\"https:\/\/racom.com.pl\/index.php\/produkt\/goccia-doro-oliwa-z-oliwek-rafinowana-1000ml-1l\/\" \/>\n<meta property=\"og:site_name\" content=\"Mix Market - Supermarket z wszystkim co potrzeba\" \/>\n<meta property=\"og:image\" content=\"https:\/\/racom.com.pl\/wp-content\/uploads\/2025\/07\/allegro_687aa4d14a4179.55747793_ed92d50d420bb5821d471eb91a46.jpg\" \/>\n\t<meta property=\"og:image:width\" content=\"283\" \/>\n\t<meta property=\"og:image:height\" content=\"700\" \/>\n\t<meta property=\"og:image:type\" content=\"image\/jpeg\" \/>\n<meta name=\"twitter:card\" content=\"summary_large_image\" \/>\n<meta name=\"twitter:label1\" content=\"Szacowany czas czytania\" \/>\n\t<meta name=\"twitter:data1\" content=\"1 minuta\" \/>\n<script type=\"application\/ld+json\" class=\"yoast-schema-graph\">{\"@context\":\"https:\\\/\\\/schema.org\",\"@graph\":[{\"@type\":\"WebPage\",\"@id\":\"https:\\\/\\\/racom.com.pl\\\/index.php\\\/produkt\\\/goccia-doro-oliwa-z-oliwek-rafinowana-1000ml-1l\\\/\",\"url\":\"https:\\\/\\\/racom.com.pl\\\/index.php\\\/produkt\\\/goccia-doro-oliwa-z-oliwek-rafinowana-1000ml-1l\\\/\",\"name\":\"Goccia d'oro Oliwa z Oliwek Rafinowana 1000ml \\\/ 1L - Mix Market - Supermarket z wszystkim co potrzeba\",\"isPartOf\":{\"@id\":\"https:\\\/\\\/racom.com.pl\\\/#website\"},\"primaryImageOfPage\":{\"@id\":\"https:\\\/\\\/racom.com.pl\\\/index.php\\\/produkt\\\/goccia-doro-oliwa-z-oliwek-rafinowana-1000ml-1l\\\/#primaryimage\"},\"image\":{\"@id\":\"https:\\\/\\\/racom.com.pl\\\/index.php\\\/produkt\\\/goccia-doro-oliwa-z-oliwek-rafinowana-1000ml-1l\\\/#primaryimage\"},\"thumbnailUrl\":\"https:\\\/\\\/racom.com.pl\\\/wp-content\\\/uploads\\\/2025\\\/07\\\/allegro_687aa4d14a4179.55747793_ed92d50d420bb5821d471eb91a46.jpg\",\"datePublished\":\"2025-07-18T19:47:10+00:00\",\"breadcrumb\":{\"@id\":\"https:\\\/\\\/racom.com.pl\\\/index.php\\\/produkt\\\/goccia-doro-oliwa-z-oliwek-rafinowana-1000ml-1l\\\/#breadcrumb\"},\"inLanguage\":\"pl-PL\",\"potentialAction\":[{\"@type\":\"ReadAction\",\"target\":[\"https:\\\/\\\/racom.com.pl\\\/index.php\\\/produkt\\\/goccia-doro-oliwa-z-oliwek-rafinowana-1000ml-1l\\\/\"]}]},{\"@type\":\"ImageObject\",\"inLanguage\":\"pl-PL\",\"@id\":\"https:\\\/\\\/racom.com.pl\\\/index.php\\\/produkt\\\/goccia-doro-oliwa-z-oliwek-rafinowana-1000ml-1l\\\/#primaryimage\",\"url\":\"https:\\\/\\\/racom.com.pl\\\/wp-content\\\/uploads\\\/2025\\\/07\\\/allegro_687aa4d14a4179.55747793_ed92d50d420bb5821d471eb91a46.jpg\",\"contentUrl\":\"https:\\\/\\\/racom.com.pl\\\/wp-content\\\/uploads\\\/2025\\\/07\\\/allegro_687aa4d14a4179.55747793_ed92d50d420bb5821d471eb91a46.jpg\",\"width\":283,\"height\":700},{\"@type\":\"BreadcrumbList\",\"@id\":\"https:\\\/\\\/racom.com.pl\\\/index.php\\\/produkt\\\/goccia-doro-oliwa-z-oliwek-rafinowana-1000ml-1l\\\/#breadcrumb\",\"itemListElement\":[{\"@type\":\"ListItem\",\"position\":1,\"name\":\"Strona g\u0142\u00f3wna\",\"item\":\"https:\\\/\\\/racom.com.pl\\\/\"},{\"@type\":\"ListItem\",\"position\":2,\"name\":\"Sklep\",\"item\":\"https:\\\/\\\/racom.com.pl\\\/\"},{\"@type\":\"ListItem\",\"position\":3,\"name\":\"Goccia d&#8217;oro Oliwa z Oliwek Rafinowana 1000ml \\\/ 1L\"}]},{\"@type\":\"WebSite\",\"@id\":\"https:\\\/\\\/racom.com.pl\\\/#website\",\"url\":\"https:\\\/\\\/racom.com.pl\\\/\",\"name\":\"Mix Market - Supermarket z wszystkim co potrzeba do domu i nie tylko\",\"description\":\"\",\"publisher\":{\"@id\":\"https:\\\/\\\/racom.com.pl\\\/#organization\"},\"potentialAction\":[{\"@type\":\"SearchAction\",\"target\":{\"@type\":\"EntryPoint\",\"urlTemplate\":\"https:\\\/\\\/racom.com.pl\\\/?s={search_term_string}\"},\"query-input\":{\"@type\":\"PropertyValueSpecification\",\"valueRequired\":true,\"valueName\":\"search_term_string\"}}],\"inLanguage\":\"pl-PL\"},{\"@type\":\"Organization\",\"@id\":\"https:\\\/\\\/racom.com.pl\\\/#organization\",\"name\":\"Mix Market - Supermarket z wszystkim co potrzeba do domu i nie tylko\",\"url\":\"https:\\\/\\\/racom.com.pl\\\/\",\"logo\":{\"@type\":\"ImageObject\",\"inLanguage\":\"pl-PL\",\"@id\":\"https:\\\/\\\/racom.com.pl\\\/#\\\/schema\\\/logo\\\/image\\\/\",\"url\":\"https:\\\/\\\/racom.com.pl\\\/wp-content\\\/uploads\\\/2025\\\/07\\\/mixmarket_logo.png\",\"contentUrl\":\"https:\\\/\\\/racom.com.pl\\\/wp-content\\\/uploads\\\/2025\\\/07\\\/mixmarket_logo.png\",\"width\":1024,\"height\":1024,\"caption\":\"Mix Market - Supermarket z wszystkim co potrzeba do domu i nie tylko\"},\"image\":{\"@id\":\"https:\\\/\\\/racom.com.pl\\\/#\\\/schema\\\/logo\\\/image\\\/\"}}]}<\/script>\n<!-- \/ Yoast SEO plugin. -->","yoast_head_json":{"title":"Goccia d'oro Oliwa z Oliwek Rafinowana 1000ml \/ 1L - Mix Market - Supermarket z wszystkim co potrzeba","robots":{"index":"index","follow":"follow","max-snippet":"max-snippet:-1","max-image-preview":"max-image-preview:large","max-video-preview":"max-video-preview:-1"},"canonical":"https:\/\/racom.com.pl\/index.php\/produkt\/goccia-doro-oliwa-z-oliwek-rafinowana-1000ml-1l\/","og_locale":"pl_PL","og_type":"article","og_title":"Goccia d'oro Oliwa z Oliwek Rafinowana 1000ml \/ 1L - Mix Market - Supermarket z wszystkim co potrzeba","og_description":"Oliwa z oliwek 1 l Goccia D&#8217;oro Oliwa o delikatnym smaku i aromacie. Bardzo dobrze znosi wysok\u0105 temperatur\u0119, w zwi\u0105zku z czym zalecana jest do sma\u017cenia, gotowania i opiekania. Idealna do wekowania warzyw, marynowania mi\u0119s, przyprawiania sa\u0142atek i sur\u00f3wek, do przygotowywania sos\u00f3w i dip\u00f3w, do potraw z ry\u017cu i makaronu oraz do przygotowywania produkt\u00f3w cukierniczych [&hellip;]","og_url":"https:\/\/racom.com.pl\/index.php\/produkt\/goccia-doro-oliwa-z-oliwek-rafinowana-1000ml-1l\/","og_site_name":"Mix Market - Supermarket z wszystkim co potrzeba","og_image":[{"width":283,"height":700,"url":"https:\/\/racom.com.pl\/wp-content\/uploads\/2025\/07\/allegro_687aa4d14a4179.55747793_ed92d50d420bb5821d471eb91a46.jpg","type":"image\/jpeg"}],"twitter_card":"summary_large_image","twitter_misc":{"Szacowany czas czytania":"1 minuta"},"schema":{"@context":"https:\/\/schema.org","@graph":[{"@type":"WebPage","@id":"https:\/\/racom.com.pl\/index.php\/produkt\/goccia-doro-oliwa-z-oliwek-rafinowana-1000ml-1l\/","url":"https:\/\/racom.com.pl\/index.php\/produkt\/goccia-doro-oliwa-z-oliwek-rafinowana-1000ml-1l\/","name":"Goccia d'oro Oliwa z Oliwek Rafinowana 1000ml \/ 1L - Mix Market - Supermarket z wszystkim co potrzeba","isPartOf":{"@id":"https:\/\/racom.com.pl\/#website"},"primaryImageOfPage":{"@id":"https:\/\/racom.com.pl\/index.php\/produkt\/goccia-doro-oliwa-z-oliwek-rafinowana-1000ml-1l\/#primaryimage"},"image":{"@id":"https:\/\/racom.com.pl\/index.php\/produkt\/goccia-doro-oliwa-z-oliwek-rafinowana-1000ml-1l\/#primaryimage"},"thumbnailUrl":"https:\/\/racom.com.pl\/wp-content\/uploads\/2025\/07\/allegro_687aa4d14a4179.55747793_ed92d50d420bb5821d471eb91a46.jpg","datePublished":"2025-07-18T19:47:10+00:00","breadcrumb":{"@id":"https:\/\/racom.com.pl\/index.php\/produkt\/goccia-doro-oliwa-z-oliwek-rafinowana-1000ml-1l\/#breadcrumb"},"inLanguage":"pl-PL","potentialAction":[{"@type":"ReadAction","target":["https:\/\/racom.com.pl\/index.php\/produkt\/goccia-doro-oliwa-z-oliwek-rafinowana-1000ml-1l\/"]}]},{"@type":"ImageObject","inLanguage":"pl-PL","@id":"https:\/\/racom.com.pl\/index.php\/produkt\/goccia-doro-oliwa-z-oliwek-rafinowana-1000ml-1l\/#primaryimage","url":"https:\/\/racom.com.pl\/wp-content\/uploads\/2025\/07\/allegro_687aa4d14a4179.55747793_ed92d50d420bb5821d471eb91a46.jpg","contentUrl":"https:\/\/racom.com.pl\/wp-content\/uploads\/2025\/07\/allegro_687aa4d14a4179.55747793_ed92d50d420bb5821d471eb91a46.jpg","width":283,"height":700},{"@type":"BreadcrumbList","@id":"https:\/\/racom.com.pl\/index.php\/produkt\/goccia-doro-oliwa-z-oliwek-rafinowana-1000ml-1l\/#breadcrumb","itemListElement":[{"@type":"ListItem","position":1,"name":"Strona g\u0142\u00f3wna","item":"https:\/\/racom.com.pl\/"},{"@type":"ListItem","position":2,"name":"Sklep","item":"https:\/\/racom.com.pl\/"},{"@type":"ListItem","position":3,"name":"Goccia d&#8217;oro Oliwa z Oliwek Rafinowana 1000ml \/ 1L"}]},{"@type":"WebSite","@id":"https:\/\/racom.com.pl\/#website","url":"https:\/\/racom.com.pl\/","name":"Mix Market - Supermarket z wszystkim co potrzeba do domu i nie tylko","description":"","publisher":{"@id":"https:\/\/racom.com.pl\/#organization"},"potentialAction":[{"@type":"SearchAction","target":{"@type":"EntryPoint","urlTemplate":"https:\/\/racom.com.pl\/?s={search_term_string}"},"query-input":{"@type":"PropertyValueSpecification","valueRequired":true,"valueName":"search_term_string"}}],"inLanguage":"pl-PL"},{"@type":"Organization","@id":"https:\/\/racom.com.pl\/#organization","name":"Mix Market - Supermarket z wszystkim co potrzeba do domu i nie tylko","url":"https:\/\/racom.com.pl\/","logo":{"@type":"ImageObject","inLanguage":"pl-PL","@id":"https:\/\/racom.com.pl\/#\/schema\/logo\/image\/","url":"https:\/\/racom.com.pl\/wp-content\/uploads\/2025\/07\/mixmarket_logo.png","contentUrl":"https:\/\/racom.com.pl\/wp-content\/uploads\/2025\/07\/mixmarket_logo.png","width":1024,"height":1024,"caption":"Mix Market - Supermarket z wszystkim co potrzeba do domu i nie tylko"},"image":{"@id":"https:\/\/racom.com.pl\/#\/schema\/logo\/image\/"}}]}},"_links":{"self":[{"href":"https:\/\/racom.com.pl\/index.php\/wp-json\/wp\/v2\/product\/2118","targetHints":{"allow":["GET"]}}],"collection":[{"href":"https:\/\/racom.com.pl\/index.php\/wp-json\/wp\/v2\/product"}],"about":[{"href":"https:\/\/racom.com.pl\/index.php\/wp-json\/wp\/v2\/types\/product"}],"replies":[{"embeddable":true,"href":"https:\/\/racom.com.pl\/index.php\/wp-json\/wp\/v2\/comments?post=2118"}],"wp:featuredmedia":[{"embeddable":true,"href":"https:\/\/racom.com.pl\/index.php\/wp-json\/wp\/v2\/media\/2121"}],"wp:attachment":[{"href":"https:\/\/racom.com.pl\/index.php\/wp-json\/wp\/v2\/media?parent=2118"}],"wp:term":[{"taxonomy":"product_brand","embeddable":true,"href":"https:\/\/racom.com.pl\/index.php\/wp-json\/wp\/v2\/product_brand?post=2118"},{"taxonomy":"product_cat","embeddable":true,"href":"https:\/\/racom.com.pl\/index.php\/wp-json\/wp\/v2\/product_cat?post=2118"},{"taxonomy":"product_tag","embeddable":true,"href":"https:\/\/racom.com.pl\/index.php\/wp-json\/wp\/v2\/product_tag?post=2118"}],"curies":[{"name":"wp","href":"https:\/\/api.w.org\/{rel}","templated":true}]}}