{"id":2122,"date":"2025-07-18T21:47:36","date_gmt":"2025-07-18T19:47:36","guid":{"rendered":"http:\/\/192.168.2.106\/index.php\/produkt\/goccia-doro-oliwa-z-oliwek-extra-vergine-selezione-1l\/"},"modified":"2025-07-18T21:47:36","modified_gmt":"2025-07-18T19:47:36","slug":"goccia-doro-oliwa-z-oliwek-extra-vergine-selezione-1l","status":"publish","type":"product","link":"https:\/\/racom.com.pl\/index.php\/produkt\/goccia-doro-oliwa-z-oliwek-extra-vergine-selezione-1l\/","title":{"rendered":"GOCCIA D&#8217;ORO OLIWA z Oliwek EXTRA VERGINE SELEZIONE 1L"},"content":{"rendered":"<h2>Goccia d\u2019oro Oliwa extra virgin 1 l<\/h2>\n<p>Goccia d\u2019oro Oliwa extra virgin Extra vergine to najwy\u017csza kategoria oliwy z oliwek pierwszego t\u0142oczenia. Powstaje z t\u0142oczonych na zimno oliwek typu \u201ecortina\u201d i \u201eoliarola\u201d. Owoce z drzewa s\u0105 r\u0119cznie zbierane, starannie selekcjonowane, a nast\u0119pnie wyciskane na \u017carnach metod\u0105 mechaniczn\u0105. Oliwa extra vergine nie jest poddawana obr\u00f3bce chemicznej. Dzi\u0119ki procesowi delikatnej filtracji zachowuje niezmieniony zapach \u015bwie\u017co wyt\u0142oczonych oliwek. Oliwa z oliwek extra vergine ma delikatny smak i z\u0142otawy kolor z nutami zieleni. Cechuj\u0105 j\u0105 niski poziom kwasowo\u015bci. Jest doskona\u0142ym dodatkiem do potraw sma\u017conych, pieczonych i gotowanych, a tak\u017ce da\u0144 na zimno, na przyk\u0142ad sa\u0142atek.<\/p>\n<p>Warto\u015bci od\u017cywcze:<\/p>\n<ul>\n<li><b>Warto\u015b\u0107 energetyczna:<\/b> 3389kJ \/ 824kcal<\/li>\n<li><b>T\u0142uszcz:<\/b> 91,6 g<\/li>\n<li><b>Kwasy t\u0142uszczowe nasycone:<\/b> 13,8 g<\/li>\n<li><b>W\u0119glowodany:<\/b> 0 g<\/li>\n<li><b>Cukry:<\/b> 0 g<\/li>\n<li><b>Bia\u0142ko:<\/b> 0 g<\/li>\n<li><b>B\u0142onnik:<\/b><\/li>\n<li><b>S\u00f3l:<\/b> 0 g<\/li>\n<\/ul>\n","protected":false},"excerpt":{"rendered":"<p>Goccia d\u2019oro Oliwa extra virgin 1 l Goccia d\u2019oro Oliwa extra virgin Extra vergine to najwy\u017csza kategoria oliwy z oliwek pierwszego t\u0142oczenia. Powstaje z t\u0142oczonych na zimno oliwek typu \u201ecortina\u201d i \u201eoliarola\u201d. Owoce z drzewa s\u0105 r\u0119cznie zbierane, starannie selekcjonowane, a nast\u0119pnie wyciskane na \u017carnach metod\u0105 mechaniczn\u0105. Oliwa extra vergine nie jest poddawana obr\u00f3bce chemicznej. [&hellip;]<\/p>\n","protected":false},"featured_media":2125,"comment_status":"open","ping_status":"closed","template":"","meta":[],"product_brand":[129],"product_cat":[114],"product_tag":[],"class_list":{"0":"post-2122","1":"product","2":"type-product","3":"status-publish","4":"has-post-thumbnail","6":"product_brand-name","7":"product_cat-oliwa-olej-ocet","9":"first","10":"instock","11":"taxable","12":"shipping-taxable","13":"purchasable","14":"product-type-simple"},"yoast_head":"<!-- This site is optimized with the Yoast SEO plugin v27.3 - https:\/\/yoast.com\/product\/yoast-seo-wordpress\/ -->\n<title>GOCCIA D&#039;ORO OLIWA z Oliwek EXTRA VERGINE SELEZIONE 1L - Mix Market - Supermarket z wszystkim co potrzeba<\/title>\n<meta name=\"robots\" content=\"index, follow, max-snippet:-1, max-image-preview:large, max-video-preview:-1\" \/>\n<link rel=\"canonical\" href=\"https:\/\/racom.com.pl\/index.php\/produkt\/goccia-doro-oliwa-z-oliwek-extra-vergine-selezione-1l\/\" \/>\n<meta property=\"og:locale\" content=\"pl_PL\" \/>\n<meta property=\"og:type\" content=\"article\" \/>\n<meta property=\"og:title\" content=\"GOCCIA D&#039;ORO OLIWA z Oliwek EXTRA VERGINE SELEZIONE 1L - Mix Market - Supermarket z wszystkim co potrzeba\" \/>\n<meta property=\"og:description\" content=\"Goccia d\u2019oro Oliwa extra virgin 1 l Goccia d\u2019oro Oliwa extra virgin Extra vergine to najwy\u017csza kategoria oliwy z oliwek pierwszego t\u0142oczenia. Powstaje z t\u0142oczonych na zimno oliwek typu \u201ecortina\u201d i \u201eoliarola\u201d. Owoce z drzewa s\u0105 r\u0119cznie zbierane, starannie selekcjonowane, a nast\u0119pnie wyciskane na \u017carnach metod\u0105 mechaniczn\u0105. Oliwa extra vergine nie jest poddawana obr\u00f3bce chemicznej. [&hellip;]\" \/>\n<meta property=\"og:url\" content=\"https:\/\/racom.com.pl\/index.php\/produkt\/goccia-doro-oliwa-z-oliwek-extra-vergine-selezione-1l\/\" \/>\n<meta property=\"og:site_name\" content=\"Mix Market - Supermarket z wszystkim co potrzeba\" \/>\n<meta property=\"og:image\" content=\"https:\/\/racom.com.pl\/wp-content\/uploads\/2025\/07\/allegro_687aa4ec1f3917.96733387_bd7a7be4440eb1cfb99be1f488f5.jpg\" \/>\n\t<meta property=\"og:image:width\" content=\"1169\" \/>\n\t<meta property=\"og:image:height\" content=\"2560\" \/>\n\t<meta property=\"og:image:type\" content=\"image\/jpeg\" \/>\n<meta name=\"twitter:card\" content=\"summary_large_image\" \/>\n<meta name=\"twitter:label1\" content=\"Szacowany czas czytania\" \/>\n\t<meta name=\"twitter:data1\" content=\"1 minuta\" \/>\n<script type=\"application\/ld+json\" class=\"yoast-schema-graph\">{\"@context\":\"https:\\\/\\\/schema.org\",\"@graph\":[{\"@type\":\"WebPage\",\"@id\":\"https:\\\/\\\/racom.com.pl\\\/index.php\\\/produkt\\\/goccia-doro-oliwa-z-oliwek-extra-vergine-selezione-1l\\\/\",\"url\":\"https:\\\/\\\/racom.com.pl\\\/index.php\\\/produkt\\\/goccia-doro-oliwa-z-oliwek-extra-vergine-selezione-1l\\\/\",\"name\":\"GOCCIA D'ORO OLIWA z Oliwek EXTRA VERGINE SELEZIONE 1L - Mix Market - Supermarket z wszystkim co potrzeba\",\"isPartOf\":{\"@id\":\"https:\\\/\\\/racom.com.pl\\\/#website\"},\"primaryImageOfPage\":{\"@id\":\"https:\\\/\\\/racom.com.pl\\\/index.php\\\/produkt\\\/goccia-doro-oliwa-z-oliwek-extra-vergine-selezione-1l\\\/#primaryimage\"},\"image\":{\"@id\":\"https:\\\/\\\/racom.com.pl\\\/index.php\\\/produkt\\\/goccia-doro-oliwa-z-oliwek-extra-vergine-selezione-1l\\\/#primaryimage\"},\"thumbnailUrl\":\"https:\\\/\\\/racom.com.pl\\\/wp-content\\\/uploads\\\/2025\\\/07\\\/allegro_687aa4ec1f3917.96733387_bd7a7be4440eb1cfb99be1f488f5.jpg\",\"datePublished\":\"2025-07-18T19:47:36+00:00\",\"breadcrumb\":{\"@id\":\"https:\\\/\\\/racom.com.pl\\\/index.php\\\/produkt\\\/goccia-doro-oliwa-z-oliwek-extra-vergine-selezione-1l\\\/#breadcrumb\"},\"inLanguage\":\"pl-PL\",\"potentialAction\":[{\"@type\":\"ReadAction\",\"target\":[\"https:\\\/\\\/racom.com.pl\\\/index.php\\\/produkt\\\/goccia-doro-oliwa-z-oliwek-extra-vergine-selezione-1l\\\/\"]}]},{\"@type\":\"ImageObject\",\"inLanguage\":\"pl-PL\",\"@id\":\"https:\\\/\\\/racom.com.pl\\\/index.php\\\/produkt\\\/goccia-doro-oliwa-z-oliwek-extra-vergine-selezione-1l\\\/#primaryimage\",\"url\":\"https:\\\/\\\/racom.com.pl\\\/wp-content\\\/uploads\\\/2025\\\/07\\\/allegro_687aa4ec1f3917.96733387_bd7a7be4440eb1cfb99be1f488f5.jpg\",\"contentUrl\":\"https:\\\/\\\/racom.com.pl\\\/wp-content\\\/uploads\\\/2025\\\/07\\\/allegro_687aa4ec1f3917.96733387_bd7a7be4440eb1cfb99be1f488f5.jpg\",\"width\":1169,\"height\":2560},{\"@type\":\"BreadcrumbList\",\"@id\":\"https:\\\/\\\/racom.com.pl\\\/index.php\\\/produkt\\\/goccia-doro-oliwa-z-oliwek-extra-vergine-selezione-1l\\\/#breadcrumb\",\"itemListElement\":[{\"@type\":\"ListItem\",\"position\":1,\"name\":\"Strona g\u0142\u00f3wna\",\"item\":\"https:\\\/\\\/racom.com.pl\\\/\"},{\"@type\":\"ListItem\",\"position\":2,\"name\":\"Sklep\",\"item\":\"https:\\\/\\\/racom.com.pl\\\/\"},{\"@type\":\"ListItem\",\"position\":3,\"name\":\"GOCCIA D&#8217;ORO OLIWA z Oliwek EXTRA VERGINE SELEZIONE 1L\"}]},{\"@type\":\"WebSite\",\"@id\":\"https:\\\/\\\/racom.com.pl\\\/#website\",\"url\":\"https:\\\/\\\/racom.com.pl\\\/\",\"name\":\"Mix Market - Supermarket z wszystkim co potrzeba do domu i nie tylko\",\"description\":\"\",\"publisher\":{\"@id\":\"https:\\\/\\\/racom.com.pl\\\/#organization\"},\"potentialAction\":[{\"@type\":\"SearchAction\",\"target\":{\"@type\":\"EntryPoint\",\"urlTemplate\":\"https:\\\/\\\/racom.com.pl\\\/?s={search_term_string}\"},\"query-input\":{\"@type\":\"PropertyValueSpecification\",\"valueRequired\":true,\"valueName\":\"search_term_string\"}}],\"inLanguage\":\"pl-PL\"},{\"@type\":\"Organization\",\"@id\":\"https:\\\/\\\/racom.com.pl\\\/#organization\",\"name\":\"Mix Market - Supermarket z wszystkim co potrzeba do domu i nie tylko\",\"url\":\"https:\\\/\\\/racom.com.pl\\\/\",\"logo\":{\"@type\":\"ImageObject\",\"inLanguage\":\"pl-PL\",\"@id\":\"https:\\\/\\\/racom.com.pl\\\/#\\\/schema\\\/logo\\\/image\\\/\",\"url\":\"https:\\\/\\\/racom.com.pl\\\/wp-content\\\/uploads\\\/2025\\\/07\\\/mixmarket_logo.png\",\"contentUrl\":\"https:\\\/\\\/racom.com.pl\\\/wp-content\\\/uploads\\\/2025\\\/07\\\/mixmarket_logo.png\",\"width\":1024,\"height\":1024,\"caption\":\"Mix Market - Supermarket z wszystkim co potrzeba do domu i nie tylko\"},\"image\":{\"@id\":\"https:\\\/\\\/racom.com.pl\\\/#\\\/schema\\\/logo\\\/image\\\/\"}}]}<\/script>\n<!-- \/ Yoast SEO plugin. -->","yoast_head_json":{"title":"GOCCIA D'ORO OLIWA z Oliwek EXTRA VERGINE SELEZIONE 1L - Mix Market - Supermarket z wszystkim co potrzeba","robots":{"index":"index","follow":"follow","max-snippet":"max-snippet:-1","max-image-preview":"max-image-preview:large","max-video-preview":"max-video-preview:-1"},"canonical":"https:\/\/racom.com.pl\/index.php\/produkt\/goccia-doro-oliwa-z-oliwek-extra-vergine-selezione-1l\/","og_locale":"pl_PL","og_type":"article","og_title":"GOCCIA D'ORO OLIWA z Oliwek EXTRA VERGINE SELEZIONE 1L - Mix Market - Supermarket z wszystkim co potrzeba","og_description":"Goccia d\u2019oro Oliwa extra virgin 1 l Goccia d\u2019oro Oliwa extra virgin Extra vergine to najwy\u017csza kategoria oliwy z oliwek pierwszego t\u0142oczenia. Powstaje z t\u0142oczonych na zimno oliwek typu \u201ecortina\u201d i \u201eoliarola\u201d. Owoce z drzewa s\u0105 r\u0119cznie zbierane, starannie selekcjonowane, a nast\u0119pnie wyciskane na \u017carnach metod\u0105 mechaniczn\u0105. Oliwa extra vergine nie jest poddawana obr\u00f3bce chemicznej. [&hellip;]","og_url":"https:\/\/racom.com.pl\/index.php\/produkt\/goccia-doro-oliwa-z-oliwek-extra-vergine-selezione-1l\/","og_site_name":"Mix Market - Supermarket z wszystkim co potrzeba","og_image":[{"width":1169,"height":2560,"url":"https:\/\/racom.com.pl\/wp-content\/uploads\/2025\/07\/allegro_687aa4ec1f3917.96733387_bd7a7be4440eb1cfb99be1f488f5.jpg","type":"image\/jpeg"}],"twitter_card":"summary_large_image","twitter_misc":{"Szacowany czas czytania":"1 minuta"},"schema":{"@context":"https:\/\/schema.org","@graph":[{"@type":"WebPage","@id":"https:\/\/racom.com.pl\/index.php\/produkt\/goccia-doro-oliwa-z-oliwek-extra-vergine-selezione-1l\/","url":"https:\/\/racom.com.pl\/index.php\/produkt\/goccia-doro-oliwa-z-oliwek-extra-vergine-selezione-1l\/","name":"GOCCIA D'ORO OLIWA z Oliwek EXTRA VERGINE SELEZIONE 1L - Mix Market - Supermarket z wszystkim co potrzeba","isPartOf":{"@id":"https:\/\/racom.com.pl\/#website"},"primaryImageOfPage":{"@id":"https:\/\/racom.com.pl\/index.php\/produkt\/goccia-doro-oliwa-z-oliwek-extra-vergine-selezione-1l\/#primaryimage"},"image":{"@id":"https:\/\/racom.com.pl\/index.php\/produkt\/goccia-doro-oliwa-z-oliwek-extra-vergine-selezione-1l\/#primaryimage"},"thumbnailUrl":"https:\/\/racom.com.pl\/wp-content\/uploads\/2025\/07\/allegro_687aa4ec1f3917.96733387_bd7a7be4440eb1cfb99be1f488f5.jpg","datePublished":"2025-07-18T19:47:36+00:00","breadcrumb":{"@id":"https:\/\/racom.com.pl\/index.php\/produkt\/goccia-doro-oliwa-z-oliwek-extra-vergine-selezione-1l\/#breadcrumb"},"inLanguage":"pl-PL","potentialAction":[{"@type":"ReadAction","target":["https:\/\/racom.com.pl\/index.php\/produkt\/goccia-doro-oliwa-z-oliwek-extra-vergine-selezione-1l\/"]}]},{"@type":"ImageObject","inLanguage":"pl-PL","@id":"https:\/\/racom.com.pl\/index.php\/produkt\/goccia-doro-oliwa-z-oliwek-extra-vergine-selezione-1l\/#primaryimage","url":"https:\/\/racom.com.pl\/wp-content\/uploads\/2025\/07\/allegro_687aa4ec1f3917.96733387_bd7a7be4440eb1cfb99be1f488f5.jpg","contentUrl":"https:\/\/racom.com.pl\/wp-content\/uploads\/2025\/07\/allegro_687aa4ec1f3917.96733387_bd7a7be4440eb1cfb99be1f488f5.jpg","width":1169,"height":2560},{"@type":"BreadcrumbList","@id":"https:\/\/racom.com.pl\/index.php\/produkt\/goccia-doro-oliwa-z-oliwek-extra-vergine-selezione-1l\/#breadcrumb","itemListElement":[{"@type":"ListItem","position":1,"name":"Strona g\u0142\u00f3wna","item":"https:\/\/racom.com.pl\/"},{"@type":"ListItem","position":2,"name":"Sklep","item":"https:\/\/racom.com.pl\/"},{"@type":"ListItem","position":3,"name":"GOCCIA D&#8217;ORO OLIWA z Oliwek EXTRA VERGINE SELEZIONE 1L"}]},{"@type":"WebSite","@id":"https:\/\/racom.com.pl\/#website","url":"https:\/\/racom.com.pl\/","name":"Mix Market - Supermarket z wszystkim co potrzeba do domu i nie tylko","description":"","publisher":{"@id":"https:\/\/racom.com.pl\/#organization"},"potentialAction":[{"@type":"SearchAction","target":{"@type":"EntryPoint","urlTemplate":"https:\/\/racom.com.pl\/?s={search_term_string}"},"query-input":{"@type":"PropertyValueSpecification","valueRequired":true,"valueName":"search_term_string"}}],"inLanguage":"pl-PL"},{"@type":"Organization","@id":"https:\/\/racom.com.pl\/#organization","name":"Mix Market - Supermarket z wszystkim co potrzeba do domu i nie tylko","url":"https:\/\/racom.com.pl\/","logo":{"@type":"ImageObject","inLanguage":"pl-PL","@id":"https:\/\/racom.com.pl\/#\/schema\/logo\/image\/","url":"https:\/\/racom.com.pl\/wp-content\/uploads\/2025\/07\/mixmarket_logo.png","contentUrl":"https:\/\/racom.com.pl\/wp-content\/uploads\/2025\/07\/mixmarket_logo.png","width":1024,"height":1024,"caption":"Mix Market - Supermarket z wszystkim co potrzeba do domu i nie tylko"},"image":{"@id":"https:\/\/racom.com.pl\/#\/schema\/logo\/image\/"}}]}},"_links":{"self":[{"href":"https:\/\/racom.com.pl\/index.php\/wp-json\/wp\/v2\/product\/2122","targetHints":{"allow":["GET"]}}],"collection":[{"href":"https:\/\/racom.com.pl\/index.php\/wp-json\/wp\/v2\/product"}],"about":[{"href":"https:\/\/racom.com.pl\/index.php\/wp-json\/wp\/v2\/types\/product"}],"replies":[{"embeddable":true,"href":"https:\/\/racom.com.pl\/index.php\/wp-json\/wp\/v2\/comments?post=2122"}],"wp:featuredmedia":[{"embeddable":true,"href":"https:\/\/racom.com.pl\/index.php\/wp-json\/wp\/v2\/media\/2125"}],"wp:attachment":[{"href":"https:\/\/racom.com.pl\/index.php\/wp-json\/wp\/v2\/media?parent=2122"}],"wp:term":[{"taxonomy":"product_brand","embeddable":true,"href":"https:\/\/racom.com.pl\/index.php\/wp-json\/wp\/v2\/product_brand?post=2122"},{"taxonomy":"product_cat","embeddable":true,"href":"https:\/\/racom.com.pl\/index.php\/wp-json\/wp\/v2\/product_cat?post=2122"},{"taxonomy":"product_tag","embeddable":true,"href":"https:\/\/racom.com.pl\/index.php\/wp-json\/wp\/v2\/product_tag?post=2122"}],"curies":[{"name":"wp","href":"https:\/\/api.w.org\/{rel}","templated":true}]}}