{"id":2130,"date":"2025-07-18T21:48:44","date_gmt":"2025-07-18T19:48:44","guid":{"rendered":"http:\/\/192.168.2.106\/index.php\/produkt\/czarny-makaron-spaghetti-sepia-de-luca-500g\/"},"modified":"2025-07-18T21:48:44","modified_gmt":"2025-07-18T19:48:44","slug":"czarny-makaron-spaghetti-sepia-de-luca-500g","status":"publish","type":"product","link":"https:\/\/racom.com.pl\/index.php\/produkt\/czarny-makaron-spaghetti-sepia-de-luca-500g\/","title":{"rendered":"Czarny Makaron Spaghetti Sepia De Luca 500g"},"content":{"rendered":"<h2>De Luca Makaron Spaghetti czarny 500 g<\/h2>\n<p><b>Opis:&nbsp;<\/b>W\u0142oski, czarny makaron spaghetti marki De Luca zosta\u0142 wyprodukowany z wysokiej jako\u015bci pszenicy durum. Swoj\u0105 barw\u0119 zawdzi\u0119cza dodatkowi naturalnego, czarnego atramentu z ka\u0142amarnicy. Podczas gotowania nie skleja si\u0119, jest spr\u0119\u017cysty oraz zachowuje sw\u00f3j kszta\u0142t. Idealnie \u0142\u0105czy si\u0119 z owocami morza, \u0142ososiem oraz s\u0142odkimi sosami z czerwonej papryki lub pomidor\u00f3w.<\/p>\n<p><b>Sk\u0142ad:&nbsp;<\/b>pszenica durum, woda, atrament z ka\u0142amarnicy 3%.<\/p>\n<p><b>Warto\u015b\u0107 od\u017cywcza w 100g:<\/b><\/p>\n<p>energia: 1470kj\/346kcal<\/p>\n<p>t\u0142uszcz: 1,5g (w tym kwasy nasycone: 0,3g)<\/p>\n<p>w\u0119glowodany: 70,2g (w tym cukry 3,4g)<\/p>\n<p>bia\u0142ko: 13g<\/p>\n<p>b\u0142onnik: 2,9g<\/p>\n<p>s\u00f3l: 0,008g.<\/p>\n<p><b>Przechowywanie:&nbsp;<\/b>przechowywa\u0107 w suchym miejscu<\/p>\n<p><b>Pochodzenie:&nbsp;<\/b>W\u0142ochy<\/p>\n","protected":false},"excerpt":{"rendered":"<p>De Luca Makaron Spaghetti czarny 500 g Opis:&nbsp;W\u0142oski, czarny makaron spaghetti marki De Luca zosta\u0142 wyprodukowany z wysokiej jako\u015bci pszenicy durum. Swoj\u0105 barw\u0119 zawdzi\u0119cza dodatkowi naturalnego, czarnego atramentu z ka\u0142amarnicy. Podczas gotowania nie skleja si\u0119, jest spr\u0119\u017cysty oraz zachowuje sw\u00f3j kszta\u0142t. Idealnie \u0142\u0105czy si\u0119 z owocami morza, \u0142ososiem oraz s\u0142odkimi sosami z czerwonej papryki lub [&hellip;]<\/p>\n","protected":false},"featured_media":2133,"comment_status":"open","ping_status":"closed","template":"","meta":[],"product_brand":[131],"product_cat":[130],"product_tag":[],"class_list":{"0":"post-2130","1":"product","2":"type-product","3":"status-publish","4":"has-post-thumbnail","6":"product_brand-de-luca","7":"product_cat-produkty-sypkie","9":"first","10":"instock","11":"taxable","12":"shipping-taxable","13":"purchasable","14":"product-type-simple"},"yoast_head":"<!-- This site is optimized with the Yoast SEO plugin v27.3 - https:\/\/yoast.com\/product\/yoast-seo-wordpress\/ -->\n<title>Czarny Makaron Spaghetti Sepia De Luca 500g - Mix Market - Supermarket z wszystkim co potrzeba<\/title>\n<meta name=\"robots\" content=\"index, follow, max-snippet:-1, max-image-preview:large, max-video-preview:-1\" \/>\n<link rel=\"canonical\" href=\"https:\/\/racom.com.pl\/index.php\/produkt\/czarny-makaron-spaghetti-sepia-de-luca-500g\/\" \/>\n<meta property=\"og:locale\" content=\"pl_PL\" \/>\n<meta property=\"og:type\" content=\"article\" \/>\n<meta property=\"og:title\" content=\"Czarny Makaron Spaghetti Sepia De Luca 500g - Mix Market - Supermarket z wszystkim co potrzeba\" \/>\n<meta property=\"og:description\" content=\"De Luca Makaron Spaghetti czarny 500 g Opis:&nbsp;W\u0142oski, czarny makaron spaghetti marki De Luca zosta\u0142 wyprodukowany z wysokiej jako\u015bci pszenicy durum. Swoj\u0105 barw\u0119 zawdzi\u0119cza dodatkowi naturalnego, czarnego atramentu z ka\u0142amarnicy. Podczas gotowania nie skleja si\u0119, jest spr\u0119\u017cysty oraz zachowuje sw\u00f3j kszta\u0142t. Idealnie \u0142\u0105czy si\u0119 z owocami morza, \u0142ososiem oraz s\u0142odkimi sosami z czerwonej papryki lub [&hellip;]\" \/>\n<meta property=\"og:url\" content=\"https:\/\/racom.com.pl\/index.php\/produkt\/czarny-makaron-spaghetti-sepia-de-luca-500g\/\" \/>\n<meta property=\"og:site_name\" content=\"Mix Market - Supermarket z wszystkim co potrzeba\" \/>\n<meta property=\"og:image\" content=\"https:\/\/racom.com.pl\/wp-content\/uploads\/2025\/07\/allegro_687aa52b532339.91461391_e950142d452485ba0f2a5bfc4ecc.jpg\" \/>\n\t<meta property=\"og:image:width\" content=\"2365\" \/>\n\t<meta property=\"og:image:height\" content=\"2365\" \/>\n\t<meta property=\"og:image:type\" content=\"image\/jpeg\" \/>\n<meta name=\"twitter:card\" content=\"summary_large_image\" \/>\n<meta name=\"twitter:label1\" content=\"Szacowany czas czytania\" \/>\n\t<meta name=\"twitter:data1\" content=\"1 minuta\" \/>\n<script type=\"application\/ld+json\" class=\"yoast-schema-graph\">{\"@context\":\"https:\\\/\\\/schema.org\",\"@graph\":[{\"@type\":\"WebPage\",\"@id\":\"https:\\\/\\\/racom.com.pl\\\/index.php\\\/produkt\\\/czarny-makaron-spaghetti-sepia-de-luca-500g\\\/\",\"url\":\"https:\\\/\\\/racom.com.pl\\\/index.php\\\/produkt\\\/czarny-makaron-spaghetti-sepia-de-luca-500g\\\/\",\"name\":\"Czarny Makaron Spaghetti Sepia De Luca 500g - Mix Market - Supermarket z wszystkim co potrzeba\",\"isPartOf\":{\"@id\":\"https:\\\/\\\/racom.com.pl\\\/#website\"},\"primaryImageOfPage\":{\"@id\":\"https:\\\/\\\/racom.com.pl\\\/index.php\\\/produkt\\\/czarny-makaron-spaghetti-sepia-de-luca-500g\\\/#primaryimage\"},\"image\":{\"@id\":\"https:\\\/\\\/racom.com.pl\\\/index.php\\\/produkt\\\/czarny-makaron-spaghetti-sepia-de-luca-500g\\\/#primaryimage\"},\"thumbnailUrl\":\"https:\\\/\\\/racom.com.pl\\\/wp-content\\\/uploads\\\/2025\\\/07\\\/allegro_687aa52b532339.91461391_e950142d452485ba0f2a5bfc4ecc.jpg\",\"datePublished\":\"2025-07-18T19:48:44+00:00\",\"breadcrumb\":{\"@id\":\"https:\\\/\\\/racom.com.pl\\\/index.php\\\/produkt\\\/czarny-makaron-spaghetti-sepia-de-luca-500g\\\/#breadcrumb\"},\"inLanguage\":\"pl-PL\",\"potentialAction\":[{\"@type\":\"ReadAction\",\"target\":[\"https:\\\/\\\/racom.com.pl\\\/index.php\\\/produkt\\\/czarny-makaron-spaghetti-sepia-de-luca-500g\\\/\"]}]},{\"@type\":\"ImageObject\",\"inLanguage\":\"pl-PL\",\"@id\":\"https:\\\/\\\/racom.com.pl\\\/index.php\\\/produkt\\\/czarny-makaron-spaghetti-sepia-de-luca-500g\\\/#primaryimage\",\"url\":\"https:\\\/\\\/racom.com.pl\\\/wp-content\\\/uploads\\\/2025\\\/07\\\/allegro_687aa52b532339.91461391_e950142d452485ba0f2a5bfc4ecc.jpg\",\"contentUrl\":\"https:\\\/\\\/racom.com.pl\\\/wp-content\\\/uploads\\\/2025\\\/07\\\/allegro_687aa52b532339.91461391_e950142d452485ba0f2a5bfc4ecc.jpg\",\"width\":2365,\"height\":2365},{\"@type\":\"BreadcrumbList\",\"@id\":\"https:\\\/\\\/racom.com.pl\\\/index.php\\\/produkt\\\/czarny-makaron-spaghetti-sepia-de-luca-500g\\\/#breadcrumb\",\"itemListElement\":[{\"@type\":\"ListItem\",\"position\":1,\"name\":\"Strona g\u0142\u00f3wna\",\"item\":\"https:\\\/\\\/racom.com.pl\\\/\"},{\"@type\":\"ListItem\",\"position\":2,\"name\":\"Sklep\",\"item\":\"https:\\\/\\\/racom.com.pl\\\/\"},{\"@type\":\"ListItem\",\"position\":3,\"name\":\"Czarny Makaron Spaghetti Sepia De Luca 500g\"}]},{\"@type\":\"WebSite\",\"@id\":\"https:\\\/\\\/racom.com.pl\\\/#website\",\"url\":\"https:\\\/\\\/racom.com.pl\\\/\",\"name\":\"Mix Market - Supermarket z wszystkim co potrzeba do domu i nie tylko\",\"description\":\"\",\"publisher\":{\"@id\":\"https:\\\/\\\/racom.com.pl\\\/#organization\"},\"potentialAction\":[{\"@type\":\"SearchAction\",\"target\":{\"@type\":\"EntryPoint\",\"urlTemplate\":\"https:\\\/\\\/racom.com.pl\\\/?s={search_term_string}\"},\"query-input\":{\"@type\":\"PropertyValueSpecification\",\"valueRequired\":true,\"valueName\":\"search_term_string\"}}],\"inLanguage\":\"pl-PL\"},{\"@type\":\"Organization\",\"@id\":\"https:\\\/\\\/racom.com.pl\\\/#organization\",\"name\":\"Mix Market - Supermarket z wszystkim co potrzeba do domu i nie tylko\",\"url\":\"https:\\\/\\\/racom.com.pl\\\/\",\"logo\":{\"@type\":\"ImageObject\",\"inLanguage\":\"pl-PL\",\"@id\":\"https:\\\/\\\/racom.com.pl\\\/#\\\/schema\\\/logo\\\/image\\\/\",\"url\":\"https:\\\/\\\/racom.com.pl\\\/wp-content\\\/uploads\\\/2025\\\/07\\\/mixmarket_logo.png\",\"contentUrl\":\"https:\\\/\\\/racom.com.pl\\\/wp-content\\\/uploads\\\/2025\\\/07\\\/mixmarket_logo.png\",\"width\":1024,\"height\":1024,\"caption\":\"Mix Market - Supermarket z wszystkim co potrzeba do domu i nie tylko\"},\"image\":{\"@id\":\"https:\\\/\\\/racom.com.pl\\\/#\\\/schema\\\/logo\\\/image\\\/\"}}]}<\/script>\n<!-- \/ Yoast SEO plugin. -->","yoast_head_json":{"title":"Czarny Makaron Spaghetti Sepia De Luca 500g - Mix Market - Supermarket z wszystkim co potrzeba","robots":{"index":"index","follow":"follow","max-snippet":"max-snippet:-1","max-image-preview":"max-image-preview:large","max-video-preview":"max-video-preview:-1"},"canonical":"https:\/\/racom.com.pl\/index.php\/produkt\/czarny-makaron-spaghetti-sepia-de-luca-500g\/","og_locale":"pl_PL","og_type":"article","og_title":"Czarny Makaron Spaghetti Sepia De Luca 500g - Mix Market - Supermarket z wszystkim co potrzeba","og_description":"De Luca Makaron Spaghetti czarny 500 g Opis:&nbsp;W\u0142oski, czarny makaron spaghetti marki De Luca zosta\u0142 wyprodukowany z wysokiej jako\u015bci pszenicy durum. Swoj\u0105 barw\u0119 zawdzi\u0119cza dodatkowi naturalnego, czarnego atramentu z ka\u0142amarnicy. Podczas gotowania nie skleja si\u0119, jest spr\u0119\u017cysty oraz zachowuje sw\u00f3j kszta\u0142t. Idealnie \u0142\u0105czy si\u0119 z owocami morza, \u0142ososiem oraz s\u0142odkimi sosami z czerwonej papryki lub [&hellip;]","og_url":"https:\/\/racom.com.pl\/index.php\/produkt\/czarny-makaron-spaghetti-sepia-de-luca-500g\/","og_site_name":"Mix Market - Supermarket z wszystkim co potrzeba","og_image":[{"width":2365,"height":2365,"url":"https:\/\/racom.com.pl\/wp-content\/uploads\/2025\/07\/allegro_687aa52b532339.91461391_e950142d452485ba0f2a5bfc4ecc.jpg","type":"image\/jpeg"}],"twitter_card":"summary_large_image","twitter_misc":{"Szacowany czas czytania":"1 minuta"},"schema":{"@context":"https:\/\/schema.org","@graph":[{"@type":"WebPage","@id":"https:\/\/racom.com.pl\/index.php\/produkt\/czarny-makaron-spaghetti-sepia-de-luca-500g\/","url":"https:\/\/racom.com.pl\/index.php\/produkt\/czarny-makaron-spaghetti-sepia-de-luca-500g\/","name":"Czarny Makaron Spaghetti Sepia De Luca 500g - Mix Market - Supermarket z wszystkim co potrzeba","isPartOf":{"@id":"https:\/\/racom.com.pl\/#website"},"primaryImageOfPage":{"@id":"https:\/\/racom.com.pl\/index.php\/produkt\/czarny-makaron-spaghetti-sepia-de-luca-500g\/#primaryimage"},"image":{"@id":"https:\/\/racom.com.pl\/index.php\/produkt\/czarny-makaron-spaghetti-sepia-de-luca-500g\/#primaryimage"},"thumbnailUrl":"https:\/\/racom.com.pl\/wp-content\/uploads\/2025\/07\/allegro_687aa52b532339.91461391_e950142d452485ba0f2a5bfc4ecc.jpg","datePublished":"2025-07-18T19:48:44+00:00","breadcrumb":{"@id":"https:\/\/racom.com.pl\/index.php\/produkt\/czarny-makaron-spaghetti-sepia-de-luca-500g\/#breadcrumb"},"inLanguage":"pl-PL","potentialAction":[{"@type":"ReadAction","target":["https:\/\/racom.com.pl\/index.php\/produkt\/czarny-makaron-spaghetti-sepia-de-luca-500g\/"]}]},{"@type":"ImageObject","inLanguage":"pl-PL","@id":"https:\/\/racom.com.pl\/index.php\/produkt\/czarny-makaron-spaghetti-sepia-de-luca-500g\/#primaryimage","url":"https:\/\/racom.com.pl\/wp-content\/uploads\/2025\/07\/allegro_687aa52b532339.91461391_e950142d452485ba0f2a5bfc4ecc.jpg","contentUrl":"https:\/\/racom.com.pl\/wp-content\/uploads\/2025\/07\/allegro_687aa52b532339.91461391_e950142d452485ba0f2a5bfc4ecc.jpg","width":2365,"height":2365},{"@type":"BreadcrumbList","@id":"https:\/\/racom.com.pl\/index.php\/produkt\/czarny-makaron-spaghetti-sepia-de-luca-500g\/#breadcrumb","itemListElement":[{"@type":"ListItem","position":1,"name":"Strona g\u0142\u00f3wna","item":"https:\/\/racom.com.pl\/"},{"@type":"ListItem","position":2,"name":"Sklep","item":"https:\/\/racom.com.pl\/"},{"@type":"ListItem","position":3,"name":"Czarny Makaron Spaghetti Sepia De Luca 500g"}]},{"@type":"WebSite","@id":"https:\/\/racom.com.pl\/#website","url":"https:\/\/racom.com.pl\/","name":"Mix Market - Supermarket z wszystkim co potrzeba do domu i nie tylko","description":"","publisher":{"@id":"https:\/\/racom.com.pl\/#organization"},"potentialAction":[{"@type":"SearchAction","target":{"@type":"EntryPoint","urlTemplate":"https:\/\/racom.com.pl\/?s={search_term_string}"},"query-input":{"@type":"PropertyValueSpecification","valueRequired":true,"valueName":"search_term_string"}}],"inLanguage":"pl-PL"},{"@type":"Organization","@id":"https:\/\/racom.com.pl\/#organization","name":"Mix Market - Supermarket z wszystkim co potrzeba do domu i nie tylko","url":"https:\/\/racom.com.pl\/","logo":{"@type":"ImageObject","inLanguage":"pl-PL","@id":"https:\/\/racom.com.pl\/#\/schema\/logo\/image\/","url":"https:\/\/racom.com.pl\/wp-content\/uploads\/2025\/07\/mixmarket_logo.png","contentUrl":"https:\/\/racom.com.pl\/wp-content\/uploads\/2025\/07\/mixmarket_logo.png","width":1024,"height":1024,"caption":"Mix Market - Supermarket z wszystkim co potrzeba do domu i nie tylko"},"image":{"@id":"https:\/\/racom.com.pl\/#\/schema\/logo\/image\/"}}]}},"_links":{"self":[{"href":"https:\/\/racom.com.pl\/index.php\/wp-json\/wp\/v2\/product\/2130","targetHints":{"allow":["GET"]}}],"collection":[{"href":"https:\/\/racom.com.pl\/index.php\/wp-json\/wp\/v2\/product"}],"about":[{"href":"https:\/\/racom.com.pl\/index.php\/wp-json\/wp\/v2\/types\/product"}],"replies":[{"embeddable":true,"href":"https:\/\/racom.com.pl\/index.php\/wp-json\/wp\/v2\/comments?post=2130"}],"wp:featuredmedia":[{"embeddable":true,"href":"https:\/\/racom.com.pl\/index.php\/wp-json\/wp\/v2\/media\/2133"}],"wp:attachment":[{"href":"https:\/\/racom.com.pl\/index.php\/wp-json\/wp\/v2\/media?parent=2130"}],"wp:term":[{"taxonomy":"product_brand","embeddable":true,"href":"https:\/\/racom.com.pl\/index.php\/wp-json\/wp\/v2\/product_brand?post=2130"},{"taxonomy":"product_cat","embeddable":true,"href":"https:\/\/racom.com.pl\/index.php\/wp-json\/wp\/v2\/product_cat?post=2130"},{"taxonomy":"product_tag","embeddable":true,"href":"https:\/\/racom.com.pl\/index.php\/wp-json\/wp\/v2\/product_tag?post=2130"}],"curies":[{"name":"wp","href":"https:\/\/api.w.org\/{rel}","templated":true}]}}