{"id":2142,"date":"2025-07-18T22:03:41","date_gmt":"2025-07-18T20:03:41","guid":{"rendered":"http:\/\/192.168.2.106\/index.php\/produkt\/sos-salatkowy-grecki-knorr-duze-opakowanie-700-g\/"},"modified":"2025-07-18T22:03:41","modified_gmt":"2025-07-18T20:03:41","slug":"sos-salatkowy-grecki-knorr-duze-opakowanie-700-g","status":"publish","type":"product","link":"https:\/\/racom.com.pl\/index.php\/produkt\/sos-salatkowy-grecki-knorr-duze-opakowanie-700-g\/","title":{"rendered":"Sos sa\u0142atkowy Grecki Knorr du\u017ce opakowanie 700 g"},"content":{"rendered":"<h2>Knorr Sos sa\u0142atkowy Grecki 700g<\/h2>\n<p><b>W\u0142a\u015bciwo\u015bci:<\/b> wy\u015bmienicie nadaje si\u0119 do przygotowania oryginalnej, bardzo popularnej sa\u0142atki greckiej, jak i innych sa\u0142atek gdzie u\u017cywany jest sos vinegrette. Stanowi perfekcyjn\u0105 kompozycj\u0119 bukietu zi\u00f3\u0142, przypraw i warzyw: oregano, rozmarynu, kolendry, natki pietruszki, pieprzu cayenne, kurkumy, szalotki.<\/p>\n<p><b>Spos\u00f3b przygotowania:<\/b> zawarto\u015b\u0107 opakowania rozpu\u015b\u0107 w 3.5 litra wody mineralnej, intensywnie wymieszaj, dodaj 1.8 litra oleju ro\u015blinnego, ca\u0142o\u015b\u0107 dobrze wymieszaj i pozostaw na oko\u0142o 1 min. Aby przygtowa\u0107 10 porcji sosu rozprowad\u017a 50g sosu sa\u0142atkowego w 250ml wody mineralnej, dok\u0142adnie wymieszaj, dodaj 125ml oleju, ca\u0142o\u015b\u0107 po\u0142\u0105cz i pozostaw na 1 min. Przygotowany sos po\u0142\u0105cz z mieszank\u0105 warzyw lub sa\u0142at.<\/p>\n<p><b>Wydajno\u015b\u0107:<\/b> 6 litr\u00f3w<\/p>\n<p><b>Korzy\u015bci:<\/b> sos sa\u0142atkowy grecki po\u0142\u0105cz z majonezem sa\u0142atkowym Hellmann&#8217;s, jogurtem naturalnym, posiekanym szczypiorkiem i \u015bwie\u017cym, posiekanym og\u00f3rkiem. Ca\u0142o\u015b\u0107 wymieszaj, dopraw do smaku. Przyrz\u0105dzony sos podawaj do da\u0144 z grilla, kebabu lub gyrosa.<\/p>\n<p><b>Przechowywanie:<\/b> przechowywa\u0107 w suchym, ch\u0142odnym i zaciemnionym miejscu.<\/p>\n<p><b>Sk\u0142adniki:<\/b> cukier, maltodekstryna, s\u00f3l, skrobia modyfikowana, regulator kwasowo\u015bci (octany sodu), kwas (kwas cytrynowy), czosnek (4,6%), LAKTOZA, szalotka (3,2%), skrobia, GORCZYCA mielona, natka pietruszki (2,6%), oregano (2,3%), t\u0142uszcz palmowy, substancja zag\u0119szczaj\u0105ca (guma ksantanowa), papryka, pieprz bia\u0142y, kolendra, rozmaryn (0,6%), koncentrat pomidorowy suszony (0,4%), sok z cytryny suszony (0,4%), kurkuma, pieprz cayenne, aromaty. Mo\u017ce zawiera\u0107 gluten, jaja i seler.<\/p>\n<ul>\n<li>bez dodatku sztucznych barwnik\u00f3w<\/li>\n<li>bez dodatku glutaminianu sodu<\/li>\n<li>bez konserwant\u00f3w<\/li>\n<\/ul>\n","protected":false},"excerpt":{"rendered":"<p>Knorr Sos sa\u0142atkowy Grecki 700g W\u0142a\u015bciwo\u015bci: wy\u015bmienicie nadaje si\u0119 do przygotowania oryginalnej, bardzo popularnej sa\u0142atki greckiej, jak i innych sa\u0142atek gdzie u\u017cywany jest sos vinegrette. Stanowi perfekcyjn\u0105 kompozycj\u0119 bukietu zi\u00f3\u0142, przypraw i warzyw: oregano, rozmarynu, kolendry, natki pietruszki, pieprzu cayenne, kurkumy, szalotki. Spos\u00f3b przygotowania: zawarto\u015b\u0107 opakowania rozpu\u015b\u0107 w 3.5 litra wody mineralnej, intensywnie wymieszaj, dodaj [&hellip;]<\/p>\n","protected":false},"featured_media":2145,"comment_status":"open","ping_status":"closed","template":"","meta":[],"product_brand":[112],"product_cat":[109],"product_tag":[],"class_list":{"0":"post-2142","1":"product","2":"type-product","3":"status-publish","4":"has-post-thumbnail","6":"product_brand-knorr","7":"product_cat-sosy-kanapkowe-i-dressingi","9":"first","10":"instock","11":"taxable","12":"shipping-taxable","13":"purchasable","14":"product-type-simple"},"yoast_head":"<!-- This site is optimized with the Yoast SEO plugin v27.3 - https:\/\/yoast.com\/product\/yoast-seo-wordpress\/ -->\n<title>Sos sa\u0142atkowy Grecki Knorr du\u017ce opakowanie 700 g - Mix Market - Supermarket z wszystkim co potrzeba<\/title>\n<meta name=\"robots\" content=\"index, follow, max-snippet:-1, max-image-preview:large, max-video-preview:-1\" \/>\n<link rel=\"canonical\" href=\"https:\/\/racom.com.pl\/index.php\/produkt\/sos-salatkowy-grecki-knorr-duze-opakowanie-700-g\/\" \/>\n<meta property=\"og:locale\" content=\"pl_PL\" \/>\n<meta property=\"og:type\" content=\"article\" \/>\n<meta property=\"og:title\" content=\"Sos sa\u0142atkowy Grecki Knorr du\u017ce opakowanie 700 g - Mix Market - Supermarket z wszystkim co potrzeba\" \/>\n<meta property=\"og:description\" content=\"Knorr Sos sa\u0142atkowy Grecki 700g W\u0142a\u015bciwo\u015bci: wy\u015bmienicie nadaje si\u0119 do przygotowania oryginalnej, bardzo popularnej sa\u0142atki greckiej, jak i innych sa\u0142atek gdzie u\u017cywany jest sos vinegrette. Stanowi perfekcyjn\u0105 kompozycj\u0119 bukietu zi\u00f3\u0142, przypraw i warzyw: oregano, rozmarynu, kolendry, natki pietruszki, pieprzu cayenne, kurkumy, szalotki. Spos\u00f3b przygotowania: zawarto\u015b\u0107 opakowania rozpu\u015b\u0107 w 3.5 litra wody mineralnej, intensywnie wymieszaj, dodaj [&hellip;]\" \/>\n<meta property=\"og:url\" content=\"https:\/\/racom.com.pl\/index.php\/produkt\/sos-salatkowy-grecki-knorr-duze-opakowanie-700-g\/\" \/>\n<meta property=\"og:site_name\" content=\"Mix Market - Supermarket z wszystkim co potrzeba\" \/>\n<meta property=\"og:image\" content=\"https:\/\/racom.com.pl\/wp-content\/uploads\/2025\/07\/allegro_687aa8de26b398.16089198_023af7cd4a53bc1dae2a160b7d74.jpg\" \/>\n\t<meta property=\"og:image:width\" content=\"2560\" \/>\n\t<meta property=\"og:image:height\" content=\"2560\" \/>\n\t<meta property=\"og:image:type\" content=\"image\/jpeg\" \/>\n<meta name=\"twitter:card\" content=\"summary_large_image\" \/>\n<meta name=\"twitter:label1\" content=\"Szacowany czas czytania\" \/>\n\t<meta name=\"twitter:data1\" content=\"1 minuta\" \/>\n<script type=\"application\/ld+json\" class=\"yoast-schema-graph\">{\"@context\":\"https:\\\/\\\/schema.org\",\"@graph\":[{\"@type\":\"WebPage\",\"@id\":\"https:\\\/\\\/racom.com.pl\\\/index.php\\\/produkt\\\/sos-salatkowy-grecki-knorr-duze-opakowanie-700-g\\\/\",\"url\":\"https:\\\/\\\/racom.com.pl\\\/index.php\\\/produkt\\\/sos-salatkowy-grecki-knorr-duze-opakowanie-700-g\\\/\",\"name\":\"Sos sa\u0142atkowy Grecki Knorr du\u017ce opakowanie 700 g - Mix Market - Supermarket z wszystkim co potrzeba\",\"isPartOf\":{\"@id\":\"https:\\\/\\\/racom.com.pl\\\/#website\"},\"primaryImageOfPage\":{\"@id\":\"https:\\\/\\\/racom.com.pl\\\/index.php\\\/produkt\\\/sos-salatkowy-grecki-knorr-duze-opakowanie-700-g\\\/#primaryimage\"},\"image\":{\"@id\":\"https:\\\/\\\/racom.com.pl\\\/index.php\\\/produkt\\\/sos-salatkowy-grecki-knorr-duze-opakowanie-700-g\\\/#primaryimage\"},\"thumbnailUrl\":\"https:\\\/\\\/racom.com.pl\\\/wp-content\\\/uploads\\\/2025\\\/07\\\/allegro_687aa8de26b398.16089198_023af7cd4a53bc1dae2a160b7d74.jpg\",\"datePublished\":\"2025-07-18T20:03:41+00:00\",\"breadcrumb\":{\"@id\":\"https:\\\/\\\/racom.com.pl\\\/index.php\\\/produkt\\\/sos-salatkowy-grecki-knorr-duze-opakowanie-700-g\\\/#breadcrumb\"},\"inLanguage\":\"pl-PL\",\"potentialAction\":[{\"@type\":\"ReadAction\",\"target\":[\"https:\\\/\\\/racom.com.pl\\\/index.php\\\/produkt\\\/sos-salatkowy-grecki-knorr-duze-opakowanie-700-g\\\/\"]}]},{\"@type\":\"ImageObject\",\"inLanguage\":\"pl-PL\",\"@id\":\"https:\\\/\\\/racom.com.pl\\\/index.php\\\/produkt\\\/sos-salatkowy-grecki-knorr-duze-opakowanie-700-g\\\/#primaryimage\",\"url\":\"https:\\\/\\\/racom.com.pl\\\/wp-content\\\/uploads\\\/2025\\\/07\\\/allegro_687aa8de26b398.16089198_023af7cd4a53bc1dae2a160b7d74.jpg\",\"contentUrl\":\"https:\\\/\\\/racom.com.pl\\\/wp-content\\\/uploads\\\/2025\\\/07\\\/allegro_687aa8de26b398.16089198_023af7cd4a53bc1dae2a160b7d74.jpg\",\"width\":2560,\"height\":2560},{\"@type\":\"BreadcrumbList\",\"@id\":\"https:\\\/\\\/racom.com.pl\\\/index.php\\\/produkt\\\/sos-salatkowy-grecki-knorr-duze-opakowanie-700-g\\\/#breadcrumb\",\"itemListElement\":[{\"@type\":\"ListItem\",\"position\":1,\"name\":\"Strona g\u0142\u00f3wna\",\"item\":\"https:\\\/\\\/racom.com.pl\\\/\"},{\"@type\":\"ListItem\",\"position\":2,\"name\":\"Sklep\",\"item\":\"https:\\\/\\\/racom.com.pl\\\/\"},{\"@type\":\"ListItem\",\"position\":3,\"name\":\"Sos sa\u0142atkowy Grecki Knorr du\u017ce opakowanie 700 g\"}]},{\"@type\":\"WebSite\",\"@id\":\"https:\\\/\\\/racom.com.pl\\\/#website\",\"url\":\"https:\\\/\\\/racom.com.pl\\\/\",\"name\":\"Mix Market - Supermarket z wszystkim co potrzeba do domu i nie tylko\",\"description\":\"\",\"publisher\":{\"@id\":\"https:\\\/\\\/racom.com.pl\\\/#organization\"},\"potentialAction\":[{\"@type\":\"SearchAction\",\"target\":{\"@type\":\"EntryPoint\",\"urlTemplate\":\"https:\\\/\\\/racom.com.pl\\\/?s={search_term_string}\"},\"query-input\":{\"@type\":\"PropertyValueSpecification\",\"valueRequired\":true,\"valueName\":\"search_term_string\"}}],\"inLanguage\":\"pl-PL\"},{\"@type\":\"Organization\",\"@id\":\"https:\\\/\\\/racom.com.pl\\\/#organization\",\"name\":\"Mix Market - Supermarket z wszystkim co potrzeba do domu i nie tylko\",\"url\":\"https:\\\/\\\/racom.com.pl\\\/\",\"logo\":{\"@type\":\"ImageObject\",\"inLanguage\":\"pl-PL\",\"@id\":\"https:\\\/\\\/racom.com.pl\\\/#\\\/schema\\\/logo\\\/image\\\/\",\"url\":\"https:\\\/\\\/racom.com.pl\\\/wp-content\\\/uploads\\\/2025\\\/07\\\/mixmarket_logo.png\",\"contentUrl\":\"https:\\\/\\\/racom.com.pl\\\/wp-content\\\/uploads\\\/2025\\\/07\\\/mixmarket_logo.png\",\"width\":1024,\"height\":1024,\"caption\":\"Mix Market - Supermarket z wszystkim co potrzeba do domu i nie tylko\"},\"image\":{\"@id\":\"https:\\\/\\\/racom.com.pl\\\/#\\\/schema\\\/logo\\\/image\\\/\"}}]}<\/script>\n<!-- \/ Yoast SEO plugin. -->","yoast_head_json":{"title":"Sos sa\u0142atkowy Grecki Knorr du\u017ce opakowanie 700 g - Mix Market - Supermarket z wszystkim co potrzeba","robots":{"index":"index","follow":"follow","max-snippet":"max-snippet:-1","max-image-preview":"max-image-preview:large","max-video-preview":"max-video-preview:-1"},"canonical":"https:\/\/racom.com.pl\/index.php\/produkt\/sos-salatkowy-grecki-knorr-duze-opakowanie-700-g\/","og_locale":"pl_PL","og_type":"article","og_title":"Sos sa\u0142atkowy Grecki Knorr du\u017ce opakowanie 700 g - Mix Market - Supermarket z wszystkim co potrzeba","og_description":"Knorr Sos sa\u0142atkowy Grecki 700g W\u0142a\u015bciwo\u015bci: wy\u015bmienicie nadaje si\u0119 do przygotowania oryginalnej, bardzo popularnej sa\u0142atki greckiej, jak i innych sa\u0142atek gdzie u\u017cywany jest sos vinegrette. Stanowi perfekcyjn\u0105 kompozycj\u0119 bukietu zi\u00f3\u0142, przypraw i warzyw: oregano, rozmarynu, kolendry, natki pietruszki, pieprzu cayenne, kurkumy, szalotki. Spos\u00f3b przygotowania: zawarto\u015b\u0107 opakowania rozpu\u015b\u0107 w 3.5 litra wody mineralnej, intensywnie wymieszaj, dodaj [&hellip;]","og_url":"https:\/\/racom.com.pl\/index.php\/produkt\/sos-salatkowy-grecki-knorr-duze-opakowanie-700-g\/","og_site_name":"Mix Market - Supermarket z wszystkim co potrzeba","og_image":[{"width":2560,"height":2560,"url":"https:\/\/racom.com.pl\/wp-content\/uploads\/2025\/07\/allegro_687aa8de26b398.16089198_023af7cd4a53bc1dae2a160b7d74.jpg","type":"image\/jpeg"}],"twitter_card":"summary_large_image","twitter_misc":{"Szacowany czas czytania":"1 minuta"},"schema":{"@context":"https:\/\/schema.org","@graph":[{"@type":"WebPage","@id":"https:\/\/racom.com.pl\/index.php\/produkt\/sos-salatkowy-grecki-knorr-duze-opakowanie-700-g\/","url":"https:\/\/racom.com.pl\/index.php\/produkt\/sos-salatkowy-grecki-knorr-duze-opakowanie-700-g\/","name":"Sos sa\u0142atkowy Grecki Knorr du\u017ce opakowanie 700 g - Mix Market - Supermarket z wszystkim co potrzeba","isPartOf":{"@id":"https:\/\/racom.com.pl\/#website"},"primaryImageOfPage":{"@id":"https:\/\/racom.com.pl\/index.php\/produkt\/sos-salatkowy-grecki-knorr-duze-opakowanie-700-g\/#primaryimage"},"image":{"@id":"https:\/\/racom.com.pl\/index.php\/produkt\/sos-salatkowy-grecki-knorr-duze-opakowanie-700-g\/#primaryimage"},"thumbnailUrl":"https:\/\/racom.com.pl\/wp-content\/uploads\/2025\/07\/allegro_687aa8de26b398.16089198_023af7cd4a53bc1dae2a160b7d74.jpg","datePublished":"2025-07-18T20:03:41+00:00","breadcrumb":{"@id":"https:\/\/racom.com.pl\/index.php\/produkt\/sos-salatkowy-grecki-knorr-duze-opakowanie-700-g\/#breadcrumb"},"inLanguage":"pl-PL","potentialAction":[{"@type":"ReadAction","target":["https:\/\/racom.com.pl\/index.php\/produkt\/sos-salatkowy-grecki-knorr-duze-opakowanie-700-g\/"]}]},{"@type":"ImageObject","inLanguage":"pl-PL","@id":"https:\/\/racom.com.pl\/index.php\/produkt\/sos-salatkowy-grecki-knorr-duze-opakowanie-700-g\/#primaryimage","url":"https:\/\/racom.com.pl\/wp-content\/uploads\/2025\/07\/allegro_687aa8de26b398.16089198_023af7cd4a53bc1dae2a160b7d74.jpg","contentUrl":"https:\/\/racom.com.pl\/wp-content\/uploads\/2025\/07\/allegro_687aa8de26b398.16089198_023af7cd4a53bc1dae2a160b7d74.jpg","width":2560,"height":2560},{"@type":"BreadcrumbList","@id":"https:\/\/racom.com.pl\/index.php\/produkt\/sos-salatkowy-grecki-knorr-duze-opakowanie-700-g\/#breadcrumb","itemListElement":[{"@type":"ListItem","position":1,"name":"Strona g\u0142\u00f3wna","item":"https:\/\/racom.com.pl\/"},{"@type":"ListItem","position":2,"name":"Sklep","item":"https:\/\/racom.com.pl\/"},{"@type":"ListItem","position":3,"name":"Sos sa\u0142atkowy Grecki Knorr du\u017ce opakowanie 700 g"}]},{"@type":"WebSite","@id":"https:\/\/racom.com.pl\/#website","url":"https:\/\/racom.com.pl\/","name":"Mix Market - Supermarket z wszystkim co potrzeba do domu i nie tylko","description":"","publisher":{"@id":"https:\/\/racom.com.pl\/#organization"},"potentialAction":[{"@type":"SearchAction","target":{"@type":"EntryPoint","urlTemplate":"https:\/\/racom.com.pl\/?s={search_term_string}"},"query-input":{"@type":"PropertyValueSpecification","valueRequired":true,"valueName":"search_term_string"}}],"inLanguage":"pl-PL"},{"@type":"Organization","@id":"https:\/\/racom.com.pl\/#organization","name":"Mix Market - Supermarket z wszystkim co potrzeba do domu i nie tylko","url":"https:\/\/racom.com.pl\/","logo":{"@type":"ImageObject","inLanguage":"pl-PL","@id":"https:\/\/racom.com.pl\/#\/schema\/logo\/image\/","url":"https:\/\/racom.com.pl\/wp-content\/uploads\/2025\/07\/mixmarket_logo.png","contentUrl":"https:\/\/racom.com.pl\/wp-content\/uploads\/2025\/07\/mixmarket_logo.png","width":1024,"height":1024,"caption":"Mix Market - Supermarket z wszystkim co potrzeba do domu i nie tylko"},"image":{"@id":"https:\/\/racom.com.pl\/#\/schema\/logo\/image\/"}}]}},"_links":{"self":[{"href":"https:\/\/racom.com.pl\/index.php\/wp-json\/wp\/v2\/product\/2142","targetHints":{"allow":["GET"]}}],"collection":[{"href":"https:\/\/racom.com.pl\/index.php\/wp-json\/wp\/v2\/product"}],"about":[{"href":"https:\/\/racom.com.pl\/index.php\/wp-json\/wp\/v2\/types\/product"}],"replies":[{"embeddable":true,"href":"https:\/\/racom.com.pl\/index.php\/wp-json\/wp\/v2\/comments?post=2142"}],"wp:featuredmedia":[{"embeddable":true,"href":"https:\/\/racom.com.pl\/index.php\/wp-json\/wp\/v2\/media\/2145"}],"wp:attachment":[{"href":"https:\/\/racom.com.pl\/index.php\/wp-json\/wp\/v2\/media?parent=2142"}],"wp:term":[{"taxonomy":"product_brand","embeddable":true,"href":"https:\/\/racom.com.pl\/index.php\/wp-json\/wp\/v2\/product_brand?post=2142"},{"taxonomy":"product_cat","embeddable":true,"href":"https:\/\/racom.com.pl\/index.php\/wp-json\/wp\/v2\/product_cat?post=2142"},{"taxonomy":"product_tag","embeddable":true,"href":"https:\/\/racom.com.pl\/index.php\/wp-json\/wp\/v2\/product_tag?post=2142"}],"curies":[{"name":"wp","href":"https:\/\/api.w.org\/{rel}","templated":true}]}}