{"id":2152,"date":"2025-07-18T22:06:53","date_gmt":"2025-07-18T20:06:53","guid":{"rendered":"http:\/\/192.168.2.106\/index.php\/produkt\/sos-barbecue-bbq-fanex-do-mies-kanapek-burgerow-duza-butelka-1kg-1000-g\/"},"modified":"2025-07-18T22:06:53","modified_gmt":"2025-07-18T20:06:53","slug":"sos-barbecue-bbq-fanex-do-mies-kanapek-burgerow-duza-butelka-1kg-1000-g","status":"publish","type":"product","link":"https:\/\/racom.com.pl\/index.php\/produkt\/sos-barbecue-bbq-fanex-do-mies-kanapek-burgerow-duza-butelka-1kg-1000-g\/","title":{"rendered":"Sos Barbecue BBQ FANEX Do MI\u0118S KANAPEK Burger\u00f3w Du\u017ca Butelka 1kg \/ 1000 g"},"content":{"rendered":"<h2>Sos barbecue 1000 g<\/h2>\n<h2>Sosy do grilla&nbsp; &#8211; Twoje niezapomniane barbecue<\/h2>\n<p>Sos barbecue Fanex&nbsp;jest naprawd\u0119 wyj\u0105tkowy \u2013 \u0142\u0105czy w sobie wyrazisty aromat w\u0119dzonej \u015bliwki oraz dymu z ogniska, a tak\u017ce smak dojrza\u0142ych, soczystych pomidor\u00f3w. Do tego dodajmy bukiet przypraw i zi\u00f3\u0142 \u2013 to w\u0142a\u015bnie przepis naszej marki na&nbsp;najlepszy sos barbecue!<\/p>\n<p>Smaku sosu barbecue&nbsp;nie da si\u0119 pomyli\u0107 z \u017cadnym innym \u2013 jest wyrazisty, konkretny, oryginalny. Idealnie podkre\u015bla smak grillowanych mi\u0119s i warzyw, a tak\u017ce potraw pieczonych czy sma\u017conych. Po po\u0142\u0105czeniu z oliw\u0105 i octem winnym \u015bwietnie uzupe\u0142ni smak ka\u017cdej sa\u0142atki. Dodaj go do zwyk\u0142ej kanapki, burgera czy hot-doga, a z pewno\u015bci\u0105 zachwycisz swoich go\u015bci!<\/p>\n<p><b>SK\u0141AD:<\/b><\/p>\n<p>Woda, cukier, koncentrat pomidorowy, ocet spirytusowy, ocet winny bia\u0142y, skrobia modyfikowana, przecier \u015bliwkowy (1,6%), przyprawy, barwnik (E150c), s\u00f3l, regulator kwasowo\u015bci (E270), aromat dymu w\u0119dzarniczego, substancja konserwuj\u0105ca (E202).<\/p>\n<h2>WARTO\u015a\u0106 OD\u017bYWCZA W 100 G<\/h2>\n<ul>\n<li><b>Warto\u015b\u0107 energetyczna:<\/b> 494 kJ | 116 kcal<\/li>\n<li><b>T\u0142uszcze:<\/b> 0 g<\/li>\n<li><b>w tym Kwasy t\u0142uszczowe nasycone:<\/b> 0 g<\/li>\n<li><b>W\u0119glowodany:<\/b> 28 g<\/li>\n<li><b>w tym Cukry:<\/b> 22 g<\/li>\n<li><b>Bia\u0142ko:<\/b> 0,8 g<\/li>\n<li><b>S\u00f3l:<\/b> 0,93 g<\/li>\n<\/ul>\n","protected":false},"excerpt":{"rendered":"<p>Sos barbecue 1000 g Sosy do grilla&nbsp; &#8211; Twoje niezapomniane barbecue Sos barbecue Fanex&nbsp;jest naprawd\u0119 wyj\u0105tkowy \u2013 \u0142\u0105czy w sobie wyrazisty aromat w\u0119dzonej \u015bliwki oraz dymu z ogniska, a tak\u017ce smak dojrza\u0142ych, soczystych pomidor\u00f3w. Do tego dodajmy bukiet przypraw i zi\u00f3\u0142 \u2013 to w\u0142a\u015bnie przepis naszej marki na&nbsp;najlepszy sos barbecue! Smaku sosu barbecue&nbsp;nie da si\u0119 [&hellip;]<\/p>\n","protected":false},"featured_media":2158,"comment_status":"open","ping_status":"closed","template":"","meta":[],"product_brand":[110],"product_cat":[109],"product_tag":[],"class_list":{"0":"post-2152","1":"product","2":"type-product","3":"status-publish","4":"has-post-thumbnail","6":"product_brand-fanex","7":"product_cat-sosy-kanapkowe-i-dressingi","9":"first","10":"instock","11":"taxable","12":"shipping-taxable","13":"purchasable","14":"product-type-simple"},"yoast_head":"<!-- This site is optimized with the Yoast SEO plugin v27.3 - https:\/\/yoast.com\/product\/yoast-seo-wordpress\/ -->\n<title>Sos Barbecue BBQ FANEX Do MI\u0118S KANAPEK Burger\u00f3w Du\u017ca Butelka 1kg \/ 1000 g - Mix Market - Supermarket z wszystkim co potrzeba<\/title>\n<meta name=\"robots\" content=\"index, follow, max-snippet:-1, max-image-preview:large, max-video-preview:-1\" \/>\n<link rel=\"canonical\" href=\"https:\/\/racom.com.pl\/index.php\/produkt\/sos-barbecue-bbq-fanex-do-mies-kanapek-burgerow-duza-butelka-1kg-1000-g\/\" \/>\n<meta property=\"og:locale\" content=\"pl_PL\" \/>\n<meta property=\"og:type\" content=\"article\" \/>\n<meta property=\"og:title\" content=\"Sos Barbecue BBQ FANEX Do MI\u0118S KANAPEK Burger\u00f3w Du\u017ca Butelka 1kg \/ 1000 g - Mix Market - Supermarket z wszystkim co potrzeba\" \/>\n<meta property=\"og:description\" content=\"Sos barbecue 1000 g Sosy do grilla&nbsp; &#8211; Twoje niezapomniane barbecue Sos barbecue Fanex&nbsp;jest naprawd\u0119 wyj\u0105tkowy \u2013 \u0142\u0105czy w sobie wyrazisty aromat w\u0119dzonej \u015bliwki oraz dymu z ogniska, a tak\u017ce smak dojrza\u0142ych, soczystych pomidor\u00f3w. Do tego dodajmy bukiet przypraw i zi\u00f3\u0142 \u2013 to w\u0142a\u015bnie przepis naszej marki na&nbsp;najlepszy sos barbecue! Smaku sosu barbecue&nbsp;nie da si\u0119 [&hellip;]\" \/>\n<meta property=\"og:url\" content=\"https:\/\/racom.com.pl\/index.php\/produkt\/sos-barbecue-bbq-fanex-do-mies-kanapek-burgerow-duza-butelka-1kg-1000-g\/\" \/>\n<meta property=\"og:site_name\" content=\"Mix Market - Supermarket z wszystkim co potrzeba\" \/>\n<meta property=\"og:image\" content=\"https:\/\/racom.com.pl\/wp-content\/uploads\/2025\/07\/allegro_687aa9bd6dcff0.67760143_f7927a894ed197c14abe91165baa.jpg\" \/>\n\t<meta property=\"og:image:width\" content=\"400\" \/>\n\t<meta property=\"og:image:height\" content=\"375\" \/>\n\t<meta property=\"og:image:type\" content=\"image\/jpeg\" \/>\n<meta name=\"twitter:card\" content=\"summary_large_image\" \/>\n<meta name=\"twitter:label1\" content=\"Szacowany czas czytania\" \/>\n\t<meta name=\"twitter:data1\" content=\"1 minuta\" \/>\n<script type=\"application\/ld+json\" class=\"yoast-schema-graph\">{\"@context\":\"https:\\\/\\\/schema.org\",\"@graph\":[{\"@type\":\"WebPage\",\"@id\":\"https:\\\/\\\/racom.com.pl\\\/index.php\\\/produkt\\\/sos-barbecue-bbq-fanex-do-mies-kanapek-burgerow-duza-butelka-1kg-1000-g\\\/\",\"url\":\"https:\\\/\\\/racom.com.pl\\\/index.php\\\/produkt\\\/sos-barbecue-bbq-fanex-do-mies-kanapek-burgerow-duza-butelka-1kg-1000-g\\\/\",\"name\":\"Sos Barbecue BBQ FANEX Do MI\u0118S KANAPEK Burger\u00f3w Du\u017ca Butelka 1kg \\\/ 1000 g - Mix Market - Supermarket z wszystkim co potrzeba\",\"isPartOf\":{\"@id\":\"https:\\\/\\\/racom.com.pl\\\/#website\"},\"primaryImageOfPage\":{\"@id\":\"https:\\\/\\\/racom.com.pl\\\/index.php\\\/produkt\\\/sos-barbecue-bbq-fanex-do-mies-kanapek-burgerow-duza-butelka-1kg-1000-g\\\/#primaryimage\"},\"image\":{\"@id\":\"https:\\\/\\\/racom.com.pl\\\/index.php\\\/produkt\\\/sos-barbecue-bbq-fanex-do-mies-kanapek-burgerow-duza-butelka-1kg-1000-g\\\/#primaryimage\"},\"thumbnailUrl\":\"https:\\\/\\\/racom.com.pl\\\/wp-content\\\/uploads\\\/2025\\\/07\\\/allegro_687aa9bd6dcff0.67760143_f7927a894ed197c14abe91165baa.jpg\",\"datePublished\":\"2025-07-18T20:06:53+00:00\",\"breadcrumb\":{\"@id\":\"https:\\\/\\\/racom.com.pl\\\/index.php\\\/produkt\\\/sos-barbecue-bbq-fanex-do-mies-kanapek-burgerow-duza-butelka-1kg-1000-g\\\/#breadcrumb\"},\"inLanguage\":\"pl-PL\",\"potentialAction\":[{\"@type\":\"ReadAction\",\"target\":[\"https:\\\/\\\/racom.com.pl\\\/index.php\\\/produkt\\\/sos-barbecue-bbq-fanex-do-mies-kanapek-burgerow-duza-butelka-1kg-1000-g\\\/\"]}]},{\"@type\":\"ImageObject\",\"inLanguage\":\"pl-PL\",\"@id\":\"https:\\\/\\\/racom.com.pl\\\/index.php\\\/produkt\\\/sos-barbecue-bbq-fanex-do-mies-kanapek-burgerow-duza-butelka-1kg-1000-g\\\/#primaryimage\",\"url\":\"https:\\\/\\\/racom.com.pl\\\/wp-content\\\/uploads\\\/2025\\\/07\\\/allegro_687aa9bd6dcff0.67760143_f7927a894ed197c14abe91165baa.jpg\",\"contentUrl\":\"https:\\\/\\\/racom.com.pl\\\/wp-content\\\/uploads\\\/2025\\\/07\\\/allegro_687aa9bd6dcff0.67760143_f7927a894ed197c14abe91165baa.jpg\",\"width\":400,\"height\":375},{\"@type\":\"BreadcrumbList\",\"@id\":\"https:\\\/\\\/racom.com.pl\\\/index.php\\\/produkt\\\/sos-barbecue-bbq-fanex-do-mies-kanapek-burgerow-duza-butelka-1kg-1000-g\\\/#breadcrumb\",\"itemListElement\":[{\"@type\":\"ListItem\",\"position\":1,\"name\":\"Strona g\u0142\u00f3wna\",\"item\":\"https:\\\/\\\/racom.com.pl\\\/\"},{\"@type\":\"ListItem\",\"position\":2,\"name\":\"Sklep\",\"item\":\"https:\\\/\\\/racom.com.pl\\\/\"},{\"@type\":\"ListItem\",\"position\":3,\"name\":\"Sos Barbecue BBQ FANEX Do MI\u0118S KANAPEK Burger\u00f3w Du\u017ca Butelka 1kg \\\/ 1000 g\"}]},{\"@type\":\"WebSite\",\"@id\":\"https:\\\/\\\/racom.com.pl\\\/#website\",\"url\":\"https:\\\/\\\/racom.com.pl\\\/\",\"name\":\"Mix Market - Supermarket z wszystkim co potrzeba do domu i nie tylko\",\"description\":\"\",\"publisher\":{\"@id\":\"https:\\\/\\\/racom.com.pl\\\/#organization\"},\"potentialAction\":[{\"@type\":\"SearchAction\",\"target\":{\"@type\":\"EntryPoint\",\"urlTemplate\":\"https:\\\/\\\/racom.com.pl\\\/?s={search_term_string}\"},\"query-input\":{\"@type\":\"PropertyValueSpecification\",\"valueRequired\":true,\"valueName\":\"search_term_string\"}}],\"inLanguage\":\"pl-PL\"},{\"@type\":\"Organization\",\"@id\":\"https:\\\/\\\/racom.com.pl\\\/#organization\",\"name\":\"Mix Market - Supermarket z wszystkim co potrzeba do domu i nie tylko\",\"url\":\"https:\\\/\\\/racom.com.pl\\\/\",\"logo\":{\"@type\":\"ImageObject\",\"inLanguage\":\"pl-PL\",\"@id\":\"https:\\\/\\\/racom.com.pl\\\/#\\\/schema\\\/logo\\\/image\\\/\",\"url\":\"https:\\\/\\\/racom.com.pl\\\/wp-content\\\/uploads\\\/2025\\\/07\\\/mixmarket_logo.png\",\"contentUrl\":\"https:\\\/\\\/racom.com.pl\\\/wp-content\\\/uploads\\\/2025\\\/07\\\/mixmarket_logo.png\",\"width\":1024,\"height\":1024,\"caption\":\"Mix Market - Supermarket z wszystkim co potrzeba do domu i nie tylko\"},\"image\":{\"@id\":\"https:\\\/\\\/racom.com.pl\\\/#\\\/schema\\\/logo\\\/image\\\/\"}}]}<\/script>\n<!-- \/ Yoast SEO plugin. -->","yoast_head_json":{"title":"Sos Barbecue BBQ FANEX Do MI\u0118S KANAPEK Burger\u00f3w Du\u017ca Butelka 1kg \/ 1000 g - Mix Market - Supermarket z wszystkim co potrzeba","robots":{"index":"index","follow":"follow","max-snippet":"max-snippet:-1","max-image-preview":"max-image-preview:large","max-video-preview":"max-video-preview:-1"},"canonical":"https:\/\/racom.com.pl\/index.php\/produkt\/sos-barbecue-bbq-fanex-do-mies-kanapek-burgerow-duza-butelka-1kg-1000-g\/","og_locale":"pl_PL","og_type":"article","og_title":"Sos Barbecue BBQ FANEX Do MI\u0118S KANAPEK Burger\u00f3w Du\u017ca Butelka 1kg \/ 1000 g - Mix Market - Supermarket z wszystkim co potrzeba","og_description":"Sos barbecue 1000 g Sosy do grilla&nbsp; &#8211; Twoje niezapomniane barbecue Sos barbecue Fanex&nbsp;jest naprawd\u0119 wyj\u0105tkowy \u2013 \u0142\u0105czy w sobie wyrazisty aromat w\u0119dzonej \u015bliwki oraz dymu z ogniska, a tak\u017ce smak dojrza\u0142ych, soczystych pomidor\u00f3w. Do tego dodajmy bukiet przypraw i zi\u00f3\u0142 \u2013 to w\u0142a\u015bnie przepis naszej marki na&nbsp;najlepszy sos barbecue! Smaku sosu barbecue&nbsp;nie da si\u0119 [&hellip;]","og_url":"https:\/\/racom.com.pl\/index.php\/produkt\/sos-barbecue-bbq-fanex-do-mies-kanapek-burgerow-duza-butelka-1kg-1000-g\/","og_site_name":"Mix Market - Supermarket z wszystkim co potrzeba","og_image":[{"width":400,"height":375,"url":"https:\/\/racom.com.pl\/wp-content\/uploads\/2025\/07\/allegro_687aa9bd6dcff0.67760143_f7927a894ed197c14abe91165baa.jpg","type":"image\/jpeg"}],"twitter_card":"summary_large_image","twitter_misc":{"Szacowany czas czytania":"1 minuta"},"schema":{"@context":"https:\/\/schema.org","@graph":[{"@type":"WebPage","@id":"https:\/\/racom.com.pl\/index.php\/produkt\/sos-barbecue-bbq-fanex-do-mies-kanapek-burgerow-duza-butelka-1kg-1000-g\/","url":"https:\/\/racom.com.pl\/index.php\/produkt\/sos-barbecue-bbq-fanex-do-mies-kanapek-burgerow-duza-butelka-1kg-1000-g\/","name":"Sos Barbecue BBQ FANEX Do MI\u0118S KANAPEK Burger\u00f3w Du\u017ca Butelka 1kg \/ 1000 g - Mix Market - Supermarket z wszystkim co potrzeba","isPartOf":{"@id":"https:\/\/racom.com.pl\/#website"},"primaryImageOfPage":{"@id":"https:\/\/racom.com.pl\/index.php\/produkt\/sos-barbecue-bbq-fanex-do-mies-kanapek-burgerow-duza-butelka-1kg-1000-g\/#primaryimage"},"image":{"@id":"https:\/\/racom.com.pl\/index.php\/produkt\/sos-barbecue-bbq-fanex-do-mies-kanapek-burgerow-duza-butelka-1kg-1000-g\/#primaryimage"},"thumbnailUrl":"https:\/\/racom.com.pl\/wp-content\/uploads\/2025\/07\/allegro_687aa9bd6dcff0.67760143_f7927a894ed197c14abe91165baa.jpg","datePublished":"2025-07-18T20:06:53+00:00","breadcrumb":{"@id":"https:\/\/racom.com.pl\/index.php\/produkt\/sos-barbecue-bbq-fanex-do-mies-kanapek-burgerow-duza-butelka-1kg-1000-g\/#breadcrumb"},"inLanguage":"pl-PL","potentialAction":[{"@type":"ReadAction","target":["https:\/\/racom.com.pl\/index.php\/produkt\/sos-barbecue-bbq-fanex-do-mies-kanapek-burgerow-duza-butelka-1kg-1000-g\/"]}]},{"@type":"ImageObject","inLanguage":"pl-PL","@id":"https:\/\/racom.com.pl\/index.php\/produkt\/sos-barbecue-bbq-fanex-do-mies-kanapek-burgerow-duza-butelka-1kg-1000-g\/#primaryimage","url":"https:\/\/racom.com.pl\/wp-content\/uploads\/2025\/07\/allegro_687aa9bd6dcff0.67760143_f7927a894ed197c14abe91165baa.jpg","contentUrl":"https:\/\/racom.com.pl\/wp-content\/uploads\/2025\/07\/allegro_687aa9bd6dcff0.67760143_f7927a894ed197c14abe91165baa.jpg","width":400,"height":375},{"@type":"BreadcrumbList","@id":"https:\/\/racom.com.pl\/index.php\/produkt\/sos-barbecue-bbq-fanex-do-mies-kanapek-burgerow-duza-butelka-1kg-1000-g\/#breadcrumb","itemListElement":[{"@type":"ListItem","position":1,"name":"Strona g\u0142\u00f3wna","item":"https:\/\/racom.com.pl\/"},{"@type":"ListItem","position":2,"name":"Sklep","item":"https:\/\/racom.com.pl\/"},{"@type":"ListItem","position":3,"name":"Sos Barbecue BBQ FANEX Do MI\u0118S KANAPEK Burger\u00f3w Du\u017ca Butelka 1kg \/ 1000 g"}]},{"@type":"WebSite","@id":"https:\/\/racom.com.pl\/#website","url":"https:\/\/racom.com.pl\/","name":"Mix Market - Supermarket z wszystkim co potrzeba do domu i nie tylko","description":"","publisher":{"@id":"https:\/\/racom.com.pl\/#organization"},"potentialAction":[{"@type":"SearchAction","target":{"@type":"EntryPoint","urlTemplate":"https:\/\/racom.com.pl\/?s={search_term_string}"},"query-input":{"@type":"PropertyValueSpecification","valueRequired":true,"valueName":"search_term_string"}}],"inLanguage":"pl-PL"},{"@type":"Organization","@id":"https:\/\/racom.com.pl\/#organization","name":"Mix Market - Supermarket z wszystkim co potrzeba do domu i nie tylko","url":"https:\/\/racom.com.pl\/","logo":{"@type":"ImageObject","inLanguage":"pl-PL","@id":"https:\/\/racom.com.pl\/#\/schema\/logo\/image\/","url":"https:\/\/racom.com.pl\/wp-content\/uploads\/2025\/07\/mixmarket_logo.png","contentUrl":"https:\/\/racom.com.pl\/wp-content\/uploads\/2025\/07\/mixmarket_logo.png","width":1024,"height":1024,"caption":"Mix Market - Supermarket z wszystkim co potrzeba do domu i nie tylko"},"image":{"@id":"https:\/\/racom.com.pl\/#\/schema\/logo\/image\/"}}]}},"_links":{"self":[{"href":"https:\/\/racom.com.pl\/index.php\/wp-json\/wp\/v2\/product\/2152","targetHints":{"allow":["GET"]}}],"collection":[{"href":"https:\/\/racom.com.pl\/index.php\/wp-json\/wp\/v2\/product"}],"about":[{"href":"https:\/\/racom.com.pl\/index.php\/wp-json\/wp\/v2\/types\/product"}],"replies":[{"embeddable":true,"href":"https:\/\/racom.com.pl\/index.php\/wp-json\/wp\/v2\/comments?post=2152"}],"wp:featuredmedia":[{"embeddable":true,"href":"https:\/\/racom.com.pl\/index.php\/wp-json\/wp\/v2\/media\/2158"}],"wp:attachment":[{"href":"https:\/\/racom.com.pl\/index.php\/wp-json\/wp\/v2\/media?parent=2152"}],"wp:term":[{"taxonomy":"product_brand","embeddable":true,"href":"https:\/\/racom.com.pl\/index.php\/wp-json\/wp\/v2\/product_brand?post=2152"},{"taxonomy":"product_cat","embeddable":true,"href":"https:\/\/racom.com.pl\/index.php\/wp-json\/wp\/v2\/product_cat?post=2152"},{"taxonomy":"product_tag","embeddable":true,"href":"https:\/\/racom.com.pl\/index.php\/wp-json\/wp\/v2\/product_tag?post=2152"}],"curies":[{"name":"wp","href":"https:\/\/api.w.org\/{rel}","templated":true}]}}