{"id":2159,"date":"2025-07-18T22:08:39","date_gmt":"2025-07-18T20:08:39","guid":{"rendered":"http:\/\/192.168.2.106\/index.php\/produkt\/melvit-la-chef-trendy-lunch-orkisz-vermicelli-kasza-orkiszowa-3-kg\/"},"modified":"2025-07-18T22:08:39","modified_gmt":"2025-07-18T20:08:39","slug":"melvit-la-chef-trendy-lunch-orkisz-vermicelli-kasza-orkiszowa-3-kg","status":"publish","type":"product","link":"https:\/\/racom.com.pl\/index.php\/produkt\/melvit-la-chef-trendy-lunch-orkisz-vermicelli-kasza-orkiszowa-3-kg\/","title":{"rendered":"Melvit La Chef Trendy Lunch orkisz Vermicelli Kasza orkiszowa 3 kg"},"content":{"rendered":"<h2>MELVIT TRENDY LUNCH Orkisz z Pomidorami 3KG<\/h2>\n<p><b>Trendy Lunch z orkiszem, makaronem vermicelli i suszonymi pomidorami<\/b> to kolejny nowy produkt, kt\u00f3ry \u0142\u0105czy w sobie trzy wysokowarto\u015bciowe sk\u0142adniki \u0142atwo przyswajalne przez organizm.<\/p>\n<p>Orkisz wyst\u0119puj\u0105cy w mieszance zawiera <b>bia\u0142ko<\/b>, kt\u00f3re <b>sprzyja dobremu trawieniu<\/b>, pomaga osobom maj\u0105cym problemy z uk\u0142adem pokarmowym i na d\u0142ugo zapewnia uczucie syto\u015bci. Makaron Vermicelli to kolejny sk\u0142adnik Trendy Lunchu uzyskiwany jest <b>z pszenicy durum<\/b> zawiera lutein\u0119, kt\u00f3ra chroni przed dzia\u0142aniem wolnych rodnik\u00f3w i wspomaga wzrok.<\/p>\n<p><b>Smak mieszanki<\/b> zosta\u0142 wzbogacony <b>pomidorami suszonymi na s\u0142o\u0144cu<\/b>, kt\u00f3re zawieraj\u0105 du\u017ce ilo\u015bci <b>witaminy C<\/b>, <b>magnezu i potasu<\/b>. Pomidory maj\u0105 w\u0142a\u015bciwo\u015bci silnie przeciwutleniaj\u0105ce przez co zapobiegaj\u0105 tworzeniu si\u0119 kom\u00f3rek rakowych. Trendy Lunch to \u015bwietny pomys\u0142 na oryginalny i szybki posi\u0142ek.<\/p>\n<p>Po ugotowaniu wystarczy doda\u0107 ulubione przyprawy, tak przygotowan\u0105 mieszank\u0119 mo\u017cna zabra\u0107 do pracy, szko\u0142y i zje\u015b\u0107 jako lunch w ci\u0105gu dnia. Oczywi\u015bcie Trendy Lunch doskonale sprawdzi si\u0119 r\u00f3wnie\u017c jako dodatek do sa\u0142atek, da\u0144 mi\u0119snych lub rybnych, kotlet\u00f3w, farsz\u00f3w.<\/p>\n<p>Parametry produktu<\/p>\n<ul>\n<li>Rodzaj: Nieporcjowana<\/li>\n<li>Zawarto\u015b\u0107 netto: 3 kg<\/li>\n<li>Kraj pochodzenia\/Wyprodukowano w: Polska<\/li>\n<li>Sk\u0142adniki: Ziarna orkiszu 70 %* makaron vermicelli z pszenicy durum 20 %* suszone pomidory 10 %*<\/li>\n<li>Kraj pochodzenia g\u0142\u00f3wnego sk\u0142adnika: Polska<\/li>\n<li>Temperatura przechowywania min &#8211; max: 8 &#8211; 20 \u00b0C<\/li>\n<li>Waga jednostkowa brutto: 3,03 kg<\/li>\n<li>Adres podmiotu wprowadzaj\u0105cego do obrotu: Nazwa firmy: Melvit S.A. Ulica i numer: Gr\u00f3jecka 194\/91 Kod pocztowy i miasto: 02-390 Warszawa PL<\/li>\n<li>Liczba opakowa\u0144 pierwszego rz\u0119du na palecie: 252 op. zb. (DU)<\/li>\n<\/ul>\n<p>Alergeny<\/p>\n<ul>\n<li>Orzechy: Mo\u017ce zawiera\u0107<\/li>\n<li>Zbo\u017ca zawierajace gluten: Tak<\/li>\n<li>Nasiona sezamu i produkty pochodne: Mo\u017ce zawiera\u0107<\/li>\n<\/ul>\n<p>Warto\u015b\u0107 od\u017cywcza<\/p>\n<ul>\n<li>Jednostka b\u0119d\u0105ca podstaw\u0105 przelicze\u0144: g\/100 g<\/li>\n<li>Warto\u015b\u0107 energetyczna kcal: 333 kcal<\/li>\n<li>Warto\u015b\u0107 energetyczna kJ: 1408 kJ<\/li>\n<li>Wielko\u015b\u0107 porcji: 100 g<\/li>\n<li>Zawarto\u015b\u0107 bia\u0142ek: 14 g<\/li>\n<li>Zawarto\u015b\u0107 soli: 1,6 g<\/li>\n<li>Kwasy t\u0142uszczowe nasycone: 0,7 g<\/li>\n<li>Zawarto\u015b\u0107 t\u0142uszcz\u00f3w (og\u00f3lnie): 2,8 g<\/li>\n<li>Cukry: 5,1 g<\/li>\n<li>Zawarto\u015b\u0107 w\u0119glowodan\u00f3w: 58 g<\/li>\n<\/ul>\n","protected":false},"excerpt":{"rendered":"<p>MELVIT TRENDY LUNCH Orkisz z Pomidorami 3KG Trendy Lunch z orkiszem, makaronem vermicelli i suszonymi pomidorami to kolejny nowy produkt, kt\u00f3ry \u0142\u0105czy w sobie trzy wysokowarto\u015bciowe sk\u0142adniki \u0142atwo przyswajalne przez organizm. Orkisz wyst\u0119puj\u0105cy w mieszance zawiera bia\u0142ko, kt\u00f3re sprzyja dobremu trawieniu, pomaga osobom maj\u0105cym problemy z uk\u0142adem pokarmowym i na d\u0142ugo zapewnia uczucie syto\u015bci. Makaron [&hellip;]<\/p>\n","protected":false},"featured_media":2162,"comment_status":"open","ping_status":"closed","template":"","meta":[],"product_brand":[134],"product_cat":[130],"product_tag":[],"class_list":{"0":"post-2159","1":"product","2":"type-product","3":"status-publish","4":"has-post-thumbnail","6":"product_brand-melvit","7":"product_cat-produkty-sypkie","9":"first","10":"instock","11":"taxable","12":"shipping-taxable","13":"purchasable","14":"product-type-simple"},"yoast_head":"<!-- This site is optimized with the Yoast SEO plugin v27.3 - https:\/\/yoast.com\/product\/yoast-seo-wordpress\/ -->\n<title>Melvit La Chef Trendy Lunch orkisz Vermicelli Kasza orkiszowa 3 kg - Mix Market - Supermarket z wszystkim co potrzeba<\/title>\n<meta name=\"robots\" content=\"index, follow, max-snippet:-1, max-image-preview:large, max-video-preview:-1\" \/>\n<link rel=\"canonical\" href=\"https:\/\/racom.com.pl\/index.php\/produkt\/melvit-la-chef-trendy-lunch-orkisz-vermicelli-kasza-orkiszowa-3-kg\/\" \/>\n<meta property=\"og:locale\" content=\"pl_PL\" \/>\n<meta property=\"og:type\" content=\"article\" \/>\n<meta property=\"og:title\" content=\"Melvit La Chef Trendy Lunch orkisz Vermicelli Kasza orkiszowa 3 kg - Mix Market - Supermarket z wszystkim co potrzeba\" \/>\n<meta property=\"og:description\" content=\"MELVIT TRENDY LUNCH Orkisz z Pomidorami 3KG Trendy Lunch z orkiszem, makaronem vermicelli i suszonymi pomidorami to kolejny nowy produkt, kt\u00f3ry \u0142\u0105czy w sobie trzy wysokowarto\u015bciowe sk\u0142adniki \u0142atwo przyswajalne przez organizm. Orkisz wyst\u0119puj\u0105cy w mieszance zawiera bia\u0142ko, kt\u00f3re sprzyja dobremu trawieniu, pomaga osobom maj\u0105cym problemy z uk\u0142adem pokarmowym i na d\u0142ugo zapewnia uczucie syto\u015bci. Makaron [&hellip;]\" \/>\n<meta property=\"og:url\" content=\"https:\/\/racom.com.pl\/index.php\/produkt\/melvit-la-chef-trendy-lunch-orkisz-vermicelli-kasza-orkiszowa-3-kg\/\" \/>\n<meta property=\"og:site_name\" content=\"Mix Market - Supermarket z wszystkim co potrzeba\" \/>\n<meta property=\"og:image\" content=\"https:\/\/racom.com.pl\/wp-content\/uploads\/2025\/07\/allegro_687aa9f0ddac57.07374592_4830ea724a0a9a41639c89701e72.jpg\" \/>\n\t<meta property=\"og:image:width\" content=\"2365\" \/>\n\t<meta property=\"og:image:height\" content=\"2365\" \/>\n\t<meta property=\"og:image:type\" content=\"image\/jpeg\" \/>\n<meta name=\"twitter:card\" content=\"summary_large_image\" \/>\n<meta name=\"twitter:label1\" content=\"Szacowany czas czytania\" \/>\n\t<meta name=\"twitter:data1\" content=\"2 minuty\" \/>\n<script type=\"application\/ld+json\" class=\"yoast-schema-graph\">{\"@context\":\"https:\\\/\\\/schema.org\",\"@graph\":[{\"@type\":\"WebPage\",\"@id\":\"https:\\\/\\\/racom.com.pl\\\/index.php\\\/produkt\\\/melvit-la-chef-trendy-lunch-orkisz-vermicelli-kasza-orkiszowa-3-kg\\\/\",\"url\":\"https:\\\/\\\/racom.com.pl\\\/index.php\\\/produkt\\\/melvit-la-chef-trendy-lunch-orkisz-vermicelli-kasza-orkiszowa-3-kg\\\/\",\"name\":\"Melvit La Chef Trendy Lunch orkisz Vermicelli Kasza orkiszowa 3 kg - Mix Market - Supermarket z wszystkim co potrzeba\",\"isPartOf\":{\"@id\":\"https:\\\/\\\/racom.com.pl\\\/#website\"},\"primaryImageOfPage\":{\"@id\":\"https:\\\/\\\/racom.com.pl\\\/index.php\\\/produkt\\\/melvit-la-chef-trendy-lunch-orkisz-vermicelli-kasza-orkiszowa-3-kg\\\/#primaryimage\"},\"image\":{\"@id\":\"https:\\\/\\\/racom.com.pl\\\/index.php\\\/produkt\\\/melvit-la-chef-trendy-lunch-orkisz-vermicelli-kasza-orkiszowa-3-kg\\\/#primaryimage\"},\"thumbnailUrl\":\"https:\\\/\\\/racom.com.pl\\\/wp-content\\\/uploads\\\/2025\\\/07\\\/allegro_687aa9f0ddac57.07374592_4830ea724a0a9a41639c89701e72.jpg\",\"datePublished\":\"2025-07-18T20:08:39+00:00\",\"breadcrumb\":{\"@id\":\"https:\\\/\\\/racom.com.pl\\\/index.php\\\/produkt\\\/melvit-la-chef-trendy-lunch-orkisz-vermicelli-kasza-orkiszowa-3-kg\\\/#breadcrumb\"},\"inLanguage\":\"pl-PL\",\"potentialAction\":[{\"@type\":\"ReadAction\",\"target\":[\"https:\\\/\\\/racom.com.pl\\\/index.php\\\/produkt\\\/melvit-la-chef-trendy-lunch-orkisz-vermicelli-kasza-orkiszowa-3-kg\\\/\"]}]},{\"@type\":\"ImageObject\",\"inLanguage\":\"pl-PL\",\"@id\":\"https:\\\/\\\/racom.com.pl\\\/index.php\\\/produkt\\\/melvit-la-chef-trendy-lunch-orkisz-vermicelli-kasza-orkiszowa-3-kg\\\/#primaryimage\",\"url\":\"https:\\\/\\\/racom.com.pl\\\/wp-content\\\/uploads\\\/2025\\\/07\\\/allegro_687aa9f0ddac57.07374592_4830ea724a0a9a41639c89701e72.jpg\",\"contentUrl\":\"https:\\\/\\\/racom.com.pl\\\/wp-content\\\/uploads\\\/2025\\\/07\\\/allegro_687aa9f0ddac57.07374592_4830ea724a0a9a41639c89701e72.jpg\",\"width\":2365,\"height\":2365},{\"@type\":\"BreadcrumbList\",\"@id\":\"https:\\\/\\\/racom.com.pl\\\/index.php\\\/produkt\\\/melvit-la-chef-trendy-lunch-orkisz-vermicelli-kasza-orkiszowa-3-kg\\\/#breadcrumb\",\"itemListElement\":[{\"@type\":\"ListItem\",\"position\":1,\"name\":\"Strona g\u0142\u00f3wna\",\"item\":\"https:\\\/\\\/racom.com.pl\\\/\"},{\"@type\":\"ListItem\",\"position\":2,\"name\":\"Sklep\",\"item\":\"https:\\\/\\\/racom.com.pl\\\/\"},{\"@type\":\"ListItem\",\"position\":3,\"name\":\"Melvit La Chef Trendy Lunch orkisz Vermicelli Kasza orkiszowa 3 kg\"}]},{\"@type\":\"WebSite\",\"@id\":\"https:\\\/\\\/racom.com.pl\\\/#website\",\"url\":\"https:\\\/\\\/racom.com.pl\\\/\",\"name\":\"Mix Market - Supermarket z wszystkim co potrzeba do domu i nie tylko\",\"description\":\"\",\"publisher\":{\"@id\":\"https:\\\/\\\/racom.com.pl\\\/#organization\"},\"potentialAction\":[{\"@type\":\"SearchAction\",\"target\":{\"@type\":\"EntryPoint\",\"urlTemplate\":\"https:\\\/\\\/racom.com.pl\\\/?s={search_term_string}\"},\"query-input\":{\"@type\":\"PropertyValueSpecification\",\"valueRequired\":true,\"valueName\":\"search_term_string\"}}],\"inLanguage\":\"pl-PL\"},{\"@type\":\"Organization\",\"@id\":\"https:\\\/\\\/racom.com.pl\\\/#organization\",\"name\":\"Mix Market - Supermarket z wszystkim co potrzeba do domu i nie tylko\",\"url\":\"https:\\\/\\\/racom.com.pl\\\/\",\"logo\":{\"@type\":\"ImageObject\",\"inLanguage\":\"pl-PL\",\"@id\":\"https:\\\/\\\/racom.com.pl\\\/#\\\/schema\\\/logo\\\/image\\\/\",\"url\":\"https:\\\/\\\/racom.com.pl\\\/wp-content\\\/uploads\\\/2025\\\/07\\\/mixmarket_logo.png\",\"contentUrl\":\"https:\\\/\\\/racom.com.pl\\\/wp-content\\\/uploads\\\/2025\\\/07\\\/mixmarket_logo.png\",\"width\":1024,\"height\":1024,\"caption\":\"Mix Market - Supermarket z wszystkim co potrzeba do domu i nie tylko\"},\"image\":{\"@id\":\"https:\\\/\\\/racom.com.pl\\\/#\\\/schema\\\/logo\\\/image\\\/\"}}]}<\/script>\n<!-- \/ Yoast SEO plugin. -->","yoast_head_json":{"title":"Melvit La Chef Trendy Lunch orkisz Vermicelli Kasza orkiszowa 3 kg - Mix Market - Supermarket z wszystkim co potrzeba","robots":{"index":"index","follow":"follow","max-snippet":"max-snippet:-1","max-image-preview":"max-image-preview:large","max-video-preview":"max-video-preview:-1"},"canonical":"https:\/\/racom.com.pl\/index.php\/produkt\/melvit-la-chef-trendy-lunch-orkisz-vermicelli-kasza-orkiszowa-3-kg\/","og_locale":"pl_PL","og_type":"article","og_title":"Melvit La Chef Trendy Lunch orkisz Vermicelli Kasza orkiszowa 3 kg - Mix Market - Supermarket z wszystkim co potrzeba","og_description":"MELVIT TRENDY LUNCH Orkisz z Pomidorami 3KG Trendy Lunch z orkiszem, makaronem vermicelli i suszonymi pomidorami to kolejny nowy produkt, kt\u00f3ry \u0142\u0105czy w sobie trzy wysokowarto\u015bciowe sk\u0142adniki \u0142atwo przyswajalne przez organizm. Orkisz wyst\u0119puj\u0105cy w mieszance zawiera bia\u0142ko, kt\u00f3re sprzyja dobremu trawieniu, pomaga osobom maj\u0105cym problemy z uk\u0142adem pokarmowym i na d\u0142ugo zapewnia uczucie syto\u015bci. Makaron [&hellip;]","og_url":"https:\/\/racom.com.pl\/index.php\/produkt\/melvit-la-chef-trendy-lunch-orkisz-vermicelli-kasza-orkiszowa-3-kg\/","og_site_name":"Mix Market - Supermarket z wszystkim co potrzeba","og_image":[{"width":2365,"height":2365,"url":"https:\/\/racom.com.pl\/wp-content\/uploads\/2025\/07\/allegro_687aa9f0ddac57.07374592_4830ea724a0a9a41639c89701e72.jpg","type":"image\/jpeg"}],"twitter_card":"summary_large_image","twitter_misc":{"Szacowany czas czytania":"2 minuty"},"schema":{"@context":"https:\/\/schema.org","@graph":[{"@type":"WebPage","@id":"https:\/\/racom.com.pl\/index.php\/produkt\/melvit-la-chef-trendy-lunch-orkisz-vermicelli-kasza-orkiszowa-3-kg\/","url":"https:\/\/racom.com.pl\/index.php\/produkt\/melvit-la-chef-trendy-lunch-orkisz-vermicelli-kasza-orkiszowa-3-kg\/","name":"Melvit La Chef Trendy Lunch orkisz Vermicelli Kasza orkiszowa 3 kg - Mix Market - Supermarket z wszystkim co potrzeba","isPartOf":{"@id":"https:\/\/racom.com.pl\/#website"},"primaryImageOfPage":{"@id":"https:\/\/racom.com.pl\/index.php\/produkt\/melvit-la-chef-trendy-lunch-orkisz-vermicelli-kasza-orkiszowa-3-kg\/#primaryimage"},"image":{"@id":"https:\/\/racom.com.pl\/index.php\/produkt\/melvit-la-chef-trendy-lunch-orkisz-vermicelli-kasza-orkiszowa-3-kg\/#primaryimage"},"thumbnailUrl":"https:\/\/racom.com.pl\/wp-content\/uploads\/2025\/07\/allegro_687aa9f0ddac57.07374592_4830ea724a0a9a41639c89701e72.jpg","datePublished":"2025-07-18T20:08:39+00:00","breadcrumb":{"@id":"https:\/\/racom.com.pl\/index.php\/produkt\/melvit-la-chef-trendy-lunch-orkisz-vermicelli-kasza-orkiszowa-3-kg\/#breadcrumb"},"inLanguage":"pl-PL","potentialAction":[{"@type":"ReadAction","target":["https:\/\/racom.com.pl\/index.php\/produkt\/melvit-la-chef-trendy-lunch-orkisz-vermicelli-kasza-orkiszowa-3-kg\/"]}]},{"@type":"ImageObject","inLanguage":"pl-PL","@id":"https:\/\/racom.com.pl\/index.php\/produkt\/melvit-la-chef-trendy-lunch-orkisz-vermicelli-kasza-orkiszowa-3-kg\/#primaryimage","url":"https:\/\/racom.com.pl\/wp-content\/uploads\/2025\/07\/allegro_687aa9f0ddac57.07374592_4830ea724a0a9a41639c89701e72.jpg","contentUrl":"https:\/\/racom.com.pl\/wp-content\/uploads\/2025\/07\/allegro_687aa9f0ddac57.07374592_4830ea724a0a9a41639c89701e72.jpg","width":2365,"height":2365},{"@type":"BreadcrumbList","@id":"https:\/\/racom.com.pl\/index.php\/produkt\/melvit-la-chef-trendy-lunch-orkisz-vermicelli-kasza-orkiszowa-3-kg\/#breadcrumb","itemListElement":[{"@type":"ListItem","position":1,"name":"Strona g\u0142\u00f3wna","item":"https:\/\/racom.com.pl\/"},{"@type":"ListItem","position":2,"name":"Sklep","item":"https:\/\/racom.com.pl\/"},{"@type":"ListItem","position":3,"name":"Melvit La Chef Trendy Lunch orkisz Vermicelli Kasza orkiszowa 3 kg"}]},{"@type":"WebSite","@id":"https:\/\/racom.com.pl\/#website","url":"https:\/\/racom.com.pl\/","name":"Mix Market - Supermarket z wszystkim co potrzeba do domu i nie tylko","description":"","publisher":{"@id":"https:\/\/racom.com.pl\/#organization"},"potentialAction":[{"@type":"SearchAction","target":{"@type":"EntryPoint","urlTemplate":"https:\/\/racom.com.pl\/?s={search_term_string}"},"query-input":{"@type":"PropertyValueSpecification","valueRequired":true,"valueName":"search_term_string"}}],"inLanguage":"pl-PL"},{"@type":"Organization","@id":"https:\/\/racom.com.pl\/#organization","name":"Mix Market - Supermarket z wszystkim co potrzeba do domu i nie tylko","url":"https:\/\/racom.com.pl\/","logo":{"@type":"ImageObject","inLanguage":"pl-PL","@id":"https:\/\/racom.com.pl\/#\/schema\/logo\/image\/","url":"https:\/\/racom.com.pl\/wp-content\/uploads\/2025\/07\/mixmarket_logo.png","contentUrl":"https:\/\/racom.com.pl\/wp-content\/uploads\/2025\/07\/mixmarket_logo.png","width":1024,"height":1024,"caption":"Mix Market - Supermarket z wszystkim co potrzeba do domu i nie tylko"},"image":{"@id":"https:\/\/racom.com.pl\/#\/schema\/logo\/image\/"}}]}},"_links":{"self":[{"href":"https:\/\/racom.com.pl\/index.php\/wp-json\/wp\/v2\/product\/2159","targetHints":{"allow":["GET"]}}],"collection":[{"href":"https:\/\/racom.com.pl\/index.php\/wp-json\/wp\/v2\/product"}],"about":[{"href":"https:\/\/racom.com.pl\/index.php\/wp-json\/wp\/v2\/types\/product"}],"replies":[{"embeddable":true,"href":"https:\/\/racom.com.pl\/index.php\/wp-json\/wp\/v2\/comments?post=2159"}],"wp:featuredmedia":[{"embeddable":true,"href":"https:\/\/racom.com.pl\/index.php\/wp-json\/wp\/v2\/media\/2162"}],"wp:attachment":[{"href":"https:\/\/racom.com.pl\/index.php\/wp-json\/wp\/v2\/media?parent=2159"}],"wp:term":[{"taxonomy":"product_brand","embeddable":true,"href":"https:\/\/racom.com.pl\/index.php\/wp-json\/wp\/v2\/product_brand?post=2159"},{"taxonomy":"product_cat","embeddable":true,"href":"https:\/\/racom.com.pl\/index.php\/wp-json\/wp\/v2\/product_cat?post=2159"},{"taxonomy":"product_tag","embeddable":true,"href":"https:\/\/racom.com.pl\/index.php\/wp-json\/wp\/v2\/product_tag?post=2159"}],"curies":[{"name":"wp","href":"https:\/\/api.w.org\/{rel}","templated":true}]}}