{"id":2170,"date":"2025-07-18T22:11:18","date_gmt":"2025-07-18T20:11:18","guid":{"rendered":"http:\/\/192.168.2.106\/index.php\/produkt\/kawa-ziarnista-mieszana-80-20-rioba-crema-dolce-1000-g-1kg\/"},"modified":"2025-07-18T22:11:18","modified_gmt":"2025-07-18T20:11:18","slug":"kawa-ziarnista-mieszana-80-20-rioba-crema-dolce-1000-g-1kg","status":"publish","type":"product","link":"https:\/\/racom.com.pl\/index.php\/produkt\/kawa-ziarnista-mieszana-80-20-rioba-crema-dolce-1000-g-1kg\/","title":{"rendered":"Kawa ziarnista mieszana 80\/20% Rioba Crema Dolce 1000 g \/ 1kg"},"content":{"rendered":"<p><b>Kawa ziarnista Rioba Caffe Crema Dolce w najlepszym wydaniu.<\/b><\/p>\n<p><b>Jej aromat b\u0142yskawicznie pobudza zmys\u0142y i sprawia, \u017ce ka\u017cdemu \u0142ykowi towarzyszy chwila odpr\u0119\u017cenia.<\/b><\/p>\n<p><b>Rioba Caffe Crema Dolce<\/b> \u2013 pokochasz ten smak<\/p>\n<p>Kawa ma t\u0119 magiczn\u0105 w\u0142a\u015bciwo\u015b\u0107, \u017ce potrafi doda\u0107 energii na ca\u0142y dzie\u0144, a i poranek po nieprzespanej nocy staje si\u0119 lepszy. Smak napoju towarzyszy przerwom w pracy, jak i spotkaniom w gronie najbli\u017cszych. Postaw na pe\u0142ny aromatu, intensywny smak w\u0142oskiej kawy i wypr\u00f3buj mieszank\u0119 ziaren z Brazylii, Ameryki \u015arodkowej i Indii zamkni\u0119ty w opakowaniu Rioba Caffe Crema Dolce.<\/p>\n<p>Mocne espresso, delikatne cappuccino i popo\u0142udniowe latte macchiato<\/p>\n<p>Dzi\u0119ki doskona\u0142emu po\u0142\u0105czeniu ziaren Arabiki oraz Robusty, kawa palona charakteryzuje si\u0119 delikatn\u0105 kwasowo\u015bci\u0105, co przek\u0142ada si\u0119 na \u0142agodny smak. Mieszank\u0119 mo\u017cesz wykorzysta\u0107 do zaparzenia ulubionego napoju \u2013 porannego espresso, delikatnego cappuccino czy popo\u0142udniowego latte macchiato.<\/p>\n<p>Ekonomiczne opakowanie kawy Rioba Caffe Crema Dolce<\/p>\n<p>Kawa Rioba Caffe Crema Dolce zosta\u0142a szczelnie zapakowana w du\u017cym, kilogramowym opakowaniu. Dzi\u0119ki temu masz pewno\u015b\u0107, \u017ce w domu ani w firmie nigdy nie zabraknie ulubionego napoju.<\/p>\n<p>Specyfikacja:<\/p>\n<p>\u2022 <b>1000 g<\/b><\/p>\n<p>\u2022 <b>80% kawa Arabica, 20% kawa Robusta<\/b><\/p>\n<p>\u2022 1,9% kofeiny<\/p>\n<p>Opakowanie zawiera <b>1&nbsp;KG<\/b> palonej ziarnistej kawy.<\/p>\n","protected":false},"excerpt":{"rendered":"<p>Kawa ziarnista Rioba Caffe Crema Dolce w najlepszym wydaniu. Jej aromat b\u0142yskawicznie pobudza zmys\u0142y i sprawia, \u017ce ka\u017cdemu \u0142ykowi towarzyszy chwila odpr\u0119\u017cenia. Rioba Caffe Crema Dolce \u2013 pokochasz ten smak Kawa ma t\u0119 magiczn\u0105 w\u0142a\u015bciwo\u015b\u0107, \u017ce potrafi doda\u0107 energii na ca\u0142y dzie\u0144, a i poranek po nieprzespanej nocy staje si\u0119 lepszy. Smak napoju towarzyszy przerwom [&hellip;]<\/p>\n","protected":false},"featured_media":2173,"comment_status":"open","ping_status":"closed","template":"","meta":[],"product_brand":[117],"product_cat":[119],"product_tag":[],"class_list":{"0":"post-2170","1":"product","2":"type-product","3":"status-publish","4":"has-post-thumbnail","6":"product_brand-rioba","7":"product_cat-kawa","9":"first","10":"instock","11":"taxable","12":"shipping-taxable","13":"purchasable","14":"product-type-simple"},"yoast_head":"<!-- This site is optimized with the Yoast SEO plugin v27.3 - https:\/\/yoast.com\/product\/yoast-seo-wordpress\/ -->\n<title>Kawa ziarnista mieszana 80\/20% Rioba Crema Dolce 1000 g \/ 1kg - Mix Market - Supermarket z wszystkim co potrzeba<\/title>\n<meta name=\"robots\" content=\"index, follow, max-snippet:-1, max-image-preview:large, max-video-preview:-1\" \/>\n<link rel=\"canonical\" href=\"https:\/\/racom.com.pl\/index.php\/produkt\/kawa-ziarnista-mieszana-80-20-rioba-crema-dolce-1000-g-1kg\/\" \/>\n<meta property=\"og:locale\" content=\"pl_PL\" \/>\n<meta property=\"og:type\" content=\"article\" \/>\n<meta property=\"og:title\" content=\"Kawa ziarnista mieszana 80\/20% Rioba Crema Dolce 1000 g \/ 1kg - Mix Market - Supermarket z wszystkim co potrzeba\" \/>\n<meta property=\"og:description\" content=\"Kawa ziarnista Rioba Caffe Crema Dolce w najlepszym wydaniu. Jej aromat b\u0142yskawicznie pobudza zmys\u0142y i sprawia, \u017ce ka\u017cdemu \u0142ykowi towarzyszy chwila odpr\u0119\u017cenia. Rioba Caffe Crema Dolce \u2013 pokochasz ten smak Kawa ma t\u0119 magiczn\u0105 w\u0142a\u015bciwo\u015b\u0107, \u017ce potrafi doda\u0107 energii na ca\u0142y dzie\u0144, a i poranek po nieprzespanej nocy staje si\u0119 lepszy. Smak napoju towarzyszy przerwom [&hellip;]\" \/>\n<meta property=\"og:url\" content=\"https:\/\/racom.com.pl\/index.php\/produkt\/kawa-ziarnista-mieszana-80-20-rioba-crema-dolce-1000-g-1kg\/\" \/>\n<meta property=\"og:site_name\" content=\"Mix Market - Supermarket z wszystkim co potrzeba\" \/>\n<meta property=\"og:image\" content=\"https:\/\/racom.com.pl\/wp-content\/uploads\/2025\/07\/allegro_687aaaa034e7c3.49597903_803ddec34862815d2443c49317c1.jpg\" \/>\n\t<meta property=\"og:image:width\" content=\"800\" \/>\n\t<meta property=\"og:image:height\" content=\"800\" \/>\n\t<meta property=\"og:image:type\" content=\"image\/jpeg\" \/>\n<meta name=\"twitter:card\" content=\"summary_large_image\" \/>\n<meta name=\"twitter:label1\" content=\"Szacowany czas czytania\" \/>\n\t<meta name=\"twitter:data1\" content=\"1 minuta\" \/>\n<script type=\"application\/ld+json\" class=\"yoast-schema-graph\">{\"@context\":\"https:\\\/\\\/schema.org\",\"@graph\":[{\"@type\":\"WebPage\",\"@id\":\"https:\\\/\\\/racom.com.pl\\\/index.php\\\/produkt\\\/kawa-ziarnista-mieszana-80-20-rioba-crema-dolce-1000-g-1kg\\\/\",\"url\":\"https:\\\/\\\/racom.com.pl\\\/index.php\\\/produkt\\\/kawa-ziarnista-mieszana-80-20-rioba-crema-dolce-1000-g-1kg\\\/\",\"name\":\"Kawa ziarnista mieszana 80\\\/20% Rioba Crema Dolce 1000 g \\\/ 1kg - Mix Market - Supermarket z wszystkim co potrzeba\",\"isPartOf\":{\"@id\":\"https:\\\/\\\/racom.com.pl\\\/#website\"},\"primaryImageOfPage\":{\"@id\":\"https:\\\/\\\/racom.com.pl\\\/index.php\\\/produkt\\\/kawa-ziarnista-mieszana-80-20-rioba-crema-dolce-1000-g-1kg\\\/#primaryimage\"},\"image\":{\"@id\":\"https:\\\/\\\/racom.com.pl\\\/index.php\\\/produkt\\\/kawa-ziarnista-mieszana-80-20-rioba-crema-dolce-1000-g-1kg\\\/#primaryimage\"},\"thumbnailUrl\":\"https:\\\/\\\/racom.com.pl\\\/wp-content\\\/uploads\\\/2025\\\/07\\\/allegro_687aaaa034e7c3.49597903_803ddec34862815d2443c49317c1.jpg\",\"datePublished\":\"2025-07-18T20:11:18+00:00\",\"breadcrumb\":{\"@id\":\"https:\\\/\\\/racom.com.pl\\\/index.php\\\/produkt\\\/kawa-ziarnista-mieszana-80-20-rioba-crema-dolce-1000-g-1kg\\\/#breadcrumb\"},\"inLanguage\":\"pl-PL\",\"potentialAction\":[{\"@type\":\"ReadAction\",\"target\":[\"https:\\\/\\\/racom.com.pl\\\/index.php\\\/produkt\\\/kawa-ziarnista-mieszana-80-20-rioba-crema-dolce-1000-g-1kg\\\/\"]}]},{\"@type\":\"ImageObject\",\"inLanguage\":\"pl-PL\",\"@id\":\"https:\\\/\\\/racom.com.pl\\\/index.php\\\/produkt\\\/kawa-ziarnista-mieszana-80-20-rioba-crema-dolce-1000-g-1kg\\\/#primaryimage\",\"url\":\"https:\\\/\\\/racom.com.pl\\\/wp-content\\\/uploads\\\/2025\\\/07\\\/allegro_687aaaa034e7c3.49597903_803ddec34862815d2443c49317c1.jpg\",\"contentUrl\":\"https:\\\/\\\/racom.com.pl\\\/wp-content\\\/uploads\\\/2025\\\/07\\\/allegro_687aaaa034e7c3.49597903_803ddec34862815d2443c49317c1.jpg\",\"width\":800,\"height\":800},{\"@type\":\"BreadcrumbList\",\"@id\":\"https:\\\/\\\/racom.com.pl\\\/index.php\\\/produkt\\\/kawa-ziarnista-mieszana-80-20-rioba-crema-dolce-1000-g-1kg\\\/#breadcrumb\",\"itemListElement\":[{\"@type\":\"ListItem\",\"position\":1,\"name\":\"Strona g\u0142\u00f3wna\",\"item\":\"https:\\\/\\\/racom.com.pl\\\/\"},{\"@type\":\"ListItem\",\"position\":2,\"name\":\"Sklep\",\"item\":\"https:\\\/\\\/racom.com.pl\\\/\"},{\"@type\":\"ListItem\",\"position\":3,\"name\":\"Kawa ziarnista mieszana 80\\\/20% Rioba Crema Dolce 1000 g \\\/ 1kg\"}]},{\"@type\":\"WebSite\",\"@id\":\"https:\\\/\\\/racom.com.pl\\\/#website\",\"url\":\"https:\\\/\\\/racom.com.pl\\\/\",\"name\":\"Mix Market - Supermarket z wszystkim co potrzeba do domu i nie tylko\",\"description\":\"\",\"publisher\":{\"@id\":\"https:\\\/\\\/racom.com.pl\\\/#organization\"},\"potentialAction\":[{\"@type\":\"SearchAction\",\"target\":{\"@type\":\"EntryPoint\",\"urlTemplate\":\"https:\\\/\\\/racom.com.pl\\\/?s={search_term_string}\"},\"query-input\":{\"@type\":\"PropertyValueSpecification\",\"valueRequired\":true,\"valueName\":\"search_term_string\"}}],\"inLanguage\":\"pl-PL\"},{\"@type\":\"Organization\",\"@id\":\"https:\\\/\\\/racom.com.pl\\\/#organization\",\"name\":\"Mix Market - Supermarket z wszystkim co potrzeba do domu i nie tylko\",\"url\":\"https:\\\/\\\/racom.com.pl\\\/\",\"logo\":{\"@type\":\"ImageObject\",\"inLanguage\":\"pl-PL\",\"@id\":\"https:\\\/\\\/racom.com.pl\\\/#\\\/schema\\\/logo\\\/image\\\/\",\"url\":\"https:\\\/\\\/racom.com.pl\\\/wp-content\\\/uploads\\\/2025\\\/07\\\/mixmarket_logo.png\",\"contentUrl\":\"https:\\\/\\\/racom.com.pl\\\/wp-content\\\/uploads\\\/2025\\\/07\\\/mixmarket_logo.png\",\"width\":1024,\"height\":1024,\"caption\":\"Mix Market - Supermarket z wszystkim co potrzeba do domu i nie tylko\"},\"image\":{\"@id\":\"https:\\\/\\\/racom.com.pl\\\/#\\\/schema\\\/logo\\\/image\\\/\"}}]}<\/script>\n<!-- \/ Yoast SEO plugin. -->","yoast_head_json":{"title":"Kawa ziarnista mieszana 80\/20% Rioba Crema Dolce 1000 g \/ 1kg - Mix Market - Supermarket z wszystkim co potrzeba","robots":{"index":"index","follow":"follow","max-snippet":"max-snippet:-1","max-image-preview":"max-image-preview:large","max-video-preview":"max-video-preview:-1"},"canonical":"https:\/\/racom.com.pl\/index.php\/produkt\/kawa-ziarnista-mieszana-80-20-rioba-crema-dolce-1000-g-1kg\/","og_locale":"pl_PL","og_type":"article","og_title":"Kawa ziarnista mieszana 80\/20% Rioba Crema Dolce 1000 g \/ 1kg - Mix Market - Supermarket z wszystkim co potrzeba","og_description":"Kawa ziarnista Rioba Caffe Crema Dolce w najlepszym wydaniu. Jej aromat b\u0142yskawicznie pobudza zmys\u0142y i sprawia, \u017ce ka\u017cdemu \u0142ykowi towarzyszy chwila odpr\u0119\u017cenia. Rioba Caffe Crema Dolce \u2013 pokochasz ten smak Kawa ma t\u0119 magiczn\u0105 w\u0142a\u015bciwo\u015b\u0107, \u017ce potrafi doda\u0107 energii na ca\u0142y dzie\u0144, a i poranek po nieprzespanej nocy staje si\u0119 lepszy. Smak napoju towarzyszy przerwom [&hellip;]","og_url":"https:\/\/racom.com.pl\/index.php\/produkt\/kawa-ziarnista-mieszana-80-20-rioba-crema-dolce-1000-g-1kg\/","og_site_name":"Mix Market - Supermarket z wszystkim co potrzeba","og_image":[{"width":800,"height":800,"url":"https:\/\/racom.com.pl\/wp-content\/uploads\/2025\/07\/allegro_687aaaa034e7c3.49597903_803ddec34862815d2443c49317c1.jpg","type":"image\/jpeg"}],"twitter_card":"summary_large_image","twitter_misc":{"Szacowany czas czytania":"1 minuta"},"schema":{"@context":"https:\/\/schema.org","@graph":[{"@type":"WebPage","@id":"https:\/\/racom.com.pl\/index.php\/produkt\/kawa-ziarnista-mieszana-80-20-rioba-crema-dolce-1000-g-1kg\/","url":"https:\/\/racom.com.pl\/index.php\/produkt\/kawa-ziarnista-mieszana-80-20-rioba-crema-dolce-1000-g-1kg\/","name":"Kawa ziarnista mieszana 80\/20% Rioba Crema Dolce 1000 g \/ 1kg - Mix Market - Supermarket z wszystkim co potrzeba","isPartOf":{"@id":"https:\/\/racom.com.pl\/#website"},"primaryImageOfPage":{"@id":"https:\/\/racom.com.pl\/index.php\/produkt\/kawa-ziarnista-mieszana-80-20-rioba-crema-dolce-1000-g-1kg\/#primaryimage"},"image":{"@id":"https:\/\/racom.com.pl\/index.php\/produkt\/kawa-ziarnista-mieszana-80-20-rioba-crema-dolce-1000-g-1kg\/#primaryimage"},"thumbnailUrl":"https:\/\/racom.com.pl\/wp-content\/uploads\/2025\/07\/allegro_687aaaa034e7c3.49597903_803ddec34862815d2443c49317c1.jpg","datePublished":"2025-07-18T20:11:18+00:00","breadcrumb":{"@id":"https:\/\/racom.com.pl\/index.php\/produkt\/kawa-ziarnista-mieszana-80-20-rioba-crema-dolce-1000-g-1kg\/#breadcrumb"},"inLanguage":"pl-PL","potentialAction":[{"@type":"ReadAction","target":["https:\/\/racom.com.pl\/index.php\/produkt\/kawa-ziarnista-mieszana-80-20-rioba-crema-dolce-1000-g-1kg\/"]}]},{"@type":"ImageObject","inLanguage":"pl-PL","@id":"https:\/\/racom.com.pl\/index.php\/produkt\/kawa-ziarnista-mieszana-80-20-rioba-crema-dolce-1000-g-1kg\/#primaryimage","url":"https:\/\/racom.com.pl\/wp-content\/uploads\/2025\/07\/allegro_687aaaa034e7c3.49597903_803ddec34862815d2443c49317c1.jpg","contentUrl":"https:\/\/racom.com.pl\/wp-content\/uploads\/2025\/07\/allegro_687aaaa034e7c3.49597903_803ddec34862815d2443c49317c1.jpg","width":800,"height":800},{"@type":"BreadcrumbList","@id":"https:\/\/racom.com.pl\/index.php\/produkt\/kawa-ziarnista-mieszana-80-20-rioba-crema-dolce-1000-g-1kg\/#breadcrumb","itemListElement":[{"@type":"ListItem","position":1,"name":"Strona g\u0142\u00f3wna","item":"https:\/\/racom.com.pl\/"},{"@type":"ListItem","position":2,"name":"Sklep","item":"https:\/\/racom.com.pl\/"},{"@type":"ListItem","position":3,"name":"Kawa ziarnista mieszana 80\/20% Rioba Crema Dolce 1000 g \/ 1kg"}]},{"@type":"WebSite","@id":"https:\/\/racom.com.pl\/#website","url":"https:\/\/racom.com.pl\/","name":"Mix Market - Supermarket z wszystkim co potrzeba do domu i nie tylko","description":"","publisher":{"@id":"https:\/\/racom.com.pl\/#organization"},"potentialAction":[{"@type":"SearchAction","target":{"@type":"EntryPoint","urlTemplate":"https:\/\/racom.com.pl\/?s={search_term_string}"},"query-input":{"@type":"PropertyValueSpecification","valueRequired":true,"valueName":"search_term_string"}}],"inLanguage":"pl-PL"},{"@type":"Organization","@id":"https:\/\/racom.com.pl\/#organization","name":"Mix Market - Supermarket z wszystkim co potrzeba do domu i nie tylko","url":"https:\/\/racom.com.pl\/","logo":{"@type":"ImageObject","inLanguage":"pl-PL","@id":"https:\/\/racom.com.pl\/#\/schema\/logo\/image\/","url":"https:\/\/racom.com.pl\/wp-content\/uploads\/2025\/07\/mixmarket_logo.png","contentUrl":"https:\/\/racom.com.pl\/wp-content\/uploads\/2025\/07\/mixmarket_logo.png","width":1024,"height":1024,"caption":"Mix Market - Supermarket z wszystkim co potrzeba do domu i nie tylko"},"image":{"@id":"https:\/\/racom.com.pl\/#\/schema\/logo\/image\/"}}]}},"_links":{"self":[{"href":"https:\/\/racom.com.pl\/index.php\/wp-json\/wp\/v2\/product\/2170","targetHints":{"allow":["GET"]}}],"collection":[{"href":"https:\/\/racom.com.pl\/index.php\/wp-json\/wp\/v2\/product"}],"about":[{"href":"https:\/\/racom.com.pl\/index.php\/wp-json\/wp\/v2\/types\/product"}],"replies":[{"embeddable":true,"href":"https:\/\/racom.com.pl\/index.php\/wp-json\/wp\/v2\/comments?post=2170"}],"wp:featuredmedia":[{"embeddable":true,"href":"https:\/\/racom.com.pl\/index.php\/wp-json\/wp\/v2\/media\/2173"}],"wp:attachment":[{"href":"https:\/\/racom.com.pl\/index.php\/wp-json\/wp\/v2\/media?parent=2170"}],"wp:term":[{"taxonomy":"product_brand","embeddable":true,"href":"https:\/\/racom.com.pl\/index.php\/wp-json\/wp\/v2\/product_brand?post=2170"},{"taxonomy":"product_cat","embeddable":true,"href":"https:\/\/racom.com.pl\/index.php\/wp-json\/wp\/v2\/product_cat?post=2170"},{"taxonomy":"product_tag","embeddable":true,"href":"https:\/\/racom.com.pl\/index.php\/wp-json\/wp\/v2\/product_tag?post=2170"}],"curies":[{"name":"wp","href":"https:\/\/api.w.org\/{rel}","templated":true}]}}