{"id":2174,"date":"2025-07-18T22:12:29","date_gmt":"2025-07-18T20:12:29","guid":{"rendered":"http:\/\/192.168.2.106\/index.php\/produkt\/lubisie-biszkopty-misie-nadziewane-truskawkowe-duze-opakowanie-24szt-x-30g\/"},"modified":"2025-07-18T22:12:29","modified_gmt":"2025-07-18T20:12:29","slug":"lubisie-biszkopty-misie-nadziewane-truskawkowe-duze-opakowanie-24szt-x-30g","status":"publish","type":"product","link":"https:\/\/racom.com.pl\/index.php\/produkt\/lubisie-biszkopty-misie-nadziewane-truskawkowe-duze-opakowanie-24szt-x-30g\/","title":{"rendered":"Lubisie Biszkopty Misie nadziewane TRUSKAWKOWE du\u017ce opakowanie 24szt x 30g"},"content":{"rendered":"<h2>Lubisie Ciastko biszkoptowe z nadzieniem TRUSKAWKOWYM 30 g<\/h2>\n<p>Lubisie to pyszne i po\u017cywne ciasteczka biszkoptowe.<\/p>\n<p>Nie zawieraj\u0105 \u017cadnych substancji konserwuj\u0105cych i barwnik\u00f3w.<\/p>\n<p>Ciastko biszkoptowe z nadzieniem truskawkowym.<\/p>\n<p>Opakowanie zawiera 24szt. ka\u017cdy po 30g.<\/p>\n<p>Sk\u0142ad:<\/p>\n<ul>\n<li>Nadzienie jab\u0142kowo-truskawkowe [syrop glukozowo-fruktozowy, przeciery owocowe 45%** (zag\u0119szczony przecier jab\u0142kowy 27,3 %, przecier truskawkowy 17,7 %), substancja utrzymuj\u0105ca wilgo\u0107 (glicerol), regulatory kwasowo\u015bci (kwas cytrynowy, cytryniany sodu, kwas jab\u0142kowy), substancja zag\u0119szczaj\u0105ca (guma ksantanowa), zag\u0119szczony sok z czarnego bzu, naturalny aromat], m\u0105ka&nbsp;<b>PSZENNA<\/b>&nbsp;24%,&nbsp;<b>JAJA<\/b>&nbsp;12%, syrop glukozowo-fruktozowy, cukier, olej rzepakowy, substancja utrzymuj\u0105ca wilgo\u0107 (glicerol), odt\u0142uszczone&nbsp;<b>MLEKO<\/b>&nbsp;w proszku 1,2 %***, pe\u0142ne&nbsp;<b>MLEKO<\/b>&nbsp;w proszku 0,8 %***, substancje spulchniaj\u0105ce (difosforany, w\u0119glany potasu), syrop glukozowy, emulgatory (E472b, E475), s\u00f3l, kakao w proszku o obni\u017conej zawarto\u015bci t\u0142uszczu 0,2 %, naturalny aromat, **w nadzieniu, ***ekwiwalent mleka 19%<\/li>\n<\/ul>\n","protected":false},"excerpt":{"rendered":"<p>Lubisie Ciastko biszkoptowe z nadzieniem TRUSKAWKOWYM 30 g Lubisie to pyszne i po\u017cywne ciasteczka biszkoptowe. Nie zawieraj\u0105 \u017cadnych substancji konserwuj\u0105cych i barwnik\u00f3w. Ciastko biszkoptowe z nadzieniem truskawkowym. Opakowanie zawiera 24szt. ka\u017cdy po 30g. Sk\u0142ad: Nadzienie jab\u0142kowo-truskawkowe [syrop glukozowo-fruktozowy, przeciery owocowe 45%** (zag\u0119szczony przecier jab\u0142kowy 27,3 %, przecier truskawkowy 17,7 %), substancja utrzymuj\u0105ca wilgo\u0107 (glicerol), regulatory [&hellip;]<\/p>\n","protected":false},"featured_media":2178,"comment_status":"open","ping_status":"closed","template":"","meta":[],"product_brand":[136],"product_cat":[120],"product_tag":[],"class_list":{"0":"post-2174","1":"product","2":"type-product","3":"status-publish","4":"has-post-thumbnail","6":"product_brand-lubisie","7":"product_cat-slodycze-przekaski-desery","9":"first","10":"instock","11":"taxable","12":"shipping-taxable","13":"purchasable","14":"product-type-simple"},"yoast_head":"<!-- This site is optimized with the Yoast SEO plugin v27.4 - https:\/\/yoast.com\/product\/yoast-seo-wordpress\/ -->\n<title>Lubisie Biszkopty Misie nadziewane TRUSKAWKOWE du\u017ce opakowanie 24szt x 30g - Mix Market - Supermarket z wszystkim co potrzeba<\/title>\n<meta name=\"robots\" content=\"index, follow, max-snippet:-1, max-image-preview:large, max-video-preview:-1\" \/>\n<link rel=\"canonical\" href=\"https:\/\/racom.com.pl\/index.php\/produkt\/lubisie-biszkopty-misie-nadziewane-truskawkowe-duze-opakowanie-24szt-x-30g\/\" \/>\n<meta property=\"og:locale\" content=\"pl_PL\" \/>\n<meta property=\"og:type\" content=\"article\" \/>\n<meta property=\"og:title\" content=\"Lubisie Biszkopty Misie nadziewane TRUSKAWKOWE du\u017ce opakowanie 24szt x 30g - Mix Market - Supermarket z wszystkim co potrzeba\" \/>\n<meta property=\"og:description\" content=\"Lubisie Ciastko biszkoptowe z nadzieniem TRUSKAWKOWYM 30 g Lubisie to pyszne i po\u017cywne ciasteczka biszkoptowe. Nie zawieraj\u0105 \u017cadnych substancji konserwuj\u0105cych i barwnik\u00f3w. Ciastko biszkoptowe z nadzieniem truskawkowym. Opakowanie zawiera 24szt. ka\u017cdy po 30g. Sk\u0142ad: Nadzienie jab\u0142kowo-truskawkowe [syrop glukozowo-fruktozowy, przeciery owocowe 45%** (zag\u0119szczony przecier jab\u0142kowy 27,3 %, przecier truskawkowy 17,7 %), substancja utrzymuj\u0105ca wilgo\u0107 (glicerol), regulatory [&hellip;]\" \/>\n<meta property=\"og:url\" content=\"https:\/\/racom.com.pl\/index.php\/produkt\/lubisie-biszkopty-misie-nadziewane-truskawkowe-duze-opakowanie-24szt-x-30g\/\" \/>\n<meta property=\"og:site_name\" content=\"Mix Market - Supermarket z wszystkim co potrzeba\" \/>\n<meta property=\"og:image\" content=\"https:\/\/racom.com.pl\/wp-content\/uploads\/2025\/07\/allegro_687aaae8080ec1.88625907_88bbb08f4870833bb481f631a84b.jpg\" \/>\n\t<meta property=\"og:image:width\" content=\"2365\" \/>\n\t<meta property=\"og:image:height\" content=\"2365\" \/>\n\t<meta property=\"og:image:type\" content=\"image\/jpeg\" \/>\n<meta name=\"twitter:card\" content=\"summary_large_image\" \/>\n<meta name=\"twitter:label1\" content=\"Szacowany czas czytania\" \/>\n\t<meta name=\"twitter:data1\" content=\"1 minuta\" \/>\n<script type=\"application\/ld+json\" class=\"yoast-schema-graph\">{\"@context\":\"https:\\\/\\\/schema.org\",\"@graph\":[{\"@type\":\"WebPage\",\"@id\":\"https:\\\/\\\/racom.com.pl\\\/index.php\\\/produkt\\\/lubisie-biszkopty-misie-nadziewane-truskawkowe-duze-opakowanie-24szt-x-30g\\\/\",\"url\":\"https:\\\/\\\/racom.com.pl\\\/index.php\\\/produkt\\\/lubisie-biszkopty-misie-nadziewane-truskawkowe-duze-opakowanie-24szt-x-30g\\\/\",\"name\":\"Lubisie Biszkopty Misie nadziewane TRUSKAWKOWE du\u017ce opakowanie 24szt x 30g - Mix Market - Supermarket z wszystkim co potrzeba\",\"isPartOf\":{\"@id\":\"https:\\\/\\\/racom.com.pl\\\/#website\"},\"primaryImageOfPage\":{\"@id\":\"https:\\\/\\\/racom.com.pl\\\/index.php\\\/produkt\\\/lubisie-biszkopty-misie-nadziewane-truskawkowe-duze-opakowanie-24szt-x-30g\\\/#primaryimage\"},\"image\":{\"@id\":\"https:\\\/\\\/racom.com.pl\\\/index.php\\\/produkt\\\/lubisie-biszkopty-misie-nadziewane-truskawkowe-duze-opakowanie-24szt-x-30g\\\/#primaryimage\"},\"thumbnailUrl\":\"https:\\\/\\\/racom.com.pl\\\/wp-content\\\/uploads\\\/2025\\\/07\\\/allegro_687aaae8080ec1.88625907_88bbb08f4870833bb481f631a84b.jpg\",\"datePublished\":\"2025-07-18T20:12:29+00:00\",\"breadcrumb\":{\"@id\":\"https:\\\/\\\/racom.com.pl\\\/index.php\\\/produkt\\\/lubisie-biszkopty-misie-nadziewane-truskawkowe-duze-opakowanie-24szt-x-30g\\\/#breadcrumb\"},\"inLanguage\":\"pl-PL\",\"potentialAction\":[{\"@type\":\"ReadAction\",\"target\":[\"https:\\\/\\\/racom.com.pl\\\/index.php\\\/produkt\\\/lubisie-biszkopty-misie-nadziewane-truskawkowe-duze-opakowanie-24szt-x-30g\\\/\"]}]},{\"@type\":\"ImageObject\",\"inLanguage\":\"pl-PL\",\"@id\":\"https:\\\/\\\/racom.com.pl\\\/index.php\\\/produkt\\\/lubisie-biszkopty-misie-nadziewane-truskawkowe-duze-opakowanie-24szt-x-30g\\\/#primaryimage\",\"url\":\"https:\\\/\\\/racom.com.pl\\\/wp-content\\\/uploads\\\/2025\\\/07\\\/allegro_687aaae8080ec1.88625907_88bbb08f4870833bb481f631a84b.jpg\",\"contentUrl\":\"https:\\\/\\\/racom.com.pl\\\/wp-content\\\/uploads\\\/2025\\\/07\\\/allegro_687aaae8080ec1.88625907_88bbb08f4870833bb481f631a84b.jpg\",\"width\":2365,\"height\":2365},{\"@type\":\"BreadcrumbList\",\"@id\":\"https:\\\/\\\/racom.com.pl\\\/index.php\\\/produkt\\\/lubisie-biszkopty-misie-nadziewane-truskawkowe-duze-opakowanie-24szt-x-30g\\\/#breadcrumb\",\"itemListElement\":[{\"@type\":\"ListItem\",\"position\":1,\"name\":\"Strona g\u0142\u00f3wna\",\"item\":\"https:\\\/\\\/racom.com.pl\\\/\"},{\"@type\":\"ListItem\",\"position\":2,\"name\":\"Sklep\",\"item\":\"https:\\\/\\\/racom.com.pl\\\/\"},{\"@type\":\"ListItem\",\"position\":3,\"name\":\"Lubisie Biszkopty Misie nadziewane TRUSKAWKOWE du\u017ce opakowanie 24szt x 30g\"}]},{\"@type\":\"WebSite\",\"@id\":\"https:\\\/\\\/racom.com.pl\\\/#website\",\"url\":\"https:\\\/\\\/racom.com.pl\\\/\",\"name\":\"Mix Market - Supermarket z wszystkim co potrzeba do domu i nie tylko\",\"description\":\"\",\"publisher\":{\"@id\":\"https:\\\/\\\/racom.com.pl\\\/#organization\"},\"potentialAction\":[{\"@type\":\"SearchAction\",\"target\":{\"@type\":\"EntryPoint\",\"urlTemplate\":\"https:\\\/\\\/racom.com.pl\\\/?s={search_term_string}\"},\"query-input\":{\"@type\":\"PropertyValueSpecification\",\"valueRequired\":true,\"valueName\":\"search_term_string\"}}],\"inLanguage\":\"pl-PL\"},{\"@type\":\"Organization\",\"@id\":\"https:\\\/\\\/racom.com.pl\\\/#organization\",\"name\":\"Mix Market - Supermarket z wszystkim co potrzeba do domu i nie tylko\",\"url\":\"https:\\\/\\\/racom.com.pl\\\/\",\"logo\":{\"@type\":\"ImageObject\",\"inLanguage\":\"pl-PL\",\"@id\":\"https:\\\/\\\/racom.com.pl\\\/#\\\/schema\\\/logo\\\/image\\\/\",\"url\":\"https:\\\/\\\/racom.com.pl\\\/wp-content\\\/uploads\\\/2025\\\/07\\\/mixmarket_logo.png\",\"contentUrl\":\"https:\\\/\\\/racom.com.pl\\\/wp-content\\\/uploads\\\/2025\\\/07\\\/mixmarket_logo.png\",\"width\":1024,\"height\":1024,\"caption\":\"Mix Market - Supermarket z wszystkim co potrzeba do domu i nie tylko\"},\"image\":{\"@id\":\"https:\\\/\\\/racom.com.pl\\\/#\\\/schema\\\/logo\\\/image\\\/\"}}]}<\/script>\n<!-- \/ Yoast SEO plugin. -->","yoast_head_json":{"title":"Lubisie Biszkopty Misie nadziewane TRUSKAWKOWE du\u017ce opakowanie 24szt x 30g - Mix Market - Supermarket z wszystkim co potrzeba","robots":{"index":"index","follow":"follow","max-snippet":"max-snippet:-1","max-image-preview":"max-image-preview:large","max-video-preview":"max-video-preview:-1"},"canonical":"https:\/\/racom.com.pl\/index.php\/produkt\/lubisie-biszkopty-misie-nadziewane-truskawkowe-duze-opakowanie-24szt-x-30g\/","og_locale":"pl_PL","og_type":"article","og_title":"Lubisie Biszkopty Misie nadziewane TRUSKAWKOWE du\u017ce opakowanie 24szt x 30g - Mix Market - Supermarket z wszystkim co potrzeba","og_description":"Lubisie Ciastko biszkoptowe z nadzieniem TRUSKAWKOWYM 30 g Lubisie to pyszne i po\u017cywne ciasteczka biszkoptowe. Nie zawieraj\u0105 \u017cadnych substancji konserwuj\u0105cych i barwnik\u00f3w. Ciastko biszkoptowe z nadzieniem truskawkowym. Opakowanie zawiera 24szt. ka\u017cdy po 30g. Sk\u0142ad: Nadzienie jab\u0142kowo-truskawkowe [syrop glukozowo-fruktozowy, przeciery owocowe 45%** (zag\u0119szczony przecier jab\u0142kowy 27,3 %, przecier truskawkowy 17,7 %), substancja utrzymuj\u0105ca wilgo\u0107 (glicerol), regulatory [&hellip;]","og_url":"https:\/\/racom.com.pl\/index.php\/produkt\/lubisie-biszkopty-misie-nadziewane-truskawkowe-duze-opakowanie-24szt-x-30g\/","og_site_name":"Mix Market - Supermarket z wszystkim co potrzeba","og_image":[{"width":2365,"height":2365,"url":"https:\/\/racom.com.pl\/wp-content\/uploads\/2025\/07\/allegro_687aaae8080ec1.88625907_88bbb08f4870833bb481f631a84b.jpg","type":"image\/jpeg"}],"twitter_card":"summary_large_image","twitter_misc":{"Szacowany czas czytania":"1 minuta"},"schema":{"@context":"https:\/\/schema.org","@graph":[{"@type":"WebPage","@id":"https:\/\/racom.com.pl\/index.php\/produkt\/lubisie-biszkopty-misie-nadziewane-truskawkowe-duze-opakowanie-24szt-x-30g\/","url":"https:\/\/racom.com.pl\/index.php\/produkt\/lubisie-biszkopty-misie-nadziewane-truskawkowe-duze-opakowanie-24szt-x-30g\/","name":"Lubisie Biszkopty Misie nadziewane TRUSKAWKOWE du\u017ce opakowanie 24szt x 30g - Mix Market - Supermarket z wszystkim co potrzeba","isPartOf":{"@id":"https:\/\/racom.com.pl\/#website"},"primaryImageOfPage":{"@id":"https:\/\/racom.com.pl\/index.php\/produkt\/lubisie-biszkopty-misie-nadziewane-truskawkowe-duze-opakowanie-24szt-x-30g\/#primaryimage"},"image":{"@id":"https:\/\/racom.com.pl\/index.php\/produkt\/lubisie-biszkopty-misie-nadziewane-truskawkowe-duze-opakowanie-24szt-x-30g\/#primaryimage"},"thumbnailUrl":"https:\/\/racom.com.pl\/wp-content\/uploads\/2025\/07\/allegro_687aaae8080ec1.88625907_88bbb08f4870833bb481f631a84b.jpg","datePublished":"2025-07-18T20:12:29+00:00","breadcrumb":{"@id":"https:\/\/racom.com.pl\/index.php\/produkt\/lubisie-biszkopty-misie-nadziewane-truskawkowe-duze-opakowanie-24szt-x-30g\/#breadcrumb"},"inLanguage":"pl-PL","potentialAction":[{"@type":"ReadAction","target":["https:\/\/racom.com.pl\/index.php\/produkt\/lubisie-biszkopty-misie-nadziewane-truskawkowe-duze-opakowanie-24szt-x-30g\/"]}]},{"@type":"ImageObject","inLanguage":"pl-PL","@id":"https:\/\/racom.com.pl\/index.php\/produkt\/lubisie-biszkopty-misie-nadziewane-truskawkowe-duze-opakowanie-24szt-x-30g\/#primaryimage","url":"https:\/\/racom.com.pl\/wp-content\/uploads\/2025\/07\/allegro_687aaae8080ec1.88625907_88bbb08f4870833bb481f631a84b.jpg","contentUrl":"https:\/\/racom.com.pl\/wp-content\/uploads\/2025\/07\/allegro_687aaae8080ec1.88625907_88bbb08f4870833bb481f631a84b.jpg","width":2365,"height":2365},{"@type":"BreadcrumbList","@id":"https:\/\/racom.com.pl\/index.php\/produkt\/lubisie-biszkopty-misie-nadziewane-truskawkowe-duze-opakowanie-24szt-x-30g\/#breadcrumb","itemListElement":[{"@type":"ListItem","position":1,"name":"Strona g\u0142\u00f3wna","item":"https:\/\/racom.com.pl\/"},{"@type":"ListItem","position":2,"name":"Sklep","item":"https:\/\/racom.com.pl\/"},{"@type":"ListItem","position":3,"name":"Lubisie Biszkopty Misie nadziewane TRUSKAWKOWE du\u017ce opakowanie 24szt x 30g"}]},{"@type":"WebSite","@id":"https:\/\/racom.com.pl\/#website","url":"https:\/\/racom.com.pl\/","name":"Mix Market - Supermarket z wszystkim co potrzeba do domu i nie tylko","description":"","publisher":{"@id":"https:\/\/racom.com.pl\/#organization"},"potentialAction":[{"@type":"SearchAction","target":{"@type":"EntryPoint","urlTemplate":"https:\/\/racom.com.pl\/?s={search_term_string}"},"query-input":{"@type":"PropertyValueSpecification","valueRequired":true,"valueName":"search_term_string"}}],"inLanguage":"pl-PL"},{"@type":"Organization","@id":"https:\/\/racom.com.pl\/#organization","name":"Mix Market - Supermarket z wszystkim co potrzeba do domu i nie tylko","url":"https:\/\/racom.com.pl\/","logo":{"@type":"ImageObject","inLanguage":"pl-PL","@id":"https:\/\/racom.com.pl\/#\/schema\/logo\/image\/","url":"https:\/\/racom.com.pl\/wp-content\/uploads\/2025\/07\/mixmarket_logo.png","contentUrl":"https:\/\/racom.com.pl\/wp-content\/uploads\/2025\/07\/mixmarket_logo.png","width":1024,"height":1024,"caption":"Mix Market - Supermarket z wszystkim co potrzeba do domu i nie tylko"},"image":{"@id":"https:\/\/racom.com.pl\/#\/schema\/logo\/image\/"}}]}},"_links":{"self":[{"href":"https:\/\/racom.com.pl\/index.php\/wp-json\/wp\/v2\/product\/2174","targetHints":{"allow":["GET"]}}],"collection":[{"href":"https:\/\/racom.com.pl\/index.php\/wp-json\/wp\/v2\/product"}],"about":[{"href":"https:\/\/racom.com.pl\/index.php\/wp-json\/wp\/v2\/types\/product"}],"replies":[{"embeddable":true,"href":"https:\/\/racom.com.pl\/index.php\/wp-json\/wp\/v2\/comments?post=2174"}],"wp:featuredmedia":[{"embeddable":true,"href":"https:\/\/racom.com.pl\/index.php\/wp-json\/wp\/v2\/media\/2178"}],"wp:attachment":[{"href":"https:\/\/racom.com.pl\/index.php\/wp-json\/wp\/v2\/media?parent=2174"}],"wp:term":[{"taxonomy":"product_brand","embeddable":true,"href":"https:\/\/racom.com.pl\/index.php\/wp-json\/wp\/v2\/product_brand?post=2174"},{"taxonomy":"product_cat","embeddable":true,"href":"https:\/\/racom.com.pl\/index.php\/wp-json\/wp\/v2\/product_cat?post=2174"},{"taxonomy":"product_tag","embeddable":true,"href":"https:\/\/racom.com.pl\/index.php\/wp-json\/wp\/v2\/product_tag?post=2174"}],"curies":[{"name":"wp","href":"https:\/\/api.w.org\/{rel}","templated":true}]}}