{"id":2179,"date":"2025-07-18T22:13:47","date_gmt":"2025-07-18T20:13:47","guid":{"rendered":"http:\/\/192.168.2.106\/index.php\/produkt\/syrop-klonowy-maple-joe-kanadyjski-czysty-w-butelce-660g\/"},"modified":"2025-07-18T22:13:47","modified_gmt":"2025-07-18T20:13:47","slug":"syrop-klonowy-maple-joe-kanadyjski-czysty-w-butelce-660g","status":"publish","type":"product","link":"https:\/\/racom.com.pl\/index.php\/produkt\/syrop-klonowy-maple-joe-kanadyjski-czysty-w-butelce-660g\/","title":{"rendered":"Syrop KLONOWY Maple Joe Kanadyjski czysty w butelce 660g"},"content":{"rendered":"<h2>Syrop klonowy Maple Joe czysty w butelce 660g<\/h2>\n<p>Dla mieszka\u0144c\u00f3w Quebeku, kanadyjskiej prowincji, syrop klonowy oznacza powr\u00f3t wiosny. Ka\u017cdego roku, wraz z pocz\u0105tkiem wiosennych roztop\u00f3w, na drzewach klonu nacina si\u0119 kor\u0119 i mocuje pojemniki, w kt\u00f3rych po 6-8 tygodniach gromadzi si\u0119 sok. Po sch\u0142odzeniu, staje si\u0119 s\u0142ynnym syropem klonowym. Po le\u015bnej degustacji, syrop klonowy trafia do butelek, a nast\u0119pnie do smakoszy na ca\u0142ym \u015bwiecie. Jego wyrazisty, s\u0142odki smak doskonale komponuje si\u0119 z jogurtami, mlekiem, nale\u015bnikami, owocami i ciastami. Du\u017ce, estetyczne opakowanie pozwoli Ci cieszy\u0107 si\u0119 smakiem syropu znacznie d\u0142u\u017cej i umo\u017cliwia jego podarowanie innemu mi\u0142o\u015bnikowi oryginalnych s\u0142odko\u015bci.<\/p>\n<p><b>Sk\u0142adniki:<\/b><\/p>\n<p>Czysty syrop klonowy<\/p>\n<p><b>Alergeny:<\/b><\/p>\n<p>Brak<\/p>\n<p><b>Warunki przechowywania:<\/b><\/p>\n<p>Przechowywa\u0107 w suchym i ch\u0142odnym miejscu. Po otwarciu przechowywa\u0107 w lod\u00f3wce.<\/p>\n<p><b>Pochodzenie:<\/b><\/p>\n<p>Kraj pochodzenia: Kanada<\/p>\n","protected":false},"excerpt":{"rendered":"<p>Syrop klonowy Maple Joe czysty w butelce 660g Dla mieszka\u0144c\u00f3w Quebeku, kanadyjskiej prowincji, syrop klonowy oznacza powr\u00f3t wiosny. Ka\u017cdego roku, wraz z pocz\u0105tkiem wiosennych roztop\u00f3w, na drzewach klonu nacina si\u0119 kor\u0119 i mocuje pojemniki, w kt\u00f3rych po 6-8 tygodniach gromadzi si\u0119 sok. Po sch\u0142odzeniu, staje si\u0119 s\u0142ynnym syropem klonowym. Po le\u015bnej degustacji, syrop klonowy trafia [&hellip;]<\/p>\n","protected":false},"featured_media":2182,"comment_status":"open","ping_status":"closed","template":"","meta":[],"product_brand":[138],"product_cat":[137],"product_tag":[],"class_list":{"0":"post-2179","1":"product","2":"type-product","3":"status-publish","4":"has-post-thumbnail","6":"product_brand-maple-joe","7":"product_cat-cukier-i-substancje-slodzace","9":"first","10":"instock","11":"taxable","12":"shipping-taxable","13":"purchasable","14":"product-type-simple"},"yoast_head":"<!-- This site is optimized with the Yoast SEO plugin v27.3 - https:\/\/yoast.com\/product\/yoast-seo-wordpress\/ -->\n<title>Syrop KLONOWY Maple Joe Kanadyjski czysty w butelce 660g - Mix Market - Supermarket z wszystkim co potrzeba<\/title>\n<meta name=\"robots\" content=\"index, follow, max-snippet:-1, max-image-preview:large, max-video-preview:-1\" \/>\n<link rel=\"canonical\" href=\"https:\/\/racom.com.pl\/index.php\/produkt\/syrop-klonowy-maple-joe-kanadyjski-czysty-w-butelce-660g\/\" \/>\n<meta property=\"og:locale\" content=\"pl_PL\" \/>\n<meta property=\"og:type\" content=\"article\" \/>\n<meta property=\"og:title\" content=\"Syrop KLONOWY Maple Joe Kanadyjski czysty w butelce 660g - Mix Market - Supermarket z wszystkim co potrzeba\" \/>\n<meta property=\"og:description\" content=\"Syrop klonowy Maple Joe czysty w butelce 660g Dla mieszka\u0144c\u00f3w Quebeku, kanadyjskiej prowincji, syrop klonowy oznacza powr\u00f3t wiosny. Ka\u017cdego roku, wraz z pocz\u0105tkiem wiosennych roztop\u00f3w, na drzewach klonu nacina si\u0119 kor\u0119 i mocuje pojemniki, w kt\u00f3rych po 6-8 tygodniach gromadzi si\u0119 sok. Po sch\u0142odzeniu, staje si\u0119 s\u0142ynnym syropem klonowym. Po le\u015bnej degustacji, syrop klonowy trafia [&hellip;]\" \/>\n<meta property=\"og:url\" content=\"https:\/\/racom.com.pl\/index.php\/produkt\/syrop-klonowy-maple-joe-kanadyjski-czysty-w-butelce-660g\/\" \/>\n<meta property=\"og:site_name\" content=\"Mix Market - Supermarket z wszystkim co potrzeba\" \/>\n<meta property=\"og:image\" content=\"https:\/\/racom.com.pl\/wp-content\/uploads\/2025\/07\/allegro_687aab2b6f0fe0.94938010_048cde7b4bbfad0ed64a61087515.jpg\" \/>\n\t<meta property=\"og:image:width\" content=\"1228\" \/>\n\t<meta property=\"og:image:height\" content=\"2560\" \/>\n\t<meta property=\"og:image:type\" content=\"image\/jpeg\" \/>\n<meta name=\"twitter:card\" content=\"summary_large_image\" \/>\n<meta name=\"twitter:label1\" content=\"Szacowany czas czytania\" \/>\n\t<meta name=\"twitter:data1\" content=\"1 minuta\" \/>\n<script type=\"application\/ld+json\" class=\"yoast-schema-graph\">{\"@context\":\"https:\\\/\\\/schema.org\",\"@graph\":[{\"@type\":\"WebPage\",\"@id\":\"https:\\\/\\\/racom.com.pl\\\/index.php\\\/produkt\\\/syrop-klonowy-maple-joe-kanadyjski-czysty-w-butelce-660g\\\/\",\"url\":\"https:\\\/\\\/racom.com.pl\\\/index.php\\\/produkt\\\/syrop-klonowy-maple-joe-kanadyjski-czysty-w-butelce-660g\\\/\",\"name\":\"Syrop KLONOWY Maple Joe Kanadyjski czysty w butelce 660g - Mix Market - Supermarket z wszystkim co potrzeba\",\"isPartOf\":{\"@id\":\"https:\\\/\\\/racom.com.pl\\\/#website\"},\"primaryImageOfPage\":{\"@id\":\"https:\\\/\\\/racom.com.pl\\\/index.php\\\/produkt\\\/syrop-klonowy-maple-joe-kanadyjski-czysty-w-butelce-660g\\\/#primaryimage\"},\"image\":{\"@id\":\"https:\\\/\\\/racom.com.pl\\\/index.php\\\/produkt\\\/syrop-klonowy-maple-joe-kanadyjski-czysty-w-butelce-660g\\\/#primaryimage\"},\"thumbnailUrl\":\"https:\\\/\\\/racom.com.pl\\\/wp-content\\\/uploads\\\/2025\\\/07\\\/allegro_687aab2b6f0fe0.94938010_048cde7b4bbfad0ed64a61087515.jpg\",\"datePublished\":\"2025-07-18T20:13:47+00:00\",\"breadcrumb\":{\"@id\":\"https:\\\/\\\/racom.com.pl\\\/index.php\\\/produkt\\\/syrop-klonowy-maple-joe-kanadyjski-czysty-w-butelce-660g\\\/#breadcrumb\"},\"inLanguage\":\"pl-PL\",\"potentialAction\":[{\"@type\":\"ReadAction\",\"target\":[\"https:\\\/\\\/racom.com.pl\\\/index.php\\\/produkt\\\/syrop-klonowy-maple-joe-kanadyjski-czysty-w-butelce-660g\\\/\"]}]},{\"@type\":\"ImageObject\",\"inLanguage\":\"pl-PL\",\"@id\":\"https:\\\/\\\/racom.com.pl\\\/index.php\\\/produkt\\\/syrop-klonowy-maple-joe-kanadyjski-czysty-w-butelce-660g\\\/#primaryimage\",\"url\":\"https:\\\/\\\/racom.com.pl\\\/wp-content\\\/uploads\\\/2025\\\/07\\\/allegro_687aab2b6f0fe0.94938010_048cde7b4bbfad0ed64a61087515.jpg\",\"contentUrl\":\"https:\\\/\\\/racom.com.pl\\\/wp-content\\\/uploads\\\/2025\\\/07\\\/allegro_687aab2b6f0fe0.94938010_048cde7b4bbfad0ed64a61087515.jpg\",\"width\":1228,\"height\":2560},{\"@type\":\"BreadcrumbList\",\"@id\":\"https:\\\/\\\/racom.com.pl\\\/index.php\\\/produkt\\\/syrop-klonowy-maple-joe-kanadyjski-czysty-w-butelce-660g\\\/#breadcrumb\",\"itemListElement\":[{\"@type\":\"ListItem\",\"position\":1,\"name\":\"Strona g\u0142\u00f3wna\",\"item\":\"https:\\\/\\\/racom.com.pl\\\/\"},{\"@type\":\"ListItem\",\"position\":2,\"name\":\"Sklep\",\"item\":\"https:\\\/\\\/racom.com.pl\\\/\"},{\"@type\":\"ListItem\",\"position\":3,\"name\":\"Syrop KLONOWY Maple Joe Kanadyjski czysty w butelce 660g\"}]},{\"@type\":\"WebSite\",\"@id\":\"https:\\\/\\\/racom.com.pl\\\/#website\",\"url\":\"https:\\\/\\\/racom.com.pl\\\/\",\"name\":\"Mix Market - Supermarket z wszystkim co potrzeba do domu i nie tylko\",\"description\":\"\",\"publisher\":{\"@id\":\"https:\\\/\\\/racom.com.pl\\\/#organization\"},\"potentialAction\":[{\"@type\":\"SearchAction\",\"target\":{\"@type\":\"EntryPoint\",\"urlTemplate\":\"https:\\\/\\\/racom.com.pl\\\/?s={search_term_string}\"},\"query-input\":{\"@type\":\"PropertyValueSpecification\",\"valueRequired\":true,\"valueName\":\"search_term_string\"}}],\"inLanguage\":\"pl-PL\"},{\"@type\":\"Organization\",\"@id\":\"https:\\\/\\\/racom.com.pl\\\/#organization\",\"name\":\"Mix Market - Supermarket z wszystkim co potrzeba do domu i nie tylko\",\"url\":\"https:\\\/\\\/racom.com.pl\\\/\",\"logo\":{\"@type\":\"ImageObject\",\"inLanguage\":\"pl-PL\",\"@id\":\"https:\\\/\\\/racom.com.pl\\\/#\\\/schema\\\/logo\\\/image\\\/\",\"url\":\"https:\\\/\\\/racom.com.pl\\\/wp-content\\\/uploads\\\/2025\\\/07\\\/mixmarket_logo.png\",\"contentUrl\":\"https:\\\/\\\/racom.com.pl\\\/wp-content\\\/uploads\\\/2025\\\/07\\\/mixmarket_logo.png\",\"width\":1024,\"height\":1024,\"caption\":\"Mix Market - Supermarket z wszystkim co potrzeba do domu i nie tylko\"},\"image\":{\"@id\":\"https:\\\/\\\/racom.com.pl\\\/#\\\/schema\\\/logo\\\/image\\\/\"}}]}<\/script>\n<!-- \/ Yoast SEO plugin. -->","yoast_head_json":{"title":"Syrop KLONOWY Maple Joe Kanadyjski czysty w butelce 660g - Mix Market - Supermarket z wszystkim co potrzeba","robots":{"index":"index","follow":"follow","max-snippet":"max-snippet:-1","max-image-preview":"max-image-preview:large","max-video-preview":"max-video-preview:-1"},"canonical":"https:\/\/racom.com.pl\/index.php\/produkt\/syrop-klonowy-maple-joe-kanadyjski-czysty-w-butelce-660g\/","og_locale":"pl_PL","og_type":"article","og_title":"Syrop KLONOWY Maple Joe Kanadyjski czysty w butelce 660g - Mix Market - Supermarket z wszystkim co potrzeba","og_description":"Syrop klonowy Maple Joe czysty w butelce 660g Dla mieszka\u0144c\u00f3w Quebeku, kanadyjskiej prowincji, syrop klonowy oznacza powr\u00f3t wiosny. Ka\u017cdego roku, wraz z pocz\u0105tkiem wiosennych roztop\u00f3w, na drzewach klonu nacina si\u0119 kor\u0119 i mocuje pojemniki, w kt\u00f3rych po 6-8 tygodniach gromadzi si\u0119 sok. Po sch\u0142odzeniu, staje si\u0119 s\u0142ynnym syropem klonowym. Po le\u015bnej degustacji, syrop klonowy trafia [&hellip;]","og_url":"https:\/\/racom.com.pl\/index.php\/produkt\/syrop-klonowy-maple-joe-kanadyjski-czysty-w-butelce-660g\/","og_site_name":"Mix Market - Supermarket z wszystkim co potrzeba","og_image":[{"width":1228,"height":2560,"url":"https:\/\/racom.com.pl\/wp-content\/uploads\/2025\/07\/allegro_687aab2b6f0fe0.94938010_048cde7b4bbfad0ed64a61087515.jpg","type":"image\/jpeg"}],"twitter_card":"summary_large_image","twitter_misc":{"Szacowany czas czytania":"1 minuta"},"schema":{"@context":"https:\/\/schema.org","@graph":[{"@type":"WebPage","@id":"https:\/\/racom.com.pl\/index.php\/produkt\/syrop-klonowy-maple-joe-kanadyjski-czysty-w-butelce-660g\/","url":"https:\/\/racom.com.pl\/index.php\/produkt\/syrop-klonowy-maple-joe-kanadyjski-czysty-w-butelce-660g\/","name":"Syrop KLONOWY Maple Joe Kanadyjski czysty w butelce 660g - Mix Market - Supermarket z wszystkim co potrzeba","isPartOf":{"@id":"https:\/\/racom.com.pl\/#website"},"primaryImageOfPage":{"@id":"https:\/\/racom.com.pl\/index.php\/produkt\/syrop-klonowy-maple-joe-kanadyjski-czysty-w-butelce-660g\/#primaryimage"},"image":{"@id":"https:\/\/racom.com.pl\/index.php\/produkt\/syrop-klonowy-maple-joe-kanadyjski-czysty-w-butelce-660g\/#primaryimage"},"thumbnailUrl":"https:\/\/racom.com.pl\/wp-content\/uploads\/2025\/07\/allegro_687aab2b6f0fe0.94938010_048cde7b4bbfad0ed64a61087515.jpg","datePublished":"2025-07-18T20:13:47+00:00","breadcrumb":{"@id":"https:\/\/racom.com.pl\/index.php\/produkt\/syrop-klonowy-maple-joe-kanadyjski-czysty-w-butelce-660g\/#breadcrumb"},"inLanguage":"pl-PL","potentialAction":[{"@type":"ReadAction","target":["https:\/\/racom.com.pl\/index.php\/produkt\/syrop-klonowy-maple-joe-kanadyjski-czysty-w-butelce-660g\/"]}]},{"@type":"ImageObject","inLanguage":"pl-PL","@id":"https:\/\/racom.com.pl\/index.php\/produkt\/syrop-klonowy-maple-joe-kanadyjski-czysty-w-butelce-660g\/#primaryimage","url":"https:\/\/racom.com.pl\/wp-content\/uploads\/2025\/07\/allegro_687aab2b6f0fe0.94938010_048cde7b4bbfad0ed64a61087515.jpg","contentUrl":"https:\/\/racom.com.pl\/wp-content\/uploads\/2025\/07\/allegro_687aab2b6f0fe0.94938010_048cde7b4bbfad0ed64a61087515.jpg","width":1228,"height":2560},{"@type":"BreadcrumbList","@id":"https:\/\/racom.com.pl\/index.php\/produkt\/syrop-klonowy-maple-joe-kanadyjski-czysty-w-butelce-660g\/#breadcrumb","itemListElement":[{"@type":"ListItem","position":1,"name":"Strona g\u0142\u00f3wna","item":"https:\/\/racom.com.pl\/"},{"@type":"ListItem","position":2,"name":"Sklep","item":"https:\/\/racom.com.pl\/"},{"@type":"ListItem","position":3,"name":"Syrop KLONOWY Maple Joe Kanadyjski czysty w butelce 660g"}]},{"@type":"WebSite","@id":"https:\/\/racom.com.pl\/#website","url":"https:\/\/racom.com.pl\/","name":"Mix Market - Supermarket z wszystkim co potrzeba do domu i nie tylko","description":"","publisher":{"@id":"https:\/\/racom.com.pl\/#organization"},"potentialAction":[{"@type":"SearchAction","target":{"@type":"EntryPoint","urlTemplate":"https:\/\/racom.com.pl\/?s={search_term_string}"},"query-input":{"@type":"PropertyValueSpecification","valueRequired":true,"valueName":"search_term_string"}}],"inLanguage":"pl-PL"},{"@type":"Organization","@id":"https:\/\/racom.com.pl\/#organization","name":"Mix Market - Supermarket z wszystkim co potrzeba do domu i nie tylko","url":"https:\/\/racom.com.pl\/","logo":{"@type":"ImageObject","inLanguage":"pl-PL","@id":"https:\/\/racom.com.pl\/#\/schema\/logo\/image\/","url":"https:\/\/racom.com.pl\/wp-content\/uploads\/2025\/07\/mixmarket_logo.png","contentUrl":"https:\/\/racom.com.pl\/wp-content\/uploads\/2025\/07\/mixmarket_logo.png","width":1024,"height":1024,"caption":"Mix Market - Supermarket z wszystkim co potrzeba do domu i nie tylko"},"image":{"@id":"https:\/\/racom.com.pl\/#\/schema\/logo\/image\/"}}]}},"_links":{"self":[{"href":"https:\/\/racom.com.pl\/index.php\/wp-json\/wp\/v2\/product\/2179","targetHints":{"allow":["GET"]}}],"collection":[{"href":"https:\/\/racom.com.pl\/index.php\/wp-json\/wp\/v2\/product"}],"about":[{"href":"https:\/\/racom.com.pl\/index.php\/wp-json\/wp\/v2\/types\/product"}],"replies":[{"embeddable":true,"href":"https:\/\/racom.com.pl\/index.php\/wp-json\/wp\/v2\/comments?post=2179"}],"wp:featuredmedia":[{"embeddable":true,"href":"https:\/\/racom.com.pl\/index.php\/wp-json\/wp\/v2\/media\/2182"}],"wp:attachment":[{"href":"https:\/\/racom.com.pl\/index.php\/wp-json\/wp\/v2\/media?parent=2179"}],"wp:term":[{"taxonomy":"product_brand","embeddable":true,"href":"https:\/\/racom.com.pl\/index.php\/wp-json\/wp\/v2\/product_brand?post=2179"},{"taxonomy":"product_cat","embeddable":true,"href":"https:\/\/racom.com.pl\/index.php\/wp-json\/wp\/v2\/product_cat?post=2179"},{"taxonomy":"product_tag","embeddable":true,"href":"https:\/\/racom.com.pl\/index.php\/wp-json\/wp\/v2\/product_tag?post=2179"}],"curies":[{"name":"wp","href":"https:\/\/api.w.org\/{rel}","templated":true}]}}