{"id":2183,"date":"2025-07-18T22:14:49","date_gmt":"2025-07-18T20:14:49","guid":{"rendered":"http:\/\/192.168.2.106\/index.php\/produkt\/tabasco-red-original-pepper-sauce-ostry-sos-butelka-150ml\/"},"modified":"2025-07-18T22:14:49","modified_gmt":"2025-07-18T20:14:49","slug":"tabasco-red-original-pepper-sauce-ostry-sos-butelka-150ml","status":"publish","type":"product","link":"https:\/\/racom.com.pl\/index.php\/produkt\/tabasco-red-original-pepper-sauce-ostry-sos-butelka-150ml\/","title":{"rendered":"TABASCO Red Original Pepper Sauce OSTRY SoS BUTELKA 150ml"},"content":{"rendered":"<h2>TABASCO Original Pepper Sauce 150 ml<\/h2>\n<p>Ostry sos, kt\u00f3ry wprowadzi do Twojej kuchni nutk\u0119 pikanterii.<\/p>\n<p>Oryginalny produkt &#8211; oryginalny smak.<\/p>\n<p>Tabasco cieszy si\u0119 wieloletnim do\u015bwiadczeniem i renom\u0105 w bran\u017cy. Od 1868 roku produkuj\u0105 autentyczne sosy Tabasco, kt\u00f3re niezmiennie dostarczaj\u0105 po\u0142udniow\u0105 energi\u0119 i jako\u015b\u0107 w ka\u017cdej butelce. Ich sta\u0142e nastawienie na jako\u015b\u0107 surowc\u00f3w, precyzyjne procesy produkcyjne oraz wierno\u015b\u0107 tradycji przyczyniaj\u0105 si\u0119 do tego, \u017ce produkty Tabasco wyr\u00f3\u017cniaj\u0105 si\u0119 na tle innych.<\/p>\n<p>Producent Tabasco to prawdziwa instytucja w \u015bwiecie pikantnych sos\u00f3w. Jako pierwsi wprowadzili na rynek technik\u0119 destylacji m\u0142odych papryczek w beczkach d\u0119bowych &#8211; technika, kt\u00f3ra do dzisiaj stanowi podstaw\u0119 produkcji sos\u00f3w Tabasco. Wyj\u0105tkowa tekstura i d\u0142ugotrwa\u0142y smak sos\u00f3w wynikaj\u0105 z tej wyj\u0105tkowej procedury.<\/p>\n<p><b>Warto\u015bci od\u017cywcze:<\/b><\/p>\n<p>W 100g produktu:<\/p>\n<ul>\n<li>Energia: 67 kJ \/ 16 kcal<\/li>\n<li>T\u0142uszcz: 0,7 g<\/li>\n<li>w tym kwasy nasycone: 0,2 g<\/li>\n<li>W\u0119glowodany: 1,6 g<\/li>\n<li>w tym cukry:<\/li>\n<li>Bia\u0142ko: 1 g<\/li>\n<li>S\u00f3l: 1,8 g<\/li>\n<\/ul>\n<p><b>Sk\u0142adniki:<\/b><\/p>\n<p>ocet, czerwona ostra papryka (19%), s\u00f3l<\/p>\n<p><b>Przechowywanie:<\/b><\/p>\n<p>Przechowywa\u0107 w suchym i ch\u0142odnym miejscu. Przed u\u017cyciem wstrz\u0105sn\u0105\u0107.<\/p>\n","protected":false},"excerpt":{"rendered":"<p>TABASCO Original Pepper Sauce 150 ml Ostry sos, kt\u00f3ry wprowadzi do Twojej kuchni nutk\u0119 pikanterii. Oryginalny produkt &#8211; oryginalny smak. Tabasco cieszy si\u0119 wieloletnim do\u015bwiadczeniem i renom\u0105 w bran\u017cy. Od 1868 roku produkuj\u0105 autentyczne sosy Tabasco, kt\u00f3re niezmiennie dostarczaj\u0105 po\u0142udniow\u0105 energi\u0119 i jako\u015b\u0107 w ka\u017cdej butelce. Ich sta\u0142e nastawienie na jako\u015b\u0107 surowc\u00f3w, precyzyjne procesy produkcyjne [&hellip;]<\/p>\n","protected":false},"featured_media":2186,"comment_status":"open","ping_status":"closed","template":"","meta":[],"product_brand":[111],"product_cat":[109],"product_tag":[],"class_list":{"0":"post-2183","1":"product","2":"type-product","3":"status-publish","4":"has-post-thumbnail","6":"product_brand-tabasco","7":"product_cat-sosy-kanapkowe-i-dressingi","9":"first","10":"instock","11":"taxable","12":"shipping-taxable","13":"purchasable","14":"product-type-simple"},"yoast_head":"<!-- This site is optimized with the Yoast SEO plugin v27.3 - https:\/\/yoast.com\/product\/yoast-seo-wordpress\/ -->\n<title>TABASCO Red Original Pepper Sauce OSTRY SoS BUTELKA 150ml - Mix Market - Supermarket z wszystkim co potrzeba<\/title>\n<meta name=\"robots\" content=\"index, follow, max-snippet:-1, max-image-preview:large, max-video-preview:-1\" \/>\n<link rel=\"canonical\" href=\"https:\/\/racom.com.pl\/index.php\/produkt\/tabasco-red-original-pepper-sauce-ostry-sos-butelka-150ml\/\" \/>\n<meta property=\"og:locale\" content=\"pl_PL\" \/>\n<meta property=\"og:type\" content=\"article\" \/>\n<meta property=\"og:title\" content=\"TABASCO Red Original Pepper Sauce OSTRY SoS BUTELKA 150ml - Mix Market - Supermarket z wszystkim co potrzeba\" \/>\n<meta property=\"og:description\" content=\"TABASCO Original Pepper Sauce 150 ml Ostry sos, kt\u00f3ry wprowadzi do Twojej kuchni nutk\u0119 pikanterii. Oryginalny produkt &#8211; oryginalny smak. Tabasco cieszy si\u0119 wieloletnim do\u015bwiadczeniem i renom\u0105 w bran\u017cy. Od 1868 roku produkuj\u0105 autentyczne sosy Tabasco, kt\u00f3re niezmiennie dostarczaj\u0105 po\u0142udniow\u0105 energi\u0119 i jako\u015b\u0107 w ka\u017cdej butelce. Ich sta\u0142e nastawienie na jako\u015b\u0107 surowc\u00f3w, precyzyjne procesy produkcyjne [&hellip;]\" \/>\n<meta property=\"og:url\" content=\"https:\/\/racom.com.pl\/index.php\/produkt\/tabasco-red-original-pepper-sauce-ostry-sos-butelka-150ml\/\" \/>\n<meta property=\"og:site_name\" content=\"Mix Market - Supermarket z wszystkim co potrzeba\" \/>\n<meta property=\"og:image\" content=\"https:\/\/racom.com.pl\/wp-content\/uploads\/2025\/07\/allegro_687aab806750b6.44037385_f59b2fc64d7eb7fee33c465c1c55.jpg\" \/>\n\t<meta property=\"og:image:width\" content=\"1155\" \/>\n\t<meta property=\"og:image:height\" content=\"2560\" \/>\n\t<meta property=\"og:image:type\" content=\"image\/jpeg\" \/>\n<meta name=\"twitter:card\" content=\"summary_large_image\" \/>\n<meta name=\"twitter:label1\" content=\"Szacowany czas czytania\" \/>\n\t<meta name=\"twitter:data1\" content=\"1 minuta\" \/>\n<script type=\"application\/ld+json\" class=\"yoast-schema-graph\">{\"@context\":\"https:\\\/\\\/schema.org\",\"@graph\":[{\"@type\":\"WebPage\",\"@id\":\"https:\\\/\\\/racom.com.pl\\\/index.php\\\/produkt\\\/tabasco-red-original-pepper-sauce-ostry-sos-butelka-150ml\\\/\",\"url\":\"https:\\\/\\\/racom.com.pl\\\/index.php\\\/produkt\\\/tabasco-red-original-pepper-sauce-ostry-sos-butelka-150ml\\\/\",\"name\":\"TABASCO Red Original Pepper Sauce OSTRY SoS BUTELKA 150ml - Mix Market - Supermarket z wszystkim co potrzeba\",\"isPartOf\":{\"@id\":\"https:\\\/\\\/racom.com.pl\\\/#website\"},\"primaryImageOfPage\":{\"@id\":\"https:\\\/\\\/racom.com.pl\\\/index.php\\\/produkt\\\/tabasco-red-original-pepper-sauce-ostry-sos-butelka-150ml\\\/#primaryimage\"},\"image\":{\"@id\":\"https:\\\/\\\/racom.com.pl\\\/index.php\\\/produkt\\\/tabasco-red-original-pepper-sauce-ostry-sos-butelka-150ml\\\/#primaryimage\"},\"thumbnailUrl\":\"https:\\\/\\\/racom.com.pl\\\/wp-content\\\/uploads\\\/2025\\\/07\\\/allegro_687aab806750b6.44037385_f59b2fc64d7eb7fee33c465c1c55.jpg\",\"datePublished\":\"2025-07-18T20:14:49+00:00\",\"breadcrumb\":{\"@id\":\"https:\\\/\\\/racom.com.pl\\\/index.php\\\/produkt\\\/tabasco-red-original-pepper-sauce-ostry-sos-butelka-150ml\\\/#breadcrumb\"},\"inLanguage\":\"pl-PL\",\"potentialAction\":[{\"@type\":\"ReadAction\",\"target\":[\"https:\\\/\\\/racom.com.pl\\\/index.php\\\/produkt\\\/tabasco-red-original-pepper-sauce-ostry-sos-butelka-150ml\\\/\"]}]},{\"@type\":\"ImageObject\",\"inLanguage\":\"pl-PL\",\"@id\":\"https:\\\/\\\/racom.com.pl\\\/index.php\\\/produkt\\\/tabasco-red-original-pepper-sauce-ostry-sos-butelka-150ml\\\/#primaryimage\",\"url\":\"https:\\\/\\\/racom.com.pl\\\/wp-content\\\/uploads\\\/2025\\\/07\\\/allegro_687aab806750b6.44037385_f59b2fc64d7eb7fee33c465c1c55.jpg\",\"contentUrl\":\"https:\\\/\\\/racom.com.pl\\\/wp-content\\\/uploads\\\/2025\\\/07\\\/allegro_687aab806750b6.44037385_f59b2fc64d7eb7fee33c465c1c55.jpg\",\"width\":1155,\"height\":2560},{\"@type\":\"BreadcrumbList\",\"@id\":\"https:\\\/\\\/racom.com.pl\\\/index.php\\\/produkt\\\/tabasco-red-original-pepper-sauce-ostry-sos-butelka-150ml\\\/#breadcrumb\",\"itemListElement\":[{\"@type\":\"ListItem\",\"position\":1,\"name\":\"Strona g\u0142\u00f3wna\",\"item\":\"https:\\\/\\\/racom.com.pl\\\/\"},{\"@type\":\"ListItem\",\"position\":2,\"name\":\"Sklep\",\"item\":\"https:\\\/\\\/racom.com.pl\\\/\"},{\"@type\":\"ListItem\",\"position\":3,\"name\":\"TABASCO Red Original Pepper Sauce OSTRY SoS BUTELKA 150ml\"}]},{\"@type\":\"WebSite\",\"@id\":\"https:\\\/\\\/racom.com.pl\\\/#website\",\"url\":\"https:\\\/\\\/racom.com.pl\\\/\",\"name\":\"Mix Market - Supermarket z wszystkim co potrzeba do domu i nie tylko\",\"description\":\"\",\"publisher\":{\"@id\":\"https:\\\/\\\/racom.com.pl\\\/#organization\"},\"potentialAction\":[{\"@type\":\"SearchAction\",\"target\":{\"@type\":\"EntryPoint\",\"urlTemplate\":\"https:\\\/\\\/racom.com.pl\\\/?s={search_term_string}\"},\"query-input\":{\"@type\":\"PropertyValueSpecification\",\"valueRequired\":true,\"valueName\":\"search_term_string\"}}],\"inLanguage\":\"pl-PL\"},{\"@type\":\"Organization\",\"@id\":\"https:\\\/\\\/racom.com.pl\\\/#organization\",\"name\":\"Mix Market - Supermarket z wszystkim co potrzeba do domu i nie tylko\",\"url\":\"https:\\\/\\\/racom.com.pl\\\/\",\"logo\":{\"@type\":\"ImageObject\",\"inLanguage\":\"pl-PL\",\"@id\":\"https:\\\/\\\/racom.com.pl\\\/#\\\/schema\\\/logo\\\/image\\\/\",\"url\":\"https:\\\/\\\/racom.com.pl\\\/wp-content\\\/uploads\\\/2025\\\/07\\\/mixmarket_logo.png\",\"contentUrl\":\"https:\\\/\\\/racom.com.pl\\\/wp-content\\\/uploads\\\/2025\\\/07\\\/mixmarket_logo.png\",\"width\":1024,\"height\":1024,\"caption\":\"Mix Market - Supermarket z wszystkim co potrzeba do domu i nie tylko\"},\"image\":{\"@id\":\"https:\\\/\\\/racom.com.pl\\\/#\\\/schema\\\/logo\\\/image\\\/\"}}]}<\/script>\n<!-- \/ Yoast SEO plugin. -->","yoast_head_json":{"title":"TABASCO Red Original Pepper Sauce OSTRY SoS BUTELKA 150ml - Mix Market - Supermarket z wszystkim co potrzeba","robots":{"index":"index","follow":"follow","max-snippet":"max-snippet:-1","max-image-preview":"max-image-preview:large","max-video-preview":"max-video-preview:-1"},"canonical":"https:\/\/racom.com.pl\/index.php\/produkt\/tabasco-red-original-pepper-sauce-ostry-sos-butelka-150ml\/","og_locale":"pl_PL","og_type":"article","og_title":"TABASCO Red Original Pepper Sauce OSTRY SoS BUTELKA 150ml - Mix Market - Supermarket z wszystkim co potrzeba","og_description":"TABASCO Original Pepper Sauce 150 ml Ostry sos, kt\u00f3ry wprowadzi do Twojej kuchni nutk\u0119 pikanterii. Oryginalny produkt &#8211; oryginalny smak. Tabasco cieszy si\u0119 wieloletnim do\u015bwiadczeniem i renom\u0105 w bran\u017cy. Od 1868 roku produkuj\u0105 autentyczne sosy Tabasco, kt\u00f3re niezmiennie dostarczaj\u0105 po\u0142udniow\u0105 energi\u0119 i jako\u015b\u0107 w ka\u017cdej butelce. Ich sta\u0142e nastawienie na jako\u015b\u0107 surowc\u00f3w, precyzyjne procesy produkcyjne [&hellip;]","og_url":"https:\/\/racom.com.pl\/index.php\/produkt\/tabasco-red-original-pepper-sauce-ostry-sos-butelka-150ml\/","og_site_name":"Mix Market - Supermarket z wszystkim co potrzeba","og_image":[{"width":1155,"height":2560,"url":"https:\/\/racom.com.pl\/wp-content\/uploads\/2025\/07\/allegro_687aab806750b6.44037385_f59b2fc64d7eb7fee33c465c1c55.jpg","type":"image\/jpeg"}],"twitter_card":"summary_large_image","twitter_misc":{"Szacowany czas czytania":"1 minuta"},"schema":{"@context":"https:\/\/schema.org","@graph":[{"@type":"WebPage","@id":"https:\/\/racom.com.pl\/index.php\/produkt\/tabasco-red-original-pepper-sauce-ostry-sos-butelka-150ml\/","url":"https:\/\/racom.com.pl\/index.php\/produkt\/tabasco-red-original-pepper-sauce-ostry-sos-butelka-150ml\/","name":"TABASCO Red Original Pepper Sauce OSTRY SoS BUTELKA 150ml - Mix Market - Supermarket z wszystkim co potrzeba","isPartOf":{"@id":"https:\/\/racom.com.pl\/#website"},"primaryImageOfPage":{"@id":"https:\/\/racom.com.pl\/index.php\/produkt\/tabasco-red-original-pepper-sauce-ostry-sos-butelka-150ml\/#primaryimage"},"image":{"@id":"https:\/\/racom.com.pl\/index.php\/produkt\/tabasco-red-original-pepper-sauce-ostry-sos-butelka-150ml\/#primaryimage"},"thumbnailUrl":"https:\/\/racom.com.pl\/wp-content\/uploads\/2025\/07\/allegro_687aab806750b6.44037385_f59b2fc64d7eb7fee33c465c1c55.jpg","datePublished":"2025-07-18T20:14:49+00:00","breadcrumb":{"@id":"https:\/\/racom.com.pl\/index.php\/produkt\/tabasco-red-original-pepper-sauce-ostry-sos-butelka-150ml\/#breadcrumb"},"inLanguage":"pl-PL","potentialAction":[{"@type":"ReadAction","target":["https:\/\/racom.com.pl\/index.php\/produkt\/tabasco-red-original-pepper-sauce-ostry-sos-butelka-150ml\/"]}]},{"@type":"ImageObject","inLanguage":"pl-PL","@id":"https:\/\/racom.com.pl\/index.php\/produkt\/tabasco-red-original-pepper-sauce-ostry-sos-butelka-150ml\/#primaryimage","url":"https:\/\/racom.com.pl\/wp-content\/uploads\/2025\/07\/allegro_687aab806750b6.44037385_f59b2fc64d7eb7fee33c465c1c55.jpg","contentUrl":"https:\/\/racom.com.pl\/wp-content\/uploads\/2025\/07\/allegro_687aab806750b6.44037385_f59b2fc64d7eb7fee33c465c1c55.jpg","width":1155,"height":2560},{"@type":"BreadcrumbList","@id":"https:\/\/racom.com.pl\/index.php\/produkt\/tabasco-red-original-pepper-sauce-ostry-sos-butelka-150ml\/#breadcrumb","itemListElement":[{"@type":"ListItem","position":1,"name":"Strona g\u0142\u00f3wna","item":"https:\/\/racom.com.pl\/"},{"@type":"ListItem","position":2,"name":"Sklep","item":"https:\/\/racom.com.pl\/"},{"@type":"ListItem","position":3,"name":"TABASCO Red Original Pepper Sauce OSTRY SoS BUTELKA 150ml"}]},{"@type":"WebSite","@id":"https:\/\/racom.com.pl\/#website","url":"https:\/\/racom.com.pl\/","name":"Mix Market - Supermarket z wszystkim co potrzeba do domu i nie tylko","description":"","publisher":{"@id":"https:\/\/racom.com.pl\/#organization"},"potentialAction":[{"@type":"SearchAction","target":{"@type":"EntryPoint","urlTemplate":"https:\/\/racom.com.pl\/?s={search_term_string}"},"query-input":{"@type":"PropertyValueSpecification","valueRequired":true,"valueName":"search_term_string"}}],"inLanguage":"pl-PL"},{"@type":"Organization","@id":"https:\/\/racom.com.pl\/#organization","name":"Mix Market - Supermarket z wszystkim co potrzeba do domu i nie tylko","url":"https:\/\/racom.com.pl\/","logo":{"@type":"ImageObject","inLanguage":"pl-PL","@id":"https:\/\/racom.com.pl\/#\/schema\/logo\/image\/","url":"https:\/\/racom.com.pl\/wp-content\/uploads\/2025\/07\/mixmarket_logo.png","contentUrl":"https:\/\/racom.com.pl\/wp-content\/uploads\/2025\/07\/mixmarket_logo.png","width":1024,"height":1024,"caption":"Mix Market - Supermarket z wszystkim co potrzeba do domu i nie tylko"},"image":{"@id":"https:\/\/racom.com.pl\/#\/schema\/logo\/image\/"}}]}},"_links":{"self":[{"href":"https:\/\/racom.com.pl\/index.php\/wp-json\/wp\/v2\/product\/2183","targetHints":{"allow":["GET"]}}],"collection":[{"href":"https:\/\/racom.com.pl\/index.php\/wp-json\/wp\/v2\/product"}],"about":[{"href":"https:\/\/racom.com.pl\/index.php\/wp-json\/wp\/v2\/types\/product"}],"replies":[{"embeddable":true,"href":"https:\/\/racom.com.pl\/index.php\/wp-json\/wp\/v2\/comments?post=2183"}],"wp:featuredmedia":[{"embeddable":true,"href":"https:\/\/racom.com.pl\/index.php\/wp-json\/wp\/v2\/media\/2186"}],"wp:attachment":[{"href":"https:\/\/racom.com.pl\/index.php\/wp-json\/wp\/v2\/media?parent=2183"}],"wp:term":[{"taxonomy":"product_brand","embeddable":true,"href":"https:\/\/racom.com.pl\/index.php\/wp-json\/wp\/v2\/product_brand?post=2183"},{"taxonomy":"product_cat","embeddable":true,"href":"https:\/\/racom.com.pl\/index.php\/wp-json\/wp\/v2\/product_cat?post=2183"},{"taxonomy":"product_tag","embeddable":true,"href":"https:\/\/racom.com.pl\/index.php\/wp-json\/wp\/v2\/product_tag?post=2183"}],"curies":[{"name":"wp","href":"https:\/\/api.w.org\/{rel}","templated":true}]}}