{"id":2189,"date":"2025-07-18T22:17:24","date_gmt":"2025-07-18T20:17:24","guid":{"rendered":"http:\/\/192.168.2.106\/index.php\/produkt\/sos-sriracha-fanex-paprykowy-bardzo-ostry-duza-butelka-1kg\/"},"modified":"2025-07-18T22:17:24","modified_gmt":"2025-07-18T20:17:24","slug":"sos-sriracha-fanex-paprykowy-bardzo-ostry-duza-butelka-1kg","status":"publish","type":"product","link":"https:\/\/racom.com.pl\/index.php\/produkt\/sos-sriracha-fanex-paprykowy-bardzo-ostry-duza-butelka-1kg\/","title":{"rendered":"Sos Sriracha FANEX Paprykowy BARDZO OSTRY du\u017ca butelka 1kg"},"content":{"rendered":"<h2>Sos Paprykowy Sriracha 1000g Fanex<\/h2>\n<p><b>Sos paprykowy Fanex&nbsp;<\/b>z dodatkiem Srirachy (tajskiego sosu z ostrych papryczek chili) to idealny wyb\u00f3r dla fan\u00f3w smak\u00f3w z piek\u0142a rodem. Sos jest naprawd\u0119 ostry i pasuje do wszystkich wyrazistych potraw: mi\u0119s pieczonych oraz z grilla, indyjskiego curry, orientalnych makaron\u00f3w oraz do sma\u017conego ry\u017cu. Nic nie stoi na przeszkodzie, aby z jego udzia\u0142em doda\u0107 pikanterii r\u00f3wnie\u017c kanapkom i sa\u0142atkom.<\/p>\n<p><b>Sos paprykowy Sriracha&nbsp;<\/b>ma wyj\u0105tkow\u0105 konsystencj\u0119 \u2013 delikatn\u0105, kremow\u0105, w kt\u00f3rej zatopione s\u0105 chrupi\u0105ce kawa\u0142ki \u015bwie\u017cej papryki. Degustowanie go razem z potraw\u0105 czy przek\u0105sk\u0105 to prawdziwie przyjemne do\u015bwiadczenie, kt\u00f3rego nie ma si\u0119 dosy\u0107.&nbsp;<b>Sos paprykowy Fanex&nbsp;<\/b>z dodatkiem Sriracha jest teraz dost\u0119pny w du\u017cej pojemno\u015bci \u2013 mo\u017cesz mie\u0107 pewno\u015b\u0107, \u017ce nie zabraknie go w najmniej spodziewanym momencie!<\/p>\n<h2>SK\u0141AD SUROWCOWY<\/h2>\n<p>Woda, koncentrat pomidorowy, cukier, sos chili Sriracha 6,5% (chili 61%, cukier, czosnek, s\u00f3l woda, regulator kwasowo\u015bci, kwas octowy (E260), kwas cytrynowy (E330), wzmacniacz smaku: glutaminian sodu (E621), substancja zag\u0119szczaj\u0105ca: guma ksantanowa (E415), substancja konserwuj\u0105ca: sorbinian potasu (E202)), skrobia modyfikowana, ocet spirytusowy, s\u00f3l, granulaty warzyw (w tym papryka granulowana 1,7%, cebula granulowana 0,25%), czosnek mielony, substancje zag\u0119szczaj\u0105ce (guma guar, guma ksantanowa), koncentrat soku z cytryny, ekstrakt czosnku, substancje konserwuj\u0105ce (sorbinian potasu, benzoesan sodu).<\/p>\n<h2>WARTO\u015a\u0106 OD\u017bYWCZA W 100 G<\/h2>\n<ul>\n<li><b>Warto\u015b\u0107 energetyczna:<\/b> 327 kJ | 77 kcal<\/li>\n<li><b>T\u0142uszcze:<\/b> &lt; 0,5 g<\/li>\n<li><b>w tym Kwasy t\u0142uszczowe nasycone:<\/b> &lt; 0,1 g<\/li>\n<li><b>W\u0119glowodany:<\/b> 17 g<\/li>\n<li><b>w tym Cukry:<\/b> 11 g<\/li>\n<li><b>Bia\u0142ko:<\/b> 1,3 g<\/li>\n<li><b>S\u00f3l:<\/b> 2,2 g<\/li>\n<\/ul>\n","protected":false},"excerpt":{"rendered":"<p>Sos Paprykowy Sriracha 1000g Fanex Sos paprykowy Fanex&nbsp;z dodatkiem Srirachy (tajskiego sosu z ostrych papryczek chili) to idealny wyb\u00f3r dla fan\u00f3w smak\u00f3w z piek\u0142a rodem. Sos jest naprawd\u0119 ostry i pasuje do wszystkich wyrazistych potraw: mi\u0119s pieczonych oraz z grilla, indyjskiego curry, orientalnych makaron\u00f3w oraz do sma\u017conego ry\u017cu. Nic nie stoi na przeszkodzie, aby z [&hellip;]<\/p>\n","protected":false},"featured_media":2193,"comment_status":"open","ping_status":"closed","template":"","meta":[],"product_brand":[110],"product_cat":[109],"product_tag":[],"class_list":{"0":"post-2189","1":"product","2":"type-product","3":"status-publish","4":"has-post-thumbnail","6":"product_brand-fanex","7":"product_cat-sosy-kanapkowe-i-dressingi","9":"first","10":"instock","11":"taxable","12":"shipping-taxable","13":"purchasable","14":"product-type-simple"},"yoast_head":"<!-- This site is optimized with the Yoast SEO plugin v27.3 - https:\/\/yoast.com\/product\/yoast-seo-wordpress\/ -->\n<title>Sos Sriracha FANEX Paprykowy BARDZO OSTRY du\u017ca butelka 1kg - Mix Market - Supermarket z wszystkim co potrzeba<\/title>\n<meta name=\"robots\" content=\"index, follow, max-snippet:-1, max-image-preview:large, max-video-preview:-1\" \/>\n<link rel=\"canonical\" href=\"https:\/\/racom.com.pl\/index.php\/produkt\/sos-sriracha-fanex-paprykowy-bardzo-ostry-duza-butelka-1kg\/\" \/>\n<meta property=\"og:locale\" content=\"pl_PL\" \/>\n<meta property=\"og:type\" content=\"article\" \/>\n<meta property=\"og:title\" content=\"Sos Sriracha FANEX Paprykowy BARDZO OSTRY du\u017ca butelka 1kg - Mix Market - Supermarket z wszystkim co potrzeba\" \/>\n<meta property=\"og:description\" content=\"Sos Paprykowy Sriracha 1000g Fanex Sos paprykowy Fanex&nbsp;z dodatkiem Srirachy (tajskiego sosu z ostrych papryczek chili) to idealny wyb\u00f3r dla fan\u00f3w smak\u00f3w z piek\u0142a rodem. Sos jest naprawd\u0119 ostry i pasuje do wszystkich wyrazistych potraw: mi\u0119s pieczonych oraz z grilla, indyjskiego curry, orientalnych makaron\u00f3w oraz do sma\u017conego ry\u017cu. Nic nie stoi na przeszkodzie, aby z [&hellip;]\" \/>\n<meta property=\"og:url\" content=\"https:\/\/racom.com.pl\/index.php\/produkt\/sos-sriracha-fanex-paprykowy-bardzo-ostry-duza-butelka-1kg\/\" \/>\n<meta property=\"og:site_name\" content=\"Mix Market - Supermarket z wszystkim co potrzeba\" \/>\n<meta property=\"og:image\" content=\"https:\/\/racom.com.pl\/wp-content\/uploads\/2025\/07\/allegro_687aac1c294668.58114564_45eec1544f649b0c446f4a38bfe7.jpg\" \/>\n\t<meta property=\"og:image:width\" content=\"400\" \/>\n\t<meta property=\"og:image:height\" content=\"375\" \/>\n\t<meta property=\"og:image:type\" content=\"image\/jpeg\" \/>\n<meta name=\"twitter:card\" content=\"summary_large_image\" \/>\n<meta name=\"twitter:label1\" content=\"Szacowany czas czytania\" \/>\n\t<meta name=\"twitter:data1\" content=\"1 minuta\" \/>\n<script type=\"application\/ld+json\" class=\"yoast-schema-graph\">{\"@context\":\"https:\\\/\\\/schema.org\",\"@graph\":[{\"@type\":\"WebPage\",\"@id\":\"https:\\\/\\\/racom.com.pl\\\/index.php\\\/produkt\\\/sos-sriracha-fanex-paprykowy-bardzo-ostry-duza-butelka-1kg\\\/\",\"url\":\"https:\\\/\\\/racom.com.pl\\\/index.php\\\/produkt\\\/sos-sriracha-fanex-paprykowy-bardzo-ostry-duza-butelka-1kg\\\/\",\"name\":\"Sos Sriracha FANEX Paprykowy BARDZO OSTRY du\u017ca butelka 1kg - Mix Market - Supermarket z wszystkim co potrzeba\",\"isPartOf\":{\"@id\":\"https:\\\/\\\/racom.com.pl\\\/#website\"},\"primaryImageOfPage\":{\"@id\":\"https:\\\/\\\/racom.com.pl\\\/index.php\\\/produkt\\\/sos-sriracha-fanex-paprykowy-bardzo-ostry-duza-butelka-1kg\\\/#primaryimage\"},\"image\":{\"@id\":\"https:\\\/\\\/racom.com.pl\\\/index.php\\\/produkt\\\/sos-sriracha-fanex-paprykowy-bardzo-ostry-duza-butelka-1kg\\\/#primaryimage\"},\"thumbnailUrl\":\"https:\\\/\\\/racom.com.pl\\\/wp-content\\\/uploads\\\/2025\\\/07\\\/allegro_687aac1c294668.58114564_45eec1544f649b0c446f4a38bfe7.jpg\",\"datePublished\":\"2025-07-18T20:17:24+00:00\",\"breadcrumb\":{\"@id\":\"https:\\\/\\\/racom.com.pl\\\/index.php\\\/produkt\\\/sos-sriracha-fanex-paprykowy-bardzo-ostry-duza-butelka-1kg\\\/#breadcrumb\"},\"inLanguage\":\"pl-PL\",\"potentialAction\":[{\"@type\":\"ReadAction\",\"target\":[\"https:\\\/\\\/racom.com.pl\\\/index.php\\\/produkt\\\/sos-sriracha-fanex-paprykowy-bardzo-ostry-duza-butelka-1kg\\\/\"]}]},{\"@type\":\"ImageObject\",\"inLanguage\":\"pl-PL\",\"@id\":\"https:\\\/\\\/racom.com.pl\\\/index.php\\\/produkt\\\/sos-sriracha-fanex-paprykowy-bardzo-ostry-duza-butelka-1kg\\\/#primaryimage\",\"url\":\"https:\\\/\\\/racom.com.pl\\\/wp-content\\\/uploads\\\/2025\\\/07\\\/allegro_687aac1c294668.58114564_45eec1544f649b0c446f4a38bfe7.jpg\",\"contentUrl\":\"https:\\\/\\\/racom.com.pl\\\/wp-content\\\/uploads\\\/2025\\\/07\\\/allegro_687aac1c294668.58114564_45eec1544f649b0c446f4a38bfe7.jpg\",\"width\":400,\"height\":375},{\"@type\":\"BreadcrumbList\",\"@id\":\"https:\\\/\\\/racom.com.pl\\\/index.php\\\/produkt\\\/sos-sriracha-fanex-paprykowy-bardzo-ostry-duza-butelka-1kg\\\/#breadcrumb\",\"itemListElement\":[{\"@type\":\"ListItem\",\"position\":1,\"name\":\"Strona g\u0142\u00f3wna\",\"item\":\"https:\\\/\\\/racom.com.pl\\\/\"},{\"@type\":\"ListItem\",\"position\":2,\"name\":\"Sklep\",\"item\":\"https:\\\/\\\/racom.com.pl\\\/\"},{\"@type\":\"ListItem\",\"position\":3,\"name\":\"Sos Sriracha FANEX Paprykowy BARDZO OSTRY du\u017ca butelka 1kg\"}]},{\"@type\":\"WebSite\",\"@id\":\"https:\\\/\\\/racom.com.pl\\\/#website\",\"url\":\"https:\\\/\\\/racom.com.pl\\\/\",\"name\":\"Mix Market - Supermarket z wszystkim co potrzeba do domu i nie tylko\",\"description\":\"\",\"publisher\":{\"@id\":\"https:\\\/\\\/racom.com.pl\\\/#organization\"},\"potentialAction\":[{\"@type\":\"SearchAction\",\"target\":{\"@type\":\"EntryPoint\",\"urlTemplate\":\"https:\\\/\\\/racom.com.pl\\\/?s={search_term_string}\"},\"query-input\":{\"@type\":\"PropertyValueSpecification\",\"valueRequired\":true,\"valueName\":\"search_term_string\"}}],\"inLanguage\":\"pl-PL\"},{\"@type\":\"Organization\",\"@id\":\"https:\\\/\\\/racom.com.pl\\\/#organization\",\"name\":\"Mix Market - Supermarket z wszystkim co potrzeba do domu i nie tylko\",\"url\":\"https:\\\/\\\/racom.com.pl\\\/\",\"logo\":{\"@type\":\"ImageObject\",\"inLanguage\":\"pl-PL\",\"@id\":\"https:\\\/\\\/racom.com.pl\\\/#\\\/schema\\\/logo\\\/image\\\/\",\"url\":\"https:\\\/\\\/racom.com.pl\\\/wp-content\\\/uploads\\\/2025\\\/07\\\/mixmarket_logo.png\",\"contentUrl\":\"https:\\\/\\\/racom.com.pl\\\/wp-content\\\/uploads\\\/2025\\\/07\\\/mixmarket_logo.png\",\"width\":1024,\"height\":1024,\"caption\":\"Mix Market - Supermarket z wszystkim co potrzeba do domu i nie tylko\"},\"image\":{\"@id\":\"https:\\\/\\\/racom.com.pl\\\/#\\\/schema\\\/logo\\\/image\\\/\"}}]}<\/script>\n<!-- \/ Yoast SEO plugin. -->","yoast_head_json":{"title":"Sos Sriracha FANEX Paprykowy BARDZO OSTRY du\u017ca butelka 1kg - Mix Market - Supermarket z wszystkim co potrzeba","robots":{"index":"index","follow":"follow","max-snippet":"max-snippet:-1","max-image-preview":"max-image-preview:large","max-video-preview":"max-video-preview:-1"},"canonical":"https:\/\/racom.com.pl\/index.php\/produkt\/sos-sriracha-fanex-paprykowy-bardzo-ostry-duza-butelka-1kg\/","og_locale":"pl_PL","og_type":"article","og_title":"Sos Sriracha FANEX Paprykowy BARDZO OSTRY du\u017ca butelka 1kg - Mix Market - Supermarket z wszystkim co potrzeba","og_description":"Sos Paprykowy Sriracha 1000g Fanex Sos paprykowy Fanex&nbsp;z dodatkiem Srirachy (tajskiego sosu z ostrych papryczek chili) to idealny wyb\u00f3r dla fan\u00f3w smak\u00f3w z piek\u0142a rodem. Sos jest naprawd\u0119 ostry i pasuje do wszystkich wyrazistych potraw: mi\u0119s pieczonych oraz z grilla, indyjskiego curry, orientalnych makaron\u00f3w oraz do sma\u017conego ry\u017cu. Nic nie stoi na przeszkodzie, aby z [&hellip;]","og_url":"https:\/\/racom.com.pl\/index.php\/produkt\/sos-sriracha-fanex-paprykowy-bardzo-ostry-duza-butelka-1kg\/","og_site_name":"Mix Market - Supermarket z wszystkim co potrzeba","og_image":[{"width":400,"height":375,"url":"https:\/\/racom.com.pl\/wp-content\/uploads\/2025\/07\/allegro_687aac1c294668.58114564_45eec1544f649b0c446f4a38bfe7.jpg","type":"image\/jpeg"}],"twitter_card":"summary_large_image","twitter_misc":{"Szacowany czas czytania":"1 minuta"},"schema":{"@context":"https:\/\/schema.org","@graph":[{"@type":"WebPage","@id":"https:\/\/racom.com.pl\/index.php\/produkt\/sos-sriracha-fanex-paprykowy-bardzo-ostry-duza-butelka-1kg\/","url":"https:\/\/racom.com.pl\/index.php\/produkt\/sos-sriracha-fanex-paprykowy-bardzo-ostry-duza-butelka-1kg\/","name":"Sos Sriracha FANEX Paprykowy BARDZO OSTRY du\u017ca butelka 1kg - Mix Market - Supermarket z wszystkim co potrzeba","isPartOf":{"@id":"https:\/\/racom.com.pl\/#website"},"primaryImageOfPage":{"@id":"https:\/\/racom.com.pl\/index.php\/produkt\/sos-sriracha-fanex-paprykowy-bardzo-ostry-duza-butelka-1kg\/#primaryimage"},"image":{"@id":"https:\/\/racom.com.pl\/index.php\/produkt\/sos-sriracha-fanex-paprykowy-bardzo-ostry-duza-butelka-1kg\/#primaryimage"},"thumbnailUrl":"https:\/\/racom.com.pl\/wp-content\/uploads\/2025\/07\/allegro_687aac1c294668.58114564_45eec1544f649b0c446f4a38bfe7.jpg","datePublished":"2025-07-18T20:17:24+00:00","breadcrumb":{"@id":"https:\/\/racom.com.pl\/index.php\/produkt\/sos-sriracha-fanex-paprykowy-bardzo-ostry-duza-butelka-1kg\/#breadcrumb"},"inLanguage":"pl-PL","potentialAction":[{"@type":"ReadAction","target":["https:\/\/racom.com.pl\/index.php\/produkt\/sos-sriracha-fanex-paprykowy-bardzo-ostry-duza-butelka-1kg\/"]}]},{"@type":"ImageObject","inLanguage":"pl-PL","@id":"https:\/\/racom.com.pl\/index.php\/produkt\/sos-sriracha-fanex-paprykowy-bardzo-ostry-duza-butelka-1kg\/#primaryimage","url":"https:\/\/racom.com.pl\/wp-content\/uploads\/2025\/07\/allegro_687aac1c294668.58114564_45eec1544f649b0c446f4a38bfe7.jpg","contentUrl":"https:\/\/racom.com.pl\/wp-content\/uploads\/2025\/07\/allegro_687aac1c294668.58114564_45eec1544f649b0c446f4a38bfe7.jpg","width":400,"height":375},{"@type":"BreadcrumbList","@id":"https:\/\/racom.com.pl\/index.php\/produkt\/sos-sriracha-fanex-paprykowy-bardzo-ostry-duza-butelka-1kg\/#breadcrumb","itemListElement":[{"@type":"ListItem","position":1,"name":"Strona g\u0142\u00f3wna","item":"https:\/\/racom.com.pl\/"},{"@type":"ListItem","position":2,"name":"Sklep","item":"https:\/\/racom.com.pl\/"},{"@type":"ListItem","position":3,"name":"Sos Sriracha FANEX Paprykowy BARDZO OSTRY du\u017ca butelka 1kg"}]},{"@type":"WebSite","@id":"https:\/\/racom.com.pl\/#website","url":"https:\/\/racom.com.pl\/","name":"Mix Market - Supermarket z wszystkim co potrzeba do domu i nie tylko","description":"","publisher":{"@id":"https:\/\/racom.com.pl\/#organization"},"potentialAction":[{"@type":"SearchAction","target":{"@type":"EntryPoint","urlTemplate":"https:\/\/racom.com.pl\/?s={search_term_string}"},"query-input":{"@type":"PropertyValueSpecification","valueRequired":true,"valueName":"search_term_string"}}],"inLanguage":"pl-PL"},{"@type":"Organization","@id":"https:\/\/racom.com.pl\/#organization","name":"Mix Market - Supermarket z wszystkim co potrzeba do domu i nie tylko","url":"https:\/\/racom.com.pl\/","logo":{"@type":"ImageObject","inLanguage":"pl-PL","@id":"https:\/\/racom.com.pl\/#\/schema\/logo\/image\/","url":"https:\/\/racom.com.pl\/wp-content\/uploads\/2025\/07\/mixmarket_logo.png","contentUrl":"https:\/\/racom.com.pl\/wp-content\/uploads\/2025\/07\/mixmarket_logo.png","width":1024,"height":1024,"caption":"Mix Market - Supermarket z wszystkim co potrzeba do domu i nie tylko"},"image":{"@id":"https:\/\/racom.com.pl\/#\/schema\/logo\/image\/"}}]}},"_links":{"self":[{"href":"https:\/\/racom.com.pl\/index.php\/wp-json\/wp\/v2\/product\/2189","targetHints":{"allow":["GET"]}}],"collection":[{"href":"https:\/\/racom.com.pl\/index.php\/wp-json\/wp\/v2\/product"}],"about":[{"href":"https:\/\/racom.com.pl\/index.php\/wp-json\/wp\/v2\/types\/product"}],"replies":[{"embeddable":true,"href":"https:\/\/racom.com.pl\/index.php\/wp-json\/wp\/v2\/comments?post=2189"}],"wp:featuredmedia":[{"embeddable":true,"href":"https:\/\/racom.com.pl\/index.php\/wp-json\/wp\/v2\/media\/2193"}],"wp:attachment":[{"href":"https:\/\/racom.com.pl\/index.php\/wp-json\/wp\/v2\/media?parent=2189"}],"wp:term":[{"taxonomy":"product_brand","embeddable":true,"href":"https:\/\/racom.com.pl\/index.php\/wp-json\/wp\/v2\/product_brand?post=2189"},{"taxonomy":"product_cat","embeddable":true,"href":"https:\/\/racom.com.pl\/index.php\/wp-json\/wp\/v2\/product_cat?post=2189"},{"taxonomy":"product_tag","embeddable":true,"href":"https:\/\/racom.com.pl\/index.php\/wp-json\/wp\/v2\/product_tag?post=2189"}],"curies":[{"name":"wp","href":"https:\/\/api.w.org\/{rel}","templated":true}]}}