{"id":2194,"date":"2025-07-18T22:18:46","date_gmt":"2025-07-18T20:18:46","guid":{"rendered":"http:\/\/192.168.2.106\/index.php\/produkt\/mississippi-sos-barbecue-bbq-usa-1814g-original-xxl\/"},"modified":"2025-07-18T22:18:46","modified_gmt":"2025-07-18T20:18:46","slug":"mississippi-sos-barbecue-bbq-usa-1814g-original-xxl","status":"publish","type":"product","link":"https:\/\/racom.com.pl\/index.php\/produkt\/mississippi-sos-barbecue-bbq-usa-1814g-original-xxl\/","title":{"rendered":"MISSISSIPPI Sos Barbecue BBQ USA 1814g ORIGINAL XXL"},"content":{"rendered":"<h2>Sos BBQ MISSISSIPPI BARBECUE SAUCE ORIGINAL 1814g<\/h2>\n<h2>SOS BBQ MISSISSIPPI BARBECUE SAUCE ORIGINAL 1814g<\/h2>\n<p><b>Sk\u0142adniki:<\/b><\/p>\n<ul>\n<li>koncentrat pomidorowy<\/li>\n<li>syrop glukozowo-fruktozowy<\/li>\n<li>ocet<\/li>\n<li>s\u00f3l<\/li>\n<li>cebula w proszku<\/li>\n<li>aromat dymu w\u0119dzarniczego<\/li>\n<li>barwnik: E 150d<\/li>\n<li>przyprawy (zawieraj\u0105 gorczyc\u0119)<\/li>\n<\/ul>\n<p><b>Warto\u015bci od\u017cywcze produktu w 100 g:<\/b><\/p>\n<ul>\n<li><b>Warto\u015b\u0107 energetyczna:<\/b> 916 kJ\/216 kcal<\/li>\n<li><b>T\u0142uszcz:<\/b> 0.2 g<\/li>\n<li><b>w tym kwasy t\u0142uszczowe nasycone:<\/b> &lt;0.1 g<\/li>\n<li><b>W\u0119glowodany:<\/b> 50.8 g<\/li>\n<li><b>w tym cukry:<\/b> 41.5 g<\/li>\n<li><b>B\u0142onnik:<\/b> 2.7 g<\/li>\n<li><b>Bia\u0142ko:<\/b> 1.3 g<\/li>\n<li><b>S\u00f3l:<\/b> 2.2 g<\/li>\n<\/ul>\n<p><b>Warunki przechowywania:<\/b> przechowywa\u0107 w miejscu suchym i ch\u0142odnym miejscu.<\/p>\n<p><b>Warunki przechowywania po otwarciu:<\/b> przechowywa\u0107 w lod\u00f3wce.<\/p>\n<p><b>Kraj pochodzenia:<\/b> Stany Zjednoczone<\/p>\n","protected":false},"excerpt":{"rendered":"<p>Sos BBQ MISSISSIPPI BARBECUE SAUCE ORIGINAL 1814g SOS BBQ MISSISSIPPI BARBECUE SAUCE ORIGINAL 1814g Sk\u0142adniki: koncentrat pomidorowy syrop glukozowo-fruktozowy ocet s\u00f3l cebula w proszku aromat dymu w\u0119dzarniczego barwnik: E 150d przyprawy (zawieraj\u0105 gorczyc\u0119) Warto\u015bci od\u017cywcze produktu w 100 g: Warto\u015b\u0107 energetyczna: 916 kJ\/216 kcal T\u0142uszcz: 0.2 g w tym kwasy t\u0142uszczowe nasycone: &lt;0.1 g W\u0119glowodany: [&hellip;]<\/p>\n","protected":false},"featured_media":2197,"comment_status":"open","ping_status":"closed","template":"","meta":[],"product_brand":[139],"product_cat":[109],"product_tag":[],"class_list":{"0":"post-2194","1":"product","2":"type-product","3":"status-publish","4":"has-post-thumbnail","6":"product_brand-mississippi","7":"product_cat-sosy-kanapkowe-i-dressingi","9":"first","10":"instock","11":"taxable","12":"shipping-taxable","13":"purchasable","14":"product-type-simple"},"yoast_head":"<!-- This site is optimized with the Yoast SEO plugin v27.3 - https:\/\/yoast.com\/product\/yoast-seo-wordpress\/ -->\n<title>MISSISSIPPI Sos Barbecue BBQ USA 1814g ORIGINAL XXL - Mix Market - Supermarket z wszystkim co potrzeba<\/title>\n<meta name=\"robots\" content=\"index, follow, max-snippet:-1, max-image-preview:large, max-video-preview:-1\" \/>\n<link rel=\"canonical\" href=\"https:\/\/racom.com.pl\/index.php\/produkt\/mississippi-sos-barbecue-bbq-usa-1814g-original-xxl\/\" \/>\n<meta property=\"og:locale\" content=\"pl_PL\" \/>\n<meta property=\"og:type\" content=\"article\" \/>\n<meta property=\"og:title\" content=\"MISSISSIPPI Sos Barbecue BBQ USA 1814g ORIGINAL XXL - Mix Market - Supermarket z wszystkim co potrzeba\" \/>\n<meta property=\"og:description\" content=\"Sos BBQ MISSISSIPPI BARBECUE SAUCE ORIGINAL 1814g SOS BBQ MISSISSIPPI BARBECUE SAUCE ORIGINAL 1814g Sk\u0142adniki: koncentrat pomidorowy syrop glukozowo-fruktozowy ocet s\u00f3l cebula w proszku aromat dymu w\u0119dzarniczego barwnik: E 150d przyprawy (zawieraj\u0105 gorczyc\u0119) Warto\u015bci od\u017cywcze produktu w 100 g: Warto\u015b\u0107 energetyczna: 916 kJ\/216 kcal T\u0142uszcz: 0.2 g w tym kwasy t\u0142uszczowe nasycone: &lt;0.1 g W\u0119glowodany: [&hellip;]\" \/>\n<meta property=\"og:url\" content=\"https:\/\/racom.com.pl\/index.php\/produkt\/mississippi-sos-barbecue-bbq-usa-1814g-original-xxl\/\" \/>\n<meta property=\"og:site_name\" content=\"Mix Market - Supermarket z wszystkim co potrzeba\" \/>\n<meta property=\"og:image\" content=\"https:\/\/racom.com.pl\/wp-content\/uploads\/2025\/07\/allegro_687aac4c718d25.09427625_558c95334e73b5bb8b893f405387.jpg\" \/>\n\t<meta property=\"og:image:width\" content=\"535\" \/>\n\t<meta property=\"og:image:height\" content=\"1000\" \/>\n\t<meta property=\"og:image:type\" content=\"image\/jpeg\" \/>\n<meta name=\"twitter:card\" content=\"summary_large_image\" \/>\n<script type=\"application\/ld+json\" class=\"yoast-schema-graph\">{\"@context\":\"https:\\\/\\\/schema.org\",\"@graph\":[{\"@type\":\"WebPage\",\"@id\":\"https:\\\/\\\/racom.com.pl\\\/index.php\\\/produkt\\\/mississippi-sos-barbecue-bbq-usa-1814g-original-xxl\\\/\",\"url\":\"https:\\\/\\\/racom.com.pl\\\/index.php\\\/produkt\\\/mississippi-sos-barbecue-bbq-usa-1814g-original-xxl\\\/\",\"name\":\"MISSISSIPPI Sos Barbecue BBQ USA 1814g ORIGINAL XXL - Mix Market - Supermarket z wszystkim co potrzeba\",\"isPartOf\":{\"@id\":\"https:\\\/\\\/racom.com.pl\\\/#website\"},\"primaryImageOfPage\":{\"@id\":\"https:\\\/\\\/racom.com.pl\\\/index.php\\\/produkt\\\/mississippi-sos-barbecue-bbq-usa-1814g-original-xxl\\\/#primaryimage\"},\"image\":{\"@id\":\"https:\\\/\\\/racom.com.pl\\\/index.php\\\/produkt\\\/mississippi-sos-barbecue-bbq-usa-1814g-original-xxl\\\/#primaryimage\"},\"thumbnailUrl\":\"https:\\\/\\\/racom.com.pl\\\/wp-content\\\/uploads\\\/2025\\\/07\\\/allegro_687aac4c718d25.09427625_558c95334e73b5bb8b893f405387.jpg\",\"datePublished\":\"2025-07-18T20:18:46+00:00\",\"breadcrumb\":{\"@id\":\"https:\\\/\\\/racom.com.pl\\\/index.php\\\/produkt\\\/mississippi-sos-barbecue-bbq-usa-1814g-original-xxl\\\/#breadcrumb\"},\"inLanguage\":\"pl-PL\",\"potentialAction\":[{\"@type\":\"ReadAction\",\"target\":[\"https:\\\/\\\/racom.com.pl\\\/index.php\\\/produkt\\\/mississippi-sos-barbecue-bbq-usa-1814g-original-xxl\\\/\"]}]},{\"@type\":\"ImageObject\",\"inLanguage\":\"pl-PL\",\"@id\":\"https:\\\/\\\/racom.com.pl\\\/index.php\\\/produkt\\\/mississippi-sos-barbecue-bbq-usa-1814g-original-xxl\\\/#primaryimage\",\"url\":\"https:\\\/\\\/racom.com.pl\\\/wp-content\\\/uploads\\\/2025\\\/07\\\/allegro_687aac4c718d25.09427625_558c95334e73b5bb8b893f405387.jpg\",\"contentUrl\":\"https:\\\/\\\/racom.com.pl\\\/wp-content\\\/uploads\\\/2025\\\/07\\\/allegro_687aac4c718d25.09427625_558c95334e73b5bb8b893f405387.jpg\",\"width\":535,\"height\":1000},{\"@type\":\"BreadcrumbList\",\"@id\":\"https:\\\/\\\/racom.com.pl\\\/index.php\\\/produkt\\\/mississippi-sos-barbecue-bbq-usa-1814g-original-xxl\\\/#breadcrumb\",\"itemListElement\":[{\"@type\":\"ListItem\",\"position\":1,\"name\":\"Strona g\u0142\u00f3wna\",\"item\":\"https:\\\/\\\/racom.com.pl\\\/\"},{\"@type\":\"ListItem\",\"position\":2,\"name\":\"Sklep\",\"item\":\"https:\\\/\\\/racom.com.pl\\\/\"},{\"@type\":\"ListItem\",\"position\":3,\"name\":\"MISSISSIPPI Sos Barbecue BBQ USA 1814g ORIGINAL XXL\"}]},{\"@type\":\"WebSite\",\"@id\":\"https:\\\/\\\/racom.com.pl\\\/#website\",\"url\":\"https:\\\/\\\/racom.com.pl\\\/\",\"name\":\"Mix Market - Supermarket z wszystkim co potrzeba do domu i nie tylko\",\"description\":\"\",\"publisher\":{\"@id\":\"https:\\\/\\\/racom.com.pl\\\/#organization\"},\"potentialAction\":[{\"@type\":\"SearchAction\",\"target\":{\"@type\":\"EntryPoint\",\"urlTemplate\":\"https:\\\/\\\/racom.com.pl\\\/?s={search_term_string}\"},\"query-input\":{\"@type\":\"PropertyValueSpecification\",\"valueRequired\":true,\"valueName\":\"search_term_string\"}}],\"inLanguage\":\"pl-PL\"},{\"@type\":\"Organization\",\"@id\":\"https:\\\/\\\/racom.com.pl\\\/#organization\",\"name\":\"Mix Market - Supermarket z wszystkim co potrzeba do domu i nie tylko\",\"url\":\"https:\\\/\\\/racom.com.pl\\\/\",\"logo\":{\"@type\":\"ImageObject\",\"inLanguage\":\"pl-PL\",\"@id\":\"https:\\\/\\\/racom.com.pl\\\/#\\\/schema\\\/logo\\\/image\\\/\",\"url\":\"https:\\\/\\\/racom.com.pl\\\/wp-content\\\/uploads\\\/2025\\\/07\\\/mixmarket_logo.png\",\"contentUrl\":\"https:\\\/\\\/racom.com.pl\\\/wp-content\\\/uploads\\\/2025\\\/07\\\/mixmarket_logo.png\",\"width\":1024,\"height\":1024,\"caption\":\"Mix Market - Supermarket z wszystkim co potrzeba do domu i nie tylko\"},\"image\":{\"@id\":\"https:\\\/\\\/racom.com.pl\\\/#\\\/schema\\\/logo\\\/image\\\/\"}}]}<\/script>\n<!-- \/ Yoast SEO plugin. -->","yoast_head_json":{"title":"MISSISSIPPI Sos Barbecue BBQ USA 1814g ORIGINAL XXL - Mix Market - Supermarket z wszystkim co potrzeba","robots":{"index":"index","follow":"follow","max-snippet":"max-snippet:-1","max-image-preview":"max-image-preview:large","max-video-preview":"max-video-preview:-1"},"canonical":"https:\/\/racom.com.pl\/index.php\/produkt\/mississippi-sos-barbecue-bbq-usa-1814g-original-xxl\/","og_locale":"pl_PL","og_type":"article","og_title":"MISSISSIPPI Sos Barbecue BBQ USA 1814g ORIGINAL XXL - Mix Market - Supermarket z wszystkim co potrzeba","og_description":"Sos BBQ MISSISSIPPI BARBECUE SAUCE ORIGINAL 1814g SOS BBQ MISSISSIPPI BARBECUE SAUCE ORIGINAL 1814g Sk\u0142adniki: koncentrat pomidorowy syrop glukozowo-fruktozowy ocet s\u00f3l cebula w proszku aromat dymu w\u0119dzarniczego barwnik: E 150d przyprawy (zawieraj\u0105 gorczyc\u0119) Warto\u015bci od\u017cywcze produktu w 100 g: Warto\u015b\u0107 energetyczna: 916 kJ\/216 kcal T\u0142uszcz: 0.2 g w tym kwasy t\u0142uszczowe nasycone: &lt;0.1 g W\u0119glowodany: [&hellip;]","og_url":"https:\/\/racom.com.pl\/index.php\/produkt\/mississippi-sos-barbecue-bbq-usa-1814g-original-xxl\/","og_site_name":"Mix Market - Supermarket z wszystkim co potrzeba","og_image":[{"width":535,"height":1000,"url":"https:\/\/racom.com.pl\/wp-content\/uploads\/2025\/07\/allegro_687aac4c718d25.09427625_558c95334e73b5bb8b893f405387.jpg","type":"image\/jpeg"}],"twitter_card":"summary_large_image","schema":{"@context":"https:\/\/schema.org","@graph":[{"@type":"WebPage","@id":"https:\/\/racom.com.pl\/index.php\/produkt\/mississippi-sos-barbecue-bbq-usa-1814g-original-xxl\/","url":"https:\/\/racom.com.pl\/index.php\/produkt\/mississippi-sos-barbecue-bbq-usa-1814g-original-xxl\/","name":"MISSISSIPPI Sos Barbecue BBQ USA 1814g ORIGINAL XXL - Mix Market - Supermarket z wszystkim co potrzeba","isPartOf":{"@id":"https:\/\/racom.com.pl\/#website"},"primaryImageOfPage":{"@id":"https:\/\/racom.com.pl\/index.php\/produkt\/mississippi-sos-barbecue-bbq-usa-1814g-original-xxl\/#primaryimage"},"image":{"@id":"https:\/\/racom.com.pl\/index.php\/produkt\/mississippi-sos-barbecue-bbq-usa-1814g-original-xxl\/#primaryimage"},"thumbnailUrl":"https:\/\/racom.com.pl\/wp-content\/uploads\/2025\/07\/allegro_687aac4c718d25.09427625_558c95334e73b5bb8b893f405387.jpg","datePublished":"2025-07-18T20:18:46+00:00","breadcrumb":{"@id":"https:\/\/racom.com.pl\/index.php\/produkt\/mississippi-sos-barbecue-bbq-usa-1814g-original-xxl\/#breadcrumb"},"inLanguage":"pl-PL","potentialAction":[{"@type":"ReadAction","target":["https:\/\/racom.com.pl\/index.php\/produkt\/mississippi-sos-barbecue-bbq-usa-1814g-original-xxl\/"]}]},{"@type":"ImageObject","inLanguage":"pl-PL","@id":"https:\/\/racom.com.pl\/index.php\/produkt\/mississippi-sos-barbecue-bbq-usa-1814g-original-xxl\/#primaryimage","url":"https:\/\/racom.com.pl\/wp-content\/uploads\/2025\/07\/allegro_687aac4c718d25.09427625_558c95334e73b5bb8b893f405387.jpg","contentUrl":"https:\/\/racom.com.pl\/wp-content\/uploads\/2025\/07\/allegro_687aac4c718d25.09427625_558c95334e73b5bb8b893f405387.jpg","width":535,"height":1000},{"@type":"BreadcrumbList","@id":"https:\/\/racom.com.pl\/index.php\/produkt\/mississippi-sos-barbecue-bbq-usa-1814g-original-xxl\/#breadcrumb","itemListElement":[{"@type":"ListItem","position":1,"name":"Strona g\u0142\u00f3wna","item":"https:\/\/racom.com.pl\/"},{"@type":"ListItem","position":2,"name":"Sklep","item":"https:\/\/racom.com.pl\/"},{"@type":"ListItem","position":3,"name":"MISSISSIPPI Sos Barbecue BBQ USA 1814g ORIGINAL XXL"}]},{"@type":"WebSite","@id":"https:\/\/racom.com.pl\/#website","url":"https:\/\/racom.com.pl\/","name":"Mix Market - Supermarket z wszystkim co potrzeba do domu i nie tylko","description":"","publisher":{"@id":"https:\/\/racom.com.pl\/#organization"},"potentialAction":[{"@type":"SearchAction","target":{"@type":"EntryPoint","urlTemplate":"https:\/\/racom.com.pl\/?s={search_term_string}"},"query-input":{"@type":"PropertyValueSpecification","valueRequired":true,"valueName":"search_term_string"}}],"inLanguage":"pl-PL"},{"@type":"Organization","@id":"https:\/\/racom.com.pl\/#organization","name":"Mix Market - Supermarket z wszystkim co potrzeba do domu i nie tylko","url":"https:\/\/racom.com.pl\/","logo":{"@type":"ImageObject","inLanguage":"pl-PL","@id":"https:\/\/racom.com.pl\/#\/schema\/logo\/image\/","url":"https:\/\/racom.com.pl\/wp-content\/uploads\/2025\/07\/mixmarket_logo.png","contentUrl":"https:\/\/racom.com.pl\/wp-content\/uploads\/2025\/07\/mixmarket_logo.png","width":1024,"height":1024,"caption":"Mix Market - Supermarket z wszystkim co potrzeba do domu i nie tylko"},"image":{"@id":"https:\/\/racom.com.pl\/#\/schema\/logo\/image\/"}}]}},"_links":{"self":[{"href":"https:\/\/racom.com.pl\/index.php\/wp-json\/wp\/v2\/product\/2194","targetHints":{"allow":["GET"]}}],"collection":[{"href":"https:\/\/racom.com.pl\/index.php\/wp-json\/wp\/v2\/product"}],"about":[{"href":"https:\/\/racom.com.pl\/index.php\/wp-json\/wp\/v2\/types\/product"}],"replies":[{"embeddable":true,"href":"https:\/\/racom.com.pl\/index.php\/wp-json\/wp\/v2\/comments?post=2194"}],"wp:featuredmedia":[{"embeddable":true,"href":"https:\/\/racom.com.pl\/index.php\/wp-json\/wp\/v2\/media\/2197"}],"wp:attachment":[{"href":"https:\/\/racom.com.pl\/index.php\/wp-json\/wp\/v2\/media?parent=2194"}],"wp:term":[{"taxonomy":"product_brand","embeddable":true,"href":"https:\/\/racom.com.pl\/index.php\/wp-json\/wp\/v2\/product_brand?post=2194"},{"taxonomy":"product_cat","embeddable":true,"href":"https:\/\/racom.com.pl\/index.php\/wp-json\/wp\/v2\/product_cat?post=2194"},{"taxonomy":"product_tag","embeddable":true,"href":"https:\/\/racom.com.pl\/index.php\/wp-json\/wp\/v2\/product_tag?post=2194"}],"curies":[{"name":"wp","href":"https:\/\/api.w.org\/{rel}","templated":true}]}}