{"id":2206,"date":"2025-07-18T22:21:32","date_gmt":"2025-07-18T20:21:32","guid":{"rendered":"http:\/\/192.168.2.106\/index.php\/produkt\/melvit-la-chef-mix-sniadaniowy-mieszanka-platkow-5-zboz-3kg\/"},"modified":"2025-07-18T22:21:32","modified_gmt":"2025-07-18T20:21:32","slug":"melvit-la-chef-mix-sniadaniowy-mieszanka-platkow-5-zboz-3kg","status":"publish","type":"product","link":"https:\/\/racom.com.pl\/index.php\/produkt\/melvit-la-chef-mix-sniadaniowy-mieszanka-platkow-5-zboz-3kg\/","title":{"rendered":"MELVIT La Chef MIX \u015aniadaniowy Mieszanka p\u0142atk\u00f3w 5-zb\u00f3\u017c 3KG"},"content":{"rendered":"<h2>MELVIT MIX \u015aNIADANIOWY 5 zb\u00f3\u017c 3KG<\/h2>\n<p>Mix \u015bniadaniowy, to mieszanka p\u0142atk\u00f3w pochodz\u0105cych z pi\u0119ciu rodzaj\u00f3w zb\u00f3\u017c: owsa, j\u0119czmienia, \u017cyta, pszenicy i gryki. Jest to produkt naturalny zawieraj\u0105cy wszystkie cenne warto\u015bci od\u017cywcze pochodz\u0105ce z ziaren. Mix \u015bniadaniowy jest zdrowym i pysznym dodatkiem do mleka, jogurt\u00f3w i deser\u00f3w.<\/p>\n<p>Typ: \u015aniadaniowe<\/p>\n<p>Rodzaj: Musli<\/p>\n<p>Rodzaj zb\u00f3\u017c: Wielozbo\u017cowe<\/p>\n<p>Smak: Naturalny<\/p>\n<p>Kraj pochodzenia\/Wyprodukowano w: Polska<\/p>\n<p>Sk\u0142adniki: 20% p\u0142atki gryczane, 20% p\u0142atki j\u0119czmienne, 20% p\u0142atki owsiane, 20% p\u0142atki pszenne, 20% p\u0142atki \u017cytnie<\/p>\n<p>Waga jednostkowa brutto: 3,05 kg<\/p>\n<p>Warto\u015b\u0107 energetyczna kcal w porcji (energia): 342 kcal<\/p>\n<p>Warto\u015b\u0107 energetyczna w zadeklarowanej jednostce: 1444 kJ\/100g<\/p>\n<p>.<\/p>\n","protected":false},"excerpt":{"rendered":"<p>MELVIT MIX \u015aNIADANIOWY 5 zb\u00f3\u017c 3KG Mix \u015bniadaniowy, to mieszanka p\u0142atk\u00f3w pochodz\u0105cych z pi\u0119ciu rodzaj\u00f3w zb\u00f3\u017c: owsa, j\u0119czmienia, \u017cyta, pszenicy i gryki. Jest to produkt naturalny zawieraj\u0105cy wszystkie cenne warto\u015bci od\u017cywcze pochodz\u0105ce z ziaren. Mix \u015bniadaniowy jest zdrowym i pysznym dodatkiem do mleka, jogurt\u00f3w i deser\u00f3w. Typ: \u015aniadaniowe Rodzaj: Musli Rodzaj zb\u00f3\u017c: Wielozbo\u017cowe Smak: Naturalny [&hellip;]<\/p>\n","protected":false},"featured_media":2208,"comment_status":"open","ping_status":"closed","template":"","meta":[],"product_brand":[134],"product_cat":[130],"product_tag":[],"class_list":{"0":"post-2206","1":"product","2":"type-product","3":"status-publish","4":"has-post-thumbnail","6":"product_brand-melvit","7":"product_cat-produkty-sypkie","9":"first","10":"instock","11":"taxable","12":"shipping-taxable","13":"purchasable","14":"product-type-simple"},"yoast_head":"<!-- This site is optimized with the Yoast SEO plugin v27.3 - https:\/\/yoast.com\/product\/yoast-seo-wordpress\/ -->\n<title>MELVIT La Chef MIX \u015aniadaniowy Mieszanka p\u0142atk\u00f3w 5-zb\u00f3\u017c 3KG - Mix Market - Supermarket z wszystkim co potrzeba<\/title>\n<meta name=\"robots\" content=\"index, follow, max-snippet:-1, max-image-preview:large, max-video-preview:-1\" \/>\n<link rel=\"canonical\" href=\"https:\/\/racom.com.pl\/index.php\/produkt\/melvit-la-chef-mix-sniadaniowy-mieszanka-platkow-5-zboz-3kg\/\" \/>\n<meta property=\"og:locale\" content=\"pl_PL\" \/>\n<meta property=\"og:type\" content=\"article\" \/>\n<meta property=\"og:title\" content=\"MELVIT La Chef MIX \u015aniadaniowy Mieszanka p\u0142atk\u00f3w 5-zb\u00f3\u017c 3KG - Mix Market - Supermarket z wszystkim co potrzeba\" \/>\n<meta property=\"og:description\" content=\"MELVIT MIX \u015aNIADANIOWY 5 zb\u00f3\u017c 3KG Mix \u015bniadaniowy, to mieszanka p\u0142atk\u00f3w pochodz\u0105cych z pi\u0119ciu rodzaj\u00f3w zb\u00f3\u017c: owsa, j\u0119czmienia, \u017cyta, pszenicy i gryki. Jest to produkt naturalny zawieraj\u0105cy wszystkie cenne warto\u015bci od\u017cywcze pochodz\u0105ce z ziaren. Mix \u015bniadaniowy jest zdrowym i pysznym dodatkiem do mleka, jogurt\u00f3w i deser\u00f3w. Typ: \u015aniadaniowe Rodzaj: Musli Rodzaj zb\u00f3\u017c: Wielozbo\u017cowe Smak: Naturalny [&hellip;]\" \/>\n<meta property=\"og:url\" content=\"https:\/\/racom.com.pl\/index.php\/produkt\/melvit-la-chef-mix-sniadaniowy-mieszanka-platkow-5-zboz-3kg\/\" \/>\n<meta property=\"og:site_name\" content=\"Mix Market - Supermarket z wszystkim co potrzeba\" \/>\n<meta property=\"og:image\" content=\"https:\/\/racom.com.pl\/wp-content\/uploads\/2025\/07\/allegro_687aacedaf20b2.31019761_d31dac56428c928a905fb15658e6.jpg\" \/>\n\t<meta property=\"og:image:width\" content=\"1924\" \/>\n\t<meta property=\"og:image:height\" content=\"2560\" \/>\n\t<meta property=\"og:image:type\" content=\"image\/jpeg\" \/>\n<meta name=\"twitter:card\" content=\"summary_large_image\" \/>\n<script type=\"application\/ld+json\" class=\"yoast-schema-graph\">{\"@context\":\"https:\\\/\\\/schema.org\",\"@graph\":[{\"@type\":\"WebPage\",\"@id\":\"https:\\\/\\\/racom.com.pl\\\/index.php\\\/produkt\\\/melvit-la-chef-mix-sniadaniowy-mieszanka-platkow-5-zboz-3kg\\\/\",\"url\":\"https:\\\/\\\/racom.com.pl\\\/index.php\\\/produkt\\\/melvit-la-chef-mix-sniadaniowy-mieszanka-platkow-5-zboz-3kg\\\/\",\"name\":\"MELVIT La Chef MIX \u015aniadaniowy Mieszanka p\u0142atk\u00f3w 5-zb\u00f3\u017c 3KG - Mix Market - Supermarket z wszystkim co potrzeba\",\"isPartOf\":{\"@id\":\"https:\\\/\\\/racom.com.pl\\\/#website\"},\"primaryImageOfPage\":{\"@id\":\"https:\\\/\\\/racom.com.pl\\\/index.php\\\/produkt\\\/melvit-la-chef-mix-sniadaniowy-mieszanka-platkow-5-zboz-3kg\\\/#primaryimage\"},\"image\":{\"@id\":\"https:\\\/\\\/racom.com.pl\\\/index.php\\\/produkt\\\/melvit-la-chef-mix-sniadaniowy-mieszanka-platkow-5-zboz-3kg\\\/#primaryimage\"},\"thumbnailUrl\":\"https:\\\/\\\/racom.com.pl\\\/wp-content\\\/uploads\\\/2025\\\/07\\\/allegro_687aacedaf20b2.31019761_d31dac56428c928a905fb15658e6.jpg\",\"datePublished\":\"2025-07-18T20:21:32+00:00\",\"breadcrumb\":{\"@id\":\"https:\\\/\\\/racom.com.pl\\\/index.php\\\/produkt\\\/melvit-la-chef-mix-sniadaniowy-mieszanka-platkow-5-zboz-3kg\\\/#breadcrumb\"},\"inLanguage\":\"pl-PL\",\"potentialAction\":[{\"@type\":\"ReadAction\",\"target\":[\"https:\\\/\\\/racom.com.pl\\\/index.php\\\/produkt\\\/melvit-la-chef-mix-sniadaniowy-mieszanka-platkow-5-zboz-3kg\\\/\"]}]},{\"@type\":\"ImageObject\",\"inLanguage\":\"pl-PL\",\"@id\":\"https:\\\/\\\/racom.com.pl\\\/index.php\\\/produkt\\\/melvit-la-chef-mix-sniadaniowy-mieszanka-platkow-5-zboz-3kg\\\/#primaryimage\",\"url\":\"https:\\\/\\\/racom.com.pl\\\/wp-content\\\/uploads\\\/2025\\\/07\\\/allegro_687aacedaf20b2.31019761_d31dac56428c928a905fb15658e6.jpg\",\"contentUrl\":\"https:\\\/\\\/racom.com.pl\\\/wp-content\\\/uploads\\\/2025\\\/07\\\/allegro_687aacedaf20b2.31019761_d31dac56428c928a905fb15658e6.jpg\",\"width\":1924,\"height\":2560},{\"@type\":\"BreadcrumbList\",\"@id\":\"https:\\\/\\\/racom.com.pl\\\/index.php\\\/produkt\\\/melvit-la-chef-mix-sniadaniowy-mieszanka-platkow-5-zboz-3kg\\\/#breadcrumb\",\"itemListElement\":[{\"@type\":\"ListItem\",\"position\":1,\"name\":\"Strona g\u0142\u00f3wna\",\"item\":\"https:\\\/\\\/racom.com.pl\\\/\"},{\"@type\":\"ListItem\",\"position\":2,\"name\":\"Sklep\",\"item\":\"https:\\\/\\\/racom.com.pl\\\/\"},{\"@type\":\"ListItem\",\"position\":3,\"name\":\"MELVIT La Chef MIX \u015aniadaniowy Mieszanka p\u0142atk\u00f3w 5-zb\u00f3\u017c 3KG\"}]},{\"@type\":\"WebSite\",\"@id\":\"https:\\\/\\\/racom.com.pl\\\/#website\",\"url\":\"https:\\\/\\\/racom.com.pl\\\/\",\"name\":\"Mix Market - Supermarket z wszystkim co potrzeba do domu i nie tylko\",\"description\":\"\",\"publisher\":{\"@id\":\"https:\\\/\\\/racom.com.pl\\\/#organization\"},\"potentialAction\":[{\"@type\":\"SearchAction\",\"target\":{\"@type\":\"EntryPoint\",\"urlTemplate\":\"https:\\\/\\\/racom.com.pl\\\/?s={search_term_string}\"},\"query-input\":{\"@type\":\"PropertyValueSpecification\",\"valueRequired\":true,\"valueName\":\"search_term_string\"}}],\"inLanguage\":\"pl-PL\"},{\"@type\":\"Organization\",\"@id\":\"https:\\\/\\\/racom.com.pl\\\/#organization\",\"name\":\"Mix Market - Supermarket z wszystkim co potrzeba do domu i nie tylko\",\"url\":\"https:\\\/\\\/racom.com.pl\\\/\",\"logo\":{\"@type\":\"ImageObject\",\"inLanguage\":\"pl-PL\",\"@id\":\"https:\\\/\\\/racom.com.pl\\\/#\\\/schema\\\/logo\\\/image\\\/\",\"url\":\"https:\\\/\\\/racom.com.pl\\\/wp-content\\\/uploads\\\/2025\\\/07\\\/mixmarket_logo.png\",\"contentUrl\":\"https:\\\/\\\/racom.com.pl\\\/wp-content\\\/uploads\\\/2025\\\/07\\\/mixmarket_logo.png\",\"width\":1024,\"height\":1024,\"caption\":\"Mix Market - Supermarket z wszystkim co potrzeba do domu i nie tylko\"},\"image\":{\"@id\":\"https:\\\/\\\/racom.com.pl\\\/#\\\/schema\\\/logo\\\/image\\\/\"}}]}<\/script>\n<!-- \/ Yoast SEO plugin. -->","yoast_head_json":{"title":"MELVIT La Chef MIX \u015aniadaniowy Mieszanka p\u0142atk\u00f3w 5-zb\u00f3\u017c 3KG - Mix Market - Supermarket z wszystkim co potrzeba","robots":{"index":"index","follow":"follow","max-snippet":"max-snippet:-1","max-image-preview":"max-image-preview:large","max-video-preview":"max-video-preview:-1"},"canonical":"https:\/\/racom.com.pl\/index.php\/produkt\/melvit-la-chef-mix-sniadaniowy-mieszanka-platkow-5-zboz-3kg\/","og_locale":"pl_PL","og_type":"article","og_title":"MELVIT La Chef MIX \u015aniadaniowy Mieszanka p\u0142atk\u00f3w 5-zb\u00f3\u017c 3KG - Mix Market - Supermarket z wszystkim co potrzeba","og_description":"MELVIT MIX \u015aNIADANIOWY 5 zb\u00f3\u017c 3KG Mix \u015bniadaniowy, to mieszanka p\u0142atk\u00f3w pochodz\u0105cych z pi\u0119ciu rodzaj\u00f3w zb\u00f3\u017c: owsa, j\u0119czmienia, \u017cyta, pszenicy i gryki. Jest to produkt naturalny zawieraj\u0105cy wszystkie cenne warto\u015bci od\u017cywcze pochodz\u0105ce z ziaren. Mix \u015bniadaniowy jest zdrowym i pysznym dodatkiem do mleka, jogurt\u00f3w i deser\u00f3w. Typ: \u015aniadaniowe Rodzaj: Musli Rodzaj zb\u00f3\u017c: Wielozbo\u017cowe Smak: Naturalny [&hellip;]","og_url":"https:\/\/racom.com.pl\/index.php\/produkt\/melvit-la-chef-mix-sniadaniowy-mieszanka-platkow-5-zboz-3kg\/","og_site_name":"Mix Market - Supermarket z wszystkim co potrzeba","og_image":[{"width":1924,"height":2560,"url":"https:\/\/racom.com.pl\/wp-content\/uploads\/2025\/07\/allegro_687aacedaf20b2.31019761_d31dac56428c928a905fb15658e6.jpg","type":"image\/jpeg"}],"twitter_card":"summary_large_image","schema":{"@context":"https:\/\/schema.org","@graph":[{"@type":"WebPage","@id":"https:\/\/racom.com.pl\/index.php\/produkt\/melvit-la-chef-mix-sniadaniowy-mieszanka-platkow-5-zboz-3kg\/","url":"https:\/\/racom.com.pl\/index.php\/produkt\/melvit-la-chef-mix-sniadaniowy-mieszanka-platkow-5-zboz-3kg\/","name":"MELVIT La Chef MIX \u015aniadaniowy Mieszanka p\u0142atk\u00f3w 5-zb\u00f3\u017c 3KG - Mix Market - Supermarket z wszystkim co potrzeba","isPartOf":{"@id":"https:\/\/racom.com.pl\/#website"},"primaryImageOfPage":{"@id":"https:\/\/racom.com.pl\/index.php\/produkt\/melvit-la-chef-mix-sniadaniowy-mieszanka-platkow-5-zboz-3kg\/#primaryimage"},"image":{"@id":"https:\/\/racom.com.pl\/index.php\/produkt\/melvit-la-chef-mix-sniadaniowy-mieszanka-platkow-5-zboz-3kg\/#primaryimage"},"thumbnailUrl":"https:\/\/racom.com.pl\/wp-content\/uploads\/2025\/07\/allegro_687aacedaf20b2.31019761_d31dac56428c928a905fb15658e6.jpg","datePublished":"2025-07-18T20:21:32+00:00","breadcrumb":{"@id":"https:\/\/racom.com.pl\/index.php\/produkt\/melvit-la-chef-mix-sniadaniowy-mieszanka-platkow-5-zboz-3kg\/#breadcrumb"},"inLanguage":"pl-PL","potentialAction":[{"@type":"ReadAction","target":["https:\/\/racom.com.pl\/index.php\/produkt\/melvit-la-chef-mix-sniadaniowy-mieszanka-platkow-5-zboz-3kg\/"]}]},{"@type":"ImageObject","inLanguage":"pl-PL","@id":"https:\/\/racom.com.pl\/index.php\/produkt\/melvit-la-chef-mix-sniadaniowy-mieszanka-platkow-5-zboz-3kg\/#primaryimage","url":"https:\/\/racom.com.pl\/wp-content\/uploads\/2025\/07\/allegro_687aacedaf20b2.31019761_d31dac56428c928a905fb15658e6.jpg","contentUrl":"https:\/\/racom.com.pl\/wp-content\/uploads\/2025\/07\/allegro_687aacedaf20b2.31019761_d31dac56428c928a905fb15658e6.jpg","width":1924,"height":2560},{"@type":"BreadcrumbList","@id":"https:\/\/racom.com.pl\/index.php\/produkt\/melvit-la-chef-mix-sniadaniowy-mieszanka-platkow-5-zboz-3kg\/#breadcrumb","itemListElement":[{"@type":"ListItem","position":1,"name":"Strona g\u0142\u00f3wna","item":"https:\/\/racom.com.pl\/"},{"@type":"ListItem","position":2,"name":"Sklep","item":"https:\/\/racom.com.pl\/"},{"@type":"ListItem","position":3,"name":"MELVIT La Chef MIX \u015aniadaniowy Mieszanka p\u0142atk\u00f3w 5-zb\u00f3\u017c 3KG"}]},{"@type":"WebSite","@id":"https:\/\/racom.com.pl\/#website","url":"https:\/\/racom.com.pl\/","name":"Mix Market - Supermarket z wszystkim co potrzeba do domu i nie tylko","description":"","publisher":{"@id":"https:\/\/racom.com.pl\/#organization"},"potentialAction":[{"@type":"SearchAction","target":{"@type":"EntryPoint","urlTemplate":"https:\/\/racom.com.pl\/?s={search_term_string}"},"query-input":{"@type":"PropertyValueSpecification","valueRequired":true,"valueName":"search_term_string"}}],"inLanguage":"pl-PL"},{"@type":"Organization","@id":"https:\/\/racom.com.pl\/#organization","name":"Mix Market - Supermarket z wszystkim co potrzeba do domu i nie tylko","url":"https:\/\/racom.com.pl\/","logo":{"@type":"ImageObject","inLanguage":"pl-PL","@id":"https:\/\/racom.com.pl\/#\/schema\/logo\/image\/","url":"https:\/\/racom.com.pl\/wp-content\/uploads\/2025\/07\/mixmarket_logo.png","contentUrl":"https:\/\/racom.com.pl\/wp-content\/uploads\/2025\/07\/mixmarket_logo.png","width":1024,"height":1024,"caption":"Mix Market - Supermarket z wszystkim co potrzeba do domu i nie tylko"},"image":{"@id":"https:\/\/racom.com.pl\/#\/schema\/logo\/image\/"}}]}},"_links":{"self":[{"href":"https:\/\/racom.com.pl\/index.php\/wp-json\/wp\/v2\/product\/2206","targetHints":{"allow":["GET"]}}],"collection":[{"href":"https:\/\/racom.com.pl\/index.php\/wp-json\/wp\/v2\/product"}],"about":[{"href":"https:\/\/racom.com.pl\/index.php\/wp-json\/wp\/v2\/types\/product"}],"replies":[{"embeddable":true,"href":"https:\/\/racom.com.pl\/index.php\/wp-json\/wp\/v2\/comments?post=2206"}],"wp:featuredmedia":[{"embeddable":true,"href":"https:\/\/racom.com.pl\/index.php\/wp-json\/wp\/v2\/media\/2208"}],"wp:attachment":[{"href":"https:\/\/racom.com.pl\/index.php\/wp-json\/wp\/v2\/media?parent=2206"}],"wp:term":[{"taxonomy":"product_brand","embeddable":true,"href":"https:\/\/racom.com.pl\/index.php\/wp-json\/wp\/v2\/product_brand?post=2206"},{"taxonomy":"product_cat","embeddable":true,"href":"https:\/\/racom.com.pl\/index.php\/wp-json\/wp\/v2\/product_cat?post=2206"},{"taxonomy":"product_tag","embeddable":true,"href":"https:\/\/racom.com.pl\/index.php\/wp-json\/wp\/v2\/product_tag?post=2206"}],"curies":[{"name":"wp","href":"https:\/\/api.w.org\/{rel}","templated":true}]}}