{"id":2213,"date":"2025-07-18T22:23:20","date_gmt":"2025-07-18T20:23:20","guid":{"rendered":"http:\/\/192.168.2.106\/index.php\/produkt\/ahmad-tea-cinnamon-haze-herbata-czarna-cynamonowa-20-torebek\/"},"modified":"2025-07-18T22:23:20","modified_gmt":"2025-07-18T20:23:20","slug":"ahmad-tea-cinnamon-haze-herbata-czarna-cynamonowa-20-torebek","status":"publish","type":"product","link":"https:\/\/racom.com.pl\/index.php\/produkt\/ahmad-tea-cinnamon-haze-herbata-czarna-cynamonowa-20-torebek\/","title":{"rendered":"Ahmad Tea Cinnamon Haze Herbata czarna Cynamonowa 20 torebek"},"content":{"rendered":"<h2>Herbata Ahmad Tea Cinnamon Haze 2x20szt-2g<\/h2>\n<p><b>Czarna herbata ekspresowa aromatyzowana cynamonem. Idealna do picia w jesienne ch\u0142odne wieczory.<\/b><\/p>\n<ul>\n<li>Ka\u017cda torebka pakowana jest w osobn\u0105 aluminiow\u0105 hermetyczn\u0105 kopert\u0119, kt\u00f3ra gwarantuje szczelno\u015b\u0107 a tym samym zachowanie wszelkich w\u0142a\u015bciwo\u015bci herbaty.<\/li>\n<li>Zwi\u0119ksza koncentracj\u0119 dzi\u0119ki czemu idealnie nadaje si\u0119 do picia podczas pracy.<\/li>\n<li>Specjalnie opracowana konstrukcja opakowania umo\u017cliwia \u0142atwe przechowywanie i wyjmowanie kopert.<\/li>\n<li><b>ekspresowa:<\/b> tak<\/li>\n<li><b>ilo\u015b\u0107 sztuk w opakowaniu:<\/b> 20 szt.<\/li>\n<li><b>jednostka sprzeda\u017cy:<\/b> kpl.<\/li>\n<li><b>pakowane w osobne koperty:<\/b> tak<\/li>\n<li><b>rodzaj:<\/b> czarna aromatyzowana<\/li>\n<li><b>smak:<\/b> cynamonowa<\/li>\n<li><b>typ:<\/b> w kopertach<\/li>\n<li><b>waga:<\/b> 40 g<\/li>\n<li><b>klasa produktu:<\/b> Standard<\/li>\n<\/ul>\n","protected":false},"excerpt":{"rendered":"<p>Herbata Ahmad Tea Cinnamon Haze 2x20szt-2g Czarna herbata ekspresowa aromatyzowana cynamonem. Idealna do picia w jesienne ch\u0142odne wieczory. Ka\u017cda torebka pakowana jest w osobn\u0105 aluminiow\u0105 hermetyczn\u0105 kopert\u0119, kt\u00f3ra gwarantuje szczelno\u015b\u0107 a tym samym zachowanie wszelkich w\u0142a\u015bciwo\u015bci herbaty. Zwi\u0119ksza koncentracj\u0119 dzi\u0119ki czemu idealnie nadaje si\u0119 do picia podczas pracy. Specjalnie opracowana konstrukcja opakowania umo\u017cliwia \u0142atwe przechowywanie [&hellip;]<\/p>\n","protected":false},"featured_media":2216,"comment_status":"open","ping_status":"closed","template":"","meta":[],"product_brand":[142],"product_cat":[141],"product_tag":[],"class_list":{"0":"post-2213","1":"product","2":"type-product","3":"status-publish","4":"has-post-thumbnail","6":"product_brand-ahmad-tea","7":"product_cat-herbata-i-napary","9":"first","10":"instock","11":"taxable","12":"shipping-taxable","13":"purchasable","14":"product-type-simple"},"yoast_head":"<!-- This site is optimized with the Yoast SEO plugin v27.3 - https:\/\/yoast.com\/product\/yoast-seo-wordpress\/ -->\n<title>Ahmad Tea Cinnamon Haze Herbata czarna Cynamonowa 20 torebek - Mix Market - Supermarket z wszystkim co potrzeba<\/title>\n<meta name=\"robots\" content=\"index, follow, max-snippet:-1, max-image-preview:large, max-video-preview:-1\" \/>\n<link rel=\"canonical\" href=\"https:\/\/racom.com.pl\/index.php\/produkt\/ahmad-tea-cinnamon-haze-herbata-czarna-cynamonowa-20-torebek\/\" \/>\n<meta property=\"og:locale\" content=\"pl_PL\" \/>\n<meta property=\"og:type\" content=\"article\" \/>\n<meta property=\"og:title\" content=\"Ahmad Tea Cinnamon Haze Herbata czarna Cynamonowa 20 torebek - Mix Market - Supermarket z wszystkim co potrzeba\" \/>\n<meta property=\"og:description\" content=\"Herbata Ahmad Tea Cinnamon Haze 2x20szt-2g Czarna herbata ekspresowa aromatyzowana cynamonem. Idealna do picia w jesienne ch\u0142odne wieczory. Ka\u017cda torebka pakowana jest w osobn\u0105 aluminiow\u0105 hermetyczn\u0105 kopert\u0119, kt\u00f3ra gwarantuje szczelno\u015b\u0107 a tym samym zachowanie wszelkich w\u0142a\u015bciwo\u015bci herbaty. Zwi\u0119ksza koncentracj\u0119 dzi\u0119ki czemu idealnie nadaje si\u0119 do picia podczas pracy. Specjalnie opracowana konstrukcja opakowania umo\u017cliwia \u0142atwe przechowywanie [&hellip;]\" \/>\n<meta property=\"og:url\" content=\"https:\/\/racom.com.pl\/index.php\/produkt\/ahmad-tea-cinnamon-haze-herbata-czarna-cynamonowa-20-torebek\/\" \/>\n<meta property=\"og:site_name\" content=\"Mix Market - Supermarket z wszystkim co potrzeba\" \/>\n<meta property=\"og:image\" content=\"https:\/\/racom.com.pl\/wp-content\/uploads\/2025\/07\/allegro_687aad5dc53548.97466964_f157057e4d068bc61769dce19e1e.jpg\" \/>\n\t<meta property=\"og:image:width\" content=\"2000\" \/>\n\t<meta property=\"og:image:height\" content=\"2000\" \/>\n\t<meta property=\"og:image:type\" content=\"image\/jpeg\" \/>\n<meta name=\"twitter:card\" content=\"summary_large_image\" \/>\n<script type=\"application\/ld+json\" class=\"yoast-schema-graph\">{\"@context\":\"https:\\\/\\\/schema.org\",\"@graph\":[{\"@type\":\"WebPage\",\"@id\":\"https:\\\/\\\/racom.com.pl\\\/index.php\\\/produkt\\\/ahmad-tea-cinnamon-haze-herbata-czarna-cynamonowa-20-torebek\\\/\",\"url\":\"https:\\\/\\\/racom.com.pl\\\/index.php\\\/produkt\\\/ahmad-tea-cinnamon-haze-herbata-czarna-cynamonowa-20-torebek\\\/\",\"name\":\"Ahmad Tea Cinnamon Haze Herbata czarna Cynamonowa 20 torebek - Mix Market - Supermarket z wszystkim co potrzeba\",\"isPartOf\":{\"@id\":\"https:\\\/\\\/racom.com.pl\\\/#website\"},\"primaryImageOfPage\":{\"@id\":\"https:\\\/\\\/racom.com.pl\\\/index.php\\\/produkt\\\/ahmad-tea-cinnamon-haze-herbata-czarna-cynamonowa-20-torebek\\\/#primaryimage\"},\"image\":{\"@id\":\"https:\\\/\\\/racom.com.pl\\\/index.php\\\/produkt\\\/ahmad-tea-cinnamon-haze-herbata-czarna-cynamonowa-20-torebek\\\/#primaryimage\"},\"thumbnailUrl\":\"https:\\\/\\\/racom.com.pl\\\/wp-content\\\/uploads\\\/2025\\\/07\\\/allegro_687aad5dc53548.97466964_f157057e4d068bc61769dce19e1e.jpg\",\"datePublished\":\"2025-07-18T20:23:20+00:00\",\"breadcrumb\":{\"@id\":\"https:\\\/\\\/racom.com.pl\\\/index.php\\\/produkt\\\/ahmad-tea-cinnamon-haze-herbata-czarna-cynamonowa-20-torebek\\\/#breadcrumb\"},\"inLanguage\":\"pl-PL\",\"potentialAction\":[{\"@type\":\"ReadAction\",\"target\":[\"https:\\\/\\\/racom.com.pl\\\/index.php\\\/produkt\\\/ahmad-tea-cinnamon-haze-herbata-czarna-cynamonowa-20-torebek\\\/\"]}]},{\"@type\":\"ImageObject\",\"inLanguage\":\"pl-PL\",\"@id\":\"https:\\\/\\\/racom.com.pl\\\/index.php\\\/produkt\\\/ahmad-tea-cinnamon-haze-herbata-czarna-cynamonowa-20-torebek\\\/#primaryimage\",\"url\":\"https:\\\/\\\/racom.com.pl\\\/wp-content\\\/uploads\\\/2025\\\/07\\\/allegro_687aad5dc53548.97466964_f157057e4d068bc61769dce19e1e.jpg\",\"contentUrl\":\"https:\\\/\\\/racom.com.pl\\\/wp-content\\\/uploads\\\/2025\\\/07\\\/allegro_687aad5dc53548.97466964_f157057e4d068bc61769dce19e1e.jpg\",\"width\":2000,\"height\":2000},{\"@type\":\"BreadcrumbList\",\"@id\":\"https:\\\/\\\/racom.com.pl\\\/index.php\\\/produkt\\\/ahmad-tea-cinnamon-haze-herbata-czarna-cynamonowa-20-torebek\\\/#breadcrumb\",\"itemListElement\":[{\"@type\":\"ListItem\",\"position\":1,\"name\":\"Strona g\u0142\u00f3wna\",\"item\":\"https:\\\/\\\/racom.com.pl\\\/\"},{\"@type\":\"ListItem\",\"position\":2,\"name\":\"Sklep\",\"item\":\"https:\\\/\\\/racom.com.pl\\\/\"},{\"@type\":\"ListItem\",\"position\":3,\"name\":\"Ahmad Tea Cinnamon Haze Herbata czarna Cynamonowa 20 torebek\"}]},{\"@type\":\"WebSite\",\"@id\":\"https:\\\/\\\/racom.com.pl\\\/#website\",\"url\":\"https:\\\/\\\/racom.com.pl\\\/\",\"name\":\"Mix Market - Supermarket z wszystkim co potrzeba do domu i nie tylko\",\"description\":\"\",\"publisher\":{\"@id\":\"https:\\\/\\\/racom.com.pl\\\/#organization\"},\"potentialAction\":[{\"@type\":\"SearchAction\",\"target\":{\"@type\":\"EntryPoint\",\"urlTemplate\":\"https:\\\/\\\/racom.com.pl\\\/?s={search_term_string}\"},\"query-input\":{\"@type\":\"PropertyValueSpecification\",\"valueRequired\":true,\"valueName\":\"search_term_string\"}}],\"inLanguage\":\"pl-PL\"},{\"@type\":\"Organization\",\"@id\":\"https:\\\/\\\/racom.com.pl\\\/#organization\",\"name\":\"Mix Market - Supermarket z wszystkim co potrzeba do domu i nie tylko\",\"url\":\"https:\\\/\\\/racom.com.pl\\\/\",\"logo\":{\"@type\":\"ImageObject\",\"inLanguage\":\"pl-PL\",\"@id\":\"https:\\\/\\\/racom.com.pl\\\/#\\\/schema\\\/logo\\\/image\\\/\",\"url\":\"https:\\\/\\\/racom.com.pl\\\/wp-content\\\/uploads\\\/2025\\\/07\\\/mixmarket_logo.png\",\"contentUrl\":\"https:\\\/\\\/racom.com.pl\\\/wp-content\\\/uploads\\\/2025\\\/07\\\/mixmarket_logo.png\",\"width\":1024,\"height\":1024,\"caption\":\"Mix Market - Supermarket z wszystkim co potrzeba do domu i nie tylko\"},\"image\":{\"@id\":\"https:\\\/\\\/racom.com.pl\\\/#\\\/schema\\\/logo\\\/image\\\/\"}}]}<\/script>\n<!-- \/ Yoast SEO plugin. -->","yoast_head_json":{"title":"Ahmad Tea Cinnamon Haze Herbata czarna Cynamonowa 20 torebek - Mix Market - Supermarket z wszystkim co potrzeba","robots":{"index":"index","follow":"follow","max-snippet":"max-snippet:-1","max-image-preview":"max-image-preview:large","max-video-preview":"max-video-preview:-1"},"canonical":"https:\/\/racom.com.pl\/index.php\/produkt\/ahmad-tea-cinnamon-haze-herbata-czarna-cynamonowa-20-torebek\/","og_locale":"pl_PL","og_type":"article","og_title":"Ahmad Tea Cinnamon Haze Herbata czarna Cynamonowa 20 torebek - Mix Market - Supermarket z wszystkim co potrzeba","og_description":"Herbata Ahmad Tea Cinnamon Haze 2x20szt-2g Czarna herbata ekspresowa aromatyzowana cynamonem. Idealna do picia w jesienne ch\u0142odne wieczory. Ka\u017cda torebka pakowana jest w osobn\u0105 aluminiow\u0105 hermetyczn\u0105 kopert\u0119, kt\u00f3ra gwarantuje szczelno\u015b\u0107 a tym samym zachowanie wszelkich w\u0142a\u015bciwo\u015bci herbaty. Zwi\u0119ksza koncentracj\u0119 dzi\u0119ki czemu idealnie nadaje si\u0119 do picia podczas pracy. Specjalnie opracowana konstrukcja opakowania umo\u017cliwia \u0142atwe przechowywanie [&hellip;]","og_url":"https:\/\/racom.com.pl\/index.php\/produkt\/ahmad-tea-cinnamon-haze-herbata-czarna-cynamonowa-20-torebek\/","og_site_name":"Mix Market - Supermarket z wszystkim co potrzeba","og_image":[{"width":2000,"height":2000,"url":"https:\/\/racom.com.pl\/wp-content\/uploads\/2025\/07\/allegro_687aad5dc53548.97466964_f157057e4d068bc61769dce19e1e.jpg","type":"image\/jpeg"}],"twitter_card":"summary_large_image","schema":{"@context":"https:\/\/schema.org","@graph":[{"@type":"WebPage","@id":"https:\/\/racom.com.pl\/index.php\/produkt\/ahmad-tea-cinnamon-haze-herbata-czarna-cynamonowa-20-torebek\/","url":"https:\/\/racom.com.pl\/index.php\/produkt\/ahmad-tea-cinnamon-haze-herbata-czarna-cynamonowa-20-torebek\/","name":"Ahmad Tea Cinnamon Haze Herbata czarna Cynamonowa 20 torebek - Mix Market - Supermarket z wszystkim co potrzeba","isPartOf":{"@id":"https:\/\/racom.com.pl\/#website"},"primaryImageOfPage":{"@id":"https:\/\/racom.com.pl\/index.php\/produkt\/ahmad-tea-cinnamon-haze-herbata-czarna-cynamonowa-20-torebek\/#primaryimage"},"image":{"@id":"https:\/\/racom.com.pl\/index.php\/produkt\/ahmad-tea-cinnamon-haze-herbata-czarna-cynamonowa-20-torebek\/#primaryimage"},"thumbnailUrl":"https:\/\/racom.com.pl\/wp-content\/uploads\/2025\/07\/allegro_687aad5dc53548.97466964_f157057e4d068bc61769dce19e1e.jpg","datePublished":"2025-07-18T20:23:20+00:00","breadcrumb":{"@id":"https:\/\/racom.com.pl\/index.php\/produkt\/ahmad-tea-cinnamon-haze-herbata-czarna-cynamonowa-20-torebek\/#breadcrumb"},"inLanguage":"pl-PL","potentialAction":[{"@type":"ReadAction","target":["https:\/\/racom.com.pl\/index.php\/produkt\/ahmad-tea-cinnamon-haze-herbata-czarna-cynamonowa-20-torebek\/"]}]},{"@type":"ImageObject","inLanguage":"pl-PL","@id":"https:\/\/racom.com.pl\/index.php\/produkt\/ahmad-tea-cinnamon-haze-herbata-czarna-cynamonowa-20-torebek\/#primaryimage","url":"https:\/\/racom.com.pl\/wp-content\/uploads\/2025\/07\/allegro_687aad5dc53548.97466964_f157057e4d068bc61769dce19e1e.jpg","contentUrl":"https:\/\/racom.com.pl\/wp-content\/uploads\/2025\/07\/allegro_687aad5dc53548.97466964_f157057e4d068bc61769dce19e1e.jpg","width":2000,"height":2000},{"@type":"BreadcrumbList","@id":"https:\/\/racom.com.pl\/index.php\/produkt\/ahmad-tea-cinnamon-haze-herbata-czarna-cynamonowa-20-torebek\/#breadcrumb","itemListElement":[{"@type":"ListItem","position":1,"name":"Strona g\u0142\u00f3wna","item":"https:\/\/racom.com.pl\/"},{"@type":"ListItem","position":2,"name":"Sklep","item":"https:\/\/racom.com.pl\/"},{"@type":"ListItem","position":3,"name":"Ahmad Tea Cinnamon Haze Herbata czarna Cynamonowa 20 torebek"}]},{"@type":"WebSite","@id":"https:\/\/racom.com.pl\/#website","url":"https:\/\/racom.com.pl\/","name":"Mix Market - Supermarket z wszystkim co potrzeba do domu i nie tylko","description":"","publisher":{"@id":"https:\/\/racom.com.pl\/#organization"},"potentialAction":[{"@type":"SearchAction","target":{"@type":"EntryPoint","urlTemplate":"https:\/\/racom.com.pl\/?s={search_term_string}"},"query-input":{"@type":"PropertyValueSpecification","valueRequired":true,"valueName":"search_term_string"}}],"inLanguage":"pl-PL"},{"@type":"Organization","@id":"https:\/\/racom.com.pl\/#organization","name":"Mix Market - Supermarket z wszystkim co potrzeba do domu i nie tylko","url":"https:\/\/racom.com.pl\/","logo":{"@type":"ImageObject","inLanguage":"pl-PL","@id":"https:\/\/racom.com.pl\/#\/schema\/logo\/image\/","url":"https:\/\/racom.com.pl\/wp-content\/uploads\/2025\/07\/mixmarket_logo.png","contentUrl":"https:\/\/racom.com.pl\/wp-content\/uploads\/2025\/07\/mixmarket_logo.png","width":1024,"height":1024,"caption":"Mix Market - Supermarket z wszystkim co potrzeba do domu i nie tylko"},"image":{"@id":"https:\/\/racom.com.pl\/#\/schema\/logo\/image\/"}}]}},"_links":{"self":[{"href":"https:\/\/racom.com.pl\/index.php\/wp-json\/wp\/v2\/product\/2213","targetHints":{"allow":["GET"]}}],"collection":[{"href":"https:\/\/racom.com.pl\/index.php\/wp-json\/wp\/v2\/product"}],"about":[{"href":"https:\/\/racom.com.pl\/index.php\/wp-json\/wp\/v2\/types\/product"}],"replies":[{"embeddable":true,"href":"https:\/\/racom.com.pl\/index.php\/wp-json\/wp\/v2\/comments?post=2213"}],"wp:featuredmedia":[{"embeddable":true,"href":"https:\/\/racom.com.pl\/index.php\/wp-json\/wp\/v2\/media\/2216"}],"wp:attachment":[{"href":"https:\/\/racom.com.pl\/index.php\/wp-json\/wp\/v2\/media?parent=2213"}],"wp:term":[{"taxonomy":"product_brand","embeddable":true,"href":"https:\/\/racom.com.pl\/index.php\/wp-json\/wp\/v2\/product_brand?post=2213"},{"taxonomy":"product_cat","embeddable":true,"href":"https:\/\/racom.com.pl\/index.php\/wp-json\/wp\/v2\/product_cat?post=2213"},{"taxonomy":"product_tag","embeddable":true,"href":"https:\/\/racom.com.pl\/index.php\/wp-json\/wp\/v2\/product_tag?post=2213"}],"curies":[{"name":"wp","href":"https:\/\/api.w.org\/{rel}","templated":true}]}}