{"id":2217,"date":"2025-07-18T22:24:06","date_gmt":"2025-07-18T20:24:06","guid":{"rendered":"http:\/\/192.168.2.106\/index.php\/produkt\/ahmad-tea-english-breakfast-herbata-ekspresowa-100-torebek-bez-zawieszki\/"},"modified":"2025-07-18T22:24:06","modified_gmt":"2025-07-18T20:24:06","slug":"ahmad-tea-english-breakfast-herbata-ekspresowa-100-torebek-bez-zawieszki","status":"publish","type":"product","link":"https:\/\/racom.com.pl\/index.php\/produkt\/ahmad-tea-english-breakfast-herbata-ekspresowa-100-torebek-bez-zawieszki\/","title":{"rendered":"Ahmad Tea English Breakfast Herbata Ekspresowa 100 Torebek bez Zawieszki"},"content":{"rendered":"<h2>Ahmad TEA&nbsp;English Breakfast<\/h2>\n<h2>100 torebek bez zawieszki<\/h2>\n<p>Herbata<b> czarna 100szt x 2 gramy<\/b><\/p>\n<p>Opakowanie: <b>200 gram<\/b><\/p>\n<p>Je\u015bli masz ju\u017c do\u015b\u0107 porannej kawy doskona\u0142\u0105 alternatyw\u0105 jest szlachetna angielska herbata \u015bniadaniowa.<\/p>\n<p>Mocna, pe\u0142na smaku, pobudzaj\u0105ca klasyczna mieszanka wy\u015bmienitych herbat.<\/p>\n<p>Anglicy uwielbiaj\u0105 j\u0105 z mlekiem, ale r\u00f3wnie doskonale smakuje bez dodatk\u00f3w.<\/p>\n<p>Ahmad Tea London jest symbolem najlepszych herbat<\/p>\n<h2>Ahmad Tea London jest symbolem najlepszych herbat.<\/h2>\n<p>Firma powsta\u0142a dzi\u0119ki wiedzy i do\u015bwiadczeniu rodziny, kt\u00f3ra od kilku pokole\u0144 czuwa nad procesem uprawy, przygotowania mieszanek oraz pakowania i dystrybucji.<\/p>\n<p>Wnikliwa selekcja i tradycyjne metody r\u0119cznego zrywania li\u015bci sprawiaj\u0105, \u017ce herbata Ahmad Tea London zachowuje najwy\u017csz\u0105 jako\u015b\u0107, wyrazisty kolor oraz niepowtarzalny smak i aromat w ka\u017cdej fili\u017cance.<\/p>\n<p>Jak przysta\u0142o na herbat\u0119 zrodzon\u0105 z pasji, siedzib\u0105 firmy Ahmad Tea London jest Wielka Brytania \u2013 kraj, w kt\u00f3rym picie herbaty jest narodowym rytua\u0142em.<\/p>\n<ul>\n<li><b>Czarne smakowe<\/b>:malina, truskawka, cynamon, vanillia, mango, jab\u0142ko, brzoskwinia, morela, czarna porzeczka, cytryna<\/li>\n<li><b>Zielone smakowe<\/b>: truskawka-kiwi, malina-granat, cytryna, ja\u015bmin, mi\u0119ta, oraz czysta zielona<\/li>\n<li><b>Czyste czarne herbaty<\/b>: darjeeling, ceylon, tea no.1, breakfast, earl grey oraz bezkofeinowa<\/li>\n<li><b>Napary:<\/b> mi\u0119ta cytryna, rooibos cynamon, mix cytrus\u00f3w, mix owoce le\u015bne, rumianek, imbir-cytryna, dzika r\u00f3\u017ca-wi\u015bnia<\/li>\n<\/ul>\n<h2>&nbsp;&nbsp;&nbsp;&nbsp;&nbsp;&nbsp;&nbsp;&nbsp;&nbsp;&nbsp;&nbsp;&nbsp;&nbsp;&nbsp;&nbsp;&nbsp;&nbsp;&nbsp;&nbsp;&nbsp;&nbsp;&nbsp;&nbsp;&nbsp;&nbsp;&nbsp;&nbsp;&nbsp;&nbsp;&nbsp;&nbsp;&nbsp;&nbsp;&nbsp;&nbsp;&nbsp;&nbsp;&nbsp;&nbsp;&nbsp;&nbsp;&nbsp;&nbsp;&nbsp;&nbsp;&nbsp;&nbsp;&nbsp;&nbsp;&nbsp;&nbsp;&nbsp;<\/h2>\n<p>&nbsp;&nbsp;&nbsp;&nbsp;&nbsp;&nbsp;&nbsp;&nbsp;&nbsp;&nbsp;&nbsp;&nbsp;&nbsp;&nbsp;&nbsp;&nbsp;&nbsp;&nbsp;&nbsp;&nbsp;&nbsp;&nbsp;&nbsp;&nbsp;&nbsp;&nbsp;&nbsp;&nbsp;&nbsp;&nbsp;&nbsp;&nbsp;&nbsp;&nbsp;&nbsp;&nbsp;&nbsp;&nbsp;&nbsp;&nbsp;&nbsp;&nbsp;&nbsp;&nbsp;&nbsp;&nbsp;&nbsp;&nbsp;&nbsp;&nbsp;&nbsp;&nbsp;&nbsp;&nbsp;&nbsp;&nbsp;&nbsp;&nbsp;&nbsp;&nbsp;&nbsp;&nbsp;&nbsp;&nbsp;&nbsp;&nbsp;&nbsp;&nbsp;&nbsp;&nbsp;&nbsp;&nbsp;&nbsp;&nbsp;&nbsp;&nbsp;&nbsp;&nbsp;&nbsp;&nbsp;&nbsp;&nbsp;&nbsp;&nbsp;&nbsp;&nbsp;&nbsp;&nbsp;&nbsp;&nbsp;&nbsp;&nbsp;<\/p>\n","protected":false},"excerpt":{"rendered":"<p>Ahmad TEA&nbsp;English Breakfast 100 torebek bez zawieszki Herbata czarna 100szt x 2 gramy Opakowanie: 200 gram Je\u015bli masz ju\u017c do\u015b\u0107 porannej kawy doskona\u0142\u0105 alternatyw\u0105 jest szlachetna angielska herbata \u015bniadaniowa. Mocna, pe\u0142na smaku, pobudzaj\u0105ca klasyczna mieszanka wy\u015bmienitych herbat. Anglicy uwielbiaj\u0105 j\u0105 z mlekiem, ale r\u00f3wnie doskonale smakuje bez dodatk\u00f3w. Ahmad Tea London jest symbolem najlepszych herbat [&hellip;]<\/p>\n","protected":false},"featured_media":2220,"comment_status":"open","ping_status":"closed","template":"","meta":[],"product_brand":[142],"product_cat":[141],"product_tag":[],"class_list":{"0":"post-2217","1":"product","2":"type-product","3":"status-publish","4":"has-post-thumbnail","6":"product_brand-ahmad-tea","7":"product_cat-herbata-i-napary","9":"first","10":"instock","11":"taxable","12":"shipping-taxable","13":"purchasable","14":"product-type-simple"},"yoast_head":"<!-- This site is optimized with the Yoast SEO plugin v27.3 - https:\/\/yoast.com\/product\/yoast-seo-wordpress\/ -->\n<title>Ahmad Tea English Breakfast Herbata Ekspresowa 100 Torebek bez Zawieszki - Mix Market - Supermarket z wszystkim co potrzeba<\/title>\n<meta name=\"robots\" content=\"index, follow, max-snippet:-1, max-image-preview:large, max-video-preview:-1\" \/>\n<link rel=\"canonical\" href=\"https:\/\/racom.com.pl\/index.php\/produkt\/ahmad-tea-english-breakfast-herbata-ekspresowa-100-torebek-bez-zawieszki\/\" \/>\n<meta property=\"og:locale\" content=\"pl_PL\" \/>\n<meta property=\"og:type\" content=\"article\" \/>\n<meta property=\"og:title\" content=\"Ahmad Tea English Breakfast Herbata Ekspresowa 100 Torebek bez Zawieszki - Mix Market - Supermarket z wszystkim co potrzeba\" \/>\n<meta property=\"og:description\" content=\"Ahmad TEA&nbsp;English Breakfast 100 torebek bez zawieszki Herbata czarna 100szt x 2 gramy Opakowanie: 200 gram Je\u015bli masz ju\u017c do\u015b\u0107 porannej kawy doskona\u0142\u0105 alternatyw\u0105 jest szlachetna angielska herbata \u015bniadaniowa. Mocna, pe\u0142na smaku, pobudzaj\u0105ca klasyczna mieszanka wy\u015bmienitych herbat. Anglicy uwielbiaj\u0105 j\u0105 z mlekiem, ale r\u00f3wnie doskonale smakuje bez dodatk\u00f3w. Ahmad Tea London jest symbolem najlepszych herbat [&hellip;]\" \/>\n<meta property=\"og:url\" content=\"https:\/\/racom.com.pl\/index.php\/produkt\/ahmad-tea-english-breakfast-herbata-ekspresowa-100-torebek-bez-zawieszki\/\" \/>\n<meta property=\"og:site_name\" content=\"Mix Market - Supermarket z wszystkim co potrzeba\" \/>\n<meta property=\"og:image\" content=\"https:\/\/racom.com.pl\/wp-content\/uploads\/2025\/07\/allegro_687aad946598d5.82519279_e85e8be24dd5a254cac58c7b57eb.jpg\" \/>\n\t<meta property=\"og:image:width\" content=\"1716\" \/>\n\t<meta property=\"og:image:height\" content=\"1916\" \/>\n\t<meta property=\"og:image:type\" content=\"image\/jpeg\" \/>\n<meta name=\"twitter:card\" content=\"summary_large_image\" \/>\n<meta name=\"twitter:label1\" content=\"Szacowany czas czytania\" \/>\n\t<meta name=\"twitter:data1\" content=\"2 minuty\" \/>\n<script type=\"application\/ld+json\" class=\"yoast-schema-graph\">{\"@context\":\"https:\\\/\\\/schema.org\",\"@graph\":[{\"@type\":\"WebPage\",\"@id\":\"https:\\\/\\\/racom.com.pl\\\/index.php\\\/produkt\\\/ahmad-tea-english-breakfast-herbata-ekspresowa-100-torebek-bez-zawieszki\\\/\",\"url\":\"https:\\\/\\\/racom.com.pl\\\/index.php\\\/produkt\\\/ahmad-tea-english-breakfast-herbata-ekspresowa-100-torebek-bez-zawieszki\\\/\",\"name\":\"Ahmad Tea English Breakfast Herbata Ekspresowa 100 Torebek bez Zawieszki - Mix Market - Supermarket z wszystkim co potrzeba\",\"isPartOf\":{\"@id\":\"https:\\\/\\\/racom.com.pl\\\/#website\"},\"primaryImageOfPage\":{\"@id\":\"https:\\\/\\\/racom.com.pl\\\/index.php\\\/produkt\\\/ahmad-tea-english-breakfast-herbata-ekspresowa-100-torebek-bez-zawieszki\\\/#primaryimage\"},\"image\":{\"@id\":\"https:\\\/\\\/racom.com.pl\\\/index.php\\\/produkt\\\/ahmad-tea-english-breakfast-herbata-ekspresowa-100-torebek-bez-zawieszki\\\/#primaryimage\"},\"thumbnailUrl\":\"https:\\\/\\\/racom.com.pl\\\/wp-content\\\/uploads\\\/2025\\\/07\\\/allegro_687aad946598d5.82519279_e85e8be24dd5a254cac58c7b57eb.jpg\",\"datePublished\":\"2025-07-18T20:24:06+00:00\",\"breadcrumb\":{\"@id\":\"https:\\\/\\\/racom.com.pl\\\/index.php\\\/produkt\\\/ahmad-tea-english-breakfast-herbata-ekspresowa-100-torebek-bez-zawieszki\\\/#breadcrumb\"},\"inLanguage\":\"pl-PL\",\"potentialAction\":[{\"@type\":\"ReadAction\",\"target\":[\"https:\\\/\\\/racom.com.pl\\\/index.php\\\/produkt\\\/ahmad-tea-english-breakfast-herbata-ekspresowa-100-torebek-bez-zawieszki\\\/\"]}]},{\"@type\":\"ImageObject\",\"inLanguage\":\"pl-PL\",\"@id\":\"https:\\\/\\\/racom.com.pl\\\/index.php\\\/produkt\\\/ahmad-tea-english-breakfast-herbata-ekspresowa-100-torebek-bez-zawieszki\\\/#primaryimage\",\"url\":\"https:\\\/\\\/racom.com.pl\\\/wp-content\\\/uploads\\\/2025\\\/07\\\/allegro_687aad946598d5.82519279_e85e8be24dd5a254cac58c7b57eb.jpg\",\"contentUrl\":\"https:\\\/\\\/racom.com.pl\\\/wp-content\\\/uploads\\\/2025\\\/07\\\/allegro_687aad946598d5.82519279_e85e8be24dd5a254cac58c7b57eb.jpg\",\"width\":1716,\"height\":1916},{\"@type\":\"BreadcrumbList\",\"@id\":\"https:\\\/\\\/racom.com.pl\\\/index.php\\\/produkt\\\/ahmad-tea-english-breakfast-herbata-ekspresowa-100-torebek-bez-zawieszki\\\/#breadcrumb\",\"itemListElement\":[{\"@type\":\"ListItem\",\"position\":1,\"name\":\"Strona g\u0142\u00f3wna\",\"item\":\"https:\\\/\\\/racom.com.pl\\\/\"},{\"@type\":\"ListItem\",\"position\":2,\"name\":\"Sklep\",\"item\":\"https:\\\/\\\/racom.com.pl\\\/\"},{\"@type\":\"ListItem\",\"position\":3,\"name\":\"Ahmad Tea English Breakfast Herbata Ekspresowa 100 Torebek bez Zawieszki\"}]},{\"@type\":\"WebSite\",\"@id\":\"https:\\\/\\\/racom.com.pl\\\/#website\",\"url\":\"https:\\\/\\\/racom.com.pl\\\/\",\"name\":\"Mix Market - Supermarket z wszystkim co potrzeba do domu i nie tylko\",\"description\":\"\",\"publisher\":{\"@id\":\"https:\\\/\\\/racom.com.pl\\\/#organization\"},\"potentialAction\":[{\"@type\":\"SearchAction\",\"target\":{\"@type\":\"EntryPoint\",\"urlTemplate\":\"https:\\\/\\\/racom.com.pl\\\/?s={search_term_string}\"},\"query-input\":{\"@type\":\"PropertyValueSpecification\",\"valueRequired\":true,\"valueName\":\"search_term_string\"}}],\"inLanguage\":\"pl-PL\"},{\"@type\":\"Organization\",\"@id\":\"https:\\\/\\\/racom.com.pl\\\/#organization\",\"name\":\"Mix Market - Supermarket z wszystkim co potrzeba do domu i nie tylko\",\"url\":\"https:\\\/\\\/racom.com.pl\\\/\",\"logo\":{\"@type\":\"ImageObject\",\"inLanguage\":\"pl-PL\",\"@id\":\"https:\\\/\\\/racom.com.pl\\\/#\\\/schema\\\/logo\\\/image\\\/\",\"url\":\"https:\\\/\\\/racom.com.pl\\\/wp-content\\\/uploads\\\/2025\\\/07\\\/mixmarket_logo.png\",\"contentUrl\":\"https:\\\/\\\/racom.com.pl\\\/wp-content\\\/uploads\\\/2025\\\/07\\\/mixmarket_logo.png\",\"width\":1024,\"height\":1024,\"caption\":\"Mix Market - Supermarket z wszystkim co potrzeba do domu i nie tylko\"},\"image\":{\"@id\":\"https:\\\/\\\/racom.com.pl\\\/#\\\/schema\\\/logo\\\/image\\\/\"}}]}<\/script>\n<!-- \/ Yoast SEO plugin. -->","yoast_head_json":{"title":"Ahmad Tea English Breakfast Herbata Ekspresowa 100 Torebek bez Zawieszki - Mix Market - Supermarket z wszystkim co potrzeba","robots":{"index":"index","follow":"follow","max-snippet":"max-snippet:-1","max-image-preview":"max-image-preview:large","max-video-preview":"max-video-preview:-1"},"canonical":"https:\/\/racom.com.pl\/index.php\/produkt\/ahmad-tea-english-breakfast-herbata-ekspresowa-100-torebek-bez-zawieszki\/","og_locale":"pl_PL","og_type":"article","og_title":"Ahmad Tea English Breakfast Herbata Ekspresowa 100 Torebek bez Zawieszki - Mix Market - Supermarket z wszystkim co potrzeba","og_description":"Ahmad TEA&nbsp;English Breakfast 100 torebek bez zawieszki Herbata czarna 100szt x 2 gramy Opakowanie: 200 gram Je\u015bli masz ju\u017c do\u015b\u0107 porannej kawy doskona\u0142\u0105 alternatyw\u0105 jest szlachetna angielska herbata \u015bniadaniowa. Mocna, pe\u0142na smaku, pobudzaj\u0105ca klasyczna mieszanka wy\u015bmienitych herbat. Anglicy uwielbiaj\u0105 j\u0105 z mlekiem, ale r\u00f3wnie doskonale smakuje bez dodatk\u00f3w. Ahmad Tea London jest symbolem najlepszych herbat [&hellip;]","og_url":"https:\/\/racom.com.pl\/index.php\/produkt\/ahmad-tea-english-breakfast-herbata-ekspresowa-100-torebek-bez-zawieszki\/","og_site_name":"Mix Market - Supermarket z wszystkim co potrzeba","og_image":[{"width":1716,"height":1916,"url":"https:\/\/racom.com.pl\/wp-content\/uploads\/2025\/07\/allegro_687aad946598d5.82519279_e85e8be24dd5a254cac58c7b57eb.jpg","type":"image\/jpeg"}],"twitter_card":"summary_large_image","twitter_misc":{"Szacowany czas czytania":"2 minuty"},"schema":{"@context":"https:\/\/schema.org","@graph":[{"@type":"WebPage","@id":"https:\/\/racom.com.pl\/index.php\/produkt\/ahmad-tea-english-breakfast-herbata-ekspresowa-100-torebek-bez-zawieszki\/","url":"https:\/\/racom.com.pl\/index.php\/produkt\/ahmad-tea-english-breakfast-herbata-ekspresowa-100-torebek-bez-zawieszki\/","name":"Ahmad Tea English Breakfast Herbata Ekspresowa 100 Torebek bez Zawieszki - Mix Market - Supermarket z wszystkim co potrzeba","isPartOf":{"@id":"https:\/\/racom.com.pl\/#website"},"primaryImageOfPage":{"@id":"https:\/\/racom.com.pl\/index.php\/produkt\/ahmad-tea-english-breakfast-herbata-ekspresowa-100-torebek-bez-zawieszki\/#primaryimage"},"image":{"@id":"https:\/\/racom.com.pl\/index.php\/produkt\/ahmad-tea-english-breakfast-herbata-ekspresowa-100-torebek-bez-zawieszki\/#primaryimage"},"thumbnailUrl":"https:\/\/racom.com.pl\/wp-content\/uploads\/2025\/07\/allegro_687aad946598d5.82519279_e85e8be24dd5a254cac58c7b57eb.jpg","datePublished":"2025-07-18T20:24:06+00:00","breadcrumb":{"@id":"https:\/\/racom.com.pl\/index.php\/produkt\/ahmad-tea-english-breakfast-herbata-ekspresowa-100-torebek-bez-zawieszki\/#breadcrumb"},"inLanguage":"pl-PL","potentialAction":[{"@type":"ReadAction","target":["https:\/\/racom.com.pl\/index.php\/produkt\/ahmad-tea-english-breakfast-herbata-ekspresowa-100-torebek-bez-zawieszki\/"]}]},{"@type":"ImageObject","inLanguage":"pl-PL","@id":"https:\/\/racom.com.pl\/index.php\/produkt\/ahmad-tea-english-breakfast-herbata-ekspresowa-100-torebek-bez-zawieszki\/#primaryimage","url":"https:\/\/racom.com.pl\/wp-content\/uploads\/2025\/07\/allegro_687aad946598d5.82519279_e85e8be24dd5a254cac58c7b57eb.jpg","contentUrl":"https:\/\/racom.com.pl\/wp-content\/uploads\/2025\/07\/allegro_687aad946598d5.82519279_e85e8be24dd5a254cac58c7b57eb.jpg","width":1716,"height":1916},{"@type":"BreadcrumbList","@id":"https:\/\/racom.com.pl\/index.php\/produkt\/ahmad-tea-english-breakfast-herbata-ekspresowa-100-torebek-bez-zawieszki\/#breadcrumb","itemListElement":[{"@type":"ListItem","position":1,"name":"Strona g\u0142\u00f3wna","item":"https:\/\/racom.com.pl\/"},{"@type":"ListItem","position":2,"name":"Sklep","item":"https:\/\/racom.com.pl\/"},{"@type":"ListItem","position":3,"name":"Ahmad Tea English Breakfast Herbata Ekspresowa 100 Torebek bez Zawieszki"}]},{"@type":"WebSite","@id":"https:\/\/racom.com.pl\/#website","url":"https:\/\/racom.com.pl\/","name":"Mix Market - Supermarket z wszystkim co potrzeba do domu i nie tylko","description":"","publisher":{"@id":"https:\/\/racom.com.pl\/#organization"},"potentialAction":[{"@type":"SearchAction","target":{"@type":"EntryPoint","urlTemplate":"https:\/\/racom.com.pl\/?s={search_term_string}"},"query-input":{"@type":"PropertyValueSpecification","valueRequired":true,"valueName":"search_term_string"}}],"inLanguage":"pl-PL"},{"@type":"Organization","@id":"https:\/\/racom.com.pl\/#organization","name":"Mix Market - Supermarket z wszystkim co potrzeba do domu i nie tylko","url":"https:\/\/racom.com.pl\/","logo":{"@type":"ImageObject","inLanguage":"pl-PL","@id":"https:\/\/racom.com.pl\/#\/schema\/logo\/image\/","url":"https:\/\/racom.com.pl\/wp-content\/uploads\/2025\/07\/mixmarket_logo.png","contentUrl":"https:\/\/racom.com.pl\/wp-content\/uploads\/2025\/07\/mixmarket_logo.png","width":1024,"height":1024,"caption":"Mix Market - Supermarket z wszystkim co potrzeba do domu i nie tylko"},"image":{"@id":"https:\/\/racom.com.pl\/#\/schema\/logo\/image\/"}}]}},"_links":{"self":[{"href":"https:\/\/racom.com.pl\/index.php\/wp-json\/wp\/v2\/product\/2217","targetHints":{"allow":["GET"]}}],"collection":[{"href":"https:\/\/racom.com.pl\/index.php\/wp-json\/wp\/v2\/product"}],"about":[{"href":"https:\/\/racom.com.pl\/index.php\/wp-json\/wp\/v2\/types\/product"}],"replies":[{"embeddable":true,"href":"https:\/\/racom.com.pl\/index.php\/wp-json\/wp\/v2\/comments?post=2217"}],"wp:featuredmedia":[{"embeddable":true,"href":"https:\/\/racom.com.pl\/index.php\/wp-json\/wp\/v2\/media\/2220"}],"wp:attachment":[{"href":"https:\/\/racom.com.pl\/index.php\/wp-json\/wp\/v2\/media?parent=2217"}],"wp:term":[{"taxonomy":"product_brand","embeddable":true,"href":"https:\/\/racom.com.pl\/index.php\/wp-json\/wp\/v2\/product_brand?post=2217"},{"taxonomy":"product_cat","embeddable":true,"href":"https:\/\/racom.com.pl\/index.php\/wp-json\/wp\/v2\/product_cat?post=2217"},{"taxonomy":"product_tag","embeddable":true,"href":"https:\/\/racom.com.pl\/index.php\/wp-json\/wp\/v2\/product_tag?post=2217"}],"curies":[{"name":"wp","href":"https:\/\/api.w.org\/{rel}","templated":true}]}}