{"id":2237,"date":"2025-07-18T22:27:40","date_gmt":"2025-07-18T20:27:40","guid":{"rendered":"http:\/\/192.168.2.106\/index.php\/produkt\/cukierki-roshen-milky-splash-toffi-z-nadzieniem-mlecznym-1kg\/"},"modified":"2025-07-18T22:27:40","modified_gmt":"2025-07-18T20:27:40","slug":"cukierki-roshen-milky-splash-toffi-z-nadzieniem-mlecznym-1kg","status":"publish","type":"product","link":"https:\/\/racom.com.pl\/index.php\/produkt\/cukierki-roshen-milky-splash-toffi-z-nadzieniem-mlecznym-1kg\/","title":{"rendered":"Cukierki Roshen Milky Splash toffi z nadzieniem mlecznym 1kg"},"content":{"rendered":"<h2>Cukierki Roshen Milky Splash Toffi 1 kg<\/h2>\n<p><b>Cukierki toffi z delikatnym mlecznym nadzieniem.<\/b><\/p>\n<ul>\n<li>S\u0142odka chwila przyjemno\u015bci.<\/li>\n<li>Uwielbiane przez dzieci i przez doros\u0142ych.<\/li>\n<li>Du\u017ce opakowanie 1kg to porcja s\u0142odyczy dla wszystkich- pocz\u0119stuj nimi swoich wsp\u00f3\u0142pracownik\u00f3w, klient\u00f3w na spotkaniu biznesowym, umil czas uczestnikom szkolenia i konferencji, delektuj si\u0119 nimi w gronie rodziny lub znajomych podczas popo\u0142udniowej kawy.<\/li>\n<\/ul>\n<p>Sk\u0142ad:<\/p>\n<ul>\n<li>cukier<\/li>\n<li>syrop glukozowy<\/li>\n<li>produkt mleczny zag\u0119szczony (mleko&nbsp;odt\u0142uszczone (27%), cukier, t\u0142uszcze ro\u015blinne (olej palmowy, olej s\u0142onecznikowy),&nbsp;laktoza)<\/li>\n<li>t\u0142uszcze ro\u015blinne (olej palmowy, cz\u0119\u015bciowo uwodornionego olej s\u0142onecznikowy)<\/li>\n<li>\u015bmietanka w proszku (z&nbsp;mleka)<\/li>\n<li>t\u0142uszcz&nbsp;mleczny<\/li>\n<li>mleko&nbsp;pe\u0142ne w proszku (2,6%)<\/li>\n<li>mleko&nbsp;w proszku odt\u0142uszczone (2,6%)<\/li>\n<li>t\u0142uszcz kakaowy<\/li>\n<li>substancja utrzymuj\u0105ca wilgo\u0107 (sorbitol)<\/li>\n<li>emulgatory: E471<\/li>\n<li>lecytyna&nbsp;sojowa<\/li>\n<li>aromaty<\/li>\n<li>substancja \u017celuj\u0105ca (karagen)<\/li>\n<li>s\u00f3l<\/li>\n<\/ul>\n","protected":false},"excerpt":{"rendered":"<p>Cukierki Roshen Milky Splash Toffi 1 kg Cukierki toffi z delikatnym mlecznym nadzieniem. S\u0142odka chwila przyjemno\u015bci. Uwielbiane przez dzieci i przez doros\u0142ych. Du\u017ce opakowanie 1kg to porcja s\u0142odyczy dla wszystkich- pocz\u0119stuj nimi swoich wsp\u00f3\u0142pracownik\u00f3w, klient\u00f3w na spotkaniu biznesowym, umil czas uczestnikom szkolenia i konferencji, delektuj si\u0119 nimi w gronie rodziny lub znajomych podczas popo\u0142udniowej kawy. [&hellip;]<\/p>\n","protected":false},"featured_media":2242,"comment_status":"open","ping_status":"closed","template":"","meta":[],"product_brand":[135],"product_cat":[120],"product_tag":[],"class_list":{"0":"post-2237","1":"product","2":"type-product","3":"status-publish","4":"has-post-thumbnail","6":"product_brand-roshen","7":"product_cat-slodycze-przekaski-desery","9":"first","10":"instock","11":"taxable","12":"shipping-taxable","13":"purchasable","14":"product-type-simple"},"yoast_head":"<!-- This site is optimized with the Yoast SEO plugin v27.3 - https:\/\/yoast.com\/product\/yoast-seo-wordpress\/ -->\n<title>Cukierki Roshen Milky Splash toffi z nadzieniem mlecznym 1kg - Mix Market - Supermarket z wszystkim co potrzeba<\/title>\n<meta name=\"robots\" content=\"index, follow, max-snippet:-1, max-image-preview:large, max-video-preview:-1\" \/>\n<link rel=\"canonical\" href=\"https:\/\/racom.com.pl\/index.php\/produkt\/cukierki-roshen-milky-splash-toffi-z-nadzieniem-mlecznym-1kg\/\" \/>\n<meta property=\"og:locale\" content=\"pl_PL\" \/>\n<meta property=\"og:type\" content=\"article\" \/>\n<meta property=\"og:title\" content=\"Cukierki Roshen Milky Splash toffi z nadzieniem mlecznym 1kg - Mix Market - Supermarket z wszystkim co potrzeba\" \/>\n<meta property=\"og:description\" content=\"Cukierki Roshen Milky Splash Toffi 1 kg Cukierki toffi z delikatnym mlecznym nadzieniem. S\u0142odka chwila przyjemno\u015bci. Uwielbiane przez dzieci i przez doros\u0142ych. Du\u017ce opakowanie 1kg to porcja s\u0142odyczy dla wszystkich- pocz\u0119stuj nimi swoich wsp\u00f3\u0142pracownik\u00f3w, klient\u00f3w na spotkaniu biznesowym, umil czas uczestnikom szkolenia i konferencji, delektuj si\u0119 nimi w gronie rodziny lub znajomych podczas popo\u0142udniowej kawy. [&hellip;]\" \/>\n<meta property=\"og:url\" content=\"https:\/\/racom.com.pl\/index.php\/produkt\/cukierki-roshen-milky-splash-toffi-z-nadzieniem-mlecznym-1kg\/\" \/>\n<meta property=\"og:site_name\" content=\"Mix Market - Supermarket z wszystkim co potrzeba\" \/>\n<meta property=\"og:image\" content=\"https:\/\/racom.com.pl\/wp-content\/uploads\/2025\/07\/allegro_687aae78a58176.57471170_cd83ecbd46a8a50504909f605f85.jpg\" \/>\n\t<meta property=\"og:image:width\" content=\"1500\" \/>\n\t<meta property=\"og:image:height\" content=\"817\" \/>\n\t<meta property=\"og:image:type\" content=\"image\/jpeg\" \/>\n<meta name=\"twitter:card\" content=\"summary_large_image\" \/>\n<meta name=\"twitter:label1\" content=\"Szacowany czas czytania\" \/>\n\t<meta name=\"twitter:data1\" content=\"1 minuta\" \/>\n<script type=\"application\/ld+json\" class=\"yoast-schema-graph\">{\"@context\":\"https:\\\/\\\/schema.org\",\"@graph\":[{\"@type\":\"WebPage\",\"@id\":\"https:\\\/\\\/racom.com.pl\\\/index.php\\\/produkt\\\/cukierki-roshen-milky-splash-toffi-z-nadzieniem-mlecznym-1kg\\\/\",\"url\":\"https:\\\/\\\/racom.com.pl\\\/index.php\\\/produkt\\\/cukierki-roshen-milky-splash-toffi-z-nadzieniem-mlecznym-1kg\\\/\",\"name\":\"Cukierki Roshen Milky Splash toffi z nadzieniem mlecznym 1kg - Mix Market - Supermarket z wszystkim co potrzeba\",\"isPartOf\":{\"@id\":\"https:\\\/\\\/racom.com.pl\\\/#website\"},\"primaryImageOfPage\":{\"@id\":\"https:\\\/\\\/racom.com.pl\\\/index.php\\\/produkt\\\/cukierki-roshen-milky-splash-toffi-z-nadzieniem-mlecznym-1kg\\\/#primaryimage\"},\"image\":{\"@id\":\"https:\\\/\\\/racom.com.pl\\\/index.php\\\/produkt\\\/cukierki-roshen-milky-splash-toffi-z-nadzieniem-mlecznym-1kg\\\/#primaryimage\"},\"thumbnailUrl\":\"https:\\\/\\\/racom.com.pl\\\/wp-content\\\/uploads\\\/2025\\\/07\\\/allegro_687aae78a58176.57471170_cd83ecbd46a8a50504909f605f85.jpg\",\"datePublished\":\"2025-07-18T20:27:40+00:00\",\"breadcrumb\":{\"@id\":\"https:\\\/\\\/racom.com.pl\\\/index.php\\\/produkt\\\/cukierki-roshen-milky-splash-toffi-z-nadzieniem-mlecznym-1kg\\\/#breadcrumb\"},\"inLanguage\":\"pl-PL\",\"potentialAction\":[{\"@type\":\"ReadAction\",\"target\":[\"https:\\\/\\\/racom.com.pl\\\/index.php\\\/produkt\\\/cukierki-roshen-milky-splash-toffi-z-nadzieniem-mlecznym-1kg\\\/\"]}]},{\"@type\":\"ImageObject\",\"inLanguage\":\"pl-PL\",\"@id\":\"https:\\\/\\\/racom.com.pl\\\/index.php\\\/produkt\\\/cukierki-roshen-milky-splash-toffi-z-nadzieniem-mlecznym-1kg\\\/#primaryimage\",\"url\":\"https:\\\/\\\/racom.com.pl\\\/wp-content\\\/uploads\\\/2025\\\/07\\\/allegro_687aae78a58176.57471170_cd83ecbd46a8a50504909f605f85.jpg\",\"contentUrl\":\"https:\\\/\\\/racom.com.pl\\\/wp-content\\\/uploads\\\/2025\\\/07\\\/allegro_687aae78a58176.57471170_cd83ecbd46a8a50504909f605f85.jpg\",\"width\":1500,\"height\":817},{\"@type\":\"BreadcrumbList\",\"@id\":\"https:\\\/\\\/racom.com.pl\\\/index.php\\\/produkt\\\/cukierki-roshen-milky-splash-toffi-z-nadzieniem-mlecznym-1kg\\\/#breadcrumb\",\"itemListElement\":[{\"@type\":\"ListItem\",\"position\":1,\"name\":\"Strona g\u0142\u00f3wna\",\"item\":\"https:\\\/\\\/racom.com.pl\\\/\"},{\"@type\":\"ListItem\",\"position\":2,\"name\":\"Sklep\",\"item\":\"https:\\\/\\\/racom.com.pl\\\/\"},{\"@type\":\"ListItem\",\"position\":3,\"name\":\"Cukierki Roshen Milky Splash toffi z nadzieniem mlecznym 1kg\"}]},{\"@type\":\"WebSite\",\"@id\":\"https:\\\/\\\/racom.com.pl\\\/#website\",\"url\":\"https:\\\/\\\/racom.com.pl\\\/\",\"name\":\"Mix Market - Supermarket z wszystkim co potrzeba do domu i nie tylko\",\"description\":\"\",\"publisher\":{\"@id\":\"https:\\\/\\\/racom.com.pl\\\/#organization\"},\"potentialAction\":[{\"@type\":\"SearchAction\",\"target\":{\"@type\":\"EntryPoint\",\"urlTemplate\":\"https:\\\/\\\/racom.com.pl\\\/?s={search_term_string}\"},\"query-input\":{\"@type\":\"PropertyValueSpecification\",\"valueRequired\":true,\"valueName\":\"search_term_string\"}}],\"inLanguage\":\"pl-PL\"},{\"@type\":\"Organization\",\"@id\":\"https:\\\/\\\/racom.com.pl\\\/#organization\",\"name\":\"Mix Market - Supermarket z wszystkim co potrzeba do domu i nie tylko\",\"url\":\"https:\\\/\\\/racom.com.pl\\\/\",\"logo\":{\"@type\":\"ImageObject\",\"inLanguage\":\"pl-PL\",\"@id\":\"https:\\\/\\\/racom.com.pl\\\/#\\\/schema\\\/logo\\\/image\\\/\",\"url\":\"https:\\\/\\\/racom.com.pl\\\/wp-content\\\/uploads\\\/2025\\\/07\\\/mixmarket_logo.png\",\"contentUrl\":\"https:\\\/\\\/racom.com.pl\\\/wp-content\\\/uploads\\\/2025\\\/07\\\/mixmarket_logo.png\",\"width\":1024,\"height\":1024,\"caption\":\"Mix Market - Supermarket z wszystkim co potrzeba do domu i nie tylko\"},\"image\":{\"@id\":\"https:\\\/\\\/racom.com.pl\\\/#\\\/schema\\\/logo\\\/image\\\/\"}}]}<\/script>\n<!-- \/ Yoast SEO plugin. -->","yoast_head_json":{"title":"Cukierki Roshen Milky Splash toffi z nadzieniem mlecznym 1kg - Mix Market - Supermarket z wszystkim co potrzeba","robots":{"index":"index","follow":"follow","max-snippet":"max-snippet:-1","max-image-preview":"max-image-preview:large","max-video-preview":"max-video-preview:-1"},"canonical":"https:\/\/racom.com.pl\/index.php\/produkt\/cukierki-roshen-milky-splash-toffi-z-nadzieniem-mlecznym-1kg\/","og_locale":"pl_PL","og_type":"article","og_title":"Cukierki Roshen Milky Splash toffi z nadzieniem mlecznym 1kg - Mix Market - Supermarket z wszystkim co potrzeba","og_description":"Cukierki Roshen Milky Splash Toffi 1 kg Cukierki toffi z delikatnym mlecznym nadzieniem. S\u0142odka chwila przyjemno\u015bci. Uwielbiane przez dzieci i przez doros\u0142ych. Du\u017ce opakowanie 1kg to porcja s\u0142odyczy dla wszystkich- pocz\u0119stuj nimi swoich wsp\u00f3\u0142pracownik\u00f3w, klient\u00f3w na spotkaniu biznesowym, umil czas uczestnikom szkolenia i konferencji, delektuj si\u0119 nimi w gronie rodziny lub znajomych podczas popo\u0142udniowej kawy. [&hellip;]","og_url":"https:\/\/racom.com.pl\/index.php\/produkt\/cukierki-roshen-milky-splash-toffi-z-nadzieniem-mlecznym-1kg\/","og_site_name":"Mix Market - Supermarket z wszystkim co potrzeba","og_image":[{"width":1500,"height":817,"url":"https:\/\/racom.com.pl\/wp-content\/uploads\/2025\/07\/allegro_687aae78a58176.57471170_cd83ecbd46a8a50504909f605f85.jpg","type":"image\/jpeg"}],"twitter_card":"summary_large_image","twitter_misc":{"Szacowany czas czytania":"1 minuta"},"schema":{"@context":"https:\/\/schema.org","@graph":[{"@type":"WebPage","@id":"https:\/\/racom.com.pl\/index.php\/produkt\/cukierki-roshen-milky-splash-toffi-z-nadzieniem-mlecznym-1kg\/","url":"https:\/\/racom.com.pl\/index.php\/produkt\/cukierki-roshen-milky-splash-toffi-z-nadzieniem-mlecznym-1kg\/","name":"Cukierki Roshen Milky Splash toffi z nadzieniem mlecznym 1kg - Mix Market - Supermarket z wszystkim co potrzeba","isPartOf":{"@id":"https:\/\/racom.com.pl\/#website"},"primaryImageOfPage":{"@id":"https:\/\/racom.com.pl\/index.php\/produkt\/cukierki-roshen-milky-splash-toffi-z-nadzieniem-mlecznym-1kg\/#primaryimage"},"image":{"@id":"https:\/\/racom.com.pl\/index.php\/produkt\/cukierki-roshen-milky-splash-toffi-z-nadzieniem-mlecznym-1kg\/#primaryimage"},"thumbnailUrl":"https:\/\/racom.com.pl\/wp-content\/uploads\/2025\/07\/allegro_687aae78a58176.57471170_cd83ecbd46a8a50504909f605f85.jpg","datePublished":"2025-07-18T20:27:40+00:00","breadcrumb":{"@id":"https:\/\/racom.com.pl\/index.php\/produkt\/cukierki-roshen-milky-splash-toffi-z-nadzieniem-mlecznym-1kg\/#breadcrumb"},"inLanguage":"pl-PL","potentialAction":[{"@type":"ReadAction","target":["https:\/\/racom.com.pl\/index.php\/produkt\/cukierki-roshen-milky-splash-toffi-z-nadzieniem-mlecznym-1kg\/"]}]},{"@type":"ImageObject","inLanguage":"pl-PL","@id":"https:\/\/racom.com.pl\/index.php\/produkt\/cukierki-roshen-milky-splash-toffi-z-nadzieniem-mlecznym-1kg\/#primaryimage","url":"https:\/\/racom.com.pl\/wp-content\/uploads\/2025\/07\/allegro_687aae78a58176.57471170_cd83ecbd46a8a50504909f605f85.jpg","contentUrl":"https:\/\/racom.com.pl\/wp-content\/uploads\/2025\/07\/allegro_687aae78a58176.57471170_cd83ecbd46a8a50504909f605f85.jpg","width":1500,"height":817},{"@type":"BreadcrumbList","@id":"https:\/\/racom.com.pl\/index.php\/produkt\/cukierki-roshen-milky-splash-toffi-z-nadzieniem-mlecznym-1kg\/#breadcrumb","itemListElement":[{"@type":"ListItem","position":1,"name":"Strona g\u0142\u00f3wna","item":"https:\/\/racom.com.pl\/"},{"@type":"ListItem","position":2,"name":"Sklep","item":"https:\/\/racom.com.pl\/"},{"@type":"ListItem","position":3,"name":"Cukierki Roshen Milky Splash toffi z nadzieniem mlecznym 1kg"}]},{"@type":"WebSite","@id":"https:\/\/racom.com.pl\/#website","url":"https:\/\/racom.com.pl\/","name":"Mix Market - Supermarket z wszystkim co potrzeba do domu i nie tylko","description":"","publisher":{"@id":"https:\/\/racom.com.pl\/#organization"},"potentialAction":[{"@type":"SearchAction","target":{"@type":"EntryPoint","urlTemplate":"https:\/\/racom.com.pl\/?s={search_term_string}"},"query-input":{"@type":"PropertyValueSpecification","valueRequired":true,"valueName":"search_term_string"}}],"inLanguage":"pl-PL"},{"@type":"Organization","@id":"https:\/\/racom.com.pl\/#organization","name":"Mix Market - Supermarket z wszystkim co potrzeba do domu i nie tylko","url":"https:\/\/racom.com.pl\/","logo":{"@type":"ImageObject","inLanguage":"pl-PL","@id":"https:\/\/racom.com.pl\/#\/schema\/logo\/image\/","url":"https:\/\/racom.com.pl\/wp-content\/uploads\/2025\/07\/mixmarket_logo.png","contentUrl":"https:\/\/racom.com.pl\/wp-content\/uploads\/2025\/07\/mixmarket_logo.png","width":1024,"height":1024,"caption":"Mix Market - Supermarket z wszystkim co potrzeba do domu i nie tylko"},"image":{"@id":"https:\/\/racom.com.pl\/#\/schema\/logo\/image\/"}}]}},"_links":{"self":[{"href":"https:\/\/racom.com.pl\/index.php\/wp-json\/wp\/v2\/product\/2237","targetHints":{"allow":["GET"]}}],"collection":[{"href":"https:\/\/racom.com.pl\/index.php\/wp-json\/wp\/v2\/product"}],"about":[{"href":"https:\/\/racom.com.pl\/index.php\/wp-json\/wp\/v2\/types\/product"}],"replies":[{"embeddable":true,"href":"https:\/\/racom.com.pl\/index.php\/wp-json\/wp\/v2\/comments?post=2237"}],"wp:featuredmedia":[{"embeddable":true,"href":"https:\/\/racom.com.pl\/index.php\/wp-json\/wp\/v2\/media\/2242"}],"wp:attachment":[{"href":"https:\/\/racom.com.pl\/index.php\/wp-json\/wp\/v2\/media?parent=2237"}],"wp:term":[{"taxonomy":"product_brand","embeddable":true,"href":"https:\/\/racom.com.pl\/index.php\/wp-json\/wp\/v2\/product_brand?post=2237"},{"taxonomy":"product_cat","embeddable":true,"href":"https:\/\/racom.com.pl\/index.php\/wp-json\/wp\/v2\/product_cat?post=2237"},{"taxonomy":"product_tag","embeddable":true,"href":"https:\/\/racom.com.pl\/index.php\/wp-json\/wp\/v2\/product_tag?post=2237"}],"curies":[{"name":"wp","href":"https:\/\/api.w.org\/{rel}","templated":true}]}}