{"id":2248,"date":"2025-07-18T22:29:20","date_gmt":"2025-07-18T20:29:20","guid":{"rendered":"http:\/\/192.168.2.106\/index.php\/produkt\/krem-klonowy-kanadyjski-maple-joe-maple-spread-200-g\/"},"modified":"2025-07-18T22:29:20","modified_gmt":"2025-07-18T20:29:20","slug":"krem-klonowy-kanadyjski-maple-joe-maple-spread-200-g","status":"publish","type":"product","link":"https:\/\/racom.com.pl\/index.php\/produkt\/krem-klonowy-kanadyjski-maple-joe-maple-spread-200-g\/","title":{"rendered":"Krem Klonowy Kanadyjski Maple Joe Maple Spread 200 g"},"content":{"rendered":"<h2>Krem klonowy Maple spread 200 g<\/h2>\n<ul>\n<li>Tylko jeden sk\u0142adnik w <b>100% naturalny<\/b> legendarny syrop klonowy Maple Joe<\/li>\n<li>Kremowa konsystencja uzyskana dzi\u0119ki w <b>100% naturalnemu<\/b> procesowi produkcyjnemu<\/li>\n<li>200g format w <b>100%<\/b> nadaj\u0105cym si\u0119 do recyklingu (szklany s\u0142\u00f3j i metalowa nakr\u0119tka)<\/li>\n<li>Krem klonowy, kt\u00f3ry jest w <b>100% smaczny<\/b> z wyra\u017anymi nutami aromatycznymi, pyszny z chlebem, na to\u015bcie, z jogurtem, jako dodatek do lod\u00f3w, ciast, itd.<\/li>\n<\/ul>\n<p>Odkryj legendarny smak w nowym, ob\u0142\u0119dnie kremowym wydaniu! Krem klonowy Maple Joe to w 100% czysty, organiczny produkt, stanowi\u0105cy naturaln\u0105 alternatyw\u0119 dla rafinowanego cukru. Dzi\u0119ki aksamitnej konsystencji, znakomicie sprawdzi si\u0119 jako dodatek do pieczywa, tost\u00f3w, jogurtu, lod\u00f3w i deser\u00f3w, podawanych na ciep\u0142o i zimno. W Kremie klonowym Maple Joe znajdziesz tylko jeden sk\u0142adnik \u2013 syrop klonowy. Jego idealnie kremowa natura to zas\u0142uga tradycyjnej metody produkcji, doskonale znanej mieszka\u0144com kanadyjskiej prowincji Quebeku. Gotowy syrop klonowy podgrzewa si\u0119 do temperatury ponad 100\u2103, a nast\u0119pnie sch\u0142adza do 52\u2103 i ubija a\u017c do uzyskania g\u0142adkiej, kremowej konsystencji i jasnobr\u0105zowej barwy. Organiczny charakter kremu akcentuje opakowanie, kt\u00f3re (oczywi\u015bcie!) w pe\u0142ni nadaje si\u0119 do recyklingu. Smacznego.<\/p>\n<p><b>Sk\u0142adniki:<\/b><\/p>\n<ul>\n<li>syrop klonowy 100%<\/li>\n<\/ul>\n<p><b>Warunki przechowywania:<\/b><\/p>\n<p>Przechowywa\u0107 w suchym i ch\u0142odnym miejscu.<\/p>\n<p><b>Pochodzenie:<\/b><\/p>\n<p>Wyprodukowano w \/ Kraj pochodzenia: Kanada<\/p>\n","protected":false},"excerpt":{"rendered":"<p>Krem klonowy Maple spread 200 g Tylko jeden sk\u0142adnik w 100% naturalny legendarny syrop klonowy Maple Joe Kremowa konsystencja uzyskana dzi\u0119ki w 100% naturalnemu procesowi produkcyjnemu 200g format w 100% nadaj\u0105cym si\u0119 do recyklingu (szklany s\u0142\u00f3j i metalowa nakr\u0119tka) Krem klonowy, kt\u00f3ry jest w 100% smaczny z wyra\u017anymi nutami aromatycznymi, pyszny z chlebem, na to\u015bcie, [&hellip;]<\/p>\n","protected":false},"featured_media":2251,"comment_status":"open","ping_status":"closed","template":"","meta":[],"product_brand":[138],"product_cat":[120],"product_tag":[],"class_list":{"0":"post-2248","1":"product","2":"type-product","3":"status-publish","4":"has-post-thumbnail","6":"product_brand-maple-joe","7":"product_cat-slodycze-przekaski-desery","9":"first","10":"instock","11":"taxable","12":"shipping-taxable","13":"purchasable","14":"product-type-simple"},"yoast_head":"<!-- This site is optimized with the Yoast SEO plugin v27.3 - https:\/\/yoast.com\/product\/yoast-seo-wordpress\/ -->\n<title>Krem Klonowy Kanadyjski Maple Joe Maple Spread 200 g - Mix Market - Supermarket z wszystkim co potrzeba<\/title>\n<meta name=\"robots\" content=\"index, follow, max-snippet:-1, max-image-preview:large, max-video-preview:-1\" \/>\n<link rel=\"canonical\" href=\"https:\/\/racom.com.pl\/index.php\/produkt\/krem-klonowy-kanadyjski-maple-joe-maple-spread-200-g\/\" \/>\n<meta property=\"og:locale\" content=\"pl_PL\" \/>\n<meta property=\"og:type\" content=\"article\" \/>\n<meta property=\"og:title\" content=\"Krem Klonowy Kanadyjski Maple Joe Maple Spread 200 g - Mix Market - Supermarket z wszystkim co potrzeba\" \/>\n<meta property=\"og:description\" content=\"Krem klonowy Maple spread 200 g Tylko jeden sk\u0142adnik w 100% naturalny legendarny syrop klonowy Maple Joe Kremowa konsystencja uzyskana dzi\u0119ki w 100% naturalnemu procesowi produkcyjnemu 200g format w 100% nadaj\u0105cym si\u0119 do recyklingu (szklany s\u0142\u00f3j i metalowa nakr\u0119tka) Krem klonowy, kt\u00f3ry jest w 100% smaczny z wyra\u017anymi nutami aromatycznymi, pyszny z chlebem, na to\u015bcie, [&hellip;]\" \/>\n<meta property=\"og:url\" content=\"https:\/\/racom.com.pl\/index.php\/produkt\/krem-klonowy-kanadyjski-maple-joe-maple-spread-200-g\/\" \/>\n<meta property=\"og:site_name\" content=\"Mix Market - Supermarket z wszystkim co potrzeba\" \/>\n<meta property=\"og:image\" content=\"https:\/\/racom.com.pl\/wp-content\/uploads\/2025\/07\/allegro_687aaeb415ab53.51944857_187c61dc4398a0a9d3dc3037f490.jpg\" \/>\n\t<meta property=\"og:image:width\" content=\"571\" \/>\n\t<meta property=\"og:image:height\" content=\"668\" \/>\n\t<meta property=\"og:image:type\" content=\"image\/jpeg\" \/>\n<meta name=\"twitter:card\" content=\"summary_large_image\" \/>\n<meta name=\"twitter:label1\" content=\"Szacowany czas czytania\" \/>\n\t<meta name=\"twitter:data1\" content=\"1 minuta\" \/>\n<script type=\"application\/ld+json\" class=\"yoast-schema-graph\">{\"@context\":\"https:\\\/\\\/schema.org\",\"@graph\":[{\"@type\":\"WebPage\",\"@id\":\"https:\\\/\\\/racom.com.pl\\\/index.php\\\/produkt\\\/krem-klonowy-kanadyjski-maple-joe-maple-spread-200-g\\\/\",\"url\":\"https:\\\/\\\/racom.com.pl\\\/index.php\\\/produkt\\\/krem-klonowy-kanadyjski-maple-joe-maple-spread-200-g\\\/\",\"name\":\"Krem Klonowy Kanadyjski Maple Joe Maple Spread 200 g - Mix Market - Supermarket z wszystkim co potrzeba\",\"isPartOf\":{\"@id\":\"https:\\\/\\\/racom.com.pl\\\/#website\"},\"primaryImageOfPage\":{\"@id\":\"https:\\\/\\\/racom.com.pl\\\/index.php\\\/produkt\\\/krem-klonowy-kanadyjski-maple-joe-maple-spread-200-g\\\/#primaryimage\"},\"image\":{\"@id\":\"https:\\\/\\\/racom.com.pl\\\/index.php\\\/produkt\\\/krem-klonowy-kanadyjski-maple-joe-maple-spread-200-g\\\/#primaryimage\"},\"thumbnailUrl\":\"https:\\\/\\\/racom.com.pl\\\/wp-content\\\/uploads\\\/2025\\\/07\\\/allegro_687aaeb415ab53.51944857_187c61dc4398a0a9d3dc3037f490.jpg\",\"datePublished\":\"2025-07-18T20:29:20+00:00\",\"breadcrumb\":{\"@id\":\"https:\\\/\\\/racom.com.pl\\\/index.php\\\/produkt\\\/krem-klonowy-kanadyjski-maple-joe-maple-spread-200-g\\\/#breadcrumb\"},\"inLanguage\":\"pl-PL\",\"potentialAction\":[{\"@type\":\"ReadAction\",\"target\":[\"https:\\\/\\\/racom.com.pl\\\/index.php\\\/produkt\\\/krem-klonowy-kanadyjski-maple-joe-maple-spread-200-g\\\/\"]}]},{\"@type\":\"ImageObject\",\"inLanguage\":\"pl-PL\",\"@id\":\"https:\\\/\\\/racom.com.pl\\\/index.php\\\/produkt\\\/krem-klonowy-kanadyjski-maple-joe-maple-spread-200-g\\\/#primaryimage\",\"url\":\"https:\\\/\\\/racom.com.pl\\\/wp-content\\\/uploads\\\/2025\\\/07\\\/allegro_687aaeb415ab53.51944857_187c61dc4398a0a9d3dc3037f490.jpg\",\"contentUrl\":\"https:\\\/\\\/racom.com.pl\\\/wp-content\\\/uploads\\\/2025\\\/07\\\/allegro_687aaeb415ab53.51944857_187c61dc4398a0a9d3dc3037f490.jpg\",\"width\":571,\"height\":668},{\"@type\":\"BreadcrumbList\",\"@id\":\"https:\\\/\\\/racom.com.pl\\\/index.php\\\/produkt\\\/krem-klonowy-kanadyjski-maple-joe-maple-spread-200-g\\\/#breadcrumb\",\"itemListElement\":[{\"@type\":\"ListItem\",\"position\":1,\"name\":\"Strona g\u0142\u00f3wna\",\"item\":\"https:\\\/\\\/racom.com.pl\\\/\"},{\"@type\":\"ListItem\",\"position\":2,\"name\":\"Sklep\",\"item\":\"https:\\\/\\\/racom.com.pl\\\/\"},{\"@type\":\"ListItem\",\"position\":3,\"name\":\"Krem Klonowy Kanadyjski Maple Joe Maple Spread 200 g\"}]},{\"@type\":\"WebSite\",\"@id\":\"https:\\\/\\\/racom.com.pl\\\/#website\",\"url\":\"https:\\\/\\\/racom.com.pl\\\/\",\"name\":\"Mix Market - Supermarket z wszystkim co potrzeba do domu i nie tylko\",\"description\":\"\",\"publisher\":{\"@id\":\"https:\\\/\\\/racom.com.pl\\\/#organization\"},\"potentialAction\":[{\"@type\":\"SearchAction\",\"target\":{\"@type\":\"EntryPoint\",\"urlTemplate\":\"https:\\\/\\\/racom.com.pl\\\/?s={search_term_string}\"},\"query-input\":{\"@type\":\"PropertyValueSpecification\",\"valueRequired\":true,\"valueName\":\"search_term_string\"}}],\"inLanguage\":\"pl-PL\"},{\"@type\":\"Organization\",\"@id\":\"https:\\\/\\\/racom.com.pl\\\/#organization\",\"name\":\"Mix Market - Supermarket z wszystkim co potrzeba do domu i nie tylko\",\"url\":\"https:\\\/\\\/racom.com.pl\\\/\",\"logo\":{\"@type\":\"ImageObject\",\"inLanguage\":\"pl-PL\",\"@id\":\"https:\\\/\\\/racom.com.pl\\\/#\\\/schema\\\/logo\\\/image\\\/\",\"url\":\"https:\\\/\\\/racom.com.pl\\\/wp-content\\\/uploads\\\/2025\\\/07\\\/mixmarket_logo.png\",\"contentUrl\":\"https:\\\/\\\/racom.com.pl\\\/wp-content\\\/uploads\\\/2025\\\/07\\\/mixmarket_logo.png\",\"width\":1024,\"height\":1024,\"caption\":\"Mix Market - Supermarket z wszystkim co potrzeba do domu i nie tylko\"},\"image\":{\"@id\":\"https:\\\/\\\/racom.com.pl\\\/#\\\/schema\\\/logo\\\/image\\\/\"}}]}<\/script>\n<!-- \/ Yoast SEO plugin. -->","yoast_head_json":{"title":"Krem Klonowy Kanadyjski Maple Joe Maple Spread 200 g - Mix Market - Supermarket z wszystkim co potrzeba","robots":{"index":"index","follow":"follow","max-snippet":"max-snippet:-1","max-image-preview":"max-image-preview:large","max-video-preview":"max-video-preview:-1"},"canonical":"https:\/\/racom.com.pl\/index.php\/produkt\/krem-klonowy-kanadyjski-maple-joe-maple-spread-200-g\/","og_locale":"pl_PL","og_type":"article","og_title":"Krem Klonowy Kanadyjski Maple Joe Maple Spread 200 g - Mix Market - Supermarket z wszystkim co potrzeba","og_description":"Krem klonowy Maple spread 200 g Tylko jeden sk\u0142adnik w 100% naturalny legendarny syrop klonowy Maple Joe Kremowa konsystencja uzyskana dzi\u0119ki w 100% naturalnemu procesowi produkcyjnemu 200g format w 100% nadaj\u0105cym si\u0119 do recyklingu (szklany s\u0142\u00f3j i metalowa nakr\u0119tka) Krem klonowy, kt\u00f3ry jest w 100% smaczny z wyra\u017anymi nutami aromatycznymi, pyszny z chlebem, na to\u015bcie, [&hellip;]","og_url":"https:\/\/racom.com.pl\/index.php\/produkt\/krem-klonowy-kanadyjski-maple-joe-maple-spread-200-g\/","og_site_name":"Mix Market - Supermarket z wszystkim co potrzeba","og_image":[{"width":571,"height":668,"url":"https:\/\/racom.com.pl\/wp-content\/uploads\/2025\/07\/allegro_687aaeb415ab53.51944857_187c61dc4398a0a9d3dc3037f490.jpg","type":"image\/jpeg"}],"twitter_card":"summary_large_image","twitter_misc":{"Szacowany czas czytania":"1 minuta"},"schema":{"@context":"https:\/\/schema.org","@graph":[{"@type":"WebPage","@id":"https:\/\/racom.com.pl\/index.php\/produkt\/krem-klonowy-kanadyjski-maple-joe-maple-spread-200-g\/","url":"https:\/\/racom.com.pl\/index.php\/produkt\/krem-klonowy-kanadyjski-maple-joe-maple-spread-200-g\/","name":"Krem Klonowy Kanadyjski Maple Joe Maple Spread 200 g - Mix Market - Supermarket z wszystkim co potrzeba","isPartOf":{"@id":"https:\/\/racom.com.pl\/#website"},"primaryImageOfPage":{"@id":"https:\/\/racom.com.pl\/index.php\/produkt\/krem-klonowy-kanadyjski-maple-joe-maple-spread-200-g\/#primaryimage"},"image":{"@id":"https:\/\/racom.com.pl\/index.php\/produkt\/krem-klonowy-kanadyjski-maple-joe-maple-spread-200-g\/#primaryimage"},"thumbnailUrl":"https:\/\/racom.com.pl\/wp-content\/uploads\/2025\/07\/allegro_687aaeb415ab53.51944857_187c61dc4398a0a9d3dc3037f490.jpg","datePublished":"2025-07-18T20:29:20+00:00","breadcrumb":{"@id":"https:\/\/racom.com.pl\/index.php\/produkt\/krem-klonowy-kanadyjski-maple-joe-maple-spread-200-g\/#breadcrumb"},"inLanguage":"pl-PL","potentialAction":[{"@type":"ReadAction","target":["https:\/\/racom.com.pl\/index.php\/produkt\/krem-klonowy-kanadyjski-maple-joe-maple-spread-200-g\/"]}]},{"@type":"ImageObject","inLanguage":"pl-PL","@id":"https:\/\/racom.com.pl\/index.php\/produkt\/krem-klonowy-kanadyjski-maple-joe-maple-spread-200-g\/#primaryimage","url":"https:\/\/racom.com.pl\/wp-content\/uploads\/2025\/07\/allegro_687aaeb415ab53.51944857_187c61dc4398a0a9d3dc3037f490.jpg","contentUrl":"https:\/\/racom.com.pl\/wp-content\/uploads\/2025\/07\/allegro_687aaeb415ab53.51944857_187c61dc4398a0a9d3dc3037f490.jpg","width":571,"height":668},{"@type":"BreadcrumbList","@id":"https:\/\/racom.com.pl\/index.php\/produkt\/krem-klonowy-kanadyjski-maple-joe-maple-spread-200-g\/#breadcrumb","itemListElement":[{"@type":"ListItem","position":1,"name":"Strona g\u0142\u00f3wna","item":"https:\/\/racom.com.pl\/"},{"@type":"ListItem","position":2,"name":"Sklep","item":"https:\/\/racom.com.pl\/"},{"@type":"ListItem","position":3,"name":"Krem Klonowy Kanadyjski Maple Joe Maple Spread 200 g"}]},{"@type":"WebSite","@id":"https:\/\/racom.com.pl\/#website","url":"https:\/\/racom.com.pl\/","name":"Mix Market - Supermarket z wszystkim co potrzeba do domu i nie tylko","description":"","publisher":{"@id":"https:\/\/racom.com.pl\/#organization"},"potentialAction":[{"@type":"SearchAction","target":{"@type":"EntryPoint","urlTemplate":"https:\/\/racom.com.pl\/?s={search_term_string}"},"query-input":{"@type":"PropertyValueSpecification","valueRequired":true,"valueName":"search_term_string"}}],"inLanguage":"pl-PL"},{"@type":"Organization","@id":"https:\/\/racom.com.pl\/#organization","name":"Mix Market - Supermarket z wszystkim co potrzeba do domu i nie tylko","url":"https:\/\/racom.com.pl\/","logo":{"@type":"ImageObject","inLanguage":"pl-PL","@id":"https:\/\/racom.com.pl\/#\/schema\/logo\/image\/","url":"https:\/\/racom.com.pl\/wp-content\/uploads\/2025\/07\/mixmarket_logo.png","contentUrl":"https:\/\/racom.com.pl\/wp-content\/uploads\/2025\/07\/mixmarket_logo.png","width":1024,"height":1024,"caption":"Mix Market - Supermarket z wszystkim co potrzeba do domu i nie tylko"},"image":{"@id":"https:\/\/racom.com.pl\/#\/schema\/logo\/image\/"}}]}},"_links":{"self":[{"href":"https:\/\/racom.com.pl\/index.php\/wp-json\/wp\/v2\/product\/2248","targetHints":{"allow":["GET"]}}],"collection":[{"href":"https:\/\/racom.com.pl\/index.php\/wp-json\/wp\/v2\/product"}],"about":[{"href":"https:\/\/racom.com.pl\/index.php\/wp-json\/wp\/v2\/types\/product"}],"replies":[{"embeddable":true,"href":"https:\/\/racom.com.pl\/index.php\/wp-json\/wp\/v2\/comments?post=2248"}],"wp:featuredmedia":[{"embeddable":true,"href":"https:\/\/racom.com.pl\/index.php\/wp-json\/wp\/v2\/media\/2251"}],"wp:attachment":[{"href":"https:\/\/racom.com.pl\/index.php\/wp-json\/wp\/v2\/media?parent=2248"}],"wp:term":[{"taxonomy":"product_brand","embeddable":true,"href":"https:\/\/racom.com.pl\/index.php\/wp-json\/wp\/v2\/product_brand?post=2248"},{"taxonomy":"product_cat","embeddable":true,"href":"https:\/\/racom.com.pl\/index.php\/wp-json\/wp\/v2\/product_cat?post=2248"},{"taxonomy":"product_tag","embeddable":true,"href":"https:\/\/racom.com.pl\/index.php\/wp-json\/wp\/v2\/product_tag?post=2248"}],"curies":[{"name":"wp","href":"https:\/\/api.w.org\/{rel}","templated":true}]}}