{"id":2252,"date":"2025-07-18T22:29:48","date_gmt":"2025-07-18T20:29:48","guid":{"rendered":"http:\/\/192.168.2.106\/index.php\/produkt\/herbapol-syrop-imbirowy-owocowa-spizarnia-imbir-z-witamina-c-31l\/"},"modified":"2025-07-18T22:29:48","modified_gmt":"2025-07-18T20:29:48","slug":"herbapol-syrop-imbirowy-owocowa-spizarnia-imbir-z-witamina-c-31l","status":"publish","type":"product","link":"https:\/\/racom.com.pl\/index.php\/produkt\/herbapol-syrop-imbirowy-owocowa-spizarnia-imbir-z-witamina-c-31l\/","title":{"rendered":"Herbapol SYROP Imbirowy Owocowa Spi\u017carnia IMBIR z witamin\u0105 C 3,1L"},"content":{"rendered":"<h2>SYROP OWOCOWA SPI\u017bARNIA O SMAKU IMBIROWYM 3100ML (3.1L) HERBAPOL<\/h2>\n<p><b>OWOCOWA SPI\u017bARNIA Imbirowa<\/b><\/p>\n<p><b>Suplement diety w p\u0142ynie z witamin\u0105 C o smaku imbirowym<\/b><\/p>\n<p>Przyjemnie rozgrzewaj\u0105cy imbirowy smak to doskona\u0142y dodatek zar\u00f3wno do ciep\u0142ych, jak i zimnych napoj\u00f3w. Zim\u0105 \u015bwietnie si\u0119 sprawdzi z gor\u0105ca wod\u0105 i cytryn\u0105 lub jako dodatek do herbaty. Latem b\u0119dzie doskona\u0142ym dope\u0142nieniem orze\u017awiaj\u0105cych napoj\u00f3w z lekko korzenn\u0105 nut\u0105.<\/p>\n<p>Dzi\u0119ki wysokiej jako\u015bci i g\u0119sto\u015bci jest niezwykle wydajny, a co wa\u017cniejsze \u2013 ma intensywny smak i kolor, kt\u00f3ry z pewno\u015bci\u0105 zachwyci Twoich klient\u00f3w.<\/p>\n<p>Przechowywa\u0107 w temperaturze pokojowej. Chroni\u0107 przed bezpo\u015brednim dzia\u0142aniem promieni s\u0142onecznych. Nie zamra\u017ca\u0107.<\/p>\n<p><b>Zalecane spo\u017cycie:<\/b>&nbsp;20 ml (1 naci\u015bni\u0119cie pompki) po rozcie\u0144czeniu wod\u0105 (200 ml).<\/p>\n<p>Spo\u017cywa\u0107 2 razy dziennie. Nie nale\u017cy przekracza\u0107 porcji zalecanej do spo\u017cycia w ci\u0105gu dnia.<\/p>\n<p>Opakowanie zawiera 71 zalecanych dziennych porcji po 40 ml.<\/p>\n<p>Warto\u015b\u0107 od\u017cywcza w 100 ml:<\/p>\n<p>Warto\u015b\u0107 energetyczna 1178 kJ\/277 kcal, t\u0142uszcz 0 g, w tym kwasy t\u0142uszczowe nasycone 0 g, w\u0119glowodany 69 g, w tym cukry 68 g, bia\u0142ko 0 g, s\u00f3l 0,01 g.<\/p>\n<p>Warto\u015b\u0107 od\u017cywcza w 40 ml:<\/p>\n<p>Warto\u015b\u0107 energetyczna&nbsp;471 kJ\/111 kcal, t\u0142uszcz 0 g, w tym kwasy t\u0142uszczowe nasycone 0 g, w\u0119glowodany 28 g, w tym cukry 27 g, bia\u0142ko 0 g, s\u00f3l &lt;0,01 g<\/p>\n<p><b>Sk\u0142ad:<\/b><\/p>\n<p>A \u2013 cukier lub B &#8211; syrop glukozowo-fruktozowy<\/p>\n<p>woda, wyci\u0105g z imbiru (5%)<\/p>\n<p>wyci\u0105g z korzenia lubczyka<\/p>\n<p>regulator kwasowo\u015bci: kwas cytrynowy<\/p>\n<p>naturalny aromat przypraw korzennych z innymi naturalnymi aromatami<\/p>\n<p>barwnik: E150d<\/p>\n<p>substancja konserwuj\u0105ca: benzoesan sodu<\/p>\n<p>zag\u0119szczony sok aroniowy<\/p>\n<p>witamina C.<\/p>\n<p><b>Litera (A lub B) umieszczona przy numerze partii wskazuje na u\u017cyty do produkcji sk\u0142adnik.<\/b><\/p>\n","protected":false},"excerpt":{"rendered":"<p>SYROP OWOCOWA SPI\u017bARNIA O SMAKU IMBIROWYM 3100ML (3.1L) HERBAPOL OWOCOWA SPI\u017bARNIA Imbirowa Suplement diety w p\u0142ynie z witamin\u0105 C o smaku imbirowym Przyjemnie rozgrzewaj\u0105cy imbirowy smak to doskona\u0142y dodatek zar\u00f3wno do ciep\u0142ych, jak i zimnych napoj\u00f3w. Zim\u0105 \u015bwietnie si\u0119 sprawdzi z gor\u0105ca wod\u0105 i cytryn\u0105 lub jako dodatek do herbaty. Latem b\u0119dzie doskona\u0142ym dope\u0142nieniem orze\u017awiaj\u0105cych [&hellip;]<\/p>\n","protected":false},"featured_media":2254,"comment_status":"open","ping_status":"closed","template":"","meta":[],"product_brand":[144],"product_cat":[116],"product_tag":[],"class_list":{"0":"post-2252","1":"product","2":"type-product","3":"status-publish","4":"has-post-thumbnail","6":"product_brand-herbapol","7":"product_cat-napoje-i-akcesoria","9":"first","10":"instock","11":"taxable","12":"shipping-taxable","13":"purchasable","14":"product-type-simple"},"yoast_head":"<!-- This site is optimized with the Yoast SEO plugin v27.3 - https:\/\/yoast.com\/product\/yoast-seo-wordpress\/ -->\n<title>Herbapol SYROP Imbirowy Owocowa Spi\u017carnia IMBIR z witamin\u0105 C 3,1L - Mix Market - Supermarket z wszystkim co potrzeba<\/title>\n<meta name=\"robots\" content=\"index, follow, max-snippet:-1, max-image-preview:large, max-video-preview:-1\" \/>\n<link rel=\"canonical\" href=\"https:\/\/racom.com.pl\/index.php\/produkt\/herbapol-syrop-imbirowy-owocowa-spizarnia-imbir-z-witamina-c-31l\/\" \/>\n<meta property=\"og:locale\" content=\"pl_PL\" \/>\n<meta property=\"og:type\" content=\"article\" \/>\n<meta property=\"og:title\" content=\"Herbapol SYROP Imbirowy Owocowa Spi\u017carnia IMBIR z witamin\u0105 C 3,1L - Mix Market - Supermarket z wszystkim co potrzeba\" \/>\n<meta property=\"og:description\" content=\"SYROP OWOCOWA SPI\u017bARNIA O SMAKU IMBIROWYM 3100ML (3.1L) HERBAPOL OWOCOWA SPI\u017bARNIA Imbirowa Suplement diety w p\u0142ynie z witamin\u0105 C o smaku imbirowym Przyjemnie rozgrzewaj\u0105cy imbirowy smak to doskona\u0142y dodatek zar\u00f3wno do ciep\u0142ych, jak i zimnych napoj\u00f3w. Zim\u0105 \u015bwietnie si\u0119 sprawdzi z gor\u0105ca wod\u0105 i cytryn\u0105 lub jako dodatek do herbaty. Latem b\u0119dzie doskona\u0142ym dope\u0142nieniem orze\u017awiaj\u0105cych [&hellip;]\" \/>\n<meta property=\"og:url\" content=\"https:\/\/racom.com.pl\/index.php\/produkt\/herbapol-syrop-imbirowy-owocowa-spizarnia-imbir-z-witamina-c-31l\/\" \/>\n<meta property=\"og:site_name\" content=\"Mix Market - Supermarket z wszystkim co potrzeba\" \/>\n<meta property=\"og:image\" content=\"https:\/\/racom.com.pl\/wp-content\/uploads\/2025\/07\/allegro_687aaec2c02b70.98713712_4ec358f14b798fd0ca87ee6f0ae8.jpg\" \/>\n\t<meta property=\"og:image:width\" content=\"2560\" \/>\n\t<meta property=\"og:image:height\" content=\"2560\" \/>\n\t<meta property=\"og:image:type\" content=\"image\/jpeg\" \/>\n<meta name=\"twitter:card\" content=\"summary_large_image\" \/>\n<meta name=\"twitter:label1\" content=\"Szacowany czas czytania\" \/>\n\t<meta name=\"twitter:data1\" content=\"1 minuta\" \/>\n<script type=\"application\/ld+json\" class=\"yoast-schema-graph\">{\"@context\":\"https:\\\/\\\/schema.org\",\"@graph\":[{\"@type\":\"WebPage\",\"@id\":\"https:\\\/\\\/racom.com.pl\\\/index.php\\\/produkt\\\/herbapol-syrop-imbirowy-owocowa-spizarnia-imbir-z-witamina-c-31l\\\/\",\"url\":\"https:\\\/\\\/racom.com.pl\\\/index.php\\\/produkt\\\/herbapol-syrop-imbirowy-owocowa-spizarnia-imbir-z-witamina-c-31l\\\/\",\"name\":\"Herbapol SYROP Imbirowy Owocowa Spi\u017carnia IMBIR z witamin\u0105 C 3,1L - Mix Market - Supermarket z wszystkim co potrzeba\",\"isPartOf\":{\"@id\":\"https:\\\/\\\/racom.com.pl\\\/#website\"},\"primaryImageOfPage\":{\"@id\":\"https:\\\/\\\/racom.com.pl\\\/index.php\\\/produkt\\\/herbapol-syrop-imbirowy-owocowa-spizarnia-imbir-z-witamina-c-31l\\\/#primaryimage\"},\"image\":{\"@id\":\"https:\\\/\\\/racom.com.pl\\\/index.php\\\/produkt\\\/herbapol-syrop-imbirowy-owocowa-spizarnia-imbir-z-witamina-c-31l\\\/#primaryimage\"},\"thumbnailUrl\":\"https:\\\/\\\/racom.com.pl\\\/wp-content\\\/uploads\\\/2025\\\/07\\\/allegro_687aaec2c02b70.98713712_4ec358f14b798fd0ca87ee6f0ae8.jpg\",\"datePublished\":\"2025-07-18T20:29:48+00:00\",\"breadcrumb\":{\"@id\":\"https:\\\/\\\/racom.com.pl\\\/index.php\\\/produkt\\\/herbapol-syrop-imbirowy-owocowa-spizarnia-imbir-z-witamina-c-31l\\\/#breadcrumb\"},\"inLanguage\":\"pl-PL\",\"potentialAction\":[{\"@type\":\"ReadAction\",\"target\":[\"https:\\\/\\\/racom.com.pl\\\/index.php\\\/produkt\\\/herbapol-syrop-imbirowy-owocowa-spizarnia-imbir-z-witamina-c-31l\\\/\"]}]},{\"@type\":\"ImageObject\",\"inLanguage\":\"pl-PL\",\"@id\":\"https:\\\/\\\/racom.com.pl\\\/index.php\\\/produkt\\\/herbapol-syrop-imbirowy-owocowa-spizarnia-imbir-z-witamina-c-31l\\\/#primaryimage\",\"url\":\"https:\\\/\\\/racom.com.pl\\\/wp-content\\\/uploads\\\/2025\\\/07\\\/allegro_687aaec2c02b70.98713712_4ec358f14b798fd0ca87ee6f0ae8.jpg\",\"contentUrl\":\"https:\\\/\\\/racom.com.pl\\\/wp-content\\\/uploads\\\/2025\\\/07\\\/allegro_687aaec2c02b70.98713712_4ec358f14b798fd0ca87ee6f0ae8.jpg\",\"width\":2560,\"height\":2560},{\"@type\":\"BreadcrumbList\",\"@id\":\"https:\\\/\\\/racom.com.pl\\\/index.php\\\/produkt\\\/herbapol-syrop-imbirowy-owocowa-spizarnia-imbir-z-witamina-c-31l\\\/#breadcrumb\",\"itemListElement\":[{\"@type\":\"ListItem\",\"position\":1,\"name\":\"Strona g\u0142\u00f3wna\",\"item\":\"https:\\\/\\\/racom.com.pl\\\/\"},{\"@type\":\"ListItem\",\"position\":2,\"name\":\"Sklep\",\"item\":\"https:\\\/\\\/racom.com.pl\\\/\"},{\"@type\":\"ListItem\",\"position\":3,\"name\":\"Herbapol SYROP Imbirowy Owocowa Spi\u017carnia IMBIR z witamin\u0105 C 3,1L\"}]},{\"@type\":\"WebSite\",\"@id\":\"https:\\\/\\\/racom.com.pl\\\/#website\",\"url\":\"https:\\\/\\\/racom.com.pl\\\/\",\"name\":\"Mix Market - Supermarket z wszystkim co potrzeba do domu i nie tylko\",\"description\":\"\",\"publisher\":{\"@id\":\"https:\\\/\\\/racom.com.pl\\\/#organization\"},\"potentialAction\":[{\"@type\":\"SearchAction\",\"target\":{\"@type\":\"EntryPoint\",\"urlTemplate\":\"https:\\\/\\\/racom.com.pl\\\/?s={search_term_string}\"},\"query-input\":{\"@type\":\"PropertyValueSpecification\",\"valueRequired\":true,\"valueName\":\"search_term_string\"}}],\"inLanguage\":\"pl-PL\"},{\"@type\":\"Organization\",\"@id\":\"https:\\\/\\\/racom.com.pl\\\/#organization\",\"name\":\"Mix Market - Supermarket z wszystkim co potrzeba do domu i nie tylko\",\"url\":\"https:\\\/\\\/racom.com.pl\\\/\",\"logo\":{\"@type\":\"ImageObject\",\"inLanguage\":\"pl-PL\",\"@id\":\"https:\\\/\\\/racom.com.pl\\\/#\\\/schema\\\/logo\\\/image\\\/\",\"url\":\"https:\\\/\\\/racom.com.pl\\\/wp-content\\\/uploads\\\/2025\\\/07\\\/mixmarket_logo.png\",\"contentUrl\":\"https:\\\/\\\/racom.com.pl\\\/wp-content\\\/uploads\\\/2025\\\/07\\\/mixmarket_logo.png\",\"width\":1024,\"height\":1024,\"caption\":\"Mix Market - Supermarket z wszystkim co potrzeba do domu i nie tylko\"},\"image\":{\"@id\":\"https:\\\/\\\/racom.com.pl\\\/#\\\/schema\\\/logo\\\/image\\\/\"}}]}<\/script>\n<!-- \/ Yoast SEO plugin. -->","yoast_head_json":{"title":"Herbapol SYROP Imbirowy Owocowa Spi\u017carnia IMBIR z witamin\u0105 C 3,1L - Mix Market - Supermarket z wszystkim co potrzeba","robots":{"index":"index","follow":"follow","max-snippet":"max-snippet:-1","max-image-preview":"max-image-preview:large","max-video-preview":"max-video-preview:-1"},"canonical":"https:\/\/racom.com.pl\/index.php\/produkt\/herbapol-syrop-imbirowy-owocowa-spizarnia-imbir-z-witamina-c-31l\/","og_locale":"pl_PL","og_type":"article","og_title":"Herbapol SYROP Imbirowy Owocowa Spi\u017carnia IMBIR z witamin\u0105 C 3,1L - Mix Market - Supermarket z wszystkim co potrzeba","og_description":"SYROP OWOCOWA SPI\u017bARNIA O SMAKU IMBIROWYM 3100ML (3.1L) HERBAPOL OWOCOWA SPI\u017bARNIA Imbirowa Suplement diety w p\u0142ynie z witamin\u0105 C o smaku imbirowym Przyjemnie rozgrzewaj\u0105cy imbirowy smak to doskona\u0142y dodatek zar\u00f3wno do ciep\u0142ych, jak i zimnych napoj\u00f3w. Zim\u0105 \u015bwietnie si\u0119 sprawdzi z gor\u0105ca wod\u0105 i cytryn\u0105 lub jako dodatek do herbaty. Latem b\u0119dzie doskona\u0142ym dope\u0142nieniem orze\u017awiaj\u0105cych [&hellip;]","og_url":"https:\/\/racom.com.pl\/index.php\/produkt\/herbapol-syrop-imbirowy-owocowa-spizarnia-imbir-z-witamina-c-31l\/","og_site_name":"Mix Market - Supermarket z wszystkim co potrzeba","og_image":[{"width":2560,"height":2560,"url":"https:\/\/racom.com.pl\/wp-content\/uploads\/2025\/07\/allegro_687aaec2c02b70.98713712_4ec358f14b798fd0ca87ee6f0ae8.jpg","type":"image\/jpeg"}],"twitter_card":"summary_large_image","twitter_misc":{"Szacowany czas czytania":"1 minuta"},"schema":{"@context":"https:\/\/schema.org","@graph":[{"@type":"WebPage","@id":"https:\/\/racom.com.pl\/index.php\/produkt\/herbapol-syrop-imbirowy-owocowa-spizarnia-imbir-z-witamina-c-31l\/","url":"https:\/\/racom.com.pl\/index.php\/produkt\/herbapol-syrop-imbirowy-owocowa-spizarnia-imbir-z-witamina-c-31l\/","name":"Herbapol SYROP Imbirowy Owocowa Spi\u017carnia IMBIR z witamin\u0105 C 3,1L - Mix Market - Supermarket z wszystkim co potrzeba","isPartOf":{"@id":"https:\/\/racom.com.pl\/#website"},"primaryImageOfPage":{"@id":"https:\/\/racom.com.pl\/index.php\/produkt\/herbapol-syrop-imbirowy-owocowa-spizarnia-imbir-z-witamina-c-31l\/#primaryimage"},"image":{"@id":"https:\/\/racom.com.pl\/index.php\/produkt\/herbapol-syrop-imbirowy-owocowa-spizarnia-imbir-z-witamina-c-31l\/#primaryimage"},"thumbnailUrl":"https:\/\/racom.com.pl\/wp-content\/uploads\/2025\/07\/allegro_687aaec2c02b70.98713712_4ec358f14b798fd0ca87ee6f0ae8.jpg","datePublished":"2025-07-18T20:29:48+00:00","breadcrumb":{"@id":"https:\/\/racom.com.pl\/index.php\/produkt\/herbapol-syrop-imbirowy-owocowa-spizarnia-imbir-z-witamina-c-31l\/#breadcrumb"},"inLanguage":"pl-PL","potentialAction":[{"@type":"ReadAction","target":["https:\/\/racom.com.pl\/index.php\/produkt\/herbapol-syrop-imbirowy-owocowa-spizarnia-imbir-z-witamina-c-31l\/"]}]},{"@type":"ImageObject","inLanguage":"pl-PL","@id":"https:\/\/racom.com.pl\/index.php\/produkt\/herbapol-syrop-imbirowy-owocowa-spizarnia-imbir-z-witamina-c-31l\/#primaryimage","url":"https:\/\/racom.com.pl\/wp-content\/uploads\/2025\/07\/allegro_687aaec2c02b70.98713712_4ec358f14b798fd0ca87ee6f0ae8.jpg","contentUrl":"https:\/\/racom.com.pl\/wp-content\/uploads\/2025\/07\/allegro_687aaec2c02b70.98713712_4ec358f14b798fd0ca87ee6f0ae8.jpg","width":2560,"height":2560},{"@type":"BreadcrumbList","@id":"https:\/\/racom.com.pl\/index.php\/produkt\/herbapol-syrop-imbirowy-owocowa-spizarnia-imbir-z-witamina-c-31l\/#breadcrumb","itemListElement":[{"@type":"ListItem","position":1,"name":"Strona g\u0142\u00f3wna","item":"https:\/\/racom.com.pl\/"},{"@type":"ListItem","position":2,"name":"Sklep","item":"https:\/\/racom.com.pl\/"},{"@type":"ListItem","position":3,"name":"Herbapol SYROP Imbirowy Owocowa Spi\u017carnia IMBIR z witamin\u0105 C 3,1L"}]},{"@type":"WebSite","@id":"https:\/\/racom.com.pl\/#website","url":"https:\/\/racom.com.pl\/","name":"Mix Market - Supermarket z wszystkim co potrzeba do domu i nie tylko","description":"","publisher":{"@id":"https:\/\/racom.com.pl\/#organization"},"potentialAction":[{"@type":"SearchAction","target":{"@type":"EntryPoint","urlTemplate":"https:\/\/racom.com.pl\/?s={search_term_string}"},"query-input":{"@type":"PropertyValueSpecification","valueRequired":true,"valueName":"search_term_string"}}],"inLanguage":"pl-PL"},{"@type":"Organization","@id":"https:\/\/racom.com.pl\/#organization","name":"Mix Market - Supermarket z wszystkim co potrzeba do domu i nie tylko","url":"https:\/\/racom.com.pl\/","logo":{"@type":"ImageObject","inLanguage":"pl-PL","@id":"https:\/\/racom.com.pl\/#\/schema\/logo\/image\/","url":"https:\/\/racom.com.pl\/wp-content\/uploads\/2025\/07\/mixmarket_logo.png","contentUrl":"https:\/\/racom.com.pl\/wp-content\/uploads\/2025\/07\/mixmarket_logo.png","width":1024,"height":1024,"caption":"Mix Market - Supermarket z wszystkim co potrzeba do domu i nie tylko"},"image":{"@id":"https:\/\/racom.com.pl\/#\/schema\/logo\/image\/"}}]}},"_links":{"self":[{"href":"https:\/\/racom.com.pl\/index.php\/wp-json\/wp\/v2\/product\/2252","targetHints":{"allow":["GET"]}}],"collection":[{"href":"https:\/\/racom.com.pl\/index.php\/wp-json\/wp\/v2\/product"}],"about":[{"href":"https:\/\/racom.com.pl\/index.php\/wp-json\/wp\/v2\/types\/product"}],"replies":[{"embeddable":true,"href":"https:\/\/racom.com.pl\/index.php\/wp-json\/wp\/v2\/comments?post=2252"}],"wp:featuredmedia":[{"embeddable":true,"href":"https:\/\/racom.com.pl\/index.php\/wp-json\/wp\/v2\/media\/2254"}],"wp:attachment":[{"href":"https:\/\/racom.com.pl\/index.php\/wp-json\/wp\/v2\/media?parent=2252"}],"wp:term":[{"taxonomy":"product_brand","embeddable":true,"href":"https:\/\/racom.com.pl\/index.php\/wp-json\/wp\/v2\/product_brand?post=2252"},{"taxonomy":"product_cat","embeddable":true,"href":"https:\/\/racom.com.pl\/index.php\/wp-json\/wp\/v2\/product_cat?post=2252"},{"taxonomy":"product_tag","embeddable":true,"href":"https:\/\/racom.com.pl\/index.php\/wp-json\/wp\/v2\/product_tag?post=2252"}],"curies":[{"name":"wp","href":"https:\/\/api.w.org\/{rel}","templated":true}]}}