{"id":2255,"date":"2025-07-18T22:30:05","date_gmt":"2025-07-18T20:30:05","guid":{"rendered":"http:\/\/192.168.2.106\/index.php\/produkt\/herbapol-owocowa-spizarnia-malinowa-syrop-malinowy-kanister-z-pompka-3-1-l\/"},"modified":"2025-07-18T22:30:05","modified_gmt":"2025-07-18T20:30:05","slug":"herbapol-owocowa-spizarnia-malinowa-syrop-malinowy-kanister-z-pompka-3-1-l","status":"publish","type":"product","link":"https:\/\/racom.com.pl\/index.php\/produkt\/herbapol-owocowa-spizarnia-malinowa-syrop-malinowy-kanister-z-pompka-3-1-l\/","title":{"rendered":"Herbapol OWOCOWA SPI\u017bARNIA Malinowa Syrop Malinowy kanister z pompk\u0105 3.1 L"},"content":{"rendered":"<h2>OWOCOWA SPI\u017bARNIA Malinowa z pompk\u0105 &#8211; Herbapol 3,1 L<\/h2>\n<h2>OWOCOWA SPI\u017bARNIA Malinowa z pompk\u0105 &#8211; Herbapol 3,1 l.<\/h2>\n<p>OWOCOWA SPI\u017bARNIA MalinowaSuplement diety w p\u0142ynie z witamin\u0105 C o smaku malinowymNajbardziej popularny smak w\u015br\u00f3d syrop\u00f3w marki Herbapol \u2013 s\u0142oneczna malina. Suplement Diety Owocowa Spi\u017carnia w opakowaniu 3,1 l. zosta\u0142 przygotowany specjalnie dla gastronomii. Syrop malina doskonale wzbogaci smak napoj\u00f3w, deser\u00f3w, koktajli i piwa.Dzi\u0119ki wysokiej jako\u015bci i g\u0119sto\u015bci jest niezwykle wydajny, a co wa\u017cniejsze \u2013 ma intensywny smak i kolor, kt\u00f3ry z pewno\u015bci\u0105 zachwyci Twoich klient\u00f3w. Zalecane spo\u017cycie: 20 ml (1 naci\u015bni\u0119cie pompki) po rozcie\u0144czeniu wod\u0105 (200 ml).Spo\u017cywa\u0107 2 razy dziennie. Nie nale\u017cy przekracza\u0107 porcji zalecanej do spo\u017cycia w ci\u0105gu dnia.<\/p>\n<p>Pojemno\u015b\u0107: 3100ml<\/p>\n<p>Smak: Malinowy<\/p>\n<p>Kanister z pompk\u0105.<\/p>\n<p><b>Sk\u0142ad:<\/b> Sk\u0142adniki: A &#8211; cukier lub B &#8211; syrop glukozowo-fruktozowy, woda, 0,08% zag\u0119szczonego soku malinowego o ekstrakcie og\u00f3lnym 65%, regulator kwasowo\u015bci: kwas cytrynowy, zag\u0119szczony sok aroniowy, koncentrat soku z czarnej marchwi, aromat, substancja konserwuj\u0105ca: benzoesan sodu, witamina C. Litera (A lub B) umieszczona przy numerze partii wskazuje na u\u017cyty do produkcji sk\u0142adnik.<\/p>\n","protected":false},"excerpt":{"rendered":"<p>OWOCOWA SPI\u017bARNIA Malinowa z pompk\u0105 &#8211; Herbapol 3,1 L OWOCOWA SPI\u017bARNIA Malinowa z pompk\u0105 &#8211; Herbapol 3,1 l. OWOCOWA SPI\u017bARNIA MalinowaSuplement diety w p\u0142ynie z witamin\u0105 C o smaku malinowymNajbardziej popularny smak w\u015br\u00f3d syrop\u00f3w marki Herbapol \u2013 s\u0142oneczna malina. Suplement Diety Owocowa Spi\u017carnia w opakowaniu 3,1 l. zosta\u0142 przygotowany specjalnie dla gastronomii. Syrop malina doskonale [&hellip;]<\/p>\n","protected":false},"featured_media":2258,"comment_status":"open","ping_status":"closed","template":"","meta":[],"product_brand":[144],"product_cat":[116],"product_tag":[],"class_list":{"0":"post-2255","1":"product","2":"type-product","3":"status-publish","4":"has-post-thumbnail","6":"product_brand-herbapol","7":"product_cat-napoje-i-akcesoria","9":"first","10":"instock","11":"taxable","12":"shipping-taxable","13":"purchasable","14":"product-type-simple"},"yoast_head":"<!-- This site is optimized with the Yoast SEO plugin v27.3 - https:\/\/yoast.com\/product\/yoast-seo-wordpress\/ -->\n<title>Herbapol OWOCOWA SPI\u017bARNIA Malinowa Syrop Malinowy kanister z pompk\u0105 3.1 L - Mix Market - Supermarket z wszystkim co potrzeba<\/title>\n<meta name=\"robots\" content=\"index, follow, max-snippet:-1, max-image-preview:large, max-video-preview:-1\" \/>\n<link rel=\"canonical\" href=\"https:\/\/racom.com.pl\/index.php\/produkt\/herbapol-owocowa-spizarnia-malinowa-syrop-malinowy-kanister-z-pompka-3-1-l\/\" \/>\n<meta property=\"og:locale\" content=\"pl_PL\" \/>\n<meta property=\"og:type\" content=\"article\" \/>\n<meta property=\"og:title\" content=\"Herbapol OWOCOWA SPI\u017bARNIA Malinowa Syrop Malinowy kanister z pompk\u0105 3.1 L - Mix Market - Supermarket z wszystkim co potrzeba\" \/>\n<meta property=\"og:description\" content=\"OWOCOWA SPI\u017bARNIA Malinowa z pompk\u0105 &#8211; Herbapol 3,1 L OWOCOWA SPI\u017bARNIA Malinowa z pompk\u0105 &#8211; Herbapol 3,1 l. OWOCOWA SPI\u017bARNIA MalinowaSuplement diety w p\u0142ynie z witamin\u0105 C o smaku malinowymNajbardziej popularny smak w\u015br\u00f3d syrop\u00f3w marki Herbapol \u2013 s\u0142oneczna malina. Suplement Diety Owocowa Spi\u017carnia w opakowaniu 3,1 l. zosta\u0142 przygotowany specjalnie dla gastronomii. Syrop malina doskonale [&hellip;]\" \/>\n<meta property=\"og:url\" content=\"https:\/\/racom.com.pl\/index.php\/produkt\/herbapol-owocowa-spizarnia-malinowa-syrop-malinowy-kanister-z-pompka-3-1-l\/\" \/>\n<meta property=\"og:site_name\" content=\"Mix Market - Supermarket z wszystkim co potrzeba\" \/>\n<meta property=\"og:image\" content=\"https:\/\/racom.com.pl\/wp-content\/uploads\/2025\/07\/allegro_687aaedb7220f8.36435626_89c2abac4a5ebd0aaa80877ae60d.jpg\" \/>\n\t<meta property=\"og:image:width\" content=\"1020\" \/>\n\t<meta property=\"og:image:height\" content=\"1440\" \/>\n\t<meta property=\"og:image:type\" content=\"image\/jpeg\" \/>\n<meta name=\"twitter:card\" content=\"summary_large_image\" \/>\n<meta name=\"twitter:label1\" content=\"Szacowany czas czytania\" \/>\n\t<meta name=\"twitter:data1\" content=\"1 minuta\" \/>\n<script type=\"application\/ld+json\" class=\"yoast-schema-graph\">{\"@context\":\"https:\\\/\\\/schema.org\",\"@graph\":[{\"@type\":\"WebPage\",\"@id\":\"https:\\\/\\\/racom.com.pl\\\/index.php\\\/produkt\\\/herbapol-owocowa-spizarnia-malinowa-syrop-malinowy-kanister-z-pompka-3-1-l\\\/\",\"url\":\"https:\\\/\\\/racom.com.pl\\\/index.php\\\/produkt\\\/herbapol-owocowa-spizarnia-malinowa-syrop-malinowy-kanister-z-pompka-3-1-l\\\/\",\"name\":\"Herbapol OWOCOWA SPI\u017bARNIA Malinowa Syrop Malinowy kanister z pompk\u0105 3.1 L - Mix Market - Supermarket z wszystkim co potrzeba\",\"isPartOf\":{\"@id\":\"https:\\\/\\\/racom.com.pl\\\/#website\"},\"primaryImageOfPage\":{\"@id\":\"https:\\\/\\\/racom.com.pl\\\/index.php\\\/produkt\\\/herbapol-owocowa-spizarnia-malinowa-syrop-malinowy-kanister-z-pompka-3-1-l\\\/#primaryimage\"},\"image\":{\"@id\":\"https:\\\/\\\/racom.com.pl\\\/index.php\\\/produkt\\\/herbapol-owocowa-spizarnia-malinowa-syrop-malinowy-kanister-z-pompka-3-1-l\\\/#primaryimage\"},\"thumbnailUrl\":\"https:\\\/\\\/racom.com.pl\\\/wp-content\\\/uploads\\\/2025\\\/07\\\/allegro_687aaedb7220f8.36435626_89c2abac4a5ebd0aaa80877ae60d.jpg\",\"datePublished\":\"2025-07-18T20:30:05+00:00\",\"breadcrumb\":{\"@id\":\"https:\\\/\\\/racom.com.pl\\\/index.php\\\/produkt\\\/herbapol-owocowa-spizarnia-malinowa-syrop-malinowy-kanister-z-pompka-3-1-l\\\/#breadcrumb\"},\"inLanguage\":\"pl-PL\",\"potentialAction\":[{\"@type\":\"ReadAction\",\"target\":[\"https:\\\/\\\/racom.com.pl\\\/index.php\\\/produkt\\\/herbapol-owocowa-spizarnia-malinowa-syrop-malinowy-kanister-z-pompka-3-1-l\\\/\"]}]},{\"@type\":\"ImageObject\",\"inLanguage\":\"pl-PL\",\"@id\":\"https:\\\/\\\/racom.com.pl\\\/index.php\\\/produkt\\\/herbapol-owocowa-spizarnia-malinowa-syrop-malinowy-kanister-z-pompka-3-1-l\\\/#primaryimage\",\"url\":\"https:\\\/\\\/racom.com.pl\\\/wp-content\\\/uploads\\\/2025\\\/07\\\/allegro_687aaedb7220f8.36435626_89c2abac4a5ebd0aaa80877ae60d.jpg\",\"contentUrl\":\"https:\\\/\\\/racom.com.pl\\\/wp-content\\\/uploads\\\/2025\\\/07\\\/allegro_687aaedb7220f8.36435626_89c2abac4a5ebd0aaa80877ae60d.jpg\",\"width\":1020,\"height\":1440},{\"@type\":\"BreadcrumbList\",\"@id\":\"https:\\\/\\\/racom.com.pl\\\/index.php\\\/produkt\\\/herbapol-owocowa-spizarnia-malinowa-syrop-malinowy-kanister-z-pompka-3-1-l\\\/#breadcrumb\",\"itemListElement\":[{\"@type\":\"ListItem\",\"position\":1,\"name\":\"Strona g\u0142\u00f3wna\",\"item\":\"https:\\\/\\\/racom.com.pl\\\/\"},{\"@type\":\"ListItem\",\"position\":2,\"name\":\"Sklep\",\"item\":\"https:\\\/\\\/racom.com.pl\\\/\"},{\"@type\":\"ListItem\",\"position\":3,\"name\":\"Herbapol OWOCOWA SPI\u017bARNIA Malinowa Syrop Malinowy kanister z pompk\u0105 3.1 L\"}]},{\"@type\":\"WebSite\",\"@id\":\"https:\\\/\\\/racom.com.pl\\\/#website\",\"url\":\"https:\\\/\\\/racom.com.pl\\\/\",\"name\":\"Mix Market - Supermarket z wszystkim co potrzeba do domu i nie tylko\",\"description\":\"\",\"publisher\":{\"@id\":\"https:\\\/\\\/racom.com.pl\\\/#organization\"},\"potentialAction\":[{\"@type\":\"SearchAction\",\"target\":{\"@type\":\"EntryPoint\",\"urlTemplate\":\"https:\\\/\\\/racom.com.pl\\\/?s={search_term_string}\"},\"query-input\":{\"@type\":\"PropertyValueSpecification\",\"valueRequired\":true,\"valueName\":\"search_term_string\"}}],\"inLanguage\":\"pl-PL\"},{\"@type\":\"Organization\",\"@id\":\"https:\\\/\\\/racom.com.pl\\\/#organization\",\"name\":\"Mix Market - Supermarket z wszystkim co potrzeba do domu i nie tylko\",\"url\":\"https:\\\/\\\/racom.com.pl\\\/\",\"logo\":{\"@type\":\"ImageObject\",\"inLanguage\":\"pl-PL\",\"@id\":\"https:\\\/\\\/racom.com.pl\\\/#\\\/schema\\\/logo\\\/image\\\/\",\"url\":\"https:\\\/\\\/racom.com.pl\\\/wp-content\\\/uploads\\\/2025\\\/07\\\/mixmarket_logo.png\",\"contentUrl\":\"https:\\\/\\\/racom.com.pl\\\/wp-content\\\/uploads\\\/2025\\\/07\\\/mixmarket_logo.png\",\"width\":1024,\"height\":1024,\"caption\":\"Mix Market - Supermarket z wszystkim co potrzeba do domu i nie tylko\"},\"image\":{\"@id\":\"https:\\\/\\\/racom.com.pl\\\/#\\\/schema\\\/logo\\\/image\\\/\"}}]}<\/script>\n<!-- \/ Yoast SEO plugin. -->","yoast_head_json":{"title":"Herbapol OWOCOWA SPI\u017bARNIA Malinowa Syrop Malinowy kanister z pompk\u0105 3.1 L - Mix Market - Supermarket z wszystkim co potrzeba","robots":{"index":"index","follow":"follow","max-snippet":"max-snippet:-1","max-image-preview":"max-image-preview:large","max-video-preview":"max-video-preview:-1"},"canonical":"https:\/\/racom.com.pl\/index.php\/produkt\/herbapol-owocowa-spizarnia-malinowa-syrop-malinowy-kanister-z-pompka-3-1-l\/","og_locale":"pl_PL","og_type":"article","og_title":"Herbapol OWOCOWA SPI\u017bARNIA Malinowa Syrop Malinowy kanister z pompk\u0105 3.1 L - Mix Market - Supermarket z wszystkim co potrzeba","og_description":"OWOCOWA SPI\u017bARNIA Malinowa z pompk\u0105 &#8211; Herbapol 3,1 L OWOCOWA SPI\u017bARNIA Malinowa z pompk\u0105 &#8211; Herbapol 3,1 l. OWOCOWA SPI\u017bARNIA MalinowaSuplement diety w p\u0142ynie z witamin\u0105 C o smaku malinowymNajbardziej popularny smak w\u015br\u00f3d syrop\u00f3w marki Herbapol \u2013 s\u0142oneczna malina. Suplement Diety Owocowa Spi\u017carnia w opakowaniu 3,1 l. zosta\u0142 przygotowany specjalnie dla gastronomii. Syrop malina doskonale [&hellip;]","og_url":"https:\/\/racom.com.pl\/index.php\/produkt\/herbapol-owocowa-spizarnia-malinowa-syrop-malinowy-kanister-z-pompka-3-1-l\/","og_site_name":"Mix Market - Supermarket z wszystkim co potrzeba","og_image":[{"width":1020,"height":1440,"url":"https:\/\/racom.com.pl\/wp-content\/uploads\/2025\/07\/allegro_687aaedb7220f8.36435626_89c2abac4a5ebd0aaa80877ae60d.jpg","type":"image\/jpeg"}],"twitter_card":"summary_large_image","twitter_misc":{"Szacowany czas czytania":"1 minuta"},"schema":{"@context":"https:\/\/schema.org","@graph":[{"@type":"WebPage","@id":"https:\/\/racom.com.pl\/index.php\/produkt\/herbapol-owocowa-spizarnia-malinowa-syrop-malinowy-kanister-z-pompka-3-1-l\/","url":"https:\/\/racom.com.pl\/index.php\/produkt\/herbapol-owocowa-spizarnia-malinowa-syrop-malinowy-kanister-z-pompka-3-1-l\/","name":"Herbapol OWOCOWA SPI\u017bARNIA Malinowa Syrop Malinowy kanister z pompk\u0105 3.1 L - Mix Market - Supermarket z wszystkim co potrzeba","isPartOf":{"@id":"https:\/\/racom.com.pl\/#website"},"primaryImageOfPage":{"@id":"https:\/\/racom.com.pl\/index.php\/produkt\/herbapol-owocowa-spizarnia-malinowa-syrop-malinowy-kanister-z-pompka-3-1-l\/#primaryimage"},"image":{"@id":"https:\/\/racom.com.pl\/index.php\/produkt\/herbapol-owocowa-spizarnia-malinowa-syrop-malinowy-kanister-z-pompka-3-1-l\/#primaryimage"},"thumbnailUrl":"https:\/\/racom.com.pl\/wp-content\/uploads\/2025\/07\/allegro_687aaedb7220f8.36435626_89c2abac4a5ebd0aaa80877ae60d.jpg","datePublished":"2025-07-18T20:30:05+00:00","breadcrumb":{"@id":"https:\/\/racom.com.pl\/index.php\/produkt\/herbapol-owocowa-spizarnia-malinowa-syrop-malinowy-kanister-z-pompka-3-1-l\/#breadcrumb"},"inLanguage":"pl-PL","potentialAction":[{"@type":"ReadAction","target":["https:\/\/racom.com.pl\/index.php\/produkt\/herbapol-owocowa-spizarnia-malinowa-syrop-malinowy-kanister-z-pompka-3-1-l\/"]}]},{"@type":"ImageObject","inLanguage":"pl-PL","@id":"https:\/\/racom.com.pl\/index.php\/produkt\/herbapol-owocowa-spizarnia-malinowa-syrop-malinowy-kanister-z-pompka-3-1-l\/#primaryimage","url":"https:\/\/racom.com.pl\/wp-content\/uploads\/2025\/07\/allegro_687aaedb7220f8.36435626_89c2abac4a5ebd0aaa80877ae60d.jpg","contentUrl":"https:\/\/racom.com.pl\/wp-content\/uploads\/2025\/07\/allegro_687aaedb7220f8.36435626_89c2abac4a5ebd0aaa80877ae60d.jpg","width":1020,"height":1440},{"@type":"BreadcrumbList","@id":"https:\/\/racom.com.pl\/index.php\/produkt\/herbapol-owocowa-spizarnia-malinowa-syrop-malinowy-kanister-z-pompka-3-1-l\/#breadcrumb","itemListElement":[{"@type":"ListItem","position":1,"name":"Strona g\u0142\u00f3wna","item":"https:\/\/racom.com.pl\/"},{"@type":"ListItem","position":2,"name":"Sklep","item":"https:\/\/racom.com.pl\/"},{"@type":"ListItem","position":3,"name":"Herbapol OWOCOWA SPI\u017bARNIA Malinowa Syrop Malinowy kanister z pompk\u0105 3.1 L"}]},{"@type":"WebSite","@id":"https:\/\/racom.com.pl\/#website","url":"https:\/\/racom.com.pl\/","name":"Mix Market - Supermarket z wszystkim co potrzeba do domu i nie tylko","description":"","publisher":{"@id":"https:\/\/racom.com.pl\/#organization"},"potentialAction":[{"@type":"SearchAction","target":{"@type":"EntryPoint","urlTemplate":"https:\/\/racom.com.pl\/?s={search_term_string}"},"query-input":{"@type":"PropertyValueSpecification","valueRequired":true,"valueName":"search_term_string"}}],"inLanguage":"pl-PL"},{"@type":"Organization","@id":"https:\/\/racom.com.pl\/#organization","name":"Mix Market - Supermarket z wszystkim co potrzeba do domu i nie tylko","url":"https:\/\/racom.com.pl\/","logo":{"@type":"ImageObject","inLanguage":"pl-PL","@id":"https:\/\/racom.com.pl\/#\/schema\/logo\/image\/","url":"https:\/\/racom.com.pl\/wp-content\/uploads\/2025\/07\/mixmarket_logo.png","contentUrl":"https:\/\/racom.com.pl\/wp-content\/uploads\/2025\/07\/mixmarket_logo.png","width":1024,"height":1024,"caption":"Mix Market - Supermarket z wszystkim co potrzeba do domu i nie tylko"},"image":{"@id":"https:\/\/racom.com.pl\/#\/schema\/logo\/image\/"}}]}},"_links":{"self":[{"href":"https:\/\/racom.com.pl\/index.php\/wp-json\/wp\/v2\/product\/2255","targetHints":{"allow":["GET"]}}],"collection":[{"href":"https:\/\/racom.com.pl\/index.php\/wp-json\/wp\/v2\/product"}],"about":[{"href":"https:\/\/racom.com.pl\/index.php\/wp-json\/wp\/v2\/types\/product"}],"replies":[{"embeddable":true,"href":"https:\/\/racom.com.pl\/index.php\/wp-json\/wp\/v2\/comments?post=2255"}],"wp:featuredmedia":[{"embeddable":true,"href":"https:\/\/racom.com.pl\/index.php\/wp-json\/wp\/v2\/media\/2258"}],"wp:attachment":[{"href":"https:\/\/racom.com.pl\/index.php\/wp-json\/wp\/v2\/media?parent=2255"}],"wp:term":[{"taxonomy":"product_brand","embeddable":true,"href":"https:\/\/racom.com.pl\/index.php\/wp-json\/wp\/v2\/product_brand?post=2255"},{"taxonomy":"product_cat","embeddable":true,"href":"https:\/\/racom.com.pl\/index.php\/wp-json\/wp\/v2\/product_cat?post=2255"},{"taxonomy":"product_tag","embeddable":true,"href":"https:\/\/racom.com.pl\/index.php\/wp-json\/wp\/v2\/product_tag?post=2255"}],"curies":[{"name":"wp","href":"https:\/\/api.w.org\/{rel}","templated":true}]}}