{"id":2259,"date":"2025-07-18T22:30:28","date_gmt":"2025-07-18T20:30:28","guid":{"rendered":"http:\/\/192.168.2.106\/index.php\/produkt\/cukierki-czekoladki-do-kawy-nugatowe-orzechowe-mleczne-mix-rioba-1kg\/"},"modified":"2025-07-18T22:30:28","modified_gmt":"2025-07-18T20:30:28","slug":"cukierki-czekoladki-do-kawy-nugatowe-orzechowe-mleczne-mix-rioba-1kg","status":"publish","type":"product","link":"https:\/\/racom.com.pl\/index.php\/produkt\/cukierki-czekoladki-do-kawy-nugatowe-orzechowe-mleczne-mix-rioba-1kg\/","title":{"rendered":"Cukierki CZEKOLADKI do KAWY Nugatowe Orzechowe Mleczne mix Rioba 1KG"},"content":{"rendered":"<h2>Rioba Czekoladki mieszanka czekoladowa 1 kg<\/h2>\n<p>Mieszanka czekoladowa Rioba \u2013 na ka\u017cd\u0105 okazj\u0119 do biura, domu czy kawiarni<\/p>\n<p>W jednej paczce mix smak\u00f3w czekoladowych:<\/p>\n<ul>\n<li>Czekoladowe Mleczne<\/li>\n<li>Gorzka czekolada 50%<\/li>\n<li>Czekoladowe Orzechowe<\/li>\n<li>Czekoladowe Nugatowe<\/li>\n<\/ul>\n<p>Czekoladki Rioba to produkt doskona\u0142y na r\u00f3\u017cnego rodzaju wydarzenia, podczas kt\u00f3rych gromadzi si\u0119 sporo os\u00f3b. B\u0119d\u0105 smakowa\u0107 na konferencjach, szkoleniach, warsztatach czy zebraniach firmowych. Sprawdzaj\u0105 si\u0119 doskonale tak\u017ce w szko\u0142ach czy przedszkolach, a nawet w salonach fryzjerskich czy kosmetycznych, jako wy\u015bmienity pocz\u0119stunek dla klient\u00f3w i klientek. Mog\u0105 by\u0107 wykorzystywane jako s\u0142odki dodatek do kaw i herbat w restauracjach, barach czy kawiarniach. Niespodziewanie odwiedzaj\u0105 Ci\u0119 go\u015bcie? Pocz\u0119stuj ich czekoladkami Rioba!<\/p>\n<p>Czekoladki Rioba \u2013 dla ka\u017cdego co\u015b dobrego<\/p>\n<p>W opakowaniu miksu czekoladowego Rioba znajduj\u0105 si\u0119 4 rodzaje ma\u0142ych czekoladek. S\u0105 nimi: gorzka czekolada (dark), czekolada z nugatem (nougat), czekolada z orzechami laskowymi (hazelnut), mleczna czekolada (milk). Dzi\u0119ki temu amatorzy delikatnych, mlecznych smak\u00f3w, syc\u0105cych orzech\u00f3w czy intensywnych aromat\u00f3w gorzkiej czekolady znajd\u0105 co\u015b dla siebie.<\/p>\n<p>Specyfikacja:<\/p>\n<p>\u2022 Mieszanka z gorzkiej czekolady i czekolady mlecznej<\/p>\n<p>\u2022 Waga: 1 kg<\/p>\n","protected":false},"excerpt":{"rendered":"<p>Rioba Czekoladki mieszanka czekoladowa 1 kg Mieszanka czekoladowa Rioba \u2013 na ka\u017cd\u0105 okazj\u0119 do biura, domu czy kawiarni W jednej paczce mix smak\u00f3w czekoladowych: Czekoladowe Mleczne Gorzka czekolada 50% Czekoladowe Orzechowe Czekoladowe Nugatowe Czekoladki Rioba to produkt doskona\u0142y na r\u00f3\u017cnego rodzaju wydarzenia, podczas kt\u00f3rych gromadzi si\u0119 sporo os\u00f3b. B\u0119d\u0105 smakowa\u0107 na konferencjach, szkoleniach, warsztatach czy [&hellip;]<\/p>\n","protected":false},"featured_media":2262,"comment_status":"open","ping_status":"closed","template":"","meta":[],"product_brand":[117],"product_cat":[120],"product_tag":[],"class_list":{"0":"post-2259","1":"product","2":"type-product","3":"status-publish","4":"has-post-thumbnail","6":"product_brand-rioba","7":"product_cat-slodycze-przekaski-desery","9":"first","10":"instock","11":"taxable","12":"shipping-taxable","13":"purchasable","14":"product-type-simple"},"yoast_head":"<!-- This site is optimized with the Yoast SEO plugin v27.3 - https:\/\/yoast.com\/product\/yoast-seo-wordpress\/ -->\n<title>Cukierki CZEKOLADKI do KAWY Nugatowe Orzechowe Mleczne mix Rioba 1KG - Mix Market - Supermarket z wszystkim co potrzeba<\/title>\n<meta name=\"robots\" content=\"index, follow, max-snippet:-1, max-image-preview:large, max-video-preview:-1\" \/>\n<link rel=\"canonical\" href=\"https:\/\/racom.com.pl\/index.php\/produkt\/cukierki-czekoladki-do-kawy-nugatowe-orzechowe-mleczne-mix-rioba-1kg\/\" \/>\n<meta property=\"og:locale\" content=\"pl_PL\" \/>\n<meta property=\"og:type\" content=\"article\" \/>\n<meta property=\"og:title\" content=\"Cukierki CZEKOLADKI do KAWY Nugatowe Orzechowe Mleczne mix Rioba 1KG - Mix Market - Supermarket z wszystkim co potrzeba\" \/>\n<meta property=\"og:description\" content=\"Rioba Czekoladki mieszanka czekoladowa 1 kg Mieszanka czekoladowa Rioba \u2013 na ka\u017cd\u0105 okazj\u0119 do biura, domu czy kawiarni W jednej paczce mix smak\u00f3w czekoladowych: Czekoladowe Mleczne Gorzka czekolada 50% Czekoladowe Orzechowe Czekoladowe Nugatowe Czekoladki Rioba to produkt doskona\u0142y na r\u00f3\u017cnego rodzaju wydarzenia, podczas kt\u00f3rych gromadzi si\u0119 sporo os\u00f3b. B\u0119d\u0105 smakowa\u0107 na konferencjach, szkoleniach, warsztatach czy [&hellip;]\" \/>\n<meta property=\"og:url\" content=\"https:\/\/racom.com.pl\/index.php\/produkt\/cukierki-czekoladki-do-kawy-nugatowe-orzechowe-mleczne-mix-rioba-1kg\/\" \/>\n<meta property=\"og:site_name\" content=\"Mix Market - Supermarket z wszystkim co potrzeba\" \/>\n<meta property=\"og:image\" content=\"https:\/\/racom.com.pl\/wp-content\/uploads\/2025\/07\/allegro_687aaef88b6e09.34151982_f782173446198d22ab35f93abb29.jpg\" \/>\n\t<meta property=\"og:image:width\" content=\"450\" \/>\n\t<meta property=\"og:image:height\" content=\"450\" \/>\n\t<meta property=\"og:image:type\" content=\"image\/jpeg\" \/>\n<meta name=\"twitter:card\" content=\"summary_large_image\" \/>\n<meta name=\"twitter:label1\" content=\"Szacowany czas czytania\" \/>\n\t<meta name=\"twitter:data1\" content=\"1 minuta\" \/>\n<script type=\"application\/ld+json\" class=\"yoast-schema-graph\">{\"@context\":\"https:\\\/\\\/schema.org\",\"@graph\":[{\"@type\":\"WebPage\",\"@id\":\"https:\\\/\\\/racom.com.pl\\\/index.php\\\/produkt\\\/cukierki-czekoladki-do-kawy-nugatowe-orzechowe-mleczne-mix-rioba-1kg\\\/\",\"url\":\"https:\\\/\\\/racom.com.pl\\\/index.php\\\/produkt\\\/cukierki-czekoladki-do-kawy-nugatowe-orzechowe-mleczne-mix-rioba-1kg\\\/\",\"name\":\"Cukierki CZEKOLADKI do KAWY Nugatowe Orzechowe Mleczne mix Rioba 1KG - Mix Market - Supermarket z wszystkim co potrzeba\",\"isPartOf\":{\"@id\":\"https:\\\/\\\/racom.com.pl\\\/#website\"},\"primaryImageOfPage\":{\"@id\":\"https:\\\/\\\/racom.com.pl\\\/index.php\\\/produkt\\\/cukierki-czekoladki-do-kawy-nugatowe-orzechowe-mleczne-mix-rioba-1kg\\\/#primaryimage\"},\"image\":{\"@id\":\"https:\\\/\\\/racom.com.pl\\\/index.php\\\/produkt\\\/cukierki-czekoladki-do-kawy-nugatowe-orzechowe-mleczne-mix-rioba-1kg\\\/#primaryimage\"},\"thumbnailUrl\":\"https:\\\/\\\/racom.com.pl\\\/wp-content\\\/uploads\\\/2025\\\/07\\\/allegro_687aaef88b6e09.34151982_f782173446198d22ab35f93abb29.jpg\",\"datePublished\":\"2025-07-18T20:30:28+00:00\",\"breadcrumb\":{\"@id\":\"https:\\\/\\\/racom.com.pl\\\/index.php\\\/produkt\\\/cukierki-czekoladki-do-kawy-nugatowe-orzechowe-mleczne-mix-rioba-1kg\\\/#breadcrumb\"},\"inLanguage\":\"pl-PL\",\"potentialAction\":[{\"@type\":\"ReadAction\",\"target\":[\"https:\\\/\\\/racom.com.pl\\\/index.php\\\/produkt\\\/cukierki-czekoladki-do-kawy-nugatowe-orzechowe-mleczne-mix-rioba-1kg\\\/\"]}]},{\"@type\":\"ImageObject\",\"inLanguage\":\"pl-PL\",\"@id\":\"https:\\\/\\\/racom.com.pl\\\/index.php\\\/produkt\\\/cukierki-czekoladki-do-kawy-nugatowe-orzechowe-mleczne-mix-rioba-1kg\\\/#primaryimage\",\"url\":\"https:\\\/\\\/racom.com.pl\\\/wp-content\\\/uploads\\\/2025\\\/07\\\/allegro_687aaef88b6e09.34151982_f782173446198d22ab35f93abb29.jpg\",\"contentUrl\":\"https:\\\/\\\/racom.com.pl\\\/wp-content\\\/uploads\\\/2025\\\/07\\\/allegro_687aaef88b6e09.34151982_f782173446198d22ab35f93abb29.jpg\",\"width\":450,\"height\":450},{\"@type\":\"BreadcrumbList\",\"@id\":\"https:\\\/\\\/racom.com.pl\\\/index.php\\\/produkt\\\/cukierki-czekoladki-do-kawy-nugatowe-orzechowe-mleczne-mix-rioba-1kg\\\/#breadcrumb\",\"itemListElement\":[{\"@type\":\"ListItem\",\"position\":1,\"name\":\"Strona g\u0142\u00f3wna\",\"item\":\"https:\\\/\\\/racom.com.pl\\\/\"},{\"@type\":\"ListItem\",\"position\":2,\"name\":\"Sklep\",\"item\":\"https:\\\/\\\/racom.com.pl\\\/\"},{\"@type\":\"ListItem\",\"position\":3,\"name\":\"Cukierki CZEKOLADKI do KAWY Nugatowe Orzechowe Mleczne mix Rioba 1KG\"}]},{\"@type\":\"WebSite\",\"@id\":\"https:\\\/\\\/racom.com.pl\\\/#website\",\"url\":\"https:\\\/\\\/racom.com.pl\\\/\",\"name\":\"Mix Market - Supermarket z wszystkim co potrzeba do domu i nie tylko\",\"description\":\"\",\"publisher\":{\"@id\":\"https:\\\/\\\/racom.com.pl\\\/#organization\"},\"potentialAction\":[{\"@type\":\"SearchAction\",\"target\":{\"@type\":\"EntryPoint\",\"urlTemplate\":\"https:\\\/\\\/racom.com.pl\\\/?s={search_term_string}\"},\"query-input\":{\"@type\":\"PropertyValueSpecification\",\"valueRequired\":true,\"valueName\":\"search_term_string\"}}],\"inLanguage\":\"pl-PL\"},{\"@type\":\"Organization\",\"@id\":\"https:\\\/\\\/racom.com.pl\\\/#organization\",\"name\":\"Mix Market - Supermarket z wszystkim co potrzeba do domu i nie tylko\",\"url\":\"https:\\\/\\\/racom.com.pl\\\/\",\"logo\":{\"@type\":\"ImageObject\",\"inLanguage\":\"pl-PL\",\"@id\":\"https:\\\/\\\/racom.com.pl\\\/#\\\/schema\\\/logo\\\/image\\\/\",\"url\":\"https:\\\/\\\/racom.com.pl\\\/wp-content\\\/uploads\\\/2025\\\/07\\\/mixmarket_logo.png\",\"contentUrl\":\"https:\\\/\\\/racom.com.pl\\\/wp-content\\\/uploads\\\/2025\\\/07\\\/mixmarket_logo.png\",\"width\":1024,\"height\":1024,\"caption\":\"Mix Market - Supermarket z wszystkim co potrzeba do domu i nie tylko\"},\"image\":{\"@id\":\"https:\\\/\\\/racom.com.pl\\\/#\\\/schema\\\/logo\\\/image\\\/\"}}]}<\/script>\n<!-- \/ Yoast SEO plugin. -->","yoast_head_json":{"title":"Cukierki CZEKOLADKI do KAWY Nugatowe Orzechowe Mleczne mix Rioba 1KG - Mix Market - Supermarket z wszystkim co potrzeba","robots":{"index":"index","follow":"follow","max-snippet":"max-snippet:-1","max-image-preview":"max-image-preview:large","max-video-preview":"max-video-preview:-1"},"canonical":"https:\/\/racom.com.pl\/index.php\/produkt\/cukierki-czekoladki-do-kawy-nugatowe-orzechowe-mleczne-mix-rioba-1kg\/","og_locale":"pl_PL","og_type":"article","og_title":"Cukierki CZEKOLADKI do KAWY Nugatowe Orzechowe Mleczne mix Rioba 1KG - Mix Market - Supermarket z wszystkim co potrzeba","og_description":"Rioba Czekoladki mieszanka czekoladowa 1 kg Mieszanka czekoladowa Rioba \u2013 na ka\u017cd\u0105 okazj\u0119 do biura, domu czy kawiarni W jednej paczce mix smak\u00f3w czekoladowych: Czekoladowe Mleczne Gorzka czekolada 50% Czekoladowe Orzechowe Czekoladowe Nugatowe Czekoladki Rioba to produkt doskona\u0142y na r\u00f3\u017cnego rodzaju wydarzenia, podczas kt\u00f3rych gromadzi si\u0119 sporo os\u00f3b. B\u0119d\u0105 smakowa\u0107 na konferencjach, szkoleniach, warsztatach czy [&hellip;]","og_url":"https:\/\/racom.com.pl\/index.php\/produkt\/cukierki-czekoladki-do-kawy-nugatowe-orzechowe-mleczne-mix-rioba-1kg\/","og_site_name":"Mix Market - Supermarket z wszystkim co potrzeba","og_image":[{"width":450,"height":450,"url":"https:\/\/racom.com.pl\/wp-content\/uploads\/2025\/07\/allegro_687aaef88b6e09.34151982_f782173446198d22ab35f93abb29.jpg","type":"image\/jpeg"}],"twitter_card":"summary_large_image","twitter_misc":{"Szacowany czas czytania":"1 minuta"},"schema":{"@context":"https:\/\/schema.org","@graph":[{"@type":"WebPage","@id":"https:\/\/racom.com.pl\/index.php\/produkt\/cukierki-czekoladki-do-kawy-nugatowe-orzechowe-mleczne-mix-rioba-1kg\/","url":"https:\/\/racom.com.pl\/index.php\/produkt\/cukierki-czekoladki-do-kawy-nugatowe-orzechowe-mleczne-mix-rioba-1kg\/","name":"Cukierki CZEKOLADKI do KAWY Nugatowe Orzechowe Mleczne mix Rioba 1KG - Mix Market - Supermarket z wszystkim co potrzeba","isPartOf":{"@id":"https:\/\/racom.com.pl\/#website"},"primaryImageOfPage":{"@id":"https:\/\/racom.com.pl\/index.php\/produkt\/cukierki-czekoladki-do-kawy-nugatowe-orzechowe-mleczne-mix-rioba-1kg\/#primaryimage"},"image":{"@id":"https:\/\/racom.com.pl\/index.php\/produkt\/cukierki-czekoladki-do-kawy-nugatowe-orzechowe-mleczne-mix-rioba-1kg\/#primaryimage"},"thumbnailUrl":"https:\/\/racom.com.pl\/wp-content\/uploads\/2025\/07\/allegro_687aaef88b6e09.34151982_f782173446198d22ab35f93abb29.jpg","datePublished":"2025-07-18T20:30:28+00:00","breadcrumb":{"@id":"https:\/\/racom.com.pl\/index.php\/produkt\/cukierki-czekoladki-do-kawy-nugatowe-orzechowe-mleczne-mix-rioba-1kg\/#breadcrumb"},"inLanguage":"pl-PL","potentialAction":[{"@type":"ReadAction","target":["https:\/\/racom.com.pl\/index.php\/produkt\/cukierki-czekoladki-do-kawy-nugatowe-orzechowe-mleczne-mix-rioba-1kg\/"]}]},{"@type":"ImageObject","inLanguage":"pl-PL","@id":"https:\/\/racom.com.pl\/index.php\/produkt\/cukierki-czekoladki-do-kawy-nugatowe-orzechowe-mleczne-mix-rioba-1kg\/#primaryimage","url":"https:\/\/racom.com.pl\/wp-content\/uploads\/2025\/07\/allegro_687aaef88b6e09.34151982_f782173446198d22ab35f93abb29.jpg","contentUrl":"https:\/\/racom.com.pl\/wp-content\/uploads\/2025\/07\/allegro_687aaef88b6e09.34151982_f782173446198d22ab35f93abb29.jpg","width":450,"height":450},{"@type":"BreadcrumbList","@id":"https:\/\/racom.com.pl\/index.php\/produkt\/cukierki-czekoladki-do-kawy-nugatowe-orzechowe-mleczne-mix-rioba-1kg\/#breadcrumb","itemListElement":[{"@type":"ListItem","position":1,"name":"Strona g\u0142\u00f3wna","item":"https:\/\/racom.com.pl\/"},{"@type":"ListItem","position":2,"name":"Sklep","item":"https:\/\/racom.com.pl\/"},{"@type":"ListItem","position":3,"name":"Cukierki CZEKOLADKI do KAWY Nugatowe Orzechowe Mleczne mix Rioba 1KG"}]},{"@type":"WebSite","@id":"https:\/\/racom.com.pl\/#website","url":"https:\/\/racom.com.pl\/","name":"Mix Market - Supermarket z wszystkim co potrzeba do domu i nie tylko","description":"","publisher":{"@id":"https:\/\/racom.com.pl\/#organization"},"potentialAction":[{"@type":"SearchAction","target":{"@type":"EntryPoint","urlTemplate":"https:\/\/racom.com.pl\/?s={search_term_string}"},"query-input":{"@type":"PropertyValueSpecification","valueRequired":true,"valueName":"search_term_string"}}],"inLanguage":"pl-PL"},{"@type":"Organization","@id":"https:\/\/racom.com.pl\/#organization","name":"Mix Market - Supermarket z wszystkim co potrzeba do domu i nie tylko","url":"https:\/\/racom.com.pl\/","logo":{"@type":"ImageObject","inLanguage":"pl-PL","@id":"https:\/\/racom.com.pl\/#\/schema\/logo\/image\/","url":"https:\/\/racom.com.pl\/wp-content\/uploads\/2025\/07\/mixmarket_logo.png","contentUrl":"https:\/\/racom.com.pl\/wp-content\/uploads\/2025\/07\/mixmarket_logo.png","width":1024,"height":1024,"caption":"Mix Market - Supermarket z wszystkim co potrzeba do domu i nie tylko"},"image":{"@id":"https:\/\/racom.com.pl\/#\/schema\/logo\/image\/"}}]}},"_links":{"self":[{"href":"https:\/\/racom.com.pl\/index.php\/wp-json\/wp\/v2\/product\/2259","targetHints":{"allow":["GET"]}}],"collection":[{"href":"https:\/\/racom.com.pl\/index.php\/wp-json\/wp\/v2\/product"}],"about":[{"href":"https:\/\/racom.com.pl\/index.php\/wp-json\/wp\/v2\/types\/product"}],"replies":[{"embeddable":true,"href":"https:\/\/racom.com.pl\/index.php\/wp-json\/wp\/v2\/comments?post=2259"}],"wp:featuredmedia":[{"embeddable":true,"href":"https:\/\/racom.com.pl\/index.php\/wp-json\/wp\/v2\/media\/2262"}],"wp:attachment":[{"href":"https:\/\/racom.com.pl\/index.php\/wp-json\/wp\/v2\/media?parent=2259"}],"wp:term":[{"taxonomy":"product_brand","embeddable":true,"href":"https:\/\/racom.com.pl\/index.php\/wp-json\/wp\/v2\/product_brand?post=2259"},{"taxonomy":"product_cat","embeddable":true,"href":"https:\/\/racom.com.pl\/index.php\/wp-json\/wp\/v2\/product_cat?post=2259"},{"taxonomy":"product_tag","embeddable":true,"href":"https:\/\/racom.com.pl\/index.php\/wp-json\/wp\/v2\/product_tag?post=2259"}],"curies":[{"name":"wp","href":"https:\/\/api.w.org\/{rel}","templated":true}]}}