{"id":2263,"date":"2025-07-18T22:30:56","date_gmt":"2025-07-18T20:30:56","guid":{"rendered":"http:\/\/192.168.2.106\/index.php\/produkt\/cukierki-czekoladki-kawowe-z-chrupkami-czek-gorzka-50-74-mix-rioba-1kg\/"},"modified":"2025-07-18T22:30:56","modified_gmt":"2025-07-18T20:30:56","slug":"cukierki-czekoladki-kawowe-z-chrupkami-czek-gorzka-50-74-mix-rioba-1kg","status":"publish","type":"product","link":"https:\/\/racom.com.pl\/index.php\/produkt\/cukierki-czekoladki-kawowe-z-chrupkami-czek-gorzka-50-74-mix-rioba-1kg\/","title":{"rendered":"Cukierki CZEKOLADKI Kawowe z chrupkami Czek. Gorzka 50% 74% mix Rioba 1KG"},"content":{"rendered":"<h2>Rioba Czekoladki mieszanka kawowa 1 kg<\/h2>\n<p>Kawowa mieszanka Rioba \u2013 czekoladki na ka\u017cd\u0105 okazj\u0119<\/p>\n<p>Mini czekoladki Rioba sprawdz\u0105 si\u0119 rewelacyjnie podczas wszelkich wydarze\u0144, gdzie przebywa spora liczba os\u00f3b. To smako\u0142yk idealny zar\u00f3wno dla kawoszy, jak i amator\u00f3w czekolady. Kawowa mieszanka czekoladowa Rioba b\u0119dzie doskona\u0142a jako pocz\u0119stunek na spotkaniach biznesowych, szkoleniach czy firmowych imprezach integracyjnych. Wykorzystaj j\u0105 r\u00f3wnie\u017c jako przek\u0105sk\u0119 do kawy na co dzie\u0144 dla siebie i swoich wsp\u00f3\u0142pracownik\u00f3w. Czekoladki pakowane w estetyczny papier mog\u0105 by\u0107 te\u017c serwowane jako dodatek do kawy czy herbaty w kawiarniach i restauracjach, a tak\u017ce jako przek\u0105ska dla klientek i klient\u00f3w salon\u00f3w fryzjerskich czy kosmetycznych. Du\u017c\u0105 paczk\u0119 czekoladek Rioba mo\u017cesz mie\u0107 te\u017c zawsze w domu i nie martwi\u0107 si\u0119, \u017ce nie masz czym pocz\u0119stowa\u0107 go\u015bci, kt\u00f3rzy zjawiaj\u0105 si\u0119 znienacka.<\/p>\n<p>Czekoladki Rioba dla amator\u00f3w kawy i nie tylko<\/p>\n<p>W kilogramowej paczce czekoladek Rioba znalaz\u0142y si\u0119 smako\u0142yki, kt\u00f3re zaspokoj\u0105 potrzeby amator\u00f3w zar\u00f3wno gorzkiej, jak i mlecznej czekolady z wy\u015bmienitym posmakiem kawy.<\/p>\n<p>W opakowaniu znalaz\u0142y si\u0119 czekoladki:<\/p>\n<ul>\n<li>mleczne o smaku kawy (coffee cream),<\/li>\n<li>mleczne z kawowymi chrupkami (coffee crisp)<\/li>\n<li>dwa rodzaje gorzkich czekoladek&nbsp;kakao 50 i 74% (dark 50% i dark 74%).<\/li>\n<\/ul>\n<p>Specyfikacja:<\/p>\n<p>\u2022 Mieszanka z gorzkiej czekolady i czekolady mlecznej z kaw\u0105<\/p>\n<p>\u2022 Waga: 1 kg<\/p>\n","protected":false},"excerpt":{"rendered":"<p>Rioba Czekoladki mieszanka kawowa 1 kg Kawowa mieszanka Rioba \u2013 czekoladki na ka\u017cd\u0105 okazj\u0119 Mini czekoladki Rioba sprawdz\u0105 si\u0119 rewelacyjnie podczas wszelkich wydarze\u0144, gdzie przebywa spora liczba os\u00f3b. To smako\u0142yk idealny zar\u00f3wno dla kawoszy, jak i amator\u00f3w czekolady. Kawowa mieszanka czekoladowa Rioba b\u0119dzie doskona\u0142a jako pocz\u0119stunek na spotkaniach biznesowych, szkoleniach czy firmowych imprezach integracyjnych. Wykorzystaj [&hellip;]<\/p>\n","protected":false},"featured_media":2266,"comment_status":"open","ping_status":"closed","template":"","meta":[],"product_brand":[117],"product_cat":[120],"product_tag":[],"class_list":{"0":"post-2263","1":"product","2":"type-product","3":"status-publish","4":"has-post-thumbnail","6":"product_brand-rioba","7":"product_cat-slodycze-przekaski-desery","9":"first","10":"instock","11":"taxable","12":"shipping-taxable","13":"purchasable","14":"product-type-simple"},"yoast_head":"<!-- This site is optimized with the Yoast SEO plugin v27.3 - https:\/\/yoast.com\/product\/yoast-seo-wordpress\/ -->\n<title>Cukierki CZEKOLADKI Kawowe z chrupkami Czek. Gorzka 50% 74% mix Rioba 1KG - Mix Market - Supermarket z wszystkim co potrzeba<\/title>\n<meta name=\"robots\" content=\"index, follow, max-snippet:-1, max-image-preview:large, max-video-preview:-1\" \/>\n<link rel=\"canonical\" href=\"https:\/\/racom.com.pl\/index.php\/produkt\/cukierki-czekoladki-kawowe-z-chrupkami-czek-gorzka-50-74-mix-rioba-1kg\/\" \/>\n<meta property=\"og:locale\" content=\"pl_PL\" \/>\n<meta property=\"og:type\" content=\"article\" \/>\n<meta property=\"og:title\" content=\"Cukierki CZEKOLADKI Kawowe z chrupkami Czek. Gorzka 50% 74% mix Rioba 1KG - Mix Market - Supermarket z wszystkim co potrzeba\" \/>\n<meta property=\"og:description\" content=\"Rioba Czekoladki mieszanka kawowa 1 kg Kawowa mieszanka Rioba \u2013 czekoladki na ka\u017cd\u0105 okazj\u0119 Mini czekoladki Rioba sprawdz\u0105 si\u0119 rewelacyjnie podczas wszelkich wydarze\u0144, gdzie przebywa spora liczba os\u00f3b. To smako\u0142yk idealny zar\u00f3wno dla kawoszy, jak i amator\u00f3w czekolady. Kawowa mieszanka czekoladowa Rioba b\u0119dzie doskona\u0142a jako pocz\u0119stunek na spotkaniach biznesowych, szkoleniach czy firmowych imprezach integracyjnych. Wykorzystaj [&hellip;]\" \/>\n<meta property=\"og:url\" content=\"https:\/\/racom.com.pl\/index.php\/produkt\/cukierki-czekoladki-kawowe-z-chrupkami-czek-gorzka-50-74-mix-rioba-1kg\/\" \/>\n<meta property=\"og:site_name\" content=\"Mix Market - Supermarket z wszystkim co potrzeba\" \/>\n<meta property=\"og:image\" content=\"https:\/\/racom.com.pl\/wp-content\/uploads\/2025\/07\/allegro_687aaf0ea2eef2.15047719_feffd41740deaadec9a68dabc118.jpg\" \/>\n\t<meta property=\"og:image:width\" content=\"450\" \/>\n\t<meta property=\"og:image:height\" content=\"450\" \/>\n\t<meta property=\"og:image:type\" content=\"image\/jpeg\" \/>\n<meta name=\"twitter:card\" content=\"summary_large_image\" \/>\n<meta name=\"twitter:label1\" content=\"Szacowany czas czytania\" \/>\n\t<meta name=\"twitter:data1\" content=\"1 minuta\" \/>\n<script type=\"application\/ld+json\" class=\"yoast-schema-graph\">{\"@context\":\"https:\\\/\\\/schema.org\",\"@graph\":[{\"@type\":\"WebPage\",\"@id\":\"https:\\\/\\\/racom.com.pl\\\/index.php\\\/produkt\\\/cukierki-czekoladki-kawowe-z-chrupkami-czek-gorzka-50-74-mix-rioba-1kg\\\/\",\"url\":\"https:\\\/\\\/racom.com.pl\\\/index.php\\\/produkt\\\/cukierki-czekoladki-kawowe-z-chrupkami-czek-gorzka-50-74-mix-rioba-1kg\\\/\",\"name\":\"Cukierki CZEKOLADKI Kawowe z chrupkami Czek. Gorzka 50% 74% mix Rioba 1KG - Mix Market - Supermarket z wszystkim co potrzeba\",\"isPartOf\":{\"@id\":\"https:\\\/\\\/racom.com.pl\\\/#website\"},\"primaryImageOfPage\":{\"@id\":\"https:\\\/\\\/racom.com.pl\\\/index.php\\\/produkt\\\/cukierki-czekoladki-kawowe-z-chrupkami-czek-gorzka-50-74-mix-rioba-1kg\\\/#primaryimage\"},\"image\":{\"@id\":\"https:\\\/\\\/racom.com.pl\\\/index.php\\\/produkt\\\/cukierki-czekoladki-kawowe-z-chrupkami-czek-gorzka-50-74-mix-rioba-1kg\\\/#primaryimage\"},\"thumbnailUrl\":\"https:\\\/\\\/racom.com.pl\\\/wp-content\\\/uploads\\\/2025\\\/07\\\/allegro_687aaf0ea2eef2.15047719_feffd41740deaadec9a68dabc118.jpg\",\"datePublished\":\"2025-07-18T20:30:56+00:00\",\"breadcrumb\":{\"@id\":\"https:\\\/\\\/racom.com.pl\\\/index.php\\\/produkt\\\/cukierki-czekoladki-kawowe-z-chrupkami-czek-gorzka-50-74-mix-rioba-1kg\\\/#breadcrumb\"},\"inLanguage\":\"pl-PL\",\"potentialAction\":[{\"@type\":\"ReadAction\",\"target\":[\"https:\\\/\\\/racom.com.pl\\\/index.php\\\/produkt\\\/cukierki-czekoladki-kawowe-z-chrupkami-czek-gorzka-50-74-mix-rioba-1kg\\\/\"]}]},{\"@type\":\"ImageObject\",\"inLanguage\":\"pl-PL\",\"@id\":\"https:\\\/\\\/racom.com.pl\\\/index.php\\\/produkt\\\/cukierki-czekoladki-kawowe-z-chrupkami-czek-gorzka-50-74-mix-rioba-1kg\\\/#primaryimage\",\"url\":\"https:\\\/\\\/racom.com.pl\\\/wp-content\\\/uploads\\\/2025\\\/07\\\/allegro_687aaf0ea2eef2.15047719_feffd41740deaadec9a68dabc118.jpg\",\"contentUrl\":\"https:\\\/\\\/racom.com.pl\\\/wp-content\\\/uploads\\\/2025\\\/07\\\/allegro_687aaf0ea2eef2.15047719_feffd41740deaadec9a68dabc118.jpg\",\"width\":450,\"height\":450},{\"@type\":\"BreadcrumbList\",\"@id\":\"https:\\\/\\\/racom.com.pl\\\/index.php\\\/produkt\\\/cukierki-czekoladki-kawowe-z-chrupkami-czek-gorzka-50-74-mix-rioba-1kg\\\/#breadcrumb\",\"itemListElement\":[{\"@type\":\"ListItem\",\"position\":1,\"name\":\"Strona g\u0142\u00f3wna\",\"item\":\"https:\\\/\\\/racom.com.pl\\\/\"},{\"@type\":\"ListItem\",\"position\":2,\"name\":\"Sklep\",\"item\":\"https:\\\/\\\/racom.com.pl\\\/\"},{\"@type\":\"ListItem\",\"position\":3,\"name\":\"Cukierki CZEKOLADKI Kawowe z chrupkami Czek. Gorzka 50% 74% mix Rioba 1KG\"}]},{\"@type\":\"WebSite\",\"@id\":\"https:\\\/\\\/racom.com.pl\\\/#website\",\"url\":\"https:\\\/\\\/racom.com.pl\\\/\",\"name\":\"Mix Market - Supermarket z wszystkim co potrzeba do domu i nie tylko\",\"description\":\"\",\"publisher\":{\"@id\":\"https:\\\/\\\/racom.com.pl\\\/#organization\"},\"potentialAction\":[{\"@type\":\"SearchAction\",\"target\":{\"@type\":\"EntryPoint\",\"urlTemplate\":\"https:\\\/\\\/racom.com.pl\\\/?s={search_term_string}\"},\"query-input\":{\"@type\":\"PropertyValueSpecification\",\"valueRequired\":true,\"valueName\":\"search_term_string\"}}],\"inLanguage\":\"pl-PL\"},{\"@type\":\"Organization\",\"@id\":\"https:\\\/\\\/racom.com.pl\\\/#organization\",\"name\":\"Mix Market - Supermarket z wszystkim co potrzeba do domu i nie tylko\",\"url\":\"https:\\\/\\\/racom.com.pl\\\/\",\"logo\":{\"@type\":\"ImageObject\",\"inLanguage\":\"pl-PL\",\"@id\":\"https:\\\/\\\/racom.com.pl\\\/#\\\/schema\\\/logo\\\/image\\\/\",\"url\":\"https:\\\/\\\/racom.com.pl\\\/wp-content\\\/uploads\\\/2025\\\/07\\\/mixmarket_logo.png\",\"contentUrl\":\"https:\\\/\\\/racom.com.pl\\\/wp-content\\\/uploads\\\/2025\\\/07\\\/mixmarket_logo.png\",\"width\":1024,\"height\":1024,\"caption\":\"Mix Market - Supermarket z wszystkim co potrzeba do domu i nie tylko\"},\"image\":{\"@id\":\"https:\\\/\\\/racom.com.pl\\\/#\\\/schema\\\/logo\\\/image\\\/\"}}]}<\/script>\n<!-- \/ Yoast SEO plugin. -->","yoast_head_json":{"title":"Cukierki CZEKOLADKI Kawowe z chrupkami Czek. Gorzka 50% 74% mix Rioba 1KG - Mix Market - Supermarket z wszystkim co potrzeba","robots":{"index":"index","follow":"follow","max-snippet":"max-snippet:-1","max-image-preview":"max-image-preview:large","max-video-preview":"max-video-preview:-1"},"canonical":"https:\/\/racom.com.pl\/index.php\/produkt\/cukierki-czekoladki-kawowe-z-chrupkami-czek-gorzka-50-74-mix-rioba-1kg\/","og_locale":"pl_PL","og_type":"article","og_title":"Cukierki CZEKOLADKI Kawowe z chrupkami Czek. Gorzka 50% 74% mix Rioba 1KG - Mix Market - Supermarket z wszystkim co potrzeba","og_description":"Rioba Czekoladki mieszanka kawowa 1 kg Kawowa mieszanka Rioba \u2013 czekoladki na ka\u017cd\u0105 okazj\u0119 Mini czekoladki Rioba sprawdz\u0105 si\u0119 rewelacyjnie podczas wszelkich wydarze\u0144, gdzie przebywa spora liczba os\u00f3b. To smako\u0142yk idealny zar\u00f3wno dla kawoszy, jak i amator\u00f3w czekolady. Kawowa mieszanka czekoladowa Rioba b\u0119dzie doskona\u0142a jako pocz\u0119stunek na spotkaniach biznesowych, szkoleniach czy firmowych imprezach integracyjnych. Wykorzystaj [&hellip;]","og_url":"https:\/\/racom.com.pl\/index.php\/produkt\/cukierki-czekoladki-kawowe-z-chrupkami-czek-gorzka-50-74-mix-rioba-1kg\/","og_site_name":"Mix Market - Supermarket z wszystkim co potrzeba","og_image":[{"width":450,"height":450,"url":"https:\/\/racom.com.pl\/wp-content\/uploads\/2025\/07\/allegro_687aaf0ea2eef2.15047719_feffd41740deaadec9a68dabc118.jpg","type":"image\/jpeg"}],"twitter_card":"summary_large_image","twitter_misc":{"Szacowany czas czytania":"1 minuta"},"schema":{"@context":"https:\/\/schema.org","@graph":[{"@type":"WebPage","@id":"https:\/\/racom.com.pl\/index.php\/produkt\/cukierki-czekoladki-kawowe-z-chrupkami-czek-gorzka-50-74-mix-rioba-1kg\/","url":"https:\/\/racom.com.pl\/index.php\/produkt\/cukierki-czekoladki-kawowe-z-chrupkami-czek-gorzka-50-74-mix-rioba-1kg\/","name":"Cukierki CZEKOLADKI Kawowe z chrupkami Czek. Gorzka 50% 74% mix Rioba 1KG - Mix Market - Supermarket z wszystkim co potrzeba","isPartOf":{"@id":"https:\/\/racom.com.pl\/#website"},"primaryImageOfPage":{"@id":"https:\/\/racom.com.pl\/index.php\/produkt\/cukierki-czekoladki-kawowe-z-chrupkami-czek-gorzka-50-74-mix-rioba-1kg\/#primaryimage"},"image":{"@id":"https:\/\/racom.com.pl\/index.php\/produkt\/cukierki-czekoladki-kawowe-z-chrupkami-czek-gorzka-50-74-mix-rioba-1kg\/#primaryimage"},"thumbnailUrl":"https:\/\/racom.com.pl\/wp-content\/uploads\/2025\/07\/allegro_687aaf0ea2eef2.15047719_feffd41740deaadec9a68dabc118.jpg","datePublished":"2025-07-18T20:30:56+00:00","breadcrumb":{"@id":"https:\/\/racom.com.pl\/index.php\/produkt\/cukierki-czekoladki-kawowe-z-chrupkami-czek-gorzka-50-74-mix-rioba-1kg\/#breadcrumb"},"inLanguage":"pl-PL","potentialAction":[{"@type":"ReadAction","target":["https:\/\/racom.com.pl\/index.php\/produkt\/cukierki-czekoladki-kawowe-z-chrupkami-czek-gorzka-50-74-mix-rioba-1kg\/"]}]},{"@type":"ImageObject","inLanguage":"pl-PL","@id":"https:\/\/racom.com.pl\/index.php\/produkt\/cukierki-czekoladki-kawowe-z-chrupkami-czek-gorzka-50-74-mix-rioba-1kg\/#primaryimage","url":"https:\/\/racom.com.pl\/wp-content\/uploads\/2025\/07\/allegro_687aaf0ea2eef2.15047719_feffd41740deaadec9a68dabc118.jpg","contentUrl":"https:\/\/racom.com.pl\/wp-content\/uploads\/2025\/07\/allegro_687aaf0ea2eef2.15047719_feffd41740deaadec9a68dabc118.jpg","width":450,"height":450},{"@type":"BreadcrumbList","@id":"https:\/\/racom.com.pl\/index.php\/produkt\/cukierki-czekoladki-kawowe-z-chrupkami-czek-gorzka-50-74-mix-rioba-1kg\/#breadcrumb","itemListElement":[{"@type":"ListItem","position":1,"name":"Strona g\u0142\u00f3wna","item":"https:\/\/racom.com.pl\/"},{"@type":"ListItem","position":2,"name":"Sklep","item":"https:\/\/racom.com.pl\/"},{"@type":"ListItem","position":3,"name":"Cukierki CZEKOLADKI Kawowe z chrupkami Czek. Gorzka 50% 74% mix Rioba 1KG"}]},{"@type":"WebSite","@id":"https:\/\/racom.com.pl\/#website","url":"https:\/\/racom.com.pl\/","name":"Mix Market - Supermarket z wszystkim co potrzeba do domu i nie tylko","description":"","publisher":{"@id":"https:\/\/racom.com.pl\/#organization"},"potentialAction":[{"@type":"SearchAction","target":{"@type":"EntryPoint","urlTemplate":"https:\/\/racom.com.pl\/?s={search_term_string}"},"query-input":{"@type":"PropertyValueSpecification","valueRequired":true,"valueName":"search_term_string"}}],"inLanguage":"pl-PL"},{"@type":"Organization","@id":"https:\/\/racom.com.pl\/#organization","name":"Mix Market - Supermarket z wszystkim co potrzeba do domu i nie tylko","url":"https:\/\/racom.com.pl\/","logo":{"@type":"ImageObject","inLanguage":"pl-PL","@id":"https:\/\/racom.com.pl\/#\/schema\/logo\/image\/","url":"https:\/\/racom.com.pl\/wp-content\/uploads\/2025\/07\/mixmarket_logo.png","contentUrl":"https:\/\/racom.com.pl\/wp-content\/uploads\/2025\/07\/mixmarket_logo.png","width":1024,"height":1024,"caption":"Mix Market - Supermarket z wszystkim co potrzeba do domu i nie tylko"},"image":{"@id":"https:\/\/racom.com.pl\/#\/schema\/logo\/image\/"}}]}},"_links":{"self":[{"href":"https:\/\/racom.com.pl\/index.php\/wp-json\/wp\/v2\/product\/2263","targetHints":{"allow":["GET"]}}],"collection":[{"href":"https:\/\/racom.com.pl\/index.php\/wp-json\/wp\/v2\/product"}],"about":[{"href":"https:\/\/racom.com.pl\/index.php\/wp-json\/wp\/v2\/types\/product"}],"replies":[{"embeddable":true,"href":"https:\/\/racom.com.pl\/index.php\/wp-json\/wp\/v2\/comments?post=2263"}],"wp:featuredmedia":[{"embeddable":true,"href":"https:\/\/racom.com.pl\/index.php\/wp-json\/wp\/v2\/media\/2266"}],"wp:attachment":[{"href":"https:\/\/racom.com.pl\/index.php\/wp-json\/wp\/v2\/media?parent=2263"}],"wp:term":[{"taxonomy":"product_brand","embeddable":true,"href":"https:\/\/racom.com.pl\/index.php\/wp-json\/wp\/v2\/product_brand?post=2263"},{"taxonomy":"product_cat","embeddable":true,"href":"https:\/\/racom.com.pl\/index.php\/wp-json\/wp\/v2\/product_cat?post=2263"},{"taxonomy":"product_tag","embeddable":true,"href":"https:\/\/racom.com.pl\/index.php\/wp-json\/wp\/v2\/product_tag?post=2263"}],"curies":[{"name":"wp","href":"https:\/\/api.w.org\/{rel}","templated":true}]}}